{"id":688135,"date":"2024-04-10T19:18:01","date_gmt":"2024-04-10T17:18:01","guid":{"rendered":"https:\/\/justvape.nu\/produkt\/voopoo-argus-g2\/"},"modified":"2025-08-05T18:01:58","modified_gmt":"2025-08-05T16:01:58","slug":"voopoo-argus-g2","status":"publish","type":"product","link":"https:\/\/justvape.nu\/sv\/produkt\/voopoo-argus-g2\/","title":{"rendered":"VOOPOO &#8211; ARGUS G2"},"content":{"rendered":"<h2>VOOPOO &#8211; ARGUS G2<\/h2>\n<p>Argus G2 Kit har samma mjuka smak och konsistens som Argus G med uppgraderad prestanda och ny flexibel interaktion, och \u00e4r den uppgraderade versionen av Argus G. Den har 3 gr\u00e4nssnittsalternativ och presenterar 3 animationer, inklusive l\u00e5gor, flygande tefat och f\u00e4rgglada koppar, med 3 effektjusteringsl\u00e4gen (Smart, Super och ECO). Argus G2 Kit levereras med en helt uppgraderad ny patron, Argus Top Fill Cartridge som har en kapacitet p\u00e5 2 ml, 30 dagars l\u00e4ckagefri livsl\u00e4ngd och 90 ml coillivsl\u00e4ngd. Dessutom \u00e4r den ocks\u00e5 kompatibel med Argus Pod Family-enheter (sidofyll Argus Pod 1.2ohm\/0.7ohm). VOOPOO Argus G2 \u00e4r designad med iCOSM CODE och ger dig en m\u00e5ngsidig vapingupplevelse fr\u00e5n MTL till RDL. Med ett inbyggt 1000mAh-batteri kan den ge l\u00e5ngvarig str\u00f6mf\u00f6rs\u00f6rjning f\u00f6r upp till 30W.<\/p>\n<p><a href=\"https:\/\/justvape.nu\/wp-content\/uploads\/2018\/05\/Color-Schemes.png\"><img loading=\"lazy\" decoding=\"async\" class=\"alignnone size-full wp-image-19187\" src=\"https:\/\/justvape.nu\/wp-content\/uploads\/2018\/05\/Color-Schemes.png\" alt=\"\" width=\"950\" height=\"64\" title=\"\" srcset=\"https:\/\/justvape.nu\/wp-content\/uploads\/2018\/05\/Color-Schemes.png 950w, https:\/\/justvape.nu\/wp-content\/uploads\/2018\/05\/Color-Schemes-555x37.png 555w, https:\/\/justvape.nu\/wp-content\/uploads\/2018\/05\/Color-Schemes-64x4.png 64w, https:\/\/justvape.nu\/wp-content\/uploads\/2018\/05\/Color-Schemes-300x20.png 300w, https:\/\/justvape.nu\/wp-content\/uploads\/2018\/05\/Color-Schemes-768x52.png 768w\" sizes=\"auto, (max-width: 950px) 100vw, 950px\" \/><\/a><\/p>\n<p><a href=\"https:\/\/justvape.nu\/wp-content\/uploads\/2024\/04\/VOOPOO_Argus_G2_Kit_Colors.jpg\"><img loading=\"lazy\" decoding=\"async\" class=\"alignnone wp-image-687939\" src=\"https:\/\/justvape.nu\/wp-content\/uploads\/2024\/04\/VOOPOO_Argus_G2_Kit_Colors.jpg\" alt=\"\" width=\"939\" height=\"458\" title=\"\" srcset=\"https:\/\/justvape.nu\/wp-content\/uploads\/2024\/04\/VOOPOO_Argus_G2_Kit_Colors.jpg 800w, https:\/\/justvape.nu\/wp-content\/uploads\/2024\/04\/VOOPOO_Argus_G2_Kit_Colors-600x293.jpg 600w, https:\/\/justvape.nu\/wp-content\/uploads\/2024\/04\/VOOPOO_Argus_G2_Kit_Colors-64x31.jpg 64w, https:\/\/justvape.nu\/wp-content\/uploads\/2024\/04\/VOOPOO_Argus_G2_Kit_Colors-300x146.jpg 300w, https:\/\/justvape.nu\/wp-content\/uploads\/2024\/04\/VOOPOO_Argus_G2_Kit_Colors-768x374.jpg 768w\" sizes=\"auto, (max-width: 939px) 100vw, 939px\" \/><\/a><\/p>\n<p class=\"description-img-center\">\n<div class=\"shop-features \">\n<h2 class=\"shop-features-title \"><a href=\"https:\/\/justvape.nu\/wp-content\/uploads\/2021\/06\/Specifications1.png\"><img loading=\"lazy\" decoding=\"async\" class=\"alignnone size-full wp-image-390997\" src=\"https:\/\/justvape.nu\/wp-content\/uploads\/2021\/06\/Specifications1.png\" alt=\"\" width=\"950\" height=\"64\" title=\"\" srcset=\"https:\/\/justvape.nu\/wp-content\/uploads\/2021\/06\/Specifications1.png 950w, https:\/\/justvape.nu\/wp-content\/uploads\/2021\/06\/Specifications1-600x40.png 600w, https:\/\/justvape.nu\/wp-content\/uploads\/2021\/06\/Specifications1-64x4.png 64w, https:\/\/justvape.nu\/wp-content\/uploads\/2021\/06\/Specifications1-300x20.png 300w, https:\/\/justvape.nu\/wp-content\/uploads\/2021\/06\/Specifications1-768x52.png 768w\" sizes=\"auto, (max-width: 950px) 100vw, 950px\" \/><\/a><\/h2>\n<\/div>\n<table class=\"description-table\">\n<tbody>\n<tr>\n<td class=\"strong-title \">varum\u00e4rke<\/td>\n<td class=\"inline\">VOOPOO<\/td>\n<\/tr>\n<tr>\n<td class=\"strong-title \">produktnamn<\/td>\n<td class=\"inline\">Argus G2-sats<\/td>\n<\/tr>\n<tr>\n<td class=\"strong-title \">Storlek<\/td>\n<td class=\"inline\">121*26,4*15,2 mm<\/td>\n<\/tr>\n<tr>\n<td class=\"strong-title \">Kapacitet<\/td>\n<td class=\"inline\">2 ml<\/td>\n<\/tr>\n<tr>\n<td class=\"strong-title \">Material<\/td>\n<td class=\"inline\">Zinklegering + PC<\/td>\n<\/tr>\n<tr>\n<td class=\"strong-title \">Effektomr\u00e5de<\/td>\n<td class=\"inline\">\u226430W<\/td>\n<\/tr>\n<tr>\n<td class=\"strong-title \">Batterikapacitet<\/td>\n<td class=\"inline\">1000mAh<\/td>\n<\/tr>\n<tr>\n<td class=\"strong-title \">Fyllningstyp<\/td>\n<td class=\"inline\">Toppfyllning<\/td>\n<\/tr>\n<tr>\n<td class=\"strong-title \">Patron ing\u00e5r<\/td>\n<td class=\"inline\">Argus Top Fill Cartridge 0.4ohm 2ml, Argus Top Fill Cartridge 0.7ohm 2ml<\/td>\n<\/tr>\n<tr>\n<td class=\"strong-title \">F\u00f6rpackningsstorlek<\/td>\n<td class=\"inline\">132*58*37mm (1 st)<\/td>\n<\/tr>\n<tr>\n<td class=\"strong-title \"><\/td>\n<td class=\"inline\"><\/td>\n<\/tr>\n<tr>\n<td class=\"strong-title \">F\u00e4rg<\/td>\n<td class=\"inline\">Spray Black, Space Gray, Astral Silver, Pearl White, Aurora Purple, Glow Pink, Peachy Beige, Iris Blue<\/td>\n<\/tr>\n<\/tbody>\n<\/table>\n<div class=\"shop-features \">\n<h2 class=\"shop-features-title \"><a href=\"https:\/\/justvape.nu\/wp-content\/uploads\/2018\/05\/Features.png\"><img loading=\"lazy\" decoding=\"async\" class=\"alignnone size-full wp-image-248459\" src=\"https:\/\/justvape.nu\/wp-content\/uploads\/2018\/05\/Features.png\" alt=\"\" width=\"950\" height=\"64\" title=\"\" srcset=\"https:\/\/justvape.nu\/wp-content\/uploads\/2018\/05\/Features.png 950w, https:\/\/justvape.nu\/wp-content\/uploads\/2018\/05\/Features-600x40.png 600w, https:\/\/justvape.nu\/wp-content\/uploads\/2018\/05\/Features-64x4.png 64w, https:\/\/justvape.nu\/wp-content\/uploads\/2018\/05\/Features-300x20.png 300w, https:\/\/justvape.nu\/wp-content\/uploads\/2018\/05\/Features-768x52.png 768w\" sizes=\"auto, (max-width: 950px) 100vw, 950px\" \/><\/a><\/h2>\n<\/div>\n<ul>\n<li style=\"list-style-type: none;\">\n<ul>\n<li>1. 0,96-tums f\u00e4rgsk\u00e4rm<\/li>\n<li>2. Max 30W uteffekt<\/li>\n<li>3. 2 ml patron med toppfyllning<\/li>\n<li>4. Sensorisk interaktion, smidig styrning<\/li>\n<li>5. Tre l\u00e4gen f\u00f6r effektjustering: Smart, Super och ECO<\/li>\n<li>6. Tv\u00e5 RGB LED-lampor<\/li>\n<li>7. Kompatibel med enheter i Argus Pod-familjen<\/li>\n<li>8. Med iCOSM CODE f\u00f6r att skapa m\u00e5ngsidig vaping fr\u00e5n MTL till RDL<\/li>\n<li>9. S\u00e4kerhetsskydd: 5S Skydd mot \u00f6vertid\/kortslutning\/\u00f6verladdning\/utmatningsstr\u00f6m\/l\u00e5gt batteri\/\u00f6vertemperatur\/maxeffekt<\/li>\n<\/ul>\n<\/li>\n<\/ul>\n<div class=\"img-show-more\">\n<div id=\"img_content_less\" class=\"img-content add-more\">\n<p class=\"description-img-center\"><a href=\"https:\/\/justvape.nu\/wp-content\/uploads\/2024\/04\/VOOPOO_Argus_G2_Kit_Safety_Protection.jpg\"><img loading=\"lazy\" decoding=\"async\" class=\"alignnone size-full wp-image-687947\" src=\"https:\/\/justvape.nu\/wp-content\/uploads\/2024\/04\/VOOPOO_Argus_G2_Kit_Safety_Protection.jpg\" alt=\"\" width=\"831\" height=\"391\" title=\"\" srcset=\"https:\/\/justvape.nu\/wp-content\/uploads\/2024\/04\/VOOPOO_Argus_G2_Kit_Safety_Protection.jpg 831w, https:\/\/justvape.nu\/wp-content\/uploads\/2024\/04\/VOOPOO_Argus_G2_Kit_Safety_Protection-600x282.jpg 600w, https:\/\/justvape.nu\/wp-content\/uploads\/2024\/04\/VOOPOO_Argus_G2_Kit_Safety_Protection-64x30.jpg 64w, https:\/\/justvape.nu\/wp-content\/uploads\/2024\/04\/VOOPOO_Argus_G2_Kit_Safety_Protection-300x141.jpg 300w, https:\/\/justvape.nu\/wp-content\/uploads\/2024\/04\/VOOPOO_Argus_G2_Kit_Safety_Protection-768x361.jpg 768w\" sizes=\"auto, (max-width: 831px) 100vw, 831px\" \/><\/a><\/p>\n<p>&nbsp;<\/p>\n<p><a href=\"https:\/\/justvape.nu\/wp-content\/uploads\/2018\/05\/Packing-List.png\"><img loading=\"lazy\" decoding=\"async\" class=\"alignnone size-full wp-image-18995\" src=\"https:\/\/justvape.nu\/wp-content\/uploads\/2018\/05\/Packing-List.png\" alt=\"\" width=\"950\" height=\"64\" title=\"\" srcset=\"https:\/\/justvape.nu\/wp-content\/uploads\/2018\/05\/Packing-List.png 950w, https:\/\/justvape.nu\/wp-content\/uploads\/2018\/05\/Packing-List-555x37.png 555w, https:\/\/justvape.nu\/wp-content\/uploads\/2018\/05\/Packing-List-64x4.png 64w, https:\/\/justvape.nu\/wp-content\/uploads\/2018\/05\/Packing-List-300x20.png 300w, https:\/\/justvape.nu\/wp-content\/uploads\/2018\/05\/Packing-List-768x52.png 768w\" sizes=\"auto, (max-width: 950px) 100vw, 950px\" \/><\/a><\/p>\n<\/div>\n<\/div>\n<p>1* Argus G2-enhet<br \/>\n1* Argus toppfylld patron 0,4ohm (2ml)<br \/>\n1* Argus toppfylld patron 0,7ohm (2ml)<br \/>\n1 * Type-C-kabel<br \/>\n1 * Anv\u00e4ndarmanual<br \/>\n1 * Nyckelband<\/p>\n","protected":false},"excerpt":{"rendered":"<p>VOOPOO &#8211; ARGUS G2<\/p>\n","protected":false},"featured_media":687968,"comment_status":"open","ping_status":"closed","template":"","meta":{"_acf_changed":false,"_uag_custom_page_level_css":"","site-sidebar-layout":"default","site-content-layout":"","ast-site-content-layout":"default","site-content-style":"default","site-sidebar-style":"default","ast-global-header-display":"","ast-banner-title-visibility":"","ast-main-header-display":"","ast-hfb-above-header-display":"","ast-hfb-below-header-display":"","ast-hfb-mobile-header-display":"","site-post-title":"","ast-breadcrumbs-content":"","ast-featured-img":"","footer-sml-layout":"","ast-disable-related-posts":"","theme-transparent-header-meta":"default","adv-header-id-meta":"","stick-header-meta":"default","header-above-stick-meta":"","header-main-stick-meta":"","header-below-stick-meta":"","astra-migrate-meta-layouts":"default","ast-page-background-enabled":"default","ast-page-background-meta":{"desktop":{"background-color":"","background-image":"","background-repeat":"repeat","background-position":"center center","background-size":"auto","background-attachment":"scroll","background-type":"","background-media":"","overlay-type":"","overlay-color":"","overlay-opacity":"","overlay-gradient":""},"tablet":{"background-color":"","background-image":"","background-repeat":"repeat","background-position":"center center","background-size":"auto","background-attachment":"scroll","background-type":"","background-media":"","overlay-type":"","overlay-color":"","overlay-opacity":"","overlay-gradient":""},"mobile":{"background-color":"","background-image":"","background-repeat":"repeat","background-position":"center center","background-size":"auto","background-attachment":"scroll","background-type":"","background-media":"","overlay-type":"","overlay-color":"","overlay-opacity":"","overlay-gradient":""}},"ast-content-background-meta":{"desktop":{"background-color":"var(--ast-global-color-5)","background-image":"","background-repeat":"repeat","background-position":"center center","background-size":"auto","background-attachment":"scroll","background-type":"","background-media":"","overlay-type":"","overlay-color":"","overlay-opacity":"","overlay-gradient":""},"tablet":{"background-color":"var(--ast-global-color-5)","background-image":"","background-repeat":"repeat","background-position":"center center","background-size":"auto","background-attachment":"scroll","background-type":"","background-media":"","overlay-type":"","overlay-color":"","overlay-opacity":"","overlay-gradient":""},"mobile":{"background-color":"var(--ast-global-color-5)","background-image":"","background-repeat":"repeat","background-position":"center center","background-size":"auto","background-attachment":"scroll","background-type":"","background-media":"","overlay-type":"","overlay-color":"","overlay-opacity":"","overlay-gradient":""}}},"product_brand":[],"product_cat":[2074,2532,2084,1903,2533,2534],"product_tag":[],"class_list":{"0":"post-688135","1":"product","2":"type-product","3":"status-publish","4":"has-post-thumbnail","6":"product_cat-e-cigaretter-sv","7":"product_cat-hardware-sv","8":"product_cat-nyborjarsatser-pods","9":"product_cat-new-products-sv","10":"product_cat-shop-by-brand-sv","11":"product_cat-voopoo-sv","12":"desktop-align-center","13":"tablet-align-center","14":"mobile-align-center","15":"ast-product-gallery-layout-horizontal-slider","16":"ast-product-single-variable","17":"ast-product-tabs-layout-horizontal","19":"first","20":"instock","21":"sale","22":"taxable","23":"shipping-taxable","24":"purchasable","25":"product-type-variable"},"acf":[],"uagb_featured_image_src":{"full":["https:\/\/justvape.nu\/wp-content\/uploads\/2024\/04\/z2R4ZQ_p.jpeg",600,600,false],"thumbnail":["https:\/\/justvape.nu\/wp-content\/uploads\/2024\/04\/z2R4ZQ_p-150x150.jpeg",150,150,true],"medium":["https:\/\/justvape.nu\/wp-content\/uploads\/2024\/04\/z2R4ZQ_p-300x300.jpeg",300,300,true],"medium_large":["https:\/\/justvape.nu\/wp-content\/uploads\/2024\/04\/z2R4ZQ_p.jpeg",600,600,false],"large":["https:\/\/justvape.nu\/wp-content\/uploads\/2024\/04\/z2R4ZQ_p.jpeg",600,600,false],"1536x1536":["https:\/\/justvape.nu\/wp-content\/uploads\/2024\/04\/z2R4ZQ_p.jpeg",600,600,false],"2048x2048":["https:\/\/justvape.nu\/wp-content\/uploads\/2024\/04\/z2R4ZQ_p.jpeg",600,600,false],"woocommerce_thumbnail":["https:\/\/justvape.nu\/wp-content\/uploads\/2024\/04\/z2R4ZQ_p-300x300.jpeg",300,300,true],"woocommerce_single":["https:\/\/justvape.nu\/wp-content\/uploads\/2024\/04\/z2R4ZQ_p.jpeg",600,600,false],"woocommerce_gallery_thumbnail":["https:\/\/justvape.nu\/wp-content\/uploads\/2024\/04\/z2R4ZQ_p-100x100.jpeg",100,100,true],"dgwt-wcas-product-suggestion":["https:\/\/justvape.nu\/wp-content\/uploads\/2024\/04\/z2R4ZQ_p-64x64.jpeg",64,64,true]},"uagb_author_info":{"display_name":"Kenneth Merkur","author_link":"https:\/\/justvape.nu\/sv\/author\/"},"uagb_comment_info":0,"uagb_excerpt":"VOOPOO - ARGUS G2","_links":{"self":[{"href":"https:\/\/justvape.nu\/sv\/wp-json\/wp\/v2\/product\/688135","targetHints":{"allow":["GET"]}}],"collection":[{"href":"https:\/\/justvape.nu\/sv\/wp-json\/wp\/v2\/product"}],"about":[{"href":"https:\/\/justvape.nu\/sv\/wp-json\/wp\/v2\/types\/product"}],"replies":[{"embeddable":true,"href":"https:\/\/justvape.nu\/sv\/wp-json\/wp\/v2\/comments?post=688135"}],"wp:featuredmedia":[{"embeddable":true,"href":"https:\/\/justvape.nu\/sv\/wp-json\/wp\/v2\/media\/687968"}],"wp:attachment":[{"href":"https:\/\/justvape.nu\/sv\/wp-json\/wp\/v2\/media?parent=688135"}],"wp:term":[{"taxonomy":"product_brand","embeddable":true,"href":"https:\/\/justvape.nu\/sv\/wp-json\/wp\/v2\/product_brand?post=688135"},{"taxonomy":"product_cat","embeddable":true,"href":"https:\/\/justvape.nu\/sv\/wp-json\/wp\/v2\/product_cat?post=688135"},{"taxonomy":"product_tag","embeddable":true,"href":"https:\/\/justvape.nu\/sv\/wp-json\/wp\/v2\/product_tag?post=688135"}],"curies":[{"name":"wp","href":"https:\/\/api.w.org\/{rel}","templated":true}]}}