{"id":677616,"date":"2024-03-15T08:31:03","date_gmt":"2024-03-15T07:31:03","guid":{"rendered":"https:\/\/justvape.nu\/?post_type=product&#038;p=677616"},"modified":"2024-08-01T16:59:06","modified_gmt":"2024-08-01T14:59:06","slug":"justfog-q16-pro-ersattnings-pyrex-komplett-glas-copy","status":"publish","type":"product","link":"https:\/\/justvape.nu\/sv\/produkt\/justfog-q16-pro-ersattnings-pyrex-komplett-glas-copy\/","title":{"rendered":"JUSTFOG Q16 Replacement Pyrex Glass"},"content":{"rendered":"<h2>JUSTFOG Q16 Replacement Pyrex Glass<\/h2>\n<div class=\"short-description\">\n<p>Det \u00e4r ett ers\u00e4ttande Pyrex-glasr\u00f6r f\u00f6r JUSTFOG Q16 Starter Kit. Du kan byta ut gammalt eller trasigt r\u00f6r med det. F\u00e5 det som reservdel.<\/p>\n<\/div>\n<div class=\"product-detail-block\">\n<div class=\"std\"><strong>F\u00f6rpackningsdetaljer:<\/strong><br \/>\n1pc &#8211; JUSTFOG Q16 Replacement Pyrex Glass<\/div>\n<div class=\"std\"><strong>Tips:<\/strong><br \/>\n&#8211; Det \u00e4r f\u00f6r JUSTFOG Q16 startpaket.<\/div>\n<\/div>\n","protected":false},"excerpt":{"rendered":"<p>JUSTFOG Q16 Replacement Pyrex Glass<\/p>\n","protected":false},"featured_media":677624,"comment_status":"open","ping_status":"closed","template":"","meta":{"_acf_changed":false,"_uag_custom_page_level_css":"","site-sidebar-layout":"default","site-content-layout":"default","ast-site-content-layout":"default","site-content-style":"default","site-sidebar-style":"default","ast-global-header-display":"","ast-banner-title-visibility":"","ast-main-header-display":"","ast-hfb-above-header-display":"","ast-hfb-below-header-display":"","ast-hfb-mobile-header-display":"","site-post-title":"","ast-breadcrumbs-content":"","ast-featured-img":"","footer-sml-layout":"","ast-disable-related-posts":"","theme-transparent-header-meta":"default","adv-header-id-meta":"","stick-header-meta":"default","header-above-stick-meta":"","header-main-stick-meta":"","header-below-stick-meta":"","astra-migrate-meta-layouts":"default","ast-page-background-enabled":"default","ast-page-background-meta":{"desktop":{"background-color":"","background-image":"","background-repeat":"repeat","background-position":"center center","background-size":"auto","background-attachment":"scroll","background-type":"","background-media":"","overlay-type":"","overlay-color":"","overlay-opacity":"","overlay-gradient":""},"tablet":{"background-color":"","background-image":"","background-repeat":"repeat","background-position":"center center","background-size":"auto","background-attachment":"scroll","background-type":"","background-media":"","overlay-type":"","overlay-color":"","overlay-opacity":"","overlay-gradient":""},"mobile":{"background-color":"","background-image":"","background-repeat":"repeat","background-position":"center center","background-size":"auto","background-attachment":"scroll","background-type":"","background-media":"","overlay-type":"","overlay-color":"","overlay-opacity":"","overlay-gradient":""}},"ast-content-background-meta":{"desktop":{"background-color":"var(--ast-global-color-5)","background-image":"","background-repeat":"repeat","background-position":"center center","background-size":"auto","background-attachment":"scroll","background-type":"","background-media":"","overlay-type":"","overlay-color":"","overlay-opacity":"","overlay-gradient":""},"tablet":{"background-color":"var(--ast-global-color-5)","background-image":"","background-repeat":"repeat","background-position":"center center","background-size":"auto","background-attachment":"scroll","background-type":"","background-media":"","overlay-type":"","overlay-color":"","overlay-opacity":"","overlay-gradient":""},"mobile":{"background-color":"var(--ast-global-color-5)","background-image":"","background-repeat":"repeat","background-position":"center center","background-size":"auto","background-attachment":"scroll","background-type":"","background-media":"","overlay-type":"","overlay-color":"","overlay-opacity":"","overlay-gradient":""}}},"product_brand":[],"product_cat":[2024,1984],"product_tag":[],"class_list":{"0":"post-677616","1":"product","2":"type-product","3":"status-publish","4":"has-post-thumbnail","6":"product_cat-glas-adaptrar","7":"product_cat-tankar-spolar","8":"desktop-align-center","9":"tablet-align-center","10":"mobile-align-center","11":"ast-product-gallery-layout-horizontal-slider","12":"ast-product-gallery-with-no-image","13":"ast-product-tabs-layout-horizontal","15":"first","16":"instock","17":"sale","18":"taxable","19":"shipping-taxable","20":"purchasable","21":"product-type-simple"},"acf":[],"uagb_featured_image_src":{"full":["https:\/\/justvape.nu\/wp-content\/uploads\/2024\/03\/tank-pyrex-q16-justfog.webp",800,800,false],"thumbnail":["https:\/\/justvape.nu\/wp-content\/uploads\/2024\/03\/tank-pyrex-q16-justfog-150x150.webp",150,150,true],"medium":["https:\/\/justvape.nu\/wp-content\/uploads\/2024\/03\/tank-pyrex-q16-justfog-300x300.webp",300,300,true],"medium_large":["https:\/\/justvape.nu\/wp-content\/uploads\/2024\/03\/tank-pyrex-q16-justfog-768x768.webp",768,768,true],"large":["https:\/\/justvape.nu\/wp-content\/uploads\/2024\/03\/tank-pyrex-q16-justfog.webp",800,800,false],"1536x1536":["https:\/\/justvape.nu\/wp-content\/uploads\/2024\/03\/tank-pyrex-q16-justfog.webp",800,800,false],"2048x2048":["https:\/\/justvape.nu\/wp-content\/uploads\/2024\/03\/tank-pyrex-q16-justfog.webp",800,800,false],"woocommerce_thumbnail":["https:\/\/justvape.nu\/wp-content\/uploads\/2024\/03\/tank-pyrex-q16-justfog-300x300.webp",300,300,true],"woocommerce_single":["https:\/\/justvape.nu\/wp-content\/uploads\/2024\/03\/tank-pyrex-q16-justfog-600x600.webp",600,600,true],"woocommerce_gallery_thumbnail":["https:\/\/justvape.nu\/wp-content\/uploads\/2024\/03\/tank-pyrex-q16-justfog-100x100.webp",100,100,true],"dgwt-wcas-product-suggestion":["https:\/\/justvape.nu\/wp-content\/uploads\/2024\/03\/tank-pyrex-q16-justfog-64x64.webp",64,64,true]},"uagb_author_info":{"display_name":"JustVape.nu","author_link":"https:\/\/justvape.nu\/sv\/author\/"},"uagb_comment_info":0,"uagb_excerpt":"JUSTFOG Q16 Replacement Pyrex Glass","_links":{"self":[{"href":"https:\/\/justvape.nu\/sv\/wp-json\/wp\/v2\/product\/677616","targetHints":{"allow":["GET"]}}],"collection":[{"href":"https:\/\/justvape.nu\/sv\/wp-json\/wp\/v2\/product"}],"about":[{"href":"https:\/\/justvape.nu\/sv\/wp-json\/wp\/v2\/types\/product"}],"replies":[{"embeddable":true,"href":"https:\/\/justvape.nu\/sv\/wp-json\/wp\/v2\/comments?post=677616"}],"wp:featuredmedia":[{"embeddable":true,"href":"https:\/\/justvape.nu\/sv\/wp-json\/wp\/v2\/media\/677624"}],"wp:attachment":[{"href":"https:\/\/justvape.nu\/sv\/wp-json\/wp\/v2\/media?parent=677616"}],"wp:term":[{"taxonomy":"product_brand","embeddable":true,"href":"https:\/\/justvape.nu\/sv\/wp-json\/wp\/v2\/product_brand?post=677616"},{"taxonomy":"product_cat","embeddable":true,"href":"https:\/\/justvape.nu\/sv\/wp-json\/wp\/v2\/product_cat?post=677616"},{"taxonomy":"product_tag","embeddable":true,"href":"https:\/\/justvape.nu\/sv\/wp-json\/wp\/v2\/product_tag?post=677616"}],"curies":[{"name":"wp","href":"https:\/\/api.w.org\/{rel}","templated":true}]}}