{"id":673455,"date":"2024-02-16T11:30:35","date_gmt":"2024-02-16T10:30:35","guid":{"rendered":"https:\/\/justvape.nu\/produkt\/innokin-kroma-nova-kit\/"},"modified":"2025-07-08T16:53:12","modified_gmt":"2025-07-08T14:53:12","slug":"innokin-kroma-nova-kit","status":"publish","type":"product","link":"https:\/\/justvape.nu\/sv\/produkt\/innokin-kroma-nova-kit\/","title":{"rendered":"INNOKIN &#8211; KROMA NOVA KIT"},"content":{"rendered":"<h2>INNOKIN &#8211; KROMA NOVA KIT<\/h2>\n<p>Innokin Kroma Nova ger en intensiv smakupplevelse och l\u00e5ng livsl\u00e4ngd med ett stort inbyggt 3000 mAh-batteri, justerbar effekt upp till 60 W och tekniskt avancerade plug-and-play PZP-coils som passar en blandning av MTL (mouth-to-lung) och RDL (restricted-direct-lung) vaping-stilar.<\/p>\n<p>Kroma Nova har en kristallklar OLED-display, intuitivt anv\u00e4ndargr\u00e4nssnitt, flera justerbara inst\u00e4llningar och \u00e4r knappaktiverad.<br \/>\nKomplett med en l\u00e4ttglidande toppfylld Kroma Nova-pod och 0,4\u03a9 och 1,0\u03a9 push-fit Innokin PZP coils, tillsammans med b\u00e5de en t\u00e4tt dragande MTL droppspets och l\u00f6sare RDL droppspets; Kroma Nova ger dig m\u00f6jlighet att helt anpassa enheten till hur du gillar den.<\/p>\n<p><a href=\"https:\/\/justvape.nu\/wp-content\/uploads\/2018\/05\/Color-Schemes.png\"><img loading=\"lazy\" decoding=\"async\" class=\"alignnone size-full wp-image-19187\" src=\"https:\/\/justvape.nu\/wp-content\/uploads\/2018\/05\/Color-Schemes.png\" alt=\"\" width=\"950\" height=\"64\" title=\"\" srcset=\"https:\/\/justvape.nu\/wp-content\/uploads\/2018\/05\/Color-Schemes.png 950w, https:\/\/justvape.nu\/wp-content\/uploads\/2018\/05\/Color-Schemes-555x37.png 555w, https:\/\/justvape.nu\/wp-content\/uploads\/2018\/05\/Color-Schemes-64x4.png 64w, https:\/\/justvape.nu\/wp-content\/uploads\/2018\/05\/Color-Schemes-300x20.png 300w, https:\/\/justvape.nu\/wp-content\/uploads\/2018\/05\/Color-Schemes-768x52.png 768w\" sizes=\"auto, (max-width: 950px) 100vw, 950px\" \/><\/a><\/p>\n<p><a href=\"https:\/\/justvape.nu\/wp-content\/uploads\/2024\/02\/colors.jpg\"><img loading=\"lazy\" decoding=\"async\" class=\"alignnone wp-image-673267\" src=\"https:\/\/justvape.nu\/wp-content\/uploads\/2024\/02\/colors.jpg\" alt=\"\" width=\"940\" height=\"940\" title=\"\" srcset=\"https:\/\/justvape.nu\/wp-content\/uploads\/2024\/02\/colors.jpg 600w, https:\/\/justvape.nu\/wp-content\/uploads\/2024\/02\/colors-300x300.jpg 300w, https:\/\/justvape.nu\/wp-content\/uploads\/2024\/02\/colors-100x100.jpg 100w, https:\/\/justvape.nu\/wp-content\/uploads\/2024\/02\/colors-64x64.jpg 64w, https:\/\/justvape.nu\/wp-content\/uploads\/2024\/02\/colors-150x150.jpg 150w\" sizes=\"auto, (max-width: 940px) 100vw, 940px\" \/><\/a><\/p>\n<p><a href=\"https:\/\/justvape.nu\/wp-content\/uploads\/2018\/05\/Features.png\"><img loading=\"lazy\" decoding=\"async\" class=\"alignnone size-full wp-image-18994\" src=\"https:\/\/justvape.nu\/wp-content\/uploads\/2018\/05\/Features.png\" alt=\"\" width=\"950\" height=\"64\" title=\"\" srcset=\"https:\/\/justvape.nu\/wp-content\/uploads\/2018\/05\/Features.png 950w, https:\/\/justvape.nu\/wp-content\/uploads\/2018\/05\/Features-555x37.png 555w, https:\/\/justvape.nu\/wp-content\/uploads\/2018\/05\/Features-64x4.png 64w, https:\/\/justvape.nu\/wp-content\/uploads\/2018\/05\/Features-300x20.png 300w, https:\/\/justvape.nu\/wp-content\/uploads\/2018\/05\/Features-768x52.png 768w\" sizes=\"auto, (max-width: 950px) 100vw, 950px\" \/><\/a><\/p>\n<ul>\n<li>PZP-spole f\u00f6r snabba byten<\/li>\n<li>Massivt 3000 mAh-batteri integrerat<\/li>\n<li>6-60 watt justering<\/li>\n<li>Nytt uppgraderat gr\u00e4nssnitt<\/li>\n<li>Exakt justering av luftfl\u00f6det<\/li>\n<li>Bekv\u00e4m skjutbar toppfyllning<\/li>\n<\/ul>\n<p><a href=\"https:\/\/justvape.nu\/wp-content\/uploads\/2024\/02\/1-innokin-kroma-nova-pod-vape-kit-desktop.webp\"><img loading=\"lazy\" decoding=\"async\" class=\"alignnone size-full wp-image-673211\" src=\"https:\/\/justvape.nu\/wp-content\/uploads\/2024\/02\/1-innokin-kroma-nova-pod-vape-kit-desktop.webp\" alt=\"\" width=\"1400\" height=\"729\" title=\"\" srcset=\"https:\/\/justvape.nu\/wp-content\/uploads\/2024\/02\/1-innokin-kroma-nova-pod-vape-kit-desktop.webp 1400w, https:\/\/justvape.nu\/wp-content\/uploads\/2024\/02\/1-innokin-kroma-nova-pod-vape-kit-desktop-600x312.webp 600w, https:\/\/justvape.nu\/wp-content\/uploads\/2024\/02\/1-innokin-kroma-nova-pod-vape-kit-desktop-64x33.webp 64w, https:\/\/justvape.nu\/wp-content\/uploads\/2024\/02\/1-innokin-kroma-nova-pod-vape-kit-desktop-300x156.webp 300w, https:\/\/justvape.nu\/wp-content\/uploads\/2024\/02\/1-innokin-kroma-nova-pod-vape-kit-desktop-1024x533.webp 1024w, https:\/\/justvape.nu\/wp-content\/uploads\/2024\/02\/1-innokin-kroma-nova-pod-vape-kit-desktop-768x400.webp 768w\" sizes=\"auto, (max-width: 1400px) 100vw, 1400px\" \/><\/a> <a href=\"https:\/\/justvape.nu\/wp-content\/uploads\/2024\/02\/2-innokin-kroma-nova-pod-vape-kit-desktop.webp\"><img loading=\"lazy\" decoding=\"async\" class=\"alignnone size-full wp-image-673219\" src=\"https:\/\/justvape.nu\/wp-content\/uploads\/2024\/02\/2-innokin-kroma-nova-pod-vape-kit-desktop.webp\" alt=\"\" width=\"1400\" height=\"431\" title=\"\" srcset=\"https:\/\/justvape.nu\/wp-content\/uploads\/2024\/02\/2-innokin-kroma-nova-pod-vape-kit-desktop.webp 1400w, https:\/\/justvape.nu\/wp-content\/uploads\/2024\/02\/2-innokin-kroma-nova-pod-vape-kit-desktop-600x185.webp 600w, https:\/\/justvape.nu\/wp-content\/uploads\/2024\/02\/2-innokin-kroma-nova-pod-vape-kit-desktop-64x20.webp 64w, https:\/\/justvape.nu\/wp-content\/uploads\/2024\/02\/2-innokin-kroma-nova-pod-vape-kit-desktop-300x92.webp 300w, https:\/\/justvape.nu\/wp-content\/uploads\/2024\/02\/2-innokin-kroma-nova-pod-vape-kit-desktop-1024x315.webp 1024w, https:\/\/justvape.nu\/wp-content\/uploads\/2024\/02\/2-innokin-kroma-nova-pod-vape-kit-desktop-768x236.webp 768w\" sizes=\"auto, (max-width: 1400px) 100vw, 1400px\" \/><\/a> <a href=\"https:\/\/justvape.nu\/wp-content\/uploads\/2024\/02\/4-innokin-kroma-nova-pod-vape-kit-desktop.webp\"><img loading=\"lazy\" decoding=\"async\" class=\"alignnone size-full wp-image-673227\" src=\"https:\/\/justvape.nu\/wp-content\/uploads\/2024\/02\/4-innokin-kroma-nova-pod-vape-kit-desktop.webp\" alt=\"\" width=\"1400\" height=\"618\" title=\"\" srcset=\"https:\/\/justvape.nu\/wp-content\/uploads\/2024\/02\/4-innokin-kroma-nova-pod-vape-kit-desktop.webp 1400w, https:\/\/justvape.nu\/wp-content\/uploads\/2024\/02\/4-innokin-kroma-nova-pod-vape-kit-desktop-600x265.webp 600w, https:\/\/justvape.nu\/wp-content\/uploads\/2024\/02\/4-innokin-kroma-nova-pod-vape-kit-desktop-64x28.webp 64w, https:\/\/justvape.nu\/wp-content\/uploads\/2024\/02\/4-innokin-kroma-nova-pod-vape-kit-desktop-300x132.webp 300w, https:\/\/justvape.nu\/wp-content\/uploads\/2024\/02\/4-innokin-kroma-nova-pod-vape-kit-desktop-1024x452.webp 1024w, https:\/\/justvape.nu\/wp-content\/uploads\/2024\/02\/4-innokin-kroma-nova-pod-vape-kit-desktop-768x339.webp 768w\" sizes=\"auto, (max-width: 1400px) 100vw, 1400px\" \/><\/a> <a href=\"https:\/\/justvape.nu\/wp-content\/uploads\/2024\/02\/5-innokin-kroma-nova-pod-vape-kit-desktop.webp\"><img loading=\"lazy\" decoding=\"async\" class=\"alignnone size-full wp-image-673235\" src=\"https:\/\/justvape.nu\/wp-content\/uploads\/2024\/02\/5-innokin-kroma-nova-pod-vape-kit-desktop.webp\" alt=\"\" width=\"1400\" height=\"688\" title=\"\" srcset=\"https:\/\/justvape.nu\/wp-content\/uploads\/2024\/02\/5-innokin-kroma-nova-pod-vape-kit-desktop.webp 1400w, https:\/\/justvape.nu\/wp-content\/uploads\/2024\/02\/5-innokin-kroma-nova-pod-vape-kit-desktop-600x295.webp 600w, https:\/\/justvape.nu\/wp-content\/uploads\/2024\/02\/5-innokin-kroma-nova-pod-vape-kit-desktop-64x31.webp 64w, https:\/\/justvape.nu\/wp-content\/uploads\/2024\/02\/5-innokin-kroma-nova-pod-vape-kit-desktop-300x147.webp 300w, https:\/\/justvape.nu\/wp-content\/uploads\/2024\/02\/5-innokin-kroma-nova-pod-vape-kit-desktop-1024x503.webp 1024w, https:\/\/justvape.nu\/wp-content\/uploads\/2024\/02\/5-innokin-kroma-nova-pod-vape-kit-desktop-768x377.webp 768w\" sizes=\"auto, (max-width: 1400px) 100vw, 1400px\" \/><\/a> <a href=\"https:\/\/justvape.nu\/wp-content\/uploads\/2024\/02\/6-innokin-kroma-nova-pod-vape-kit-desktop.webp\"><img loading=\"lazy\" decoding=\"async\" class=\"alignnone size-full wp-image-673243\" src=\"https:\/\/justvape.nu\/wp-content\/uploads\/2024\/02\/6-innokin-kroma-nova-pod-vape-kit-desktop.webp\" alt=\"\" width=\"1400\" height=\"697\" title=\"\" srcset=\"https:\/\/justvape.nu\/wp-content\/uploads\/2024\/02\/6-innokin-kroma-nova-pod-vape-kit-desktop.webp 1400w, https:\/\/justvape.nu\/wp-content\/uploads\/2024\/02\/6-innokin-kroma-nova-pod-vape-kit-desktop-600x299.webp 600w, https:\/\/justvape.nu\/wp-content\/uploads\/2024\/02\/6-innokin-kroma-nova-pod-vape-kit-desktop-64x32.webp 64w, https:\/\/justvape.nu\/wp-content\/uploads\/2024\/02\/6-innokin-kroma-nova-pod-vape-kit-desktop-300x149.webp 300w, https:\/\/justvape.nu\/wp-content\/uploads\/2024\/02\/6-innokin-kroma-nova-pod-vape-kit-desktop-1024x510.webp 1024w, https:\/\/justvape.nu\/wp-content\/uploads\/2024\/02\/6-innokin-kroma-nova-pod-vape-kit-desktop-768x382.webp 768w\" sizes=\"auto, (max-width: 1400px) 100vw, 1400px\" \/><\/a> <a href=\"https:\/\/justvape.nu\/wp-content\/uploads\/2024\/02\/7-innokin-kroma-nova-pod-vape-kit-desktop.webp\"><img loading=\"lazy\" decoding=\"async\" class=\"alignnone size-full wp-image-673251\" src=\"https:\/\/justvape.nu\/wp-content\/uploads\/2024\/02\/7-innokin-kroma-nova-pod-vape-kit-desktop.webp\" alt=\"\" width=\"1400\" height=\"724\" title=\"\" srcset=\"https:\/\/justvape.nu\/wp-content\/uploads\/2024\/02\/7-innokin-kroma-nova-pod-vape-kit-desktop.webp 1400w, https:\/\/justvape.nu\/wp-content\/uploads\/2024\/02\/7-innokin-kroma-nova-pod-vape-kit-desktop-600x310.webp 600w, https:\/\/justvape.nu\/wp-content\/uploads\/2024\/02\/7-innokin-kroma-nova-pod-vape-kit-desktop-64x33.webp 64w, https:\/\/justvape.nu\/wp-content\/uploads\/2024\/02\/7-innokin-kroma-nova-pod-vape-kit-desktop-300x155.webp 300w, https:\/\/justvape.nu\/wp-content\/uploads\/2024\/02\/7-innokin-kroma-nova-pod-vape-kit-desktop-1024x530.webp 1024w, https:\/\/justvape.nu\/wp-content\/uploads\/2024\/02\/7-innokin-kroma-nova-pod-vape-kit-desktop-768x397.webp 768w\" sizes=\"auto, (max-width: 1400px) 100vw, 1400px\" \/><\/a> <a href=\"https:\/\/justvape.nu\/wp-content\/uploads\/2024\/02\/3-innokin-kroma-nova-pod-vape-kit-desktop.webp\"><img loading=\"lazy\" decoding=\"async\" class=\"alignnone size-full wp-image-673259\" src=\"https:\/\/justvape.nu\/wp-content\/uploads\/2024\/02\/3-innokin-kroma-nova-pod-vape-kit-desktop.webp\" alt=\"\" width=\"1400\" height=\"585\" title=\"\" srcset=\"https:\/\/justvape.nu\/wp-content\/uploads\/2024\/02\/3-innokin-kroma-nova-pod-vape-kit-desktop.webp 1400w, https:\/\/justvape.nu\/wp-content\/uploads\/2024\/02\/3-innokin-kroma-nova-pod-vape-kit-desktop-600x251.webp 600w, https:\/\/justvape.nu\/wp-content\/uploads\/2024\/02\/3-innokin-kroma-nova-pod-vape-kit-desktop-64x27.webp 64w, https:\/\/justvape.nu\/wp-content\/uploads\/2024\/02\/3-innokin-kroma-nova-pod-vape-kit-desktop-300x125.webp 300w, https:\/\/justvape.nu\/wp-content\/uploads\/2024\/02\/3-innokin-kroma-nova-pod-vape-kit-desktop-1024x428.webp 1024w, https:\/\/justvape.nu\/wp-content\/uploads\/2024\/02\/3-innokin-kroma-nova-pod-vape-kit-desktop-768x321.webp 768w\" sizes=\"auto, (max-width: 1400px) 100vw, 1400px\" \/><\/a><\/p>\n<p>&nbsp;<\/p>\n<p><a href=\"https:\/\/justvape.nu\/wp-content\/uploads\/2018\/05\/Packing-List.png\"><img loading=\"lazy\" decoding=\"async\" class=\"alignnone size-full wp-image-18995\" src=\"https:\/\/justvape.nu\/wp-content\/uploads\/2018\/05\/Packing-List.png\" alt=\"\" width=\"950\" height=\"64\" title=\"\" srcset=\"https:\/\/justvape.nu\/wp-content\/uploads\/2018\/05\/Packing-List.png 950w, https:\/\/justvape.nu\/wp-content\/uploads\/2018\/05\/Packing-List-555x37.png 555w, https:\/\/justvape.nu\/wp-content\/uploads\/2018\/05\/Packing-List-64x4.png 64w, https:\/\/justvape.nu\/wp-content\/uploads\/2018\/05\/Packing-List-300x20.png 300w, https:\/\/justvape.nu\/wp-content\/uploads\/2018\/05\/Packing-List-768x52.png 768w\" sizes=\"auto, (max-width: 950px) 100vw, 950px\" \/><\/a><\/p>\n<ul>\n<li>1 x Kroma Nova 3000 mAh batterienhet<\/li>\n<li>1 x Kroma Nova Pod<\/li>\n<li>1 x PZP 1.0\u03a9 f\u00f6rinstallerad spole<\/li>\n<li>1 x PZP 0,4\u03a9 Reservspole<\/li>\n<li>1 x RDL-munstycke (MTL f\u00f6rinstallerad)<\/li>\n<li>1 x USB-laddningskabel typ C<\/li>\n<li>Snabbstartsguide<\/li>\n<li>Varningsh\u00e4fte<\/li>\n<\/ul>\n<p>&nbsp;<\/p>\n","protected":false},"excerpt":{"rendered":"<p>INNOKIN &#8211; KROMA NOVA KIT<\/p>\n","protected":false},"featured_media":673282,"comment_status":"open","ping_status":"closed","template":"","meta":{"_acf_changed":false,"_uag_custom_page_level_css":"","site-sidebar-layout":"default","site-content-layout":"","ast-site-content-layout":"default","site-content-style":"default","site-sidebar-style":"default","ast-global-header-display":"","ast-banner-title-visibility":"","ast-main-header-display":"","ast-hfb-above-header-display":"","ast-hfb-below-header-display":"","ast-hfb-mobile-header-display":"","site-post-title":"","ast-breadcrumbs-content":"","ast-featured-img":"","footer-sml-layout":"","ast-disable-related-posts":"","theme-transparent-header-meta":"default","adv-header-id-meta":"","stick-header-meta":"","header-above-stick-meta":"","header-main-stick-meta":"","header-below-stick-meta":"","astra-migrate-meta-layouts":"default","ast-page-background-enabled":"default","ast-page-background-meta":{"desktop":{"background-color":"","background-image":"","background-repeat":"repeat","background-position":"center center","background-size":"auto","background-attachment":"scroll","background-type":"","background-media":"","overlay-type":"","overlay-color":"","overlay-opacity":"","overlay-gradient":""},"tablet":{"background-color":"","background-image":"","background-repeat":"repeat","background-position":"center center","background-size":"auto","background-attachment":"scroll","background-type":"","background-media":"","overlay-type":"","overlay-color":"","overlay-opacity":"","overlay-gradient":""},"mobile":{"background-color":"","background-image":"","background-repeat":"repeat","background-position":"center center","background-size":"auto","background-attachment":"scroll","background-type":"","background-media":"","overlay-type":"","overlay-color":"","overlay-opacity":"","overlay-gradient":""}},"ast-content-background-meta":{"desktop":{"background-color":"var(--ast-global-color-5)","background-image":"","background-repeat":"repeat","background-position":"center center","background-size":"auto","background-attachment":"scroll","background-type":"","background-media":"","overlay-type":"","overlay-color":"","overlay-opacity":"","overlay-gradient":""},"tablet":{"background-color":"var(--ast-global-color-5)","background-image":"","background-repeat":"repeat","background-position":"center center","background-size":"auto","background-attachment":"scroll","background-type":"","background-media":"","overlay-type":"","overlay-color":"","overlay-opacity":"","overlay-gradient":""},"mobile":{"background-color":"var(--ast-global-color-5)","background-image":"","background-repeat":"repeat","background-position":"center center","background-size":"auto","background-attachment":"scroll","background-type":"","background-media":"","overlay-type":"","overlay-color":"","overlay-opacity":"","overlay-gradient":""}}},"product_brand":[],"product_cat":[2074,2532,2544,2084,1903,2533],"product_tag":[],"class_list":{"0":"post-673455","1":"product","2":"type-product","3":"status-publish","4":"has-post-thumbnail","6":"product_cat-e-cigaretter-sv","7":"product_cat-hardware-sv","8":"product_cat-innokin-sv","9":"product_cat-nyborjarsatser-pods","10":"product_cat-new-products-sv","11":"product_cat-shop-by-brand-sv","12":"desktop-align-center","13":"tablet-align-center","14":"mobile-align-center","15":"ast-product-gallery-layout-horizontal-slider","16":"ast-product-single-variable","17":"ast-product-tabs-layout-horizontal","19":"first","20":"instock","21":"sale","22":"taxable","23":"shipping-taxable","24":"purchasable","25":"product-type-variable"},"acf":[],"uagb_featured_image_src":{"full":["https:\/\/justvape.nu\/wp-content\/uploads\/2024\/02\/JQI8tzeR.jpeg",600,600,false],"thumbnail":["https:\/\/justvape.nu\/wp-content\/uploads\/2024\/02\/JQI8tzeR-150x150.jpeg",150,150,true],"medium":["https:\/\/justvape.nu\/wp-content\/uploads\/2024\/02\/JQI8tzeR-300x300.jpeg",300,300,true],"medium_large":["https:\/\/justvape.nu\/wp-content\/uploads\/2024\/02\/JQI8tzeR.jpeg",600,600,false],"large":["https:\/\/justvape.nu\/wp-content\/uploads\/2024\/02\/JQI8tzeR.jpeg",600,600,false],"1536x1536":["https:\/\/justvape.nu\/wp-content\/uploads\/2024\/02\/JQI8tzeR.jpeg",600,600,false],"2048x2048":["https:\/\/justvape.nu\/wp-content\/uploads\/2024\/02\/JQI8tzeR.jpeg",600,600,false],"woocommerce_thumbnail":["https:\/\/justvape.nu\/wp-content\/uploads\/2024\/02\/JQI8tzeR-300x300.jpeg",300,300,true],"woocommerce_single":["https:\/\/justvape.nu\/wp-content\/uploads\/2024\/02\/JQI8tzeR.jpeg",600,600,false],"woocommerce_gallery_thumbnail":["https:\/\/justvape.nu\/wp-content\/uploads\/2024\/02\/JQI8tzeR-100x100.jpeg",100,100,true],"dgwt-wcas-product-suggestion":["https:\/\/justvape.nu\/wp-content\/uploads\/2024\/02\/JQI8tzeR-64x64.jpeg",64,64,true]},"uagb_author_info":{"display_name":"Kenneth Merkur","author_link":"https:\/\/justvape.nu\/sv\/author\/"},"uagb_comment_info":0,"uagb_excerpt":"INNOKIN - KROMA NOVA KIT","_links":{"self":[{"href":"https:\/\/justvape.nu\/sv\/wp-json\/wp\/v2\/product\/673455","targetHints":{"allow":["GET"]}}],"collection":[{"href":"https:\/\/justvape.nu\/sv\/wp-json\/wp\/v2\/product"}],"about":[{"href":"https:\/\/justvape.nu\/sv\/wp-json\/wp\/v2\/types\/product"}],"replies":[{"embeddable":true,"href":"https:\/\/justvape.nu\/sv\/wp-json\/wp\/v2\/comments?post=673455"}],"wp:featuredmedia":[{"embeddable":true,"href":"https:\/\/justvape.nu\/sv\/wp-json\/wp\/v2\/media\/673282"}],"wp:attachment":[{"href":"https:\/\/justvape.nu\/sv\/wp-json\/wp\/v2\/media?parent=673455"}],"wp:term":[{"taxonomy":"product_brand","embeddable":true,"href":"https:\/\/justvape.nu\/sv\/wp-json\/wp\/v2\/product_brand?post=673455"},{"taxonomy":"product_cat","embeddable":true,"href":"https:\/\/justvape.nu\/sv\/wp-json\/wp\/v2\/product_cat?post=673455"},{"taxonomy":"product_tag","embeddable":true,"href":"https:\/\/justvape.nu\/sv\/wp-json\/wp\/v2\/product_tag?post=673455"}],"curies":[{"name":"wp","href":"https:\/\/api.w.org\/{rel}","templated":true}]}}