{"id":673405,"date":"2024-02-16T11:09:04","date_gmt":"2024-02-16T10:09:04","guid":{"rendered":"https:\/\/justvape.nu\/produkt\/innokin-kroma-nova-replacement-pod\/"},"modified":"2024-12-15T16:29:03","modified_gmt":"2024-12-15T15:29:03","slug":"innokin-kroma-nova-replacement-pod","status":"publish","type":"product","link":"https:\/\/justvape.nu\/sv\/produkt\/innokin-kroma-nova-replacement-pod\/","title":{"rendered":"INNOKIN &#8211; KROMA NOVA REPLACEMENT POD"},"content":{"rendered":"<h2>INNOKIN &#8211; KROMA NOVA REPLACEMENT POD<\/h2>\n<p>Innokin Kroma Nova Empty Replacement Pod \u00e4r skr\u00e4ddarsydd f\u00f6r anv\u00e4ndning med Kroma-Nova Kit och har en kapacitet p\u00e5 2 ml e-v\u00e4tska. P\u00e5fyllning \u00e4r en barnlek genom den glidande toppfyllningsporten, utformad f\u00f6r att minimera risken f\u00f6r l\u00e4ckage. Dessa pods har en praktisk magnetisk anslutning som g\u00f6r det enkelt att ta bort och installera dem. Dessa pods \u00e4r kompatibla med PZP Coils och passar f\u00f6r vapingstilarna Mouth To Lung (MTL), Restricted Direct To Lung (RDL) och Direct To Lung (DTL). Njut av en s\u00f6ml\u00f6s och m\u00e5ngsidig vapingupplevelse med dessa \u00e4ndam\u00e5lsenligt utformade ers\u00e4ttningspods<\/p>\n<ul>\n<li>2 ml kapacitet f\u00f6r e-v\u00e4tska<\/li>\n<li>Glidande toppfyllning<\/li>\n<li>Magnetisk anslutning<\/li>\n<li>MTL, RDL och DTL<\/li>\n<li>F\u00f6rpackning om 1<\/li>\n<li><strong>Spolar ing\u00e5r ej<\/strong><\/li>\n<\/ul>\n","protected":false},"excerpt":{"rendered":"<p>INNOKIN &#8211; KROMA NOVA REPLACEMENT POD<\/p>\n","protected":false},"featured_media":673208,"comment_status":"open","ping_status":"closed","template":"","meta":{"_acf_changed":false,"_uag_custom_page_level_css":"","site-sidebar-layout":"default","site-content-layout":"","ast-site-content-layout":"default","site-content-style":"default","site-sidebar-style":"default","ast-global-header-display":"","ast-banner-title-visibility":"","ast-main-header-display":"","ast-hfb-above-header-display":"","ast-hfb-below-header-display":"","ast-hfb-mobile-header-display":"","site-post-title":"","ast-breadcrumbs-content":"","ast-featured-img":"","footer-sml-layout":"","ast-disable-related-posts":"","theme-transparent-header-meta":"default","adv-header-id-meta":"","stick-header-meta":"","header-above-stick-meta":"","header-main-stick-meta":"","header-below-stick-meta":"","astra-migrate-meta-layouts":"default","ast-page-background-enabled":"default","ast-page-background-meta":{"desktop":{"background-color":"","background-image":"","background-repeat":"repeat","background-position":"center center","background-size":"auto","background-attachment":"scroll","background-type":"","background-media":"","overlay-type":"","overlay-color":"","overlay-opacity":"","overlay-gradient":""},"tablet":{"background-color":"","background-image":"","background-repeat":"repeat","background-position":"center center","background-size":"auto","background-attachment":"scroll","background-type":"","background-media":"","overlay-type":"","overlay-color":"","overlay-opacity":"","overlay-gradient":""},"mobile":{"background-color":"","background-image":"","background-repeat":"repeat","background-position":"center center","background-size":"auto","background-attachment":"scroll","background-type":"","background-media":"","overlay-type":"","overlay-color":"","overlay-opacity":"","overlay-gradient":""}},"ast-content-background-meta":{"desktop":{"background-color":"var(--ast-global-color-5)","background-image":"","background-repeat":"repeat","background-position":"center center","background-size":"auto","background-attachment":"scroll","background-type":"","background-media":"","overlay-type":"","overlay-color":"","overlay-opacity":"","overlay-gradient":""},"tablet":{"background-color":"var(--ast-global-color-5)","background-image":"","background-repeat":"repeat","background-position":"center center","background-size":"auto","background-attachment":"scroll","background-type":"","background-media":"","overlay-type":"","overlay-color":"","overlay-opacity":"","overlay-gradient":""},"mobile":{"background-color":"var(--ast-global-color-5)","background-image":"","background-repeat":"repeat","background-position":"center center","background-size":"auto","background-attachment":"scroll","background-type":"","background-media":"","overlay-type":"","overlay-color":"","overlay-opacity":"","overlay-gradient":""}}},"product_brand":[],"product_cat":[1903,2064,1984],"product_tag":[],"class_list":{"0":"post-673405","1":"product","2":"type-product","3":"status-publish","4":"has-post-thumbnail","6":"product_cat-new-products-sv","7":"product_cat-spolar-pods","8":"product_cat-tankar-spolar","9":"desktop-align-center","10":"tablet-align-center","11":"mobile-align-center","12":"ast-product-gallery-layout-horizontal-slider","13":"ast-product-gallery-with-no-image","14":"ast-product-tabs-layout-horizontal","16":"first","17":"instock","18":"sale","19":"taxable","20":"shipping-taxable","21":"purchasable","22":"product-type-simple"},"acf":[],"uagb_featured_image_src":{"full":["https:\/\/justvape.nu\/wp-content\/uploads\/2024\/02\/3214718816.webp",1000,1000,false],"thumbnail":["https:\/\/justvape.nu\/wp-content\/uploads\/2024\/02\/3214718816-150x150.webp",150,150,true],"medium":["https:\/\/justvape.nu\/wp-content\/uploads\/2024\/02\/3214718816-300x300.webp",300,300,true],"medium_large":["https:\/\/justvape.nu\/wp-content\/uploads\/2024\/02\/3214718816-768x768.webp",768,768,true],"large":["https:\/\/justvape.nu\/wp-content\/uploads\/2024\/02\/3214718816.webp",1000,1000,false],"1536x1536":["https:\/\/justvape.nu\/wp-content\/uploads\/2024\/02\/3214718816.webp",1000,1000,false],"2048x2048":["https:\/\/justvape.nu\/wp-content\/uploads\/2024\/02\/3214718816.webp",1000,1000,false],"woocommerce_thumbnail":["https:\/\/justvape.nu\/wp-content\/uploads\/2024\/02\/3214718816-300x300.webp",300,300,true],"woocommerce_single":["https:\/\/justvape.nu\/wp-content\/uploads\/2024\/02\/3214718816-600x600.webp",600,600,true],"woocommerce_gallery_thumbnail":["https:\/\/justvape.nu\/wp-content\/uploads\/2024\/02\/3214718816-100x100.webp",100,100,true],"dgwt-wcas-product-suggestion":["https:\/\/justvape.nu\/wp-content\/uploads\/2024\/02\/3214718816-64x64.webp",64,64,true]},"uagb_author_info":{"display_name":"Kenneth Merkur","author_link":"https:\/\/justvape.nu\/sv\/author\/"},"uagb_comment_info":0,"uagb_excerpt":"INNOKIN - KROMA NOVA REPLACEMENT POD","_links":{"self":[{"href":"https:\/\/justvape.nu\/sv\/wp-json\/wp\/v2\/product\/673405","targetHints":{"allow":["GET"]}}],"collection":[{"href":"https:\/\/justvape.nu\/sv\/wp-json\/wp\/v2\/product"}],"about":[{"href":"https:\/\/justvape.nu\/sv\/wp-json\/wp\/v2\/types\/product"}],"replies":[{"embeddable":true,"href":"https:\/\/justvape.nu\/sv\/wp-json\/wp\/v2\/comments?post=673405"}],"wp:featuredmedia":[{"embeddable":true,"href":"https:\/\/justvape.nu\/sv\/wp-json\/wp\/v2\/media\/673208"}],"wp:attachment":[{"href":"https:\/\/justvape.nu\/sv\/wp-json\/wp\/v2\/media?parent=673405"}],"wp:term":[{"taxonomy":"product_brand","embeddable":true,"href":"https:\/\/justvape.nu\/sv\/wp-json\/wp\/v2\/product_brand?post=673405"},{"taxonomy":"product_cat","embeddable":true,"href":"https:\/\/justvape.nu\/sv\/wp-json\/wp\/v2\/product_cat?post=673405"},{"taxonomy":"product_tag","embeddable":true,"href":"https:\/\/justvape.nu\/sv\/wp-json\/wp\/v2\/product_tag?post=673405"}],"curies":[{"name":"wp","href":"https:\/\/api.w.org\/{rel}","templated":true}]}}