{"id":672087,"date":"2024-02-08T10:26:21","date_gmt":"2024-02-08T09:26:21","guid":{"rendered":"https:\/\/justvape.nu\/produkt\/freemax-maxus-3-mod\/"},"modified":"2025-09-05T18:33:25","modified_gmt":"2025-09-05T16:33:25","slug":"freemax-maxus-3-mod","status":"publish","type":"product","link":"https:\/\/justvape.nu\/sv\/produkt\/freemax-maxus-3-mod\/","title":{"rendered":"FREEMAX &#8211; MAXUS 3 MOD"},"content":{"rendered":"<h2>FREEMAX &#8211; MAXUS 3 MOD<\/h2>\n<p>Freemax Maxus 3 Mod 200W \u00e4r ett kraftpaket i vapingv\u00e4rlden. Denna enhet \u00e4r utformad f\u00f6r vapers som l\u00e4ngtar efter kraft och prestanda. Med en maximal effekt p\u00e5 200 watt utlovar den en intensiv och tillfredsst\u00e4llande vaping-upplevelse.<\/p>\n<p>Njut av l\u00e5nga vaping-sessioner med Freemax Maxus 3:s \u00f6verl\u00e4gsna batteriprestanda med 2 x 18650-batterier (ing\u00e5r ej). Det effektiva energihanteringssystemet ger l\u00e5ng batteritid, s\u00e5 att du kan h\u00e5lla p\u00e5 l\u00e4ngre utan att beh\u00f6va ladda batteriet ofta.<\/p>\n<p><a href=\"https:\/\/justvape.nu\/wp-content\/uploads\/2021\/06\/Specifications1.png\"><img loading=\"lazy\" decoding=\"async\" class=\"alignnone size-full wp-image-390997\" src=\"https:\/\/justvape.nu\/wp-content\/uploads\/2021\/06\/Specifications1.png\" alt=\"\" width=\"950\" height=\"64\" title=\"\" srcset=\"https:\/\/justvape.nu\/wp-content\/uploads\/2021\/06\/Specifications1.png 950w, https:\/\/justvape.nu\/wp-content\/uploads\/2021\/06\/Specifications1-600x40.png 600w, https:\/\/justvape.nu\/wp-content\/uploads\/2021\/06\/Specifications1-64x4.png 64w, https:\/\/justvape.nu\/wp-content\/uploads\/2021\/06\/Specifications1-300x20.png 300w, https:\/\/justvape.nu\/wp-content\/uploads\/2021\/06\/Specifications1-768x52.png 768w\" sizes=\"auto, (max-width: 950px) 100vw, 950px\" \/><\/a><\/p>\n<ul>\n<li>Dubbla 18650-batterier (s\u00e4ljs separat)<\/li>\n<li>200W maximal uteffekt<\/li>\n<li>1,06&#8243; TFT-sk\u00e4rm<\/li>\n<li>Flera utmatningsl\u00e4gen<\/li>\n<\/ul>\n<p><a href=\"https:\/\/justvape.nu\/wp-content\/uploads\/2024\/02\/Maxus_3_200W_Kit_22__jpg.webp\"><img loading=\"lazy\" decoding=\"async\" class=\"alignnone size-full wp-image-671826\" src=\"https:\/\/justvape.nu\/wp-content\/uploads\/2024\/02\/Maxus_3_200W_Kit_22__jpg.webp\" alt=\"\" width=\"1920\" height=\"900\" title=\"\" srcset=\"https:\/\/justvape.nu\/wp-content\/uploads\/2024\/02\/Maxus_3_200W_Kit_22__jpg.webp 1920w, https:\/\/justvape.nu\/wp-content\/uploads\/2024\/02\/Maxus_3_200W_Kit_22__jpg-600x281.webp 600w, https:\/\/justvape.nu\/wp-content\/uploads\/2024\/02\/Maxus_3_200W_Kit_22__jpg-64x30.webp 64w, https:\/\/justvape.nu\/wp-content\/uploads\/2024\/02\/Maxus_3_200W_Kit_22__jpg-300x141.webp 300w, https:\/\/justvape.nu\/wp-content\/uploads\/2024\/02\/Maxus_3_200W_Kit_22__jpg-1024x480.webp 1024w, https:\/\/justvape.nu\/wp-content\/uploads\/2024\/02\/Maxus_3_200W_Kit_22__jpg-768x360.webp 768w, https:\/\/justvape.nu\/wp-content\/uploads\/2024\/02\/Maxus_3_200W_Kit_22__jpg-1536x720.webp 1536w\" sizes=\"auto, (max-width: 1920px) 100vw, 1920px\" \/><\/a> <a href=\"https:\/\/justvape.nu\/wp-content\/uploads\/2024\/02\/Maxus_3_200W_Kit_17__jpg.webp\"><img loading=\"lazy\" decoding=\"async\" class=\"alignnone size-full wp-image-671834\" src=\"https:\/\/justvape.nu\/wp-content\/uploads\/2024\/02\/Maxus_3_200W_Kit_17__jpg.webp\" alt=\"\" width=\"1920\" height=\"900\" title=\"\" srcset=\"https:\/\/justvape.nu\/wp-content\/uploads\/2024\/02\/Maxus_3_200W_Kit_17__jpg.webp 1920w, https:\/\/justvape.nu\/wp-content\/uploads\/2024\/02\/Maxus_3_200W_Kit_17__jpg-600x281.webp 600w, https:\/\/justvape.nu\/wp-content\/uploads\/2024\/02\/Maxus_3_200W_Kit_17__jpg-64x30.webp 64w, https:\/\/justvape.nu\/wp-content\/uploads\/2024\/02\/Maxus_3_200W_Kit_17__jpg-300x141.webp 300w, https:\/\/justvape.nu\/wp-content\/uploads\/2024\/02\/Maxus_3_200W_Kit_17__jpg-1024x480.webp 1024w, https:\/\/justvape.nu\/wp-content\/uploads\/2024\/02\/Maxus_3_200W_Kit_17__jpg-768x360.webp 768w, https:\/\/justvape.nu\/wp-content\/uploads\/2024\/02\/Maxus_3_200W_Kit_17__jpg-1536x720.webp 1536w\" sizes=\"auto, (max-width: 1920px) 100vw, 1920px\" \/><\/a><\/p>\n<p>&nbsp;<\/p>\n<p><a href=\"https:\/\/justvape.nu\/wp-content\/uploads\/2018\/05\/Features.png\"><img loading=\"lazy\" decoding=\"async\" class=\"alignnone size-full wp-image-248458\" src=\"https:\/\/justvape.nu\/wp-content\/uploads\/2018\/05\/Features.png\" alt=\"\" width=\"950\" height=\"64\" title=\"\" srcset=\"https:\/\/justvape.nu\/wp-content\/uploads\/2018\/05\/Features.png 950w, https:\/\/justvape.nu\/wp-content\/uploads\/2018\/05\/Features-600x40.png 600w, https:\/\/justvape.nu\/wp-content\/uploads\/2018\/05\/Features-64x4.png 64w, https:\/\/justvape.nu\/wp-content\/uploads\/2018\/05\/Features-300x20.png 300w, https:\/\/justvape.nu\/wp-content\/uploads\/2018\/05\/Features-768x52.png 768w\" sizes=\"auto, (max-width: 950px) 100vw, 950px\" \/><\/a><\/p>\n<p>Storlek: 43*33,8*87,4 mm<br \/>\nUteffekt: 5-200W<br \/>\nIng\u00e5ngssp\u00e4nning: 6,6-8,4V<br \/>\nResistansomr\u00e5de: 0.1-3\u03a9<br \/>\nUtg\u00e5ngsl\u00e4ge: Kraft\/VPC\/Bypass\/TC-SS316<br \/>\n\/TC-NI\/TC-TI\/TCR 1 2 3<br \/>\nBatteri: Externt 18650*2 (ing\u00e5r ej)<br \/>\nSpecifikation f\u00f6r laddare: 5V\/2A<\/p>\n<p><a href=\"https:\/\/justvape.nu\/wp-content\/uploads\/2018\/05\/Packing-List.png\"><img loading=\"lazy\" decoding=\"async\" class=\"alignnone size-full wp-image-248469\" src=\"https:\/\/justvape.nu\/wp-content\/uploads\/2018\/05\/Packing-List.png\" alt=\"\" width=\"950\" height=\"64\" title=\"\" srcset=\"https:\/\/justvape.nu\/wp-content\/uploads\/2018\/05\/Packing-List.png 950w, https:\/\/justvape.nu\/wp-content\/uploads\/2018\/05\/Packing-List-600x40.png 600w, https:\/\/justvape.nu\/wp-content\/uploads\/2018\/05\/Packing-List-64x4.png 64w, https:\/\/justvape.nu\/wp-content\/uploads\/2018\/05\/Packing-List-300x20.png 300w, https:\/\/justvape.nu\/wp-content\/uploads\/2018\/05\/Packing-List-768x52.png 768w\" sizes=\"auto, (max-width: 950px) 100vw, 950px\" \/><\/a><\/p>\n<p>1 x FreeMax Maxus 3 200W Mod<\/p>\n<p>1 x Type-C-kabel<\/p>\n<p>1 x anv\u00e4ndarhandbok<\/p>\n<p>1 x garantikort \/ varningskort<\/p>\n","protected":false},"excerpt":{"rendered":"<p>FREEMAX &#8211; MAXUS 3 MOD<\/p>\n","protected":false},"featured_media":671854,"comment_status":"open","ping_status":"closed","template":"","meta":{"_acf_changed":false,"_uag_custom_page_level_css":"","site-sidebar-layout":"default","site-content-layout":"","ast-site-content-layout":"default","site-content-style":"default","site-sidebar-style":"default","ast-global-header-display":"","ast-banner-title-visibility":"","ast-main-header-display":"","ast-hfb-above-header-display":"","ast-hfb-below-header-display":"","ast-hfb-mobile-header-display":"","site-post-title":"","ast-breadcrumbs-content":"","ast-featured-img":"","footer-sml-layout":"","ast-disable-related-posts":"","theme-transparent-header-meta":"default","adv-header-id-meta":"","stick-header-meta":"","header-above-stick-meta":"","header-main-stick-meta":"","header-below-stick-meta":"","astra-migrate-meta-layouts":"default","ast-page-background-enabled":"default","ast-page-background-meta":{"desktop":{"background-color":"","background-image":"","background-repeat":"repeat","background-position":"center center","background-size":"auto","background-attachment":"scroll","background-type":"","background-media":"","overlay-type":"","overlay-color":"","overlay-opacity":"","overlay-gradient":""},"tablet":{"background-color":"","background-image":"","background-repeat":"repeat","background-position":"center center","background-size":"auto","background-attachment":"scroll","background-type":"","background-media":"","overlay-type":"","overlay-color":"","overlay-opacity":"","overlay-gradient":""},"mobile":{"background-color":"","background-image":"","background-repeat":"repeat","background-position":"center center","background-size":"auto","background-attachment":"scroll","background-type":"","background-media":"","overlay-type":"","overlay-color":"","overlay-opacity":"","overlay-gradient":""}},"ast-content-background-meta":{"desktop":{"background-color":"var(--ast-global-color-5)","background-image":"","background-repeat":"repeat","background-position":"center center","background-size":"auto","background-attachment":"scroll","background-type":"","background-media":"","overlay-type":"","overlay-color":"","overlay-opacity":"","overlay-gradient":""},"tablet":{"background-color":"var(--ast-global-color-5)","background-image":"","background-repeat":"repeat","background-position":"center center","background-size":"auto","background-attachment":"scroll","background-type":"","background-media":"","overlay-type":"","overlay-color":"","overlay-opacity":"","overlay-gradient":""},"mobile":{"background-color":"var(--ast-global-color-5)","background-image":"","background-repeat":"repeat","background-position":"center center","background-size":"auto","background-attachment":"scroll","background-type":"","background-media":"","overlay-type":"","overlay-color":"","overlay-opacity":"","overlay-gradient":""}}},"product_brand":[],"product_cat":[2074,5244,2532,2126,1903,2533],"product_tag":[],"class_list":{"0":"post-672087","1":"product","2":"type-product","3":"status-publish","4":"has-post-thumbnail","6":"product_cat-e-cigaretter-sv","7":"product_cat-freemax-sv","8":"product_cat-hardware-sv","9":"product_cat-mods-sv","10":"product_cat-new-products-sv","11":"product_cat-shop-by-brand-sv","12":"desktop-align-center","13":"tablet-align-center","14":"mobile-align-center","15":"ast-product-gallery-layout-horizontal-slider","16":"ast-product-single-variable","17":"ast-product-tabs-layout-horizontal","19":"first","20":"instock","21":"sale","22":"taxable","23":"shipping-taxable","24":"purchasable","25":"product-type-variable"},"acf":[],"uagb_featured_image_src":{"full":["https:\/\/justvape.nu\/wp-content\/uploads\/2024\/02\/LnRc9cFj.jpeg",600,600,false],"thumbnail":["https:\/\/justvape.nu\/wp-content\/uploads\/2024\/02\/LnRc9cFj-150x150.jpeg",150,150,true],"medium":["https:\/\/justvape.nu\/wp-content\/uploads\/2024\/02\/LnRc9cFj-300x300.jpeg",300,300,true],"medium_large":["https:\/\/justvape.nu\/wp-content\/uploads\/2024\/02\/LnRc9cFj.jpeg",600,600,false],"large":["https:\/\/justvape.nu\/wp-content\/uploads\/2024\/02\/LnRc9cFj.jpeg",600,600,false],"1536x1536":["https:\/\/justvape.nu\/wp-content\/uploads\/2024\/02\/LnRc9cFj.jpeg",600,600,false],"2048x2048":["https:\/\/justvape.nu\/wp-content\/uploads\/2024\/02\/LnRc9cFj.jpeg",600,600,false],"woocommerce_thumbnail":["https:\/\/justvape.nu\/wp-content\/uploads\/2024\/02\/LnRc9cFj-300x300.jpeg",300,300,true],"woocommerce_single":["https:\/\/justvape.nu\/wp-content\/uploads\/2024\/02\/LnRc9cFj.jpeg",600,600,false],"woocommerce_gallery_thumbnail":["https:\/\/justvape.nu\/wp-content\/uploads\/2024\/02\/LnRc9cFj-100x100.jpeg",100,100,true],"dgwt-wcas-product-suggestion":["https:\/\/justvape.nu\/wp-content\/uploads\/2024\/02\/LnRc9cFj-64x64.jpeg",64,64,true]},"uagb_author_info":{"display_name":"Kenneth Merkur","author_link":"https:\/\/justvape.nu\/sv\/author\/"},"uagb_comment_info":0,"uagb_excerpt":"FREEMAX - MAXUS 3 MOD","_links":{"self":[{"href":"https:\/\/justvape.nu\/sv\/wp-json\/wp\/v2\/product\/672087","targetHints":{"allow":["GET"]}}],"collection":[{"href":"https:\/\/justvape.nu\/sv\/wp-json\/wp\/v2\/product"}],"about":[{"href":"https:\/\/justvape.nu\/sv\/wp-json\/wp\/v2\/types\/product"}],"replies":[{"embeddable":true,"href":"https:\/\/justvape.nu\/sv\/wp-json\/wp\/v2\/comments?post=672087"}],"wp:featuredmedia":[{"embeddable":true,"href":"https:\/\/justvape.nu\/sv\/wp-json\/wp\/v2\/media\/671854"}],"wp:attachment":[{"href":"https:\/\/justvape.nu\/sv\/wp-json\/wp\/v2\/media?parent=672087"}],"wp:term":[{"taxonomy":"product_brand","embeddable":true,"href":"https:\/\/justvape.nu\/sv\/wp-json\/wp\/v2\/product_brand?post=672087"},{"taxonomy":"product_cat","embeddable":true,"href":"https:\/\/justvape.nu\/sv\/wp-json\/wp\/v2\/product_cat?post=672087"},{"taxonomy":"product_tag","embeddable":true,"href":"https:\/\/justvape.nu\/sv\/wp-json\/wp\/v2\/product_tag?post=672087"}],"curies":[{"name":"wp","href":"https:\/\/api.w.org\/{rel}","templated":true}]}}