{"id":672054,"date":"2024-02-08T10:16:58","date_gmt":"2024-02-08T09:16:58","guid":{"rendered":"https:\/\/justvape.nu\/produkt\/uwell-crown-x-pod\/"},"modified":"2024-03-01T01:14:12","modified_gmt":"2024-03-01T00:14:12","slug":"uwell-crown-x-pod","status":"publish","type":"product","link":"https:\/\/justvape.nu\/sv\/produkt\/uwell-crown-x-pod\/","title":{"rendered":"UWELL &#8211; CROWN X POD"},"content":{"rendered":"<h2>UWELL &#8211; CROWN X POD<\/h2>\n<p>F\u00f6rh\u00f6j din vapingupplevelse med Uwell Crown X Pod Vape Kit, en banbrytande enhet designad f\u00f6r vapers som kr\u00e4ver kvalitet, prestanda och stil. Detta kit \u00e4r det senaste tillskottet i den v\u00e4lk\u00e4nda Crown-serien, k\u00e4nd f\u00f6r sin exceptionella byggkvalitet och innovativa funktioner.<\/p>\n<p>Uwell Crown X Pod Vape Kit sticker ut med sin eleganta design, som f\u00f6rkroppsligar sofistikering och h\u00e5llbarhet. Enheten har en kristallklar display och ett anv\u00e4ndarv\u00e4nligt gr\u00e4nssnitt som g\u00f6r det enkelt att navigera. Med sina justerbara watt- och luftfl\u00f6desinst\u00e4llningar passar Crown X b\u00e5de direkt-till-lung (DTL) och mun-till-lung (MTL), vilket ger en m\u00e5ngsidig vaping-upplevelse.<\/p>\n<p>Crown X Pod har en toppfyllningsmekanism som g\u00f6r det enkelt att fylla p\u00e5 och eliminerar problemet med l\u00e4ckage. Satsen inneh\u00e5ller tv\u00e5 coils, utformade f\u00f6r att ge o\u00f6vertr\u00e4ffad smak fr\u00e5n din vapejuice och utm\u00e4rkt \u00e5ngproduktion, vilket s\u00e4kerst\u00e4ller att varje bloss \u00e4r en h\u00e4rlig upplevelse.<\/p>\n<p><a href=\"https:\/\/justvape.nu\/wp-content\/uploads\/2021\/06\/Specifications1.png\"><img loading=\"lazy\" decoding=\"async\" class=\"alignnone size-full wp-image-390997\" src=\"https:\/\/justvape.nu\/wp-content\/uploads\/2021\/06\/Specifications1.png\" alt=\"\" width=\"950\" height=\"64\" title=\"\" srcset=\"https:\/\/justvape.nu\/wp-content\/uploads\/2021\/06\/Specifications1.png 950w, https:\/\/justvape.nu\/wp-content\/uploads\/2021\/06\/Specifications1-600x40.png 600w, https:\/\/justvape.nu\/wp-content\/uploads\/2021\/06\/Specifications1-64x4.png 64w, https:\/\/justvape.nu\/wp-content\/uploads\/2021\/06\/Specifications1-300x20.png 300w, https:\/\/justvape.nu\/wp-content\/uploads\/2021\/06\/Specifications1-768x52.png 768w\" sizes=\"auto, (max-width: 950px) 100vw, 950px\" \/><\/a><\/p>\n<ul>\n<li><strong>M\u00e5tt:<\/strong> Kompakt och ergonomisk design f\u00f6r bekv\u00e4m hantering.<\/li>\n<li><strong>Batteri:<\/strong> Integrerat 1500mAh h\u00f6gkapacitetsbatteri f\u00f6r l\u00e4ngre vaping-sessioner.<\/li>\n<li><strong>Kapacitet f\u00f6r kapslar:<\/strong> Gener\u00f6s kapselkapacitet, vilket ger f\u00e4rre p\u00e5fyllningar och mer bekv\u00e4mlighet.<\/li>\n<li><strong>Kompatibilitet med coils:<\/strong> Anv\u00e4nder Uwells egenutvecklade Crown X-coils, vilket garanterar rik smak och t\u00e4t \u00e5ngproduktion.<\/li>\n<li><strong>Wattintervall:<\/strong> Justerbart wattal f\u00f6r att passa dina vapingpreferenser.<\/li>\n<li><strong>P\u00e5fyllningsmekanism:<\/strong> Praktiskt toppfyllningssystem f\u00f6r enkel och kladdfri p\u00e5fyllning.<\/li>\n<li><strong>Luftfl\u00f6de:<\/strong> Justerbart luftfl\u00f6dessystem f\u00f6r att finjustera din vapingupplevelse.<\/li>\n<\/ul>\n<p><a href=\"https:\/\/justvape.nu\/wp-content\/uploads\/2018\/05\/Packing-List.png\"><img loading=\"lazy\" decoding=\"async\" class=\"alignnone size-full wp-image-248468\" src=\"https:\/\/justvape.nu\/wp-content\/uploads\/2018\/05\/Packing-List.png\" alt=\"\" width=\"950\" height=\"64\" title=\"\" srcset=\"https:\/\/justvape.nu\/wp-content\/uploads\/2018\/05\/Packing-List.png 950w, https:\/\/justvape.nu\/wp-content\/uploads\/2018\/05\/Packing-List-600x40.png 600w, https:\/\/justvape.nu\/wp-content\/uploads\/2018\/05\/Packing-List-64x4.png 64w, https:\/\/justvape.nu\/wp-content\/uploads\/2018\/05\/Packing-List-300x20.png 300w, https:\/\/justvape.nu\/wp-content\/uploads\/2018\/05\/Packing-List-768x52.png 768w\" sizes=\"auto, (max-width: 950px) 100vw, 950px\" \/><\/a><\/p>\n<ul>\n<li>Uwell Crown X-enhet<\/li>\n<li>Krona X Pod<\/li>\n<li>Meshed 0.6ohm Uwell Crown X Reserv Coil<\/li>\n<li>USB-laddningskabel<\/li>\n<li>Anv\u00e4ndarmanual<\/li>\n<\/ul>\n","protected":false},"excerpt":{"rendered":"<p>UWELL &#8211; CROWN X POD<\/p>\n","protected":false},"featured_media":671776,"comment_status":"open","ping_status":"closed","template":"","meta":{"_acf_changed":false,"_uag_custom_page_level_css":"","site-sidebar-layout":"default","site-content-layout":"","ast-site-content-layout":"default","site-content-style":"default","site-sidebar-style":"default","ast-global-header-display":"","ast-banner-title-visibility":"","ast-main-header-display":"","ast-hfb-above-header-display":"","ast-hfb-below-header-display":"","ast-hfb-mobile-header-display":"","site-post-title":"","ast-breadcrumbs-content":"","ast-featured-img":"","footer-sml-layout":"","ast-disable-related-posts":"","theme-transparent-header-meta":"default","adv-header-id-meta":"","stick-header-meta":"default","header-above-stick-meta":"","header-main-stick-meta":"","header-below-stick-meta":"","astra-migrate-meta-layouts":"default","ast-page-background-enabled":"default","ast-page-background-meta":{"desktop":{"background-color":"","background-image":"","background-repeat":"repeat","background-position":"center center","background-size":"auto","background-attachment":"scroll","background-type":"","background-media":"","overlay-type":"","overlay-color":"","overlay-opacity":"","overlay-gradient":""},"tablet":{"background-color":"","background-image":"","background-repeat":"repeat","background-position":"center center","background-size":"auto","background-attachment":"scroll","background-type":"","background-media":"","overlay-type":"","overlay-color":"","overlay-opacity":"","overlay-gradient":""},"mobile":{"background-color":"","background-image":"","background-repeat":"repeat","background-position":"center center","background-size":"auto","background-attachment":"scroll","background-type":"","background-media":"","overlay-type":"","overlay-color":"","overlay-opacity":"","overlay-gradient":""}},"ast-content-background-meta":{"desktop":{"background-color":"var(--ast-global-color-5)","background-image":"","background-repeat":"repeat","background-position":"center center","background-size":"auto","background-attachment":"scroll","background-type":"","background-media":"","overlay-type":"","overlay-color":"","overlay-opacity":"","overlay-gradient":""},"tablet":{"background-color":"var(--ast-global-color-5)","background-image":"","background-repeat":"repeat","background-position":"center center","background-size":"auto","background-attachment":"scroll","background-type":"","background-media":"","overlay-type":"","overlay-color":"","overlay-opacity":"","overlay-gradient":""},"mobile":{"background-color":"var(--ast-global-color-5)","background-image":"","background-repeat":"repeat","background-position":"center center","background-size":"auto","background-attachment":"scroll","background-type":"","background-media":"","overlay-type":"","overlay-color":"","overlay-opacity":"","overlay-gradient":""}}},"product_brand":[],"product_cat":[2074,2532,2084,1903,2533,3436],"product_tag":[],"class_list":{"0":"post-672054","1":"product","2":"type-product","3":"status-publish","4":"has-post-thumbnail","6":"product_cat-e-cigaretter-sv","7":"product_cat-hardware-sv","8":"product_cat-nyborjarsatser-pods","9":"product_cat-new-products-sv","10":"product_cat-shop-by-brand-sv","11":"product_cat-uwell-sv","12":"desktop-align-center","13":"tablet-align-center","14":"mobile-align-center","15":"ast-product-gallery-layout-horizontal-slider","16":"ast-product-single-variable","17":"ast-product-tabs-layout-horizontal","19":"first","20":"instock","21":"sale","22":"taxable","23":"shipping-taxable","24":"purchasable","25":"product-type-variable"},"acf":[],"uagb_featured_image_src":{"full":["https:\/\/justvape.nu\/wp-content\/uploads\/2024\/02\/MCeENGh4.jpeg",600,600,false],"thumbnail":["https:\/\/justvape.nu\/wp-content\/uploads\/2024\/02\/MCeENGh4-150x150.jpeg",150,150,true],"medium":["https:\/\/justvape.nu\/wp-content\/uploads\/2024\/02\/MCeENGh4-300x300.jpeg",300,300,true],"medium_large":["https:\/\/justvape.nu\/wp-content\/uploads\/2024\/02\/MCeENGh4.jpeg",600,600,false],"large":["https:\/\/justvape.nu\/wp-content\/uploads\/2024\/02\/MCeENGh4.jpeg",600,600,false],"1536x1536":["https:\/\/justvape.nu\/wp-content\/uploads\/2024\/02\/MCeENGh4.jpeg",600,600,false],"2048x2048":["https:\/\/justvape.nu\/wp-content\/uploads\/2024\/02\/MCeENGh4.jpeg",600,600,false],"woocommerce_thumbnail":["https:\/\/justvape.nu\/wp-content\/uploads\/2024\/02\/MCeENGh4-300x300.jpeg",300,300,true],"woocommerce_single":["https:\/\/justvape.nu\/wp-content\/uploads\/2024\/02\/MCeENGh4.jpeg",600,600,false],"woocommerce_gallery_thumbnail":["https:\/\/justvape.nu\/wp-content\/uploads\/2024\/02\/MCeENGh4-100x100.jpeg",100,100,true],"dgwt-wcas-product-suggestion":["https:\/\/justvape.nu\/wp-content\/uploads\/2024\/02\/MCeENGh4-64x64.jpeg",64,64,true]},"uagb_author_info":{"display_name":"Kenneth Merkur","author_link":"https:\/\/justvape.nu\/sv\/author\/"},"uagb_comment_info":0,"uagb_excerpt":"UWELL - CROWN X POD","_links":{"self":[{"href":"https:\/\/justvape.nu\/sv\/wp-json\/wp\/v2\/product\/672054","targetHints":{"allow":["GET"]}}],"collection":[{"href":"https:\/\/justvape.nu\/sv\/wp-json\/wp\/v2\/product"}],"about":[{"href":"https:\/\/justvape.nu\/sv\/wp-json\/wp\/v2\/types\/product"}],"replies":[{"embeddable":true,"href":"https:\/\/justvape.nu\/sv\/wp-json\/wp\/v2\/comments?post=672054"}],"wp:featuredmedia":[{"embeddable":true,"href":"https:\/\/justvape.nu\/sv\/wp-json\/wp\/v2\/media\/671776"}],"wp:attachment":[{"href":"https:\/\/justvape.nu\/sv\/wp-json\/wp\/v2\/media?parent=672054"}],"wp:term":[{"taxonomy":"product_brand","embeddable":true,"href":"https:\/\/justvape.nu\/sv\/wp-json\/wp\/v2\/product_brand?post=672054"},{"taxonomy":"product_cat","embeddable":true,"href":"https:\/\/justvape.nu\/sv\/wp-json\/wp\/v2\/product_cat?post=672054"},{"taxonomy":"product_tag","embeddable":true,"href":"https:\/\/justvape.nu\/sv\/wp-json\/wp\/v2\/product_tag?post=672054"}],"curies":[{"name":"wp","href":"https:\/\/api.w.org\/{rel}","templated":true}]}}