{"id":669846,"date":"2024-02-01T09:28:31","date_gmt":"2024-02-01T08:28:31","guid":{"rendered":"https:\/\/justvape.nu\/produkt\/innokin-klypse-zip-kit\/"},"modified":"2024-02-05T11:13:35","modified_gmt":"2024-02-05T10:13:35","slug":"innokin-klypse-zip-kit","status":"publish","type":"product","link":"https:\/\/justvape.nu\/sv\/produkt\/innokin-klypse-zip-kit\/","title":{"rendered":"INNOKIN &#8211; KLYPSE ZIP KIT"},"content":{"rendered":"<h2>INNOKIN &#8211; KLYPSE ZIP KIT<\/h2>\n<p>Innokin Klypse Zip vape kit \u00e4r ett perfekt alternativ f\u00f6r vapers p\u00e5 alla erfarenhetsniv\u00e5er. Den drivs av ett inbyggt 650 mAh-batteri och h\u00e5ller dig ig\u00e5ng under l\u00e5nga perioder innan den beh\u00f6ver laddas. Den har en design som inspirerats av cigarett\u00e4ndare och inkluderar ett munstycksskydd som h\u00e5ller munstycket fritt fr\u00e5n damm och smuts. Den kompakta konstruktionen g\u00f6r dessutom att den l\u00e4tt f\u00e5r plats i fickan. F\u00f6r att hj\u00e4lpa dig komma ig\u00e5ng inneh\u00e5ller varje kit en p\u00e5fyllningsbar pod och en inbyggd 1,2 Ohm mesh coil, som \u00e4r utformad f\u00f6r att producera en MTL (Mouth To Lung) inandning.<\/p>\n<p><a href=\"https:\/\/justvape.nu\/wp-content\/uploads\/2018\/05\/Color-Schemes.png\"><img loading=\"lazy\" decoding=\"async\" class=\"alignnone size-full wp-image-19187\" src=\"https:\/\/justvape.nu\/wp-content\/uploads\/2018\/05\/Color-Schemes.png\" alt=\"\" width=\"950\" height=\"64\" title=\"\" srcset=\"https:\/\/justvape.nu\/wp-content\/uploads\/2018\/05\/Color-Schemes.png 950w, https:\/\/justvape.nu\/wp-content\/uploads\/2018\/05\/Color-Schemes-555x37.png 555w, https:\/\/justvape.nu\/wp-content\/uploads\/2018\/05\/Color-Schemes-64x4.png 64w, https:\/\/justvape.nu\/wp-content\/uploads\/2018\/05\/Color-Schemes-300x20.png 300w, https:\/\/justvape.nu\/wp-content\/uploads\/2018\/05\/Color-Schemes-768x52.png 768w\" sizes=\"auto, (max-width: 950px) 100vw, 950px\" \/><\/a><\/p>\n<p class=\"description-img-center\"><a href=\"https:\/\/justvape.nu\/wp-content\/uploads\/2024\/02\/Innokin_Klypse_Zip_Kit_Colors.jpg\"><img loading=\"lazy\" decoding=\"async\" class=\"alignnone size-full wp-image-669676\" src=\"https:\/\/justvape.nu\/wp-content\/uploads\/2024\/02\/Innokin_Klypse_Zip_Kit_Colors.jpg\" alt=\"\" width=\"800\" height=\"632\" title=\"\" srcset=\"https:\/\/justvape.nu\/wp-content\/uploads\/2024\/02\/Innokin_Klypse_Zip_Kit_Colors.jpg 800w, https:\/\/justvape.nu\/wp-content\/uploads\/2024\/02\/Innokin_Klypse_Zip_Kit_Colors-600x474.jpg 600w, https:\/\/justvape.nu\/wp-content\/uploads\/2024\/02\/Innokin_Klypse_Zip_Kit_Colors-64x51.jpg 64w, https:\/\/justvape.nu\/wp-content\/uploads\/2024\/02\/Innokin_Klypse_Zip_Kit_Colors-300x237.jpg 300w, https:\/\/justvape.nu\/wp-content\/uploads\/2024\/02\/Innokin_Klypse_Zip_Kit_Colors-768x607.jpg 768w\" sizes=\"auto, (max-width: 800px) 100vw, 800px\" \/><\/a><\/p>\n<div class=\"shop-features \">\n<h2 class=\"shop-features-title \"><a href=\"https:\/\/justvape.nu\/wp-content\/uploads\/2018\/05\/Specifications.png\"><img loading=\"lazy\" decoding=\"async\" class=\"alignnone size-full wp-image-248449\" src=\"https:\/\/justvape.nu\/wp-content\/uploads\/2018\/05\/Specifications.png\" alt=\"\" width=\"950\" height=\"64\" title=\"\" srcset=\"https:\/\/justvape.nu\/wp-content\/uploads\/2018\/05\/Specifications.png 950w, https:\/\/justvape.nu\/wp-content\/uploads\/2018\/05\/Specifications-600x40.png 600w, https:\/\/justvape.nu\/wp-content\/uploads\/2018\/05\/Specifications-64x4.png 64w, https:\/\/justvape.nu\/wp-content\/uploads\/2018\/05\/Specifications-300x20.png 300w, https:\/\/justvape.nu\/wp-content\/uploads\/2018\/05\/Specifications-768x52.png 768w\" sizes=\"auto, (max-width: 950px) 100vw, 950px\" \/><\/a><\/h2>\n<\/div>\n<table class=\"description-table\">\n<tbody>\n<tr>\n<td class=\"strong-title \">varum\u00e4rke<\/td>\n<td class=\"inline\">Innokin<\/td>\n<\/tr>\n<tr>\n<td class=\"strong-title \">produktnamn<\/td>\n<td class=\"inline\">Klypse Zip Pod-sats<\/td>\n<\/tr>\n<tr>\n<td class=\"strong-title \">Enhetens dimensioner<\/td>\n<td class=\"inline\">67,8*44,5*17,0 mm<\/td>\n<\/tr>\n<tr>\n<td class=\"strong-title \">Kroppsmaterial<\/td>\n<td class=\"inline\">Aluminiumlegering och plast<\/td>\n<\/tr>\n<tr>\n<td class=\"strong-title \">Batteri<\/td>\n<td class=\"inline\">650 mAh<\/td>\n<\/tr>\n<tr>\n<td class=\"strong-title \">Min\/Max wattal<\/td>\n<td class=\"inline\">14,5 W (0,8ohm Pod)\/10,0 W (1,2ohm Pod)<\/td>\n<\/tr>\n<tr>\n<td class=\"strong-title \">Min\/Max Sp\u00e4nning<\/td>\n<td class=\"inline\">3.4V<\/td>\n<\/tr>\n<tr>\n<td class=\"strong-title \">Laddningsstr\u00f6m<\/td>\n<td class=\"inline\">750mAh\/DC 5,0V<\/td>\n<\/tr>\n<tr>\n<td class=\"strong-title \">Kapacitet<\/td>\n<td class=\"inline\">2 ml<\/td>\n<\/tr>\n<tr>\n<td class=\"strong-title \">Pod-kompatibel<\/td>\n<td class=\"inline\">Klypse Pod 0,8ohm\/1,2ohm, 1,7ohm Klypse C1 f\u00f6rfyllda pods<\/td>\n<\/tr>\n<tr>\n<td class=\"strong-title \">F\u00e4rg<\/td>\n<td class=\"inline\">Scharlakansr\u00f6d, Mint, Indigo, Kol, Blush, Lila, P\u00e4rla, Grafit<\/td>\n<\/tr>\n<\/tbody>\n<\/table>\n<div class=\"shop-features \">\n<h2 class=\"shop-features-title \"><a href=\"https:\/\/justvape.nu\/wp-content\/uploads\/2018\/05\/Features.png\"><img loading=\"lazy\" decoding=\"async\" class=\"alignnone size-full wp-image-248458\" src=\"https:\/\/justvape.nu\/wp-content\/uploads\/2018\/05\/Features.png\" alt=\"\" width=\"950\" height=\"64\" title=\"\" srcset=\"https:\/\/justvape.nu\/wp-content\/uploads\/2018\/05\/Features.png 950w, https:\/\/justvape.nu\/wp-content\/uploads\/2018\/05\/Features-600x40.png 600w, https:\/\/justvape.nu\/wp-content\/uploads\/2018\/05\/Features-64x4.png 64w, https:\/\/justvape.nu\/wp-content\/uploads\/2018\/05\/Features-300x20.png 300w, https:\/\/justvape.nu\/wp-content\/uploads\/2018\/05\/Features-768x52.png 768w\" sizes=\"auto, (max-width: 950px) 100vw, 950px\" \/><\/a><\/h2>\n<\/div>\n<ul>\n<li style=\"list-style-type: none;\">\n<ul>\n<li>1. S\u00e4tt fast dammskyddsk\u00e5pan<\/li>\n<li>2. Kostnadseffektiv<\/li>\n<li>3. Den nya 1,2ohm-podden f\u00f6rl\u00e4nger batteriets och coilens livsl\u00e4ngd<\/li>\n<li>4. 650mAh batteri<\/li>\n<li>5. Utformning av nyckelband<\/li>\n<li>6. Ultrakompakt design, i fickformat<\/li>\n<li>7. LED str\u00f6mindikator<\/li>\n<li>8. Vacker satinfinish och ergonomisk form<\/li>\n<\/ul>\n<\/li>\n<\/ul>\n<div class=\"img-show-more\">\n<div id=\"img_content_less\" class=\"img-content add-more\">\n<p class=\"description-img-center\"><a href=\"https:\/\/justvape.nu\/wp-content\/uploads\/2024\/02\/Innokin_Klypse_Zip_Kit_Compact.jpg\"><img loading=\"lazy\" decoding=\"async\" class=\"alignnone size-full wp-image-669692\" src=\"https:\/\/justvape.nu\/wp-content\/uploads\/2024\/02\/Innokin_Klypse_Zip_Kit_Compact.jpg\" alt=\"\" width=\"831\" height=\"336\" title=\"\" srcset=\"https:\/\/justvape.nu\/wp-content\/uploads\/2024\/02\/Innokin_Klypse_Zip_Kit_Compact.jpg 831w, https:\/\/justvape.nu\/wp-content\/uploads\/2024\/02\/Innokin_Klypse_Zip_Kit_Compact-600x243.jpg 600w, https:\/\/justvape.nu\/wp-content\/uploads\/2024\/02\/Innokin_Klypse_Zip_Kit_Compact-64x26.jpg 64w, https:\/\/justvape.nu\/wp-content\/uploads\/2024\/02\/Innokin_Klypse_Zip_Kit_Compact-300x121.jpg 300w, https:\/\/justvape.nu\/wp-content\/uploads\/2024\/02\/Innokin_Klypse_Zip_Kit_Compact-768x311.jpg 768w\" sizes=\"auto, (max-width: 831px) 100vw, 831px\" \/><\/a>  <a href=\"https:\/\/justvape.nu\/wp-content\/uploads\/2024\/02\/Innokin_Klypse_Zip_Kit_Dustproof_Cap.jpg\"><img loading=\"lazy\" decoding=\"async\" class=\"alignnone size-full wp-image-669708\" src=\"https:\/\/justvape.nu\/wp-content\/uploads\/2024\/02\/Innokin_Klypse_Zip_Kit_Dustproof_Cap.jpg\" alt=\"\" width=\"831\" height=\"467\" title=\"\" srcset=\"https:\/\/justvape.nu\/wp-content\/uploads\/2024\/02\/Innokin_Klypse_Zip_Kit_Dustproof_Cap.jpg 831w, https:\/\/justvape.nu\/wp-content\/uploads\/2024\/02\/Innokin_Klypse_Zip_Kit_Dustproof_Cap-600x337.jpg 600w, https:\/\/justvape.nu\/wp-content\/uploads\/2024\/02\/Innokin_Klypse_Zip_Kit_Dustproof_Cap-64x36.jpg 64w, https:\/\/justvape.nu\/wp-content\/uploads\/2024\/02\/Innokin_Klypse_Zip_Kit_Dustproof_Cap-300x169.jpg 300w, https:\/\/justvape.nu\/wp-content\/uploads\/2024\/02\/Innokin_Klypse_Zip_Kit_Dustproof_Cap-768x432.jpg 768w\" sizes=\"auto, (max-width: 831px) 100vw, 831px\" \/><\/a><\/p>\n<p class=\"description-img-center\"><a href=\"https:\/\/justvape.nu\/wp-content\/uploads\/2018\/05\/Packing-List.png\"><img loading=\"lazy\" decoding=\"async\" class=\"alignnone size-full wp-image-18995\" src=\"https:\/\/justvape.nu\/wp-content\/uploads\/2018\/05\/Packing-List.png\" alt=\"\" width=\"950\" height=\"64\" title=\"\" srcset=\"https:\/\/justvape.nu\/wp-content\/uploads\/2018\/05\/Packing-List.png 950w, https:\/\/justvape.nu\/wp-content\/uploads\/2018\/05\/Packing-List-555x37.png 555w, https:\/\/justvape.nu\/wp-content\/uploads\/2018\/05\/Packing-List-64x4.png 64w, https:\/\/justvape.nu\/wp-content\/uploads\/2018\/05\/Packing-List-300x20.png 300w, https:\/\/justvape.nu\/wp-content\/uploads\/2018\/05\/Packing-List-768x52.png 768w\" sizes=\"auto, (max-width: 950px) 100vw, 950px\" \/><\/a><\/p>\n<\/div>\n<\/div>\n<p>1* Klypse Zip Mod (650mAh)<br \/>\n1* Klypse Pod (2ml, 1.2ohm Coil installerad)<br \/>\n1* Klypse Zip skyddande keps<br \/>\n1* Snabbstartsguide<\/p>\n<div class=\"shop-features \"><\/div>\n","protected":false},"excerpt":{"rendered":"<p>INNOKIN &#8211; KLYPSE ZIP KIT<\/p>\n","protected":false},"featured_media":669733,"comment_status":"open","ping_status":"closed","template":"","meta":{"_acf_changed":false,"_uag_custom_page_level_css":"","site-sidebar-layout":"default","site-content-layout":"","ast-site-content-layout":"default","site-content-style":"default","site-sidebar-style":"default","ast-global-header-display":"","ast-banner-title-visibility":"","ast-main-header-display":"","ast-hfb-above-header-display":"","ast-hfb-below-header-display":"","ast-hfb-mobile-header-display":"","site-post-title":"","ast-breadcrumbs-content":"","ast-featured-img":"","footer-sml-layout":"","ast-disable-related-posts":"","theme-transparent-header-meta":"default","adv-header-id-meta":"","stick-header-meta":"default","header-above-stick-meta":"","header-main-stick-meta":"","header-below-stick-meta":"","astra-migrate-meta-layouts":"default","ast-page-background-enabled":"default","ast-page-background-meta":{"desktop":{"background-color":"","background-image":"","background-repeat":"repeat","background-position":"center center","background-size":"auto","background-attachment":"scroll","background-type":"","background-media":"","overlay-type":"","overlay-color":"","overlay-opacity":"","overlay-gradient":""},"tablet":{"background-color":"","background-image":"","background-repeat":"repeat","background-position":"center center","background-size":"auto","background-attachment":"scroll","background-type":"","background-media":"","overlay-type":"","overlay-color":"","overlay-opacity":"","overlay-gradient":""},"mobile":{"background-color":"","background-image":"","background-repeat":"repeat","background-position":"center center","background-size":"auto","background-attachment":"scroll","background-type":"","background-media":"","overlay-type":"","overlay-color":"","overlay-opacity":"","overlay-gradient":""}},"ast-content-background-meta":{"desktop":{"background-color":"var(--ast-global-color-5)","background-image":"","background-repeat":"repeat","background-position":"center center","background-size":"auto","background-attachment":"scroll","background-type":"","background-media":"","overlay-type":"","overlay-color":"","overlay-opacity":"","overlay-gradient":""},"tablet":{"background-color":"var(--ast-global-color-5)","background-image":"","background-repeat":"repeat","background-position":"center center","background-size":"auto","background-attachment":"scroll","background-type":"","background-media":"","overlay-type":"","overlay-color":"","overlay-opacity":"","overlay-gradient":""},"mobile":{"background-color":"var(--ast-global-color-5)","background-image":"","background-repeat":"repeat","background-position":"center center","background-size":"auto","background-attachment":"scroll","background-type":"","background-media":"","overlay-type":"","overlay-color":"","overlay-opacity":"","overlay-gradient":""}}},"product_brand":[],"product_cat":[2074,2532,2544,2084,1903,2533],"product_tag":[],"class_list":{"0":"post-669846","1":"product","2":"type-product","3":"status-publish","4":"has-post-thumbnail","6":"product_cat-e-cigaretter-sv","7":"product_cat-hardware-sv","8":"product_cat-innokin-sv","9":"product_cat-nyborjarsatser-pods","10":"product_cat-new-products-sv","11":"product_cat-shop-by-brand-sv","12":"desktop-align-center","13":"tablet-align-center","14":"mobile-align-center","15":"ast-product-gallery-layout-horizontal-slider","16":"ast-product-single-variable","17":"ast-product-tabs-layout-horizontal","19":"first","20":"instock","21":"sale","22":"taxable","23":"shipping-taxable","24":"purchasable","25":"product-type-variable"},"acf":[],"uagb_featured_image_src":{"full":["https:\/\/justvape.nu\/wp-content\/uploads\/2024\/02\/NXkX1YDV.jpeg",600,600,false],"thumbnail":["https:\/\/justvape.nu\/wp-content\/uploads\/2024\/02\/NXkX1YDV-150x150.jpeg",150,150,true],"medium":["https:\/\/justvape.nu\/wp-content\/uploads\/2024\/02\/NXkX1YDV-300x300.jpeg",300,300,true],"medium_large":["https:\/\/justvape.nu\/wp-content\/uploads\/2024\/02\/NXkX1YDV.jpeg",600,600,false],"large":["https:\/\/justvape.nu\/wp-content\/uploads\/2024\/02\/NXkX1YDV.jpeg",600,600,false],"1536x1536":["https:\/\/justvape.nu\/wp-content\/uploads\/2024\/02\/NXkX1YDV.jpeg",600,600,false],"2048x2048":["https:\/\/justvape.nu\/wp-content\/uploads\/2024\/02\/NXkX1YDV.jpeg",600,600,false],"woocommerce_thumbnail":["https:\/\/justvape.nu\/wp-content\/uploads\/2024\/02\/NXkX1YDV-300x300.jpeg",300,300,true],"woocommerce_single":["https:\/\/justvape.nu\/wp-content\/uploads\/2024\/02\/NXkX1YDV.jpeg",600,600,false],"woocommerce_gallery_thumbnail":["https:\/\/justvape.nu\/wp-content\/uploads\/2024\/02\/NXkX1YDV-100x100.jpeg",100,100,true],"dgwt-wcas-product-suggestion":["https:\/\/justvape.nu\/wp-content\/uploads\/2024\/02\/NXkX1YDV-64x64.jpeg",64,64,true]},"uagb_author_info":{"display_name":"Kenneth Merkur","author_link":"https:\/\/justvape.nu\/sv\/author\/"},"uagb_comment_info":0,"uagb_excerpt":"INNOKIN - KLYPSE ZIP KIT","_links":{"self":[{"href":"https:\/\/justvape.nu\/sv\/wp-json\/wp\/v2\/product\/669846","targetHints":{"allow":["GET"]}}],"collection":[{"href":"https:\/\/justvape.nu\/sv\/wp-json\/wp\/v2\/product"}],"about":[{"href":"https:\/\/justvape.nu\/sv\/wp-json\/wp\/v2\/types\/product"}],"replies":[{"embeddable":true,"href":"https:\/\/justvape.nu\/sv\/wp-json\/wp\/v2\/comments?post=669846"}],"wp:featuredmedia":[{"embeddable":true,"href":"https:\/\/justvape.nu\/sv\/wp-json\/wp\/v2\/media\/669733"}],"wp:attachment":[{"href":"https:\/\/justvape.nu\/sv\/wp-json\/wp\/v2\/media?parent=669846"}],"wp:term":[{"taxonomy":"product_brand","embeddable":true,"href":"https:\/\/justvape.nu\/sv\/wp-json\/wp\/v2\/product_brand?post=669846"},{"taxonomy":"product_cat","embeddable":true,"href":"https:\/\/justvape.nu\/sv\/wp-json\/wp\/v2\/product_cat?post=669846"},{"taxonomy":"product_tag","embeddable":true,"href":"https:\/\/justvape.nu\/sv\/wp-json\/wp\/v2\/product_tag?post=669846"}],"curies":[{"name":"wp","href":"https:\/\/api.w.org\/{rel}","templated":true}]}}