{"id":665653,"date":"2024-01-20T19:34:37","date_gmt":"2024-01-20T18:34:37","guid":{"rendered":"https:\/\/justvape.nu\/produkt\/voopoo-doric-e-kit\/"},"modified":"2024-02-05T11:13:41","modified_gmt":"2024-02-05T10:13:41","slug":"voopoo-doric-e-kit","status":"publish","type":"product","link":"https:\/\/justvape.nu\/sv\/produkt\/voopoo-doric-e-kit\/","title":{"rendered":"VOOPOO &#8211; DORIC E KIT"},"content":{"rendered":"<h2>VOOPOO &#8211; DORIC E KIT<\/h2>\n<p>VooPoo Doric E pod kit \u00e4r det perfekta valet om du letar efter n\u00e5got kompakt men slitstarkt. Den drivs av ett 1500 mAh-batteri med l\u00e5ng livsl\u00e4ngd och klarar en uteffekt p\u00e5 5-25 W, klarar sig l\u00e4ngre mellan laddningarna och ger en autentisk MTL-vape (Mouth to Lung). Kompatibel med det breda utbudet av Voopoo ITO coils, med en inkluderad f\u00f6r att komma ig\u00e5ng, kan du enkelt skr\u00e4ddarsy k\u00e4nslan av din vape. Dess enkla design g\u00f6r den idealisk f\u00f6r nyb\u00f6rjare, men Doric E har tillr\u00e4ckligt med anpassningsm\u00f6jligheter f\u00f6r att \u00e4ven tillfredsst\u00e4lla erfarna anv\u00e4ndare.<\/p>\n<p class=\"description-img-center\"><a href=\"https:\/\/justvape.nu\/wp-content\/uploads\/2018\/05\/Color-Schemes.png\"><img loading=\"lazy\" decoding=\"async\" class=\"alignnone size-full wp-image-249099\" src=\"https:\/\/justvape.nu\/wp-content\/uploads\/2018\/05\/Color-Schemes.png\" alt=\"\" width=\"950\" height=\"64\" title=\"\" srcset=\"https:\/\/justvape.nu\/wp-content\/uploads\/2018\/05\/Color-Schemes.png 950w, https:\/\/justvape.nu\/wp-content\/uploads\/2018\/05\/Color-Schemes-600x40.png 600w, https:\/\/justvape.nu\/wp-content\/uploads\/2018\/05\/Color-Schemes-64x4.png 64w, https:\/\/justvape.nu\/wp-content\/uploads\/2018\/05\/Color-Schemes-300x20.png 300w, https:\/\/justvape.nu\/wp-content\/uploads\/2018\/05\/Color-Schemes-768x52.png 768w\" sizes=\"auto, (max-width: 950px) 100vw, 950px\" \/><\/a><\/p>\n<p><a href=\"https:\/\/justvape.nu\/wp-content\/uploads\/2024\/01\/VOOPOO_Doric_E_Kit_Full_Color-1.jpg\"><img loading=\"lazy\" decoding=\"async\" class=\"alignnone wp-image-665525\" src=\"https:\/\/justvape.nu\/wp-content\/uploads\/2024\/01\/VOOPOO_Doric_E_Kit_Full_Color-1.jpg\" alt=\"\" width=\"934\" height=\"558\" title=\"\" srcset=\"https:\/\/justvape.nu\/wp-content\/uploads\/2024\/01\/VOOPOO_Doric_E_Kit_Full_Color-1.jpg 740w, https:\/\/justvape.nu\/wp-content\/uploads\/2024\/01\/VOOPOO_Doric_E_Kit_Full_Color-1-600x358.jpg 600w, https:\/\/justvape.nu\/wp-content\/uploads\/2024\/01\/VOOPOO_Doric_E_Kit_Full_Color-1-64x38.jpg 64w, https:\/\/justvape.nu\/wp-content\/uploads\/2024\/01\/VOOPOO_Doric_E_Kit_Full_Color-1-300x179.jpg 300w\" sizes=\"auto, (max-width: 934px) 100vw, 934px\" \/><\/a><\/p>\n<div class=\"shop-features \">\n<h2 class=\"shop-features-title \"><a href=\"https:\/\/justvape.nu\/wp-content\/uploads\/2018\/05\/Specifications.png\"><img loading=\"lazy\" decoding=\"async\" class=\"alignnone size-full wp-image-248448\" src=\"https:\/\/justvape.nu\/wp-content\/uploads\/2018\/05\/Specifications.png\" alt=\"\" width=\"950\" height=\"64\" title=\"\" srcset=\"https:\/\/justvape.nu\/wp-content\/uploads\/2018\/05\/Specifications.png 950w, https:\/\/justvape.nu\/wp-content\/uploads\/2018\/05\/Specifications-600x40.png 600w, https:\/\/justvape.nu\/wp-content\/uploads\/2018\/05\/Specifications-64x4.png 64w, https:\/\/justvape.nu\/wp-content\/uploads\/2018\/05\/Specifications-300x20.png 300w, https:\/\/justvape.nu\/wp-content\/uploads\/2018\/05\/Specifications-768x52.png 768w\" sizes=\"auto, (max-width: 950px) 100vw, 950px\" \/><\/a><\/h2>\n<\/div>\n<table class=\"description-table\">\n<tbody>\n<tr>\n<td class=\"strong-title \">varum\u00e4rke<\/td>\n<td class=\"inline\">VOOPOO<\/td>\n<\/tr>\n<tr>\n<td class=\"strong-title \">produktnamn<\/td>\n<td class=\"inline\">Doric E Kit<\/td>\n<\/tr>\n<tr>\n<td class=\"strong-title \">Batterikapacitet<\/td>\n<td class=\"inline\">Inbyggt batteri p\u00e5 1500 mAh<\/td>\n<\/tr>\n<tr>\n<td class=\"strong-title \">Effektomr\u00e5de<\/td>\n<td class=\"inline\">\u226425W<\/td>\n<\/tr>\n<tr>\n<td class=\"strong-title \">Kapacitet kapacitet<\/td>\n<td class=\"inline\">2 ml TPD<\/td>\n<\/tr>\n<tr>\n<td class=\"strong-title \">Fyllning<\/td>\n<td class=\"inline\">Sidofyllning<\/td>\n<\/tr>\n<tr>\n<td class=\"strong-title \">Passar f\u00f6r<\/td>\n<td class=\"inline\">VOOPOO ITO Pod Cartridge, VOOPOO ITO-X Pod, VOOPOO ITO Coil<\/td>\n<\/tr>\n<tr>\n<td class=\"strong-title \">Material<\/td>\n<td class=\"inline\">Zinklegering+l\u00e4der+PCTG<\/td>\n<\/tr>\n<tr>\n<td class=\"strong-title \">Produktstorlek<\/td>\n<td class=\"inline\">113,06*24,4*28,14 mm<\/td>\n<\/tr>\n<tr>\n<td class=\"strong-title \">F\u00f6rpackningsstorlek<\/td>\n<td class=\"inline\">131,5*58*37 mm<\/td>\n<\/tr>\n<tr>\n<td class=\"strong-title \"><\/td>\n<td class=\"inline\"><\/td>\n<\/tr>\n<tr>\n<td class=\"strong-title \">F\u00e4rg<\/td>\n<td class=\"inline\">Klassisk brun, svart, bl\u00e5 &amp; lila, rosa, cyan, orange<\/td>\n<\/tr>\n<\/tbody>\n<\/table>\n<div class=\"shop-features \">\n<h2 class=\"shop-features-title \"><a href=\"https:\/\/justvape.nu\/wp-content\/uploads\/2018\/05\/Features.png\"><img loading=\"lazy\" decoding=\"async\" class=\"alignnone size-full wp-image-18994\" src=\"https:\/\/justvape.nu\/wp-content\/uploads\/2018\/05\/Features.png\" alt=\"\" width=\"950\" height=\"64\" title=\"\" srcset=\"https:\/\/justvape.nu\/wp-content\/uploads\/2018\/05\/Features.png 950w, https:\/\/justvape.nu\/wp-content\/uploads\/2018\/05\/Features-555x37.png 555w, https:\/\/justvape.nu\/wp-content\/uploads\/2018\/05\/Features-64x4.png 64w, https:\/\/justvape.nu\/wp-content\/uploads\/2018\/05\/Features-300x20.png 300w, https:\/\/justvape.nu\/wp-content\/uploads\/2018\/05\/Features-768x52.png 768w\" sizes=\"auto, (max-width: 950px) 100vw, 950px\" \/><\/a><\/h2>\n<\/div>\n<ul>\n<li style=\"list-style-type: none;\">\n<ul>\n<li>1. Inbyggt 1500mAh-batteri med max 25W<\/li>\n<li>2. Stegl\u00f6s justering av luftfl\u00f6det<\/li>\n<li>3. 3-f\u00e4rgad LED-indikator som visar batteristatus<\/li>\n<li>4. 2 ml kapacitet, enkelt p\u00e5fyllningssystem p\u00e5 sidan<\/li>\n<li>5. Passar f\u00f6r ITO Pod, ITO-X Pod och ITO Coil<\/li>\n<\/ul>\n<\/li>\n<\/ul>\n<div class=\"img-show-more\">\n<div id=\"img_content_less\" class=\"img-content add-more\">\n<p class=\"description-img-center\"><a href=\"https:\/\/justvape.nu\/wp-content\/uploads\/2024\/01\/VOOPOO_Doric_E_Kit_Buttom_Anti_Skid_Design.jpg\"><img loading=\"lazy\" decoding=\"async\" class=\"alignnone size-full wp-image-665533\" src=\"https:\/\/justvape.nu\/wp-content\/uploads\/2024\/01\/VOOPOO_Doric_E_Kit_Buttom_Anti_Skid_Design.jpg\" alt=\"\" width=\"831\" height=\"484\" title=\"\" srcset=\"https:\/\/justvape.nu\/wp-content\/uploads\/2024\/01\/VOOPOO_Doric_E_Kit_Buttom_Anti_Skid_Design.jpg 831w, https:\/\/justvape.nu\/wp-content\/uploads\/2024\/01\/VOOPOO_Doric_E_Kit_Buttom_Anti_Skid_Design-600x349.jpg 600w, https:\/\/justvape.nu\/wp-content\/uploads\/2024\/01\/VOOPOO_Doric_E_Kit_Buttom_Anti_Skid_Design-64x37.jpg 64w, https:\/\/justvape.nu\/wp-content\/uploads\/2024\/01\/VOOPOO_Doric_E_Kit_Buttom_Anti_Skid_Design-300x175.jpg 300w, https:\/\/justvape.nu\/wp-content\/uploads\/2024\/01\/VOOPOO_Doric_E_Kit_Buttom_Anti_Skid_Design-768x447.jpg 768w\" sizes=\"auto, (max-width: 831px) 100vw, 831px\" \/><\/a> <a href=\"https:\/\/justvape.nu\/wp-content\/uploads\/2024\/01\/VOOPOO_Doric_E_Kit_Battery_Capacity.jpg\"><img loading=\"lazy\" decoding=\"async\" class=\"alignnone size-full wp-image-665541\" src=\"https:\/\/justvape.nu\/wp-content\/uploads\/2024\/01\/VOOPOO_Doric_E_Kit_Battery_Capacity.jpg\" alt=\"\" width=\"831\" height=\"319\" title=\"\" srcset=\"https:\/\/justvape.nu\/wp-content\/uploads\/2024\/01\/VOOPOO_Doric_E_Kit_Battery_Capacity.jpg 831w, https:\/\/justvape.nu\/wp-content\/uploads\/2024\/01\/VOOPOO_Doric_E_Kit_Battery_Capacity-600x230.jpg 600w, https:\/\/justvape.nu\/wp-content\/uploads\/2024\/01\/VOOPOO_Doric_E_Kit_Battery_Capacity-64x25.jpg 64w, https:\/\/justvape.nu\/wp-content\/uploads\/2024\/01\/VOOPOO_Doric_E_Kit_Battery_Capacity-300x115.jpg 300w, https:\/\/justvape.nu\/wp-content\/uploads\/2024\/01\/VOOPOO_Doric_E_Kit_Battery_Capacity-768x295.jpg 768w\" sizes=\"auto, (max-width: 831px) 100vw, 831px\" \/><\/a><\/p>\n<\/div>\n<p><a href=\"https:\/\/justvape.nu\/wp-content\/uploads\/2018\/05\/Packing-List.png\"><img loading=\"lazy\" decoding=\"async\" class=\"alignnone size-full wp-image-18995\" src=\"https:\/\/justvape.nu\/wp-content\/uploads\/2018\/05\/Packing-List.png\" alt=\"\" width=\"950\" height=\"64\" title=\"\" srcset=\"https:\/\/justvape.nu\/wp-content\/uploads\/2018\/05\/Packing-List.png 950w, https:\/\/justvape.nu\/wp-content\/uploads\/2018\/05\/Packing-List-555x37.png 555w, https:\/\/justvape.nu\/wp-content\/uploads\/2018\/05\/Packing-List-64x4.png 64w, https:\/\/justvape.nu\/wp-content\/uploads\/2018\/05\/Packing-List-300x20.png 300w, https:\/\/justvape.nu\/wp-content\/uploads\/2018\/05\/Packing-List-768x52.png 768w\" sizes=\"auto, (max-width: 950px) 100vw, 950px\" \/><\/a><\/div>\n<p>1* Dorisk E-enhet<br \/>\n1* ITO-podd 2 ml TPD<br \/>\n1* ITO-M1 (0,7\u03a9)<br \/>\n1 * Type-C-kabel<br \/>\n1 * Anv\u00e4ndarmanual<\/p>\n","protected":false},"excerpt":{"rendered":"<p>VOOPOO &#8211; DORIC E KIT<\/p>\n","protected":false},"featured_media":667455,"comment_status":"open","ping_status":"closed","template":"","meta":{"_acf_changed":false,"_uag_custom_page_level_css":"","site-sidebar-layout":"default","site-content-layout":"","ast-site-content-layout":"default","site-content-style":"default","site-sidebar-style":"default","ast-global-header-display":"","ast-banner-title-visibility":"","ast-main-header-display":"","ast-hfb-above-header-display":"","ast-hfb-below-header-display":"","ast-hfb-mobile-header-display":"","site-post-title":"","ast-breadcrumbs-content":"","ast-featured-img":"","footer-sml-layout":"","ast-disable-related-posts":"","theme-transparent-header-meta":"default","adv-header-id-meta":"","stick-header-meta":"default","header-above-stick-meta":"","header-main-stick-meta":"","header-below-stick-meta":"","astra-migrate-meta-layouts":"default","ast-page-background-enabled":"default","ast-page-background-meta":{"desktop":{"background-color":"","background-image":"","background-repeat":"repeat","background-position":"center center","background-size":"auto","background-attachment":"scroll","background-type":"","background-media":"","overlay-type":"","overlay-color":"","overlay-opacity":"","overlay-gradient":""},"tablet":{"background-color":"","background-image":"","background-repeat":"repeat","background-position":"center center","background-size":"auto","background-attachment":"scroll","background-type":"","background-media":"","overlay-type":"","overlay-color":"","overlay-opacity":"","overlay-gradient":""},"mobile":{"background-color":"","background-image":"","background-repeat":"repeat","background-position":"center center","background-size":"auto","background-attachment":"scroll","background-type":"","background-media":"","overlay-type":"","overlay-color":"","overlay-opacity":"","overlay-gradient":""}},"ast-content-background-meta":{"desktop":{"background-color":"var(--ast-global-color-5)","background-image":"","background-repeat":"repeat","background-position":"center center","background-size":"auto","background-attachment":"scroll","background-type":"","background-media":"","overlay-type":"","overlay-color":"","overlay-opacity":"","overlay-gradient":""},"tablet":{"background-color":"var(--ast-global-color-5)","background-image":"","background-repeat":"repeat","background-position":"center center","background-size":"auto","background-attachment":"scroll","background-type":"","background-media":"","overlay-type":"","overlay-color":"","overlay-opacity":"","overlay-gradient":""},"mobile":{"background-color":"var(--ast-global-color-5)","background-image":"","background-repeat":"repeat","background-position":"center center","background-size":"auto","background-attachment":"scroll","background-type":"","background-media":"","overlay-type":"","overlay-color":"","overlay-opacity":"","overlay-gradient":""}}},"product_brand":[],"product_cat":[2074,2532,2084,1903,2533,2534],"product_tag":[],"class_list":{"0":"post-665653","1":"product","2":"type-product","3":"status-publish","4":"has-post-thumbnail","6":"product_cat-e-cigaretter-sv","7":"product_cat-hardware-sv","8":"product_cat-nyborjarsatser-pods","9":"product_cat-new-products-sv","10":"product_cat-shop-by-brand-sv","11":"product_cat-voopoo-sv","12":"desktop-align-center","13":"tablet-align-center","14":"mobile-align-center","15":"ast-product-gallery-layout-horizontal-slider","16":"ast-product-single-variable","17":"ast-product-tabs-layout-horizontal","19":"first","20":"instock","21":"sale","22":"taxable","23":"shipping-taxable","24":"purchasable","25":"product-type-variable"},"acf":[],"uagb_featured_image_src":{"full":["https:\/\/justvape.nu\/wp-content\/uploads\/2024\/01\/oejZJZuO.jpeg",600,600,false],"thumbnail":["https:\/\/justvape.nu\/wp-content\/uploads\/2024\/01\/oejZJZuO-150x150.jpeg",150,150,true],"medium":["https:\/\/justvape.nu\/wp-content\/uploads\/2024\/01\/oejZJZuO-300x300.jpeg",300,300,true],"medium_large":["https:\/\/justvape.nu\/wp-content\/uploads\/2024\/01\/oejZJZuO.jpeg",600,600,false],"large":["https:\/\/justvape.nu\/wp-content\/uploads\/2024\/01\/oejZJZuO.jpeg",600,600,false],"1536x1536":["https:\/\/justvape.nu\/wp-content\/uploads\/2024\/01\/oejZJZuO.jpeg",600,600,false],"2048x2048":["https:\/\/justvape.nu\/wp-content\/uploads\/2024\/01\/oejZJZuO.jpeg",600,600,false],"woocommerce_thumbnail":["https:\/\/justvape.nu\/wp-content\/uploads\/2024\/01\/oejZJZuO-300x300.jpeg",300,300,true],"woocommerce_single":["https:\/\/justvape.nu\/wp-content\/uploads\/2024\/01\/oejZJZuO.jpeg",600,600,false],"woocommerce_gallery_thumbnail":["https:\/\/justvape.nu\/wp-content\/uploads\/2024\/01\/oejZJZuO-100x100.jpeg",100,100,true],"dgwt-wcas-product-suggestion":["https:\/\/justvape.nu\/wp-content\/uploads\/2024\/01\/oejZJZuO-64x64.jpeg",64,64,true]},"uagb_author_info":{"display_name":"Kenneth Merkur","author_link":"https:\/\/justvape.nu\/sv\/author\/"},"uagb_comment_info":0,"uagb_excerpt":"VOOPOO - DORIC E KIT","_links":{"self":[{"href":"https:\/\/justvape.nu\/sv\/wp-json\/wp\/v2\/product\/665653","targetHints":{"allow":["GET"]}}],"collection":[{"href":"https:\/\/justvape.nu\/sv\/wp-json\/wp\/v2\/product"}],"about":[{"href":"https:\/\/justvape.nu\/sv\/wp-json\/wp\/v2\/types\/product"}],"replies":[{"embeddable":true,"href":"https:\/\/justvape.nu\/sv\/wp-json\/wp\/v2\/comments?post=665653"}],"wp:featuredmedia":[{"embeddable":true,"href":"https:\/\/justvape.nu\/sv\/wp-json\/wp\/v2\/media\/667455"}],"wp:attachment":[{"href":"https:\/\/justvape.nu\/sv\/wp-json\/wp\/v2\/media?parent=665653"}],"wp:term":[{"taxonomy":"product_brand","embeddable":true,"href":"https:\/\/justvape.nu\/sv\/wp-json\/wp\/v2\/product_brand?post=665653"},{"taxonomy":"product_cat","embeddable":true,"href":"https:\/\/justvape.nu\/sv\/wp-json\/wp\/v2\/product_cat?post=665653"},{"taxonomy":"product_tag","embeddable":true,"href":"https:\/\/justvape.nu\/sv\/wp-json\/wp\/v2\/product_tag?post=665653"}],"curies":[{"name":"wp","href":"https:\/\/api.w.org\/{rel}","templated":true}]}}