{"id":661221,"date":"2023-12-20T09:59:06","date_gmt":"2023-12-20T08:59:06","guid":{"rendered":"https:\/\/justvape.nu\/produkt\/voopoo-vmate-pro\/"},"modified":"2024-02-05T11:13:42","modified_gmt":"2024-02-05T10:13:42","slug":"voopoo-vmate-pro","status":"publish","type":"product","link":"https:\/\/justvape.nu\/sv\/produkt\/voopoo-vmate-pro\/","title":{"rendered":"VOOPOO &#8211; VMATE PRO"},"content":{"rendered":"<h2>VOOPOO &#8211; VMATE PRO<\/h2>\n<p>Voopoo Vmate Pro \u00e4r en banbrytande vaping-enhet som \u00e4r utformad f\u00f6r nya vapers och erfarna anv\u00e4ndare. Med sitt kraftfulla inbyggda 900 mAh-batteri garanterar detta kompakta kit l\u00e5nga vaping-sessioner, samtidigt som USB-C-laddningen garanterar snabb och effektiv laddning.<\/p>\n<p>Anpassa din vapingresa med Vmate Pros stegl\u00f6sa luftfl\u00f6deskontroll, s\u00e5 att du kan finjustera dragningen efter dina preferenser. Med ett justerbart effektintervall fr\u00e5n 5W till 25W passar detta podkit b\u00e5de nyb\u00f6rjare och erfarna vapers, och ger m\u00e5ngsidighet f\u00f6r en skr\u00e4ddarsydd upplevelse.<\/p>\n<p>Vmate Pro \u00e4r utformad f\u00f6r kompatibilitet och fungerar s\u00f6ml\u00f6st med Vmates ers\u00e4ttningskapslar. Dessa pods med 2 ml kapacitet har en design med sidofyllning som f\u00f6renklar p\u00e5fyllningsprocessen och minimerar stillest\u00e5ndstiden. Vmate Pro \u00e4r idealisk f\u00f6r v\u00e4tskor med nikotinsalt och ger en tillfredsst\u00e4llande och anpassningsbar MTL-vape.<\/p>\n<p><a href=\"https:\/\/justvape.nu\/wp-content\/uploads\/2018\/05\/Color-Schemes.png\"><img loading=\"lazy\" decoding=\"async\" class=\"alignnone size-full wp-image-19187\" src=\"https:\/\/justvape.nu\/wp-content\/uploads\/2018\/05\/Color-Schemes.png\" alt=\"\" width=\"950\" height=\"64\" title=\"\" srcset=\"https:\/\/justvape.nu\/wp-content\/uploads\/2018\/05\/Color-Schemes.png 950w, https:\/\/justvape.nu\/wp-content\/uploads\/2018\/05\/Color-Schemes-555x37.png 555w, https:\/\/justvape.nu\/wp-content\/uploads\/2018\/05\/Color-Schemes-64x4.png 64w, https:\/\/justvape.nu\/wp-content\/uploads\/2018\/05\/Color-Schemes-300x20.png 300w, https:\/\/justvape.nu\/wp-content\/uploads\/2018\/05\/Color-Schemes-768x52.png 768w\" sizes=\"auto, (max-width: 950px) 100vw, 950px\" \/><\/a><\/p>\n<p><a href=\"https:\/\/justvape.nu\/wp-content\/uploads\/2023\/12\/VOOPOO_Vmate_Pro_Kit_Full_Color.jpg\"><img loading=\"lazy\" decoding=\"async\" class=\"alignnone wp-image-661055\" src=\"https:\/\/justvape.nu\/wp-content\/uploads\/2023\/12\/VOOPOO_Vmate_Pro_Kit_Full_Color.jpg\" alt=\"\" width=\"940\" height=\"394\" title=\"\" srcset=\"https:\/\/justvape.nu\/wp-content\/uploads\/2023\/12\/VOOPOO_Vmate_Pro_Kit_Full_Color.jpg 792w, https:\/\/justvape.nu\/wp-content\/uploads\/2023\/12\/VOOPOO_Vmate_Pro_Kit_Full_Color-600x252.jpg 600w, https:\/\/justvape.nu\/wp-content\/uploads\/2023\/12\/VOOPOO_Vmate_Pro_Kit_Full_Color-64x27.jpg 64w, https:\/\/justvape.nu\/wp-content\/uploads\/2023\/12\/VOOPOO_Vmate_Pro_Kit_Full_Color-300x126.jpg 300w, https:\/\/justvape.nu\/wp-content\/uploads\/2023\/12\/VOOPOO_Vmate_Pro_Kit_Full_Color-768x322.jpg 768w\" sizes=\"auto, (max-width: 940px) 100vw, 940px\" \/><\/a><\/p>\n<div class=\"shop-features \">\n<h2 class=\"shop-features-title \"><a href=\"https:\/\/justvape.nu\/wp-content\/uploads\/2018\/05\/Specifications.png\"><img loading=\"lazy\" decoding=\"async\" class=\"alignnone size-full wp-image-248449\" src=\"https:\/\/justvape.nu\/wp-content\/uploads\/2018\/05\/Specifications.png\" alt=\"\" width=\"950\" height=\"64\" title=\"\" srcset=\"https:\/\/justvape.nu\/wp-content\/uploads\/2018\/05\/Specifications.png 950w, https:\/\/justvape.nu\/wp-content\/uploads\/2018\/05\/Specifications-600x40.png 600w, https:\/\/justvape.nu\/wp-content\/uploads\/2018\/05\/Specifications-64x4.png 64w, https:\/\/justvape.nu\/wp-content\/uploads\/2018\/05\/Specifications-300x20.png 300w, https:\/\/justvape.nu\/wp-content\/uploads\/2018\/05\/Specifications-768x52.png 768w\" sizes=\"auto, (max-width: 950px) 100vw, 950px\" \/><\/a><\/h2>\n<\/div>\n<table class=\"description-table\">\n<tbody>\n<tr>\n<td class=\"strong-title \">varum\u00e4rke<\/td>\n<td class=\"inline\">VOOPOO<\/td>\n<\/tr>\n<tr>\n<td class=\"strong-title \">produktnamn<\/td>\n<td class=\"inline\">Vmate Pro-kit<\/td>\n<\/tr>\n<tr>\n<td class=\"strong-title \">Batterikapacitet<\/td>\n<td class=\"inline\">Inbyggt 900 mAh-batteri<\/td>\n<\/tr>\n<tr>\n<td class=\"strong-title \">Laddning av batteri<\/td>\n<td class=\"inline\">Typ-C 5V\/2A<\/td>\n<\/tr>\n<tr>\n<td class=\"strong-title \">Uteffekt<\/td>\n<td class=\"inline\">5-25W<\/td>\n<\/tr>\n<tr>\n<td class=\"strong-title \">Samspel<\/td>\n<td class=\"inline\">0,69&#8221; OLED-display<\/td>\n<\/tr>\n<tr>\n<td class=\"strong-title \">Motst\u00e5nd (enhet)<\/td>\n<td class=\"inline\">0,6\u03a9-3,0\u03a9<\/td>\n<\/tr>\n<tr>\n<td class=\"strong-title \">Resistans (kassett)<\/td>\n<td class=\"inline\">0,15\u03a9-3,0\u03a9<\/td>\n<\/tr>\n<tr>\n<td class=\"strong-title \">Kapacitet<\/td>\n<td class=\"inline\">2 ml TPD<\/td>\n<\/tr>\n<tr>\n<td class=\"strong-title \">Fyllning<\/td>\n<td class=\"inline\">Sidofyllning<\/td>\n<\/tr>\n<tr>\n<td class=\"strong-title \">Patron ing\u00e5r<\/td>\n<td class=\"inline\">Vmate-patron V2 0,7\u03a9\/1,2\u03a9<\/td>\n<\/tr>\n<tr>\n<td class=\"strong-title \">Material<\/td>\n<td class=\"inline\">Aluminium, silikon, PCTG<\/td>\n<\/tr>\n<tr>\n<td class=\"strong-title \">Produktstorlek<\/td>\n<td class=\"inline\">97*28,5*15,5 mm<\/td>\n<\/tr>\n<tr>\n<td class=\"strong-title \">F\u00f6rpackningsstorlek<\/td>\n<td class=\"inline\">124*64*45mm<\/td>\n<\/tr>\n<tr>\n<td class=\"strong-title \"><\/td>\n<td class=\"inline\"><\/td>\n<\/tr>\n<tr>\n<td class=\"strong-title \">F\u00e4rg<\/td>\n<td class=\"inline\">rymdgr\u00e5, r\u00f6d, rosa, mintbl\u00e5, guld, ros\u00e9, gryningsbl\u00e5, neon<\/td>\n<\/tr>\n<\/tbody>\n<\/table>\n<div class=\"shop-features \">\n<h2 class=\"shop-features-title \"><a href=\"https:\/\/justvape.nu\/wp-content\/uploads\/2018\/05\/Features.png\"><img loading=\"lazy\" decoding=\"async\" class=\"alignnone size-full wp-image-18994\" src=\"https:\/\/justvape.nu\/wp-content\/uploads\/2018\/05\/Features.png\" alt=\"\" width=\"950\" height=\"64\" title=\"\" srcset=\"https:\/\/justvape.nu\/wp-content\/uploads\/2018\/05\/Features.png 950w, https:\/\/justvape.nu\/wp-content\/uploads\/2018\/05\/Features-555x37.png 555w, https:\/\/justvape.nu\/wp-content\/uploads\/2018\/05\/Features-64x4.png 64w, https:\/\/justvape.nu\/wp-content\/uploads\/2018\/05\/Features-300x20.png 300w, https:\/\/justvape.nu\/wp-content\/uploads\/2018\/05\/Features-768x52.png 768w\" sizes=\"auto, (max-width: 950px) 100vw, 950px\" \/><\/a><\/h2>\n<\/div>\n<ul>\n<li style=\"list-style-type: none;\">\n<ul>\n<li>1. Vmate Cartridge V2 0,7\u03a9\/1,2\u03a9 ing\u00e5r<\/li>\n<li>2. Kapacitet p\u00e5 2 ml TPD, enkelt p\u00e5fyllningssystem p\u00e5 sidan<\/li>\n<li>3. Stegl\u00f6s luftfl\u00f6deskontroll f\u00f6r att anpassa din vaping<\/li>\n<li>4. Anv\u00e4nder Gene Tree Chip fr\u00e5n VOOPOO<\/li>\n<li>5. Inbyggt 900mAh-batteri med max 25W<\/li>\n<li>6. Utrustad med 0,69&#8221; OLED-display<\/li>\n<li>7. Smart barns\u00e4kert l\u00e5s f\u00f6r s\u00e4krare anv\u00e4ndning<\/li>\n<li>8. Liten och l\u00e4tt, kompakt och kraftfull<\/li>\n<\/ul>\n<\/li>\n<\/ul>\n<div class=\"img-show-more\">\n<div id=\"img_content_less\" class=\"img-content add-more\">\n<p class=\"description-img-center\"> <a href=\"https:\/\/justvape.nu\/wp-content\/uploads\/2023\/12\/VOOPOO_Vmate_Pro_Kit.jpg\"><img loading=\"lazy\" decoding=\"async\" class=\"alignnone size-full wp-image-661071\" src=\"https:\/\/justvape.nu\/wp-content\/uploads\/2023\/12\/VOOPOO_Vmate_Pro_Kit.jpg\" alt=\"\" width=\"831\" height=\"444\" title=\"\" srcset=\"https:\/\/justvape.nu\/wp-content\/uploads\/2023\/12\/VOOPOO_Vmate_Pro_Kit.jpg 831w, https:\/\/justvape.nu\/wp-content\/uploads\/2023\/12\/VOOPOO_Vmate_Pro_Kit-600x321.jpg 600w, https:\/\/justvape.nu\/wp-content\/uploads\/2023\/12\/VOOPOO_Vmate_Pro_Kit-64x34.jpg 64w, https:\/\/justvape.nu\/wp-content\/uploads\/2023\/12\/VOOPOO_Vmate_Pro_Kit-300x160.jpg 300w, https:\/\/justvape.nu\/wp-content\/uploads\/2023\/12\/VOOPOO_Vmate_Pro_Kit-768x410.jpg 768w\" sizes=\"auto, (max-width: 831px) 100vw, 831px\" \/><\/a> <a href=\"https:\/\/justvape.nu\/wp-content\/uploads\/2023\/12\/VOOPOO_Vmate_Pro_Kit_Short_Description.jpg\"><img loading=\"lazy\" decoding=\"async\" class=\"alignnone size-full wp-image-661079\" src=\"https:\/\/justvape.nu\/wp-content\/uploads\/2023\/12\/VOOPOO_Vmate_Pro_Kit_Short_Description.jpg\" alt=\"\" width=\"831\" height=\"270\" title=\"\" srcset=\"https:\/\/justvape.nu\/wp-content\/uploads\/2023\/12\/VOOPOO_Vmate_Pro_Kit_Short_Description.jpg 831w, https:\/\/justvape.nu\/wp-content\/uploads\/2023\/12\/VOOPOO_Vmate_Pro_Kit_Short_Description-600x195.jpg 600w, https:\/\/justvape.nu\/wp-content\/uploads\/2023\/12\/VOOPOO_Vmate_Pro_Kit_Short_Description-64x21.jpg 64w, https:\/\/justvape.nu\/wp-content\/uploads\/2023\/12\/VOOPOO_Vmate_Pro_Kit_Short_Description-300x97.jpg 300w, https:\/\/justvape.nu\/wp-content\/uploads\/2023\/12\/VOOPOO_Vmate_Pro_Kit_Short_Description-768x250.jpg 768w\" sizes=\"auto, (max-width: 831px) 100vw, 831px\" \/><\/a><\/p>\n<p class=\"description-img-center\"><a href=\"https:\/\/justvape.nu\/wp-content\/uploads\/2018\/05\/Packing-List.png\"><img loading=\"lazy\" decoding=\"async\" class=\"alignnone size-full wp-image-18995\" src=\"https:\/\/justvape.nu\/wp-content\/uploads\/2018\/05\/Packing-List.png\" alt=\"\" width=\"950\" height=\"64\" title=\"\" srcset=\"https:\/\/justvape.nu\/wp-content\/uploads\/2018\/05\/Packing-List.png 950w, https:\/\/justvape.nu\/wp-content\/uploads\/2018\/05\/Packing-List-555x37.png 555w, https:\/\/justvape.nu\/wp-content\/uploads\/2018\/05\/Packing-List-64x4.png 64w, https:\/\/justvape.nu\/wp-content\/uploads\/2018\/05\/Packing-List-300x20.png 300w, https:\/\/justvape.nu\/wp-content\/uploads\/2018\/05\/Packing-List-768x52.png 768w\" sizes=\"auto, (max-width: 950px) 100vw, 950px\" \/><\/a><\/p>\n<\/div>\n<\/div>\n<p>1* Vmate Pro-enhet<br \/>\n1* Vmate patron V2 2 ml TPD 0,7\u03a9<br \/>\n1* Vmate-patron V2 2 ml TPD 1.2\u03a9<br \/>\n1 * Type-C-kabel<br \/>\n1 * Anv\u00e4ndarmanual<\/p>\n","protected":false},"excerpt":{"rendered":"<p>VOOPOO &#8211; VMATE PRO<\/p>\n","protected":false},"featured_media":661102,"comment_status":"open","ping_status":"closed","template":"","meta":{"_acf_changed":false,"_uag_custom_page_level_css":"","site-sidebar-layout":"default","site-content-layout":"","ast-site-content-layout":"default","site-content-style":"default","site-sidebar-style":"default","ast-global-header-display":"","ast-banner-title-visibility":"","ast-main-header-display":"","ast-hfb-above-header-display":"","ast-hfb-below-header-display":"","ast-hfb-mobile-header-display":"","site-post-title":"","ast-breadcrumbs-content":"","ast-featured-img":"","footer-sml-layout":"","ast-disable-related-posts":"","theme-transparent-header-meta":"default","adv-header-id-meta":"","stick-header-meta":"default","header-above-stick-meta":"","header-main-stick-meta":"","header-below-stick-meta":"","astra-migrate-meta-layouts":"default","ast-page-background-enabled":"default","ast-page-background-meta":{"desktop":{"background-color":"","background-image":"","background-repeat":"repeat","background-position":"center center","background-size":"auto","background-attachment":"scroll","background-type":"","background-media":"","overlay-type":"","overlay-color":"","overlay-opacity":"","overlay-gradient":""},"tablet":{"background-color":"","background-image":"","background-repeat":"repeat","background-position":"center center","background-size":"auto","background-attachment":"scroll","background-type":"","background-media":"","overlay-type":"","overlay-color":"","overlay-opacity":"","overlay-gradient":""},"mobile":{"background-color":"","background-image":"","background-repeat":"repeat","background-position":"center center","background-size":"auto","background-attachment":"scroll","background-type":"","background-media":"","overlay-type":"","overlay-color":"","overlay-opacity":"","overlay-gradient":""}},"ast-content-background-meta":{"desktop":{"background-color":"var(--ast-global-color-5)","background-image":"","background-repeat":"repeat","background-position":"center center","background-size":"auto","background-attachment":"scroll","background-type":"","background-media":"","overlay-type":"","overlay-color":"","overlay-opacity":"","overlay-gradient":""},"tablet":{"background-color":"var(--ast-global-color-5)","background-image":"","background-repeat":"repeat","background-position":"center center","background-size":"auto","background-attachment":"scroll","background-type":"","background-media":"","overlay-type":"","overlay-color":"","overlay-opacity":"","overlay-gradient":""},"mobile":{"background-color":"var(--ast-global-color-5)","background-image":"","background-repeat":"repeat","background-position":"center center","background-size":"auto","background-attachment":"scroll","background-type":"","background-media":"","overlay-type":"","overlay-color":"","overlay-opacity":"","overlay-gradient":""}}},"product_brand":[],"product_cat":[2074,2532,2084,1903,2533,2534],"product_tag":[],"class_list":{"0":"post-661221","1":"product","2":"type-product","3":"status-publish","4":"has-post-thumbnail","6":"product_cat-e-cigaretter-sv","7":"product_cat-hardware-sv","8":"product_cat-nyborjarsatser-pods","9":"product_cat-new-products-sv","10":"product_cat-shop-by-brand-sv","11":"product_cat-voopoo-sv","12":"desktop-align-center","13":"tablet-align-center","14":"mobile-align-center","15":"ast-product-gallery-layout-horizontal-slider","16":"ast-product-single-variable","17":"ast-product-tabs-layout-horizontal","19":"first","20":"instock","21":"sale","22":"taxable","23":"shipping-taxable","24":"purchasable","25":"product-type-variable"},"acf":[],"uagb_featured_image_src":{"full":["https:\/\/justvape.nu\/wp-content\/uploads\/2023\/12\/NUmsc_G0.jpeg",600,600,false],"thumbnail":["https:\/\/justvape.nu\/wp-content\/uploads\/2023\/12\/NUmsc_G0-150x150.jpeg",150,150,true],"medium":["https:\/\/justvape.nu\/wp-content\/uploads\/2023\/12\/NUmsc_G0-300x300.jpeg",300,300,true],"medium_large":["https:\/\/justvape.nu\/wp-content\/uploads\/2023\/12\/NUmsc_G0.jpeg",600,600,false],"large":["https:\/\/justvape.nu\/wp-content\/uploads\/2023\/12\/NUmsc_G0.jpeg",600,600,false],"1536x1536":["https:\/\/justvape.nu\/wp-content\/uploads\/2023\/12\/NUmsc_G0.jpeg",600,600,false],"2048x2048":["https:\/\/justvape.nu\/wp-content\/uploads\/2023\/12\/NUmsc_G0.jpeg",600,600,false],"woocommerce_thumbnail":["https:\/\/justvape.nu\/wp-content\/uploads\/2023\/12\/NUmsc_G0-300x300.jpeg",300,300,true],"woocommerce_single":["https:\/\/justvape.nu\/wp-content\/uploads\/2023\/12\/NUmsc_G0.jpeg",600,600,false],"woocommerce_gallery_thumbnail":["https:\/\/justvape.nu\/wp-content\/uploads\/2023\/12\/NUmsc_G0-100x100.jpeg",100,100,true],"dgwt-wcas-product-suggestion":["https:\/\/justvape.nu\/wp-content\/uploads\/2023\/12\/NUmsc_G0-64x64.jpeg",64,64,true]},"uagb_author_info":{"display_name":"Kenneth Merkur","author_link":"https:\/\/justvape.nu\/sv\/author\/"},"uagb_comment_info":0,"uagb_excerpt":"VOOPOO - VMATE PRO","_links":{"self":[{"href":"https:\/\/justvape.nu\/sv\/wp-json\/wp\/v2\/product\/661221","targetHints":{"allow":["GET"]}}],"collection":[{"href":"https:\/\/justvape.nu\/sv\/wp-json\/wp\/v2\/product"}],"about":[{"href":"https:\/\/justvape.nu\/sv\/wp-json\/wp\/v2\/types\/product"}],"replies":[{"embeddable":true,"href":"https:\/\/justvape.nu\/sv\/wp-json\/wp\/v2\/comments?post=661221"}],"wp:featuredmedia":[{"embeddable":true,"href":"https:\/\/justvape.nu\/sv\/wp-json\/wp\/v2\/media\/661102"}],"wp:attachment":[{"href":"https:\/\/justvape.nu\/sv\/wp-json\/wp\/v2\/media?parent=661221"}],"wp:term":[{"taxonomy":"product_brand","embeddable":true,"href":"https:\/\/justvape.nu\/sv\/wp-json\/wp\/v2\/product_brand?post=661221"},{"taxonomy":"product_cat","embeddable":true,"href":"https:\/\/justvape.nu\/sv\/wp-json\/wp\/v2\/product_cat?post=661221"},{"taxonomy":"product_tag","embeddable":true,"href":"https:\/\/justvape.nu\/sv\/wp-json\/wp\/v2\/product_tag?post=661221"}],"curies":[{"name":"wp","href":"https:\/\/api.w.org\/{rel}","templated":true}]}}