{"id":658101,"date":"2023-12-13T19:35:34","date_gmt":"2023-12-13T18:35:34","guid":{"rendered":"https:\/\/justvape.nu\/produkt\/oxva-xlim-se-2-kit\/"},"modified":"2024-02-05T11:13:44","modified_gmt":"2024-02-05T10:13:44","slug":"oxva-xlim-se-2-kit","status":"publish","type":"product","link":"https:\/\/justvape.nu\/sv\/produkt\/oxva-xlim-se-2-kit\/","title":{"rendered":"OXVA &#8211; XLIM SE 2 KIT"},"content":{"rendered":"<h2>OXVA &#8211; XLIM SE 2 KIT<\/h2>\n<p>Xlim SE 2 Kit har ett f\u00f6rb\u00e4ttrat 1000mAh-batteri och en f\u00e4rgstark RGB-batteriindikator. Med sin minimalistiska design ger den inte bara en elegant touch utan minimerar ocks\u00e5 str\u00f6mf\u00f6rbrukningen och ger l\u00e5ngvarig prestanda. Den har en maximal uteffekt p\u00e5 30 W och du kan justera wattalet exakt med knappen f\u00f6r justering av wattalet p\u00e5 sidan. OXVA Xlim SE 2 Kit \u00e4r kompatibelt med patroner i Xlim-serien, inklusive Xlim V2 Cartridge, Xlim Cartridge Top Fill Version och Xlim Prefilled Cartridge. Dessutom anv\u00e4nder Xlim SE 2 teknik f\u00f6r r\u00f6st\u00f6verf\u00f6ring, vilket s\u00e4kerst\u00e4ller att \u00e4ven personer med nedsatt syn eller nedsatt r\u00f6rlighet enkelt kan f\u00e5 realtidsuppdateringar om enhetens status.<\/p>\n<p><a href=\"https:\/\/justvape.nu\/wp-content\/uploads\/2018\/05\/Color-Schemes.png\"><img loading=\"lazy\" decoding=\"async\" class=\"alignnone size-full wp-image-19187\" src=\"https:\/\/justvape.nu\/wp-content\/uploads\/2018\/05\/Color-Schemes.png\" alt=\"\" width=\"950\" height=\"64\" title=\"\" srcset=\"https:\/\/justvape.nu\/wp-content\/uploads\/2018\/05\/Color-Schemes.png 950w, https:\/\/justvape.nu\/wp-content\/uploads\/2018\/05\/Color-Schemes-555x37.png 555w, https:\/\/justvape.nu\/wp-content\/uploads\/2018\/05\/Color-Schemes-64x4.png 64w, https:\/\/justvape.nu\/wp-content\/uploads\/2018\/05\/Color-Schemes-300x20.png 300w, https:\/\/justvape.nu\/wp-content\/uploads\/2018\/05\/Color-Schemes-768x52.png 768w\" sizes=\"auto, (max-width: 950px) 100vw, 950px\" \/><\/a><\/p>\n<p class=\"description-img-center\"><a href=\"https:\/\/justvape.nu\/wp-content\/uploads\/2023\/12\/OXVA_Xlim_SE_2_Kit_Colors.jpg\"><img loading=\"lazy\" decoding=\"async\" class=\"alignnone wp-image-657823\" src=\"https:\/\/justvape.nu\/wp-content\/uploads\/2023\/12\/OXVA_Xlim_SE_2_Kit_Colors.jpg\" alt=\"\" width=\"940\" height=\"576\" title=\"\" srcset=\"https:\/\/justvape.nu\/wp-content\/uploads\/2023\/12\/OXVA_Xlim_SE_2_Kit_Colors.jpg 800w, https:\/\/justvape.nu\/wp-content\/uploads\/2023\/12\/OXVA_Xlim_SE_2_Kit_Colors-600x368.jpg 600w, https:\/\/justvape.nu\/wp-content\/uploads\/2023\/12\/OXVA_Xlim_SE_2_Kit_Colors-64x39.jpg 64w, https:\/\/justvape.nu\/wp-content\/uploads\/2023\/12\/OXVA_Xlim_SE_2_Kit_Colors-300x184.jpg 300w, https:\/\/justvape.nu\/wp-content\/uploads\/2023\/12\/OXVA_Xlim_SE_2_Kit_Colors-768x470.jpg 768w\" sizes=\"auto, (max-width: 940px) 100vw, 940px\" \/><\/a><\/p>\n<div class=\"shop-features \">\n<h2 class=\"shop-features-title \"><a href=\"https:\/\/justvape.nu\/wp-content\/uploads\/2018\/05\/Specifications.png\"><img loading=\"lazy\" decoding=\"async\" class=\"alignnone size-full wp-image-248448\" src=\"https:\/\/justvape.nu\/wp-content\/uploads\/2018\/05\/Specifications.png\" alt=\"\" width=\"950\" height=\"64\" title=\"\" srcset=\"https:\/\/justvape.nu\/wp-content\/uploads\/2018\/05\/Specifications.png 950w, https:\/\/justvape.nu\/wp-content\/uploads\/2018\/05\/Specifications-600x40.png 600w, https:\/\/justvape.nu\/wp-content\/uploads\/2018\/05\/Specifications-64x4.png 64w, https:\/\/justvape.nu\/wp-content\/uploads\/2018\/05\/Specifications-300x20.png 300w, https:\/\/justvape.nu\/wp-content\/uploads\/2018\/05\/Specifications-768x52.png 768w\" sizes=\"auto, (max-width: 950px) 100vw, 950px\" \/><\/a><\/h2>\n<\/div>\n<table class=\"description-table\">\n<tbody>\n<tr>\n<td class=\"strong-title \">varum\u00e4rke<\/td>\n<td class=\"inline\">OXVA<\/td>\n<\/tr>\n<tr>\n<td class=\"strong-title \">produktnamn<\/td>\n<td class=\"inline\">Xlim SE 2-sats<\/td>\n<\/tr>\n<tr>\n<td class=\"strong-title \">Storlek<\/td>\n<td class=\"inline\">24,2*14,0*112,7 mm<\/td>\n<\/tr>\n<tr>\n<td class=\"strong-title \">Material<\/td>\n<td class=\"inline\">Aluminiumlegering + PCTG<\/td>\n<\/tr>\n<tr>\n<td class=\"strong-title \">Uteffekt<\/td>\n<td class=\"inline\">5-30W<\/td>\n<\/tr>\n<tr>\n<td class=\"strong-title \">Kapacitet<\/td>\n<td class=\"inline\">2 ml TPD<\/td>\n<\/tr>\n<tr>\n<td class=\"strong-title \">Motst\u00e5ndsintervall<\/td>\n<td class=\"inline\">0,3\u03a9-3,0\u03a9<\/td>\n<\/tr>\n<tr>\n<td class=\"strong-title \">Kompatibla kapslar<\/td>\n<td class=\"inline\">Xlim Top Fill-patron (0,4\/0,6\/0,8\/1,2\u03a9)<br \/>\nXlim V2-patron (0,6\/0,8\/1,2\u03a9)<\/td>\n<\/tr>\n<tr>\n<td class=\"strong-title \">System f\u00f6r p\u00e5fyllning<\/td>\n<td class=\"inline\">Toppfyllning<\/td>\n<\/tr>\n<tr>\n<td class=\"strong-title \">Kontroll av luftfl\u00f6det<\/td>\n<td class=\"inline\">Sidan AFC<\/td>\n<\/tr>\n<tr>\n<td class=\"strong-title \">Batteri<\/td>\n<td class=\"inline\">1000mAh<\/td>\n<\/tr>\n<tr>\n<td class=\"strong-title \">Laddning<\/td>\n<td class=\"inline\">5V\/1A, Typ-C<\/td>\n<\/tr>\n<tr>\n<td class=\"strong-title \">Material<\/td>\n<td class=\"inline\">Aluminiumlegering + PCTG<\/td>\n<\/tr>\n<tr>\n<td class=\"strong-title \">Paketets storlek<\/td>\n<td class=\"inline\">44*34.5*130mm(1 st)<\/td>\n<\/tr>\n<tr>\n<td class=\"strong-title \"><\/td>\n<td class=\"inline\"><\/td>\n<\/tr>\n<tr>\n<td class=\"strong-title \">F\u00e4rg<\/td>\n<td class=\"inline\">Svart Bl\u00e5, Orange Bl\u00e5, Bl\u00e5 Lila, Silver Gr\u00e5, Gunmetal, Svart<\/td>\n<\/tr>\n<\/tbody>\n<\/table>\n<div class=\"shop-features \">\n<h2 class=\"shop-features-title \"><a href=\"https:\/\/justvape.nu\/wp-content\/uploads\/2018\/05\/Features.png\"><img loading=\"lazy\" decoding=\"async\" class=\"alignnone size-full wp-image-248458\" src=\"https:\/\/justvape.nu\/wp-content\/uploads\/2018\/05\/Features.png\" alt=\"\" width=\"950\" height=\"64\" title=\"\" srcset=\"https:\/\/justvape.nu\/wp-content\/uploads\/2018\/05\/Features.png 950w, https:\/\/justvape.nu\/wp-content\/uploads\/2018\/05\/Features-600x40.png 600w, https:\/\/justvape.nu\/wp-content\/uploads\/2018\/05\/Features-64x4.png 64w, https:\/\/justvape.nu\/wp-content\/uploads\/2018\/05\/Features-300x20.png 300w, https:\/\/justvape.nu\/wp-content\/uploads\/2018\/05\/Features-768x52.png 768w\" sizes=\"auto, (max-width: 950px) 100vw, 950px\" \/><\/a><\/h2>\n<\/div>\n<ul>\n<li style=\"list-style-type: none;\">\n<ul>\n<li>1. 30W maximal uteffekt<\/li>\n<li>2. Kompatibel med patroner i Xlim-serien<\/li>\n<li>3. 1000mAh batterikapacitet<\/li>\n<li>4. Teknik f\u00f6r r\u00f6sts\u00e4ndning<\/li>\n<li>5. Knapp f\u00f6r justering av sidoeffekt<\/li>\n<li>6. F\u00e4rgglad RGB-batteriindikator<\/li>\n<li>7. Mycket l\u00e4ckages\u00e4ker<\/li>\n<\/ul>\n<\/li>\n<\/ul>\n<div class=\"img-show-more\">\n<div id=\"img_content_less\" class=\"img-content add-more\">\n<p class=\"description-img-center\"><a href=\"https:\/\/justvape.nu\/wp-content\/uploads\/2023\/12\/OXVA_Xlim_SE_2_Kit_Main_Features.jpg\"><img loading=\"lazy\" decoding=\"async\" class=\"alignnone size-full wp-image-657831\" src=\"https:\/\/justvape.nu\/wp-content\/uploads\/2023\/12\/OXVA_Xlim_SE_2_Kit_Main_Features.jpg\" alt=\"\" width=\"831\" height=\"597\" title=\"\" srcset=\"https:\/\/justvape.nu\/wp-content\/uploads\/2023\/12\/OXVA_Xlim_SE_2_Kit_Main_Features.jpg 831w, https:\/\/justvape.nu\/wp-content\/uploads\/2023\/12\/OXVA_Xlim_SE_2_Kit_Main_Features-600x431.jpg 600w, https:\/\/justvape.nu\/wp-content\/uploads\/2023\/12\/OXVA_Xlim_SE_2_Kit_Main_Features-64x46.jpg 64w, https:\/\/justvape.nu\/wp-content\/uploads\/2023\/12\/OXVA_Xlim_SE_2_Kit_Main_Features-300x216.jpg 300w, https:\/\/justvape.nu\/wp-content\/uploads\/2023\/12\/OXVA_Xlim_SE_2_Kit_Main_Features-768x552.jpg 768w\" sizes=\"auto, (max-width: 831px) 100vw, 831px\" \/><\/a> <a href=\"https:\/\/justvape.nu\/wp-content\/uploads\/2023\/12\/OXVA_Xlim_SE_2_Kit_Battery_Indicator.jpg\"><img loading=\"lazy\" decoding=\"async\" class=\"alignnone size-full wp-image-657839\" src=\"https:\/\/justvape.nu\/wp-content\/uploads\/2023\/12\/OXVA_Xlim_SE_2_Kit_Battery_Indicator.jpg\" alt=\"\" width=\"831\" height=\"486\" title=\"\" srcset=\"https:\/\/justvape.nu\/wp-content\/uploads\/2023\/12\/OXVA_Xlim_SE_2_Kit_Battery_Indicator.jpg 831w, https:\/\/justvape.nu\/wp-content\/uploads\/2023\/12\/OXVA_Xlim_SE_2_Kit_Battery_Indicator-600x351.jpg 600w, https:\/\/justvape.nu\/wp-content\/uploads\/2023\/12\/OXVA_Xlim_SE_2_Kit_Battery_Indicator-64x37.jpg 64w, https:\/\/justvape.nu\/wp-content\/uploads\/2023\/12\/OXVA_Xlim_SE_2_Kit_Battery_Indicator-300x175.jpg 300w, https:\/\/justvape.nu\/wp-content\/uploads\/2023\/12\/OXVA_Xlim_SE_2_Kit_Battery_Indicator-768x449.jpg 768w\" sizes=\"auto, (max-width: 831px) 100vw, 831px\" \/><\/a> <a href=\"https:\/\/justvape.nu\/wp-content\/uploads\/2023\/12\/OXVA_Xlim_SE_2_Kit_Compatible_Cartridges.jpg\"><img loading=\"lazy\" decoding=\"async\" class=\"alignnone size-full wp-image-657847\" src=\"https:\/\/justvape.nu\/wp-content\/uploads\/2023\/12\/OXVA_Xlim_SE_2_Kit_Compatible_Cartridges.jpg\" alt=\"\" width=\"831\" height=\"510\" title=\"\" srcset=\"https:\/\/justvape.nu\/wp-content\/uploads\/2023\/12\/OXVA_Xlim_SE_2_Kit_Compatible_Cartridges.jpg 831w, https:\/\/justvape.nu\/wp-content\/uploads\/2023\/12\/OXVA_Xlim_SE_2_Kit_Compatible_Cartridges-600x368.jpg 600w, https:\/\/justvape.nu\/wp-content\/uploads\/2023\/12\/OXVA_Xlim_SE_2_Kit_Compatible_Cartridges-64x39.jpg 64w, https:\/\/justvape.nu\/wp-content\/uploads\/2023\/12\/OXVA_Xlim_SE_2_Kit_Compatible_Cartridges-300x184.jpg 300w, https:\/\/justvape.nu\/wp-content\/uploads\/2023\/12\/OXVA_Xlim_SE_2_Kit_Compatible_Cartridges-768x471.jpg 768w\" sizes=\"auto, (max-width: 831px) 100vw, 831px\" \/><\/a><\/p>\n<p class=\"description-img-center\"><a href=\"https:\/\/justvape.nu\/wp-content\/uploads\/2018\/05\/Packing-List.png\"><img loading=\"lazy\" decoding=\"async\" class=\"alignnone size-full wp-image-18995\" src=\"https:\/\/justvape.nu\/wp-content\/uploads\/2018\/05\/Packing-List.png\" alt=\"\" width=\"950\" height=\"64\" title=\"\" srcset=\"https:\/\/justvape.nu\/wp-content\/uploads\/2018\/05\/Packing-List.png 950w, https:\/\/justvape.nu\/wp-content\/uploads\/2018\/05\/Packing-List-555x37.png 555w, https:\/\/justvape.nu\/wp-content\/uploads\/2018\/05\/Packing-List-64x4.png 64w, https:\/\/justvape.nu\/wp-content\/uploads\/2018\/05\/Packing-List-300x20.png 300w, https:\/\/justvape.nu\/wp-content\/uploads\/2018\/05\/Packing-List-768x52.png 768w\" sizes=\"auto, (max-width: 950px) 100vw, 950px\" \/><\/a><\/p>\n<\/div>\n<\/div>\n<p>1* Xlim SE 2 Enhet<br \/>\n1* Top Fill-patron 0,6\u03a9 (f\u00f6rinstallerad)<br \/>\n1* patron f\u00f6r toppfyllning 0,8\u03a9<br \/>\n1 * Type-C-kabel<br \/>\n1 * Anv\u00e4ndarmanual<br \/>\n1 * Nyckelband<\/p>\n<p class=\"description-img-center \"><a href=\"https:\/\/justvape.nu\/wp-content\/uploads\/2023\/12\/OXVA_Xlim_SE_2_Kit_Package_List.jpg\"><img loading=\"lazy\" decoding=\"async\" class=\"alignnone size-full wp-image-657855\" src=\"https:\/\/justvape.nu\/wp-content\/uploads\/2023\/12\/OXVA_Xlim_SE_2_Kit_Package_List.jpg\" alt=\"\" width=\"831\" height=\"455\" title=\"\" srcset=\"https:\/\/justvape.nu\/wp-content\/uploads\/2023\/12\/OXVA_Xlim_SE_2_Kit_Package_List.jpg 831w, https:\/\/justvape.nu\/wp-content\/uploads\/2023\/12\/OXVA_Xlim_SE_2_Kit_Package_List-600x329.jpg 600w, https:\/\/justvape.nu\/wp-content\/uploads\/2023\/12\/OXVA_Xlim_SE_2_Kit_Package_List-64x35.jpg 64w, https:\/\/justvape.nu\/wp-content\/uploads\/2023\/12\/OXVA_Xlim_SE_2_Kit_Package_List-300x164.jpg 300w, https:\/\/justvape.nu\/wp-content\/uploads\/2023\/12\/OXVA_Xlim_SE_2_Kit_Package_List-768x421.jpg 768w\" sizes=\"auto, (max-width: 831px) 100vw, 831px\" \/><\/a><\/p>\n","protected":false},"excerpt":{"rendered":"<p>OXVA &#8211; XLIM SE 2 KIT<\/p>\n","protected":false},"featured_media":657877,"comment_status":"open","ping_status":"closed","template":"","meta":{"_acf_changed":false,"_uag_custom_page_level_css":"","site-sidebar-layout":"default","site-content-layout":"","ast-site-content-layout":"default","site-content-style":"default","site-sidebar-style":"default","ast-global-header-display":"","ast-banner-title-visibility":"","ast-main-header-display":"","ast-hfb-above-header-display":"","ast-hfb-below-header-display":"","ast-hfb-mobile-header-display":"","site-post-title":"","ast-breadcrumbs-content":"","ast-featured-img":"","footer-sml-layout":"","ast-disable-related-posts":"","theme-transparent-header-meta":"default","adv-header-id-meta":"","stick-header-meta":"default","header-above-stick-meta":"","header-main-stick-meta":"","header-below-stick-meta":"","astra-migrate-meta-layouts":"default","ast-page-background-enabled":"default","ast-page-background-meta":{"desktop":{"background-color":"","background-image":"","background-repeat":"repeat","background-position":"center center","background-size":"auto","background-attachment":"scroll","background-type":"","background-media":"","overlay-type":"","overlay-color":"","overlay-opacity":"","overlay-gradient":""},"tablet":{"background-color":"","background-image":"","background-repeat":"repeat","background-position":"center center","background-size":"auto","background-attachment":"scroll","background-type":"","background-media":"","overlay-type":"","overlay-color":"","overlay-opacity":"","overlay-gradient":""},"mobile":{"background-color":"","background-image":"","background-repeat":"repeat","background-position":"center center","background-size":"auto","background-attachment":"scroll","background-type":"","background-media":"","overlay-type":"","overlay-color":"","overlay-opacity":"","overlay-gradient":""}},"ast-content-background-meta":{"desktop":{"background-color":"var(--ast-global-color-5)","background-image":"","background-repeat":"repeat","background-position":"center center","background-size":"auto","background-attachment":"scroll","background-type":"","background-media":"","overlay-type":"","overlay-color":"","overlay-opacity":"","overlay-gradient":""},"tablet":{"background-color":"var(--ast-global-color-5)","background-image":"","background-repeat":"repeat","background-position":"center center","background-size":"auto","background-attachment":"scroll","background-type":"","background-media":"","overlay-type":"","overlay-color":"","overlay-opacity":"","overlay-gradient":""},"mobile":{"background-color":"var(--ast-global-color-5)","background-image":"","background-repeat":"repeat","background-position":"center center","background-size":"auto","background-attachment":"scroll","background-type":"","background-media":"","overlay-type":"","overlay-color":"","overlay-opacity":"","overlay-gradient":""}}},"product_brand":[],"product_cat":[2074,2532,2084,1903,6194,2533],"product_tag":[],"class_list":{"0":"post-658101","1":"product","2":"type-product","3":"status-publish","4":"has-post-thumbnail","6":"product_cat-e-cigaretter-sv","7":"product_cat-hardware-sv","8":"product_cat-nyborjarsatser-pods","9":"product_cat-new-products-sv","10":"product_cat-oxva-sv","11":"product_cat-shop-by-brand-sv","12":"desktop-align-center","13":"tablet-align-center","14":"mobile-align-center","15":"ast-product-gallery-layout-horizontal-slider","16":"ast-product-single-variable","17":"ast-product-tabs-layout-horizontal","19":"first","20":"instock","21":"sale","22":"taxable","23":"shipping-taxable","24":"purchasable","25":"product-type-variable"},"acf":[],"uagb_featured_image_src":{"full":["https:\/\/justvape.nu\/wp-content\/uploads\/2023\/12\/Q8RXdJfa.jpeg",600,600,false],"thumbnail":["https:\/\/justvape.nu\/wp-content\/uploads\/2023\/12\/Q8RXdJfa-150x150.jpeg",150,150,true],"medium":["https:\/\/justvape.nu\/wp-content\/uploads\/2023\/12\/Q8RXdJfa-300x300.jpeg",300,300,true],"medium_large":["https:\/\/justvape.nu\/wp-content\/uploads\/2023\/12\/Q8RXdJfa.jpeg",600,600,false],"large":["https:\/\/justvape.nu\/wp-content\/uploads\/2023\/12\/Q8RXdJfa.jpeg",600,600,false],"1536x1536":["https:\/\/justvape.nu\/wp-content\/uploads\/2023\/12\/Q8RXdJfa.jpeg",600,600,false],"2048x2048":["https:\/\/justvape.nu\/wp-content\/uploads\/2023\/12\/Q8RXdJfa.jpeg",600,600,false],"woocommerce_thumbnail":["https:\/\/justvape.nu\/wp-content\/uploads\/2023\/12\/Q8RXdJfa-300x300.jpeg",300,300,true],"woocommerce_single":["https:\/\/justvape.nu\/wp-content\/uploads\/2023\/12\/Q8RXdJfa.jpeg",600,600,false],"woocommerce_gallery_thumbnail":["https:\/\/justvape.nu\/wp-content\/uploads\/2023\/12\/Q8RXdJfa-100x100.jpeg",100,100,true],"dgwt-wcas-product-suggestion":["https:\/\/justvape.nu\/wp-content\/uploads\/2023\/12\/Q8RXdJfa-64x64.jpeg",64,64,true]},"uagb_author_info":{"display_name":"Kenneth Merkur","author_link":"https:\/\/justvape.nu\/sv\/author\/"},"uagb_comment_info":0,"uagb_excerpt":"OXVA - XLIM SE 2 KIT","_links":{"self":[{"href":"https:\/\/justvape.nu\/sv\/wp-json\/wp\/v2\/product\/658101","targetHints":{"allow":["GET"]}}],"collection":[{"href":"https:\/\/justvape.nu\/sv\/wp-json\/wp\/v2\/product"}],"about":[{"href":"https:\/\/justvape.nu\/sv\/wp-json\/wp\/v2\/types\/product"}],"replies":[{"embeddable":true,"href":"https:\/\/justvape.nu\/sv\/wp-json\/wp\/v2\/comments?post=658101"}],"wp:featuredmedia":[{"embeddable":true,"href":"https:\/\/justvape.nu\/sv\/wp-json\/wp\/v2\/media\/657877"}],"wp:attachment":[{"href":"https:\/\/justvape.nu\/sv\/wp-json\/wp\/v2\/media?parent=658101"}],"wp:term":[{"taxonomy":"product_brand","embeddable":true,"href":"https:\/\/justvape.nu\/sv\/wp-json\/wp\/v2\/product_brand?post=658101"},{"taxonomy":"product_cat","embeddable":true,"href":"https:\/\/justvape.nu\/sv\/wp-json\/wp\/v2\/product_cat?post=658101"},{"taxonomy":"product_tag","embeddable":true,"href":"https:\/\/justvape.nu\/sv\/wp-json\/wp\/v2\/product_tag?post=658101"}],"curies":[{"name":"wp","href":"https:\/\/api.w.org\/{rel}","templated":true}]}}