{"id":658017,"date":"2023-12-13T19:06:08","date_gmt":"2023-12-13T18:06:08","guid":{"rendered":"https:\/\/justvape.nu\/produkt\/uwell-caliburn-gk3-pod-system\/"},"modified":"2024-10-25T05:25:21","modified_gmt":"2024-10-25T03:25:21","slug":"uwell-caliburn-gk3-pod-system","status":"publish","type":"product","link":"https:\/\/justvape.nu\/sv\/produkt\/uwell-caliburn-gk3-pod-system\/","title":{"rendered":"UWELL &#8211; CALIBURN GK3 POD SYSTEM"},"content":{"rendered":"<div class=\" product-block product-block--title product-block--first \">\n<h2 class=\"product-title\">UWELL &#8211; CALIBURN GK3 POD SYSTEM<\/h2>\n<\/div>\n<div class=\" product-block product-block--vendor \">Caliburn GK3 pod kit \u00e4r ett l\u00e4tt och kompakt vape-kit tillverkat av slitstark PCTG-plast och ett robust 900mAh internt batteri som ger upp till 25W maximal effekt. Tack vare LCD-displayen i full bredd p\u00e5 framsidan kan du se information om vaping som wattal, batteriniv\u00e5 och puffr\u00e4knare p\u00e5 ett \u00f6gonblick. Kompatibel med Caliburn G3 ers\u00e4ttningspods, b\u00e5de en 0,6ohm och 0,9ohm pod levereras direkt ur f\u00f6rpackningen f\u00f6r att b\u00f6rja vaping. Med en praktisk nyckelbands\u00f6gla i h\u00f6rnet erbjuder GK3 pod kit den perfekta balansen mellan smak och b\u00e4rbarhet.<\/div>\n<div><a href=\"https:\/\/justvape.nu\/wp-content\/uploads\/2018\/05\/Color-Schemes.png\"><img loading=\"lazy\" decoding=\"async\" class=\"alignnone size-full wp-image-19187\" src=\"https:\/\/justvape.nu\/wp-content\/uploads\/2018\/05\/Color-Schemes.png\" alt=\"\" width=\"950\" height=\"64\" title=\"\" srcset=\"https:\/\/justvape.nu\/wp-content\/uploads\/2018\/05\/Color-Schemes.png 950w, https:\/\/justvape.nu\/wp-content\/uploads\/2018\/05\/Color-Schemes-555x37.png 555w, https:\/\/justvape.nu\/wp-content\/uploads\/2018\/05\/Color-Schemes-64x4.png 64w, https:\/\/justvape.nu\/wp-content\/uploads\/2018\/05\/Color-Schemes-300x20.png 300w, https:\/\/justvape.nu\/wp-content\/uploads\/2018\/05\/Color-Schemes-768x52.png 768w\" sizes=\"auto, (max-width: 950px) 100vw, 950px\" \/><\/a><\/div>\n<div><a href=\"https:\/\/justvape.nu\/wp-content\/uploads\/2023\/12\/Uwell_Caliburn_GK3_Kit_Colors_Available.jpg\"><img loading=\"lazy\" decoding=\"async\" class=\"alignnone size-full wp-image-657707\" src=\"https:\/\/justvape.nu\/wp-content\/uploads\/2023\/12\/Uwell_Caliburn_GK3_Kit_Colors_Available.jpg\" alt=\"\" width=\"831\" height=\"423\" title=\"\" srcset=\"https:\/\/justvape.nu\/wp-content\/uploads\/2023\/12\/Uwell_Caliburn_GK3_Kit_Colors_Available.jpg 831w, https:\/\/justvape.nu\/wp-content\/uploads\/2023\/12\/Uwell_Caliburn_GK3_Kit_Colors_Available-600x305.jpg 600w, https:\/\/justvape.nu\/wp-content\/uploads\/2023\/12\/Uwell_Caliburn_GK3_Kit_Colors_Available-64x33.jpg 64w, https:\/\/justvape.nu\/wp-content\/uploads\/2023\/12\/Uwell_Caliburn_GK3_Kit_Colors_Available-300x153.jpg 300w, https:\/\/justvape.nu\/wp-content\/uploads\/2023\/12\/Uwell_Caliburn_GK3_Kit_Colors_Available-768x391.jpg 768w\" sizes=\"auto, (max-width: 831px) 100vw, 831px\" \/><\/a><\/div>\n<div>\n<p class=\"description-img-center\"><a style=\"font-size: 1.7em; font-weight: bold; background-color: #ffffff;\" href=\"https:\/\/justvape.nu\/wp-content\/uploads\/2018\/05\/Specifications.png\"><img loading=\"lazy\" decoding=\"async\" class=\"alignnone size-full wp-image-248448\" src=\"https:\/\/justvape.nu\/wp-content\/uploads\/2018\/05\/Specifications.png\" alt=\"\" width=\"950\" height=\"64\" title=\"\" srcset=\"https:\/\/justvape.nu\/wp-content\/uploads\/2018\/05\/Specifications.png 950w, https:\/\/justvape.nu\/wp-content\/uploads\/2018\/05\/Specifications-600x40.png 600w, https:\/\/justvape.nu\/wp-content\/uploads\/2018\/05\/Specifications-64x4.png 64w, https:\/\/justvape.nu\/wp-content\/uploads\/2018\/05\/Specifications-300x20.png 300w, https:\/\/justvape.nu\/wp-content\/uploads\/2018\/05\/Specifications-768x52.png 768w\" sizes=\"auto, (max-width: 950px) 100vw, 950px\" \/><\/a><\/p>\n<table class=\"description-table\">\n<tbody>\n<tr>\n<td class=\"strong-title \">varum\u00e4rke<\/td>\n<td class=\"inline\">Uwell<\/td>\n<\/tr>\n<tr>\n<td class=\"strong-title \">produktnamn<\/td>\n<td class=\"inline\">Caliburn GK3-sats<\/td>\n<\/tr>\n<tr>\n<td class=\"strong-title \">Material<\/td>\n<td class=\"inline\">PCTG, PC+ABS<\/td>\n<\/tr>\n<tr>\n<td class=\"strong-title \">M\u00e5tt<\/td>\n<td class=\"inline\">74,8*49,2*17,1 mm<\/td>\n<\/tr>\n<tr>\n<td class=\"strong-title \">Kapacitet<\/td>\n<td class=\"inline\">2 ml TPD<\/td>\n<\/tr>\n<tr>\n<td class=\"strong-title \">Uteffekt<\/td>\n<td class=\"inline\">Maximalt 25W<\/td>\n<\/tr>\n<tr>\n<td class=\"strong-title \">Specifikationer f\u00f6r patroner<\/td>\n<td class=\"inline\">FeCrAI-maskerad 0,6\u03a9 Caliburn G3-kassett med integrerad spiral<br \/>\nFeCrAI-maskerad 0,9\u03a9 Caliburn G3-kassett med integrerad spole<\/td>\n<\/tr>\n<tr>\n<td class=\"strong-title \">Kompatibel patron<\/td>\n<td class=\"inline\">Uwell Caliburn G3 Pod-patron<\/td>\n<\/tr>\n<tr>\n<td class=\"strong-title \">Batterikapacitet<\/td>\n<td class=\"inline\">900mAh<\/td>\n<\/tr>\n<tr>\n<td class=\"strong-title \">Laddning<\/td>\n<td class=\"inline\">2A snabbladdning<\/td>\n<\/tr>\n<tr>\n<td class=\"strong-title \">F\u00e4rg<\/td>\n<td class=\"inline\">Svart, gr\u00e5, r\u00f6d, bl\u00e5<\/td>\n<\/tr>\n<\/tbody>\n<\/table>\n<div class=\"shop-features \">\n<h2 class=\"shop-features-title \"><a href=\"https:\/\/justvape.nu\/wp-content\/uploads\/2018\/05\/Features.png\"><img loading=\"lazy\" decoding=\"async\" class=\"alignnone size-full wp-image-248458\" src=\"https:\/\/justvape.nu\/wp-content\/uploads\/2018\/05\/Features.png\" alt=\"\" width=\"950\" height=\"64\" title=\"\" srcset=\"https:\/\/justvape.nu\/wp-content\/uploads\/2018\/05\/Features.png 950w, https:\/\/justvape.nu\/wp-content\/uploads\/2018\/05\/Features-600x40.png 600w, https:\/\/justvape.nu\/wp-content\/uploads\/2018\/05\/Features-64x4.png 64w, https:\/\/justvape.nu\/wp-content\/uploads\/2018\/05\/Features-300x20.png 300w, https:\/\/justvape.nu\/wp-content\/uploads\/2018\/05\/Features-768x52.png 768w\" sizes=\"auto, (max-width: 950px) 100vw, 950px\" \/><\/a><\/h2>\n<\/div>\n<ul>\n<li style=\"list-style-type: none;\">\n<ul>\n<li>1. Anv\u00e4nder unik retro-future estetik<\/li>\n<li>2. Effektjustering med sidoknapp<\/li>\n<li>3. Kompatibel med Caliburn G3 Pod Cartridge<\/li>\n<li>4. 0,6ohm\/0,9ohm pod, max 25W<\/li>\n<li>5. Huvudsk\u00e4rm med retro-future<\/li>\n<li>6. 900mAh batterikapacitet<\/li>\n<li>7. Dubbelt luftfl\u00f6dessystem, 2A snabbladdning<\/li>\n<li>8. St\u00f6rre tydlig vy<\/li>\n<li>9. Den l\u00e4ckages\u00e4kra funktionen har f\u00f6rb\u00e4ttrats avsev\u00e4rt till 150%.<\/li>\n<\/ul>\n<\/li>\n<\/ul>\n<div class=\"img-show-more\">\n<div id=\"img_content_less\" class=\"img-content add-more\">\n<p class=\"description-img-center\"><a href=\"https:\/\/justvape.nu\/wp-content\/uploads\/2023\/12\/Uwell_Caliburn_GK3_Kit_Adjustable_Power.jpg\"><img loading=\"lazy\" decoding=\"async\" class=\"alignnone size-full wp-image-657691\" src=\"https:\/\/justvape.nu\/wp-content\/uploads\/2023\/12\/Uwell_Caliburn_GK3_Kit_Adjustable_Power.jpg\" alt=\"\" width=\"831\" height=\"425\" title=\"\" srcset=\"https:\/\/justvape.nu\/wp-content\/uploads\/2023\/12\/Uwell_Caliburn_GK3_Kit_Adjustable_Power.jpg 831w, https:\/\/justvape.nu\/wp-content\/uploads\/2023\/12\/Uwell_Caliburn_GK3_Kit_Adjustable_Power-600x307.jpg 600w, https:\/\/justvape.nu\/wp-content\/uploads\/2023\/12\/Uwell_Caliburn_GK3_Kit_Adjustable_Power-64x33.jpg 64w, https:\/\/justvape.nu\/wp-content\/uploads\/2023\/12\/Uwell_Caliburn_GK3_Kit_Adjustable_Power-300x153.jpg 300w, https:\/\/justvape.nu\/wp-content\/uploads\/2023\/12\/Uwell_Caliburn_GK3_Kit_Adjustable_Power-768x393.jpg 768w\" sizes=\"auto, (max-width: 831px) 100vw, 831px\" \/><\/a> <a href=\"https:\/\/justvape.nu\/wp-content\/uploads\/2023\/12\/Uwell_Caliburn_GK3_Kit_Battery_Capacity.jpg\"><img loading=\"lazy\" decoding=\"async\" class=\"alignnone size-full wp-image-657699\" src=\"https:\/\/justvape.nu\/wp-content\/uploads\/2023\/12\/Uwell_Caliburn_GK3_Kit_Battery_Capacity.jpg\" alt=\"\" width=\"831\" height=\"449\" title=\"\" srcset=\"https:\/\/justvape.nu\/wp-content\/uploads\/2023\/12\/Uwell_Caliburn_GK3_Kit_Battery_Capacity.jpg 831w, https:\/\/justvape.nu\/wp-content\/uploads\/2023\/12\/Uwell_Caliburn_GK3_Kit_Battery_Capacity-600x324.jpg 600w, https:\/\/justvape.nu\/wp-content\/uploads\/2023\/12\/Uwell_Caliburn_GK3_Kit_Battery_Capacity-64x35.jpg 64w, https:\/\/justvape.nu\/wp-content\/uploads\/2023\/12\/Uwell_Caliburn_GK3_Kit_Battery_Capacity-300x162.jpg 300w, https:\/\/justvape.nu\/wp-content\/uploads\/2023\/12\/Uwell_Caliburn_GK3_Kit_Battery_Capacity-768x415.jpg 768w\" sizes=\"auto, (max-width: 831px) 100vw, 831px\" \/><\/a> <a href=\"https:\/\/justvape.nu\/wp-content\/uploads\/2023\/12\/Uwell_Caliburn_GK3_Kit_Colors_Available.jpg\"><img loading=\"lazy\" decoding=\"async\" class=\"alignnone size-full wp-image-657707\" src=\"https:\/\/justvape.nu\/wp-content\/uploads\/2023\/12\/Uwell_Caliburn_GK3_Kit_Colors_Available.jpg\" alt=\"\" width=\"831\" height=\"423\" title=\"\" srcset=\"https:\/\/justvape.nu\/wp-content\/uploads\/2023\/12\/Uwell_Caliburn_GK3_Kit_Colors_Available.jpg 831w, https:\/\/justvape.nu\/wp-content\/uploads\/2023\/12\/Uwell_Caliburn_GK3_Kit_Colors_Available-600x305.jpg 600w, https:\/\/justvape.nu\/wp-content\/uploads\/2023\/12\/Uwell_Caliburn_GK3_Kit_Colors_Available-64x33.jpg 64w, https:\/\/justvape.nu\/wp-content\/uploads\/2023\/12\/Uwell_Caliburn_GK3_Kit_Colors_Available-300x153.jpg 300w, https:\/\/justvape.nu\/wp-content\/uploads\/2023\/12\/Uwell_Caliburn_GK3_Kit_Colors_Available-768x391.jpg 768w\" sizes=\"auto, (max-width: 831px) 100vw, 831px\" \/><\/a><\/p>\n<\/div>\n<p class=\"description-img-center\"><a href=\"https:\/\/justvape.nu\/wp-content\/uploads\/2018\/05\/Packing-List.png\"><img loading=\"lazy\" decoding=\"async\" class=\"alignnone size-full wp-image-18995\" src=\"https:\/\/justvape.nu\/wp-content\/uploads\/2018\/05\/Packing-List.png\" alt=\"\" width=\"950\" height=\"64\" title=\"\" srcset=\"https:\/\/justvape.nu\/wp-content\/uploads\/2018\/05\/Packing-List.png 950w, https:\/\/justvape.nu\/wp-content\/uploads\/2018\/05\/Packing-List-555x37.png 555w, https:\/\/justvape.nu\/wp-content\/uploads\/2018\/05\/Packing-List-64x4.png 64w, https:\/\/justvape.nu\/wp-content\/uploads\/2018\/05\/Packing-List-300x20.png 300w, https:\/\/justvape.nu\/wp-content\/uploads\/2018\/05\/Packing-List-768x52.png 768w\" sizes=\"auto, (max-width: 950px) 100vw, 950px\" \/><\/a><\/p>\n<\/div>\n<p>1* Caliburn GK3-enhet<br \/>\n1* 0,6\u03a9 Caliburn G3 Integrerad Coil-patron<br \/>\n1* 0,9\u03a9 Caliburn G3 Integrerad Coil-patron<br \/>\n1 * Type-C laddningskabel<br \/>\n1 * Nyckelband<br \/>\n1 * Anv\u00e4ndarmanual<\/p>\n<p class=\"description-img-center \"><a href=\"https:\/\/justvape.nu\/wp-content\/uploads\/2023\/12\/Uwell_Caliburn_GK3_Kit_Packing_List.jpg\"><img loading=\"lazy\" decoding=\"async\" class=\"alignnone size-full wp-image-657715\" src=\"https:\/\/justvape.nu\/wp-content\/uploads\/2023\/12\/Uwell_Caliburn_GK3_Kit_Packing_List.jpg\" alt=\"\" width=\"831\" height=\"476\" title=\"\" srcset=\"https:\/\/justvape.nu\/wp-content\/uploads\/2023\/12\/Uwell_Caliburn_GK3_Kit_Packing_List.jpg 831w, https:\/\/justvape.nu\/wp-content\/uploads\/2023\/12\/Uwell_Caliburn_GK3_Kit_Packing_List-600x344.jpg 600w, https:\/\/justvape.nu\/wp-content\/uploads\/2023\/12\/Uwell_Caliburn_GK3_Kit_Packing_List-64x37.jpg 64w, https:\/\/justvape.nu\/wp-content\/uploads\/2023\/12\/Uwell_Caliburn_GK3_Kit_Packing_List-300x172.jpg 300w, https:\/\/justvape.nu\/wp-content\/uploads\/2023\/12\/Uwell_Caliburn_GK3_Kit_Packing_List-768x440.jpg 768w\" sizes=\"auto, (max-width: 831px) 100vw, 831px\" \/><\/a><\/p>\n<\/div>\n","protected":false},"excerpt":{"rendered":"<p>UWELL &#8211; CALIBURN GK3 POD SYSTEM<\/p>\n","protected":false},"featured_media":657734,"comment_status":"open","ping_status":"closed","template":"","meta":{"_acf_changed":false,"_uag_custom_page_level_css":"","site-sidebar-layout":"default","site-content-layout":"","ast-site-content-layout":"default","site-content-style":"default","site-sidebar-style":"default","ast-global-header-display":"","ast-banner-title-visibility":"","ast-main-header-display":"","ast-hfb-above-header-display":"","ast-hfb-below-header-display":"","ast-hfb-mobile-header-display":"","site-post-title":"","ast-breadcrumbs-content":"","ast-featured-img":"","footer-sml-layout":"","ast-disable-related-posts":"","theme-transparent-header-meta":"default","adv-header-id-meta":"","stick-header-meta":"default","header-above-stick-meta":"","header-main-stick-meta":"","header-below-stick-meta":"","astra-migrate-meta-layouts":"default","ast-page-background-enabled":"default","ast-page-background-meta":{"desktop":{"background-color":"","background-image":"","background-repeat":"repeat","background-position":"center center","background-size":"auto","background-attachment":"scroll","background-type":"","background-media":"","overlay-type":"","overlay-color":"","overlay-opacity":"","overlay-gradient":""},"tablet":{"background-color":"","background-image":"","background-repeat":"repeat","background-position":"center center","background-size":"auto","background-attachment":"scroll","background-type":"","background-media":"","overlay-type":"","overlay-color":"","overlay-opacity":"","overlay-gradient":""},"mobile":{"background-color":"","background-image":"","background-repeat":"repeat","background-position":"center center","background-size":"auto","background-attachment":"scroll","background-type":"","background-media":"","overlay-type":"","overlay-color":"","overlay-opacity":"","overlay-gradient":""}},"ast-content-background-meta":{"desktop":{"background-color":"var(--ast-global-color-5)","background-image":"","background-repeat":"repeat","background-position":"center center","background-size":"auto","background-attachment":"scroll","background-type":"","background-media":"","overlay-type":"","overlay-color":"","overlay-opacity":"","overlay-gradient":""},"tablet":{"background-color":"var(--ast-global-color-5)","background-image":"","background-repeat":"repeat","background-position":"center center","background-size":"auto","background-attachment":"scroll","background-type":"","background-media":"","overlay-type":"","overlay-color":"","overlay-opacity":"","overlay-gradient":""},"mobile":{"background-color":"var(--ast-global-color-5)","background-image":"","background-repeat":"repeat","background-position":"center center","background-size":"auto","background-attachment":"scroll","background-type":"","background-media":"","overlay-type":"","overlay-color":"","overlay-opacity":"","overlay-gradient":""}}},"product_brand":[],"product_cat":[2074,2532,2084,1903,2533,3436],"product_tag":[],"class_list":{"0":"post-658017","1":"product","2":"type-product","3":"status-publish","4":"has-post-thumbnail","6":"product_cat-e-cigaretter-sv","7":"product_cat-hardware-sv","8":"product_cat-nyborjarsatser-pods","9":"product_cat-new-products-sv","10":"product_cat-shop-by-brand-sv","11":"product_cat-uwell-sv","12":"desktop-align-center","13":"tablet-align-center","14":"mobile-align-center","15":"ast-product-gallery-layout-horizontal-slider","16":"ast-product-single-variable","17":"ast-product-tabs-layout-horizontal","19":"first","20":"instock","21":"sale","22":"taxable","23":"shipping-taxable","24":"purchasable","25":"product-type-variable"},"acf":[],"uagb_featured_image_src":{"full":["https:\/\/justvape.nu\/wp-content\/uploads\/2023\/12\/RdSmUcQZ.jpeg",600,600,false],"thumbnail":["https:\/\/justvape.nu\/wp-content\/uploads\/2023\/12\/RdSmUcQZ-150x150.jpeg",150,150,true],"medium":["https:\/\/justvape.nu\/wp-content\/uploads\/2023\/12\/RdSmUcQZ-300x300.jpeg",300,300,true],"medium_large":["https:\/\/justvape.nu\/wp-content\/uploads\/2023\/12\/RdSmUcQZ.jpeg",600,600,false],"large":["https:\/\/justvape.nu\/wp-content\/uploads\/2023\/12\/RdSmUcQZ.jpeg",600,600,false],"1536x1536":["https:\/\/justvape.nu\/wp-content\/uploads\/2023\/12\/RdSmUcQZ.jpeg",600,600,false],"2048x2048":["https:\/\/justvape.nu\/wp-content\/uploads\/2023\/12\/RdSmUcQZ.jpeg",600,600,false],"woocommerce_thumbnail":["https:\/\/justvape.nu\/wp-content\/uploads\/2023\/12\/RdSmUcQZ-300x300.jpeg",300,300,true],"woocommerce_single":["https:\/\/justvape.nu\/wp-content\/uploads\/2023\/12\/RdSmUcQZ.jpeg",600,600,false],"woocommerce_gallery_thumbnail":["https:\/\/justvape.nu\/wp-content\/uploads\/2023\/12\/RdSmUcQZ-100x100.jpeg",100,100,true],"dgwt-wcas-product-suggestion":["https:\/\/justvape.nu\/wp-content\/uploads\/2023\/12\/RdSmUcQZ-64x64.jpeg",64,64,true]},"uagb_author_info":{"display_name":"Kenneth Merkur","author_link":"https:\/\/justvape.nu\/sv\/author\/"},"uagb_comment_info":0,"uagb_excerpt":"UWELL - CALIBURN GK3 POD SYSTEM","_links":{"self":[{"href":"https:\/\/justvape.nu\/sv\/wp-json\/wp\/v2\/product\/658017","targetHints":{"allow":["GET"]}}],"collection":[{"href":"https:\/\/justvape.nu\/sv\/wp-json\/wp\/v2\/product"}],"about":[{"href":"https:\/\/justvape.nu\/sv\/wp-json\/wp\/v2\/types\/product"}],"replies":[{"embeddable":true,"href":"https:\/\/justvape.nu\/sv\/wp-json\/wp\/v2\/comments?post=658017"}],"wp:featuredmedia":[{"embeddable":true,"href":"https:\/\/justvape.nu\/sv\/wp-json\/wp\/v2\/media\/657734"}],"wp:attachment":[{"href":"https:\/\/justvape.nu\/sv\/wp-json\/wp\/v2\/media?parent=658017"}],"wp:term":[{"taxonomy":"product_brand","embeddable":true,"href":"https:\/\/justvape.nu\/sv\/wp-json\/wp\/v2\/product_brand?post=658017"},{"taxonomy":"product_cat","embeddable":true,"href":"https:\/\/justvape.nu\/sv\/wp-json\/wp\/v2\/product_cat?post=658017"},{"taxonomy":"product_tag","embeddable":true,"href":"https:\/\/justvape.nu\/sv\/wp-json\/wp\/v2\/product_tag?post=658017"}],"curies":[{"name":"wp","href":"https:\/\/api.w.org\/{rel}","templated":true}]}}