{"id":656053,"date":"2023-12-02T10:37:16","date_gmt":"2023-12-02T09:37:16","guid":{"rendered":"https:\/\/justvape.nu\/produkt\/voopoo-drag-s2-dtl-version-kit\/"},"modified":"2025-07-23T12:24:07","modified_gmt":"2025-07-23T10:24:07","slug":"voopoo-drag-s2-dtl-version-kit","status":"publish","type":"product","link":"https:\/\/justvape.nu\/sv\/produkt\/voopoo-drag-s2-dtl-version-kit\/","title":{"rendered":"VOOPOO &#8211; DRAG S2 KIT"},"content":{"rendered":"<h2>VOOPOO &#8211; DRAG S2 KIT<\/h2>\n<p>\u00c4r du redo att ge dig ut p\u00e5 en vapingresa utan dess like? Titta inte l\u00e4ngre \u00e4n till DRAG S2, ett m\u00e4sterverk av innovation och prestanda. Denna exceptionella enhet har inte bara banbrytande funktioner utan ocks\u00e5 bekv\u00e4mligheten med ett inbyggt 2500mAh-batteri med USB-C-laddning. Drag S2 anv\u00e4nder den nya PNP X-spolplattformen, som ger l\u00e4ngre livsl\u00e4ngd \u00e4n andra spolar.<\/p>\n<p class=\"description-img-center\"><a href=\"https:\/\/justvape.nu\/wp-content\/uploads\/2018\/05\/Color-Schemes.png\"><img loading=\"lazy\" decoding=\"async\" class=\"alignnone size-full wp-image-19187\" src=\"https:\/\/justvape.nu\/wp-content\/uploads\/2018\/05\/Color-Schemes.png\" alt=\"\" width=\"950\" height=\"64\" title=\"\" srcset=\"https:\/\/justvape.nu\/wp-content\/uploads\/2018\/05\/Color-Schemes.png 950w, https:\/\/justvape.nu\/wp-content\/uploads\/2018\/05\/Color-Schemes-555x37.png 555w, https:\/\/justvape.nu\/wp-content\/uploads\/2018\/05\/Color-Schemes-64x4.png 64w, https:\/\/justvape.nu\/wp-content\/uploads\/2018\/05\/Color-Schemes-300x20.png 300w, https:\/\/justvape.nu\/wp-content\/uploads\/2018\/05\/Color-Schemes-768x52.png 768w\" sizes=\"auto, (max-width: 950px) 100vw, 950px\" \/><\/a><\/p>\n<p><a href=\"https:\/\/justvape.nu\/wp-content\/uploads\/2023\/12\/VOOPOO_Drag_S2_Kit_Colors-1.jpg\"><img loading=\"lazy\" decoding=\"async\" class=\"alignnone wp-image-655672\" src=\"https:\/\/justvape.nu\/wp-content\/uploads\/2023\/12\/VOOPOO_Drag_S2_Kit_Colors-1.jpg\" alt=\"\" width=\"941\" height=\"400\" title=\"\" srcset=\"https:\/\/justvape.nu\/wp-content\/uploads\/2023\/12\/VOOPOO_Drag_S2_Kit_Colors-1.jpg 800w, https:\/\/justvape.nu\/wp-content\/uploads\/2023\/12\/VOOPOO_Drag_S2_Kit_Colors-1-600x255.jpg 600w, https:\/\/justvape.nu\/wp-content\/uploads\/2023\/12\/VOOPOO_Drag_S2_Kit_Colors-1-64x27.jpg 64w, https:\/\/justvape.nu\/wp-content\/uploads\/2023\/12\/VOOPOO_Drag_S2_Kit_Colors-1-300x128.jpg 300w, https:\/\/justvape.nu\/wp-content\/uploads\/2023\/12\/VOOPOO_Drag_S2_Kit_Colors-1-768x326.jpg 768w\" sizes=\"auto, (max-width: 941px) 100vw, 941px\" \/><\/a><\/p>\n<div class=\"shop-features \">\n<h2 class=\"shop-features-title \"><a href=\"https:\/\/justvape.nu\/wp-content\/uploads\/2018\/05\/Specifications.png\"><img loading=\"lazy\" decoding=\"async\" class=\"alignnone size-full wp-image-248449\" src=\"https:\/\/justvape.nu\/wp-content\/uploads\/2018\/05\/Specifications.png\" alt=\"\" width=\"950\" height=\"64\" title=\"\" srcset=\"https:\/\/justvape.nu\/wp-content\/uploads\/2018\/05\/Specifications.png 950w, https:\/\/justvape.nu\/wp-content\/uploads\/2018\/05\/Specifications-600x40.png 600w, https:\/\/justvape.nu\/wp-content\/uploads\/2018\/05\/Specifications-64x4.png 64w, https:\/\/justvape.nu\/wp-content\/uploads\/2018\/05\/Specifications-300x20.png 300w, https:\/\/justvape.nu\/wp-content\/uploads\/2018\/05\/Specifications-768x52.png 768w\" sizes=\"auto, (max-width: 950px) 100vw, 950px\" \/><\/a><\/h2>\n<\/div>\n<table class=\"description-table\">\n<tbody>\n<tr>\n<td class=\"strong-title \">varum\u00e4rke<\/td>\n<td class=\"inline\">VOOPOO<\/td>\n<\/tr>\n<tr>\n<td class=\"strong-title \">produktnamn<\/td>\n<td class=\"inline\">Drag S2-kit<\/td>\n<\/tr>\n<tr>\n<td class=\"strong-title \">Storlek<\/td>\n<td class=\"inline\">122*32,8*28,6 mm<\/td>\n<\/tr>\n<tr>\n<td class=\"strong-title \">Kapacitet<\/td>\n<td class=\"inline\">2 ml TPD<\/td>\n<\/tr>\n<tr>\n<td class=\"strong-title \">Material<\/td>\n<td class=\"inline\">Patron: PCTG + rostfritt st\u00e5l, enhet: Zinklegering + l\u00e4der<\/td>\n<\/tr>\n<tr>\n<td class=\"strong-title \">Effektomr\u00e5de<\/td>\n<td class=\"inline\">5-60W<\/td>\n<\/tr>\n<tr>\n<td class=\"strong-title \">Batterikapacitet<\/td>\n<td class=\"inline\">Inbyggt batteri p\u00e5 2500 mAh<\/td>\n<\/tr>\n<tr>\n<td class=\"strong-title \">Utsp\u00e4nning<\/td>\n<td class=\"inline\">3.2-4.2V<\/td>\n<\/tr>\n<tr>\n<td class=\"strong-title \">Enhetens motst\u00e5nd<\/td>\n<td class=\"inline\">0.1-3.0\u03a9<\/td>\n<\/tr>\n<tr>\n<td class=\"strong-title \">Visa<\/td>\n<td class=\"inline\">0,96 tums TFT-sk\u00e4rm<\/td>\n<\/tr>\n<tr>\n<td class=\"strong-title \">Typ av p\u00e5fyllning<\/td>\n<td class=\"inline\">Sidofyllning<\/td>\n<\/tr>\n<tr>\n<td class=\"strong-title \">Standard spole<\/td>\n<td class=\"inline\">PnP X 0,2\u03a9 spole, PnP X 0,3\u03a9 spole<\/td>\n<\/tr>\n<tr>\n<td class=\"strong-title \">Kompatibel spole<\/td>\n<td class=\"inline\">Alla spolar i PnP X-serien<\/td>\n<\/tr>\n<tr>\n<td class=\"strong-title \">Paketets storlek<\/td>\n<td class=\"inline\">145*71*49mm(1 st)<\/td>\n<\/tr>\n<tr>\n<td class=\"strong-title \"><\/td>\n<td class=\"inline\"><\/td>\n<\/tr>\n<tr>\n<td class=\"strong-title \">F\u00e4rg<\/td>\n<td class=\"inline\">Spray svart, gr\u00e5 metall, f\u00e4rgglatt silver, p\u00e4rlvit, modern r\u00f6d, himmelsbl\u00e5, gl\u00f6drosa<\/td>\n<\/tr>\n<\/tbody>\n<\/table>\n<div class=\"shop-features \">\n<h2 class=\"shop-features-title \"><a href=\"https:\/\/justvape.nu\/wp-content\/uploads\/2018\/05\/Features.png\"><img loading=\"lazy\" decoding=\"async\" class=\"alignnone size-full wp-image-248458\" src=\"https:\/\/justvape.nu\/wp-content\/uploads\/2018\/05\/Features.png\" alt=\"\" width=\"950\" height=\"64\" title=\"\" srcset=\"https:\/\/justvape.nu\/wp-content\/uploads\/2018\/05\/Features.png 950w, https:\/\/justvape.nu\/wp-content\/uploads\/2018\/05\/Features-600x40.png 600w, https:\/\/justvape.nu\/wp-content\/uploads\/2018\/05\/Features-64x4.png 64w, https:\/\/justvape.nu\/wp-content\/uploads\/2018\/05\/Features-300x20.png 300w, https:\/\/justvape.nu\/wp-content\/uploads\/2018\/05\/Features-768x52.png 768w\" sizes=\"auto, (max-width: 950px) 100vw, 950px\" \/><\/a><\/h2>\n<\/div>\n<ul>\n<li style=\"list-style-type: none;\">\n<ul>\n<li>1. PnP X Spolteknik, A-ten livsl\u00e4ngd<\/li>\n<li>2. Luftintag upptill<\/li>\n<li>3. Superl\u00e4ckages\u00e4ker i 4 lager<\/li>\n<li>4. Tight-to-loose erfarenhet av vaping<\/li>\n<li>5. H\u00e5ller j\u00e4mna steg med l\u00e5ng eftersmak<\/li>\n<li>6. 4 g\u00e5nger av vaping njutning<\/li>\n<li>7. Kostnadseffektiv, fullt kompatibel<\/li>\n<li>8. Den klassiska kombinationen av l\u00e4der och metall<\/li>\n<li>9. Ett nytt menygr\u00e4nssnitt<\/li>\n<li>10. 3 l\u00e4gen med nya Gene.TT 2.0-chipet: Smart, RBA och ECO<\/li>\n<li>11. S\u00e4kerhetsskydd: Skydd mot \u00f6vertid\/kortslutning\/\u00f6verladdning\/utmatning\/\u00f6verstr\u00f6m\/l\u00e5gt batteri\/\u00f6vertemperatur i chipet<\/li>\n<\/ul>\n<\/li>\n<\/ul>\n<div class=\"img-show-more\">\n<div id=\"img_content_less\" class=\"img-content add-more\">\n<p class=\"description-img-center\"><a href=\"https:\/\/justvape.nu\/wp-content\/uploads\/2023\/12\/VOOPOO_Drag_S2_Kit_Coming.jpg\"><img loading=\"lazy\" decoding=\"async\" class=\"alignnone size-full wp-image-655680\" src=\"https:\/\/justvape.nu\/wp-content\/uploads\/2023\/12\/VOOPOO_Drag_S2_Kit_Coming.jpg\" alt=\"\" width=\"831\" height=\"430\" title=\"\" srcset=\"https:\/\/justvape.nu\/wp-content\/uploads\/2023\/12\/VOOPOO_Drag_S2_Kit_Coming.jpg 831w, https:\/\/justvape.nu\/wp-content\/uploads\/2023\/12\/VOOPOO_Drag_S2_Kit_Coming-600x310.jpg 600w, https:\/\/justvape.nu\/wp-content\/uploads\/2023\/12\/VOOPOO_Drag_S2_Kit_Coming-64x33.jpg 64w, https:\/\/justvape.nu\/wp-content\/uploads\/2023\/12\/VOOPOO_Drag_S2_Kit_Coming-300x155.jpg 300w, https:\/\/justvape.nu\/wp-content\/uploads\/2023\/12\/VOOPOO_Drag_S2_Kit_Coming-768x397.jpg 768w\" sizes=\"auto, (max-width: 831px) 100vw, 831px\" \/><\/a> <a href=\"https:\/\/justvape.nu\/wp-content\/uploads\/2023\/12\/VOOPOO_Drag_S2_Kit_Long_Lasting.jpg\"><img loading=\"lazy\" decoding=\"async\" class=\"alignnone size-full wp-image-655688\" src=\"https:\/\/justvape.nu\/wp-content\/uploads\/2023\/12\/VOOPOO_Drag_S2_Kit_Long_Lasting.jpg\" alt=\"\" width=\"831\" height=\"456\" title=\"\" srcset=\"https:\/\/justvape.nu\/wp-content\/uploads\/2023\/12\/VOOPOO_Drag_S2_Kit_Long_Lasting.jpg 831w, https:\/\/justvape.nu\/wp-content\/uploads\/2023\/12\/VOOPOO_Drag_S2_Kit_Long_Lasting-600x329.jpg 600w, https:\/\/justvape.nu\/wp-content\/uploads\/2023\/12\/VOOPOO_Drag_S2_Kit_Long_Lasting-64x35.jpg 64w, https:\/\/justvape.nu\/wp-content\/uploads\/2023\/12\/VOOPOO_Drag_S2_Kit_Long_Lasting-300x165.jpg 300w, https:\/\/justvape.nu\/wp-content\/uploads\/2023\/12\/VOOPOO_Drag_S2_Kit_Long_Lasting-768x421.jpg 768w\" sizes=\"auto, (max-width: 831px) 100vw, 831px\" \/><\/a> <a href=\"https:\/\/justvape.nu\/wp-content\/uploads\/2023\/12\/VOOPOO_Drag_S2_Kit_Material.jpg\"><img loading=\"lazy\" decoding=\"async\" class=\"alignnone size-full wp-image-655696\" src=\"https:\/\/justvape.nu\/wp-content\/uploads\/2023\/12\/VOOPOO_Drag_S2_Kit_Material.jpg\" alt=\"\" width=\"831\" height=\"524\" title=\"\" srcset=\"https:\/\/justvape.nu\/wp-content\/uploads\/2023\/12\/VOOPOO_Drag_S2_Kit_Material.jpg 831w, https:\/\/justvape.nu\/wp-content\/uploads\/2023\/12\/VOOPOO_Drag_S2_Kit_Material-600x378.jpg 600w, https:\/\/justvape.nu\/wp-content\/uploads\/2023\/12\/VOOPOO_Drag_S2_Kit_Material-64x40.jpg 64w, https:\/\/justvape.nu\/wp-content\/uploads\/2023\/12\/VOOPOO_Drag_S2_Kit_Material-300x189.jpg 300w, https:\/\/justvape.nu\/wp-content\/uploads\/2023\/12\/VOOPOO_Drag_S2_Kit_Material-768x484.jpg 768w\" sizes=\"auto, (max-width: 831px) 100vw, 831px\" \/><\/a><\/p>\n<p class=\"description-img-center\"><a href=\"https:\/\/justvape.nu\/wp-content\/uploads\/2018\/05\/Packing-List.png\"><img loading=\"lazy\" decoding=\"async\" class=\"alignnone size-full wp-image-18995\" src=\"https:\/\/justvape.nu\/wp-content\/uploads\/2018\/05\/Packing-List.png\" alt=\"\" width=\"950\" height=\"64\" title=\"\" srcset=\"https:\/\/justvape.nu\/wp-content\/uploads\/2018\/05\/Packing-List.png 950w, https:\/\/justvape.nu\/wp-content\/uploads\/2018\/05\/Packing-List-555x37.png 555w, https:\/\/justvape.nu\/wp-content\/uploads\/2018\/05\/Packing-List-64x4.png 64w, https:\/\/justvape.nu\/wp-content\/uploads\/2018\/05\/Packing-List-300x20.png 300w, https:\/\/justvape.nu\/wp-content\/uploads\/2018\/05\/Packing-List-768x52.png 768w\" sizes=\"auto, (max-width: 950px) 100vw, 950px\" \/><\/a><\/p>\n<\/div>\n<\/div>\n<p>1* Drag S2-enhet<br \/>\n1* PnP X Patron DTL (2 ml TPD)<br \/>\n1* PnP X 0,2\u03a9 spole<br \/>\n1* PnP X 0,3\u03a9 Coil (f\u00f6rinstallerad)<br \/>\n1* PnP X plattformskort<br \/>\n1 * Type-C-kabel<br \/>\n1 * Anv\u00e4ndarmanual<\/p>\n","protected":false},"excerpt":{"rendered":"<p>VOOPOO &#8211; DRAG S2 KIT<\/p>\n","protected":false},"featured_media":666150,"comment_status":"open","ping_status":"closed","template":"","meta":{"_acf_changed":false,"_uag_custom_page_level_css":"","site-sidebar-layout":"default","site-content-layout":"","ast-site-content-layout":"default","site-content-style":"default","site-sidebar-style":"default","ast-global-header-display":"","ast-banner-title-visibility":"","ast-main-header-display":"","ast-hfb-above-header-display":"","ast-hfb-below-header-display":"","ast-hfb-mobile-header-display":"","site-post-title":"","ast-breadcrumbs-content":"","ast-featured-img":"","footer-sml-layout":"","ast-disable-related-posts":"","theme-transparent-header-meta":"default","adv-header-id-meta":"","stick-header-meta":"default","header-above-stick-meta":"","header-main-stick-meta":"","header-below-stick-meta":"","astra-migrate-meta-layouts":"default","ast-page-background-enabled":"default","ast-page-background-meta":{"desktop":{"background-color":"","background-image":"","background-repeat":"repeat","background-position":"center center","background-size":"auto","background-attachment":"scroll","background-type":"","background-media":"","overlay-type":"","overlay-color":"","overlay-opacity":"","overlay-gradient":""},"tablet":{"background-color":"","background-image":"","background-repeat":"repeat","background-position":"center center","background-size":"auto","background-attachment":"scroll","background-type":"","background-media":"","overlay-type":"","overlay-color":"","overlay-opacity":"","overlay-gradient":""},"mobile":{"background-color":"","background-image":"","background-repeat":"repeat","background-position":"center center","background-size":"auto","background-attachment":"scroll","background-type":"","background-media":"","overlay-type":"","overlay-color":"","overlay-opacity":"","overlay-gradient":""}},"ast-content-background-meta":{"desktop":{"background-color":"var(--ast-global-color-5)","background-image":"","background-repeat":"repeat","background-position":"center center","background-size":"auto","background-attachment":"scroll","background-type":"","background-media":"","overlay-type":"","overlay-color":"","overlay-opacity":"","overlay-gradient":""},"tablet":{"background-color":"var(--ast-global-color-5)","background-image":"","background-repeat":"repeat","background-position":"center center","background-size":"auto","background-attachment":"scroll","background-type":"","background-media":"","overlay-type":"","overlay-color":"","overlay-opacity":"","overlay-gradient":""},"mobile":{"background-color":"var(--ast-global-color-5)","background-image":"","background-repeat":"repeat","background-position":"center center","background-size":"auto","background-attachment":"scroll","background-type":"","background-media":"","overlay-type":"","overlay-color":"","overlay-opacity":"","overlay-gradient":""}}},"product_brand":[],"product_cat":[2074,2532,1903,2533,2147,2534],"product_tag":[],"class_list":{"0":"post-656053","1":"product","2":"type-product","3":"status-publish","4":"has-post-thumbnail","6":"product_cat-e-cigaretter-sv","7":"product_cat-hardware-sv","8":"product_cat-new-products-sv","9":"product_cat-shop-by-brand-sv","10":"product_cat-sub-ohm-satser","11":"product_cat-voopoo-sv","12":"desktop-align-center","13":"tablet-align-center","14":"mobile-align-center","15":"ast-product-gallery-layout-horizontal-slider","16":"ast-product-gallery-with-no-image","17":"ast-product-single-variable","18":"ast-product-tabs-layout-horizontal","20":"first","21":"instock","22":"sale","23":"taxable","24":"shipping-taxable","25":"purchasable","26":"product-type-variable"},"acf":[],"uagb_featured_image_src":{"full":["https:\/\/justvape.nu\/wp-content\/uploads\/2023\/12\/hySkAwuS.webp",600,600,false],"thumbnail":["https:\/\/justvape.nu\/wp-content\/uploads\/2023\/12\/hySkAwuS-150x150.webp",150,150,true],"medium":["https:\/\/justvape.nu\/wp-content\/uploads\/2023\/12\/hySkAwuS-300x300.webp",300,300,true],"medium_large":["https:\/\/justvape.nu\/wp-content\/uploads\/2023\/12\/hySkAwuS.webp",600,600,false],"large":["https:\/\/justvape.nu\/wp-content\/uploads\/2023\/12\/hySkAwuS.webp",600,600,false],"1536x1536":["https:\/\/justvape.nu\/wp-content\/uploads\/2023\/12\/hySkAwuS.webp",600,600,false],"2048x2048":["https:\/\/justvape.nu\/wp-content\/uploads\/2023\/12\/hySkAwuS.webp",600,600,false],"woocommerce_thumbnail":["https:\/\/justvape.nu\/wp-content\/uploads\/2023\/12\/hySkAwuS-300x300.webp",300,300,true],"woocommerce_single":["https:\/\/justvape.nu\/wp-content\/uploads\/2023\/12\/hySkAwuS.webp",600,600,false],"woocommerce_gallery_thumbnail":["https:\/\/justvape.nu\/wp-content\/uploads\/2023\/12\/hySkAwuS-100x100.webp",100,100,true],"dgwt-wcas-product-suggestion":["https:\/\/justvape.nu\/wp-content\/uploads\/2023\/12\/hySkAwuS-64x64.webp",64,64,true]},"uagb_author_info":{"display_name":"Kenneth Merkur","author_link":"https:\/\/justvape.nu\/sv\/author\/"},"uagb_comment_info":0,"uagb_excerpt":"VOOPOO - DRAG S2 KIT","_links":{"self":[{"href":"https:\/\/justvape.nu\/sv\/wp-json\/wp\/v2\/product\/656053","targetHints":{"allow":["GET"]}}],"collection":[{"href":"https:\/\/justvape.nu\/sv\/wp-json\/wp\/v2\/product"}],"about":[{"href":"https:\/\/justvape.nu\/sv\/wp-json\/wp\/v2\/types\/product"}],"replies":[{"embeddable":true,"href":"https:\/\/justvape.nu\/sv\/wp-json\/wp\/v2\/comments?post=656053"}],"wp:featuredmedia":[{"embeddable":true,"href":"https:\/\/justvape.nu\/sv\/wp-json\/wp\/v2\/media\/666150"}],"wp:attachment":[{"href":"https:\/\/justvape.nu\/sv\/wp-json\/wp\/v2\/media?parent=656053"}],"wp:term":[{"taxonomy":"product_brand","embeddable":true,"href":"https:\/\/justvape.nu\/sv\/wp-json\/wp\/v2\/product_brand?post=656053"},{"taxonomy":"product_cat","embeddable":true,"href":"https:\/\/justvape.nu\/sv\/wp-json\/wp\/v2\/product_cat?post=656053"},{"taxonomy":"product_tag","embeddable":true,"href":"https:\/\/justvape.nu\/sv\/wp-json\/wp\/v2\/product_tag?post=656053"}],"curies":[{"name":"wp","href":"https:\/\/api.w.org\/{rel}","templated":true}]}}