{"id":653821,"date":"2023-11-23T17:54:23","date_gmt":"2023-11-23T16:54:23","guid":{"rendered":"https:\/\/justvape.nu\/?post_type=product&#038;p=653821"},"modified":"2024-12-16T17:02:42","modified_gmt":"2024-12-16T16:02:42","slug":"cthulhu-mod-520-tank-copy","status":"publish","type":"product","link":"https:\/\/justvape.nu\/sv\/produkt\/cthulhu-mod-520-tank-copy\/","title":{"rendered":"CTHULHU MOD &#8211; 850 BORO RBA"},"content":{"rendered":"<h2>CTHULHU MOD &#8211; 850 BORO RBA<\/h2>\n<p>&nbsp;<\/p>\n<p>850 RBA Boro Tank fr\u00e5n Cthulhu Mods \u00e4r det perfekta tillbeh\u00f6ret f\u00f6r alla vapingentusiaster. Den h\u00e4r tanken \u00e4r kompatibel med alla Billet Box-modeller och Cthulhu AIO-modellen. Den eleganta och kompakta designen \u00e4r optimerad f\u00f6r att bygga en enda DIY-spole, vilket g\u00f6r det enkelt att bygga slingor och anpassa din r\u00f6kupplevelse.<\/p>\n<p dir=\"ltr\">Boro 850 RBA fr\u00e5n Cthulhu \u00e4r kompatibel med alla Boro Box- och alla Billet Box-format.<\/p>\n<p>Den levereras med den ber\u00f6mda Kraken Boro 5mL-tanken, som kan fyllas via plastfliken p\u00e5 framsidan av tanken.<\/p>\n<p dir=\"ltr\">Boro 850 RBA har 3 delar. En monteringsplatta f\u00f6r enkel spole, en atomiseringskammare och en skorsten. Allt du beh\u00f6ver g\u00f6ra \u00e4r att passa ihop dem (som visas p\u00e5 bilden).<\/p>\n<p dir=\"ltr\">Luftfl\u00f6det kan naturligtvis justeras med 4 Airpins (medf\u00f6ljer i satsen), som m\u00e5ste skruvas fast p\u00e5 monteringsplattan (h\u00e5rdvara medf\u00f6ljer ej).<\/p>\n<p><a href=\"https:\/\/justvape.nu\/wp-content\/uploads\/2018\/05\/Specifications.png\"><img loading=\"lazy\" decoding=\"async\" class=\"alignnone size-full wp-image-248449\" src=\"https:\/\/justvape.nu\/wp-content\/uploads\/2018\/05\/Specifications.png\" alt=\"\" width=\"950\" height=\"64\" title=\"\" srcset=\"https:\/\/justvape.nu\/wp-content\/uploads\/2018\/05\/Specifications.png 950w, https:\/\/justvape.nu\/wp-content\/uploads\/2018\/05\/Specifications-600x40.png 600w, https:\/\/justvape.nu\/wp-content\/uploads\/2018\/05\/Specifications-64x4.png 64w, https:\/\/justvape.nu\/wp-content\/uploads\/2018\/05\/Specifications-300x20.png 300w, https:\/\/justvape.nu\/wp-content\/uploads\/2018\/05\/Specifications-768x52.png 768w\" sizes=\"auto, (max-width: 950px) 100vw, 950px\" \/><\/a><\/p>\n<p>&nbsp;<\/p>\n<ul>\n<li>850 RBA utformad f\u00f6r \u00e4kta RDL- och DL-vaping<\/li>\n<li>Har en mindre kupolskorsten f\u00f6r f\u00f6rb\u00e4ttrad smak och struptr\u00e4ff<\/li>\n<li>Storlek p\u00e5 luftfl\u00f6desstift: 1,5 mm, 2,0 mm, 2,6 mm, 3,2 mm, 3,8 mm<\/li>\n<li>Enkel spiralbyggnad och wicking d\u00e4ck<\/li>\n<li>Tyst och j\u00e4mn luftfl\u00f6desdesign<\/li>\n<li>510-g\u00e4nga f\u00f6r enklare upprullning<\/li>\n<li>Levereras med Kraken-tank (Kraken-tanken \u00e4r helt kompatibel med andra Boro Bridge)<\/li>\n<\/ul>\n<p><a style=\"font-size: 16px; background-color: #ffffff;\" href=\"https:\/\/justvape.nu\/wp-content\/uploads\/2018\/04\/Packing-List.png\"><br \/>\n<img loading=\"lazy\" decoding=\"async\" class=\"alignnone size-full wp-image-18999\" src=\"https:\/\/justvape.nu\/wp-content\/uploads\/2018\/04\/Packing-List.png\" alt=\"\" width=\"950\" height=\"64\" title=\"\" srcset=\"https:\/\/justvape.nu\/wp-content\/uploads\/2018\/04\/Packing-List.png 950w, https:\/\/justvape.nu\/wp-content\/uploads\/2018\/04\/Packing-List-555x37.png 555w, https:\/\/justvape.nu\/wp-content\/uploads\/2018\/04\/Packing-List-64x4.png 64w, https:\/\/justvape.nu\/wp-content\/uploads\/2018\/04\/Packing-List-300x20.png 300w, https:\/\/justvape.nu\/wp-content\/uploads\/2018\/04\/Packing-List-768x52.png 768w\" sizes=\"auto, (max-width: 950px) 100vw, 950px\" \/><\/a><\/p>\n<ul>\n<li>1 x 850 kraken-tank<\/li>\n<li>4 x luftfl\u00f6desstift<\/li>\n<\/ul>\n","protected":false},"excerpt":{"rendered":"<p>CTHULHU MOD &#8211; 850 BORO RBA<\/p>\n","protected":false},"featured_media":653842,"comment_status":"open","ping_status":"closed","template":"","meta":{"_acf_changed":false,"_uag_custom_page_level_css":"","site-sidebar-layout":"default","site-content-layout":"","ast-site-content-layout":"default","site-content-style":"default","site-sidebar-style":"default","ast-global-header-display":"","ast-banner-title-visibility":"","ast-main-header-display":"","ast-hfb-above-header-display":"","ast-hfb-below-header-display":"","ast-hfb-mobile-header-display":"","site-post-title":"","ast-breadcrumbs-content":"","ast-featured-img":"","footer-sml-layout":"","ast-disable-related-posts":"","theme-transparent-header-meta":"default","adv-header-id-meta":"","stick-header-meta":"default","header-above-stick-meta":"","header-main-stick-meta":"","header-below-stick-meta":"","astra-migrate-meta-layouts":"default","ast-page-background-enabled":"default","ast-page-background-meta":{"desktop":{"background-color":"","background-image":"","background-repeat":"repeat","background-position":"center center","background-size":"auto","background-attachment":"scroll","background-type":"","background-media":"","overlay-type":"","overlay-color":"","overlay-opacity":"","overlay-gradient":""},"tablet":{"background-color":"","background-image":"","background-repeat":"repeat","background-position":"center center","background-size":"auto","background-attachment":"scroll","background-type":"","background-media":"","overlay-type":"","overlay-color":"","overlay-opacity":"","overlay-gradient":""},"mobile":{"background-color":"","background-image":"","background-repeat":"repeat","background-position":"center center","background-size":"auto","background-attachment":"scroll","background-type":"","background-media":"","overlay-type":"","overlay-color":"","overlay-opacity":"","overlay-gradient":""}},"ast-content-background-meta":{"desktop":{"background-color":"var(--ast-global-color-5)","background-image":"","background-repeat":"repeat","background-position":"center center","background-size":"auto","background-attachment":"scroll","background-type":"","background-media":"","overlay-type":"","overlay-color":"","overlay-opacity":"","overlay-gradient":""},"tablet":{"background-color":"var(--ast-global-color-5)","background-image":"","background-repeat":"repeat","background-position":"center center","background-size":"auto","background-attachment":"scroll","background-type":"","background-media":"","overlay-type":"","overlay-color":"","overlay-opacity":"","overlay-gradient":""},"mobile":{"background-color":"var(--ast-global-color-5)","background-image":"","background-repeat":"repeat","background-position":"center center","background-size":"auto","background-attachment":"scroll","background-type":"","background-media":"","overlay-type":"","overlay-color":"","overlay-opacity":"","overlay-gradient":""}}},"product_brand":[],"product_cat":[6210,2532,1903,2533,2044,1984],"product_tag":[],"class_list":{"0":"post-653821","1":"product","2":"type-product","3":"status-publish","4":"has-post-thumbnail","6":"product_cat-cthulhu-mod-sv","7":"product_cat-hardware-sv","8":"product_cat-new-products-sv","9":"product_cat-shop-by-brand-sv","10":"product_cat-tankar","11":"product_cat-tankar-spolar","12":"desktop-align-center","13":"tablet-align-center","14":"mobile-align-center","15":"ast-product-gallery-layout-horizontal-slider","16":"ast-product-gallery-with-no-image","17":"ast-product-tabs-layout-horizontal","19":"first","20":"instock","21":"sale","22":"taxable","23":"shipping-taxable","24":"purchasable","25":"product-type-simple"},"acf":[],"uagb_featured_image_src":{"full":["https:\/\/justvape.nu\/wp-content\/uploads\/2023\/11\/cthulhu-mods-850-boro-rba-35447255564443.webp",480,480,false],"thumbnail":["https:\/\/justvape.nu\/wp-content\/uploads\/2023\/11\/cthulhu-mods-850-boro-rba-35447255564443-150x150.webp",150,150,true],"medium":["https:\/\/justvape.nu\/wp-content\/uploads\/2023\/11\/cthulhu-mods-850-boro-rba-35447255564443-300x300.webp",300,300,true],"medium_large":["https:\/\/justvape.nu\/wp-content\/uploads\/2023\/11\/cthulhu-mods-850-boro-rba-35447255564443.webp",480,480,false],"large":["https:\/\/justvape.nu\/wp-content\/uploads\/2023\/11\/cthulhu-mods-850-boro-rba-35447255564443.webp",480,480,false],"1536x1536":["https:\/\/justvape.nu\/wp-content\/uploads\/2023\/11\/cthulhu-mods-850-boro-rba-35447255564443.webp",480,480,false],"2048x2048":["https:\/\/justvape.nu\/wp-content\/uploads\/2023\/11\/cthulhu-mods-850-boro-rba-35447255564443.webp",480,480,false],"woocommerce_thumbnail":["https:\/\/justvape.nu\/wp-content\/uploads\/2023\/11\/cthulhu-mods-850-boro-rba-35447255564443-300x300.webp",300,300,true],"woocommerce_single":["https:\/\/justvape.nu\/wp-content\/uploads\/2023\/11\/cthulhu-mods-850-boro-rba-35447255564443.webp",480,480,false],"woocommerce_gallery_thumbnail":["https:\/\/justvape.nu\/wp-content\/uploads\/2023\/11\/cthulhu-mods-850-boro-rba-35447255564443-100x100.webp",100,100,true],"dgwt-wcas-product-suggestion":["https:\/\/justvape.nu\/wp-content\/uploads\/2023\/11\/cthulhu-mods-850-boro-rba-35447255564443-64x64.webp",64,64,true]},"uagb_author_info":{"display_name":"JustVape.nu","author_link":"https:\/\/justvape.nu\/sv\/author\/"},"uagb_comment_info":0,"uagb_excerpt":"CTHULHU MOD - 850 BORO RBA","_links":{"self":[{"href":"https:\/\/justvape.nu\/sv\/wp-json\/wp\/v2\/product\/653821","targetHints":{"allow":["GET"]}}],"collection":[{"href":"https:\/\/justvape.nu\/sv\/wp-json\/wp\/v2\/product"}],"about":[{"href":"https:\/\/justvape.nu\/sv\/wp-json\/wp\/v2\/types\/product"}],"replies":[{"embeddable":true,"href":"https:\/\/justvape.nu\/sv\/wp-json\/wp\/v2\/comments?post=653821"}],"wp:featuredmedia":[{"embeddable":true,"href":"https:\/\/justvape.nu\/sv\/wp-json\/wp\/v2\/media\/653842"}],"wp:attachment":[{"href":"https:\/\/justvape.nu\/sv\/wp-json\/wp\/v2\/media?parent=653821"}],"wp:term":[{"taxonomy":"product_brand","embeddable":true,"href":"https:\/\/justvape.nu\/sv\/wp-json\/wp\/v2\/product_brand?post=653821"},{"taxonomy":"product_cat","embeddable":true,"href":"https:\/\/justvape.nu\/sv\/wp-json\/wp\/v2\/product_cat?post=653821"},{"taxonomy":"product_tag","embeddable":true,"href":"https:\/\/justvape.nu\/sv\/wp-json\/wp\/v2\/product_tag?post=653821"}],"curies":[{"name":"wp","href":"https:\/\/api.w.org\/{rel}","templated":true}]}}