{"id":650907,"date":"2023-11-12T17:03:13","date_gmt":"2023-11-12T16:03:13","guid":{"rendered":"https:\/\/justvape.nu\/produkt\/oxva-xlim-sq-pro-pod\/"},"modified":"2025-07-23T12:24:06","modified_gmt":"2025-07-23T10:24:06","slug":"oxva-xlim-sq-pro-pod","status":"publish","type":"product","link":"https:\/\/justvape.nu\/sv\/produkt\/oxva-xlim-sq-pro-pod\/","title":{"rendered":"OXVA &#8211; XLIM SQ PRO POD"},"content":{"rendered":"<h2>OXVA &#8211; XLIM SQ PRO POD<\/h2>\n<p>Vi introducerar Oxva Xlim SQ Pro Pod Vape, en avancerad iteration av OXVA SQ med f\u00f6rb\u00e4ttrade livskvalitetsfunktioner. Den h\u00e4r eleganta enheten har ett 1200 mAh-batteri som ger gott om tid f\u00f6r vape, och den snabba 2AMP USB-C-laddningen g\u00f6r det m\u00f6jligt att snabbt fylla p\u00e5 batteriet. Xlim SQ Pro levererar exceptionell smak och \u00e5ngproduktion med sina OXVA Xlim V2-pods och Xlim Top fill-reservpods.<\/p>\n<p>Njut av en anpassningsbar vapingupplevelse med den justerbara luftfl\u00f6desfunktionen. Xlim SQ Pro \u00e4r utrustad med ett smart chipset och justerar automatiskt uteffekten f\u00f6r att matcha den installerade podden, vilket optimerar prestandan. Alternativt kan du klicka p\u00e5 knappen tre g\u00e5nger och sedan justera genom att trycka p\u00e5 knappen. Detta tillf\u00f6r 1 watt per klick och kommer att ske i rundg\u00e5ng. Enheten har en effekt p\u00e5 upp till 30 W.<\/p>\n<p>H\u00e5ll dig informerad med den smarta 0,96-tumsdisplayen som bekv\u00e4mt visar viktig information om vaping, t.ex. antal puffar, wattal och tid f\u00f6r vaping. Upplev symbolen f\u00f6r bekv\u00e4mlighet och prestanda med Oxva Xlim SQ Pro Pod Vape. Om du trycker tv\u00e5 g\u00e5nger p\u00e5 startknappen kan du v\u00e4lja ett tema och v\u00e4xla mellan str\u00f6ml\u00e4ge och smartl\u00e4ge.<\/p>\n<p><a href=\"https:\/\/justvape.nu\/wp-content\/uploads\/2018\/05\/Color-Schemes.png\"><img loading=\"lazy\" decoding=\"async\" class=\"alignnone size-full wp-image-19187\" src=\"https:\/\/justvape.nu\/wp-content\/uploads\/2018\/05\/Color-Schemes.png\" alt=\"\" width=\"950\" height=\"64\" title=\"\" srcset=\"https:\/\/justvape.nu\/wp-content\/uploads\/2018\/05\/Color-Schemes.png 950w, https:\/\/justvape.nu\/wp-content\/uploads\/2018\/05\/Color-Schemes-555x37.png 555w, https:\/\/justvape.nu\/wp-content\/uploads\/2018\/05\/Color-Schemes-64x4.png 64w, https:\/\/justvape.nu\/wp-content\/uploads\/2018\/05\/Color-Schemes-300x20.png 300w, https:\/\/justvape.nu\/wp-content\/uploads\/2018\/05\/Color-Schemes-768x52.png 768w\" sizes=\"auto, (max-width: 950px) 100vw, 950px\" \/><\/a><\/p>\n<p class=\"description-img-center\"><a href=\"https:\/\/justvape.nu\/wp-content\/uploads\/2023\/11\/OXVA_Xlim_SQ_Pro_Kit_Colors.jpg\"><img loading=\"lazy\" decoding=\"async\" class=\"alignnone wp-image-650715\" src=\"https:\/\/justvape.nu\/wp-content\/uploads\/2023\/11\/OXVA_Xlim_SQ_Pro_Kit_Colors.jpg\" alt=\"\" width=\"937\" height=\"782\" title=\"\" srcset=\"https:\/\/justvape.nu\/wp-content\/uploads\/2023\/11\/OXVA_Xlim_SQ_Pro_Kit_Colors.jpg 800w, https:\/\/justvape.nu\/wp-content\/uploads\/2023\/11\/OXVA_Xlim_SQ_Pro_Kit_Colors-600x501.jpg 600w, https:\/\/justvape.nu\/wp-content\/uploads\/2023\/11\/OXVA_Xlim_SQ_Pro_Kit_Colors-64x53.jpg 64w, https:\/\/justvape.nu\/wp-content\/uploads\/2023\/11\/OXVA_Xlim_SQ_Pro_Kit_Colors-300x251.jpg 300w, https:\/\/justvape.nu\/wp-content\/uploads\/2023\/11\/OXVA_Xlim_SQ_Pro_Kit_Colors-768x641.jpg 768w\" sizes=\"auto, (max-width: 937px) 100vw, 937px\" \/><\/a><\/p>\n<div class=\"shop-features \">\n<h2 class=\"shop-features-title \"><a href=\"https:\/\/justvape.nu\/wp-content\/uploads\/2018\/05\/Specifications.png\"><img loading=\"lazy\" decoding=\"async\" class=\"alignnone size-full wp-image-18993\" src=\"https:\/\/justvape.nu\/wp-content\/uploads\/2018\/05\/Specifications.png\" alt=\"\" width=\"950\" height=\"64\" title=\"\" srcset=\"https:\/\/justvape.nu\/wp-content\/uploads\/2018\/05\/Specifications.png 950w, https:\/\/justvape.nu\/wp-content\/uploads\/2018\/05\/Specifications-555x37.png 555w, https:\/\/justvape.nu\/wp-content\/uploads\/2018\/05\/Specifications-64x4.png 64w, https:\/\/justvape.nu\/wp-content\/uploads\/2018\/05\/Specifications-300x20.png 300w, https:\/\/justvape.nu\/wp-content\/uploads\/2018\/05\/Specifications-768x52.png 768w\" sizes=\"auto, (max-width: 950px) 100vw, 950px\" \/><\/a><\/h2>\n<\/div>\n<table class=\"description-table\">\n<tbody>\n<tr>\n<td class=\"strong-title \">varum\u00e4rke<\/td>\n<td class=\"inline\">OXVA<\/td>\n<\/tr>\n<tr>\n<td class=\"strong-title \">produktnamn<\/td>\n<td class=\"inline\">Xlim SQ Pro-kit<\/td>\n<\/tr>\n<tr>\n<td class=\"strong-title \">Uteffekt<\/td>\n<td class=\"inline\">5-30W<\/td>\n<\/tr>\n<tr>\n<td class=\"strong-title \">Kapacitet f\u00f6r patroner<\/td>\n<td class=\"inline\">2 ml<\/td>\n<\/tr>\n<tr>\n<td class=\"strong-title \">Motst\u00e5ndsintervall<\/td>\n<td class=\"inline\">0,33-3,0ohm<\/td>\n<\/tr>\n<tr>\n<td class=\"strong-title \">Kompatibla kapslar<\/td>\n<td class=\"inline\">XLIM Top Fill-patron (0,4\u03a9\/0,6\u03a9\/0,8\u03a9\/1,2\u03a9)<br \/>\nXLIM V2-patron (0,6\u03a9\/0,8\u03a9\/1,2\u03a9)<br \/>\nF\u00f6rfylld XLIM-kassett<\/td>\n<\/tr>\n<tr>\n<td class=\"strong-title \">System f\u00f6r p\u00e5fyllning<\/td>\n<td class=\"inline\">Toppfyllning<\/td>\n<\/tr>\n<tr>\n<td class=\"strong-title \">Kontroll av luftfl\u00f6det<\/td>\n<td class=\"inline\">Sidan AFC<\/td>\n<\/tr>\n<tr>\n<td class=\"strong-title \">Sk\u00e4rm<\/td>\n<td class=\"inline\">0,96-tums TFT-f\u00e4rgsk\u00e4rm<\/td>\n<\/tr>\n<tr>\n<td class=\"strong-title \">Batteri<\/td>\n<td class=\"inline\">1200mAh<\/td>\n<\/tr>\n<tr>\n<td class=\"strong-title \">Laddning<\/td>\n<td class=\"inline\">5V\/2A, Typ-C<\/td>\n<\/tr>\n<tr>\n<td class=\"strong-title \">Material<\/td>\n<td class=\"inline\">Zinklegering+IML+PCTG<\/td>\n<\/tr>\n<tr>\n<td class=\"strong-title \">Storlek<\/td>\n<td class=\"inline\">54,4*20,4*77,0 mm<\/td>\n<\/tr>\n<tr>\n<td class=\"strong-title \">F\u00e4rg<\/td>\n<td class=\"inline\">Brons tr\u00e4, Gunmetal tr\u00e4, Svart kolfiber, Guld kolfiber, Mjukt bl\u00e5, Mauve vit, Pastell rosa, V\u00e5r vit<\/td>\n<\/tr>\n<\/tbody>\n<\/table>\n<div class=\"shop-features \">\n<h2 class=\"shop-features-title \"><a href=\"https:\/\/justvape.nu\/wp-content\/uploads\/2018\/05\/Features.png\"><img loading=\"lazy\" decoding=\"async\" class=\"alignnone size-full wp-image-248458\" src=\"https:\/\/justvape.nu\/wp-content\/uploads\/2018\/05\/Features.png\" alt=\"\" width=\"950\" height=\"64\" title=\"\" srcset=\"https:\/\/justvape.nu\/wp-content\/uploads\/2018\/05\/Features.png 950w, https:\/\/justvape.nu\/wp-content\/uploads\/2018\/05\/Features-600x40.png 600w, https:\/\/justvape.nu\/wp-content\/uploads\/2018\/05\/Features-64x4.png 64w, https:\/\/justvape.nu\/wp-content\/uploads\/2018\/05\/Features-300x20.png 300w, https:\/\/justvape.nu\/wp-content\/uploads\/2018\/05\/Features-768x52.png 768w\" sizes=\"auto, (max-width: 950px) 100vw, 950px\" \/><\/a><\/h2>\n<\/div>\n<ul>\n<li style=\"list-style-type: none;\">\n<ul>\n<li>1. 30W maximal uteffekt<\/li>\n<li>2. 0,96 tums TFT-f\u00e4rgsk\u00e4rm<\/li>\n<li>3. Valfria dynamiska teman<\/li>\n<li>4. Inbyggt batteri p\u00e5 1200 mAh<\/li>\n<li>5. Kompatibel med patroner i XLIM-serien<\/li>\n<li>6. Mycket l\u00e4ckages\u00e4ker<\/li>\n<li>7. Smart- och energil\u00e4ge<\/li>\n<\/ul>\n<\/li>\n<\/ul>\n<div class=\"img-show-more\">\n<div id=\"img_content_less\" class=\"img-content add-more\">\n<p class=\"description-img-center\"><a href=\"https:\/\/justvape.nu\/wp-content\/uploads\/2023\/11\/OXVA_Xlim_SQ_Pro_Kit_Battery_Capacity.jpg\"><img loading=\"lazy\" decoding=\"async\" class=\"alignnone size-full wp-image-650724\" src=\"https:\/\/justvape.nu\/wp-content\/uploads\/2023\/11\/OXVA_Xlim_SQ_Pro_Kit_Battery_Capacity.jpg\" alt=\"\" width=\"831\" height=\"487\" title=\"\" srcset=\"https:\/\/justvape.nu\/wp-content\/uploads\/2023\/11\/OXVA_Xlim_SQ_Pro_Kit_Battery_Capacity.jpg 831w, https:\/\/justvape.nu\/wp-content\/uploads\/2023\/11\/OXVA_Xlim_SQ_Pro_Kit_Battery_Capacity-600x352.jpg 600w, https:\/\/justvape.nu\/wp-content\/uploads\/2023\/11\/OXVA_Xlim_SQ_Pro_Kit_Battery_Capacity-64x38.jpg 64w, https:\/\/justvape.nu\/wp-content\/uploads\/2023\/11\/OXVA_Xlim_SQ_Pro_Kit_Battery_Capacity-300x176.jpg 300w, https:\/\/justvape.nu\/wp-content\/uploads\/2023\/11\/OXVA_Xlim_SQ_Pro_Kit_Battery_Capacity-768x450.jpg 768w\" sizes=\"auto, (max-width: 831px) 100vw, 831px\" \/><\/a> <a href=\"https:\/\/justvape.nu\/wp-content\/uploads\/2023\/11\/OXVA_Xlim_SQ_Pro_Kit_Features.jpg\"><img loading=\"lazy\" decoding=\"async\" class=\"alignnone size-full wp-image-650732\" src=\"https:\/\/justvape.nu\/wp-content\/uploads\/2023\/11\/OXVA_Xlim_SQ_Pro_Kit_Features.jpg\" alt=\"\" width=\"831\" height=\"390\" title=\"\" srcset=\"https:\/\/justvape.nu\/wp-content\/uploads\/2023\/11\/OXVA_Xlim_SQ_Pro_Kit_Features.jpg 831w, https:\/\/justvape.nu\/wp-content\/uploads\/2023\/11\/OXVA_Xlim_SQ_Pro_Kit_Features-600x282.jpg 600w, https:\/\/justvape.nu\/wp-content\/uploads\/2023\/11\/OXVA_Xlim_SQ_Pro_Kit_Features-64x30.jpg 64w, https:\/\/justvape.nu\/wp-content\/uploads\/2023\/11\/OXVA_Xlim_SQ_Pro_Kit_Features-300x141.jpg 300w, https:\/\/justvape.nu\/wp-content\/uploads\/2023\/11\/OXVA_Xlim_SQ_Pro_Kit_Features-768x360.jpg 768w\" sizes=\"auto, (max-width: 831px) 100vw, 831px\" \/><\/a> <a href=\"https:\/\/justvape.nu\/wp-content\/uploads\/2023\/11\/OXVA_Xlim_SQ_Pro_Kit_Main_Features.jpg\"><img loading=\"lazy\" decoding=\"async\" class=\"alignnone size-full wp-image-650740\" src=\"https:\/\/justvape.nu\/wp-content\/uploads\/2023\/11\/OXVA_Xlim_SQ_Pro_Kit_Main_Features.jpg\" alt=\"\" width=\"831\" height=\"439\" title=\"\" srcset=\"https:\/\/justvape.nu\/wp-content\/uploads\/2023\/11\/OXVA_Xlim_SQ_Pro_Kit_Main_Features.jpg 831w, https:\/\/justvape.nu\/wp-content\/uploads\/2023\/11\/OXVA_Xlim_SQ_Pro_Kit_Main_Features-600x317.jpg 600w, https:\/\/justvape.nu\/wp-content\/uploads\/2023\/11\/OXVA_Xlim_SQ_Pro_Kit_Main_Features-64x34.jpg 64w, https:\/\/justvape.nu\/wp-content\/uploads\/2023\/11\/OXVA_Xlim_SQ_Pro_Kit_Main_Features-300x158.jpg 300w, https:\/\/justvape.nu\/wp-content\/uploads\/2023\/11\/OXVA_Xlim_SQ_Pro_Kit_Main_Features-768x406.jpg 768w\" sizes=\"auto, (max-width: 831px) 100vw, 831px\" \/><\/a><\/p>\n<p class=\"description-img-center\"><a href=\"https:\/\/justvape.nu\/wp-content\/uploads\/2018\/05\/Packing-List.png\"><img loading=\"lazy\" decoding=\"async\" class=\"alignnone size-full wp-image-18995\" src=\"https:\/\/justvape.nu\/wp-content\/uploads\/2018\/05\/Packing-List.png\" alt=\"\" width=\"950\" height=\"64\" title=\"\" srcset=\"https:\/\/justvape.nu\/wp-content\/uploads\/2018\/05\/Packing-List.png 950w, https:\/\/justvape.nu\/wp-content\/uploads\/2018\/05\/Packing-List-555x37.png 555w, https:\/\/justvape.nu\/wp-content\/uploads\/2018\/05\/Packing-List-64x4.png 64w, https:\/\/justvape.nu\/wp-content\/uploads\/2018\/05\/Packing-List-300x20.png 300w, https:\/\/justvape.nu\/wp-content\/uploads\/2018\/05\/Packing-List-768x52.png 768w\" sizes=\"auto, (max-width: 950px) 100vw, 950px\" \/><\/a><\/p>\n<\/div>\n<\/div>\n<p>1* Xlim SQ Pro-enhet<br \/>\n1* Top Fill-patron 0,6ohm (f\u00f6rinstallerad)<br \/>\n1* Top Fill-patron 0,8 ohm<br \/>\n1 * Type-C-kabel<br \/>\n1 * Nyckelband<br \/>\n1 * Anv\u00e4ndarmanual<\/p>\n<p class=\"description-img-center \"><a href=\"https:\/\/justvape.nu\/wp-content\/uploads\/2023\/11\/OXVA_Xlim_SQ_Pro_Kit_Package_List.jpg\"><img loading=\"lazy\" decoding=\"async\" class=\"alignnone size-full wp-image-650748\" src=\"https:\/\/justvape.nu\/wp-content\/uploads\/2023\/11\/OXVA_Xlim_SQ_Pro_Kit_Package_List.jpg\" alt=\"\" width=\"831\" height=\"340\" title=\"\" srcset=\"https:\/\/justvape.nu\/wp-content\/uploads\/2023\/11\/OXVA_Xlim_SQ_Pro_Kit_Package_List.jpg 831w, https:\/\/justvape.nu\/wp-content\/uploads\/2023\/11\/OXVA_Xlim_SQ_Pro_Kit_Package_List-600x245.jpg 600w, https:\/\/justvape.nu\/wp-content\/uploads\/2023\/11\/OXVA_Xlim_SQ_Pro_Kit_Package_List-64x26.jpg 64w, https:\/\/justvape.nu\/wp-content\/uploads\/2023\/11\/OXVA_Xlim_SQ_Pro_Kit_Package_List-300x123.jpg 300w, https:\/\/justvape.nu\/wp-content\/uploads\/2023\/11\/OXVA_Xlim_SQ_Pro_Kit_Package_List-768x314.jpg 768w\" sizes=\"auto, (max-width: 831px) 100vw, 831px\" \/><\/a><\/p>\n","protected":false},"excerpt":{"rendered":"<p>OXVA &#8211; XLIM SQ PRO POD<\/p>\n","protected":false},"featured_media":650772,"comment_status":"open","ping_status":"closed","template":"","meta":{"_acf_changed":false,"_uag_custom_page_level_css":"","site-sidebar-layout":"default","site-content-layout":"","ast-site-content-layout":"default","site-content-style":"default","site-sidebar-style":"default","ast-global-header-display":"","ast-banner-title-visibility":"","ast-main-header-display":"","ast-hfb-above-header-display":"","ast-hfb-below-header-display":"","ast-hfb-mobile-header-display":"","site-post-title":"","ast-breadcrumbs-content":"","ast-featured-img":"","footer-sml-layout":"","ast-disable-related-posts":"","theme-transparent-header-meta":"default","adv-header-id-meta":"","stick-header-meta":"default","header-above-stick-meta":"","header-main-stick-meta":"","header-below-stick-meta":"","astra-migrate-meta-layouts":"default","ast-page-background-enabled":"default","ast-page-background-meta":{"desktop":{"background-color":"","background-image":"","background-repeat":"repeat","background-position":"center center","background-size":"auto","background-attachment":"scroll","background-type":"","background-media":"","overlay-type":"","overlay-color":"","overlay-opacity":"","overlay-gradient":""},"tablet":{"background-color":"","background-image":"","background-repeat":"repeat","background-position":"center center","background-size":"auto","background-attachment":"scroll","background-type":"","background-media":"","overlay-type":"","overlay-color":"","overlay-opacity":"","overlay-gradient":""},"mobile":{"background-color":"","background-image":"","background-repeat":"repeat","background-position":"center center","background-size":"auto","background-attachment":"scroll","background-type":"","background-media":"","overlay-type":"","overlay-color":"","overlay-opacity":"","overlay-gradient":""}},"ast-content-background-meta":{"desktop":{"background-color":"var(--ast-global-color-5)","background-image":"","background-repeat":"repeat","background-position":"center center","background-size":"auto","background-attachment":"scroll","background-type":"","background-media":"","overlay-type":"","overlay-color":"","overlay-opacity":"","overlay-gradient":""},"tablet":{"background-color":"var(--ast-global-color-5)","background-image":"","background-repeat":"repeat","background-position":"center center","background-size":"auto","background-attachment":"scroll","background-type":"","background-media":"","overlay-type":"","overlay-color":"","overlay-opacity":"","overlay-gradient":""},"mobile":{"background-color":"var(--ast-global-color-5)","background-image":"","background-repeat":"repeat","background-position":"center center","background-size":"auto","background-attachment":"scroll","background-type":"","background-media":"","overlay-type":"","overlay-color":"","overlay-opacity":"","overlay-gradient":""}}},"product_brand":[],"product_cat":[2074,2532,2084,1903,6194,2533],"product_tag":[],"class_list":{"0":"post-650907","1":"product","2":"type-product","3":"status-publish","4":"has-post-thumbnail","6":"product_cat-e-cigaretter-sv","7":"product_cat-hardware-sv","8":"product_cat-nyborjarsatser-pods","9":"product_cat-new-products-sv","10":"product_cat-oxva-sv","11":"product_cat-shop-by-brand-sv","12":"desktop-align-center","13":"tablet-align-center","14":"mobile-align-center","15":"ast-product-gallery-layout-horizontal-slider","16":"ast-product-single-variable","17":"ast-product-tabs-layout-horizontal","19":"first","20":"instock","21":"sale","22":"taxable","23":"shipping-taxable","24":"purchasable","25":"product-type-variable"},"acf":[],"uagb_featured_image_src":{"full":["https:\/\/justvape.nu\/wp-content\/uploads\/2023\/11\/iUbGrQJu.jpeg",600,600,false],"thumbnail":["https:\/\/justvape.nu\/wp-content\/uploads\/2023\/11\/iUbGrQJu-150x150.jpeg",150,150,true],"medium":["https:\/\/justvape.nu\/wp-content\/uploads\/2023\/11\/iUbGrQJu-300x300.jpeg",300,300,true],"medium_large":["https:\/\/justvape.nu\/wp-content\/uploads\/2023\/11\/iUbGrQJu.jpeg",600,600,false],"large":["https:\/\/justvape.nu\/wp-content\/uploads\/2023\/11\/iUbGrQJu.jpeg",600,600,false],"1536x1536":["https:\/\/justvape.nu\/wp-content\/uploads\/2023\/11\/iUbGrQJu.jpeg",600,600,false],"2048x2048":["https:\/\/justvape.nu\/wp-content\/uploads\/2023\/11\/iUbGrQJu.jpeg",600,600,false],"woocommerce_thumbnail":["https:\/\/justvape.nu\/wp-content\/uploads\/2023\/11\/iUbGrQJu-300x300.jpeg",300,300,true],"woocommerce_single":["https:\/\/justvape.nu\/wp-content\/uploads\/2023\/11\/iUbGrQJu.jpeg",600,600,false],"woocommerce_gallery_thumbnail":["https:\/\/justvape.nu\/wp-content\/uploads\/2023\/11\/iUbGrQJu-100x100.jpeg",100,100,true],"dgwt-wcas-product-suggestion":["https:\/\/justvape.nu\/wp-content\/uploads\/2023\/11\/iUbGrQJu-64x64.jpeg",64,64,true]},"uagb_author_info":{"display_name":"Kenneth Merkur","author_link":"https:\/\/justvape.nu\/sv\/author\/"},"uagb_comment_info":0,"uagb_excerpt":"OXVA - XLIM SQ PRO POD","_links":{"self":[{"href":"https:\/\/justvape.nu\/sv\/wp-json\/wp\/v2\/product\/650907","targetHints":{"allow":["GET"]}}],"collection":[{"href":"https:\/\/justvape.nu\/sv\/wp-json\/wp\/v2\/product"}],"about":[{"href":"https:\/\/justvape.nu\/sv\/wp-json\/wp\/v2\/types\/product"}],"replies":[{"embeddable":true,"href":"https:\/\/justvape.nu\/sv\/wp-json\/wp\/v2\/comments?post=650907"}],"wp:featuredmedia":[{"embeddable":true,"href":"https:\/\/justvape.nu\/sv\/wp-json\/wp\/v2\/media\/650772"}],"wp:attachment":[{"href":"https:\/\/justvape.nu\/sv\/wp-json\/wp\/v2\/media?parent=650907"}],"wp:term":[{"taxonomy":"product_brand","embeddable":true,"href":"https:\/\/justvape.nu\/sv\/wp-json\/wp\/v2\/product_brand?post=650907"},{"taxonomy":"product_cat","embeddable":true,"href":"https:\/\/justvape.nu\/sv\/wp-json\/wp\/v2\/product_cat?post=650907"},{"taxonomy":"product_tag","embeddable":true,"href":"https:\/\/justvape.nu\/sv\/wp-json\/wp\/v2\/product_tag?post=650907"}],"curies":[{"name":"wp","href":"https:\/\/api.w.org\/{rel}","templated":true}]}}