{"id":648231,"date":"2023-11-01T13:35:05","date_gmt":"2023-11-01T12:35:05","guid":{"rendered":"https:\/\/justvape.nu\/produkt\/uwell-caliburn-explorer-kit\/"},"modified":"2024-07-13T15:26:24","modified_gmt":"2024-07-13T13:26:24","slug":"uwell-caliburn-explorer-kit","status":"publish","type":"product","link":"https:\/\/justvape.nu\/sv\/produkt\/uwell-caliburn-explorer-kit\/","title":{"rendered":"UWELL &#8211; CALIBURN EXPLORER KIT"},"content":{"rendered":"<h2>UWELL &#8211; CALIBURN EXPLORER KIT<\/h2>\n<p>Uwell Caliburn Explorer Pod Kit erbjuder en kompakt och bekv\u00e4m vapingupplevelse. Med sitt robusta 1000 mAh-batteri och snabbladdningsfunktion garanterar den ut\u00f6kad anv\u00e4ndning och snabb laddning. Den kan leverera upp till 32 W effekt och har olika l\u00e4gen f\u00f6r att tillgodose olika preferenser, vilket g\u00f6r den till ett m\u00e5ngsidigt val. Denna enhet ger en enkel och njutbar vaping-upplevelse.<\/p>\n<p><a href=\"https:\/\/justvape.nu\/wp-content\/uploads\/2018\/05\/Color-Schemes.png\"><img loading=\"lazy\" decoding=\"async\" class=\"alignnone size-full wp-image-249099\" src=\"https:\/\/justvape.nu\/wp-content\/uploads\/2018\/05\/Color-Schemes.png\" alt=\"\" width=\"950\" height=\"64\" title=\"\" srcset=\"https:\/\/justvape.nu\/wp-content\/uploads\/2018\/05\/Color-Schemes.png 950w, https:\/\/justvape.nu\/wp-content\/uploads\/2018\/05\/Color-Schemes-600x40.png 600w, https:\/\/justvape.nu\/wp-content\/uploads\/2018\/05\/Color-Schemes-64x4.png 64w, https:\/\/justvape.nu\/wp-content\/uploads\/2018\/05\/Color-Schemes-300x20.png 300w, https:\/\/justvape.nu\/wp-content\/uploads\/2018\/05\/Color-Schemes-768x52.png 768w\" sizes=\"auto, (max-width: 950px) 100vw, 950px\" \/><\/a><\/p>\n<p class=\"description-img-center\"><a href=\"https:\/\/justvape.nu\/wp-content\/uploads\/2023\/11\/Uwell_Caliburn_Explorer_Pod_System_Kit_Full_Color.jpg\"><img loading=\"lazy\" decoding=\"async\" class=\"alignnone wp-image-648127\" src=\"https:\/\/justvape.nu\/wp-content\/uploads\/2023\/11\/Uwell_Caliburn_Explorer_Pod_System_Kit_Full_Color.jpg\" alt=\"\" width=\"938\" height=\"449\" title=\"\" srcset=\"https:\/\/justvape.nu\/wp-content\/uploads\/2023\/11\/Uwell_Caliburn_Explorer_Pod_System_Kit_Full_Color.jpg 800w, https:\/\/justvape.nu\/wp-content\/uploads\/2023\/11\/Uwell_Caliburn_Explorer_Pod_System_Kit_Full_Color-600x287.jpg 600w, https:\/\/justvape.nu\/wp-content\/uploads\/2023\/11\/Uwell_Caliburn_Explorer_Pod_System_Kit_Full_Color-64x31.jpg 64w, https:\/\/justvape.nu\/wp-content\/uploads\/2023\/11\/Uwell_Caliburn_Explorer_Pod_System_Kit_Full_Color-300x144.jpg 300w, https:\/\/justvape.nu\/wp-content\/uploads\/2023\/11\/Uwell_Caliburn_Explorer_Pod_System_Kit_Full_Color-768x368.jpg 768w\" sizes=\"auto, (max-width: 938px) 100vw, 938px\" \/><\/a><\/p>\n<div class=\"shop-features \">\n<h2 class=\"shop-features-title \"><a href=\"https:\/\/justvape.nu\/wp-content\/uploads\/2018\/05\/Specifications.png\"><img loading=\"lazy\" decoding=\"async\" class=\"alignnone size-full wp-image-248449\" src=\"https:\/\/justvape.nu\/wp-content\/uploads\/2018\/05\/Specifications.png\" alt=\"\" width=\"950\" height=\"64\" title=\"\" srcset=\"https:\/\/justvape.nu\/wp-content\/uploads\/2018\/05\/Specifications.png 950w, https:\/\/justvape.nu\/wp-content\/uploads\/2018\/05\/Specifications-600x40.png 600w, https:\/\/justvape.nu\/wp-content\/uploads\/2018\/05\/Specifications-64x4.png 64w, https:\/\/justvape.nu\/wp-content\/uploads\/2018\/05\/Specifications-300x20.png 300w, https:\/\/justvape.nu\/wp-content\/uploads\/2018\/05\/Specifications-768x52.png 768w\" sizes=\"auto, (max-width: 950px) 100vw, 950px\" \/><\/a><\/h2>\n<\/div>\n<table class=\"description-table\">\n<tbody>\n<tr>\n<td class=\"strong-title \">varum\u00e4rke<\/td>\n<td class=\"inline\">Uwell<\/td>\n<\/tr>\n<tr>\n<td class=\"strong-title \">produktnamn<\/td>\n<td class=\"inline\">Caliburn Explorer Pod System Kit<\/td>\n<\/tr>\n<tr>\n<td class=\"strong-title \">Material<\/td>\n<td class=\"inline\">Aluminiumlegering + PCTG<\/td>\n<\/tr>\n<tr>\n<td class=\"strong-title \">Produktstorlek<\/td>\n<td class=\"inline\">128,1 mm*26 mm*14,6 mm<\/td>\n<\/tr>\n<tr>\n<td class=\"strong-title \">Batterikapacitet<\/td>\n<td class=\"inline\">Inbyggt 1000mAh-batteri<\/td>\n<\/tr>\n<tr>\n<td class=\"strong-title \">Uteffekt<\/td>\n<td class=\"inline\">Max 32W<\/td>\n<\/tr>\n<tr>\n<td class=\"strong-title \">Laddning<\/td>\n<td class=\"inline\">Typ-C-laddning<\/td>\n<\/tr>\n<tr>\n<td class=\"strong-title \">Luftfl\u00f6de<\/td>\n<td class=\"inline\">Dubbelt luftfl\u00f6dessystem<\/td>\n<\/tr>\n<tr>\n<td class=\"strong-title \">L\u00e4ge<\/td>\n<td class=\"inline\">L\u00e4ge f\u00f6r dubbla coils<br \/>\nV\u00e4nster eller h\u00f6ger spole<br \/>\nAlternativt l\u00e4ge<\/td>\n<\/tr>\n<tr>\n<td class=\"strong-title \">Kapacitet kapacitet<\/td>\n<td class=\"inline\">2&#215;2 ml (1 ml f\u00f6r varje sida TPD)<\/td>\n<\/tr>\n<tr>\n<td class=\"strong-title \">Fyllning<\/td>\n<td class=\"inline\">Dubbel sidofyllning<\/td>\n<\/tr>\n<tr>\n<td class=\"strong-title \">Passar f\u00f6r<\/td>\n<td class=\"inline\">Uwell Caliburn G 0,8\u03a9\/1,0\u03a9 Coil, Uwell Caliburn G2 1,2\u03a9 Coil<\/td>\n<\/tr>\n<tr>\n<td class=\"strong-title \">F\u00e4rg<\/td>\n<td class=\"inline\">Svart, Rosa &amp; Cyan, Silver, Orange &amp; Svart<\/td>\n<\/tr>\n<\/tbody>\n<\/table>\n<div class=\"shop-features \">\n<h2 class=\"shop-features-title \"><a href=\"https:\/\/justvape.nu\/wp-content\/uploads\/2018\/05\/Features.png\"><img loading=\"lazy\" decoding=\"async\" class=\"alignnone size-full wp-image-248459\" src=\"https:\/\/justvape.nu\/wp-content\/uploads\/2018\/05\/Features.png\" alt=\"\" width=\"950\" height=\"64\" title=\"\" srcset=\"https:\/\/justvape.nu\/wp-content\/uploads\/2018\/05\/Features.png 950w, https:\/\/justvape.nu\/wp-content\/uploads\/2018\/05\/Features-600x40.png 600w, https:\/\/justvape.nu\/wp-content\/uploads\/2018\/05\/Features-64x4.png 64w, https:\/\/justvape.nu\/wp-content\/uploads\/2018\/05\/Features-300x20.png 300w, https:\/\/justvape.nu\/wp-content\/uploads\/2018\/05\/Features-768x52.png 768w\" sizes=\"auto, (max-width: 950px) 100vw, 950px\" \/><\/a><\/h2>\n<\/div>\n<ul>\n<li>1. Uwells f\u00f6rsta podsystem med dubbel coil-mekanism<\/li>\n<li>2. Inbyggt 1000mAh-batteri med max 32W<\/li>\n<li>3. Dual Coil Mode f\u00f6r att njuta av tv\u00e5 smaker fr\u00e5n varje bloss<\/li>\n<li>4. V\u00e4nster eller h\u00f6ger coil-l\u00e4ge f\u00f6r att njuta av smak vid olika effekt<\/li>\n<li>5. Alternativt l\u00e4ge f\u00f6r att byta smak automatiskt vid varje puff<\/li>\n<li>6. St\u00f6djer automatisk dragning och har dubbla luftfl\u00f6dessystem<\/li>\n<li>7. 2&#215;2 ml (1 ml f\u00f6r varje sida TPD), dubbel sidofyllning<\/li>\n<li>8. Kompatibel med Uwell Caliburn G 0,8\u03a9\/1,0\u03a9 och G2 1,2\u03a9 Coil<\/li>\n<\/ul>\n<div class=\"shop-features \">\n<h2 class=\"shop-features-title \"><a href=\"https:\/\/justvape.nu\/wp-content\/uploads\/2018\/05\/Packing-List.png\"><img loading=\"lazy\" decoding=\"async\" class=\"alignnone size-full wp-image-18995\" src=\"https:\/\/justvape.nu\/wp-content\/uploads\/2018\/05\/Packing-List.png\" alt=\"\" width=\"950\" height=\"64\" title=\"\" srcset=\"https:\/\/justvape.nu\/wp-content\/uploads\/2018\/05\/Packing-List.png 950w, https:\/\/justvape.nu\/wp-content\/uploads\/2018\/05\/Packing-List-555x37.png 555w, https:\/\/justvape.nu\/wp-content\/uploads\/2018\/05\/Packing-List-64x4.png 64w, https:\/\/justvape.nu\/wp-content\/uploads\/2018\/05\/Packing-List-300x20.png 300w, https:\/\/justvape.nu\/wp-content\/uploads\/2018\/05\/Packing-List-768x52.png 768w\" sizes=\"auto, (max-width: 950px) 100vw, 950px\" \/><\/a><\/h2>\n<\/div>\n<p>1* Caliburn Explorer-enhet<br \/>\n1* Caliburn Explorer tom patron<br \/>\n1* Meshed 0.8\u03a9 Caliburn G Coil (f\u00f6rinstallerad)<br \/>\n1* Meshed 1.2\u03a9 Caliburn G2 Coil (f\u00f6rinstallerad)<br \/>\n1* Meshed 0,8\u03a9 Caliburn G Coil (reserv)<br \/>\n1* Meshed 1.2\u03a9 Caliburn G2 Coil (reserv)<br \/>\n1 * Type-C laddningskabel<br \/>\n1 * Anv\u00e4ndarmanual<\/p>\n","protected":false},"excerpt":{"rendered":"<p>UWELL &#8211; CALIBURN EXPLORER KIT<\/p>\n","protected":false},"featured_media":648146,"comment_status":"open","ping_status":"closed","template":"","meta":{"_acf_changed":false,"_uag_custom_page_level_css":"","site-sidebar-layout":"default","site-content-layout":"","ast-site-content-layout":"default","site-content-style":"default","site-sidebar-style":"default","ast-global-header-display":"","ast-banner-title-visibility":"","ast-main-header-display":"","ast-hfb-above-header-display":"","ast-hfb-below-header-display":"","ast-hfb-mobile-header-display":"","site-post-title":"","ast-breadcrumbs-content":"","ast-featured-img":"","footer-sml-layout":"","ast-disable-related-posts":"","theme-transparent-header-meta":"default","adv-header-id-meta":"","stick-header-meta":"default","header-above-stick-meta":"","header-main-stick-meta":"","header-below-stick-meta":"","astra-migrate-meta-layouts":"default","ast-page-background-enabled":"default","ast-page-background-meta":{"desktop":{"background-color":"","background-image":"","background-repeat":"repeat","background-position":"center center","background-size":"auto","background-attachment":"scroll","background-type":"","background-media":"","overlay-type":"","overlay-color":"","overlay-opacity":"","overlay-gradient":""},"tablet":{"background-color":"","background-image":"","background-repeat":"repeat","background-position":"center center","background-size":"auto","background-attachment":"scroll","background-type":"","background-media":"","overlay-type":"","overlay-color":"","overlay-opacity":"","overlay-gradient":""},"mobile":{"background-color":"","background-image":"","background-repeat":"repeat","background-position":"center center","background-size":"auto","background-attachment":"scroll","background-type":"","background-media":"","overlay-type":"","overlay-color":"","overlay-opacity":"","overlay-gradient":""}},"ast-content-background-meta":{"desktop":{"background-color":"var(--ast-global-color-5)","background-image":"","background-repeat":"repeat","background-position":"center center","background-size":"auto","background-attachment":"scroll","background-type":"","background-media":"","overlay-type":"","overlay-color":"","overlay-opacity":"","overlay-gradient":""},"tablet":{"background-color":"var(--ast-global-color-5)","background-image":"","background-repeat":"repeat","background-position":"center center","background-size":"auto","background-attachment":"scroll","background-type":"","background-media":"","overlay-type":"","overlay-color":"","overlay-opacity":"","overlay-gradient":""},"mobile":{"background-color":"var(--ast-global-color-5)","background-image":"","background-repeat":"repeat","background-position":"center center","background-size":"auto","background-attachment":"scroll","background-type":"","background-media":"","overlay-type":"","overlay-color":"","overlay-opacity":"","overlay-gradient":""}}},"product_brand":[],"product_cat":[2074,2532,2084,2533,3436],"product_tag":[],"class_list":{"0":"post-648231","1":"product","2":"type-product","3":"status-publish","4":"has-post-thumbnail","6":"product_cat-e-cigaretter-sv","7":"product_cat-hardware-sv","8":"product_cat-nyborjarsatser-pods","9":"product_cat-shop-by-brand-sv","10":"product_cat-uwell-sv","11":"desktop-align-center","12":"tablet-align-center","13":"mobile-align-center","14":"ast-product-gallery-layout-horizontal-slider","15":"ast-product-single-variable","16":"ast-product-tabs-layout-horizontal","18":"first","19":"instock","20":"sale","21":"taxable","22":"shipping-taxable","23":"purchasable","24":"product-type-variable"},"acf":[],"uagb_featured_image_src":{"full":["https:\/\/justvape.nu\/wp-content\/uploads\/2023\/11\/gG21fyue.jpeg",600,600,false],"thumbnail":["https:\/\/justvape.nu\/wp-content\/uploads\/2023\/11\/gG21fyue-150x150.jpeg",150,150,true],"medium":["https:\/\/justvape.nu\/wp-content\/uploads\/2023\/11\/gG21fyue-300x300.jpeg",300,300,true],"medium_large":["https:\/\/justvape.nu\/wp-content\/uploads\/2023\/11\/gG21fyue.jpeg",600,600,false],"large":["https:\/\/justvape.nu\/wp-content\/uploads\/2023\/11\/gG21fyue.jpeg",600,600,false],"1536x1536":["https:\/\/justvape.nu\/wp-content\/uploads\/2023\/11\/gG21fyue.jpeg",600,600,false],"2048x2048":["https:\/\/justvape.nu\/wp-content\/uploads\/2023\/11\/gG21fyue.jpeg",600,600,false],"woocommerce_thumbnail":["https:\/\/justvape.nu\/wp-content\/uploads\/2023\/11\/gG21fyue-300x300.jpeg",300,300,true],"woocommerce_single":["https:\/\/justvape.nu\/wp-content\/uploads\/2023\/11\/gG21fyue.jpeg",600,600,false],"woocommerce_gallery_thumbnail":["https:\/\/justvape.nu\/wp-content\/uploads\/2023\/11\/gG21fyue-100x100.jpeg",100,100,true],"dgwt-wcas-product-suggestion":["https:\/\/justvape.nu\/wp-content\/uploads\/2023\/11\/gG21fyue-64x64.jpeg",64,64,true]},"uagb_author_info":{"display_name":"Kenneth Merkur","author_link":"https:\/\/justvape.nu\/sv\/author\/"},"uagb_comment_info":0,"uagb_excerpt":"UWELL - CALIBURN EXPLORER KIT","_links":{"self":[{"href":"https:\/\/justvape.nu\/sv\/wp-json\/wp\/v2\/product\/648231","targetHints":{"allow":["GET"]}}],"collection":[{"href":"https:\/\/justvape.nu\/sv\/wp-json\/wp\/v2\/product"}],"about":[{"href":"https:\/\/justvape.nu\/sv\/wp-json\/wp\/v2\/types\/product"}],"replies":[{"embeddable":true,"href":"https:\/\/justvape.nu\/sv\/wp-json\/wp\/v2\/comments?post=648231"}],"wp:featuredmedia":[{"embeddable":true,"href":"https:\/\/justvape.nu\/sv\/wp-json\/wp\/v2\/media\/648146"}],"wp:attachment":[{"href":"https:\/\/justvape.nu\/sv\/wp-json\/wp\/v2\/media?parent=648231"}],"wp:term":[{"taxonomy":"product_brand","embeddable":true,"href":"https:\/\/justvape.nu\/sv\/wp-json\/wp\/v2\/product_brand?post=648231"},{"taxonomy":"product_cat","embeddable":true,"href":"https:\/\/justvape.nu\/sv\/wp-json\/wp\/v2\/product_cat?post=648231"},{"taxonomy":"product_tag","embeddable":true,"href":"https:\/\/justvape.nu\/sv\/wp-json\/wp\/v2\/product_tag?post=648231"}],"curies":[{"name":"wp","href":"https:\/\/api.w.org\/{rel}","templated":true}]}}