{"id":647024,"date":"2023-10-28T13:50:25","date_gmt":"2023-10-28T11:50:25","guid":{"rendered":"https:\/\/justvape.nu\/produkt\/joyetech-ego-aio-2-sp-kit\/"},"modified":"2025-05-20T00:43:26","modified_gmt":"2025-05-19T22:43:26","slug":"joyetech-ego-aio-2-kit","status":"publish","type":"product","link":"https:\/\/justvape.nu\/sv\/produkt\/joyetech-ego-aio-2-kit\/","title":{"rendered":"JOYETECH &#8211; EGO AIO 2 SP KIT"},"content":{"rendered":"<h2>JOYETECH &#8211; EGO AIO 2 SP KIT<\/h2>\n<p>eGO AIO 2 Kit \u00e4r en forts\u00e4ttning p\u00e5 eGo AIO-serien som kommer med en helt ny innovativ BFC mesh coil och f\u00f6rb\u00e4ttrad USB-C laddning. BFC-coilen har matningsinlopp p\u00e5 sidan och botten, vilket s\u00e4kerst\u00e4ller smidig inmatning och ger en konsekvent och l\u00e5ngvarig vapingupplevelse. Dessutom bidrar utformningen av det \u00f6vre luftfl\u00f6desinloppet i BFC-batteriet till att f\u00f6rhindra l\u00e4ckageproblem p\u00e5 grund av tankmellanrum. Joyetech eGO AIO 2 Kit \u00e4r kompatibelt med alla Joyetech BF-seriens coils och den nya BFC-coilen \u00e4r ocks\u00e5 kompatibel med det gamla eGo-seriens batteri. eGO AIO 2 \u00e4r utformad med ett inbyggt 1700mAh-batteri, en 2ml TPD-tank med barnl\u00e5s. Du kan justera luftfl\u00f6det med funktionen f\u00f6r justering av det \u00f6vre luftfl\u00f6det.<\/p>\n<p><a href=\"https:\/\/justvape.nu\/wp-content\/uploads\/2018\/05\/Color-Schemes.png\"><img loading=\"lazy\" decoding=\"async\" class=\"alignnone size-full wp-image-19187\" src=\"https:\/\/justvape.nu\/wp-content\/uploads\/2018\/05\/Color-Schemes.png\" alt=\"\" width=\"950\" height=\"64\" title=\"\" srcset=\"https:\/\/justvape.nu\/wp-content\/uploads\/2018\/05\/Color-Schemes.png 950w, https:\/\/justvape.nu\/wp-content\/uploads\/2018\/05\/Color-Schemes-555x37.png 555w, https:\/\/justvape.nu\/wp-content\/uploads\/2018\/05\/Color-Schemes-64x4.png 64w, https:\/\/justvape.nu\/wp-content\/uploads\/2018\/05\/Color-Schemes-300x20.png 300w, https:\/\/justvape.nu\/wp-content\/uploads\/2018\/05\/Color-Schemes-768x52.png 768w\" sizes=\"auto, (max-width: 950px) 100vw, 950px\" \/><\/a><\/p>\n<p><a href=\"https:\/\/justvape.nu\/wp-content\/uploads\/2023\/10\/Joyetech_eGO_AIO_2_Kit_Colors.jpg\"><img loading=\"lazy\" decoding=\"async\" class=\"alignnone wp-image-646186\" src=\"https:\/\/justvape.nu\/wp-content\/uploads\/2023\/10\/Joyetech_eGO_AIO_2_Kit_Colors.jpg\" alt=\"\" width=\"829\" height=\"677\" title=\"\" srcset=\"https:\/\/justvape.nu\/wp-content\/uploads\/2023\/10\/Joyetech_eGO_AIO_2_Kit_Colors.jpg 700w, https:\/\/justvape.nu\/wp-content\/uploads\/2023\/10\/Joyetech_eGO_AIO_2_Kit_Colors-600x489.jpg 600w, https:\/\/justvape.nu\/wp-content\/uploads\/2023\/10\/Joyetech_eGO_AIO_2_Kit_Colors-64x52.jpg 64w, https:\/\/justvape.nu\/wp-content\/uploads\/2023\/10\/Joyetech_eGO_AIO_2_Kit_Colors-300x245.jpg 300w\" sizes=\"auto, (max-width: 829px) 100vw, 829px\" \/><\/a><\/p>\n<div class=\"shop-features \">\n<h2 class=\"shop-features-title \"><a href=\"https:\/\/justvape.nu\/wp-content\/uploads\/2018\/05\/Specifications.png\"><img loading=\"lazy\" decoding=\"async\" class=\"alignnone size-full wp-image-18993\" src=\"https:\/\/justvape.nu\/wp-content\/uploads\/2018\/05\/Specifications.png\" alt=\"\" width=\"950\" height=\"64\" title=\"\" srcset=\"https:\/\/justvape.nu\/wp-content\/uploads\/2018\/05\/Specifications.png 950w, https:\/\/justvape.nu\/wp-content\/uploads\/2018\/05\/Specifications-555x37.png 555w, https:\/\/justvape.nu\/wp-content\/uploads\/2018\/05\/Specifications-64x4.png 64w, https:\/\/justvape.nu\/wp-content\/uploads\/2018\/05\/Specifications-300x20.png 300w, https:\/\/justvape.nu\/wp-content\/uploads\/2018\/05\/Specifications-768x52.png 768w\" sizes=\"auto, (max-width: 950px) 100vw, 950px\" \/><\/a><\/h2>\n<\/div>\n<table class=\"description-table\">\n<tbody>\n<tr>\n<td class=\"strong-title \">varum\u00e4rke<\/td>\n<td class=\"inline\">Joyetech<\/td>\n<\/tr>\n<tr>\n<td class=\"strong-title \">produktnamn<\/td>\n<td class=\"inline\">eGO AIO 2-kit<\/td>\n<\/tr>\n<tr>\n<td class=\"strong-title \">Storlek<\/td>\n<td class=\"inline\">\u03a619*123mm<\/td>\n<\/tr>\n<tr>\n<td class=\"strong-title \">Batterikapacitet<\/td>\n<td class=\"inline\">1700 mAh<\/td>\n<\/tr>\n<tr>\n<td class=\"strong-title \">Kapacitet kapacitet<\/td>\n<td class=\"inline\">2 ml<\/td>\n<\/tr>\n<tr>\n<td class=\"strong-title \">Output Watt<\/td>\n<td class=\"inline\">20W max<\/td>\n<\/tr>\n<tr>\n<td class=\"strong-title \">Laddningsstr\u00f6m<\/td>\n<td class=\"inline\">5V\/1A (USB-C)<\/td>\n<\/tr>\n<tr>\n<td class=\"strong-title \">Motst\u00e5nd<\/td>\n<td class=\"inline\">0,8 ohm<\/td>\n<\/tr>\n<tr>\n<td class=\"strong-title \">Str\u00f6ml\u00e4ge<\/td>\n<td class=\"inline\">Utg\u00e5ng med konstant sp\u00e4nning<\/td>\n<\/tr>\n<tr>\n<td class=\"strong-title \">F\u00e4rg<\/td>\n<td class=\"inline\">Gl\u00e4nsande silver, mystisk svart, fyllig bl\u00e5, ros\u00e9guld<\/td>\n<\/tr>\n<\/tbody>\n<\/table>\n<div class=\"shop-features \">\n<h2 class=\"shop-features-title \"><a href=\"https:\/\/justvape.nu\/wp-content\/uploads\/2018\/05\/Features.png\"><img loading=\"lazy\" decoding=\"async\" class=\"alignnone size-full wp-image-248459\" src=\"https:\/\/justvape.nu\/wp-content\/uploads\/2018\/05\/Features.png\" alt=\"\" width=\"950\" height=\"64\" title=\"\" srcset=\"https:\/\/justvape.nu\/wp-content\/uploads\/2018\/05\/Features.png 950w, https:\/\/justvape.nu\/wp-content\/uploads\/2018\/05\/Features-600x40.png 600w, https:\/\/justvape.nu\/wp-content\/uploads\/2018\/05\/Features-64x4.png 64w, https:\/\/justvape.nu\/wp-content\/uploads\/2018\/05\/Features-300x20.png 300w, https:\/\/justvape.nu\/wp-content\/uploads\/2018\/05\/Features-768x52.png 768w\" sizes=\"auto, (max-width: 950px) 100vw, 950px\" \/><\/a><\/h2>\n<\/div>\n<ul>\n<li style=\"list-style-type: none;\">\n<ul>\n<li>1. Helt ny innovativ BFC-maskspole<\/li>\n<li>2. F\u00f6rb\u00e4ttrad USB-C-laddning<\/li>\n<li>3. 1700mAh batteri<\/li>\n<li>4. Innovativ uppv\u00e4rmningsteknik<\/li>\n<li>5. L\u00e4ckages\u00e4ker design f\u00f6r \u00f6vre luftfl\u00f6de<\/li>\n<li>6. L\u00e5ngvarig prestanda<\/li>\n<li>7. Kompatibel med alla coils i BF-serien<\/li>\n<li>8. LED-indikator med sju f\u00e4rger<\/li>\n<li>9. Enkel och bekv\u00e4m p\u00e5fyllning<\/li>\n<li>10. 2 ml tank med barnl\u00e5s<\/li>\n<li>11. Justering av \u00f6vre luftfl\u00f6de<\/li>\n<\/ul>\n<\/li>\n<\/ul>\n<div class=\"img-show-more\">\n<div id=\"img_content_less\" class=\"img-content add-more\">\n<p class=\"description-img-center\"><a href=\"https:\/\/justvape.nu\/wp-content\/uploads\/2023\/10\/Joyetech_eGO_AIO_2_Kit_Specifications.jpg\"><img loading=\"lazy\" decoding=\"async\" class=\"alignnone size-full wp-image-646194\" src=\"https:\/\/justvape.nu\/wp-content\/uploads\/2023\/10\/Joyetech_eGO_AIO_2_Kit_Specifications.jpg\" alt=\"\" width=\"831\" height=\"383\" title=\"\" srcset=\"https:\/\/justvape.nu\/wp-content\/uploads\/2023\/10\/Joyetech_eGO_AIO_2_Kit_Specifications.jpg 831w, https:\/\/justvape.nu\/wp-content\/uploads\/2023\/10\/Joyetech_eGO_AIO_2_Kit_Specifications-600x277.jpg 600w, https:\/\/justvape.nu\/wp-content\/uploads\/2023\/10\/Joyetech_eGO_AIO_2_Kit_Specifications-64x29.jpg 64w, https:\/\/justvape.nu\/wp-content\/uploads\/2023\/10\/Joyetech_eGO_AIO_2_Kit_Specifications-300x138.jpg 300w, https:\/\/justvape.nu\/wp-content\/uploads\/2023\/10\/Joyetech_eGO_AIO_2_Kit_Specifications-768x354.jpg 768w\" sizes=\"auto, (max-width: 831px) 100vw, 831px\" \/><\/a> <a href=\"https:\/\/justvape.nu\/wp-content\/uploads\/2023\/10\/Joyetech_eGO_AIO_2_Kit_Battery_Capacity.jpg\"><img loading=\"lazy\" decoding=\"async\" class=\"alignnone size-full wp-image-646202\" src=\"https:\/\/justvape.nu\/wp-content\/uploads\/2023\/10\/Joyetech_eGO_AIO_2_Kit_Battery_Capacity.jpg\" alt=\"\" width=\"831\" height=\"297\" title=\"\" srcset=\"https:\/\/justvape.nu\/wp-content\/uploads\/2023\/10\/Joyetech_eGO_AIO_2_Kit_Battery_Capacity.jpg 831w, https:\/\/justvape.nu\/wp-content\/uploads\/2023\/10\/Joyetech_eGO_AIO_2_Kit_Battery_Capacity-600x214.jpg 600w, https:\/\/justvape.nu\/wp-content\/uploads\/2023\/10\/Joyetech_eGO_AIO_2_Kit_Battery_Capacity-64x23.jpg 64w, https:\/\/justvape.nu\/wp-content\/uploads\/2023\/10\/Joyetech_eGO_AIO_2_Kit_Battery_Capacity-300x107.jpg 300w, https:\/\/justvape.nu\/wp-content\/uploads\/2023\/10\/Joyetech_eGO_AIO_2_Kit_Battery_Capacity-768x274.jpg 768w\" sizes=\"auto, (max-width: 831px) 100vw, 831px\" \/><\/a> <a href=\"https:\/\/justvape.nu\/wp-content\/uploads\/2023\/10\/Joyetech_eGO_AIO_2_Kit_Coil_Compatible.jpg\"><img loading=\"lazy\" decoding=\"async\" class=\"alignnone size-full wp-image-646210\" src=\"https:\/\/justvape.nu\/wp-content\/uploads\/2023\/10\/Joyetech_eGO_AIO_2_Kit_Coil_Compatible.jpg\" alt=\"\" width=\"831\" height=\"353\" title=\"\" srcset=\"https:\/\/justvape.nu\/wp-content\/uploads\/2023\/10\/Joyetech_eGO_AIO_2_Kit_Coil_Compatible.jpg 831w, https:\/\/justvape.nu\/wp-content\/uploads\/2023\/10\/Joyetech_eGO_AIO_2_Kit_Coil_Compatible-600x255.jpg 600w, https:\/\/justvape.nu\/wp-content\/uploads\/2023\/10\/Joyetech_eGO_AIO_2_Kit_Coil_Compatible-64x27.jpg 64w, https:\/\/justvape.nu\/wp-content\/uploads\/2023\/10\/Joyetech_eGO_AIO_2_Kit_Coil_Compatible-300x127.jpg 300w, https:\/\/justvape.nu\/wp-content\/uploads\/2023\/10\/Joyetech_eGO_AIO_2_Kit_Coil_Compatible-768x326.jpg 768w\" sizes=\"auto, (max-width: 831px) 100vw, 831px\" \/><\/a><\/p>\n<\/div>\n<p><a href=\"https:\/\/justvape.nu\/wp-content\/uploads\/2018\/05\/Packing-List.png\"><img loading=\"lazy\" decoding=\"async\" class=\"alignnone size-full wp-image-18995\" src=\"https:\/\/justvape.nu\/wp-content\/uploads\/2018\/05\/Packing-List.png\" alt=\"\" width=\"950\" height=\"64\" title=\"\" srcset=\"https:\/\/justvape.nu\/wp-content\/uploads\/2018\/05\/Packing-List.png 950w, https:\/\/justvape.nu\/wp-content\/uploads\/2018\/05\/Packing-List-555x37.png 555w, https:\/\/justvape.nu\/wp-content\/uploads\/2018\/05\/Packing-List-64x4.png 64w, https:\/\/justvape.nu\/wp-content\/uploads\/2018\/05\/Packing-List-300x20.png 300w, https:\/\/justvape.nu\/wp-content\/uploads\/2018\/05\/Packing-List-768x52.png 768w\" sizes=\"auto, (max-width: 950px) 100vw, 950px\" \/><\/a><\/p>\n<\/div>\n<p>1* eGo AIO 2-batteri<br \/>\n2* BFC 0,8ohm spole<br \/>\n1* USB-C-kabel<br \/>\n1 * Anv\u00e4ndarmanual<br \/>\n1 * Garantikort<\/p>\n","protected":false},"excerpt":{"rendered":"<p>JOYETECH &#8211; EGO AIO 2 SP KIT<\/p>\n","protected":false},"featured_media":646230,"comment_status":"open","ping_status":"closed","template":"","meta":{"_acf_changed":false,"_uag_custom_page_level_css":"","site-sidebar-layout":"default","site-content-layout":"","ast-site-content-layout":"default","site-content-style":"default","site-sidebar-style":"default","ast-global-header-display":"","ast-banner-title-visibility":"","ast-main-header-display":"","ast-hfb-above-header-display":"","ast-hfb-below-header-display":"","ast-hfb-mobile-header-display":"","site-post-title":"","ast-breadcrumbs-content":"","ast-featured-img":"","footer-sml-layout":"","ast-disable-related-posts":"","theme-transparent-header-meta":"default","adv-header-id-meta":"","stick-header-meta":"default","header-above-stick-meta":"","header-main-stick-meta":"","header-below-stick-meta":"","astra-migrate-meta-layouts":"default","ast-page-background-enabled":"default","ast-page-background-meta":{"desktop":{"background-color":"","background-image":"","background-repeat":"repeat","background-position":"center center","background-size":"auto","background-attachment":"scroll","background-type":"","background-media":"","overlay-type":"","overlay-color":"","overlay-opacity":"","overlay-gradient":""},"tablet":{"background-color":"","background-image":"","background-repeat":"repeat","background-position":"center center","background-size":"auto","background-attachment":"scroll","background-type":"","background-media":"","overlay-type":"","overlay-color":"","overlay-opacity":"","overlay-gradient":""},"mobile":{"background-color":"","background-image":"","background-repeat":"repeat","background-position":"center center","background-size":"auto","background-attachment":"scroll","background-type":"","background-media":"","overlay-type":"","overlay-color":"","overlay-opacity":"","overlay-gradient":""}},"ast-content-background-meta":{"desktop":{"background-color":"var(--ast-global-color-5)","background-image":"","background-repeat":"repeat","background-position":"center center","background-size":"auto","background-attachment":"scroll","background-type":"","background-media":"","overlay-type":"","overlay-color":"","overlay-opacity":"","overlay-gradient":""},"tablet":{"background-color":"var(--ast-global-color-5)","background-image":"","background-repeat":"repeat","background-position":"center center","background-size":"auto","background-attachment":"scroll","background-type":"","background-media":"","overlay-type":"","overlay-color":"","overlay-opacity":"","overlay-gradient":""},"mobile":{"background-color":"var(--ast-global-color-5)","background-image":"","background-repeat":"repeat","background-position":"center center","background-size":"auto","background-attachment":"scroll","background-type":"","background-media":"","overlay-type":"","overlay-color":"","overlay-opacity":"","overlay-gradient":""}}},"product_brand":[],"product_cat":[2074,2532,3283,2084,2533],"product_tag":[],"class_list":{"0":"post-647024","1":"product","2":"type-product","3":"status-publish","4":"has-post-thumbnail","6":"product_cat-e-cigaretter-sv","7":"product_cat-hardware-sv","8":"product_cat-joyetech-sv","9":"product_cat-nyborjarsatser-pods","10":"product_cat-shop-by-brand-sv","11":"desktop-align-center","12":"tablet-align-center","13":"mobile-align-center","14":"ast-product-gallery-layout-horizontal-slider","15":"ast-product-gallery-with-no-image","16":"ast-product-single-variable","17":"ast-product-tabs-layout-horizontal","19":"first","20":"instock","21":"sale","22":"taxable","23":"shipping-taxable","24":"purchasable","25":"product-type-variable"},"acf":[],"uagb_featured_image_src":{"full":["https:\/\/justvape.nu\/wp-content\/uploads\/2023\/10\/joyetech-ego-aio-2-kit-2ml-600x600-1.jpg",600,600,false],"thumbnail":["https:\/\/justvape.nu\/wp-content\/uploads\/2023\/10\/joyetech-ego-aio-2-kit-2ml-600x600-1-150x150.jpg",150,150,true],"medium":["https:\/\/justvape.nu\/wp-content\/uploads\/2023\/10\/joyetech-ego-aio-2-kit-2ml-600x600-1-300x300.jpg",300,300,true],"medium_large":["https:\/\/justvape.nu\/wp-content\/uploads\/2023\/10\/joyetech-ego-aio-2-kit-2ml-600x600-1.jpg",600,600,false],"large":["https:\/\/justvape.nu\/wp-content\/uploads\/2023\/10\/joyetech-ego-aio-2-kit-2ml-600x600-1.jpg",600,600,false],"1536x1536":["https:\/\/justvape.nu\/wp-content\/uploads\/2023\/10\/joyetech-ego-aio-2-kit-2ml-600x600-1.jpg",600,600,false],"2048x2048":["https:\/\/justvape.nu\/wp-content\/uploads\/2023\/10\/joyetech-ego-aio-2-kit-2ml-600x600-1.jpg",600,600,false],"woocommerce_thumbnail":["https:\/\/justvape.nu\/wp-content\/uploads\/2023\/10\/joyetech-ego-aio-2-kit-2ml-600x600-1-300x300.jpg",300,300,true],"woocommerce_single":["https:\/\/justvape.nu\/wp-content\/uploads\/2023\/10\/joyetech-ego-aio-2-kit-2ml-600x600-1.jpg",600,600,false],"woocommerce_gallery_thumbnail":["https:\/\/justvape.nu\/wp-content\/uploads\/2023\/10\/joyetech-ego-aio-2-kit-2ml-600x600-1-100x100.jpg",100,100,true],"dgwt-wcas-product-suggestion":["https:\/\/justvape.nu\/wp-content\/uploads\/2023\/10\/joyetech-ego-aio-2-kit-2ml-600x600-1-64x64.jpg",64,64,true]},"uagb_author_info":{"display_name":"Kenneth Merkur","author_link":"https:\/\/justvape.nu\/sv\/author\/"},"uagb_comment_info":0,"uagb_excerpt":"JOYETECH - EGO AIO 2 SP KIT","_links":{"self":[{"href":"https:\/\/justvape.nu\/sv\/wp-json\/wp\/v2\/product\/647024","targetHints":{"allow":["GET"]}}],"collection":[{"href":"https:\/\/justvape.nu\/sv\/wp-json\/wp\/v2\/product"}],"about":[{"href":"https:\/\/justvape.nu\/sv\/wp-json\/wp\/v2\/types\/product"}],"replies":[{"embeddable":true,"href":"https:\/\/justvape.nu\/sv\/wp-json\/wp\/v2\/comments?post=647024"}],"wp:featuredmedia":[{"embeddable":true,"href":"https:\/\/justvape.nu\/sv\/wp-json\/wp\/v2\/media\/646230"}],"wp:attachment":[{"href":"https:\/\/justvape.nu\/sv\/wp-json\/wp\/v2\/media?parent=647024"}],"wp:term":[{"taxonomy":"product_brand","embeddable":true,"href":"https:\/\/justvape.nu\/sv\/wp-json\/wp\/v2\/product_brand?post=647024"},{"taxonomy":"product_cat","embeddable":true,"href":"https:\/\/justvape.nu\/sv\/wp-json\/wp\/v2\/product_cat?post=647024"},{"taxonomy":"product_tag","embeddable":true,"href":"https:\/\/justvape.nu\/sv\/wp-json\/wp\/v2\/product_tag?post=647024"}],"curies":[{"name":"wp","href":"https:\/\/api.w.org\/{rel}","templated":true}]}}