{"id":646759,"date":"2023-10-28T11:41:39","date_gmt":"2023-10-28T09:41:39","guid":{"rendered":"https:\/\/justvape.nu\/produkt\/lost-vape-ursa-nano-2-pod-kit\/"},"modified":"2025-03-16T09:19:26","modified_gmt":"2025-03-16T08:19:26","slug":"lost-vape-ursa-nano-2-pod-kit","status":"publish","type":"product","link":"https:\/\/justvape.nu\/sv\/produkt\/lost-vape-ursa-nano-2-pod-kit\/","title":{"rendered":"LOST VAPE &#8211; URSA NANO 2 POD KIT"},"content":{"rendered":"<h2>LOST VAPE &#8211; URSA NANO 2 POD KIT<\/h2>\n<p><span style=\"font-size: 16px;\">Vi presenterar Ursa Nano 2<\/span><span style=\"font-size: 16px;\"> <\/span><span style=\"font-size: 16px;\">Poddsats<\/span><span style=\"font-size: 16px;\">  fr\u00e5n Lost Vape &#8211; en elegant och stilren vaping-enhet som erbjuder en exceptionell upplevelse. Ursa Nano 2 \u00e4r ett snyggt och enkelt podkit som anv\u00e4nder Ursa Nano-pods med en kapacitet p\u00e5 2 ml, vilket g\u00f6r det perfekt f\u00f6r e-v\u00e4tskor med nikotinsalt. Den har ett aktiveringssystem f\u00f6r inandning, vilket inneb\u00e4r att du bara beh\u00f6ver dra ett bloss f\u00f6r att b\u00f6rja r\u00f6ka. Detta, tillsammans med den kompakta och l\u00e4tta designen, g\u00f6r den enkel att b\u00e4ra med sig hela dagen.<\/span><\/p>\n<div class=\"collapsible-tab__text\">\n<p>Det inbyggda 900 mAh-batteriet s\u00e4kerst\u00e4ller l\u00e5ngvariga vaping-sessioner, och det kan snabbt laddas med USB Type-C-laddning p\u00e5 1Amp. Med en maximal uteffekt p\u00e5 22 watt kan du njuta av en tillfredsst\u00e4llande blossning samtidigt som du bevarar smakerna i dina e-v\u00e4tskor. Det justerbara luftfl\u00f6det g\u00f6r att du kan kontrollera hur mycket du andas in, vilket ger dig en personlig vaping-upplevelse. Ursa Nano 2 har ocks\u00e5 LED-bakgrundsbelysning, vilket ger sl\u00e5ende visuella effekter till de redan dj\u00e4rva designerna p\u00e5 enhetens kropp.<\/p>\n<p>Ursa Nano 2 Pod Kit fr\u00e5n Lost Vape \u00e4r en kompakt och kraftfull vaping-enhet. Den anv\u00e4nder Ursa Nano-pods med en kapacitet p\u00e5 2 ml f\u00f6r e-v\u00e4tskor med nikotinsalt. Med inhalationsaktivering och en l\u00e4ttviktsdesign \u00e4r den perfekt f\u00f6r vaping p\u00e5 spr\u00e5ng. Det inbyggda 900 mAh-batteriet kan snabbladdas via USB Type-C. Med en maxeffekt p\u00e5 22 watt, justerbart luftfl\u00f6de och LED-bakgrundsbelysning kombinerar detta podkit stil och funktionalitet f\u00f6r en exceptionell vapingupplevelse.<\/p>\n<p><a href=\"https:\/\/justvape.nu\/wp-content\/uploads\/2018\/05\/Color-Schemes.png\"><img loading=\"lazy\" decoding=\"async\" class=\"alignnone size-full wp-image-19187\" src=\"https:\/\/justvape.nu\/wp-content\/uploads\/2018\/05\/Color-Schemes.png\" alt=\"\" width=\"950\" height=\"64\" title=\"\" srcset=\"https:\/\/justvape.nu\/wp-content\/uploads\/2018\/05\/Color-Schemes.png 950w, https:\/\/justvape.nu\/wp-content\/uploads\/2018\/05\/Color-Schemes-555x37.png 555w, https:\/\/justvape.nu\/wp-content\/uploads\/2018\/05\/Color-Schemes-64x4.png 64w, https:\/\/justvape.nu\/wp-content\/uploads\/2018\/05\/Color-Schemes-300x20.png 300w, https:\/\/justvape.nu\/wp-content\/uploads\/2018\/05\/Color-Schemes-768x52.png 768w\" sizes=\"auto, (max-width: 950px) 100vw, 950px\" \/><\/a><\/p>\n<p class=\"description-img-center\"><a href=\"https:\/\/justvape.nu\/wp-content\/uploads\/2023\/10\/Lost_Vape_Ursa_Nano_2_Kit_Colors.jpg\"><img loading=\"lazy\" decoding=\"async\" class=\"alignnone wp-image-646022\" src=\"https:\/\/justvape.nu\/wp-content\/uploads\/2023\/10\/Lost_Vape_Ursa_Nano_2_Kit_Colors.jpg\" alt=\"\" width=\"937\" height=\"830\" title=\"\" srcset=\"https:\/\/justvape.nu\/wp-content\/uploads\/2023\/10\/Lost_Vape_Ursa_Nano_2_Kit_Colors.jpg 700w, https:\/\/justvape.nu\/wp-content\/uploads\/2023\/10\/Lost_Vape_Ursa_Nano_2_Kit_Colors-600x531.jpg 600w, https:\/\/justvape.nu\/wp-content\/uploads\/2023\/10\/Lost_Vape_Ursa_Nano_2_Kit_Colors-64x57.jpg 64w, https:\/\/justvape.nu\/wp-content\/uploads\/2023\/10\/Lost_Vape_Ursa_Nano_2_Kit_Colors-300x266.jpg 300w\" sizes=\"auto, (max-width: 937px) 100vw, 937px\" \/><\/a><\/p>\n<div class=\"shop-features \">\n<h2 class=\"shop-features-title \"><a href=\"https:\/\/justvape.nu\/wp-content\/uploads\/2018\/05\/Specifications.png\"><img loading=\"lazy\" decoding=\"async\" class=\"alignnone size-full wp-image-248449\" src=\"https:\/\/justvape.nu\/wp-content\/uploads\/2018\/05\/Specifications.png\" alt=\"\" width=\"950\" height=\"64\" title=\"\" srcset=\"https:\/\/justvape.nu\/wp-content\/uploads\/2018\/05\/Specifications.png 950w, https:\/\/justvape.nu\/wp-content\/uploads\/2018\/05\/Specifications-600x40.png 600w, https:\/\/justvape.nu\/wp-content\/uploads\/2018\/05\/Specifications-64x4.png 64w, https:\/\/justvape.nu\/wp-content\/uploads\/2018\/05\/Specifications-300x20.png 300w, https:\/\/justvape.nu\/wp-content\/uploads\/2018\/05\/Specifications-768x52.png 768w\" sizes=\"auto, (max-width: 950px) 100vw, 950px\" \/><\/a><\/h2>\n<\/div>\n<table class=\"description-table\">\n<tbody>\n<tr>\n<td class=\"strong-title \">varum\u00e4rke<\/td>\n<td class=\"inline\">Lost Vape<\/td>\n<\/tr>\n<tr>\n<td class=\"strong-title \">produktnamn<\/td>\n<td class=\"inline\">Ursa Nano 2-sats<\/td>\n<\/tr>\n<tr>\n<td class=\"strong-title \">Dimensionera<\/td>\n<td class=\"inline\">83,7*25,5*16,05 mm<\/td>\n<\/tr>\n<tr>\n<td class=\"strong-title \">Paketets storlek<\/td>\n<td class=\"inline\">56*42*128mm(1 st)<\/td>\n<\/tr>\n<tr>\n<td class=\"strong-title \"><\/td>\n<td class=\"inline\"><\/td>\n<\/tr>\n<tr>\n<td class=\"strong-title \">Kapacitet kapacitet<\/td>\n<td class=\"inline\">2 ml TPD<\/td>\n<\/tr>\n<tr>\n<td class=\"strong-title \">Batterikapacitet<\/td>\n<td class=\"inline\">900mAh inbyggd<\/td>\n<\/tr>\n<tr>\n<td class=\"strong-title \">Batterivolt<\/td>\n<td class=\"inline\">3.0V-4.2V<\/td>\n<\/tr>\n<tr>\n<td class=\"strong-title \">Effektomr\u00e5de<\/td>\n<td class=\"inline\">9W-22W<\/td>\n<\/tr>\n<tr>\n<td class=\"strong-title \">Laddningssp\u00e4nning<\/td>\n<td class=\"inline\">5V\/1A<\/td>\n<\/tr>\n<tr>\n<td class=\"strong-title \">Typ-C-kabel<\/td>\n<td class=\"inline\">St\u00f6d f\u00f6r 5V\/1,5A laddare<\/td>\n<\/tr>\n<tr>\n<td class=\"strong-title \">Kroppsmaterial<\/td>\n<td class=\"inline\">Zinklegering + plast<\/td>\n<\/tr>\n<tr>\n<td class=\"strong-title \">F\u00e4rg<\/td>\n<td class=\"inline\">Dynamisk rymd, Transfo-rymd, Motorrymd, Astro-rymd, Isig rymd, Chrome Soul, Royal Soul, Pink Survivor, Wild Soul, Revenge Soul<\/td>\n<\/tr>\n<\/tbody>\n<\/table>\n<div class=\"shop-features \">\n<h2 class=\"shop-features-title \"><a href=\"https:\/\/justvape.nu\/wp-content\/uploads\/2018\/05\/Features.png\"><img loading=\"lazy\" decoding=\"async\" class=\"alignnone size-full wp-image-248458\" src=\"https:\/\/justvape.nu\/wp-content\/uploads\/2018\/05\/Features.png\" alt=\"\" width=\"950\" height=\"64\" title=\"\" srcset=\"https:\/\/justvape.nu\/wp-content\/uploads\/2018\/05\/Features.png 950w, https:\/\/justvape.nu\/wp-content\/uploads\/2018\/05\/Features-600x40.png 600w, https:\/\/justvape.nu\/wp-content\/uploads\/2018\/05\/Features-64x4.png 64w, https:\/\/justvape.nu\/wp-content\/uploads\/2018\/05\/Features-300x20.png 300w, https:\/\/justvape.nu\/wp-content\/uploads\/2018\/05\/Features-768x52.png 768w\" sizes=\"auto, (max-width: 950px) 100vw, 950px\" \/><\/a><\/h2>\n<\/div>\n<ul>\n<li style=\"list-style-type: none;\">\n<ul>\n<li>1. Aktivering av automatisk dragning<\/li>\n<li>2. Avk\u00e4nning av smarta kapslar<\/li>\n<li>3. Smidig kontroll av luftfl\u00f6det<\/li>\n<li>4. 900mAh l\u00e5ngvarig vaping<\/li>\n<li>5. Laddningsindikering, gratis nyckelband<\/li>\n<li>6. Toppmodernt Quest 2.0-chip<\/li>\n<li>7. Max 22W uteffekt<\/li>\n<li>8. Kompatibel med Ursa-patron<\/li>\n<li>9. Dynamiskt bakgrundsbelyst panel<\/li>\n<li>10. Bio-fit grepp ger exceptionell komfort<\/li>\n<li>11. Sidop\u00e5fyllning, l\u00e4ckages\u00e4ker design<\/li>\n<li>12. S\u00e4kerhetsfunktioner: Skydd mot kortslutning\/svagt batteri\/\u00f6verhettning<\/li>\n<\/ul>\n<\/li>\n<\/ul>\n<div class=\"img-show-more\">\n<div id=\"img_content_less\" class=\"img-content add-more\">\n<p class=\"description-img-center\"><a href=\"https:\/\/justvape.nu\/wp-content\/uploads\/2023\/10\/Lost_Vape_Ursa_Nano_2_Kit_Banner.jpg\"><img loading=\"lazy\" decoding=\"async\" class=\"alignnone size-full wp-image-646032\" src=\"https:\/\/justvape.nu\/wp-content\/uploads\/2023\/10\/Lost_Vape_Ursa_Nano_2_Kit_Banner.jpg\" alt=\"\" width=\"831\" height=\"416\" title=\"\" srcset=\"https:\/\/justvape.nu\/wp-content\/uploads\/2023\/10\/Lost_Vape_Ursa_Nano_2_Kit_Banner.jpg 831w, https:\/\/justvape.nu\/wp-content\/uploads\/2023\/10\/Lost_Vape_Ursa_Nano_2_Kit_Banner-600x300.jpg 600w, https:\/\/justvape.nu\/wp-content\/uploads\/2023\/10\/Lost_Vape_Ursa_Nano_2_Kit_Banner-64x32.jpg 64w, https:\/\/justvape.nu\/wp-content\/uploads\/2023\/10\/Lost_Vape_Ursa_Nano_2_Kit_Banner-300x150.jpg 300w, https:\/\/justvape.nu\/wp-content\/uploads\/2023\/10\/Lost_Vape_Ursa_Nano_2_Kit_Banner-768x384.jpg 768w\" sizes=\"auto, (max-width: 831px) 100vw, 831px\" \/><\/a> <a href=\"https:\/\/justvape.nu\/wp-content\/uploads\/2023\/10\/Lost_Vape_Ursa_Nano_2_Kit_Leakproof_Design.jpg\"><img loading=\"lazy\" decoding=\"async\" class=\"alignnone size-full wp-image-646040\" src=\"https:\/\/justvape.nu\/wp-content\/uploads\/2023\/10\/Lost_Vape_Ursa_Nano_2_Kit_Leakproof_Design.jpg\" alt=\"\" width=\"831\" height=\"449\" title=\"\" srcset=\"https:\/\/justvape.nu\/wp-content\/uploads\/2023\/10\/Lost_Vape_Ursa_Nano_2_Kit_Leakproof_Design.jpg 831w, https:\/\/justvape.nu\/wp-content\/uploads\/2023\/10\/Lost_Vape_Ursa_Nano_2_Kit_Leakproof_Design-600x324.jpg 600w, https:\/\/justvape.nu\/wp-content\/uploads\/2023\/10\/Lost_Vape_Ursa_Nano_2_Kit_Leakproof_Design-64x35.jpg 64w, https:\/\/justvape.nu\/wp-content\/uploads\/2023\/10\/Lost_Vape_Ursa_Nano_2_Kit_Leakproof_Design-300x162.jpg 300w, https:\/\/justvape.nu\/wp-content\/uploads\/2023\/10\/Lost_Vape_Ursa_Nano_2_Kit_Leakproof_Design-768x415.jpg 768w\" sizes=\"auto, (max-width: 831px) 100vw, 831px\" \/><\/a> <a href=\"https:\/\/justvape.nu\/wp-content\/uploads\/2023\/10\/Lost_Vape_Ursa_Nano_2_Kit_Main_Features.jpg\"><img loading=\"lazy\" decoding=\"async\" class=\"alignnone size-full wp-image-646048\" src=\"https:\/\/justvape.nu\/wp-content\/uploads\/2023\/10\/Lost_Vape_Ursa_Nano_2_Kit_Main_Features.jpg\" alt=\"\" width=\"831\" height=\"414\" title=\"\" srcset=\"https:\/\/justvape.nu\/wp-content\/uploads\/2023\/10\/Lost_Vape_Ursa_Nano_2_Kit_Main_Features.jpg 831w, https:\/\/justvape.nu\/wp-content\/uploads\/2023\/10\/Lost_Vape_Ursa_Nano_2_Kit_Main_Features-600x299.jpg 600w, https:\/\/justvape.nu\/wp-content\/uploads\/2023\/10\/Lost_Vape_Ursa_Nano_2_Kit_Main_Features-64x32.jpg 64w, https:\/\/justvape.nu\/wp-content\/uploads\/2023\/10\/Lost_Vape_Ursa_Nano_2_Kit_Main_Features-300x149.jpg 300w, https:\/\/justvape.nu\/wp-content\/uploads\/2023\/10\/Lost_Vape_Ursa_Nano_2_Kit_Main_Features-768x383.jpg 768w\" sizes=\"auto, (max-width: 831px) 100vw, 831px\" \/><\/a><\/p>\n<\/div>\n<p><a href=\"https:\/\/justvape.nu\/wp-content\/uploads\/2018\/05\/Packing-List.png\"><img loading=\"lazy\" decoding=\"async\" class=\"alignnone size-full wp-image-18995\" src=\"https:\/\/justvape.nu\/wp-content\/uploads\/2018\/05\/Packing-List.png\" alt=\"\" width=\"950\" height=\"64\" title=\"\" srcset=\"https:\/\/justvape.nu\/wp-content\/uploads\/2018\/05\/Packing-List.png 950w, https:\/\/justvape.nu\/wp-content\/uploads\/2018\/05\/Packing-List-555x37.png 555w, https:\/\/justvape.nu\/wp-content\/uploads\/2018\/05\/Packing-List-64x4.png 64w, https:\/\/justvape.nu\/wp-content\/uploads\/2018\/05\/Packing-List-300x20.png 300w, https:\/\/justvape.nu\/wp-content\/uploads\/2018\/05\/Packing-List-768x52.png 768w\" sizes=\"auto, (max-width: 950px) 100vw, 950px\" \/><\/a><\/p>\n<\/div>\n<p>1* Ursa Nano 2-enhet<br \/>\n1* 0,6ohm Ursa-patron (2 ml)<br \/>\n1* 0,8ohm Ursa-patron (2 ml)<br \/>\n1 * Type-C-kabel<br \/>\n1 * Garantikort<br \/>\n1 * Nyckelband<br \/>\n1* Bruksanvisning<br \/>\n1* O-ring<\/p>\n<\/div>\n","protected":false},"excerpt":{"rendered":"<p>LOST VAPE &#8211; URSA NANO 2 POD KIT<\/p>\n","protected":false},"featured_media":645576,"comment_status":"open","ping_status":"closed","template":"","meta":{"_acf_changed":false,"_uag_custom_page_level_css":"","site-sidebar-layout":"default","site-content-layout":"","ast-site-content-layout":"default","site-content-style":"default","site-sidebar-style":"default","ast-global-header-display":"","ast-banner-title-visibility":"","ast-main-header-display":"","ast-hfb-above-header-display":"","ast-hfb-below-header-display":"","ast-hfb-mobile-header-display":"","site-post-title":"","ast-breadcrumbs-content":"","ast-featured-img":"","footer-sml-layout":"","ast-disable-related-posts":"","theme-transparent-header-meta":"default","adv-header-id-meta":"","stick-header-meta":"default","header-above-stick-meta":"","header-main-stick-meta":"","header-below-stick-meta":"","astra-migrate-meta-layouts":"default","ast-page-background-enabled":"default","ast-page-background-meta":{"desktop":{"background-color":"","background-image":"","background-repeat":"repeat","background-position":"center center","background-size":"auto","background-attachment":"scroll","background-type":"","background-media":"","overlay-type":"","overlay-color":"","overlay-opacity":"","overlay-gradient":""},"tablet":{"background-color":"","background-image":"","background-repeat":"repeat","background-position":"center center","background-size":"auto","background-attachment":"scroll","background-type":"","background-media":"","overlay-type":"","overlay-color":"","overlay-opacity":"","overlay-gradient":""},"mobile":{"background-color":"","background-image":"","background-repeat":"repeat","background-position":"center center","background-size":"auto","background-attachment":"scroll","background-type":"","background-media":"","overlay-type":"","overlay-color":"","overlay-opacity":"","overlay-gradient":""}},"ast-content-background-meta":{"desktop":{"background-color":"var(--ast-global-color-5)","background-image":"","background-repeat":"repeat","background-position":"center center","background-size":"auto","background-attachment":"scroll","background-type":"","background-media":"","overlay-type":"","overlay-color":"","overlay-opacity":"","overlay-gradient":""},"tablet":{"background-color":"var(--ast-global-color-5)","background-image":"","background-repeat":"repeat","background-position":"center center","background-size":"auto","background-attachment":"scroll","background-type":"","background-media":"","overlay-type":"","overlay-color":"","overlay-opacity":"","overlay-gradient":""},"mobile":{"background-color":"var(--ast-global-color-5)","background-image":"","background-repeat":"repeat","background-position":"center center","background-size":"auto","background-attachment":"scroll","background-type":"","background-media":"","overlay-type":"","overlay-color":"","overlay-opacity":"","overlay-gradient":""}}},"product_brand":[],"product_cat":[2074,2532,4807,2084,2533],"product_tag":[],"class_list":{"0":"post-646759","1":"product","2":"type-product","3":"status-publish","4":"has-post-thumbnail","6":"product_cat-e-cigaretter-sv","7":"product_cat-hardware-sv","8":"product_cat-lost-vape-sv","9":"product_cat-nyborjarsatser-pods","10":"product_cat-shop-by-brand-sv","11":"desktop-align-center","12":"tablet-align-center","13":"mobile-align-center","14":"ast-product-gallery-layout-horizontal-slider","15":"ast-product-single-variable","16":"ast-product-tabs-layout-horizontal","18":"first","19":"instock","20":"sale","21":"taxable","22":"shipping-taxable","23":"purchasable","24":"product-type-variable"},"acf":[],"uagb_featured_image_src":{"full":["https:\/\/justvape.nu\/wp-content\/uploads\/2023\/10\/fO93Px3r.jpeg",600,600,false],"thumbnail":["https:\/\/justvape.nu\/wp-content\/uploads\/2023\/10\/fO93Px3r-150x150.jpeg",150,150,true],"medium":["https:\/\/justvape.nu\/wp-content\/uploads\/2023\/10\/fO93Px3r-300x300.jpeg",300,300,true],"medium_large":["https:\/\/justvape.nu\/wp-content\/uploads\/2023\/10\/fO93Px3r.jpeg",600,600,false],"large":["https:\/\/justvape.nu\/wp-content\/uploads\/2023\/10\/fO93Px3r.jpeg",600,600,false],"1536x1536":["https:\/\/justvape.nu\/wp-content\/uploads\/2023\/10\/fO93Px3r.jpeg",600,600,false],"2048x2048":["https:\/\/justvape.nu\/wp-content\/uploads\/2023\/10\/fO93Px3r.jpeg",600,600,false],"woocommerce_thumbnail":["https:\/\/justvape.nu\/wp-content\/uploads\/2023\/10\/fO93Px3r-300x300.jpeg",300,300,true],"woocommerce_single":["https:\/\/justvape.nu\/wp-content\/uploads\/2023\/10\/fO93Px3r.jpeg",600,600,false],"woocommerce_gallery_thumbnail":["https:\/\/justvape.nu\/wp-content\/uploads\/2023\/10\/fO93Px3r-100x100.jpeg",100,100,true],"dgwt-wcas-product-suggestion":["https:\/\/justvape.nu\/wp-content\/uploads\/2023\/10\/fO93Px3r-64x64.jpeg",64,64,true]},"uagb_author_info":{"display_name":"Kenneth Merkur","author_link":"https:\/\/justvape.nu\/sv\/author\/"},"uagb_comment_info":0,"uagb_excerpt":"LOST VAPE - URSA NANO 2 POD KIT","_links":{"self":[{"href":"https:\/\/justvape.nu\/sv\/wp-json\/wp\/v2\/product\/646759","targetHints":{"allow":["GET"]}}],"collection":[{"href":"https:\/\/justvape.nu\/sv\/wp-json\/wp\/v2\/product"}],"about":[{"href":"https:\/\/justvape.nu\/sv\/wp-json\/wp\/v2\/types\/product"}],"replies":[{"embeddable":true,"href":"https:\/\/justvape.nu\/sv\/wp-json\/wp\/v2\/comments?post=646759"}],"wp:featuredmedia":[{"embeddable":true,"href":"https:\/\/justvape.nu\/sv\/wp-json\/wp\/v2\/media\/645576"}],"wp:attachment":[{"href":"https:\/\/justvape.nu\/sv\/wp-json\/wp\/v2\/media?parent=646759"}],"wp:term":[{"taxonomy":"product_brand","embeddable":true,"href":"https:\/\/justvape.nu\/sv\/wp-json\/wp\/v2\/product_brand?post=646759"},{"taxonomy":"product_cat","embeddable":true,"href":"https:\/\/justvape.nu\/sv\/wp-json\/wp\/v2\/product_cat?post=646759"},{"taxonomy":"product_tag","embeddable":true,"href":"https:\/\/justvape.nu\/sv\/wp-json\/wp\/v2\/product_tag?post=646759"}],"curies":[{"name":"wp","href":"https:\/\/api.w.org\/{rel}","templated":true}]}}