{"id":646687,"date":"2023-10-28T11:26:47","date_gmt":"2023-10-28T09:26:47","guid":{"rendered":"https:\/\/justvape.nu\/produkt\/uwell-whirl-f-pod-kit\/"},"modified":"2024-02-05T11:14:31","modified_gmt":"2024-02-05T10:14:31","slug":"uwell-whirl-f-pod","status":"publish","type":"product","link":"https:\/\/justvape.nu\/sv\/produkt\/uwell-whirl-f-pod\/","title":{"rendered":"UWELL &#8211; WHIRL F POD KIT"},"content":{"rendered":"<h2>UWELL &#8211; WHIRL F POD KIT<\/h2>\n<p>Whirl F Kit har en sexkantig pelare som \u00e4r smal och str\u00f6mlinjeformad f\u00f6r ett bekv\u00e4mt grepp. En snurrande ring \u00e4r utformad f\u00f6r att du ska kunna snurra den n\u00e4r som helst och var som helst och lindra stress eller \u00e5ngest. Den \u00e4r utrustad med en 1,2ohm integrerad coilpatron som har en TPD-kapacitet p\u00e5 2 ml, sidofyllning och munpassande droppspets. Dessutom har Uwell Whirl F Kit funktioner som ett 450mAh-batteri, typ-c laddningsport och batteriniv\u00e5indikering.<\/p>\n<p><a href=\"https:\/\/justvape.nu\/wp-content\/uploads\/2018\/05\/Color-Schemes.png\"><img loading=\"lazy\" decoding=\"async\" class=\"alignnone size-full wp-image-249099\" src=\"https:\/\/justvape.nu\/wp-content\/uploads\/2018\/05\/Color-Schemes.png\" alt=\"\" width=\"950\" height=\"64\" title=\"\" srcset=\"https:\/\/justvape.nu\/wp-content\/uploads\/2018\/05\/Color-Schemes.png 950w, https:\/\/justvape.nu\/wp-content\/uploads\/2018\/05\/Color-Schemes-600x40.png 600w, https:\/\/justvape.nu\/wp-content\/uploads\/2018\/05\/Color-Schemes-64x4.png 64w, https:\/\/justvape.nu\/wp-content\/uploads\/2018\/05\/Color-Schemes-300x20.png 300w, https:\/\/justvape.nu\/wp-content\/uploads\/2018\/05\/Color-Schemes-768x52.png 768w\" sizes=\"auto, (max-width: 950px) 100vw, 950px\" \/><\/a><\/p>\n<p class=\"description-img-center\"><a href=\"https:\/\/justvape.nu\/wp-content\/uploads\/2023\/10\/Uwell_Whirl_F_Pod_Kit_Colors.jpg\"><img loading=\"lazy\" decoding=\"async\" class=\"alignnone wp-image-646057\" src=\"https:\/\/justvape.nu\/wp-content\/uploads\/2023\/10\/Uwell_Whirl_F_Pod_Kit_Colors.jpg\" alt=\"\" width=\"940\" height=\"550\" title=\"\" srcset=\"https:\/\/justvape.nu\/wp-content\/uploads\/2023\/10\/Uwell_Whirl_F_Pod_Kit_Colors.jpg 800w, https:\/\/justvape.nu\/wp-content\/uploads\/2023\/10\/Uwell_Whirl_F_Pod_Kit_Colors-600x351.jpg 600w, https:\/\/justvape.nu\/wp-content\/uploads\/2023\/10\/Uwell_Whirl_F_Pod_Kit_Colors-64x37.jpg 64w, https:\/\/justvape.nu\/wp-content\/uploads\/2023\/10\/Uwell_Whirl_F_Pod_Kit_Colors-300x176.jpg 300w, https:\/\/justvape.nu\/wp-content\/uploads\/2023\/10\/Uwell_Whirl_F_Pod_Kit_Colors-768x449.jpg 768w\" sizes=\"auto, (max-width: 940px) 100vw, 940px\" \/><\/a><\/p>\n<div class=\"shop-features \">\n<h2 class=\"shop-features-title \"><a href=\"https:\/\/justvape.nu\/wp-content\/uploads\/2018\/05\/Specifications.png\"><img loading=\"lazy\" decoding=\"async\" class=\"alignnone size-full wp-image-248448\" src=\"https:\/\/justvape.nu\/wp-content\/uploads\/2018\/05\/Specifications.png\" alt=\"\" width=\"950\" height=\"64\" title=\"\" srcset=\"https:\/\/justvape.nu\/wp-content\/uploads\/2018\/05\/Specifications.png 950w, https:\/\/justvape.nu\/wp-content\/uploads\/2018\/05\/Specifications-600x40.png 600w, https:\/\/justvape.nu\/wp-content\/uploads\/2018\/05\/Specifications-64x4.png 64w, https:\/\/justvape.nu\/wp-content\/uploads\/2018\/05\/Specifications-300x20.png 300w, https:\/\/justvape.nu\/wp-content\/uploads\/2018\/05\/Specifications-768x52.png 768w\" sizes=\"auto, (max-width: 950px) 100vw, 950px\" \/><\/a><\/h2>\n<\/div>\n<table class=\"description-table\">\n<tbody>\n<tr>\n<td class=\"strong-title \">varum\u00e4rke<\/td>\n<td class=\"inline\">Uwell<\/td>\n<\/tr>\n<tr>\n<td class=\"strong-title \">produktnamn<\/td>\n<td class=\"inline\">Whirl F Podsats<\/td>\n<\/tr>\n<tr>\n<td class=\"strong-title \">Material<\/td>\n<td class=\"inline\">Enhet: Aluminiumlegering, Patron: PCTG<\/td>\n<\/tr>\n<tr>\n<td class=\"strong-title \">M\u00e5tt<\/td>\n<td class=\"inline\">140,8*18,8*18,8 mm<\/td>\n<\/tr>\n<tr>\n<td class=\"strong-title \">Kapacitet kapacitet<\/td>\n<td class=\"inline\">2 ml TPD<\/td>\n<\/tr>\n<tr>\n<td class=\"strong-title \">Uteffekt<\/td>\n<td class=\"inline\">11W<\/td>\n<\/tr>\n<tr>\n<td class=\"strong-title \">Specifikation f\u00f6r patroner<\/td>\n<td class=\"inline\">FeCrAI Meshed 1.2ohm Whirl F Integrerad Coil-patron<\/td>\n<\/tr>\n<tr>\n<td class=\"strong-title \">Batterikapacitet<\/td>\n<td class=\"inline\">450 mAh<\/td>\n<\/tr>\n<tr>\n<td class=\"strong-title \">Fyllningstyp<\/td>\n<td class=\"inline\">Sidofyllning<\/td>\n<\/tr>\n<tr>\n<td class=\"strong-title \">F\u00e4rg<\/td>\n<td class=\"inline\">Champagne, Svart, Bl\u00e5, Gr\u00f6n<\/td>\n<\/tr>\n<\/tbody>\n<\/table>\n<div class=\"shop-features \">\n<h2 class=\"shop-features-title \"><a href=\"https:\/\/justvape.nu\/wp-content\/uploads\/2018\/05\/Features.png\"><img loading=\"lazy\" decoding=\"async\" class=\"alignnone size-full wp-image-18994\" src=\"https:\/\/justvape.nu\/wp-content\/uploads\/2018\/05\/Features.png\" alt=\"\" width=\"950\" height=\"64\" title=\"\" srcset=\"https:\/\/justvape.nu\/wp-content\/uploads\/2018\/05\/Features.png 950w, https:\/\/justvape.nu\/wp-content\/uploads\/2018\/05\/Features-555x37.png 555w, https:\/\/justvape.nu\/wp-content\/uploads\/2018\/05\/Features-64x4.png 64w, https:\/\/justvape.nu\/wp-content\/uploads\/2018\/05\/Features-300x20.png 300w, https:\/\/justvape.nu\/wp-content\/uploads\/2018\/05\/Features-768x52.png 768w\" sizes=\"auto, (max-width: 950px) 100vw, 950px\" \/><\/a><\/h2>\n<\/div>\n<ul>\n<li style=\"list-style-type: none;\">\n<ul>\n<li>1. Utsikter f\u00f6r sexkantig pelare<\/li>\n<li>2. 1,2 ohms patron f\u00f6r MTL-vaping<\/li>\n<li>3. Design med snurrande ring<\/li>\n<li>4. Droppspets som passar munnen<\/li>\n<li>5. 450 mAh batteri, 2 ml TPD pod kapacitet<\/li>\n<li>6. Automatisk dragning, typ C-laddning<\/li>\n<li>7. Pro-FOCS-teknik<\/li>\n<li>8. Bekv\u00e4m p\u00e5fyllning av sidan<\/li>\n<li>9. Indikering av batteriniv\u00e5<\/li>\n<\/ul>\n<\/li>\n<\/ul>\n<div class=\"img-show-more\">\n<div id=\"img_content_less\" class=\"img-content add-more\">\n<p class=\"description-img-center\"><a href=\"https:\/\/justvape.nu\/wp-content\/uploads\/2023\/10\/Uwell_Whirl_F_Kit_Coming.jpg\"><img loading=\"lazy\" decoding=\"async\" class=\"alignnone size-full wp-image-646065\" src=\"https:\/\/justvape.nu\/wp-content\/uploads\/2023\/10\/Uwell_Whirl_F_Kit_Coming.jpg\" alt=\"\" width=\"831\" height=\"530\" title=\"\" srcset=\"https:\/\/justvape.nu\/wp-content\/uploads\/2023\/10\/Uwell_Whirl_F_Kit_Coming.jpg 831w, https:\/\/justvape.nu\/wp-content\/uploads\/2023\/10\/Uwell_Whirl_F_Kit_Coming-600x383.jpg 600w, https:\/\/justvape.nu\/wp-content\/uploads\/2023\/10\/Uwell_Whirl_F_Kit_Coming-64x41.jpg 64w, https:\/\/justvape.nu\/wp-content\/uploads\/2023\/10\/Uwell_Whirl_F_Kit_Coming-300x191.jpg 300w, https:\/\/justvape.nu\/wp-content\/uploads\/2023\/10\/Uwell_Whirl_F_Kit_Coming-768x490.jpg 768w\" sizes=\"auto, (max-width: 831px) 100vw, 831px\" \/><\/a> <a href=\"https:\/\/justvape.nu\/wp-content\/uploads\/2023\/10\/Uwell_Whirl_F_Kit_Different_Style.jpg\"><img loading=\"lazy\" decoding=\"async\" class=\"alignnone size-full wp-image-646073\" src=\"https:\/\/justvape.nu\/wp-content\/uploads\/2023\/10\/Uwell_Whirl_F_Kit_Different_Style.jpg\" alt=\"\" width=\"831\" height=\"531\" title=\"\" srcset=\"https:\/\/justvape.nu\/wp-content\/uploads\/2023\/10\/Uwell_Whirl_F_Kit_Different_Style.jpg 831w, https:\/\/justvape.nu\/wp-content\/uploads\/2023\/10\/Uwell_Whirl_F_Kit_Different_Style-600x383.jpg 600w, https:\/\/justvape.nu\/wp-content\/uploads\/2023\/10\/Uwell_Whirl_F_Kit_Different_Style-64x41.jpg 64w, https:\/\/justvape.nu\/wp-content\/uploads\/2023\/10\/Uwell_Whirl_F_Kit_Different_Style-300x192.jpg 300w, https:\/\/justvape.nu\/wp-content\/uploads\/2023\/10\/Uwell_Whirl_F_Kit_Different_Style-768x491.jpg 768w\" sizes=\"auto, (max-width: 831px) 100vw, 831px\" \/><\/a> <a href=\"https:\/\/justvape.nu\/wp-content\/uploads\/2023\/10\/Uwell_Whirl_F_Kit_MTL_Vape.jpg\"><img loading=\"lazy\" decoding=\"async\" class=\"alignnone size-full wp-image-646081\" src=\"https:\/\/justvape.nu\/wp-content\/uploads\/2023\/10\/Uwell_Whirl_F_Kit_MTL_Vape.jpg\" alt=\"\" width=\"831\" height=\"535\" title=\"\" srcset=\"https:\/\/justvape.nu\/wp-content\/uploads\/2023\/10\/Uwell_Whirl_F_Kit_MTL_Vape.jpg 831w, https:\/\/justvape.nu\/wp-content\/uploads\/2023\/10\/Uwell_Whirl_F_Kit_MTL_Vape-600x386.jpg 600w, https:\/\/justvape.nu\/wp-content\/uploads\/2023\/10\/Uwell_Whirl_F_Kit_MTL_Vape-64x41.jpg 64w, https:\/\/justvape.nu\/wp-content\/uploads\/2023\/10\/Uwell_Whirl_F_Kit_MTL_Vape-300x193.jpg 300w, https:\/\/justvape.nu\/wp-content\/uploads\/2023\/10\/Uwell_Whirl_F_Kit_MTL_Vape-768x494.jpg 768w\" sizes=\"auto, (max-width: 831px) 100vw, 831px\" \/><\/a><\/p>\n<p class=\"description-img-center\"><span style=\"font-size: 16px;\"><a href=\"https:\/\/justvape.nu\/wp-content\/uploads\/2018\/05\/Packing-List.png\"><img loading=\"lazy\" decoding=\"async\" class=\"alignnone size-full wp-image-18995\" src=\"https:\/\/justvape.nu\/wp-content\/uploads\/2018\/05\/Packing-List.png\" alt=\"\" width=\"950\" height=\"64\" title=\"\" srcset=\"https:\/\/justvape.nu\/wp-content\/uploads\/2018\/05\/Packing-List.png 950w, https:\/\/justvape.nu\/wp-content\/uploads\/2018\/05\/Packing-List-555x37.png 555w, https:\/\/justvape.nu\/wp-content\/uploads\/2018\/05\/Packing-List-64x4.png 64w, https:\/\/justvape.nu\/wp-content\/uploads\/2018\/05\/Packing-List-300x20.png 300w, https:\/\/justvape.nu\/wp-content\/uploads\/2018\/05\/Packing-List-768x52.png 768w\" sizes=\"auto, (max-width: 950px) 100vw, 950px\" \/><\/a>1* Whirl F-enhet<\/span><\/p>\n<\/div>\n<\/div>\n<p>1* FeCrAI Meshed 1.2ohm Whirl F Integrerad Coil-patron<br \/>\n1 * Type-C laddningskabel<br \/>\n1 * Anv\u00e4ndarmanual<\/p>\n<p class=\"description-img-center \"><a href=\"https:\/\/justvape.nu\/wp-content\/uploads\/2023\/10\/Uwell_Whirl_F_Kit_Packing_List.jpg\"><img loading=\"lazy\" decoding=\"async\" class=\"alignnone size-full wp-image-646089\" src=\"https:\/\/justvape.nu\/wp-content\/uploads\/2023\/10\/Uwell_Whirl_F_Kit_Packing_List.jpg\" alt=\"\" width=\"831\" height=\"716\" title=\"\" srcset=\"https:\/\/justvape.nu\/wp-content\/uploads\/2023\/10\/Uwell_Whirl_F_Kit_Packing_List.jpg 831w, https:\/\/justvape.nu\/wp-content\/uploads\/2023\/10\/Uwell_Whirl_F_Kit_Packing_List-600x517.jpg 600w, https:\/\/justvape.nu\/wp-content\/uploads\/2023\/10\/Uwell_Whirl_F_Kit_Packing_List-64x55.jpg 64w, https:\/\/justvape.nu\/wp-content\/uploads\/2023\/10\/Uwell_Whirl_F_Kit_Packing_List-300x258.jpg 300w, https:\/\/justvape.nu\/wp-content\/uploads\/2023\/10\/Uwell_Whirl_F_Kit_Packing_List-768x662.jpg 768w\" sizes=\"auto, (max-width: 831px) 100vw, 831px\" \/><\/a><\/p>\n","protected":false},"excerpt":{"rendered":"<p>UWELL &#8211; WHIRL F POD KIT<\/p>\n","protected":false},"featured_media":645534,"comment_status":"open","ping_status":"closed","template":"","meta":{"_acf_changed":false,"_uag_custom_page_level_css":"","site-sidebar-layout":"default","site-content-layout":"","ast-site-content-layout":"default","site-content-style":"default","site-sidebar-style":"default","ast-global-header-display":"","ast-banner-title-visibility":"","ast-main-header-display":"","ast-hfb-above-header-display":"","ast-hfb-below-header-display":"","ast-hfb-mobile-header-display":"","site-post-title":"","ast-breadcrumbs-content":"","ast-featured-img":"","footer-sml-layout":"","ast-disable-related-posts":"","theme-transparent-header-meta":"default","adv-header-id-meta":"","stick-header-meta":"default","header-above-stick-meta":"","header-main-stick-meta":"","header-below-stick-meta":"","astra-migrate-meta-layouts":"default","ast-page-background-enabled":"default","ast-page-background-meta":{"desktop":{"background-color":"","background-image":"","background-repeat":"repeat","background-position":"center center","background-size":"auto","background-attachment":"scroll","background-type":"","background-media":"","overlay-type":"","overlay-color":"","overlay-opacity":"","overlay-gradient":""},"tablet":{"background-color":"","background-image":"","background-repeat":"repeat","background-position":"center center","background-size":"auto","background-attachment":"scroll","background-type":"","background-media":"","overlay-type":"","overlay-color":"","overlay-opacity":"","overlay-gradient":""},"mobile":{"background-color":"","background-image":"","background-repeat":"repeat","background-position":"center center","background-size":"auto","background-attachment":"scroll","background-type":"","background-media":"","overlay-type":"","overlay-color":"","overlay-opacity":"","overlay-gradient":""}},"ast-content-background-meta":{"desktop":{"background-color":"var(--ast-global-color-5)","background-image":"","background-repeat":"repeat","background-position":"center center","background-size":"auto","background-attachment":"scroll","background-type":"","background-media":"","overlay-type":"","overlay-color":"","overlay-opacity":"","overlay-gradient":""},"tablet":{"background-color":"var(--ast-global-color-5)","background-image":"","background-repeat":"repeat","background-position":"center center","background-size":"auto","background-attachment":"scroll","background-type":"","background-media":"","overlay-type":"","overlay-color":"","overlay-opacity":"","overlay-gradient":""},"mobile":{"background-color":"var(--ast-global-color-5)","background-image":"","background-repeat":"repeat","background-position":"center center","background-size":"auto","background-attachment":"scroll","background-type":"","background-media":"","overlay-type":"","overlay-color":"","overlay-opacity":"","overlay-gradient":""}}},"product_brand":[],"product_cat":[2074,2532,2084,2533,3436],"product_tag":[],"class_list":{"0":"post-646687","1":"product","2":"type-product","3":"status-publish","4":"has-post-thumbnail","6":"product_cat-e-cigaretter-sv","7":"product_cat-hardware-sv","8":"product_cat-nyborjarsatser-pods","9":"product_cat-shop-by-brand-sv","10":"product_cat-uwell-sv","11":"desktop-align-center","12":"tablet-align-center","13":"mobile-align-center","14":"ast-product-gallery-layout-horizontal-slider","15":"ast-product-single-variable","16":"ast-product-tabs-layout-horizontal","18":"first","19":"instock","20":"sale","21":"taxable","22":"shipping-taxable","23":"purchasable","24":"product-type-variable"},"acf":[],"uagb_featured_image_src":{"full":["https:\/\/justvape.nu\/wp-content\/uploads\/2023\/10\/N79HquEZ.jpeg",600,600,false],"thumbnail":["https:\/\/justvape.nu\/wp-content\/uploads\/2023\/10\/N79HquEZ-150x150.jpeg",150,150,true],"medium":["https:\/\/justvape.nu\/wp-content\/uploads\/2023\/10\/N79HquEZ-300x300.jpeg",300,300,true],"medium_large":["https:\/\/justvape.nu\/wp-content\/uploads\/2023\/10\/N79HquEZ.jpeg",600,600,false],"large":["https:\/\/justvape.nu\/wp-content\/uploads\/2023\/10\/N79HquEZ.jpeg",600,600,false],"1536x1536":["https:\/\/justvape.nu\/wp-content\/uploads\/2023\/10\/N79HquEZ.jpeg",600,600,false],"2048x2048":["https:\/\/justvape.nu\/wp-content\/uploads\/2023\/10\/N79HquEZ.jpeg",600,600,false],"woocommerce_thumbnail":["https:\/\/justvape.nu\/wp-content\/uploads\/2023\/10\/N79HquEZ-300x300.jpeg",300,300,true],"woocommerce_single":["https:\/\/justvape.nu\/wp-content\/uploads\/2023\/10\/N79HquEZ.jpeg",600,600,false],"woocommerce_gallery_thumbnail":["https:\/\/justvape.nu\/wp-content\/uploads\/2023\/10\/N79HquEZ-100x100.jpeg",100,100,true],"dgwt-wcas-product-suggestion":["https:\/\/justvape.nu\/wp-content\/uploads\/2023\/10\/N79HquEZ-64x64.jpeg",64,64,true]},"uagb_author_info":{"display_name":"Kenneth Merkur","author_link":"https:\/\/justvape.nu\/sv\/author\/"},"uagb_comment_info":0,"uagb_excerpt":"UWELL - WHIRL F POD KIT","_links":{"self":[{"href":"https:\/\/justvape.nu\/sv\/wp-json\/wp\/v2\/product\/646687","targetHints":{"allow":["GET"]}}],"collection":[{"href":"https:\/\/justvape.nu\/sv\/wp-json\/wp\/v2\/product"}],"about":[{"href":"https:\/\/justvape.nu\/sv\/wp-json\/wp\/v2\/types\/product"}],"replies":[{"embeddable":true,"href":"https:\/\/justvape.nu\/sv\/wp-json\/wp\/v2\/comments?post=646687"}],"wp:featuredmedia":[{"embeddable":true,"href":"https:\/\/justvape.nu\/sv\/wp-json\/wp\/v2\/media\/645534"}],"wp:attachment":[{"href":"https:\/\/justvape.nu\/sv\/wp-json\/wp\/v2\/media?parent=646687"}],"wp:term":[{"taxonomy":"product_brand","embeddable":true,"href":"https:\/\/justvape.nu\/sv\/wp-json\/wp\/v2\/product_brand?post=646687"},{"taxonomy":"product_cat","embeddable":true,"href":"https:\/\/justvape.nu\/sv\/wp-json\/wp\/v2\/product_cat?post=646687"},{"taxonomy":"product_tag","embeddable":true,"href":"https:\/\/justvape.nu\/sv\/wp-json\/wp\/v2\/product_tag?post=646687"}],"curies":[{"name":"wp","href":"https:\/\/api.w.org\/{rel}","templated":true}]}}