{"id":634764,"date":"2023-08-22T10:25:58","date_gmt":"2023-08-22T08:25:58","guid":{"rendered":"https:\/\/justvape.nu\/produkt\/voopoo-pnp-2-pod-cartridge-2pcs\/"},"modified":"2023-08-22T10:25:58","modified_gmt":"2023-08-22T08:25:58","slug":"voopoo-pnp-2-pod-cartridge-2pcs","status":"publish","type":"product","link":"https:\/\/justvape.nu\/sv\/produkt\/voopoo-pnp-2-pod-cartridge-2pcs\/","title":{"rendered":"VOOPOO &#8211; PNP 2 POD CARTRIDGE 2PCS"},"content":{"rendered":"<h2>VOOPOO &#8211; PNP 2 POD CARTRIDGE 2PCS<\/h2>\n<div class=\"description\">\n<p>Voopoo PnP 2 \u00e4r tillverkad av PCTG och passar b\u00e5de Drag H80s och Drag E60-kit. Patronen har en v\u00e4tskekapacitet p\u00e5 4,5 ML med ett rent och bekv\u00e4mt toppfyllningssystem som ocks\u00e5 har den roterande luftjusteringen p\u00e5 podden s\u00e5 att du kan njuta av ditt idealiska luftfl\u00f6de och utm\u00e4rkta moln. Kompatibel med alla PNP-spolar f\u00f6r att ge dig fler valm\u00f6jligheter. Varje f\u00f6rpackning inneh\u00e5ller 2 kapslar.<\/p>\n<p>Kapacitet: 4,5ML<\/p>\n<p>Material PCTG<br \/>\nStorlek 37,84*24,38 mm<br \/>\nRekommenderad E-v\u00e4tska \u226410 mg\/mL<\/p>\n<\/div>\n<div id=\"shopify-product-reviews\" data-id=\"6815587663974\">Antal: 2st \/ f\u00f6rpackning<\/div>\n","protected":false},"excerpt":{"rendered":"<p>VOOPOO &#8211; PNP 2 POD CARTRIDGE 2PCS<\/p>\n","protected":false},"featured_media":634641,"comment_status":"open","ping_status":"closed","template":"","meta":{"_acf_changed":false,"_uag_custom_page_level_css":"","site-sidebar-layout":"default","site-content-layout":"","ast-site-content-layout":"default","site-content-style":"default","site-sidebar-style":"default","ast-global-header-display":"","ast-banner-title-visibility":"","ast-main-header-display":"","ast-hfb-above-header-display":"","ast-hfb-below-header-display":"","ast-hfb-mobile-header-display":"","site-post-title":"","ast-breadcrumbs-content":"","ast-featured-img":"","footer-sml-layout":"","ast-disable-related-posts":"","theme-transparent-header-meta":"default","adv-header-id-meta":"","stick-header-meta":"default","header-above-stick-meta":"","header-main-stick-meta":"","header-below-stick-meta":"","astra-migrate-meta-layouts":"default","ast-page-background-enabled":"default","ast-page-background-meta":{"desktop":{"background-color":"","background-image":"","background-repeat":"repeat","background-position":"center center","background-size":"auto","background-attachment":"scroll","background-type":"","background-media":"","overlay-type":"","overlay-color":"","overlay-opacity":"","overlay-gradient":""},"tablet":{"background-color":"","background-image":"","background-repeat":"repeat","background-position":"center center","background-size":"auto","background-attachment":"scroll","background-type":"","background-media":"","overlay-type":"","overlay-color":"","overlay-opacity":"","overlay-gradient":""},"mobile":{"background-color":"","background-image":"","background-repeat":"repeat","background-position":"center center","background-size":"auto","background-attachment":"scroll","background-type":"","background-media":"","overlay-type":"","overlay-color":"","overlay-opacity":"","overlay-gradient":""}},"ast-content-background-meta":{"desktop":{"background-color":"var(--ast-global-color-5)","background-image":"","background-repeat":"repeat","background-position":"center center","background-size":"auto","background-attachment":"scroll","background-type":"","background-media":"","overlay-type":"","overlay-color":"","overlay-opacity":"","overlay-gradient":""},"tablet":{"background-color":"var(--ast-global-color-5)","background-image":"","background-repeat":"repeat","background-position":"center center","background-size":"auto","background-attachment":"scroll","background-type":"","background-media":"","overlay-type":"","overlay-color":"","overlay-opacity":"","overlay-gradient":""},"mobile":{"background-color":"var(--ast-global-color-5)","background-image":"","background-repeat":"repeat","background-position":"center center","background-size":"auto","background-attachment":"scroll","background-type":"","background-media":"","overlay-type":"","overlay-color":"","overlay-opacity":"","overlay-gradient":""}}},"product_brand":[],"product_cat":[2064,1984],"product_tag":[],"class_list":{"0":"post-634764","1":"product","2":"type-product","3":"status-publish","4":"has-post-thumbnail","6":"product_cat-spolar-pods","7":"product_cat-tankar-spolar","8":"desktop-align-center","9":"tablet-align-center","10":"mobile-align-center","11":"ast-product-gallery-layout-horizontal-slider","12":"ast-product-gallery-with-no-image","13":"ast-product-tabs-layout-horizontal","15":"first","16":"instock","17":"sale","18":"taxable","19":"shipping-taxable","20":"purchasable","21":"product-type-simple"},"acf":[],"uagb_featured_image_src":{"full":["https:\/\/justvape.nu\/wp-content\/uploads\/2023\/08\/Voopoo-PNP-Pod-2.jpg",600,635,false],"thumbnail":["https:\/\/justvape.nu\/wp-content\/uploads\/2023\/08\/Voopoo-PNP-Pod-2-150x150.jpg",150,150,true],"medium":["https:\/\/justvape.nu\/wp-content\/uploads\/2023\/08\/Voopoo-PNP-Pod-2-283x300.jpg",283,300,true],"medium_large":["https:\/\/justvape.nu\/wp-content\/uploads\/2023\/08\/Voopoo-PNP-Pod-2.jpg",600,635,false],"large":["https:\/\/justvape.nu\/wp-content\/uploads\/2023\/08\/Voopoo-PNP-Pod-2.jpg",600,635,false],"1536x1536":["https:\/\/justvape.nu\/wp-content\/uploads\/2023\/08\/Voopoo-PNP-Pod-2.jpg",600,635,false],"2048x2048":["https:\/\/justvape.nu\/wp-content\/uploads\/2023\/08\/Voopoo-PNP-Pod-2.jpg",600,635,false],"woocommerce_thumbnail":["https:\/\/justvape.nu\/wp-content\/uploads\/2023\/08\/Voopoo-PNP-Pod-2-300x300.jpg",300,300,true],"woocommerce_single":["https:\/\/justvape.nu\/wp-content\/uploads\/2023\/08\/Voopoo-PNP-Pod-2.jpg",600,635,false],"woocommerce_gallery_thumbnail":["https:\/\/justvape.nu\/wp-content\/uploads\/2023\/08\/Voopoo-PNP-Pod-2-100x100.jpg",100,100,true],"dgwt-wcas-product-suggestion":["https:\/\/justvape.nu\/wp-content\/uploads\/2023\/08\/Voopoo-PNP-Pod-2-64x68.jpg",64,68,true]},"uagb_author_info":{"display_name":"Kenneth Merkur","author_link":"https:\/\/justvape.nu\/sv\/author\/"},"uagb_comment_info":0,"uagb_excerpt":"VOOPOO - PNP 2 POD CARTRIDGE 2PCS","_links":{"self":[{"href":"https:\/\/justvape.nu\/sv\/wp-json\/wp\/v2\/product\/634764","targetHints":{"allow":["GET"]}}],"collection":[{"href":"https:\/\/justvape.nu\/sv\/wp-json\/wp\/v2\/product"}],"about":[{"href":"https:\/\/justvape.nu\/sv\/wp-json\/wp\/v2\/types\/product"}],"replies":[{"embeddable":true,"href":"https:\/\/justvape.nu\/sv\/wp-json\/wp\/v2\/comments?post=634764"}],"wp:featuredmedia":[{"embeddable":true,"href":"https:\/\/justvape.nu\/sv\/wp-json\/wp\/v2\/media\/634641"}],"wp:attachment":[{"href":"https:\/\/justvape.nu\/sv\/wp-json\/wp\/v2\/media?parent=634764"}],"wp:term":[{"taxonomy":"product_brand","embeddable":true,"href":"https:\/\/justvape.nu\/sv\/wp-json\/wp\/v2\/product_brand?post=634764"},{"taxonomy":"product_cat","embeddable":true,"href":"https:\/\/justvape.nu\/sv\/wp-json\/wp\/v2\/product_cat?post=634764"},{"taxonomy":"product_tag","embeddable":true,"href":"https:\/\/justvape.nu\/sv\/wp-json\/wp\/v2\/product_tag?post=634764"}],"curies":[{"name":"wp","href":"https:\/\/api.w.org\/{rel}","templated":true}]}}