{"id":630652,"date":"2023-07-29T20:32:00","date_gmt":"2023-07-29T18:32:00","guid":{"rendered":"https:\/\/justvape.nu\/produkt\/uwell-caliburn-gz2-pod-system\/"},"modified":"2024-02-05T11:14:42","modified_gmt":"2024-02-05T10:14:42","slug":"uwell-caliburn-gz2-pod-system","status":"publish","type":"product","link":"https:\/\/justvape.nu\/sv\/produkt\/uwell-caliburn-gz2-pod-system\/","title":{"rendered":"UWELL &#8211; CALIBURN GZ2 POD SYSTEM"},"content":{"rendered":"<h2>UWELL &#8211; CALIBURN GZ2 POD SYSTEM<\/h2>\n<p>Uwell Caliburn GZ2 17W Pod System, har ett 850mAh-batteri, 17W maxeffekt och anv\u00e4nder Caliburn G2 Pods med Caliburn G Coils. Caliburn GZ2 Pod System rymmer upp till 2 ml i Caliburn G2 Pods och kan skapa l\u00e4ckra smaker fr\u00e5n din favorit-eJuice tack vare Caliburn G Coils. Caliburn GZ2 har ett 850 mAh-batteri som r\u00e4cker hela dagen och skapar t\u00e4ta moln med smak som behagar tungan. Uwell Caliburn GZ2 \u00e4r tillverkad av en h\u00e5llbar och l\u00e4tt aluminiumlegering, och chassit \u00e4r l\u00e4tt och otroligt b\u00e4rbart, perfekt f\u00f6r dig som st\u00e4ndigt \u00e4r p\u00e5 spr\u00e5ng.<\/p>\n<p><a href=\"https:\/\/justvape.nu\/wp-content\/uploads\/2018\/05\/Color-Schemes.png\"><img loading=\"lazy\" decoding=\"async\" class=\"alignnone size-full wp-image-19187\" src=\"https:\/\/justvape.nu\/wp-content\/uploads\/2018\/05\/Color-Schemes.png\" alt=\"\" width=\"950\" height=\"64\" title=\"\" srcset=\"https:\/\/justvape.nu\/wp-content\/uploads\/2018\/05\/Color-Schemes.png 950w, https:\/\/justvape.nu\/wp-content\/uploads\/2018\/05\/Color-Schemes-555x37.png 555w, https:\/\/justvape.nu\/wp-content\/uploads\/2018\/05\/Color-Schemes-64x4.png 64w, https:\/\/justvape.nu\/wp-content\/uploads\/2018\/05\/Color-Schemes-300x20.png 300w, https:\/\/justvape.nu\/wp-content\/uploads\/2018\/05\/Color-Schemes-768x52.png 768w\" sizes=\"auto, (max-width: 950px) 100vw, 950px\" \/><\/a><\/p>\n<p class=\"description-img-center\"><a href=\"https:\/\/justvape.nu\/wp-content\/uploads\/2023\/07\/Uwell_Caliburn_GZ2_Pod_System_Kit_Colors.jpg\"><img loading=\"lazy\" decoding=\"async\" class=\"alignnone wp-image-630465\" src=\"https:\/\/justvape.nu\/wp-content\/uploads\/2023\/07\/Uwell_Caliburn_GZ2_Pod_System_Kit_Colors.jpg\" alt=\"\" width=\"939\" height=\"371\" title=\"\" srcset=\"https:\/\/justvape.nu\/wp-content\/uploads\/2023\/07\/Uwell_Caliburn_GZ2_Pod_System_Kit_Colors.jpg 800w, https:\/\/justvape.nu\/wp-content\/uploads\/2023\/07\/Uwell_Caliburn_GZ2_Pod_System_Kit_Colors-600x237.jpg 600w, https:\/\/justvape.nu\/wp-content\/uploads\/2023\/07\/Uwell_Caliburn_GZ2_Pod_System_Kit_Colors-64x25.jpg 64w, https:\/\/justvape.nu\/wp-content\/uploads\/2023\/07\/Uwell_Caliburn_GZ2_Pod_System_Kit_Colors-300x119.jpg 300w, https:\/\/justvape.nu\/wp-content\/uploads\/2023\/07\/Uwell_Caliburn_GZ2_Pod_System_Kit_Colors-768x303.jpg 768w\" sizes=\"auto, (max-width: 939px) 100vw, 939px\" \/><\/a><\/p>\n<div class=\"shop-features \">\n<h2 class=\"shop-features-title \"><a href=\"https:\/\/justvape.nu\/wp-content\/uploads\/2018\/05\/Specifications.png\"><img loading=\"lazy\" decoding=\"async\" class=\"alignnone size-full wp-image-18993\" src=\"https:\/\/justvape.nu\/wp-content\/uploads\/2018\/05\/Specifications.png\" alt=\"\" width=\"950\" height=\"64\" title=\"\" srcset=\"https:\/\/justvape.nu\/wp-content\/uploads\/2018\/05\/Specifications.png 950w, https:\/\/justvape.nu\/wp-content\/uploads\/2018\/05\/Specifications-555x37.png 555w, https:\/\/justvape.nu\/wp-content\/uploads\/2018\/05\/Specifications-64x4.png 64w, https:\/\/justvape.nu\/wp-content\/uploads\/2018\/05\/Specifications-300x20.png 300w, https:\/\/justvape.nu\/wp-content\/uploads\/2018\/05\/Specifications-768x52.png 768w\" sizes=\"auto, (max-width: 950px) 100vw, 950px\" \/><\/a><\/h2>\n<\/div>\n<table class=\"description-table\">\n<tbody>\n<tr>\n<td class=\"strong-title \">varum\u00e4rke<\/td>\n<td class=\"inline\">Uwell<\/td>\n<\/tr>\n<tr>\n<td class=\"strong-title \">produktnamn<\/td>\n<td class=\"inline\">Caliburn GZ2 Pod System Kit<\/td>\n<\/tr>\n<tr>\n<td class=\"strong-title \">Produktstorlek<\/td>\n<td class=\"inline\">28,9*22,9*72,5 mm<\/td>\n<\/tr>\n<tr>\n<td class=\"strong-title \">Batterikapacitet<\/td>\n<td class=\"inline\">Inbyggt batteri p\u00e5 850 mAh<\/td>\n<\/tr>\n<tr>\n<td class=\"strong-title \">Uteffekt<\/td>\n<td class=\"inline\">Max 17W<\/td>\n<\/tr>\n<tr>\n<td class=\"strong-title \">Laddning<\/td>\n<td class=\"inline\">Typ-C laddning<\/td>\n<\/tr>\n<tr>\n<td class=\"strong-title \">Ljuseffekter<\/td>\n<td class=\"inline\">RGB i Tron-stil<\/td>\n<\/tr>\n<tr>\n<td class=\"strong-title \">Luftfl\u00f6de<\/td>\n<td class=\"inline\">Exakt styrning av luftfl\u00f6det (iAFC)<\/td>\n<\/tr>\n<tr>\n<td class=\"strong-title \">Kapacitet<\/td>\n<td class=\"inline\">2 ml TPD<\/td>\n<\/tr>\n<tr>\n<td class=\"strong-title \">Fyllning<\/td>\n<td class=\"inline\">Toppfyllning<\/td>\n<\/tr>\n<tr>\n<td class=\"strong-title \">Passar f\u00f6r<\/td>\n<td class=\"inline\">Uwell Caliburn G2 kassett, Uwell Caliburn G 0,8\u03a9\/1,0\u03a9 Coil, Uwell Caliburn G2 1,2\u03a9 Coil<\/td>\n<\/tr>\n<tr>\n<td class=\"strong-title \">F\u00e4rg<\/td>\n<td class=\"inline\">Svart, Silver, R\u00f6d, Lila, Bl\u00e5 Svart, Orange Svart<\/td>\n<\/tr>\n<\/tbody>\n<\/table>\n<div class=\"shop-features \">\n<h2 class=\"shop-features-title \"><a href=\"https:\/\/justvape.nu\/wp-content\/uploads\/2018\/05\/Features.png\"><img loading=\"lazy\" decoding=\"async\" class=\"alignnone size-full wp-image-18994\" src=\"https:\/\/justvape.nu\/wp-content\/uploads\/2018\/05\/Features.png\" alt=\"\" width=\"950\" height=\"64\" title=\"\" srcset=\"https:\/\/justvape.nu\/wp-content\/uploads\/2018\/05\/Features.png 950w, https:\/\/justvape.nu\/wp-content\/uploads\/2018\/05\/Features-555x37.png 555w, https:\/\/justvape.nu\/wp-content\/uploads\/2018\/05\/Features-64x4.png 64w, https:\/\/justvape.nu\/wp-content\/uploads\/2018\/05\/Features-300x20.png 300w, https:\/\/justvape.nu\/wp-content\/uploads\/2018\/05\/Features-768x52.png 768w\" sizes=\"auto, (max-width: 950px) 100vw, 950px\" \/><\/a><\/h2>\n<\/div>\n<ul>\n<li>1. Liten och l\u00e4tt, kompakt och kraftfull<\/li>\n<li>2. Inbyggt 850mAh-batteri med max 17W<\/li>\n<li>3. RGB-ljuseffekt i Tron-stil<\/li>\n<li>4. Integrerad exakt luftfl\u00f6deskontroll p\u00e5 stativet (iAFC)<\/li>\n<li>5. TPD med 2 ml kapacitet och tydligt juicef\u00f6nster<\/li>\n<li>6. 3-stegs p\u00e5fyllningsmekanism (U-Valve)<\/li>\n<li>7. Passar f\u00f6r Caliburn G2-patron<\/li>\n<li>8. Passar f\u00f6r Caliburn G 0,8\u03a9\/1,0\u03a9 Coil och Caliburn G2 1,2\u03a9 Coil<\/li>\n<\/ul>\n<div class=\"shop-features \">\n<h2 class=\"shop-features-title \"><a href=\"https:\/\/justvape.nu\/wp-content\/uploads\/2018\/05\/Packing-List.png\"><img loading=\"lazy\" decoding=\"async\" class=\"alignnone size-full wp-image-18995\" src=\"https:\/\/justvape.nu\/wp-content\/uploads\/2018\/05\/Packing-List.png\" alt=\"\" width=\"950\" height=\"64\" title=\"\" srcset=\"https:\/\/justvape.nu\/wp-content\/uploads\/2018\/05\/Packing-List.png 950w, https:\/\/justvape.nu\/wp-content\/uploads\/2018\/05\/Packing-List-555x37.png 555w, https:\/\/justvape.nu\/wp-content\/uploads\/2018\/05\/Packing-List-64x4.png 64w, https:\/\/justvape.nu\/wp-content\/uploads\/2018\/05\/Packing-List-300x20.png 300w, https:\/\/justvape.nu\/wp-content\/uploads\/2018\/05\/Packing-List-768x52.png 768w\" sizes=\"auto, (max-width: 950px) 100vw, 950px\" \/><\/a><\/h2>\n<\/div>\n<p>1* Caliburn GZ2-enhet<br \/>\n1* Caliburn G2 Tom patron<br \/>\n1* UN2 Meshed 0.8\u03a9 Caliburn G Coil (f\u00f6rinstallerad)<br \/>\n1* UN2 Meshed 1.2\u03a9 Caliburn G2 Coil (reserv)<br \/>\n1 * Anv\u00e4ndarmanual<br \/>\n1 * Type-C laddningskabel<\/p>\n","protected":false},"excerpt":{"rendered":"<p>UWELL &#8211; CALIBURN GZ2 POD SYSTEM<\/p>\n","protected":false},"featured_media":630487,"comment_status":"open","ping_status":"closed","template":"","meta":{"_acf_changed":false,"_uag_custom_page_level_css":"","site-sidebar-layout":"default","site-content-layout":"default","ast-site-content-layout":"default","site-content-style":"default","site-sidebar-style":"default","ast-global-header-display":"","ast-banner-title-visibility":"","ast-main-header-display":"","ast-hfb-above-header-display":"","ast-hfb-below-header-display":"","ast-hfb-mobile-header-display":"","site-post-title":"","ast-breadcrumbs-content":"","ast-featured-img":"","footer-sml-layout":"","ast-disable-related-posts":"","theme-transparent-header-meta":"default","adv-header-id-meta":"","stick-header-meta":"default","header-above-stick-meta":"","header-main-stick-meta":"","header-below-stick-meta":"","astra-migrate-meta-layouts":"default","ast-page-background-enabled":"default","ast-page-background-meta":{"desktop":{"background-color":"","background-image":"","background-repeat":"repeat","background-position":"center center","background-size":"auto","background-attachment":"scroll","background-type":"","background-media":"","overlay-type":"","overlay-color":"","overlay-opacity":"","overlay-gradient":""},"tablet":{"background-color":"","background-image":"","background-repeat":"repeat","background-position":"center center","background-size":"auto","background-attachment":"scroll","background-type":"","background-media":"","overlay-type":"","overlay-color":"","overlay-opacity":"","overlay-gradient":""},"mobile":{"background-color":"","background-image":"","background-repeat":"repeat","background-position":"center center","background-size":"auto","background-attachment":"scroll","background-type":"","background-media":"","overlay-type":"","overlay-color":"","overlay-opacity":"","overlay-gradient":""}},"ast-content-background-meta":{"desktop":{"background-color":"var(--ast-global-color-5)","background-image":"","background-repeat":"repeat","background-position":"center center","background-size":"auto","background-attachment":"scroll","background-type":"","background-media":"","overlay-type":"","overlay-color":"","overlay-opacity":"","overlay-gradient":""},"tablet":{"background-color":"var(--ast-global-color-5)","background-image":"","background-repeat":"repeat","background-position":"center center","background-size":"auto","background-attachment":"scroll","background-type":"","background-media":"","overlay-type":"","overlay-color":"","overlay-opacity":"","overlay-gradient":""},"mobile":{"background-color":"var(--ast-global-color-5)","background-image":"","background-repeat":"repeat","background-position":"center center","background-size":"auto","background-attachment":"scroll","background-type":"","background-media":"","overlay-type":"","overlay-color":"","overlay-opacity":"","overlay-gradient":""}}},"product_brand":[],"product_cat":[2074,2532,2084,2533,3436],"product_tag":[],"class_list":{"0":"post-630652","1":"product","2":"type-product","3":"status-publish","4":"has-post-thumbnail","6":"product_cat-e-cigaretter-sv","7":"product_cat-hardware-sv","8":"product_cat-nyborjarsatser-pods","9":"product_cat-shop-by-brand-sv","10":"product_cat-uwell-sv","11":"desktop-align-center","12":"tablet-align-center","13":"mobile-align-center","14":"ast-product-gallery-layout-horizontal-slider","15":"ast-product-single-variable","16":"ast-product-tabs-layout-horizontal","18":"first","19":"instock","20":"sale","21":"taxable","22":"shipping-taxable","23":"purchasable","24":"product-type-variable"},"acf":[],"uagb_featured_image_src":{"full":["https:\/\/justvape.nu\/wp-content\/uploads\/2023\/07\/Ao9ccflU.jpeg",600,600,false],"thumbnail":["https:\/\/justvape.nu\/wp-content\/uploads\/2023\/07\/Ao9ccflU-150x150.jpeg",150,150,true],"medium":["https:\/\/justvape.nu\/wp-content\/uploads\/2023\/07\/Ao9ccflU-300x300.jpeg",300,300,true],"medium_large":["https:\/\/justvape.nu\/wp-content\/uploads\/2023\/07\/Ao9ccflU.jpeg",600,600,false],"large":["https:\/\/justvape.nu\/wp-content\/uploads\/2023\/07\/Ao9ccflU.jpeg",600,600,false],"1536x1536":["https:\/\/justvape.nu\/wp-content\/uploads\/2023\/07\/Ao9ccflU.jpeg",600,600,false],"2048x2048":["https:\/\/justvape.nu\/wp-content\/uploads\/2023\/07\/Ao9ccflU.jpeg",600,600,false],"woocommerce_thumbnail":["https:\/\/justvape.nu\/wp-content\/uploads\/2023\/07\/Ao9ccflU-300x300.jpeg",300,300,true],"woocommerce_single":["https:\/\/justvape.nu\/wp-content\/uploads\/2023\/07\/Ao9ccflU.jpeg",600,600,false],"woocommerce_gallery_thumbnail":["https:\/\/justvape.nu\/wp-content\/uploads\/2023\/07\/Ao9ccflU-100x100.jpeg",100,100,true],"dgwt-wcas-product-suggestion":["https:\/\/justvape.nu\/wp-content\/uploads\/2023\/07\/Ao9ccflU-64x64.jpeg",64,64,true]},"uagb_author_info":{"display_name":"Kenneth Merkur","author_link":"https:\/\/justvape.nu\/sv\/author\/"},"uagb_comment_info":0,"uagb_excerpt":"UWELL - CALIBURN GZ2 POD SYSTEM","_links":{"self":[{"href":"https:\/\/justvape.nu\/sv\/wp-json\/wp\/v2\/product\/630652","targetHints":{"allow":["GET"]}}],"collection":[{"href":"https:\/\/justvape.nu\/sv\/wp-json\/wp\/v2\/product"}],"about":[{"href":"https:\/\/justvape.nu\/sv\/wp-json\/wp\/v2\/types\/product"}],"replies":[{"embeddable":true,"href":"https:\/\/justvape.nu\/sv\/wp-json\/wp\/v2\/comments?post=630652"}],"wp:featuredmedia":[{"embeddable":true,"href":"https:\/\/justvape.nu\/sv\/wp-json\/wp\/v2\/media\/630487"}],"wp:attachment":[{"href":"https:\/\/justvape.nu\/sv\/wp-json\/wp\/v2\/media?parent=630652"}],"wp:term":[{"taxonomy":"product_brand","embeddable":true,"href":"https:\/\/justvape.nu\/sv\/wp-json\/wp\/v2\/product_brand?post=630652"},{"taxonomy":"product_cat","embeddable":true,"href":"https:\/\/justvape.nu\/sv\/wp-json\/wp\/v2\/product_cat?post=630652"},{"taxonomy":"product_tag","embeddable":true,"href":"https:\/\/justvape.nu\/sv\/wp-json\/wp\/v2\/product_tag?post=630652"}],"curies":[{"name":"wp","href":"https:\/\/api.w.org\/{rel}","templated":true}]}}