{"id":625132,"date":"2023-06-30T13:04:45","date_gmt":"2023-06-30T11:04:45","guid":{"rendered":"https:\/\/justvape.nu\/produkt\/smok-mag-solo-mod\/"},"modified":"2026-03-19T19:08:42","modified_gmt":"2026-03-19T18:08:42","slug":"smok-mag-solo-mod","status":"publish","type":"product","link":"https:\/\/justvape.nu\/sv\/produkt\/smok-mag-solo-mod\/","title":{"rendered":"SMOK &#8211; MAG SOLO MOD"},"content":{"rendered":"<h2>SMOK &#8211; MAG SOLO MOD<\/h2>\n<p>Smok Mag Solo mod \u00e4r ett perfekt val f\u00f6r vapers som letar efter en kraftfull enhet. Den drivs av ditt val av 18650- eller 21700-batteri (s\u00e4ljs separat) och kan ge upp till 100 W &#8211; mer \u00e4n tillr\u00e4ckligt f\u00f6r de flesta vape-tankar. Du kan ocks\u00e5 hitta denna mod som en del av Mag Solo vape kit, d\u00e4r den levereras med sub ohm Smok T-Air tank.<\/p>\n<p><a href=\"https:\/\/justvape.nu\/wp-content\/uploads\/2018\/05\/Color-Schemes.png\"><img loading=\"lazy\" decoding=\"async\" class=\"alignnone size-full wp-image-19187\" src=\"https:\/\/justvape.nu\/wp-content\/uploads\/2018\/05\/Color-Schemes.png\" alt=\"\" width=\"950\" height=\"64\" title=\"\" srcset=\"https:\/\/justvape.nu\/wp-content\/uploads\/2018\/05\/Color-Schemes.png 950w, https:\/\/justvape.nu\/wp-content\/uploads\/2018\/05\/Color-Schemes-555x37.png 555w, https:\/\/justvape.nu\/wp-content\/uploads\/2018\/05\/Color-Schemes-64x4.png 64w, https:\/\/justvape.nu\/wp-content\/uploads\/2018\/05\/Color-Schemes-300x20.png 300w, https:\/\/justvape.nu\/wp-content\/uploads\/2018\/05\/Color-Schemes-768x52.png 768w\" sizes=\"auto, (max-width: 950px) 100vw, 950px\" \/><\/a><\/p>\n<p class=\"description-img-center\"><a href=\"https:\/\/justvape.nu\/wp-content\/uploads\/2023\/06\/SMOK_Mag_Solo_Mod_Full_Color_New.jpg\"><img loading=\"lazy\" decoding=\"async\" class=\"alignnone wp-image-604516\" src=\"https:\/\/justvape.nu\/wp-content\/uploads\/2023\/06\/SMOK_Mag_Solo_Mod_Full_Color_New.jpg\" alt=\"\" width=\"939\" height=\"939\" title=\"\" srcset=\"https:\/\/justvape.nu\/wp-content\/uploads\/2023\/06\/SMOK_Mag_Solo_Mod_Full_Color_New.jpg 800w, https:\/\/justvape.nu\/wp-content\/uploads\/2023\/06\/SMOK_Mag_Solo_Mod_Full_Color_New-300x300.jpg 300w, https:\/\/justvape.nu\/wp-content\/uploads\/2023\/06\/SMOK_Mag_Solo_Mod_Full_Color_New-100x100.jpg 100w, https:\/\/justvape.nu\/wp-content\/uploads\/2023\/06\/SMOK_Mag_Solo_Mod_Full_Color_New-600x600.jpg 600w, https:\/\/justvape.nu\/wp-content\/uploads\/2023\/06\/SMOK_Mag_Solo_Mod_Full_Color_New-64x64.jpg 64w, https:\/\/justvape.nu\/wp-content\/uploads\/2023\/06\/SMOK_Mag_Solo_Mod_Full_Color_New-150x150.jpg 150w, https:\/\/justvape.nu\/wp-content\/uploads\/2023\/06\/SMOK_Mag_Solo_Mod_Full_Color_New-768x768.jpg 768w\" sizes=\"auto, (max-width: 939px) 100vw, 939px\" \/><\/a><\/p>\n<div class=\"shop-features \">\n<h2 class=\"shop-features-title \"><a href=\"https:\/\/justvape.nu\/wp-content\/uploads\/2018\/05\/Specifications.png\"><img loading=\"lazy\" decoding=\"async\" class=\"alignnone size-full wp-image-18993\" src=\"https:\/\/justvape.nu\/wp-content\/uploads\/2018\/05\/Specifications.png\" alt=\"\" width=\"950\" height=\"64\" title=\"\" srcset=\"https:\/\/justvape.nu\/wp-content\/uploads\/2018\/05\/Specifications.png 950w, https:\/\/justvape.nu\/wp-content\/uploads\/2018\/05\/Specifications-555x37.png 555w, https:\/\/justvape.nu\/wp-content\/uploads\/2018\/05\/Specifications-64x4.png 64w, https:\/\/justvape.nu\/wp-content\/uploads\/2018\/05\/Specifications-300x20.png 300w, https:\/\/justvape.nu\/wp-content\/uploads\/2018\/05\/Specifications-768x52.png 768w\" sizes=\"auto, (max-width: 950px) 100vw, 950px\" \/><\/a><\/h2>\n<\/div>\n<table class=\"description-table\">\n<tbody>\n<tr>\n<td class=\"strong-title \">varum\u00e4rke<\/td>\n<td class=\"inline\">SMOK<\/td>\n<\/tr>\n<tr>\n<td class=\"strong-title \">produktnamn<\/td>\n<td class=\"inline\">Mag Solo Mod<\/td>\n<\/tr>\n<tr>\n<td class=\"strong-title \">Output Watt<\/td>\n<td class=\"inline\">5W-100W<\/td>\n<\/tr>\n<tr>\n<td class=\"strong-title \">Standbystr\u00f6m<\/td>\n<td class=\"inline\">&lt;  120uA<\/td>\n<\/tr>\n<tr>\n<td class=\"strong-title \">Insp\u00e4nning<\/td>\n<td class=\"inline\">3.3V-4.2V<\/td>\n<\/tr>\n<tr>\n<td class=\"strong-title \">Utsp\u00e4nning<\/td>\n<td class=\"inline\">1,0V-6,5V<\/td>\n<\/tr>\n<tr>\n<td class=\"strong-title \">Motst\u00e5ndsintervall<\/td>\n<td class=\"inline\">0,10\u03a9-2,5\u03a9<\/td>\n<\/tr>\n<tr>\n<td class=\"strong-title \">Laddningstyp<\/td>\n<td class=\"inline\">Typ-C snabbladdning<\/td>\n<\/tr>\n<tr>\n<td class=\"strong-title \">Laddningssp\u00e4nning<\/td>\n<td class=\"inline\">5V \u00b1 0,2V<\/td>\n<\/tr>\n<tr>\n<td class=\"strong-title \">Laddningsstr\u00f6m<\/td>\n<td class=\"inline\">1,5A (max)<\/td>\n<\/tr>\n<tr>\n<td class=\"strong-title \">Sk\u00e4rm<\/td>\n<td class=\"inline\">0,96&#8243; TFT-sk\u00e4rm<\/td>\n<\/tr>\n<tr>\n<td class=\"strong-title \">Passar f\u00f6r<\/td>\n<td class=\"inline\">SMOK T-Air Subtank<\/td>\n<\/tr>\n<tr>\n<td class=\"strong-title \">Produktstorlek<\/td>\n<td class=\"inline\">95,2 * 43,6 * 32,2 mm<\/td>\n<\/tr>\n<tr>\n<td class=\"strong-title \">F\u00f6rpackningsstorlek<\/td>\n<td class=\"inline\">135*90*59mm<\/td>\n<\/tr>\n<tr>\n<td class=\"strong-title \"><\/td>\n<td class=\"inline\"><\/td>\n<\/tr>\n<tr>\n<td class=\"strong-title \">F\u00e4rg<\/td>\n<td class=\"inline\">Vitbl\u00e5, svartr\u00f6d, l\u00e4der med kolfiberskarv, gr\u00e5tt l\u00e4der med skarv, mattvit, Blue Haze, Purple Haze, nanokrom, cyan, svart gunmetal, gunmetal, blekgr\u00f6n, rosa guld, bl\u00e5gr\u00f6n, lilarosa, prisma regnb\u00e5ge, matt svart<\/td>\n<\/tr>\n<\/tbody>\n<\/table>\n<div class=\"shop-features \">\n<h2 class=\"shop-features-title \"><a href=\"https:\/\/justvape.nu\/wp-content\/uploads\/2018\/05\/Features.png\"><img loading=\"lazy\" decoding=\"async\" class=\"alignnone size-full wp-image-248458\" src=\"https:\/\/justvape.nu\/wp-content\/uploads\/2018\/05\/Features.png\" alt=\"\" width=\"950\" height=\"64\" title=\"\" srcset=\"https:\/\/justvape.nu\/wp-content\/uploads\/2018\/05\/Features.png 950w, https:\/\/justvape.nu\/wp-content\/uploads\/2018\/05\/Features-600x40.png 600w, https:\/\/justvape.nu\/wp-content\/uploads\/2018\/05\/Features-64x4.png 64w, https:\/\/justvape.nu\/wp-content\/uploads\/2018\/05\/Features-300x20.png 300w, https:\/\/justvape.nu\/wp-content\/uploads\/2018\/05\/Features-768x52.png 768w\" sizes=\"auto, (max-width: 950px) 100vw, 950px\" \/><\/a><\/h2>\n<\/div>\n<ul>\n<li>1. St\u00f6djer 21700\/18650-batterier med max 100 W<\/li>\n<li>2. 0,96&#8221; TFT-sk\u00e4rm f\u00f6r att visa data om din vaping<\/li>\n<li>3. Knappaktiverat system f\u00f6r enkel anv\u00e4ndning<\/li>\n<li>4. Anv\u00e4nder 510 anslutningsg\u00e4nga<\/li>\n<li>5. Passar f\u00f6r SMOK T-Air Subtank Atomizer 5ml<\/li>\n<\/ul>\n<div class=\"shop-features \">\n<h2 class=\"shop-features-title \"><a href=\"https:\/\/justvape.nu\/wp-content\/uploads\/2018\/05\/Packing-List.png\"><img loading=\"lazy\" decoding=\"async\" class=\"alignnone size-full wp-image-18995\" src=\"https:\/\/justvape.nu\/wp-content\/uploads\/2018\/05\/Packing-List.png\" alt=\"\" width=\"950\" height=\"64\" title=\"\" srcset=\"https:\/\/justvape.nu\/wp-content\/uploads\/2018\/05\/Packing-List.png 950w, https:\/\/justvape.nu\/wp-content\/uploads\/2018\/05\/Packing-List-555x37.png 555w, https:\/\/justvape.nu\/wp-content\/uploads\/2018\/05\/Packing-List-64x4.png 64w, https:\/\/justvape.nu\/wp-content\/uploads\/2018\/05\/Packing-List-300x20.png 300w, https:\/\/justvape.nu\/wp-content\/uploads\/2018\/05\/Packing-List-768x52.png 768w\" sizes=\"auto, (max-width: 950px) 100vw, 950px\" \/><\/a><\/h2>\n<\/div>\n<p>1* SMOK Mag Solo Mod<\/p>\n<div class=\"shop-features \">\n<h2 class=\"shop-features-title \"><\/h2>\n<\/div>\n","protected":false},"excerpt":{"rendered":"<p>SMOK &#8211; MAG SOLO MOD<\/p>\n","protected":false},"featured_media":604553,"comment_status":"open","ping_status":"closed","template":"","meta":{"_acf_changed":false,"_uag_custom_page_level_css":"","site-sidebar-layout":"default","site-content-layout":"default","ast-site-content-layout":"default","site-content-style":"default","site-sidebar-style":"default","ast-global-header-display":"","ast-banner-title-visibility":"","ast-main-header-display":"","ast-hfb-above-header-display":"","ast-hfb-below-header-display":"","ast-hfb-mobile-header-display":"","site-post-title":"","ast-breadcrumbs-content":"","ast-featured-img":"","footer-sml-layout":"","ast-disable-related-posts":"","theme-transparent-header-meta":"default","adv-header-id-meta":"","stick-header-meta":"default","header-above-stick-meta":"","header-main-stick-meta":"","header-below-stick-meta":"","astra-migrate-meta-layouts":"default","ast-page-background-enabled":"default","ast-page-background-meta":{"desktop":{"background-color":"","background-image":"","background-repeat":"repeat","background-position":"center center","background-size":"auto","background-attachment":"scroll","background-type":"","background-media":"","overlay-type":"","overlay-color":"","overlay-opacity":"","overlay-gradient":""},"tablet":{"background-color":"","background-image":"","background-repeat":"repeat","background-position":"center center","background-size":"auto","background-attachment":"scroll","background-type":"","background-media":"","overlay-type":"","overlay-color":"","overlay-opacity":"","overlay-gradient":""},"mobile":{"background-color":"","background-image":"","background-repeat":"repeat","background-position":"center center","background-size":"auto","background-attachment":"scroll","background-type":"","background-media":"","overlay-type":"","overlay-color":"","overlay-opacity":"","overlay-gradient":""}},"ast-content-background-meta":{"desktop":{"background-color":"var(--ast-global-color-5)","background-image":"","background-repeat":"repeat","background-position":"center center","background-size":"auto","background-attachment":"scroll","background-type":"","background-media":"","overlay-type":"","overlay-color":"","overlay-opacity":"","overlay-gradient":""},"tablet":{"background-color":"var(--ast-global-color-5)","background-image":"","background-repeat":"repeat","background-position":"center center","background-size":"auto","background-attachment":"scroll","background-type":"","background-media":"","overlay-type":"","overlay-color":"","overlay-opacity":"","overlay-gradient":""},"mobile":{"background-color":"var(--ast-global-color-5)","background-image":"","background-repeat":"repeat","background-position":"center center","background-size":"auto","background-attachment":"scroll","background-type":"","background-media":"","overlay-type":"","overlay-color":"","overlay-opacity":"","overlay-gradient":""}}},"product_brand":[],"product_cat":[2074,2532,2126,3371],"product_tag":[],"class_list":{"0":"post-625132","1":"product","2":"type-product","3":"status-publish","4":"has-post-thumbnail","6":"product_cat-e-cigaretter-sv","7":"product_cat-hardware-sv","8":"product_cat-mods-sv","9":"product_cat-smok-sv","10":"desktop-align-center","11":"tablet-align-center","12":"mobile-align-center","13":"ast-product-gallery-layout-horizontal-slider","14":"ast-product-gallery-with-no-image","15":"ast-product-single-variable","16":"ast-product-tabs-layout-horizontal","18":"first","19":"instock","20":"sale","21":"taxable","22":"shipping-taxable","23":"purchasable","24":"product-type-variable"},"acf":[],"uagb_featured_image_src":{"full":["https:\/\/justvape.nu\/wp-content\/uploads\/2023\/06\/mag_solo_mod_-_main.png",700,700,false],"thumbnail":["https:\/\/justvape.nu\/wp-content\/uploads\/2023\/06\/mag_solo_mod_-_main-150x150.png",150,150,true],"medium":["https:\/\/justvape.nu\/wp-content\/uploads\/2023\/06\/mag_solo_mod_-_main-300x300.png",300,300,true],"medium_large":["https:\/\/justvape.nu\/wp-content\/uploads\/2023\/06\/mag_solo_mod_-_main.png",700,700,false],"large":["https:\/\/justvape.nu\/wp-content\/uploads\/2023\/06\/mag_solo_mod_-_main.png",700,700,false],"1536x1536":["https:\/\/justvape.nu\/wp-content\/uploads\/2023\/06\/mag_solo_mod_-_main.png",700,700,false],"2048x2048":["https:\/\/justvape.nu\/wp-content\/uploads\/2023\/06\/mag_solo_mod_-_main.png",700,700,false],"woocommerce_thumbnail":["https:\/\/justvape.nu\/wp-content\/uploads\/2023\/06\/mag_solo_mod_-_main-300x300.png",300,300,true],"woocommerce_single":["https:\/\/justvape.nu\/wp-content\/uploads\/2023\/06\/mag_solo_mod_-_main-600x600.png",600,600,true],"woocommerce_gallery_thumbnail":["https:\/\/justvape.nu\/wp-content\/uploads\/2023\/06\/mag_solo_mod_-_main-100x100.png",100,100,true],"dgwt-wcas-product-suggestion":["https:\/\/justvape.nu\/wp-content\/uploads\/2023\/06\/mag_solo_mod_-_main-64x64.png",64,64,true]},"uagb_author_info":{"display_name":"Kenneth Merkur","author_link":"https:\/\/justvape.nu\/sv\/author\/"},"uagb_comment_info":0,"uagb_excerpt":"SMOK - MAG SOLO MOD","_links":{"self":[{"href":"https:\/\/justvape.nu\/sv\/wp-json\/wp\/v2\/product\/625132","targetHints":{"allow":["GET"]}}],"collection":[{"href":"https:\/\/justvape.nu\/sv\/wp-json\/wp\/v2\/product"}],"about":[{"href":"https:\/\/justvape.nu\/sv\/wp-json\/wp\/v2\/types\/product"}],"replies":[{"embeddable":true,"href":"https:\/\/justvape.nu\/sv\/wp-json\/wp\/v2\/comments?post=625132"}],"wp:featuredmedia":[{"embeddable":true,"href":"https:\/\/justvape.nu\/sv\/wp-json\/wp\/v2\/media\/604553"}],"wp:attachment":[{"href":"https:\/\/justvape.nu\/sv\/wp-json\/wp\/v2\/media?parent=625132"}],"wp:term":[{"taxonomy":"product_brand","embeddable":true,"href":"https:\/\/justvape.nu\/sv\/wp-json\/wp\/v2\/product_brand?post=625132"},{"taxonomy":"product_cat","embeddable":true,"href":"https:\/\/justvape.nu\/sv\/wp-json\/wp\/v2\/product_cat?post=625132"},{"taxonomy":"product_tag","embeddable":true,"href":"https:\/\/justvape.nu\/sv\/wp-json\/wp\/v2\/product_tag?post=625132"}],"curies":[{"name":"wp","href":"https:\/\/api.w.org\/{rel}","templated":true}]}}