{"id":594019,"date":"2023-05-22T20:42:40","date_gmt":"2023-05-22T18:42:40","guid":{"rendered":"https:\/\/justvape.nu\/produkt\/uwell-caliburn-a3s-pod-system\/"},"modified":"2024-02-05T11:15:13","modified_gmt":"2024-02-05T10:15:13","slug":"uwell-caliburn-a3s-pod-system","status":"publish","type":"product","link":"https:\/\/justvape.nu\/sv\/produkt\/uwell-caliburn-a3s-pod-system\/","title":{"rendered":"UWELL &#8211; CALIBURN A3S POD SYSTEM"},"content":{"rendered":"<h2>UWELL &#8211; CALIBURN A3S POD SYSTEM<\/h2>\n<p>Uppt\u00e4ck Uwell Caliburn A3S Pod System, som har ett 520mAh-batteri, 16W maxeffekt och anv\u00e4nder egna A3S-poddar som rymmer 2 ml av din favorit eJuice. Chassit till Caliburn A3S \u00e4r tillverkat av en h\u00e5llbar aluminiumlegering och \u00e4r l\u00e4tt men t\u00e5ligt f\u00f6r l\u00e4tta fall och fall. Den smala designen har ett 520mAh-batteri och inneh\u00e5ller ett kraftfullt batteri som levererar upp till 16W till de integrerade spolpoddarna. Kapslarna rymmer upp till 2 ml eJuice och \u00e4r v\u00e4rd f\u00f6r en integrerad spole som m\u00e4ter 0,8ohm eller 1,0ohm f\u00f6r att ge b\u00e4sta m\u00f6jliga smak fr\u00e5n alla laddade eJuices. Caliburn A3S har dessutom en dragaktiverad avfyrningsmekanism som g\u00f6r att inga knappar beh\u00f6vs f\u00f6r att f\u00e5 en snygg och oavbruten visuell design.<\/p>\n<p><a href=\"https:\/\/justvape.nu\/wp-content\/uploads\/2018\/05\/Color-Schemes.png\"><img loading=\"lazy\" decoding=\"async\" class=\"alignnone size-full wp-image-249098\" src=\"https:\/\/justvape.nu\/wp-content\/uploads\/2018\/05\/Color-Schemes.png\" alt=\"\" width=\"950\" height=\"64\" title=\"\" srcset=\"https:\/\/justvape.nu\/wp-content\/uploads\/2018\/05\/Color-Schemes.png 950w, https:\/\/justvape.nu\/wp-content\/uploads\/2018\/05\/Color-Schemes-600x40.png 600w, https:\/\/justvape.nu\/wp-content\/uploads\/2018\/05\/Color-Schemes-64x4.png 64w, https:\/\/justvape.nu\/wp-content\/uploads\/2018\/05\/Color-Schemes-300x20.png 300w, https:\/\/justvape.nu\/wp-content\/uploads\/2018\/05\/Color-Schemes-768x52.png 768w\" sizes=\"auto, (max-width: 950px) 100vw, 950px\" \/><\/a><\/p>\n<p class=\"description-img-center\"><a href=\"https:\/\/justvape.nu\/wp-content\/uploads\/2023\/05\/Uwell_Caliburn_A3S_Kit_Colors.jpg\"><img loading=\"lazy\" decoding=\"async\" class=\"alignnone wp-image-593846\" src=\"https:\/\/justvape.nu\/wp-content\/uploads\/2023\/05\/Uwell_Caliburn_A3S_Kit_Colors.jpg\" alt=\"\" width=\"939\" height=\"507\" title=\"\" srcset=\"https:\/\/justvape.nu\/wp-content\/uploads\/2023\/05\/Uwell_Caliburn_A3S_Kit_Colors.jpg 800w, https:\/\/justvape.nu\/wp-content\/uploads\/2023\/05\/Uwell_Caliburn_A3S_Kit_Colors-600x324.jpg 600w, https:\/\/justvape.nu\/wp-content\/uploads\/2023\/05\/Uwell_Caliburn_A3S_Kit_Colors-64x35.jpg 64w, https:\/\/justvape.nu\/wp-content\/uploads\/2023\/05\/Uwell_Caliburn_A3S_Kit_Colors-300x162.jpg 300w, https:\/\/justvape.nu\/wp-content\/uploads\/2023\/05\/Uwell_Caliburn_A3S_Kit_Colors-768x415.jpg 768w\" sizes=\"auto, (max-width: 939px) 100vw, 939px\" \/><\/a><\/p>\n<div class=\"shop-features \">\n<h2 class=\"shop-features-title \"><a href=\"https:\/\/justvape.nu\/wp-content\/uploads\/2018\/05\/Specifications.png\"><img loading=\"lazy\" decoding=\"async\" class=\"alignnone size-full wp-image-248449\" src=\"https:\/\/justvape.nu\/wp-content\/uploads\/2018\/05\/Specifications.png\" alt=\"\" width=\"950\" height=\"64\" title=\"\" srcset=\"https:\/\/justvape.nu\/wp-content\/uploads\/2018\/05\/Specifications.png 950w, https:\/\/justvape.nu\/wp-content\/uploads\/2018\/05\/Specifications-600x40.png 600w, https:\/\/justvape.nu\/wp-content\/uploads\/2018\/05\/Specifications-64x4.png 64w, https:\/\/justvape.nu\/wp-content\/uploads\/2018\/05\/Specifications-300x20.png 300w, https:\/\/justvape.nu\/wp-content\/uploads\/2018\/05\/Specifications-768x52.png 768w\" sizes=\"auto, (max-width: 950px) 100vw, 950px\" \/><\/a><\/h2>\n<\/div>\n<table class=\"description-table\">\n<tbody>\n<tr>\n<td class=\"strong-title \">varum\u00e4rke<\/td>\n<td class=\"inline\">Uwell<\/td>\n<\/tr>\n<tr>\n<td class=\"strong-title \">produktnamn<\/td>\n<td class=\"inline\">Caliburn A3S Pod Kit<\/td>\n<\/tr>\n<tr>\n<td class=\"strong-title \">Material<\/td>\n<td class=\"inline\">PCTG, aluminiumlegering<\/td>\n<\/tr>\n<tr>\n<td class=\"strong-title \">M\u00e5tt<\/td>\n<td class=\"inline\">109.8*21.3*11.7mm<\/td>\n<\/tr>\n<tr>\n<td class=\"strong-title \">Kapacitet f\u00f6r e-v\u00e4tska<\/td>\n<td class=\"inline\">2 ml<\/td>\n<\/tr>\n<tr>\n<td class=\"strong-title \">Uteffekt<\/td>\n<td class=\"inline\">Maximalt 16W<\/td>\n<\/tr>\n<tr>\n<td class=\"strong-title \">Specifikationer f\u00f6r pods<\/td>\n<td class=\"inline\">FeCrAI Meshed 0.8ohm Caliburn A3S Refillable Pod (f\u00f6rinstallerad)<br \/>\nFeCrAI Meshed 1.0ohm Caliburn A3S p\u00e5fyllningsbara Pod(reserv)<\/td>\n<\/tr>\n<tr>\n<td class=\"strong-title \">Batterikapacitet<\/td>\n<td class=\"inline\">520 mAh<\/td>\n<\/tr>\n<tr>\n<td class=\"strong-title \">Fyllningstyp<\/td>\n<td class=\"inline\">Sidofyllning<\/td>\n<\/tr>\n<tr>\n<td class=\"strong-title \">F\u00e4rg<\/td>\n<td class=\"inline\">Moonlight Silver, Space Gray, Midnight Black, Lake Green, Iris Purple, Ocean Flame<\/td>\n<\/tr>\n<\/tbody>\n<\/table>\n<div class=\"shop-features \">\n<h2 class=\"shop-features-title \"><a href=\"https:\/\/justvape.nu\/wp-content\/uploads\/2018\/05\/Features.png\"><img loading=\"lazy\" decoding=\"async\" class=\"alignnone size-full wp-image-18994\" src=\"https:\/\/justvape.nu\/wp-content\/uploads\/2018\/05\/Features.png\" alt=\"\" width=\"950\" height=\"64\" title=\"\" srcset=\"https:\/\/justvape.nu\/wp-content\/uploads\/2018\/05\/Features.png 950w, https:\/\/justvape.nu\/wp-content\/uploads\/2018\/05\/Features-555x37.png 555w, https:\/\/justvape.nu\/wp-content\/uploads\/2018\/05\/Features-64x4.png 64w, https:\/\/justvape.nu\/wp-content\/uploads\/2018\/05\/Features-300x20.png 300w, https:\/\/justvape.nu\/wp-content\/uploads\/2018\/05\/Features-768x52.png 768w\" sizes=\"auto, (max-width: 950px) 100vw, 950px\" \/><\/a><\/h2>\n<\/div>\n<ul>\n<li style=\"list-style-type: none;\">\n<ul>\n<li>1. Elegant utseende med fint laserm\u00f6nster<\/li>\n<li>2. Animation av logotypens form med ljus<\/li>\n<li>3. Ritningsaktiverad design<\/li>\n<li>4. Kompatibel med Caliburn A3 Pod<\/li>\n<li>5. Fast magnetisk pod-anslutning<\/li>\n<li>6. Transparent pod, stort f\u00f6nster f\u00f6r e-juice<\/li>\n<li>7. 2A snabbladdning<\/li>\n<li>8. Pro-FOCS teknik f\u00f6r justering av smak<\/li>\n<li>9. System f\u00f6r sidofyllning<\/li>\n<\/ul>\n<\/li>\n<\/ul>\n<div class=\"img-show-more\">\n<div id=\"img_content_less\" class=\"img-content add-more\">\n<p class=\"description-img-center\"><a href=\"https:\/\/justvape.nu\/wp-content\/uploads\/2023\/05\/Uwell_Caliburn_A3S_Kit_Fast_Charging.jpg\"><img loading=\"lazy\" decoding=\"async\" class=\"alignnone size-full wp-image-593854\" src=\"https:\/\/justvape.nu\/wp-content\/uploads\/2023\/05\/Uwell_Caliburn_A3S_Kit_Fast_Charging.jpg\" alt=\"\" width=\"831\" height=\"475\" title=\"\" srcset=\"https:\/\/justvape.nu\/wp-content\/uploads\/2023\/05\/Uwell_Caliburn_A3S_Kit_Fast_Charging.jpg 831w, https:\/\/justvape.nu\/wp-content\/uploads\/2023\/05\/Uwell_Caliburn_A3S_Kit_Fast_Charging-600x343.jpg 600w, https:\/\/justvape.nu\/wp-content\/uploads\/2023\/05\/Uwell_Caliburn_A3S_Kit_Fast_Charging-64x37.jpg 64w, https:\/\/justvape.nu\/wp-content\/uploads\/2023\/05\/Uwell_Caliburn_A3S_Kit_Fast_Charging-300x171.jpg 300w, https:\/\/justvape.nu\/wp-content\/uploads\/2023\/05\/Uwell_Caliburn_A3S_Kit_Fast_Charging-768x439.jpg 768w\" sizes=\"auto, (max-width: 831px) 100vw, 831px\" \/><\/a> <a href=\"https:\/\/justvape.nu\/wp-content\/uploads\/2023\/05\/Uwell_Caliburn_A3S_Kit_Draw_to_Vape.jpg\"><img loading=\"lazy\" decoding=\"async\" class=\"alignnone size-full wp-image-593862\" src=\"https:\/\/justvape.nu\/wp-content\/uploads\/2023\/05\/Uwell_Caliburn_A3S_Kit_Draw_to_Vape.jpg\" alt=\"\" width=\"831\" height=\"545\" title=\"\" srcset=\"https:\/\/justvape.nu\/wp-content\/uploads\/2023\/05\/Uwell_Caliburn_A3S_Kit_Draw_to_Vape.jpg 831w, https:\/\/justvape.nu\/wp-content\/uploads\/2023\/05\/Uwell_Caliburn_A3S_Kit_Draw_to_Vape-600x394.jpg 600w, https:\/\/justvape.nu\/wp-content\/uploads\/2023\/05\/Uwell_Caliburn_A3S_Kit_Draw_to_Vape-64x42.jpg 64w, https:\/\/justvape.nu\/wp-content\/uploads\/2023\/05\/Uwell_Caliburn_A3S_Kit_Draw_to_Vape-300x197.jpg 300w, https:\/\/justvape.nu\/wp-content\/uploads\/2023\/05\/Uwell_Caliburn_A3S_Kit_Draw_to_Vape-768x504.jpg 768w\" sizes=\"auto, (max-width: 831px) 100vw, 831px\" \/><\/a> <a href=\"https:\/\/justvape.nu\/wp-content\/uploads\/2023\/05\/Uwell_Caliburn_A3S_Kit_Compatible_with_A3_Pod.jpg\"><img loading=\"lazy\" decoding=\"async\" class=\"alignnone size-full wp-image-593870\" src=\"https:\/\/justvape.nu\/wp-content\/uploads\/2023\/05\/Uwell_Caliburn_A3S_Kit_Compatible_with_A3_Pod.jpg\" alt=\"\" width=\"831\" height=\"549\" title=\"\" srcset=\"https:\/\/justvape.nu\/wp-content\/uploads\/2023\/05\/Uwell_Caliburn_A3S_Kit_Compatible_with_A3_Pod.jpg 831w, https:\/\/justvape.nu\/wp-content\/uploads\/2023\/05\/Uwell_Caliburn_A3S_Kit_Compatible_with_A3_Pod-600x396.jpg 600w, https:\/\/justvape.nu\/wp-content\/uploads\/2023\/05\/Uwell_Caliburn_A3S_Kit_Compatible_with_A3_Pod-64x42.jpg 64w, https:\/\/justvape.nu\/wp-content\/uploads\/2023\/05\/Uwell_Caliburn_A3S_Kit_Compatible_with_A3_Pod-300x198.jpg 300w, https:\/\/justvape.nu\/wp-content\/uploads\/2023\/05\/Uwell_Caliburn_A3S_Kit_Compatible_with_A3_Pod-768x507.jpg 768w\" sizes=\"auto, (max-width: 831px) 100vw, 831px\" \/><\/a><\/p>\n<p class=\"description-img-center\">\n<\/div>\n<\/div>\n<div class=\"shop-features \">\n<h2 class=\"shop-features-title \"><a href=\"https:\/\/justvape.nu\/wp-content\/uploads\/2018\/04\/Packing-List.png\"><img loading=\"lazy\" decoding=\"async\" class=\"alignnone size-full wp-image-18999\" src=\"https:\/\/justvape.nu\/wp-content\/uploads\/2018\/04\/Packing-List.png\" alt=\"\" width=\"950\" height=\"64\" title=\"\" srcset=\"https:\/\/justvape.nu\/wp-content\/uploads\/2018\/04\/Packing-List.png 950w, https:\/\/justvape.nu\/wp-content\/uploads\/2018\/04\/Packing-List-555x37.png 555w, https:\/\/justvape.nu\/wp-content\/uploads\/2018\/04\/Packing-List-64x4.png 64w, https:\/\/justvape.nu\/wp-content\/uploads\/2018\/04\/Packing-List-300x20.png 300w, https:\/\/justvape.nu\/wp-content\/uploads\/2018\/04\/Packing-List-768x52.png 768w\" sizes=\"auto, (max-width: 950px) 100vw, 950px\" \/><\/a><\/h2>\n<\/div>\n<p>1* Caliburn A3S-enhet<br \/>\n1* 0.8ohm Caliburn A3S Refillable Pod (f\u00f6rinstallerad)<br \/>\n1* 1.0ohm Caliburn A3S p\u00e5fyllningsbar pod (reserv)<br \/>\n1 * Anv\u00e4ndarmanual<\/p>\n<p class=\"description-img-center \"><a href=\"https:\/\/justvape.nu\/wp-content\/uploads\/2023\/05\/Uwell_Caliburn_A3S_Kit_Packing_List.jpg\"><img loading=\"lazy\" decoding=\"async\" class=\"alignnone size-full wp-image-593878\" src=\"https:\/\/justvape.nu\/wp-content\/uploads\/2023\/05\/Uwell_Caliburn_A3S_Kit_Packing_List.jpg\" alt=\"\" width=\"831\" height=\"434\" title=\"\" srcset=\"https:\/\/justvape.nu\/wp-content\/uploads\/2023\/05\/Uwell_Caliburn_A3S_Kit_Packing_List.jpg 831w, https:\/\/justvape.nu\/wp-content\/uploads\/2023\/05\/Uwell_Caliburn_A3S_Kit_Packing_List-600x313.jpg 600w, https:\/\/justvape.nu\/wp-content\/uploads\/2023\/05\/Uwell_Caliburn_A3S_Kit_Packing_List-64x33.jpg 64w, https:\/\/justvape.nu\/wp-content\/uploads\/2023\/05\/Uwell_Caliburn_A3S_Kit_Packing_List-300x157.jpg 300w, https:\/\/justvape.nu\/wp-content\/uploads\/2023\/05\/Uwell_Caliburn_A3S_Kit_Packing_List-768x401.jpg 768w\" sizes=\"auto, (max-width: 831px) 100vw, 831px\" \/><\/a><\/p>\n","protected":false},"excerpt":{"rendered":"<p>UWELL &#8211; CALIBURN A3S POD SYSTEM<\/p>\n","protected":false},"featured_media":593901,"comment_status":"open","ping_status":"closed","template":"","meta":{"_acf_changed":false,"_uag_custom_page_level_css":"","site-sidebar-layout":"default","site-content-layout":"default","ast-site-content-layout":"default","site-content-style":"default","site-sidebar-style":"default","ast-global-header-display":"","ast-banner-title-visibility":"","ast-main-header-display":"","ast-hfb-above-header-display":"","ast-hfb-below-header-display":"","ast-hfb-mobile-header-display":"","site-post-title":"","ast-breadcrumbs-content":"","ast-featured-img":"","footer-sml-layout":"","ast-disable-related-posts":"","theme-transparent-header-meta":"default","adv-header-id-meta":"","stick-header-meta":"default","header-above-stick-meta":"","header-main-stick-meta":"","header-below-stick-meta":"","astra-migrate-meta-layouts":"default","ast-page-background-enabled":"default","ast-page-background-meta":{"desktop":{"background-color":"","background-image":"","background-repeat":"repeat","background-position":"center center","background-size":"auto","background-attachment":"scroll","background-type":"","background-media":"","overlay-type":"","overlay-color":"","overlay-opacity":"","overlay-gradient":""},"tablet":{"background-color":"","background-image":"","background-repeat":"repeat","background-position":"center center","background-size":"auto","background-attachment":"scroll","background-type":"","background-media":"","overlay-type":"","overlay-color":"","overlay-opacity":"","overlay-gradient":""},"mobile":{"background-color":"","background-image":"","background-repeat":"repeat","background-position":"center center","background-size":"auto","background-attachment":"scroll","background-type":"","background-media":"","overlay-type":"","overlay-color":"","overlay-opacity":"","overlay-gradient":""}},"ast-content-background-meta":{"desktop":{"background-color":"var(--ast-global-color-5)","background-image":"","background-repeat":"repeat","background-position":"center center","background-size":"auto","background-attachment":"scroll","background-type":"","background-media":"","overlay-type":"","overlay-color":"","overlay-opacity":"","overlay-gradient":""},"tablet":{"background-color":"var(--ast-global-color-5)","background-image":"","background-repeat":"repeat","background-position":"center center","background-size":"auto","background-attachment":"scroll","background-type":"","background-media":"","overlay-type":"","overlay-color":"","overlay-opacity":"","overlay-gradient":""},"mobile":{"background-color":"var(--ast-global-color-5)","background-image":"","background-repeat":"repeat","background-position":"center center","background-size":"auto","background-attachment":"scroll","background-type":"","background-media":"","overlay-type":"","overlay-color":"","overlay-opacity":"","overlay-gradient":""}}},"product_brand":[],"product_cat":[2074,2532,2084,2533,3436],"product_tag":[],"class_list":{"0":"post-594019","1":"product","2":"type-product","3":"status-publish","4":"has-post-thumbnail","6":"product_cat-e-cigaretter-sv","7":"product_cat-hardware-sv","8":"product_cat-nyborjarsatser-pods","9":"product_cat-shop-by-brand-sv","10":"product_cat-uwell-sv","11":"desktop-align-center","12":"tablet-align-center","13":"mobile-align-center","14":"ast-product-gallery-layout-horizontal-slider","15":"ast-product-single-variable","16":"ast-product-tabs-layout-horizontal","18":"first","19":"instock","20":"sale","21":"taxable","22":"shipping-taxable","23":"purchasable","24":"product-type-variable"},"acf":[],"uagb_featured_image_src":{"full":["https:\/\/justvape.nu\/wp-content\/uploads\/2023\/05\/r4oSyaxo.jpeg",600,600,false],"thumbnail":["https:\/\/justvape.nu\/wp-content\/uploads\/2023\/05\/r4oSyaxo-150x150.jpeg",150,150,true],"medium":["https:\/\/justvape.nu\/wp-content\/uploads\/2023\/05\/r4oSyaxo-300x300.jpeg",300,300,true],"medium_large":["https:\/\/justvape.nu\/wp-content\/uploads\/2023\/05\/r4oSyaxo.jpeg",600,600,false],"large":["https:\/\/justvape.nu\/wp-content\/uploads\/2023\/05\/r4oSyaxo.jpeg",600,600,false],"1536x1536":["https:\/\/justvape.nu\/wp-content\/uploads\/2023\/05\/r4oSyaxo.jpeg",600,600,false],"2048x2048":["https:\/\/justvape.nu\/wp-content\/uploads\/2023\/05\/r4oSyaxo.jpeg",600,600,false],"woocommerce_thumbnail":["https:\/\/justvape.nu\/wp-content\/uploads\/2023\/05\/r4oSyaxo-300x300.jpeg",300,300,true],"woocommerce_single":["https:\/\/justvape.nu\/wp-content\/uploads\/2023\/05\/r4oSyaxo.jpeg",600,600,false],"woocommerce_gallery_thumbnail":["https:\/\/justvape.nu\/wp-content\/uploads\/2023\/05\/r4oSyaxo-100x100.jpeg",100,100,true],"dgwt-wcas-product-suggestion":["https:\/\/justvape.nu\/wp-content\/uploads\/2023\/05\/r4oSyaxo-64x64.jpeg",64,64,true]},"uagb_author_info":{"display_name":"Kenneth Merkur","author_link":"https:\/\/justvape.nu\/sv\/author\/"},"uagb_comment_info":0,"uagb_excerpt":"UWELL - CALIBURN A3S POD SYSTEM","_links":{"self":[{"href":"https:\/\/justvape.nu\/sv\/wp-json\/wp\/v2\/product\/594019","targetHints":{"allow":["GET"]}}],"collection":[{"href":"https:\/\/justvape.nu\/sv\/wp-json\/wp\/v2\/product"}],"about":[{"href":"https:\/\/justvape.nu\/sv\/wp-json\/wp\/v2\/types\/product"}],"replies":[{"embeddable":true,"href":"https:\/\/justvape.nu\/sv\/wp-json\/wp\/v2\/comments?post=594019"}],"wp:featuredmedia":[{"embeddable":true,"href":"https:\/\/justvape.nu\/sv\/wp-json\/wp\/v2\/media\/593901"}],"wp:attachment":[{"href":"https:\/\/justvape.nu\/sv\/wp-json\/wp\/v2\/media?parent=594019"}],"wp:term":[{"taxonomy":"product_brand","embeddable":true,"href":"https:\/\/justvape.nu\/sv\/wp-json\/wp\/v2\/product_brand?post=594019"},{"taxonomy":"product_cat","embeddable":true,"href":"https:\/\/justvape.nu\/sv\/wp-json\/wp\/v2\/product_cat?post=594019"},{"taxonomy":"product_tag","embeddable":true,"href":"https:\/\/justvape.nu\/sv\/wp-json\/wp\/v2\/product_tag?post=594019"}],"curies":[{"name":"wp","href":"https:\/\/api.w.org\/{rel}","templated":true}]}}