{"id":588788,"date":"2023-05-03T13:09:31","date_gmt":"2023-05-03T11:09:31","guid":{"rendered":"https:\/\/justvape.nu\/produkt\/voopoo-argus-pod-se-kit\/"},"modified":"2024-03-19T21:53:36","modified_gmt":"2024-03-19T20:53:36","slug":"voopoo-argus-pod-se-kit","status":"publish","type":"product","link":"https:\/\/justvape.nu\/sv\/produkt\/voopoo-argus-pod-se-kit\/","title":{"rendered":"VOOPOO &#8211; ARGUS POD SE KIT"},"content":{"rendered":"<h2>VOOPOO &#8211; ARGUS POD SE KIT<\/h2>\n<p>Argus Pod SE \u00e4r ett nyb\u00f6rjarv\u00e4nligt podkit som \u00e4r utformat f\u00f6r MTL-bruk (Mouth To Lung). Det inbyggda 800mAh-batteriet kan ge upp till en hel dags r\u00f6kning med en enda laddning och ger en effekt p\u00e5 upp till 18W. F\u00f6r att komma ig\u00e5ng hittar du tv\u00e5 2 ml Argus-poddar med inbyggda spolar i l\u00e5dan. Enhetens kompakta form och storlek g\u00f6r den till ett idealiskt kit f\u00f6r r\u00f6kning p\u00e5 spr\u00e5ng.<\/p>\n<p><a href=\"https:\/\/justvape.nu\/wp-content\/uploads\/2018\/05\/Color-Schemes.png\"><img loading=\"lazy\" decoding=\"async\" class=\"alignnone size-full wp-image-249099\" src=\"https:\/\/justvape.nu\/wp-content\/uploads\/2018\/05\/Color-Schemes.png\" alt=\"\" width=\"950\" height=\"64\" title=\"\" srcset=\"https:\/\/justvape.nu\/wp-content\/uploads\/2018\/05\/Color-Schemes.png 950w, https:\/\/justvape.nu\/wp-content\/uploads\/2018\/05\/Color-Schemes-600x40.png 600w, https:\/\/justvape.nu\/wp-content\/uploads\/2018\/05\/Color-Schemes-64x4.png 64w, https:\/\/justvape.nu\/wp-content\/uploads\/2018\/05\/Color-Schemes-300x20.png 300w, https:\/\/justvape.nu\/wp-content\/uploads\/2018\/05\/Color-Schemes-768x52.png 768w\" sizes=\"auto, (max-width: 950px) 100vw, 950px\" \/><\/a><\/p>\n<p class=\"description-img-center\"><a href=\"https:\/\/justvape.nu\/wp-content\/uploads\/2023\/05\/VOOPOO_Argus_Pod_SE_Kit_Colors.jpg\"><img loading=\"lazy\" decoding=\"async\" class=\"alignnone wp-image-588512\" src=\"https:\/\/justvape.nu\/wp-content\/uploads\/2023\/05\/VOOPOO_Argus_Pod_SE_Kit_Colors.jpg\" alt=\"\" width=\"935\" height=\"525\" title=\"\" srcset=\"https:\/\/justvape.nu\/wp-content\/uploads\/2023\/05\/VOOPOO_Argus_Pod_SE_Kit_Colors.jpg 734w, https:\/\/justvape.nu\/wp-content\/uploads\/2023\/05\/VOOPOO_Argus_Pod_SE_Kit_Colors-600x337.jpg 600w, https:\/\/justvape.nu\/wp-content\/uploads\/2023\/05\/VOOPOO_Argus_Pod_SE_Kit_Colors-64x36.jpg 64w, https:\/\/justvape.nu\/wp-content\/uploads\/2023\/05\/VOOPOO_Argus_Pod_SE_Kit_Colors-300x168.jpg 300w\" sizes=\"auto, (max-width: 935px) 100vw, 935px\" \/><\/a><\/p>\n<div class=\"shop-features \">\n<h2 class=\"shop-features-title \"><a href=\"https:\/\/justvape.nu\/wp-content\/uploads\/2018\/05\/Specifications.png\"><img loading=\"lazy\" decoding=\"async\" class=\"alignnone size-full wp-image-248449\" src=\"https:\/\/justvape.nu\/wp-content\/uploads\/2018\/05\/Specifications.png\" alt=\"\" width=\"950\" height=\"64\" title=\"\" srcset=\"https:\/\/justvape.nu\/wp-content\/uploads\/2018\/05\/Specifications.png 950w, https:\/\/justvape.nu\/wp-content\/uploads\/2018\/05\/Specifications-600x40.png 600w, https:\/\/justvape.nu\/wp-content\/uploads\/2018\/05\/Specifications-64x4.png 64w, https:\/\/justvape.nu\/wp-content\/uploads\/2018\/05\/Specifications-300x20.png 300w, https:\/\/justvape.nu\/wp-content\/uploads\/2018\/05\/Specifications-768x52.png 768w\" sizes=\"auto, (max-width: 950px) 100vw, 950px\" \/><\/a><\/h2>\n<\/div>\n<table class=\"description-table\">\n<tbody>\n<tr>\n<td class=\"strong-title \">varum\u00e4rke<\/td>\n<td class=\"inline\">VOOPOO<\/td>\n<\/tr>\n<tr>\n<td class=\"strong-title \">produktnamn<\/td>\n<td class=\"inline\">Argus Pod SE-kit<\/td>\n<\/tr>\n<tr>\n<td class=\"strong-title \">Batterikapacitet<\/td>\n<td class=\"inline\">Inbyggt batteri p\u00e5 800 mAh<\/td>\n<\/tr>\n<tr>\n<td class=\"strong-title \">Maximal kraft<\/td>\n<td class=\"inline\">18W<\/td>\n<\/tr>\n<tr>\n<td class=\"strong-title \">Utsp\u00e4nning<\/td>\n<td class=\"inline\">3,2V-4,2V<\/td>\n<\/tr>\n<tr>\n<td class=\"strong-title \">Laddning<\/td>\n<td class=\"inline\">5V\/1A Typ-C<\/td>\n<\/tr>\n<tr>\n<td class=\"strong-title \">St\u00f6djande motst\u00e5nd V\u00e4rde<\/td>\n<td class=\"inline\">0,5\u03a9-3,0\u03a9<\/td>\n<\/tr>\n<tr>\n<td class=\"strong-title \">Luftfl\u00f6de<\/td>\n<td class=\"inline\">Justerbart luftfl\u00f6de<\/td>\n<\/tr>\n<tr>\n<td class=\"strong-title \">Specifikation f\u00f6r pods<\/td>\n<td class=\"inline\">VOOPOO Argus 0.7\u03a9\/1.2\u03a9 Pod Cartridge<\/td>\n<\/tr>\n<tr>\n<td class=\"strong-title \">Kapacitet kapacitet<\/td>\n<td class=\"inline\">2 ml<\/td>\n<\/tr>\n<tr>\n<td class=\"strong-title \">Fyllning<\/td>\n<td class=\"inline\">Sidofyllning<\/td>\n<\/tr>\n<tr>\n<td class=\"strong-title \">Passar f\u00f6r<\/td>\n<td class=\"inline\">Argus Pod Cartridge, Argus Empty Cartridge, ITO Coil<\/td>\n<\/tr>\n<tr>\n<td class=\"strong-title \">F\u00e4rg<\/td>\n<td class=\"inline\">Svart, brunt, r\u00f6tt, orange, bl\u00e5tt och bl\u00e5tt<\/td>\n<\/tr>\n<tr>\n<td class=\"strong-title \">Produktstorlek<\/td>\n<td class=\"inline\">93,2*26,1*13,8 mm<\/td>\n<\/tr>\n<tr>\n<td class=\"strong-title \">F\u00f6rpackningsstorlek<\/td>\n<td class=\"inline\">103*103*44mm<\/td>\n<\/tr>\n<tr>\n<td class=\"strong-title \"><\/td>\n<td class=\"inline\"><\/td>\n<\/tr>\n<\/tbody>\n<\/table>\n<div class=\"shop-features \">\n<h2 class=\"shop-features-title \"><a href=\"https:\/\/justvape.nu\/wp-content\/uploads\/2018\/05\/Features.png\"><img loading=\"lazy\" decoding=\"async\" class=\"alignnone size-full wp-image-18994\" src=\"https:\/\/justvape.nu\/wp-content\/uploads\/2018\/05\/Features.png\" alt=\"\" width=\"950\" height=\"64\" title=\"\" srcset=\"https:\/\/justvape.nu\/wp-content\/uploads\/2018\/05\/Features.png 950w, https:\/\/justvape.nu\/wp-content\/uploads\/2018\/05\/Features-555x37.png 555w, https:\/\/justvape.nu\/wp-content\/uploads\/2018\/05\/Features-64x4.png 64w, https:\/\/justvape.nu\/wp-content\/uploads\/2018\/05\/Features-300x20.png 300w, https:\/\/justvape.nu\/wp-content\/uploads\/2018\/05\/Features-768x52.png 768w\" sizes=\"auto, (max-width: 950px) 100vw, 950px\" \/><\/a><\/h2>\n<\/div>\n<ul>\n<li style=\"list-style-type: none;\">\n<ul>\n<li>1. Inbyggt 800mAh-batteri med 18W max.<\/li>\n<li>2. St\u00f6der 5V\/1A Typ-C-laddning<\/li>\n<li>3. GENE.AI 1.2 Chip f\u00f6r den intelligenta str\u00f6mbrytaren<\/li>\n<li>4. LED-indikator f\u00f6r att visa batteriets livsl\u00e4ngd<\/li>\n<li>5. Automatisk ritning f\u00f6r enkel anv\u00e4ndning<\/li>\n<li>6. S\u00e4kerhetsskydd f\u00f6r s\u00e4ker anv\u00e4ndning<\/li>\n<li>7. Anv\u00e4nder VOOPOO ITO atomiseringsteknik<\/li>\n<li>8. Utformad med en justerbar luftfl\u00f6desbrytare<\/li>\n<li>9. Luftv\u00e4gsintag med fyra h\u00e5l f\u00f6r en mjuk och j\u00e4mn smak.<\/li>\n<li>10. 2 ml kapacitet, enkelt sidofyllningssystem<\/li>\n<li>11. Utrustad med Argus 0.7\u03a9\/1.2\u03a9 patron<\/li>\n<li>12. Osynlig magnetisk anslutning<\/li>\n<li>13. Ergonomiskt munstycke som passar perfekt f\u00f6r din lyftning.<\/li>\n<li>14. Snygg design och briljant utseende<\/li>\n<\/ul>\n<\/li>\n<\/ul>\n<div class=\"img-show-more\">\n<div id=\"img_content_less\" class=\"img-content add-more\">\n<p class=\"description-img-center\"><a href=\"https:\/\/justvape.nu\/wp-content\/uploads\/2023\/05\/VOOPOO_Argus_Pod_SE_Kit.jpg\"><img loading=\"lazy\" decoding=\"async\" class=\"alignnone size-full wp-image-588521\" src=\"https:\/\/justvape.nu\/wp-content\/uploads\/2023\/05\/VOOPOO_Argus_Pod_SE_Kit.jpg\" alt=\"\" width=\"831\" height=\"506\" title=\"\" srcset=\"https:\/\/justvape.nu\/wp-content\/uploads\/2023\/05\/VOOPOO_Argus_Pod_SE_Kit.jpg 831w, https:\/\/justvape.nu\/wp-content\/uploads\/2023\/05\/VOOPOO_Argus_Pod_SE_Kit-600x365.jpg 600w, https:\/\/justvape.nu\/wp-content\/uploads\/2023\/05\/VOOPOO_Argus_Pod_SE_Kit-64x39.jpg 64w, https:\/\/justvape.nu\/wp-content\/uploads\/2023\/05\/VOOPOO_Argus_Pod_SE_Kit-300x183.jpg 300w, https:\/\/justvape.nu\/wp-content\/uploads\/2023\/05\/VOOPOO_Argus_Pod_SE_Kit-768x468.jpg 768w\" sizes=\"auto, (max-width: 831px) 100vw, 831px\" \/><\/a> <a href=\"https:\/\/justvape.nu\/wp-content\/uploads\/2023\/05\/VOOPOO_Argus_Pod_SE_Kit_Features.jpg\"><img loading=\"lazy\" decoding=\"async\" class=\"alignnone size-full wp-image-588529\" src=\"https:\/\/justvape.nu\/wp-content\/uploads\/2023\/05\/VOOPOO_Argus_Pod_SE_Kit_Features.jpg\" alt=\"\" width=\"831\" height=\"689\" title=\"\" srcset=\"https:\/\/justvape.nu\/wp-content\/uploads\/2023\/05\/VOOPOO_Argus_Pod_SE_Kit_Features.jpg 831w, https:\/\/justvape.nu\/wp-content\/uploads\/2023\/05\/VOOPOO_Argus_Pod_SE_Kit_Features-600x497.jpg 600w, https:\/\/justvape.nu\/wp-content\/uploads\/2023\/05\/VOOPOO_Argus_Pod_SE_Kit_Features-64x53.jpg 64w, https:\/\/justvape.nu\/wp-content\/uploads\/2023\/05\/VOOPOO_Argus_Pod_SE_Kit_Features-300x249.jpg 300w, https:\/\/justvape.nu\/wp-content\/uploads\/2023\/05\/VOOPOO_Argus_Pod_SE_Kit_Features-768x637.jpg 768w\" sizes=\"auto, (max-width: 831px) 100vw, 831px\" \/><\/a> <a href=\"https:\/\/justvape.nu\/wp-content\/uploads\/2023\/05\/VOOPOO_Argus_Pod_SE_Kit_Description.jpg\"><img loading=\"lazy\" decoding=\"async\" class=\"alignnone size-full wp-image-588537\" src=\"https:\/\/justvape.nu\/wp-content\/uploads\/2023\/05\/VOOPOO_Argus_Pod_SE_Kit_Description.jpg\" alt=\"\" width=\"831\" height=\"504\" title=\"\" srcset=\"https:\/\/justvape.nu\/wp-content\/uploads\/2023\/05\/VOOPOO_Argus_Pod_SE_Kit_Description.jpg 831w, https:\/\/justvape.nu\/wp-content\/uploads\/2023\/05\/VOOPOO_Argus_Pod_SE_Kit_Description-600x364.jpg 600w, https:\/\/justvape.nu\/wp-content\/uploads\/2023\/05\/VOOPOO_Argus_Pod_SE_Kit_Description-64x39.jpg 64w, https:\/\/justvape.nu\/wp-content\/uploads\/2023\/05\/VOOPOO_Argus_Pod_SE_Kit_Description-300x182.jpg 300w, https:\/\/justvape.nu\/wp-content\/uploads\/2023\/05\/VOOPOO_Argus_Pod_SE_Kit_Description-768x466.jpg 768w\" sizes=\"auto, (max-width: 831px) 100vw, 831px\" \/><\/a><\/p>\n<\/div>\n<\/div>\n<div class=\"shop-features \">\n<h2 class=\"shop-features-title \"><a href=\"https:\/\/justvape.nu\/wp-content\/uploads\/2018\/04\/Packing-List.png\"><img loading=\"lazy\" decoding=\"async\" class=\"alignnone size-full wp-image-18999\" src=\"https:\/\/justvape.nu\/wp-content\/uploads\/2018\/04\/Packing-List.png\" alt=\"\" width=\"950\" height=\"64\" title=\"\" srcset=\"https:\/\/justvape.nu\/wp-content\/uploads\/2018\/04\/Packing-List.png 950w, https:\/\/justvape.nu\/wp-content\/uploads\/2018\/04\/Packing-List-555x37.png 555w, https:\/\/justvape.nu\/wp-content\/uploads\/2018\/04\/Packing-List-64x4.png 64w, https:\/\/justvape.nu\/wp-content\/uploads\/2018\/04\/Packing-List-300x20.png 300w, https:\/\/justvape.nu\/wp-content\/uploads\/2018\/04\/Packing-List-768x52.png 768w\" sizes=\"auto, (max-width: 950px) 100vw, 950px\" \/><\/a><\/h2>\n<\/div>\n<p>1* VOOPOO Argus Pod SE-enhet<br \/>\n1* VOOPOO Argus Pod Cartridge (0.7\u03a9)<br \/>\n1* VOOPOO Argus Pod Cartridge (1.2\u03a9)<br \/>\n1 * Type-C-kabel<br \/>\n1 * Anv\u00e4ndarmanual<\/p>\n<p class=\"description-img-center \"><a href=\"https:\/\/justvape.nu\/wp-content\/uploads\/2023\/05\/VOOPOO_Argus_Pod_SE_Kit_Package.jpg\"><img loading=\"lazy\" decoding=\"async\" class=\"alignnone size-full wp-image-588545\" src=\"https:\/\/justvape.nu\/wp-content\/uploads\/2023\/05\/VOOPOO_Argus_Pod_SE_Kit_Package.jpg\" alt=\"\" width=\"831\" height=\"486\" title=\"\" srcset=\"https:\/\/justvape.nu\/wp-content\/uploads\/2023\/05\/VOOPOO_Argus_Pod_SE_Kit_Package.jpg 831w, https:\/\/justvape.nu\/wp-content\/uploads\/2023\/05\/VOOPOO_Argus_Pod_SE_Kit_Package-600x351.jpg 600w, https:\/\/justvape.nu\/wp-content\/uploads\/2023\/05\/VOOPOO_Argus_Pod_SE_Kit_Package-64x37.jpg 64w, https:\/\/justvape.nu\/wp-content\/uploads\/2023\/05\/VOOPOO_Argus_Pod_SE_Kit_Package-300x175.jpg 300w, https:\/\/justvape.nu\/wp-content\/uploads\/2023\/05\/VOOPOO_Argus_Pod_SE_Kit_Package-768x449.jpg 768w\" sizes=\"auto, (max-width: 831px) 100vw, 831px\" \/><\/a><\/p>\n","protected":false},"excerpt":{"rendered":"<p>VOOPOO &#8211; ARGUS POD SE KIT<\/p>\n","protected":false},"featured_media":588567,"comment_status":"open","ping_status":"closed","template":"","meta":{"_acf_changed":false,"_uag_custom_page_level_css":"","site-sidebar-layout":"default","site-content-layout":"default","ast-site-content-layout":"default","site-content-style":"default","site-sidebar-style":"default","ast-global-header-display":"","ast-banner-title-visibility":"","ast-main-header-display":"","ast-hfb-above-header-display":"","ast-hfb-below-header-display":"","ast-hfb-mobile-header-display":"","site-post-title":"","ast-breadcrumbs-content":"","ast-featured-img":"","footer-sml-layout":"","ast-disable-related-posts":"","theme-transparent-header-meta":"default","adv-header-id-meta":"","stick-header-meta":"default","header-above-stick-meta":"","header-main-stick-meta":"","header-below-stick-meta":"","astra-migrate-meta-layouts":"default","ast-page-background-enabled":"default","ast-page-background-meta":{"desktop":{"background-color":"","background-image":"","background-repeat":"repeat","background-position":"center center","background-size":"auto","background-attachment":"scroll","background-type":"","background-media":"","overlay-type":"","overlay-color":"","overlay-opacity":"","overlay-gradient":""},"tablet":{"background-color":"","background-image":"","background-repeat":"repeat","background-position":"center center","background-size":"auto","background-attachment":"scroll","background-type":"","background-media":"","overlay-type":"","overlay-color":"","overlay-opacity":"","overlay-gradient":""},"mobile":{"background-color":"","background-image":"","background-repeat":"repeat","background-position":"center center","background-size":"auto","background-attachment":"scroll","background-type":"","background-media":"","overlay-type":"","overlay-color":"","overlay-opacity":"","overlay-gradient":""}},"ast-content-background-meta":{"desktop":{"background-color":"var(--ast-global-color-5)","background-image":"","background-repeat":"repeat","background-position":"center center","background-size":"auto","background-attachment":"scroll","background-type":"","background-media":"","overlay-type":"","overlay-color":"","overlay-opacity":"","overlay-gradient":""},"tablet":{"background-color":"var(--ast-global-color-5)","background-image":"","background-repeat":"repeat","background-position":"center center","background-size":"auto","background-attachment":"scroll","background-type":"","background-media":"","overlay-type":"","overlay-color":"","overlay-opacity":"","overlay-gradient":""},"mobile":{"background-color":"var(--ast-global-color-5)","background-image":"","background-repeat":"repeat","background-position":"center center","background-size":"auto","background-attachment":"scroll","background-type":"","background-media":"","overlay-type":"","overlay-color":"","overlay-opacity":"","overlay-gradient":""}}},"product_brand":[],"product_cat":[2074,2532,2084,2533,2534],"product_tag":[],"class_list":{"0":"post-588788","1":"product","2":"type-product","3":"status-publish","4":"has-post-thumbnail","6":"product_cat-e-cigaretter-sv","7":"product_cat-hardware-sv","8":"product_cat-nyborjarsatser-pods","9":"product_cat-shop-by-brand-sv","10":"product_cat-voopoo-sv","11":"desktop-align-center","12":"tablet-align-center","13":"mobile-align-center","14":"ast-product-gallery-layout-horizontal-slider","15":"ast-product-gallery-with-no-image","16":"ast-product-single-variable","17":"ast-product-tabs-layout-horizontal","19":"first","20":"instock","21":"sale","22":"taxable","23":"shipping-taxable","24":"purchasable","25":"product-type-variable"},"acf":[],"uagb_featured_image_src":{"full":["https:\/\/justvape.nu\/wp-content\/uploads\/2023\/05\/Unavngivet-e1683112722571.jpg",800,800,false],"thumbnail":["https:\/\/justvape.nu\/wp-content\/uploads\/2023\/05\/Unavngivet-150x150.jpg",150,150,true],"medium":["https:\/\/justvape.nu\/wp-content\/uploads\/2023\/05\/Unavngivet-300x300.jpg",300,300,true],"medium_large":["https:\/\/justvape.nu\/wp-content\/uploads\/2023\/05\/Unavngivet-768x768.jpg",768,768,true],"large":["https:\/\/justvape.nu\/wp-content\/uploads\/2023\/05\/Unavngivet-1024x1024.jpg",1024,1024,true],"1536x1536":["https:\/\/justvape.nu\/wp-content\/uploads\/2023\/05\/Unavngivet-e1683112722571.jpg",800,800,false],"2048x2048":["https:\/\/justvape.nu\/wp-content\/uploads\/2023\/05\/Unavngivet-e1683112722571.jpg",800,800,false],"woocommerce_thumbnail":["https:\/\/justvape.nu\/wp-content\/uploads\/2023\/05\/Unavngivet-e1683112722571-300x300.jpg",300,300,true],"woocommerce_single":["https:\/\/justvape.nu\/wp-content\/uploads\/2023\/05\/Unavngivet-e1683112722571-600x600.jpg",600,600,true],"woocommerce_gallery_thumbnail":["https:\/\/justvape.nu\/wp-content\/uploads\/2023\/05\/Unavngivet-e1683112722571-100x100.jpg",100,100,true],"dgwt-wcas-product-suggestion":["https:\/\/justvape.nu\/wp-content\/uploads\/2023\/05\/Unavngivet-e1683112722571-64x64.jpg",64,64,true]},"uagb_author_info":{"display_name":"Kenneth Merkur","author_link":"https:\/\/justvape.nu\/sv\/author\/"},"uagb_comment_info":0,"uagb_excerpt":"VOOPOO - ARGUS POD SE KIT","_links":{"self":[{"href":"https:\/\/justvape.nu\/sv\/wp-json\/wp\/v2\/product\/588788","targetHints":{"allow":["GET"]}}],"collection":[{"href":"https:\/\/justvape.nu\/sv\/wp-json\/wp\/v2\/product"}],"about":[{"href":"https:\/\/justvape.nu\/sv\/wp-json\/wp\/v2\/types\/product"}],"replies":[{"embeddable":true,"href":"https:\/\/justvape.nu\/sv\/wp-json\/wp\/v2\/comments?post=588788"}],"wp:featuredmedia":[{"embeddable":true,"href":"https:\/\/justvape.nu\/sv\/wp-json\/wp\/v2\/media\/588567"}],"wp:attachment":[{"href":"https:\/\/justvape.nu\/sv\/wp-json\/wp\/v2\/media?parent=588788"}],"wp:term":[{"taxonomy":"product_brand","embeddable":true,"href":"https:\/\/justvape.nu\/sv\/wp-json\/wp\/v2\/product_brand?post=588788"},{"taxonomy":"product_cat","embeddable":true,"href":"https:\/\/justvape.nu\/sv\/wp-json\/wp\/v2\/product_cat?post=588788"},{"taxonomy":"product_tag","embeddable":true,"href":"https:\/\/justvape.nu\/sv\/wp-json\/wp\/v2\/product_tag?post=588788"}],"curies":[{"name":"wp","href":"https:\/\/api.w.org\/{rel}","templated":true}]}}