{"id":588743,"date":"2023-05-03T12:48:09","date_gmt":"2023-05-03T10:48:09","guid":{"rendered":"https:\/\/justvape.nu\/produkt\/voopoo-argus-g-kit\/"},"modified":"2024-04-09T13:00:58","modified_gmt":"2024-04-09T11:00:58","slug":"voopoo-argus-g-kit","status":"publish","type":"product","link":"https:\/\/justvape.nu\/sv\/produkt\/voopoo-argus-g-kit\/","title":{"rendered":"VOOPOO &#8211; ARGUS G KIT"},"content":{"rendered":"<h2>VOOPOO &#8211; ARGUS G KIT<\/h2>\n<p>VOOPOO Argus G Pod System, med 1000mAh-batteri, Argus Pod-kompatibilitet och utrustad med en luftfl\u00f6desbrytare f\u00f6r MTL- eller RDL-f\u00f6rbr\u00e4nning. Argus G \u00e4r tillverkad av slitstark zinklegering och har en pennformad design, perfekt f\u00f6r b\u00e4rbarhet f\u00f6r den upptagna r\u00f6karen. VOOPOO Argus G \u00e4r kompatibel med Argus POD-patroner och kan anv\u00e4nda en 0,7ohm eller 1,2ohm-patron f\u00f6r att leverera exceptionell smak och \u00e5nga n\u00e4r den anv\u00e4nds tillsammans med luftfl\u00f6deskontrollen. Argus G har dessutom en justerbar wattstyrka och arbetar med en sk\u00e4rm som f\u00f6rmedlar viktig information om f\u00f6rbr\u00e4nning, som kan navigeras med den enda avfyrningsknappen.<\/p>\n<p><a href=\"https:\/\/justvape.nu\/wp-content\/uploads\/2018\/05\/Color-Schemes.png\"><img loading=\"lazy\" decoding=\"async\" class=\"alignnone size-full wp-image-19187\" src=\"https:\/\/justvape.nu\/wp-content\/uploads\/2018\/05\/Color-Schemes.png\" alt=\"\" width=\"950\" height=\"64\" title=\"\" srcset=\"https:\/\/justvape.nu\/wp-content\/uploads\/2018\/05\/Color-Schemes.png 950w, https:\/\/justvape.nu\/wp-content\/uploads\/2018\/05\/Color-Schemes-555x37.png 555w, https:\/\/justvape.nu\/wp-content\/uploads\/2018\/05\/Color-Schemes-64x4.png 64w, https:\/\/justvape.nu\/wp-content\/uploads\/2018\/05\/Color-Schemes-300x20.png 300w, https:\/\/justvape.nu\/wp-content\/uploads\/2018\/05\/Color-Schemes-768x52.png 768w\" sizes=\"auto, (max-width: 950px) 100vw, 950px\" \/><\/a><\/p>\n<p class=\"description-img-center\"><a href=\"https:\/\/justvape.nu\/wp-content\/uploads\/2023\/05\/VOOPOO_Argus_G_Pod_Kit_Colors.jpg\"><img loading=\"lazy\" decoding=\"async\" class=\"alignnone wp-image-588408\" src=\"https:\/\/justvape.nu\/wp-content\/uploads\/2023\/05\/VOOPOO_Argus_G_Pod_Kit_Colors.jpg\" alt=\"\" width=\"940\" height=\"424\" title=\"\" srcset=\"https:\/\/justvape.nu\/wp-content\/uploads\/2023\/05\/VOOPOO_Argus_G_Pod_Kit_Colors.jpg 831w, https:\/\/justvape.nu\/wp-content\/uploads\/2023\/05\/VOOPOO_Argus_G_Pod_Kit_Colors-600x271.jpg 600w, https:\/\/justvape.nu\/wp-content\/uploads\/2023\/05\/VOOPOO_Argus_G_Pod_Kit_Colors-64x29.jpg 64w, https:\/\/justvape.nu\/wp-content\/uploads\/2023\/05\/VOOPOO_Argus_G_Pod_Kit_Colors-300x135.jpg 300w, https:\/\/justvape.nu\/wp-content\/uploads\/2023\/05\/VOOPOO_Argus_G_Pod_Kit_Colors-768x347.jpg 768w\" sizes=\"auto, (max-width: 940px) 100vw, 940px\" \/><\/a><\/p>\n<div class=\"shop-features \">\n<h2 class=\"shop-features-title \"><a href=\"https:\/\/justvape.nu\/wp-content\/uploads\/2018\/05\/Specifications.png\"><img loading=\"lazy\" decoding=\"async\" class=\"alignnone size-full wp-image-248449\" src=\"https:\/\/justvape.nu\/wp-content\/uploads\/2018\/05\/Specifications.png\" alt=\"\" width=\"950\" height=\"64\" title=\"\" srcset=\"https:\/\/justvape.nu\/wp-content\/uploads\/2018\/05\/Specifications.png 950w, https:\/\/justvape.nu\/wp-content\/uploads\/2018\/05\/Specifications-600x40.png 600w, https:\/\/justvape.nu\/wp-content\/uploads\/2018\/05\/Specifications-64x4.png 64w, https:\/\/justvape.nu\/wp-content\/uploads\/2018\/05\/Specifications-300x20.png 300w, https:\/\/justvape.nu\/wp-content\/uploads\/2018\/05\/Specifications-768x52.png 768w\" sizes=\"auto, (max-width: 950px) 100vw, 950px\" \/><\/a><\/h2>\n<\/div>\n<table class=\"description-table\">\n<tbody>\n<tr>\n<td class=\"strong-title \">varum\u00e4rke<\/td>\n<td class=\"inline\">VOOPOO<\/td>\n<\/tr>\n<tr>\n<td class=\"strong-title \">produktnamn<\/td>\n<td class=\"inline\">Argus G-kit<\/td>\n<\/tr>\n<tr>\n<td class=\"strong-title \">Effektomr\u00e5de<\/td>\n<td class=\"inline\">5-25W<\/td>\n<\/tr>\n<tr>\n<td class=\"strong-title \">Batteri<\/td>\n<td class=\"inline\">1000mAh inbyggt batteri<\/td>\n<\/tr>\n<tr>\n<td class=\"strong-title \">Insp\u00e4nning<\/td>\n<td class=\"inline\">3,2V-4,2V<\/td>\n<\/tr>\n<tr>\n<td class=\"strong-title \">Laddningssp\u00e4nning<\/td>\n<td class=\"inline\">5V\/1A<\/td>\n<\/tr>\n<tr>\n<td class=\"strong-title \">Motst\u00e5ndsintervall<\/td>\n<td class=\"inline\">0,5-3,0ohm<\/td>\n<\/tr>\n<tr>\n<td class=\"strong-title \">Kapacitet<\/td>\n<td class=\"inline\">2 ml<\/td>\n<\/tr>\n<tr>\n<td class=\"strong-title \">Motst\u00e5nd V\u00e4rde<\/td>\n<td class=\"inline\">0,7ohm\/1,2ohm<\/td>\n<\/tr>\n<tr>\n<td class=\"strong-title \">Fyllningstyp<\/td>\n<td class=\"inline\">Sidofyllning<\/td>\n<\/tr>\n<tr>\n<td class=\"strong-title \">Kompatibel med<\/td>\n<td class=\"inline\">Argus Pod Cartridge 0.7\u03a9\/1.2\u03a9,<\/td>\n<\/tr>\n<tr>\n<td class=\"strong-title \">F\u00e4rg<\/td>\n<td class=\"inline\">Sand Drift Gold, Glow Pink, Satin Blue, Space Grey, Racing Green, Aurora Blue, Gloss Black<\/td>\n<\/tr>\n<tr>\n<td class=\"strong-title \">Produktstorlek<\/td>\n<td class=\"inline\">110.9*25.7*13.5mm<\/td>\n<\/tr>\n<tr>\n<td class=\"strong-title \">F\u00f6rpackningsstorlek<\/td>\n<td class=\"inline\">58*37*127mm<\/td>\n<\/tr>\n<tr>\n<td class=\"strong-title \"><\/td>\n<td class=\"inline\"><\/td>\n<\/tr>\n<\/tbody>\n<\/table>\n<div class=\"shop-features \">\n<h2 class=\"shop-features-title \"><a href=\"https:\/\/justvape.nu\/wp-content\/uploads\/2018\/05\/Features.png\"><img loading=\"lazy\" decoding=\"async\" class=\"alignnone size-full wp-image-18994\" src=\"https:\/\/justvape.nu\/wp-content\/uploads\/2018\/05\/Features.png\" alt=\"\" width=\"950\" height=\"64\" title=\"\" srcset=\"https:\/\/justvape.nu\/wp-content\/uploads\/2018\/05\/Features.png 950w, https:\/\/justvape.nu\/wp-content\/uploads\/2018\/05\/Features-555x37.png 555w, https:\/\/justvape.nu\/wp-content\/uploads\/2018\/05\/Features-64x4.png 64w, https:\/\/justvape.nu\/wp-content\/uploads\/2018\/05\/Features-300x20.png 300w, https:\/\/justvape.nu\/wp-content\/uploads\/2018\/05\/Features-768x52.png 768w\" sizes=\"auto, (max-width: 950px) 100vw, 950px\" \/><\/a><\/h2>\n<\/div>\n<ul>\n<li style=\"list-style-type: none;\">\n<ul>\n<li>1. Inbyggt 1000mAh-batteri med 25W max.<\/li>\n<li>2. St\u00f6der Typ-C 5V\/1A-laddning<\/li>\n<li>3. Uppgraderad OLED-sk\u00e4rm f\u00f6r att visa data om r\u00f6kning<\/li>\n<li>4. Multifunktionsknapp f\u00f6r enkel anv\u00e4ndning<\/li>\n<li>5. Knappt\u00e4ndning och automatisk dragning<\/li>\n<li>6. Unik utformning av kroppens luftv\u00e4gar<\/li>\n<li>7. Luftintag med 4 h\u00e5l f\u00f6r en j\u00e4mn smak<\/li>\n<li>8. 4-h\u00e5ls l\u00e4ckages\u00e4ker struktur f\u00f6r att l\u00e5sa koncentratet.<\/li>\n<li>9. Passar f\u00f6r Argus Pod Cartridge (0.7\u03a9\/1.2\u03a9)<\/li>\n<li>10. Passar f\u00f6r Argus tomma patroner\/ITO-spiral<\/li>\n<li>11. Luftfl\u00f6de och effektjusterbart<\/li>\n<li>12. 2 ml kapacitet, enkel sidofyllning<\/li>\n<li>13. S\u00e4kerhetsskydd: Skydd: 5s \u00f6vertid\/kortslukning\/\u00f6verladdning\/l\u00e5gt batteri\/utg\u00e5ngs\u00f6verstr\u00f6m\/\u00f6vertemperaturskydd.<\/li>\n<\/ul>\n<\/li>\n<\/ul>\n<div class=\"img-show-more\">\n<div id=\"img_content_less\" class=\"img-content add-more\">\n<p class=\"description-img-center\"><a href=\"https:\/\/justvape.nu\/wp-content\/uploads\/2023\/05\/VOOPOO_Argus_G_Kit.jpg\"><img loading=\"lazy\" decoding=\"async\" class=\"alignnone size-full wp-image-588416\" src=\"https:\/\/justvape.nu\/wp-content\/uploads\/2023\/05\/VOOPOO_Argus_G_Kit.jpg\" alt=\"\" width=\"831\" height=\"487\" title=\"\" srcset=\"https:\/\/justvape.nu\/wp-content\/uploads\/2023\/05\/VOOPOO_Argus_G_Kit.jpg 831w, https:\/\/justvape.nu\/wp-content\/uploads\/2023\/05\/VOOPOO_Argus_G_Kit-600x352.jpg 600w, https:\/\/justvape.nu\/wp-content\/uploads\/2023\/05\/VOOPOO_Argus_G_Kit-64x38.jpg 64w, https:\/\/justvape.nu\/wp-content\/uploads\/2023\/05\/VOOPOO_Argus_G_Kit-300x176.jpg 300w, https:\/\/justvape.nu\/wp-content\/uploads\/2023\/05\/VOOPOO_Argus_G_Kit-768x450.jpg 768w\" sizes=\"auto, (max-width: 831px) 100vw, 831px\" \/><\/a><\/p>\n<\/div>\n<\/div>\n<div class=\"shop-features \">\n<h2 class=\"shop-features-title \"><a href=\"https:\/\/justvape.nu\/wp-content\/uploads\/2018\/04\/Packing-List.png\"><img loading=\"lazy\" decoding=\"async\" class=\"alignnone size-full wp-image-18999\" src=\"https:\/\/justvape.nu\/wp-content\/uploads\/2018\/04\/Packing-List.png\" alt=\"\" width=\"950\" height=\"64\" title=\"\" srcset=\"https:\/\/justvape.nu\/wp-content\/uploads\/2018\/04\/Packing-List.png 950w, https:\/\/justvape.nu\/wp-content\/uploads\/2018\/04\/Packing-List-555x37.png 555w, https:\/\/justvape.nu\/wp-content\/uploads\/2018\/04\/Packing-List-64x4.png 64w, https:\/\/justvape.nu\/wp-content\/uploads\/2018\/04\/Packing-List-300x20.png 300w, https:\/\/justvape.nu\/wp-content\/uploads\/2018\/04\/Packing-List-768x52.png 768w\" sizes=\"auto, (max-width: 950px) 100vw, 950px\" \/><\/a><\/h2>\n<\/div>\n<p>1* Argus G-enhet<br \/>\n1* Argus Pod Cartridge 0.7ohm<br \/>\n1* Argus Pod Cartridge 1.2ohm<br \/>\n1* Argus Pod-plattformskort<br \/>\n1 * Type-C-kabel<br \/>\n1 * Anv\u00e4ndarmanual<br \/>\n1 * Nyckelband<\/p>\n<p class=\"description-img-center \"><a href=\"https:\/\/justvape.nu\/wp-content\/uploads\/2023\/05\/VOOPOO_Argus_G_Kit_Package.jpg\"><img loading=\"lazy\" decoding=\"async\" class=\"alignnone size-full wp-image-588424\" src=\"https:\/\/justvape.nu\/wp-content\/uploads\/2023\/05\/VOOPOO_Argus_G_Kit_Package.jpg\" alt=\"\" width=\"831\" height=\"369\" title=\"\" srcset=\"https:\/\/justvape.nu\/wp-content\/uploads\/2023\/05\/VOOPOO_Argus_G_Kit_Package.jpg 831w, https:\/\/justvape.nu\/wp-content\/uploads\/2023\/05\/VOOPOO_Argus_G_Kit_Package-600x266.jpg 600w, https:\/\/justvape.nu\/wp-content\/uploads\/2023\/05\/VOOPOO_Argus_G_Kit_Package-64x28.jpg 64w, https:\/\/justvape.nu\/wp-content\/uploads\/2023\/05\/VOOPOO_Argus_G_Kit_Package-300x133.jpg 300w, https:\/\/justvape.nu\/wp-content\/uploads\/2023\/05\/VOOPOO_Argus_G_Kit_Package-768x341.jpg 768w\" sizes=\"auto, (max-width: 831px) 100vw, 831px\" \/><\/a><\/p>\n","protected":false},"excerpt":{"rendered":"<p>VOOPOO &#8211; ARGUS G KIT<\/p>\n","protected":false},"featured_media":588510,"comment_status":"open","ping_status":"closed","template":"","meta":{"_acf_changed":false,"_uag_custom_page_level_css":"","site-sidebar-layout":"default","site-content-layout":"default","ast-site-content-layout":"default","site-content-style":"default","site-sidebar-style":"default","ast-global-header-display":"","ast-banner-title-visibility":"","ast-main-header-display":"","ast-hfb-above-header-display":"","ast-hfb-below-header-display":"","ast-hfb-mobile-header-display":"","site-post-title":"","ast-breadcrumbs-content":"","ast-featured-img":"","footer-sml-layout":"","ast-disable-related-posts":"","theme-transparent-header-meta":"default","adv-header-id-meta":"","stick-header-meta":"default","header-above-stick-meta":"","header-main-stick-meta":"","header-below-stick-meta":"","astra-migrate-meta-layouts":"default","ast-page-background-enabled":"default","ast-page-background-meta":{"desktop":{"background-color":"","background-image":"","background-repeat":"repeat","background-position":"center center","background-size":"auto","background-attachment":"scroll","background-type":"","background-media":"","overlay-type":"","overlay-color":"","overlay-opacity":"","overlay-gradient":""},"tablet":{"background-color":"","background-image":"","background-repeat":"repeat","background-position":"center center","background-size":"auto","background-attachment":"scroll","background-type":"","background-media":"","overlay-type":"","overlay-color":"","overlay-opacity":"","overlay-gradient":""},"mobile":{"background-color":"","background-image":"","background-repeat":"repeat","background-position":"center center","background-size":"auto","background-attachment":"scroll","background-type":"","background-media":"","overlay-type":"","overlay-color":"","overlay-opacity":"","overlay-gradient":""}},"ast-content-background-meta":{"desktop":{"background-color":"var(--ast-global-color-5)","background-image":"","background-repeat":"repeat","background-position":"center center","background-size":"auto","background-attachment":"scroll","background-type":"","background-media":"","overlay-type":"","overlay-color":"","overlay-opacity":"","overlay-gradient":""},"tablet":{"background-color":"var(--ast-global-color-5)","background-image":"","background-repeat":"repeat","background-position":"center center","background-size":"auto","background-attachment":"scroll","background-type":"","background-media":"","overlay-type":"","overlay-color":"","overlay-opacity":"","overlay-gradient":""},"mobile":{"background-color":"var(--ast-global-color-5)","background-image":"","background-repeat":"repeat","background-position":"center center","background-size":"auto","background-attachment":"scroll","background-type":"","background-media":"","overlay-type":"","overlay-color":"","overlay-opacity":"","overlay-gradient":""}}},"product_brand":[],"product_cat":[2074,2532,2084,2533,2534],"product_tag":[],"class_list":{"0":"post-588743","1":"product","2":"type-product","3":"status-publish","4":"has-post-thumbnail","6":"product_cat-e-cigaretter-sv","7":"product_cat-hardware-sv","8":"product_cat-nyborjarsatser-pods","9":"product_cat-shop-by-brand-sv","10":"product_cat-voopoo-sv","11":"desktop-align-center","12":"tablet-align-center","13":"mobile-align-center","14":"ast-product-gallery-layout-horizontal-slider","15":"ast-product-single-variable","16":"ast-product-tabs-layout-horizontal","18":"first","19":"instock","20":"sale","21":"taxable","22":"shipping-taxable","23":"purchasable","24":"product-type-variable"},"acf":[],"uagb_featured_image_src":{"full":["https:\/\/justvape.nu\/wp-content\/uploads\/2023\/05\/zj27P7Ow.jpeg",600,600,false],"thumbnail":["https:\/\/justvape.nu\/wp-content\/uploads\/2023\/05\/zj27P7Ow-150x150.jpeg",150,150,true],"medium":["https:\/\/justvape.nu\/wp-content\/uploads\/2023\/05\/zj27P7Ow-300x300.jpeg",300,300,true],"medium_large":["https:\/\/justvape.nu\/wp-content\/uploads\/2023\/05\/zj27P7Ow.jpeg",600,600,false],"large":["https:\/\/justvape.nu\/wp-content\/uploads\/2023\/05\/zj27P7Ow.jpeg",600,600,false],"1536x1536":["https:\/\/justvape.nu\/wp-content\/uploads\/2023\/05\/zj27P7Ow.jpeg",600,600,false],"2048x2048":["https:\/\/justvape.nu\/wp-content\/uploads\/2023\/05\/zj27P7Ow.jpeg",600,600,false],"woocommerce_thumbnail":["https:\/\/justvape.nu\/wp-content\/uploads\/2023\/05\/zj27P7Ow-300x300.jpeg",300,300,true],"woocommerce_single":["https:\/\/justvape.nu\/wp-content\/uploads\/2023\/05\/zj27P7Ow.jpeg",600,600,false],"woocommerce_gallery_thumbnail":["https:\/\/justvape.nu\/wp-content\/uploads\/2023\/05\/zj27P7Ow-100x100.jpeg",100,100,true],"dgwt-wcas-product-suggestion":["https:\/\/justvape.nu\/wp-content\/uploads\/2023\/05\/zj27P7Ow-64x64.jpeg",64,64,true]},"uagb_author_info":{"display_name":"Kenneth Merkur","author_link":"https:\/\/justvape.nu\/sv\/author\/"},"uagb_comment_info":0,"uagb_excerpt":"VOOPOO - ARGUS G KIT","_links":{"self":[{"href":"https:\/\/justvape.nu\/sv\/wp-json\/wp\/v2\/product\/588743","targetHints":{"allow":["GET"]}}],"collection":[{"href":"https:\/\/justvape.nu\/sv\/wp-json\/wp\/v2\/product"}],"about":[{"href":"https:\/\/justvape.nu\/sv\/wp-json\/wp\/v2\/types\/product"}],"replies":[{"embeddable":true,"href":"https:\/\/justvape.nu\/sv\/wp-json\/wp\/v2\/comments?post=588743"}],"wp:featuredmedia":[{"embeddable":true,"href":"https:\/\/justvape.nu\/sv\/wp-json\/wp\/v2\/media\/588510"}],"wp:attachment":[{"href":"https:\/\/justvape.nu\/sv\/wp-json\/wp\/v2\/media?parent=588743"}],"wp:term":[{"taxonomy":"product_brand","embeddable":true,"href":"https:\/\/justvape.nu\/sv\/wp-json\/wp\/v2\/product_brand?post=588743"},{"taxonomy":"product_cat","embeddable":true,"href":"https:\/\/justvape.nu\/sv\/wp-json\/wp\/v2\/product_cat?post=588743"},{"taxonomy":"product_tag","embeddable":true,"href":"https:\/\/justvape.nu\/sv\/wp-json\/wp\/v2\/product_tag?post=588743"}],"curies":[{"name":"wp","href":"https:\/\/api.w.org\/{rel}","templated":true}]}}