{"id":586124,"date":"2023-04-24T20:15:19","date_gmt":"2023-04-24T18:15:19","guid":{"rendered":"https:\/\/justvape.nu\/produkt\/uwell-caliburn-ironfist-l-pod-kit\/"},"modified":"2025-06-29T09:31:12","modified_gmt":"2025-06-29T07:31:12","slug":"uwell-caliburn-ironfist-l-pod-system","status":"publish","type":"product","link":"https:\/\/justvape.nu\/sv\/produkt\/uwell-caliburn-ironfist-l-pod-system\/","title":{"rendered":"UWELL &#8211; CALIBURN &amp; IRONFIST L POD KIT"},"content":{"rendered":"<h2>UWELL &#8211; CALIBURN &amp; IRONFIST L POD KIT<\/h2>\n<p>&nbsp;<\/p>\n<p>Uwell Caliburn &amp; Iron Fist L pod vape kit \u00e4r en kompakt enhet i matchbox-stil. Den \u00e4r l\u00e4tt att anv\u00e4nda och skapar en liten m\u00e4ngd \u00e5nga som en MTL (Mouth To Lung) kan inhalera. Tack vare det inbyggda 690 mAh-batteriet kan du anv\u00e4nda den l\u00e4ngre tid mellan laddningarna och kitets laddning blir snabbt fulladdad tack vare USB-C-snabbladdning. Det \u00e4r ett utm\u00e4rkt val f\u00f6r b\u00e5de nya och erfarna r\u00f6kare, och varje kit inneh\u00e5ller en p\u00e5fyllningsbar Caliburn &amp; Ironfist L-pod och tv\u00e5 spolar f\u00f6r att hj\u00e4lpa dig komma ig\u00e5ng.<\/p>\n<p>Eftersom det h\u00e4r kitet \u00e4r inandningsaktiverat finns det inga menyer att navigera i och du beh\u00f6ver inte heller l\u00e4gga alltf\u00f6r mycket tid p\u00e5 att klicka p\u00e5 knappar. Allt du beh\u00f6ver g\u00f6ra f\u00f6r att b\u00f6rja f\u00f6rbr\u00e4nna \u00e4r att trycka p\u00e5 str\u00f6mknappen fem g\u00e5nger f\u00f6r att sl\u00e5 p\u00e5 enheten, du kan bara ta en puff p\u00e5 munstycket f\u00f6r att den ska b\u00f6rja producera \u00e5nga. Det h\u00e4r kitet \u00e4r utformat f\u00f6r att ge en r\u00f6kning som k\u00e4nns n\u00e4rmare en cigarett och skapar en diskret m\u00e4ngd \u00e5nga f\u00f6r en MTL-inhale. Dessutom har den ett antal s\u00e4kerhetsfunktioner, t.ex. skydd mot kortslutningar, l\u00e5gsp\u00e4nning, \u00f6vertid med mera.<\/p>\n<p>Den p\u00e5fyllningsbara Caliburn &amp; Ironfist L-podden har en kapacitet p\u00e5 2 ml e-v\u00e4tska och dess sidofyllning g\u00f6r det enklare \u00e4n n\u00e5gonsin att fylla p\u00e5 den. De inbyggda n\u00e4tspolarna v\u00e4rmer upp din e-v\u00e4tska snabbare f\u00f6r b\u00e4ttre smak. Du beh\u00f6ver inte heller oroa dig f\u00f6r kr\u00e5ngliga spolbyten, eftersom du bara kan byta ut hela kapseln ist\u00e4llet. F\u00f6r att matcha motst\u00e5ndet hos n\u00e5gon av de medf\u00f6ljande spolarna rekommenderar vi att du kombinerar dem med 50 % VG e-v\u00e4tskor eller h\u00f6gre PG-alternativ f\u00f6r b\u00e4sta resultat.<\/p>\n<p><a href=\"https:\/\/justvape.nu\/wp-content\/uploads\/2018\/05\/Color-Schemes.png\"><img loading=\"lazy\" decoding=\"async\" class=\"alignnone size-full wp-image-19187\" src=\"https:\/\/justvape.nu\/wp-content\/uploads\/2018\/05\/Color-Schemes.png\" alt=\"\" width=\"950\" height=\"64\" title=\"\" srcset=\"https:\/\/justvape.nu\/wp-content\/uploads\/2018\/05\/Color-Schemes.png 950w, https:\/\/justvape.nu\/wp-content\/uploads\/2018\/05\/Color-Schemes-555x37.png 555w, https:\/\/justvape.nu\/wp-content\/uploads\/2018\/05\/Color-Schemes-64x4.png 64w, https:\/\/justvape.nu\/wp-content\/uploads\/2018\/05\/Color-Schemes-300x20.png 300w, https:\/\/justvape.nu\/wp-content\/uploads\/2018\/05\/Color-Schemes-768x52.png 768w\" sizes=\"auto, (max-width: 950px) 100vw, 950px\" \/><\/a><\/p>\n<p class=\"description-img-center\"><a href=\"https:\/\/justvape.nu\/wp-content\/uploads\/2023\/04\/Uwell_Caliburn_Ironfist_L_Kit_Colors.jpg\"><img loading=\"lazy\" decoding=\"async\" class=\"alignnone wp-image-586007\" src=\"https:\/\/justvape.nu\/wp-content\/uploads\/2023\/04\/Uwell_Caliburn_Ironfist_L_Kit_Colors.jpg\" alt=\"\" width=\"937\" height=\"417\" title=\"\" srcset=\"https:\/\/justvape.nu\/wp-content\/uploads\/2023\/04\/Uwell_Caliburn_Ironfist_L_Kit_Colors.jpg 800w, https:\/\/justvape.nu\/wp-content\/uploads\/2023\/04\/Uwell_Caliburn_Ironfist_L_Kit_Colors-600x267.jpg 600w, https:\/\/justvape.nu\/wp-content\/uploads\/2023\/04\/Uwell_Caliburn_Ironfist_L_Kit_Colors-64x28.jpg 64w, https:\/\/justvape.nu\/wp-content\/uploads\/2023\/04\/Uwell_Caliburn_Ironfist_L_Kit_Colors-300x134.jpg 300w, https:\/\/justvape.nu\/wp-content\/uploads\/2023\/04\/Uwell_Caliburn_Ironfist_L_Kit_Colors-768x342.jpg 768w\" sizes=\"auto, (max-width: 937px) 100vw, 937px\" \/><\/a><\/p>\n<div class=\"shop-features \">\n<h2 class=\"shop-features-title \"><a href=\"https:\/\/justvape.nu\/wp-content\/uploads\/2018\/05\/Specifications.png\"><img loading=\"lazy\" decoding=\"async\" class=\"alignnone size-full wp-image-18993\" src=\"https:\/\/justvape.nu\/wp-content\/uploads\/2018\/05\/Specifications.png\" alt=\"\" width=\"950\" height=\"64\" title=\"\" srcset=\"https:\/\/justvape.nu\/wp-content\/uploads\/2018\/05\/Specifications.png 950w, https:\/\/justvape.nu\/wp-content\/uploads\/2018\/05\/Specifications-555x37.png 555w, https:\/\/justvape.nu\/wp-content\/uploads\/2018\/05\/Specifications-64x4.png 64w, https:\/\/justvape.nu\/wp-content\/uploads\/2018\/05\/Specifications-300x20.png 300w, https:\/\/justvape.nu\/wp-content\/uploads\/2018\/05\/Specifications-768x52.png 768w\" sizes=\"auto, (max-width: 950px) 100vw, 950px\" \/><\/a><\/h2>\n<\/div>\n<table class=\"description-table\">\n<tbody>\n<tr>\n<td class=\"strong-title \">varum\u00e4rke<\/td>\n<td class=\"inline\">Uwell<\/td>\n<\/tr>\n<tr>\n<td class=\"strong-title \">produktnamn<\/td>\n<td class=\"inline\">Caliburn &amp; Ironfist L Pod Kit<\/td>\n<\/tr>\n<tr>\n<td class=\"strong-title \">Material<\/td>\n<td class=\"inline\">PCTG, PC, zinklegering<\/td>\n<\/tr>\n<tr>\n<td class=\"strong-title \">M\u00e5tt<\/td>\n<td class=\"inline\">46,5*17,6*69,75mm<\/td>\n<\/tr>\n<tr>\n<td class=\"strong-title \">Kapacitet f\u00f6r e-v\u00e4tska<\/td>\n<td class=\"inline\">2 ml<\/td>\n<\/tr>\n<tr>\n<td class=\"strong-title \">Uteffekt<\/td>\n<td class=\"inline\">Maximalt 16W<\/td>\n<\/tr>\n<tr>\n<td class=\"strong-title \">Batterikapacitet<\/td>\n<td class=\"inline\">690mAh<\/td>\n<\/tr>\n<tr>\n<td class=\"strong-title \">Specifikationer f\u00f6r spolar<\/td>\n<td class=\"inline\">FeCrAI UN2 Meshed-H 0,8ohm Caliburn G Coil<br \/>\nFeCrAI UN2 Meshed-H 1,2ohm Caliburn G2 Coil<br \/>\nFeCrAI 1.0ohm Caliburn G Coil (s\u00e4ljs separat)<\/td>\n<\/tr>\n<tr>\n<td class=\"strong-title \">Laddning<\/td>\n<td class=\"inline\">2A snabbladdning, Typ-C<\/td>\n<\/tr>\n<tr>\n<td class=\"strong-title \">F\u00e4rg<\/td>\n<td class=\"inline\">Silvermetallic, matt svart, korallr\u00f6d<\/td>\n<\/tr>\n<\/tbody>\n<\/table>\n<div class=\"shop-features \">\n<h2 class=\"shop-features-title \"><a href=\"https:\/\/justvape.nu\/wp-content\/uploads\/2018\/05\/Features.png\"><img loading=\"lazy\" decoding=\"async\" class=\"alignnone size-full wp-image-18994\" src=\"https:\/\/justvape.nu\/wp-content\/uploads\/2018\/05\/Features.png\" alt=\"\" width=\"950\" height=\"64\" title=\"\" srcset=\"https:\/\/justvape.nu\/wp-content\/uploads\/2018\/05\/Features.png 950w, https:\/\/justvape.nu\/wp-content\/uploads\/2018\/05\/Features-555x37.png 555w, https:\/\/justvape.nu\/wp-content\/uploads\/2018\/05\/Features-64x4.png 64w, https:\/\/justvape.nu\/wp-content\/uploads\/2018\/05\/Features-300x20.png 300w, https:\/\/justvape.nu\/wp-content\/uploads\/2018\/05\/Features-768x52.png 768w\" sizes=\"auto, (max-width: 950px) 100vw, 950px\" \/><\/a><\/h2>\n<\/div>\n<ul>\n<li style=\"list-style-type: none;\">\n<ul>\n<li>1. Modifierad kompakt konstruktion f\u00f6r sida vid sida<\/li>\n<li>2. Justerbar effekt och luftfl\u00f6de<\/li>\n<li>3. 2A snabbladdning, enkel automatisk dragning<\/li>\n<li>4. Interaktiv LED-indikator<\/li>\n<li>5. Pro-FOCS teknik f\u00f6r justering av smak<\/li>\n<li>6. Sidoljus f\u00f6r belysning och dekoration<\/li>\n<li>7. En kombination av h\u00f6g kvalitet och futuristiskt utseende.<\/li>\n<li>8. 2 ml p\u00e5fyllningsbar pod<\/li>\n<li>9. Inbyggd s\u00e4kerhetsskyddsmekanism<\/li>\n<\/ul>\n<\/li>\n<\/ul>\n<div class=\"img-show-more\">\n<div id=\"img_content_less\" class=\"img-content add-more\">\n<p class=\"description-img-center\"><a href=\"https:\/\/justvape.nu\/wp-content\/uploads\/2023\/04\/Uwell_Caliburn_Ironfist_L_Kit_Coil_Options.jpg\"><img loading=\"lazy\" decoding=\"async\" class=\"alignnone size-full wp-image-586016\" src=\"https:\/\/justvape.nu\/wp-content\/uploads\/2023\/04\/Uwell_Caliburn_Ironfist_L_Kit_Coil_Options.jpg\" alt=\"\" width=\"831\" height=\"448\" title=\"\" srcset=\"https:\/\/justvape.nu\/wp-content\/uploads\/2023\/04\/Uwell_Caliburn_Ironfist_L_Kit_Coil_Options.jpg 831w, https:\/\/justvape.nu\/wp-content\/uploads\/2023\/04\/Uwell_Caliburn_Ironfist_L_Kit_Coil_Options-600x323.jpg 600w, https:\/\/justvape.nu\/wp-content\/uploads\/2023\/04\/Uwell_Caliburn_Ironfist_L_Kit_Coil_Options-64x35.jpg 64w, https:\/\/justvape.nu\/wp-content\/uploads\/2023\/04\/Uwell_Caliburn_Ironfist_L_Kit_Coil_Options-300x162.jpg 300w, https:\/\/justvape.nu\/wp-content\/uploads\/2023\/04\/Uwell_Caliburn_Ironfist_L_Kit_Coil_Options-768x414.jpg 768w\" sizes=\"auto, (max-width: 831px) 100vw, 831px\" \/><\/a> <a href=\"https:\/\/justvape.nu\/wp-content\/uploads\/2023\/04\/Uwell_Caliburn_Ironfist_L_Kit_Airflow_Adjustment.jpg\"><img loading=\"lazy\" decoding=\"async\" class=\"alignnone size-full wp-image-586024\" src=\"https:\/\/justvape.nu\/wp-content\/uploads\/2023\/04\/Uwell_Caliburn_Ironfist_L_Kit_Airflow_Adjustment.jpg\" alt=\"\" width=\"831\" height=\"523\" title=\"\" srcset=\"https:\/\/justvape.nu\/wp-content\/uploads\/2023\/04\/Uwell_Caliburn_Ironfist_L_Kit_Airflow_Adjustment.jpg 831w, https:\/\/justvape.nu\/wp-content\/uploads\/2023\/04\/Uwell_Caliburn_Ironfist_L_Kit_Airflow_Adjustment-600x378.jpg 600w, https:\/\/justvape.nu\/wp-content\/uploads\/2023\/04\/Uwell_Caliburn_Ironfist_L_Kit_Airflow_Adjustment-64x40.jpg 64w, https:\/\/justvape.nu\/wp-content\/uploads\/2023\/04\/Uwell_Caliburn_Ironfist_L_Kit_Airflow_Adjustment-300x189.jpg 300w, https:\/\/justvape.nu\/wp-content\/uploads\/2023\/04\/Uwell_Caliburn_Ironfist_L_Kit_Airflow_Adjustment-768x483.jpg 768w\" sizes=\"auto, (max-width: 831px) 100vw, 831px\" \/><\/a> <a href=\"https:\/\/justvape.nu\/wp-content\/uploads\/2023\/04\/Uwell_Caliburn_Ironfist_L_Kit_Adjustable_Power.jpg\"><img loading=\"lazy\" decoding=\"async\" class=\"alignnone size-full wp-image-586032\" src=\"https:\/\/justvape.nu\/wp-content\/uploads\/2023\/04\/Uwell_Caliburn_Ironfist_L_Kit_Adjustable_Power.jpg\" alt=\"\" width=\"831\" height=\"462\" title=\"\" srcset=\"https:\/\/justvape.nu\/wp-content\/uploads\/2023\/04\/Uwell_Caliburn_Ironfist_L_Kit_Adjustable_Power.jpg 831w, https:\/\/justvape.nu\/wp-content\/uploads\/2023\/04\/Uwell_Caliburn_Ironfist_L_Kit_Adjustable_Power-600x334.jpg 600w, https:\/\/justvape.nu\/wp-content\/uploads\/2023\/04\/Uwell_Caliburn_Ironfist_L_Kit_Adjustable_Power-64x36.jpg 64w, https:\/\/justvape.nu\/wp-content\/uploads\/2023\/04\/Uwell_Caliburn_Ironfist_L_Kit_Adjustable_Power-300x167.jpg 300w, https:\/\/justvape.nu\/wp-content\/uploads\/2023\/04\/Uwell_Caliburn_Ironfist_L_Kit_Adjustable_Power-768x427.jpg 768w\" sizes=\"auto, (max-width: 831px) 100vw, 831px\" \/><\/a><\/p>\n<\/div>\n<\/div>\n<div class=\"shop-features \">\n<h2 class=\"shop-features-title \"><a href=\"https:\/\/justvape.nu\/wp-content\/uploads\/2018\/04\/Packing-List.png\"><img loading=\"lazy\" decoding=\"async\" class=\"alignnone size-full wp-image-18999\" src=\"https:\/\/justvape.nu\/wp-content\/uploads\/2018\/04\/Packing-List.png\" alt=\"\" width=\"950\" height=\"64\" title=\"\" srcset=\"https:\/\/justvape.nu\/wp-content\/uploads\/2018\/04\/Packing-List.png 950w, https:\/\/justvape.nu\/wp-content\/uploads\/2018\/04\/Packing-List-555x37.png 555w, https:\/\/justvape.nu\/wp-content\/uploads\/2018\/04\/Packing-List-64x4.png 64w, https:\/\/justvape.nu\/wp-content\/uploads\/2018\/04\/Packing-List-300x20.png 300w, https:\/\/justvape.nu\/wp-content\/uploads\/2018\/04\/Packing-List-768x52.png 768w\" sizes=\"auto, (max-width: 950px) 100vw, 950px\" \/><\/a><\/h2>\n<\/div>\n<p>1* Caliburn &amp; Ironfist L-enhet<br \/>\n1* Caliburn &amp; Ironfist L Tom patron<br \/>\n1* UN2 Meshed-H 0,8ohm Caliburn G Coil (f\u00f6rinstallerad)<br \/>\n1* UN2 Meshed-H 1.2ohm Caliburn G2 Coil (reservdel)<br \/>\n1 * Anv\u00e4ndarmanual<br \/>\n1 * Type-C laddningskabel<\/p>\n<p class=\"description-img-center \"><a href=\"https:\/\/justvape.nu\/wp-content\/uploads\/2023\/04\/Uwell_Caliburn_Ironfist_L_Kit_Packing_List.jpg\"><img loading=\"lazy\" decoding=\"async\" class=\"alignnone size-full wp-image-586040\" src=\"https:\/\/justvape.nu\/wp-content\/uploads\/2023\/04\/Uwell_Caliburn_Ironfist_L_Kit_Packing_List.jpg\" alt=\"\" width=\"831\" height=\"369\" title=\"\" srcset=\"https:\/\/justvape.nu\/wp-content\/uploads\/2023\/04\/Uwell_Caliburn_Ironfist_L_Kit_Packing_List.jpg 831w, https:\/\/justvape.nu\/wp-content\/uploads\/2023\/04\/Uwell_Caliburn_Ironfist_L_Kit_Packing_List-600x266.jpg 600w, https:\/\/justvape.nu\/wp-content\/uploads\/2023\/04\/Uwell_Caliburn_Ironfist_L_Kit_Packing_List-64x28.jpg 64w, https:\/\/justvape.nu\/wp-content\/uploads\/2023\/04\/Uwell_Caliburn_Ironfist_L_Kit_Packing_List-300x133.jpg 300w, https:\/\/justvape.nu\/wp-content\/uploads\/2023\/04\/Uwell_Caliburn_Ironfist_L_Kit_Packing_List-768x341.jpg 768w\" sizes=\"auto, (max-width: 831px) 100vw, 831px\" \/><\/a><\/p>\n","protected":false},"excerpt":{"rendered":"<p>UWELL &#8211; CALIBURN &amp; IRONFIST L POD KIT<\/p>\n","protected":false},"featured_media":586065,"comment_status":"open","ping_status":"closed","template":"","meta":{"_acf_changed":false,"_uag_custom_page_level_css":"","site-sidebar-layout":"default","site-content-layout":"default","ast-site-content-layout":"default","site-content-style":"default","site-sidebar-style":"default","ast-global-header-display":"","ast-banner-title-visibility":"","ast-main-header-display":"","ast-hfb-above-header-display":"","ast-hfb-below-header-display":"","ast-hfb-mobile-header-display":"","site-post-title":"","ast-breadcrumbs-content":"","ast-featured-img":"","footer-sml-layout":"","ast-disable-related-posts":"","theme-transparent-header-meta":"default","adv-header-id-meta":"","stick-header-meta":"default","header-above-stick-meta":"","header-main-stick-meta":"","header-below-stick-meta":"","astra-migrate-meta-layouts":"default","ast-page-background-enabled":"default","ast-page-background-meta":{"desktop":{"background-color":"","background-image":"","background-repeat":"repeat","background-position":"center center","background-size":"auto","background-attachment":"scroll","background-type":"","background-media":"","overlay-type":"","overlay-color":"","overlay-opacity":"","overlay-gradient":""},"tablet":{"background-color":"","background-image":"","background-repeat":"repeat","background-position":"center center","background-size":"auto","background-attachment":"scroll","background-type":"","background-media":"","overlay-type":"","overlay-color":"","overlay-opacity":"","overlay-gradient":""},"mobile":{"background-color":"","background-image":"","background-repeat":"repeat","background-position":"center center","background-size":"auto","background-attachment":"scroll","background-type":"","background-media":"","overlay-type":"","overlay-color":"","overlay-opacity":"","overlay-gradient":""}},"ast-content-background-meta":{"desktop":{"background-color":"var(--ast-global-color-5)","background-image":"","background-repeat":"repeat","background-position":"center center","background-size":"auto","background-attachment":"scroll","background-type":"","background-media":"","overlay-type":"","overlay-color":"","overlay-opacity":"","overlay-gradient":""},"tablet":{"background-color":"var(--ast-global-color-5)","background-image":"","background-repeat":"repeat","background-position":"center center","background-size":"auto","background-attachment":"scroll","background-type":"","background-media":"","overlay-type":"","overlay-color":"","overlay-opacity":"","overlay-gradient":""},"mobile":{"background-color":"var(--ast-global-color-5)","background-image":"","background-repeat":"repeat","background-position":"center center","background-size":"auto","background-attachment":"scroll","background-type":"","background-media":"","overlay-type":"","overlay-color":"","overlay-opacity":"","overlay-gradient":""}}},"product_brand":[],"product_cat":[2074,2532,2084,2533,3436],"product_tag":[],"class_list":{"0":"post-586124","1":"product","2":"type-product","3":"status-publish","4":"has-post-thumbnail","6":"product_cat-e-cigaretter-sv","7":"product_cat-hardware-sv","8":"product_cat-nyborjarsatser-pods","9":"product_cat-shop-by-brand-sv","10":"product_cat-uwell-sv","11":"desktop-align-center","12":"tablet-align-center","13":"mobile-align-center","14":"ast-product-gallery-layout-horizontal-slider","15":"ast-product-single-variable","16":"ast-product-tabs-layout-horizontal","18":"first","19":"instock","20":"sale","21":"taxable","22":"shipping-taxable","23":"purchasable","24":"product-type-variable"},"acf":[],"uagb_featured_image_src":{"full":["https:\/\/justvape.nu\/wp-content\/uploads\/2023\/04\/n7NriETk.jpeg",600,600,false],"thumbnail":["https:\/\/justvape.nu\/wp-content\/uploads\/2023\/04\/n7NriETk-150x150.jpeg",150,150,true],"medium":["https:\/\/justvape.nu\/wp-content\/uploads\/2023\/04\/n7NriETk-300x300.jpeg",300,300,true],"medium_large":["https:\/\/justvape.nu\/wp-content\/uploads\/2023\/04\/n7NriETk.jpeg",600,600,false],"large":["https:\/\/justvape.nu\/wp-content\/uploads\/2023\/04\/n7NriETk.jpeg",600,600,false],"1536x1536":["https:\/\/justvape.nu\/wp-content\/uploads\/2023\/04\/n7NriETk.jpeg",600,600,false],"2048x2048":["https:\/\/justvape.nu\/wp-content\/uploads\/2023\/04\/n7NriETk.jpeg",600,600,false],"woocommerce_thumbnail":["https:\/\/justvape.nu\/wp-content\/uploads\/2023\/04\/n7NriETk-300x300.jpeg",300,300,true],"woocommerce_single":["https:\/\/justvape.nu\/wp-content\/uploads\/2023\/04\/n7NriETk.jpeg",600,600,false],"woocommerce_gallery_thumbnail":["https:\/\/justvape.nu\/wp-content\/uploads\/2023\/04\/n7NriETk-100x100.jpeg",100,100,true],"dgwt-wcas-product-suggestion":["https:\/\/justvape.nu\/wp-content\/uploads\/2023\/04\/n7NriETk-64x64.jpeg",64,64,true]},"uagb_author_info":{"display_name":"Kenneth Merkur","author_link":"https:\/\/justvape.nu\/sv\/author\/"},"uagb_comment_info":0,"uagb_excerpt":"UWELL - CALIBURN &amp; IRONFIST L POD KIT","_links":{"self":[{"href":"https:\/\/justvape.nu\/sv\/wp-json\/wp\/v2\/product\/586124","targetHints":{"allow":["GET"]}}],"collection":[{"href":"https:\/\/justvape.nu\/sv\/wp-json\/wp\/v2\/product"}],"about":[{"href":"https:\/\/justvape.nu\/sv\/wp-json\/wp\/v2\/types\/product"}],"replies":[{"embeddable":true,"href":"https:\/\/justvape.nu\/sv\/wp-json\/wp\/v2\/comments?post=586124"}],"wp:featuredmedia":[{"embeddable":true,"href":"https:\/\/justvape.nu\/sv\/wp-json\/wp\/v2\/media\/586065"}],"wp:attachment":[{"href":"https:\/\/justvape.nu\/sv\/wp-json\/wp\/v2\/media?parent=586124"}],"wp:term":[{"taxonomy":"product_brand","embeddable":true,"href":"https:\/\/justvape.nu\/sv\/wp-json\/wp\/v2\/product_brand?post=586124"},{"taxonomy":"product_cat","embeddable":true,"href":"https:\/\/justvape.nu\/sv\/wp-json\/wp\/v2\/product_cat?post=586124"},{"taxonomy":"product_tag","embeddable":true,"href":"https:\/\/justvape.nu\/sv\/wp-json\/wp\/v2\/product_tag?post=586124"}],"curies":[{"name":"wp","href":"https:\/\/api.w.org\/{rel}","templated":true}]}}