{"id":584403,"date":"2023-04-15T21:56:14","date_gmt":"2023-04-15T19:56:14","guid":{"rendered":"https:\/\/justvape.nu\/produkt\/oxva-xlim-pro-pod-kit\/"},"modified":"2024-11-12T23:14:29","modified_gmt":"2024-11-12T22:14:29","slug":"oxva-xlim-pro-pod-kit","status":"publish","type":"product","link":"https:\/\/justvape.nu\/sv\/produkt\/oxva-xlim-pro-pod-kit\/","title":{"rendered":"OXVA &#8211; XLIM PRO POD KIT"},"content":{"rendered":"<h2>OXVA &#8211; XLIM PRO POD KIT<\/h2>\n<div class=\"description\">\n<p>Xlim Pro podkit fr\u00e5n OXVA \u00e4r uppf\u00f6ljaren till den mycket popul\u00e4ra Xlim v2. Detta kompakta och eleganta podkit \u00e4r en perfekt f\u00f6ljeslagare f\u00f6r anv\u00e4ndare som gillar att resa med stil. Med tillf\u00f6rlitligheten hos Oxva Xlim v2-poddarna och de nya toppfyllda Xlim v2-poddarna tillsammans med ett inbyggt 1000mah-batteri kan du njuta av din favoritnickarsaltjuice eller 50\/50 freebase utan avbrott. Luftfl\u00f6deskontroll och 30w effekt inneb\u00e4r att du kan v\u00e4lja hur du drar och njuta av tr\u00e4ff efter tr\u00e4ff utan avbrott och med maximal smak.<\/p>\n<p>Oxva Xlim Pro podkit har en effekt p\u00e5 5-30 watt och ett inbyggt 1000mah-batteri. Den har en USB C-laddningsport och kan laddas med 2 ampere, vilket inneb\u00e4r mycket lite stillest\u00e5nd. Den medf\u00f6ljande Xlim-podden med toppfyllning har som m\u00e5l att h\u00e5lla dig l\u00e4ckagefri f\u00f6r att r\u00e4dda din v\u00e4tska fr\u00e5n irriterande l\u00e4ckage och kitet \u00e4r kompatibelt med standard Xlim V2-poddarna. Den har ocks\u00e5 aktivering av inhalation och aktivering av knappar f\u00f6r en enkel upplevelse. Den tydliga sk\u00e4rmen visar din valda effekt och RGB-ljuset ger stil.<\/p>\n<p>Xlim pro \u00e4r kompatibel med Xlim V2-poddar och den nya toppfyllningsversionen av dessa poddar och ger en smakrik och v\u00e4l avrundad vape som har blivit en favorit bland vapers \u00f6verallt. Xlim-poddarna \u00e4r tillg\u00e4ngliga i 0,6ohm, 0,8ohm och 1,2ohm och h\u00e5ller h\u00f6gsta standard. Med en vikt p\u00e5 endast 66 gram har denna l\u00e4tta podvape allt du beh\u00f6ver f\u00f6r att h\u00e5lla cigarettbeg\u00e4ret borta och syftar till att ge dig den mest tillfredsst\u00e4llande mun-till-lung-vapan.<\/p>\n<p><a href=\"https:\/\/justvape.nu\/wp-content\/uploads\/2018\/05\/Color-Schemes.png\"><img loading=\"lazy\" decoding=\"async\" class=\"alignnone size-full wp-image-19187\" src=\"https:\/\/justvape.nu\/wp-content\/uploads\/2018\/05\/Color-Schemes.png\" alt=\"\" width=\"950\" height=\"64\" title=\"\" srcset=\"https:\/\/justvape.nu\/wp-content\/uploads\/2018\/05\/Color-Schemes.png 950w, https:\/\/justvape.nu\/wp-content\/uploads\/2018\/05\/Color-Schemes-555x37.png 555w, https:\/\/justvape.nu\/wp-content\/uploads\/2018\/05\/Color-Schemes-64x4.png 64w, https:\/\/justvape.nu\/wp-content\/uploads\/2018\/05\/Color-Schemes-300x20.png 300w, https:\/\/justvape.nu\/wp-content\/uploads\/2018\/05\/Color-Schemes-768x52.png 768w\" sizes=\"auto, (max-width: 950px) 100vw, 950px\" \/><\/a><\/p>\n<\/div>\n<div data-id=\"6858063380582\">\n<p class=\"description-img-center\"><a href=\"https:\/\/justvape.nu\/wp-content\/uploads\/2023\/04\/OXVA_Xlim_Pro_Kit_Colors.jpg\"><img loading=\"lazy\" decoding=\"async\" class=\"alignnone wp-image-584066\" src=\"https:\/\/justvape.nu\/wp-content\/uploads\/2023\/04\/OXVA_Xlim_Pro_Kit_Colors.jpg\" alt=\"\" width=\"937\" height=\"473\" title=\"\" srcset=\"https:\/\/justvape.nu\/wp-content\/uploads\/2023\/04\/OXVA_Xlim_Pro_Kit_Colors.jpg 800w, https:\/\/justvape.nu\/wp-content\/uploads\/2023\/04\/OXVA_Xlim_Pro_Kit_Colors-600x303.jpg 600w, https:\/\/justvape.nu\/wp-content\/uploads\/2023\/04\/OXVA_Xlim_Pro_Kit_Colors-64x32.jpg 64w, https:\/\/justvape.nu\/wp-content\/uploads\/2023\/04\/OXVA_Xlim_Pro_Kit_Colors-300x152.jpg 300w, https:\/\/justvape.nu\/wp-content\/uploads\/2023\/04\/OXVA_Xlim_Pro_Kit_Colors-768x388.jpg 768w\" sizes=\"auto, (max-width: 937px) 100vw, 937px\" \/><\/a><\/p>\n<div class=\"shop-features \">\n<h2 class=\"shop-features-title \"><a href=\"https:\/\/justvape.nu\/wp-content\/uploads\/2018\/05\/Specifications.png\"><img loading=\"lazy\" decoding=\"async\" class=\"alignnone size-full wp-image-248449\" src=\"https:\/\/justvape.nu\/wp-content\/uploads\/2018\/05\/Specifications.png\" alt=\"\" width=\"950\" height=\"64\" title=\"\" srcset=\"https:\/\/justvape.nu\/wp-content\/uploads\/2018\/05\/Specifications.png 950w, https:\/\/justvape.nu\/wp-content\/uploads\/2018\/05\/Specifications-600x40.png 600w, https:\/\/justvape.nu\/wp-content\/uploads\/2018\/05\/Specifications-64x4.png 64w, https:\/\/justvape.nu\/wp-content\/uploads\/2018\/05\/Specifications-300x20.png 300w, https:\/\/justvape.nu\/wp-content\/uploads\/2018\/05\/Specifications-768x52.png 768w\" sizes=\"auto, (max-width: 950px) 100vw, 950px\" \/><\/a><\/h2>\n<\/div>\n<table class=\"description-table\">\n<tbody>\n<tr>\n<td class=\"strong-title \">varum\u00e4rke<\/td>\n<td class=\"inline\">OXVA<\/td>\n<\/tr>\n<tr>\n<td class=\"strong-title \">produktnamn<\/td>\n<td class=\"inline\">Xlim Pro-kit<\/td>\n<\/tr>\n<tr>\n<td class=\"strong-title \">Uteffekt<\/td>\n<td class=\"inline\">5-30W<\/td>\n<\/tr>\n<tr>\n<td class=\"strong-title \">Kapacitet f\u00f6r patroner<\/td>\n<td class=\"inline\">2 ml<\/td>\n<\/tr>\n<tr>\n<td class=\"strong-title \">Motst\u00e5ndsintervall<\/td>\n<td class=\"inline\">0,33-3,0ohm<\/td>\n<\/tr>\n<tr>\n<td class=\"strong-title \">Patron med toppfyllning<\/td>\n<td class=\"inline\">0,6ohm\/0,8ohm\/1,2ohm<\/td>\n<\/tr>\n<tr>\n<td class=\"strong-title \">P\u00e5fyllning<\/td>\n<td class=\"inline\">Toppfyllning<\/td>\n<\/tr>\n<tr>\n<td class=\"strong-title \">Kontroll av luftfl\u00f6det<\/td>\n<td class=\"inline\">Sidan AFC<\/td>\n<\/tr>\n<tr>\n<td class=\"strong-title \">Batterikapacitet<\/td>\n<td class=\"inline\">1000mAh<\/td>\n<\/tr>\n<tr>\n<td class=\"strong-title \">Laddning<\/td>\n<td class=\"inline\">5V\/2A, Typ-C<\/td>\n<\/tr>\n<tr>\n<td class=\"strong-title \">Material<\/td>\n<td class=\"inline\">Zinklegering + IML + PCTG<\/td>\n<\/tr>\n<tr>\n<td class=\"strong-title \">Storlek<\/td>\n<td class=\"inline\">111.0*25.0*14.3mm<\/td>\n<\/tr>\n<tr>\n<td class=\"strong-title \">F\u00e4rg<\/td>\n<td class=\"inline\">Black Carbon, Black Gold, Gleamy Blue, Gleamy Cyan, Gleamy Gray, Gleamy Green, Gleamy Pink, Gleamy Red<\/td>\n<\/tr>\n<\/tbody>\n<\/table>\n<div class=\"shop-features \">\n<h2 class=\"shop-features-title \"><a href=\"https:\/\/justvape.nu\/wp-content\/uploads\/2018\/05\/Features.png\"><img loading=\"lazy\" decoding=\"async\" class=\"alignnone size-full wp-image-18994\" src=\"https:\/\/justvape.nu\/wp-content\/uploads\/2018\/05\/Features.png\" alt=\"\" width=\"950\" height=\"64\" title=\"\" srcset=\"https:\/\/justvape.nu\/wp-content\/uploads\/2018\/05\/Features.png 950w, https:\/\/justvape.nu\/wp-content\/uploads\/2018\/05\/Features-555x37.png 555w, https:\/\/justvape.nu\/wp-content\/uploads\/2018\/05\/Features-64x4.png 64w, https:\/\/justvape.nu\/wp-content\/uploads\/2018\/05\/Features-300x20.png 300w, https:\/\/justvape.nu\/wp-content\/uploads\/2018\/05\/Features-768x52.png 768w\" sizes=\"auto, (max-width: 950px) 100vw, 950px\" \/><\/a><\/h2>\n<\/div>\n<ul>\n<li style=\"list-style-type: none;\">\n<ul>\n<li>1. Glittrande RGB-ljus<\/li>\n<li>2. Patron f\u00f6r toppfyllning mot l\u00e4ckage<\/li>\n<li>3. Ergonomisk AFC-design<\/li>\n<li>4. Automatisk dragning och aktivering av knappar<\/li>\n<li>5. 30W maximal utg\u00e5ngseffekt<\/li>\n<li>6. 1000mAh st\u00f6rre batteri<\/li>\n<li>7. Mycket l\u00e4ckages\u00e4ker<\/li>\n<li>8. Snabb laddning av typ-C<\/li>\n<li>9. Kompatibel med ny toppfyllning (Xlim V3) och Xlim V2-patroner.<\/li>\n<\/ul>\n<\/li>\n<\/ul>\n<div class=\"img-show-more\">\n<div id=\"img_content_less\" class=\"img-content add-more\">\n<p class=\"description-img-center\"><a href=\"https:\/\/justvape.nu\/wp-content\/uploads\/2023\/04\/OXVA_Xlim_Pro_Kit_30W_Wattage.jpg\"><img loading=\"lazy\" decoding=\"async\" class=\"alignnone size-full wp-image-584074\" src=\"https:\/\/justvape.nu\/wp-content\/uploads\/2023\/04\/OXVA_Xlim_Pro_Kit_30W_Wattage.jpg\" alt=\"\" width=\"831\" height=\"568\" title=\"\" srcset=\"https:\/\/justvape.nu\/wp-content\/uploads\/2023\/04\/OXVA_Xlim_Pro_Kit_30W_Wattage.jpg 831w, https:\/\/justvape.nu\/wp-content\/uploads\/2023\/04\/OXVA_Xlim_Pro_Kit_30W_Wattage-600x410.jpg 600w, https:\/\/justvape.nu\/wp-content\/uploads\/2023\/04\/OXVA_Xlim_Pro_Kit_30W_Wattage-64x44.jpg 64w, https:\/\/justvape.nu\/wp-content\/uploads\/2023\/04\/OXVA_Xlim_Pro_Kit_30W_Wattage-300x205.jpg 300w, https:\/\/justvape.nu\/wp-content\/uploads\/2023\/04\/OXVA_Xlim_Pro_Kit_30W_Wattage-768x525.jpg 768w\" sizes=\"auto, (max-width: 831px) 100vw, 831px\" \/><\/a> <a href=\"https:\/\/justvape.nu\/wp-content\/uploads\/2023\/04\/OXVA_Xlim_Pro_Kit_Battery_Capacity.jpg\"><img loading=\"lazy\" decoding=\"async\" class=\"alignnone size-full wp-image-584082\" src=\"https:\/\/justvape.nu\/wp-content\/uploads\/2023\/04\/OXVA_Xlim_Pro_Kit_Battery_Capacity.jpg\" alt=\"\" width=\"831\" height=\"438\" title=\"\" srcset=\"https:\/\/justvape.nu\/wp-content\/uploads\/2023\/04\/OXVA_Xlim_Pro_Kit_Battery_Capacity.jpg 831w, https:\/\/justvape.nu\/wp-content\/uploads\/2023\/04\/OXVA_Xlim_Pro_Kit_Battery_Capacity-600x316.jpg 600w, https:\/\/justvape.nu\/wp-content\/uploads\/2023\/04\/OXVA_Xlim_Pro_Kit_Battery_Capacity-64x34.jpg 64w, https:\/\/justvape.nu\/wp-content\/uploads\/2023\/04\/OXVA_Xlim_Pro_Kit_Battery_Capacity-300x158.jpg 300w, https:\/\/justvape.nu\/wp-content\/uploads\/2023\/04\/OXVA_Xlim_Pro_Kit_Battery_Capacity-768x405.jpg 768w\" sizes=\"auto, (max-width: 831px) 100vw, 831px\" \/><\/a> <a href=\"https:\/\/justvape.nu\/wp-content\/uploads\/2023\/04\/OXVA_Xlim_Pro_Kit_Coil_Resistance.jpg\"><img loading=\"lazy\" decoding=\"async\" class=\"alignnone size-full wp-image-584090\" src=\"https:\/\/justvape.nu\/wp-content\/uploads\/2023\/04\/OXVA_Xlim_Pro_Kit_Coil_Resistance.jpg\" alt=\"\" width=\"831\" height=\"277\" title=\"\" srcset=\"https:\/\/justvape.nu\/wp-content\/uploads\/2023\/04\/OXVA_Xlim_Pro_Kit_Coil_Resistance.jpg 831w, https:\/\/justvape.nu\/wp-content\/uploads\/2023\/04\/OXVA_Xlim_Pro_Kit_Coil_Resistance-600x200.jpg 600w, https:\/\/justvape.nu\/wp-content\/uploads\/2023\/04\/OXVA_Xlim_Pro_Kit_Coil_Resistance-64x21.jpg 64w, https:\/\/justvape.nu\/wp-content\/uploads\/2023\/04\/OXVA_Xlim_Pro_Kit_Coil_Resistance-300x100.jpg 300w, https:\/\/justvape.nu\/wp-content\/uploads\/2023\/04\/OXVA_Xlim_Pro_Kit_Coil_Resistance-768x256.jpg 768w\" sizes=\"auto, (max-width: 831px) 100vw, 831px\" \/><\/a><\/p>\n<\/div>\n<\/div>\n<div class=\"shop-features \">\n<h2 class=\"shop-features-title \"><a href=\"https:\/\/justvape.nu\/wp-content\/uploads\/2018\/04\/Packing-List.png\"><img loading=\"lazy\" decoding=\"async\" class=\"alignnone size-full wp-image-18999\" src=\"https:\/\/justvape.nu\/wp-content\/uploads\/2018\/04\/Packing-List.png\" alt=\"\" width=\"950\" height=\"64\" title=\"\" srcset=\"https:\/\/justvape.nu\/wp-content\/uploads\/2018\/04\/Packing-List.png 950w, https:\/\/justvape.nu\/wp-content\/uploads\/2018\/04\/Packing-List-555x37.png 555w, https:\/\/justvape.nu\/wp-content\/uploads\/2018\/04\/Packing-List-64x4.png 64w, https:\/\/justvape.nu\/wp-content\/uploads\/2018\/04\/Packing-List-300x20.png 300w, https:\/\/justvape.nu\/wp-content\/uploads\/2018\/04\/Packing-List-768x52.png 768w\" sizes=\"auto, (max-width: 950px) 100vw, 950px\" \/><\/a><\/h2>\n<\/div>\n<p>1* Xlim Pro-enhet<br \/>\n1* Top Fill (Xlim V3) patron 0.6ohm (f\u00f6rinstallerad)<br \/>\n1* Top Fill (Xlim V3) patron 0.8ohm<br \/>\n1 * Type-C-kabel<br \/>\n1 * Nyckelband<br \/>\n1 * Anv\u00e4ndarmanual<\/p>\n<p class=\"description-img-center \"><a href=\"https:\/\/justvape.nu\/wp-content\/uploads\/2023\/04\/OXVA_Xlim_Pro_Kit_Packing_List.jpg\"><img loading=\"lazy\" decoding=\"async\" class=\"alignnone size-full wp-image-584098\" src=\"https:\/\/justvape.nu\/wp-content\/uploads\/2023\/04\/OXVA_Xlim_Pro_Kit_Packing_List.jpg\" alt=\"\" width=\"831\" height=\"413\" title=\"\" srcset=\"https:\/\/justvape.nu\/wp-content\/uploads\/2023\/04\/OXVA_Xlim_Pro_Kit_Packing_List.jpg 831w, https:\/\/justvape.nu\/wp-content\/uploads\/2023\/04\/OXVA_Xlim_Pro_Kit_Packing_List-600x298.jpg 600w, https:\/\/justvape.nu\/wp-content\/uploads\/2023\/04\/OXVA_Xlim_Pro_Kit_Packing_List-64x32.jpg 64w, https:\/\/justvape.nu\/wp-content\/uploads\/2023\/04\/OXVA_Xlim_Pro_Kit_Packing_List-300x149.jpg 300w, https:\/\/justvape.nu\/wp-content\/uploads\/2023\/04\/OXVA_Xlim_Pro_Kit_Packing_List-768x382.jpg 768w\" sizes=\"auto, (max-width: 831px) 100vw, 831px\" \/><\/a><\/p>\n<\/div>\n","protected":false},"excerpt":{"rendered":"<p>OXVA &#8211; XLIM PRO POD KIT<\/p>\n","protected":false},"featured_media":584174,"comment_status":"open","ping_status":"closed","template":"","meta":{"_acf_changed":false,"_uag_custom_page_level_css":"","site-sidebar-layout":"default","site-content-layout":"default","ast-site-content-layout":"default","site-content-style":"default","site-sidebar-style":"default","ast-global-header-display":"","ast-banner-title-visibility":"","ast-main-header-display":"","ast-hfb-above-header-display":"","ast-hfb-below-header-display":"","ast-hfb-mobile-header-display":"","site-post-title":"","ast-breadcrumbs-content":"","ast-featured-img":"","footer-sml-layout":"","ast-disable-related-posts":"","theme-transparent-header-meta":"default","adv-header-id-meta":"","stick-header-meta":"default","header-above-stick-meta":"","header-main-stick-meta":"","header-below-stick-meta":"","astra-migrate-meta-layouts":"default","ast-page-background-enabled":"default","ast-page-background-meta":{"desktop":{"background-color":"","background-image":"","background-repeat":"repeat","background-position":"center center","background-size":"auto","background-attachment":"scroll","background-type":"","background-media":"","overlay-type":"","overlay-color":"","overlay-opacity":"","overlay-gradient":""},"tablet":{"background-color":"","background-image":"","background-repeat":"repeat","background-position":"center center","background-size":"auto","background-attachment":"scroll","background-type":"","background-media":"","overlay-type":"","overlay-color":"","overlay-opacity":"","overlay-gradient":""},"mobile":{"background-color":"","background-image":"","background-repeat":"repeat","background-position":"center center","background-size":"auto","background-attachment":"scroll","background-type":"","background-media":"","overlay-type":"","overlay-color":"","overlay-opacity":"","overlay-gradient":""}},"ast-content-background-meta":{"desktop":{"background-color":"var(--ast-global-color-5)","background-image":"","background-repeat":"repeat","background-position":"center center","background-size":"auto","background-attachment":"scroll","background-type":"","background-media":"","overlay-type":"","overlay-color":"","overlay-opacity":"","overlay-gradient":""},"tablet":{"background-color":"var(--ast-global-color-5)","background-image":"","background-repeat":"repeat","background-position":"center center","background-size":"auto","background-attachment":"scroll","background-type":"","background-media":"","overlay-type":"","overlay-color":"","overlay-opacity":"","overlay-gradient":""},"mobile":{"background-color":"var(--ast-global-color-5)","background-image":"","background-repeat":"repeat","background-position":"center center","background-size":"auto","background-attachment":"scroll","background-type":"","background-media":"","overlay-type":"","overlay-color":"","overlay-opacity":"","overlay-gradient":""}}},"product_brand":[],"product_cat":[2074,2532,2084,6194,2533],"product_tag":[],"class_list":{"0":"post-584403","1":"product","2":"type-product","3":"status-publish","4":"has-post-thumbnail","6":"product_cat-e-cigaretter-sv","7":"product_cat-hardware-sv","8":"product_cat-nyborjarsatser-pods","9":"product_cat-oxva-sv","10":"product_cat-shop-by-brand-sv","11":"desktop-align-center","12":"tablet-align-center","13":"mobile-align-center","14":"ast-product-gallery-layout-horizontal-slider","15":"ast-product-gallery-with-no-image","16":"ast-product-single-variable","17":"ast-product-tabs-layout-horizontal","19":"first","20":"instock","21":"sale","22":"taxable","23":"shipping-taxable","24":"purchasable","25":"product-type-variable"},"acf":[],"uagb_featured_image_src":{"full":["https:\/\/justvape.nu\/wp-content\/uploads\/2023\/04\/oxva-xlim-pro-pod-1.jpg",800,800,false],"thumbnail":["https:\/\/justvape.nu\/wp-content\/uploads\/2023\/04\/oxva-xlim-pro-pod-1-150x150.jpg",150,150,true],"medium":["https:\/\/justvape.nu\/wp-content\/uploads\/2023\/04\/oxva-xlim-pro-pod-1-300x300.jpg",300,300,true],"medium_large":["https:\/\/justvape.nu\/wp-content\/uploads\/2023\/04\/oxva-xlim-pro-pod-1-768x768.jpg",768,768,true],"large":["https:\/\/justvape.nu\/wp-content\/uploads\/2023\/04\/oxva-xlim-pro-pod-1.jpg",800,800,false],"1536x1536":["https:\/\/justvape.nu\/wp-content\/uploads\/2023\/04\/oxva-xlim-pro-pod-1.jpg",800,800,false],"2048x2048":["https:\/\/justvape.nu\/wp-content\/uploads\/2023\/04\/oxva-xlim-pro-pod-1.jpg",800,800,false],"woocommerce_thumbnail":["https:\/\/justvape.nu\/wp-content\/uploads\/2023\/04\/oxva-xlim-pro-pod-1-300x300.jpg",300,300,true],"woocommerce_single":["https:\/\/justvape.nu\/wp-content\/uploads\/2023\/04\/oxva-xlim-pro-pod-1-600x600.jpg",600,600,true],"woocommerce_gallery_thumbnail":["https:\/\/justvape.nu\/wp-content\/uploads\/2023\/04\/oxva-xlim-pro-pod-1-100x100.jpg",100,100,true],"dgwt-wcas-product-suggestion":["https:\/\/justvape.nu\/wp-content\/uploads\/2023\/04\/oxva-xlim-pro-pod-1-64x64.jpg",64,64,true]},"uagb_author_info":{"display_name":"Kenneth Merkur","author_link":"https:\/\/justvape.nu\/sv\/author\/"},"uagb_comment_info":0,"uagb_excerpt":"OXVA - XLIM PRO POD KIT","_links":{"self":[{"href":"https:\/\/justvape.nu\/sv\/wp-json\/wp\/v2\/product\/584403","targetHints":{"allow":["GET"]}}],"collection":[{"href":"https:\/\/justvape.nu\/sv\/wp-json\/wp\/v2\/product"}],"about":[{"href":"https:\/\/justvape.nu\/sv\/wp-json\/wp\/v2\/types\/product"}],"replies":[{"embeddable":true,"href":"https:\/\/justvape.nu\/sv\/wp-json\/wp\/v2\/comments?post=584403"}],"wp:featuredmedia":[{"embeddable":true,"href":"https:\/\/justvape.nu\/sv\/wp-json\/wp\/v2\/media\/584174"}],"wp:attachment":[{"href":"https:\/\/justvape.nu\/sv\/wp-json\/wp\/v2\/media?parent=584403"}],"wp:term":[{"taxonomy":"product_brand","embeddable":true,"href":"https:\/\/justvape.nu\/sv\/wp-json\/wp\/v2\/product_brand?post=584403"},{"taxonomy":"product_cat","embeddable":true,"href":"https:\/\/justvape.nu\/sv\/wp-json\/wp\/v2\/product_cat?post=584403"},{"taxonomy":"product_tag","embeddable":true,"href":"https:\/\/justvape.nu\/sv\/wp-json\/wp\/v2\/product_tag?post=584403"}],"curies":[{"name":"wp","href":"https:\/\/api.w.org\/{rel}","templated":true}]}}