{"id":584279,"date":"2023-04-15T15:40:25","date_gmt":"2023-04-15T13:40:25","guid":{"rendered":"https:\/\/justvape.nu\/produkt\/geek-vape-z200-mod\/"},"modified":"2026-02-06T18:01:21","modified_gmt":"2026-02-06T17:01:21","slug":"geek-vape-z200-mod","status":"publish","type":"product","link":"https:\/\/justvape.nu\/sv\/produkt\/geek-vape-z200-mod\/","title":{"rendered":"GEEK VAPE &#8211; Z200 MOD"},"content":{"rendered":"<h2>GEEK VAPE &#8211; Z200 MOD<\/h2>\n<p>Z200 Mod st\u00f6ds av dubbla externa 18650-batterier med 200W max f\u00f6r att ge dig st\u00f6rre smakfulla moln. Den drivs av AS-Chip 3.0 och har st\u00f6d f\u00f6r Power\/Smart\/TC-SS\/TC-TCR\/VPC\/Bypass-l\u00e4gen f\u00f6r att ge dig en fantastisk r\u00f6kupplevelse. Med en 2,4-tums fullsk\u00e4rm och ett helt nytt anv\u00e4ndargr\u00e4nssnitt kan den ge dig en enast\u00e5ende visuell upplevelse. Den har ocks\u00e5 ett elegant och uts\u00f6kt utseende.<\/p>\n<p><a href=\"https:\/\/justvape.nu\/wp-content\/uploads\/2018\/05\/Color-Schemes.png\"><img loading=\"lazy\" decoding=\"async\" class=\"alignnone size-full wp-image-19187\" src=\"https:\/\/justvape.nu\/wp-content\/uploads\/2018\/05\/Color-Schemes.png\" alt=\"\" width=\"950\" height=\"64\" title=\"\" srcset=\"https:\/\/justvape.nu\/wp-content\/uploads\/2018\/05\/Color-Schemes.png 950w, https:\/\/justvape.nu\/wp-content\/uploads\/2018\/05\/Color-Schemes-555x37.png 555w, https:\/\/justvape.nu\/wp-content\/uploads\/2018\/05\/Color-Schemes-64x4.png 64w, https:\/\/justvape.nu\/wp-content\/uploads\/2018\/05\/Color-Schemes-300x20.png 300w, https:\/\/justvape.nu\/wp-content\/uploads\/2018\/05\/Color-Schemes-768x52.png 768w\" sizes=\"auto, (max-width: 950px) 100vw, 950px\" \/><\/a><\/p>\n<p class=\"description-img-center\"><a href=\"https:\/\/justvape.nu\/wp-content\/uploads\/2023\/04\/GeekVape_Z200_Mod_Full_Color.jpg\"><img loading=\"lazy\" decoding=\"async\" class=\"alignnone wp-image-583854\" src=\"https:\/\/justvape.nu\/wp-content\/uploads\/2023\/04\/GeekVape_Z200_Mod_Full_Color.jpg\" alt=\"\" width=\"945\" height=\"420\" title=\"\" srcset=\"https:\/\/justvape.nu\/wp-content\/uploads\/2023\/04\/GeekVape_Z200_Mod_Full_Color.jpg 756w, https:\/\/justvape.nu\/wp-content\/uploads\/2023\/04\/GeekVape_Z200_Mod_Full_Color-600x267.jpg 600w, https:\/\/justvape.nu\/wp-content\/uploads\/2023\/04\/GeekVape_Z200_Mod_Full_Color-64x28.jpg 64w, https:\/\/justvape.nu\/wp-content\/uploads\/2023\/04\/GeekVape_Z200_Mod_Full_Color-300x133.jpg 300w\" sizes=\"auto, (max-width: 945px) 100vw, 945px\" \/><\/a><\/p>\n<div class=\"shop-features \">\n<h2 class=\"shop-features-title \"><a href=\"https:\/\/justvape.nu\/wp-content\/uploads\/2018\/05\/Specifications.png\"><img loading=\"lazy\" decoding=\"async\" class=\"alignnone size-full wp-image-248449\" src=\"https:\/\/justvape.nu\/wp-content\/uploads\/2018\/05\/Specifications.png\" alt=\"\" width=\"950\" height=\"64\" title=\"\" srcset=\"https:\/\/justvape.nu\/wp-content\/uploads\/2018\/05\/Specifications.png 950w, https:\/\/justvape.nu\/wp-content\/uploads\/2018\/05\/Specifications-600x40.png 600w, https:\/\/justvape.nu\/wp-content\/uploads\/2018\/05\/Specifications-64x4.png 64w, https:\/\/justvape.nu\/wp-content\/uploads\/2018\/05\/Specifications-300x20.png 300w, https:\/\/justvape.nu\/wp-content\/uploads\/2018\/05\/Specifications-768x52.png 768w\" sizes=\"auto, (max-width: 950px) 100vw, 950px\" \/><\/a><\/h2>\n<p>&nbsp;<\/p>\n<\/div>\n<p><strong class=\"description-little-title\">GeekVape Z200 Vape Mod Parametrar:<\/strong><\/p>\n<table class=\"description-table\">\n<tbody>\n<tr>\n<td class=\"strong-title \">varum\u00e4rke<\/td>\n<td class=\"inline\">GeekVape<\/td>\n<\/tr>\n<tr>\n<td class=\"strong-title \">produktnamn<\/td>\n<td class=\"inline\">Z200 Mod<\/td>\n<\/tr>\n<tr>\n<td class=\"strong-title \">Batterityp<\/td>\n<td class=\"inline\">Dubbla externa 18650-batterier (ing\u00e5r inte)<\/td>\n<\/tr>\n<tr>\n<td class=\"strong-title \">Uteffekt<\/td>\n<td class=\"inline\">5W-200W<\/td>\n<\/tr>\n<tr>\n<td class=\"strong-title \">Arbetsl\u00e4ge<\/td>\n<td class=\"inline\">Power\/Smart\/TC-SS\/TC-TCR\/VPC\/Bypass<\/td>\n<\/tr>\n<tr>\n<td class=\"strong-title \">Laddningsport<\/td>\n<td class=\"inline\">Micro USB<\/td>\n<\/tr>\n<tr>\n<td class=\"strong-title \">Sk\u00e4rm<\/td>\n<td class=\"inline\">2,4-tums fullsk\u00e4rm<\/td>\n<\/tr>\n<tr>\n<td class=\"strong-title \">Driftstemperatur<\/td>\n<td class=\"inline\">0\u2103~45\u2103<\/td>\n<\/tr>\n<tr>\n<td class=\"strong-title \">F\u00f6rvaringstemperatur<\/td>\n<td class=\"inline\">-20\u2103~60\u2103<\/td>\n<\/tr>\n<tr>\n<td class=\"strong-title \">Relativ luftfuktighet<\/td>\n<td class=\"inline\">45 %RH~75% RH<\/td>\n<\/tr>\n<tr>\n<td class=\"strong-title \">Kylningsl\u00e4ge<\/td>\n<td class=\"inline\">Naturlig kylning<\/td>\n<\/tr>\n<tr>\n<td class=\"strong-title \"><\/td>\n<td class=\"inline\"><\/td>\n<\/tr>\n<tr>\n<td class=\"strong-title \">F\u00f6rpackningsstorlek<\/td>\n<td class=\"inline\">81mm*60mm*135mm<\/td>\n<\/tr>\n<tr>\n<td class=\"strong-title \"><\/td>\n<td class=\"inline\"><\/td>\n<\/tr>\n<tr>\n<td class=\"strong-title \">F\u00e4rg<\/td>\n<td class=\"inline\">Svart, Silver, Bl\u00e5, Gunmetal<\/td>\n<\/tr>\n<\/tbody>\n<\/table>\n<div class=\"shop-features \">\n<h2 class=\"shop-features-title \"><a href=\"https:\/\/justvape.nu\/wp-content\/uploads\/2018\/05\/Features.png\"><img loading=\"lazy\" decoding=\"async\" class=\"alignnone size-full wp-image-248459\" src=\"https:\/\/justvape.nu\/wp-content\/uploads\/2018\/05\/Features.png\" alt=\"\" width=\"950\" height=\"64\" title=\"\" srcset=\"https:\/\/justvape.nu\/wp-content\/uploads\/2018\/05\/Features.png 950w, https:\/\/justvape.nu\/wp-content\/uploads\/2018\/05\/Features-600x40.png 600w, https:\/\/justvape.nu\/wp-content\/uploads\/2018\/05\/Features-64x4.png 64w, https:\/\/justvape.nu\/wp-content\/uploads\/2018\/05\/Features-300x20.png 300w, https:\/\/justvape.nu\/wp-content\/uploads\/2018\/05\/Features-768x52.png 768w\" sizes=\"auto, (max-width: 950px) 100vw, 950px\" \/><\/a><\/h2>\n<p>&nbsp;<\/p>\n<\/div>\n<p><strong class=\"description-little-title\">GeekVape Z200 Detaljer:<\/strong><\/p>\n<ul>\n<li style=\"list-style-type: none;\">\n<ul>\n<li>1. St\u00f6der dubbla externa 18650-batterier med 200W max.<\/li>\n<li>2. Anv\u00e4nder AS-Chip 3.0 och intelligent arbetsl\u00e4ge.<\/li>\n<li>3. 2,4-tums fullsk\u00e4rm med helt ny UI-design<\/li>\n<li>4. Utformad med ett elegant och uts\u00f6kt utseende<\/li>\n<\/ul>\n<\/li>\n<\/ul>\n<div class=\"img-show-more\">\n<div id=\"img_content_less\" class=\"img-content add-more\">\n<p class=\"description-img-center\"><a href=\"https:\/\/justvape.nu\/wp-content\/uploads\/2023\/04\/GeekVape_Z200_Mod_Full_Color-1.jpg\"><img loading=\"lazy\" decoding=\"async\" class=\"alignnone size-full wp-image-583862\" src=\"https:\/\/justvape.nu\/wp-content\/uploads\/2023\/04\/GeekVape_Z200_Mod_Full_Color-1.jpg\" alt=\"\" width=\"831\" height=\"371\" title=\"\" srcset=\"https:\/\/justvape.nu\/wp-content\/uploads\/2023\/04\/GeekVape_Z200_Mod_Full_Color-1.jpg 831w, https:\/\/justvape.nu\/wp-content\/uploads\/2023\/04\/GeekVape_Z200_Mod_Full_Color-1-600x268.jpg 600w, https:\/\/justvape.nu\/wp-content\/uploads\/2023\/04\/GeekVape_Z200_Mod_Full_Color-1-64x29.jpg 64w, https:\/\/justvape.nu\/wp-content\/uploads\/2023\/04\/GeekVape_Z200_Mod_Full_Color-1-300x134.jpg 300w, https:\/\/justvape.nu\/wp-content\/uploads\/2023\/04\/GeekVape_Z200_Mod_Full_Color-1-768x343.jpg 768w\" sizes=\"auto, (max-width: 831px) 100vw, 831px\" \/><\/a> <a href=\"https:\/\/justvape.nu\/wp-content\/uploads\/2023\/04\/GeekVape_Z200_Kit_Features.jpg\"><img loading=\"lazy\" decoding=\"async\" class=\"alignnone size-full wp-image-583870\" src=\"https:\/\/justvape.nu\/wp-content\/uploads\/2023\/04\/GeekVape_Z200_Kit_Features.jpg\" alt=\"\" width=\"831\" height=\"325\" title=\"\" srcset=\"https:\/\/justvape.nu\/wp-content\/uploads\/2023\/04\/GeekVape_Z200_Kit_Features.jpg 831w, https:\/\/justvape.nu\/wp-content\/uploads\/2023\/04\/GeekVape_Z200_Kit_Features-600x235.jpg 600w, https:\/\/justvape.nu\/wp-content\/uploads\/2023\/04\/GeekVape_Z200_Kit_Features-64x25.jpg 64w, https:\/\/justvape.nu\/wp-content\/uploads\/2023\/04\/GeekVape_Z200_Kit_Features-300x117.jpg 300w, https:\/\/justvape.nu\/wp-content\/uploads\/2023\/04\/GeekVape_Z200_Kit_Features-768x300.jpg 768w\" sizes=\"auto, (max-width: 831px) 100vw, 831px\" \/><\/a><\/p>\n<\/div>\n<\/div>\n<div class=\"shop-features \">\n<h2 class=\"shop-features-title \"><a href=\"https:\/\/justvape.nu\/wp-content\/uploads\/2018\/05\/Packing-List.png\"><img loading=\"lazy\" decoding=\"async\" class=\"alignnone size-full wp-image-248469\" src=\"https:\/\/justvape.nu\/wp-content\/uploads\/2018\/05\/Packing-List.png\" alt=\"\" width=\"950\" height=\"64\" title=\"\" srcset=\"https:\/\/justvape.nu\/wp-content\/uploads\/2018\/05\/Packing-List.png 950w, https:\/\/justvape.nu\/wp-content\/uploads\/2018\/05\/Packing-List-600x40.png 600w, https:\/\/justvape.nu\/wp-content\/uploads\/2018\/05\/Packing-List-64x4.png 64w, https:\/\/justvape.nu\/wp-content\/uploads\/2018\/05\/Packing-List-300x20.png 300w, https:\/\/justvape.nu\/wp-content\/uploads\/2018\/05\/Packing-List-768x52.png 768w\" sizes=\"auto, (max-width: 950px) 100vw, 950px\" \/><\/a><\/h2>\n<p>&nbsp;<\/p>\n<\/div>\n<p><strong class=\"description-little-title \">Paketet med Z200 Box Mod levereras med:<\/strong><\/p>\n<p>1* GeekVape Z200 Mod<br \/>\n1* USB-kabel (Micro-USB)<\/p>\n","protected":false},"excerpt":{"rendered":"<p>GEEK VAPE &#8211; Z200 MOD<\/p>\n","protected":false},"featured_media":583891,"comment_status":"open","ping_status":"closed","template":"","meta":{"_acf_changed":false,"_uag_custom_page_level_css":"","site-sidebar-layout":"default","site-content-layout":"default","ast-site-content-layout":"default","site-content-style":"default","site-sidebar-style":"default","ast-global-header-display":"","ast-banner-title-visibility":"","ast-main-header-display":"","ast-hfb-above-header-display":"","ast-hfb-below-header-display":"","ast-hfb-mobile-header-display":"","site-post-title":"","ast-breadcrumbs-content":"","ast-featured-img":"","footer-sml-layout":"","ast-disable-related-posts":"","theme-transparent-header-meta":"default","adv-header-id-meta":"","stick-header-meta":"default","header-above-stick-meta":"","header-main-stick-meta":"","header-below-stick-meta":"","astra-migrate-meta-layouts":"default","ast-page-background-enabled":"default","ast-page-background-meta":{"desktop":{"background-color":"","background-image":"","background-repeat":"repeat","background-position":"center center","background-size":"auto","background-attachment":"scroll","background-type":"","background-media":"","overlay-type":"","overlay-color":"","overlay-opacity":"","overlay-gradient":""},"tablet":{"background-color":"","background-image":"","background-repeat":"repeat","background-position":"center center","background-size":"auto","background-attachment":"scroll","background-type":"","background-media":"","overlay-type":"","overlay-color":"","overlay-opacity":"","overlay-gradient":""},"mobile":{"background-color":"","background-image":"","background-repeat":"repeat","background-position":"center center","background-size":"auto","background-attachment":"scroll","background-type":"","background-media":"","overlay-type":"","overlay-color":"","overlay-opacity":"","overlay-gradient":""}},"ast-content-background-meta":{"desktop":{"background-color":"var(--ast-global-color-5)","background-image":"","background-repeat":"repeat","background-position":"center center","background-size":"auto","background-attachment":"scroll","background-type":"","background-media":"","overlay-type":"","overlay-color":"","overlay-opacity":"","overlay-gradient":""},"tablet":{"background-color":"var(--ast-global-color-5)","background-image":"","background-repeat":"repeat","background-position":"center center","background-size":"auto","background-attachment":"scroll","background-type":"","background-media":"","overlay-type":"","overlay-color":"","overlay-opacity":"","overlay-gradient":""},"mobile":{"background-color":"var(--ast-global-color-5)","background-image":"","background-repeat":"repeat","background-position":"center center","background-size":"auto","background-attachment":"scroll","background-type":"","background-media":"","overlay-type":"","overlay-color":"","overlay-opacity":"","overlay-gradient":""}}},"product_brand":[],"product_cat":[2074,3246,2532,2126,2533],"product_tag":[],"class_list":{"0":"post-584279","1":"product","2":"type-product","3":"status-publish","4":"has-post-thumbnail","6":"product_cat-e-cigaretter-sv","7":"product_cat-geekvape-sv-2","8":"product_cat-hardware-sv","9":"product_cat-mods-sv","10":"product_cat-shop-by-brand-sv","11":"desktop-align-center","12":"tablet-align-center","13":"mobile-align-center","14":"ast-product-gallery-layout-horizontal-slider","15":"ast-product-single-variable","16":"ast-product-tabs-layout-horizontal","18":"first","19":"instock","20":"sale","21":"taxable","22":"shipping-taxable","23":"purchasable","24":"product-type-variable"},"acf":[],"uagb_featured_image_src":{"full":["https:\/\/justvape.nu\/wp-content\/uploads\/2023\/04\/sPGUPbw8.jpeg",600,600,false],"thumbnail":["https:\/\/justvape.nu\/wp-content\/uploads\/2023\/04\/sPGUPbw8-150x150.jpeg",150,150,true],"medium":["https:\/\/justvape.nu\/wp-content\/uploads\/2023\/04\/sPGUPbw8-300x300.jpeg",300,300,true],"medium_large":["https:\/\/justvape.nu\/wp-content\/uploads\/2023\/04\/sPGUPbw8.jpeg",600,600,false],"large":["https:\/\/justvape.nu\/wp-content\/uploads\/2023\/04\/sPGUPbw8.jpeg",600,600,false],"1536x1536":["https:\/\/justvape.nu\/wp-content\/uploads\/2023\/04\/sPGUPbw8.jpeg",600,600,false],"2048x2048":["https:\/\/justvape.nu\/wp-content\/uploads\/2023\/04\/sPGUPbw8.jpeg",600,600,false],"woocommerce_thumbnail":["https:\/\/justvape.nu\/wp-content\/uploads\/2023\/04\/sPGUPbw8-300x300.jpeg",300,300,true],"woocommerce_single":["https:\/\/justvape.nu\/wp-content\/uploads\/2023\/04\/sPGUPbw8.jpeg",600,600,false],"woocommerce_gallery_thumbnail":["https:\/\/justvape.nu\/wp-content\/uploads\/2023\/04\/sPGUPbw8-100x100.jpeg",100,100,true],"dgwt-wcas-product-suggestion":["https:\/\/justvape.nu\/wp-content\/uploads\/2023\/04\/sPGUPbw8-64x64.jpeg",64,64,true]},"uagb_author_info":{"display_name":"Kenneth Merkur","author_link":"https:\/\/justvape.nu\/sv\/author\/"},"uagb_comment_info":0,"uagb_excerpt":"GEEK VAPE - Z200 MOD","_links":{"self":[{"href":"https:\/\/justvape.nu\/sv\/wp-json\/wp\/v2\/product\/584279","targetHints":{"allow":["GET"]}}],"collection":[{"href":"https:\/\/justvape.nu\/sv\/wp-json\/wp\/v2\/product"}],"about":[{"href":"https:\/\/justvape.nu\/sv\/wp-json\/wp\/v2\/types\/product"}],"replies":[{"embeddable":true,"href":"https:\/\/justvape.nu\/sv\/wp-json\/wp\/v2\/comments?post=584279"}],"wp:featuredmedia":[{"embeddable":true,"href":"https:\/\/justvape.nu\/sv\/wp-json\/wp\/v2\/media\/583891"}],"wp:attachment":[{"href":"https:\/\/justvape.nu\/sv\/wp-json\/wp\/v2\/media?parent=584279"}],"wp:term":[{"taxonomy":"product_brand","embeddable":true,"href":"https:\/\/justvape.nu\/sv\/wp-json\/wp\/v2\/product_brand?post=584279"},{"taxonomy":"product_cat","embeddable":true,"href":"https:\/\/justvape.nu\/sv\/wp-json\/wp\/v2\/product_cat?post=584279"},{"taxonomy":"product_tag","embeddable":true,"href":"https:\/\/justvape.nu\/sv\/wp-json\/wp\/v2\/product_tag?post=584279"}],"curies":[{"name":"wp","href":"https:\/\/api.w.org\/{rel}","templated":true}]}}