{"id":584242,"date":"2023-04-15T15:28:31","date_gmt":"2023-04-15T13:28:31","guid":{"rendered":"https:\/\/justvape.nu\/produkt\/voopoo-argus-xt-kit\/"},"modified":"2026-01-26T07:02:10","modified_gmt":"2026-01-26T06:02:10","slug":"voopoo-argus-xt-kit","status":"publish","type":"product","link":"https:\/\/justvape.nu\/sv\/produkt\/voopoo-argus-xt-kit\/","title":{"rendered":"VOOPOO &#8211; ARGUS XT KIT"},"content":{"rendered":"<h2>VOOPOO &#8211; ARGUS XT KIT<\/h2>\n<p>VooPoo Argus XT-vapekit \u00e4r ett snyggt alternativ som \u00e4r byggt f\u00f6r att motst\u00e5 vardagens slitage. Det h\u00e4r kitet beh\u00f6ver bara ett 18650- eller 21700-batteri (s\u00e4ljs separat) och ger en effekt p\u00e5 5-100 W, vilket balanserar batteritid och effekt. Den \u00e4r idealisk f\u00f6r personer som vill ha en slitstark vape n\u00e4r de \u00e4r p\u00e5 spr\u00e5ng. Argus XT-satsen har en IP68-klassning, vilket inneb\u00e4r att den \u00e4r vatten-, damm- och st\u00f6tt\u00e5lig. Argus MT levereras med tv\u00e5 VooPoo TPP-slingor som skapar en DTL-vape (Direct To Lung).<\/p>\n<p>Kittets enkla gr\u00e4nssnitt g\u00f6r det l\u00e4tt att anv\u00e4nda, vilket inneb\u00e4r att det \u00e4r enkelt att v\u00e4lja ett l\u00e4ge som passar din \u00e5ngstil b\u00e4st. Om du vill b\u00f6rja f\u00f6rbr\u00e4nna s\u00e5 snabbt som m\u00f6jligt kan du anv\u00e4nda Smart-l\u00e4get s\u00e5 att wattstyrkan automatiskt v\u00e4ljs f\u00f6r din valda spole. Om du vill ha mer kontroll \u00f6ver din r\u00f6kning kan du v\u00e4xla mellan l\u00e4gena Variable Wattage och Temperature Control. Argus XT har ocks\u00e5 ett praktiskt Boost-l\u00e4ge som avsev\u00e4rt \u00f6kar m\u00e4ngden \u00e5nga som produceras f\u00f6r en kraftfullare vape.<\/p>\n<p>Varje kit inneh\u00e5ller VooPoo MAAT-tanken som rymmer upp till 2 ml e-v\u00e4tska och som enkelt kan fyllas p\u00e5 tack vare skruvkapsylen. Den h\u00e4r tanken minskar ocks\u00e5 spottback och e-v\u00e4tskebildning tack vare den vulkanformade luftfl\u00f6desdesignen. I l\u00e5dan hittar du en 0,2 Ohm och en 0,15 Ohm ers\u00e4ttnings-TPP-spole. B\u00e5da har en n\u00e4tkonstruktion som ger b\u00e4ttre \u00e5ngproduktion och smak eftersom de v\u00e4rmer upp mer e-v\u00e4tskor i snabbare takt. Vi rekommenderar att du anv\u00e4nder dessa spolar med 70 % VG och andra h\u00f6gre VG-v\u00e4tskor.<\/p>\n<p><a href=\"https:\/\/justvape.nu\/wp-content\/uploads\/2018\/05\/Color-Schemes.png\"><img loading=\"lazy\" decoding=\"async\" class=\"alignnone size-full wp-image-19187\" src=\"https:\/\/justvape.nu\/wp-content\/uploads\/2018\/05\/Color-Schemes.png\" alt=\"\" width=\"950\" height=\"64\" title=\"\" srcset=\"https:\/\/justvape.nu\/wp-content\/uploads\/2018\/05\/Color-Schemes.png 950w, https:\/\/justvape.nu\/wp-content\/uploads\/2018\/05\/Color-Schemes-555x37.png 555w, https:\/\/justvape.nu\/wp-content\/uploads\/2018\/05\/Color-Schemes-64x4.png 64w, https:\/\/justvape.nu\/wp-content\/uploads\/2018\/05\/Color-Schemes-300x20.png 300w, https:\/\/justvape.nu\/wp-content\/uploads\/2018\/05\/Color-Schemes-768x52.png 768w\" sizes=\"auto, (max-width: 950px) 100vw, 950px\" \/><\/a><\/p>\n<p class=\"description-img-center\"><a href=\"https:\/\/justvape.nu\/wp-content\/uploads\/2023\/04\/VOOPOO_Argus_XT_Kit_with_UFORCE_L_Tank_Full_Color.jpg\"><img loading=\"lazy\" decoding=\"async\" class=\"alignnone wp-image-583766\" src=\"https:\/\/justvape.nu\/wp-content\/uploads\/2023\/04\/VOOPOO_Argus_XT_Kit_with_UFORCE_L_Tank_Full_Color.jpg\" alt=\"\" width=\"932\" height=\"282\" title=\"\" srcset=\"https:\/\/justvape.nu\/wp-content\/uploads\/2023\/04\/VOOPOO_Argus_XT_Kit_with_UFORCE_L_Tank_Full_Color.jpg 800w, https:\/\/justvape.nu\/wp-content\/uploads\/2023\/04\/VOOPOO_Argus_XT_Kit_with_UFORCE_L_Tank_Full_Color-600x182.jpg 600w, https:\/\/justvape.nu\/wp-content\/uploads\/2023\/04\/VOOPOO_Argus_XT_Kit_with_UFORCE_L_Tank_Full_Color-64x19.jpg 64w, https:\/\/justvape.nu\/wp-content\/uploads\/2023\/04\/VOOPOO_Argus_XT_Kit_with_UFORCE_L_Tank_Full_Color-300x91.jpg 300w, https:\/\/justvape.nu\/wp-content\/uploads\/2023\/04\/VOOPOO_Argus_XT_Kit_with_UFORCE_L_Tank_Full_Color-768x232.jpg 768w\" sizes=\"auto, (max-width: 932px) 100vw, 932px\" \/><\/a><\/p>\n<div class=\"shop-features \">\n<h2 class=\"shop-features-title \"><a href=\"https:\/\/justvape.nu\/wp-content\/uploads\/2018\/05\/Specifications.png\"><img loading=\"lazy\" decoding=\"async\" class=\"alignnone size-full wp-image-18993\" src=\"https:\/\/justvape.nu\/wp-content\/uploads\/2018\/05\/Specifications.png\" alt=\"\" width=\"950\" height=\"64\" title=\"\" srcset=\"https:\/\/justvape.nu\/wp-content\/uploads\/2018\/05\/Specifications.png 950w, https:\/\/justvape.nu\/wp-content\/uploads\/2018\/05\/Specifications-555x37.png 555w, https:\/\/justvape.nu\/wp-content\/uploads\/2018\/05\/Specifications-64x4.png 64w, https:\/\/justvape.nu\/wp-content\/uploads\/2018\/05\/Specifications-300x20.png 300w, https:\/\/justvape.nu\/wp-content\/uploads\/2018\/05\/Specifications-768x52.png 768w\" sizes=\"auto, (max-width: 950px) 100vw, 950px\" \/><\/a><\/h2>\n<\/div>\n<table class=\"description-table\">\n<tbody>\n<tr>\n<td class=\"strong-title \">varum\u00e4rke<\/td>\n<td class=\"inline\">VOOPOO<\/td>\n<\/tr>\n<tr>\n<td class=\"strong-title \">produktnamn<\/td>\n<td class=\"inline\">Argus XT Kit with VooPoo MAAT Tank<\/td>\n<\/tr>\n<tr>\n<td class=\"strong-title \">Batterityp<\/td>\n<td class=\"inline\">Ett externt 18650\/21700-batteri (ing\u00e5r inte)<\/td>\n<\/tr>\n<tr>\n<td class=\"strong-title \">Uteffekt<\/td>\n<td class=\"inline\">5-100W<\/td>\n<\/tr>\n<tr>\n<td class=\"strong-title \">Utsp\u00e4nning<\/td>\n<td class=\"inline\">0-8,5V<\/td>\n<\/tr>\n<tr>\n<td class=\"strong-title \">Motst\u00e5ndsintervall<\/td>\n<td class=\"inline\">0.05-3.0\u03a9<\/td>\n<\/tr>\n<tr>\n<td class=\"strong-title \">Laddningssp\u00e4nning<\/td>\n<td class=\"inline\">Typ-C 5V\/3A<\/td>\n<\/tr>\n<tr>\n<td class=\"strong-title \">Kapacitet<\/td>\n<td class=\"inline\">2 ml<\/td>\n<\/tr>\n<tr>\n<td class=\"strong-title \">Fyllning<\/td>\n<td class=\"inline\">Toppfyllning<\/td>\n<\/tr>\n<tr>\n<td class=\"strong-title \">Luftfl\u00f6de<\/td>\n<td class=\"inline\">Justerbart luftfl\u00f6de i toppen<\/td>\n<\/tr>\n<tr>\n<td class=\"strong-title \">Standardspiraler<\/td>\n<td class=\"inline\">TPP<\/td>\n<\/tr>\n<tr>\n<td class=\"strong-title \">Kompatibel spole<\/td>\n<td class=\"inline\">TPP Coils<\/td>\n<\/tr>\n<tr>\n<td class=\"strong-title \">Storlek p\u00e5 l\u00e5dan<\/td>\n<td class=\"inline\">151*95*43mm<\/td>\n<\/tr>\n<tr>\n<td class=\"strong-title \"><\/td>\n<td class=\"inline\"><\/td>\n<\/tr>\n<tr>\n<td class=\"strong-title \">F\u00e4rg<\/td>\n<td class=\"inline\">Silvergr\u00e5tt, grafit, kolfiber, limegr\u00f6nt, m\u00f6rkbl\u00e5tt<\/td>\n<\/tr>\n<\/tbody>\n<\/table>\n<div class=\"shop-features \">\n<h2 class=\"shop-features-title \"><a href=\"https:\/\/justvape.nu\/wp-content\/uploads\/2018\/05\/Features.png\"><img loading=\"lazy\" decoding=\"async\" class=\"alignnone size-full wp-image-248459\" src=\"https:\/\/justvape.nu\/wp-content\/uploads\/2018\/05\/Features.png\" alt=\"\" width=\"950\" height=\"64\" title=\"\" srcset=\"https:\/\/justvape.nu\/wp-content\/uploads\/2018\/05\/Features.png 950w, https:\/\/justvape.nu\/wp-content\/uploads\/2018\/05\/Features-600x40.png 600w, https:\/\/justvape.nu\/wp-content\/uploads\/2018\/05\/Features-64x4.png 64w, https:\/\/justvape.nu\/wp-content\/uploads\/2018\/05\/Features-300x20.png 300w, https:\/\/justvape.nu\/wp-content\/uploads\/2018\/05\/Features-768x52.png 768w\" sizes=\"auto, (max-width: 950px) 100vw, 950px\" \/><\/a><\/h2>\n<\/div>\n<ul>\n<li style=\"list-style-type: none;\">\n<ul>\n<li>1. H\u00e5lfritt utseende och l\u00e4der-metallblandat material<\/li>\n<li>2. Utformad med lanyardringar, bekv\u00e4m att b\u00e4ra.<\/li>\n<li>3. Turbo mod f\u00f6r extrem \u00f6kning av \u00e5ngupplevelsen<\/li>\n<li>4. Ett enda externt 18650\/21700-batteri med Typ-C-laddning<\/li>\n<li>5. GENE TT 2.0 Chip med Smart-, RBA-, Turbo- och TC-l\u00e4ge<\/li>\n<li>6. IP68-klassificering tri-proof-funktion, h\u00e5llbar i anv\u00e4ndning<\/li>\n<li>7. Humaniserat QS-l\u00e5s f\u00f6r att undvika oavsiktlig ant\u00e4ndning eller omkoppling.<\/li>\n<li>8. Sju s\u00e4kerhetsskydd f\u00f6r att garantera s\u00e4ker anv\u00e4ndning<\/li>\n<li>9. Trippel luftintag f\u00f6r att balansera luftfl\u00f6det och smakfull smak.<\/li>\n<li>10. Luftv\u00e4g uppifr\u00e5n och ned f\u00f6r att isolera kondensat och f\u00f6rhindra l\u00e4ckage.<\/li>\n<li>11. 360\u00b0 luftfl\u00f6desjustering f\u00f6r att anpassa din favoritsmak<\/li>\n<li>12. Innovativ 510-bas med kylfl\u00e4nsdesign<\/li>\n<li>13. 2 ml kapacitet, enkel toppfyllning<\/li>\n<li>14. Anv\u00e4nder PnP dual in one-teknik<\/li>\n<li>15. Kompatibel med alla PnP-spolar<\/li>\n<\/ul>\n<\/li>\n<\/ul>\n<div class=\"img-show-more\">\n<div id=\"img_content_less\" class=\"img-content add-more\">\n<p class=\"description-img-center\"><a href=\"https:\/\/justvape.nu\/wp-content\/uploads\/2023\/04\/VOOPOO_Argus_XT_Mod_Kit_Features.jpg\"><img loading=\"lazy\" decoding=\"async\" class=\"alignnone wp-image-583775\" src=\"https:\/\/justvape.nu\/wp-content\/uploads\/2023\/04\/VOOPOO_Argus_XT_Mod_Kit_Features.jpg\" alt=\"\" width=\"830\" height=\"990\" title=\"\" srcset=\"https:\/\/justvape.nu\/wp-content\/uploads\/2023\/04\/VOOPOO_Argus_XT_Mod_Kit_Features.jpg 718w, https:\/\/justvape.nu\/wp-content\/uploads\/2023\/04\/VOOPOO_Argus_XT_Mod_Kit_Features-600x715.jpg 600w, https:\/\/justvape.nu\/wp-content\/uploads\/2023\/04\/VOOPOO_Argus_XT_Mod_Kit_Features-64x76.jpg 64w, https:\/\/justvape.nu\/wp-content\/uploads\/2023\/04\/VOOPOO_Argus_XT_Mod_Kit_Features-252x300.jpg 252w\" sizes=\"auto, (max-width: 830px) 100vw, 830px\" \/><\/a> <a href=\"https:\/\/justvape.nu\/wp-content\/uploads\/2023\/04\/VOOPOO_Argus_XT_Mod_Kit_100W.jpg\"><img loading=\"lazy\" decoding=\"async\" class=\"alignnone size-full wp-image-583783\" src=\"https:\/\/justvape.nu\/wp-content\/uploads\/2023\/04\/VOOPOO_Argus_XT_Mod_Kit_100W.jpg\" alt=\"\" width=\"831\" height=\"403\" title=\"\" srcset=\"https:\/\/justvape.nu\/wp-content\/uploads\/2023\/04\/VOOPOO_Argus_XT_Mod_Kit_100W.jpg 831w, https:\/\/justvape.nu\/wp-content\/uploads\/2023\/04\/VOOPOO_Argus_XT_Mod_Kit_100W-600x291.jpg 600w, https:\/\/justvape.nu\/wp-content\/uploads\/2023\/04\/VOOPOO_Argus_XT_Mod_Kit_100W-64x31.jpg 64w, https:\/\/justvape.nu\/wp-content\/uploads\/2023\/04\/VOOPOO_Argus_XT_Mod_Kit_100W-300x145.jpg 300w, https:\/\/justvape.nu\/wp-content\/uploads\/2023\/04\/VOOPOO_Argus_XT_Mod_Kit_100W-768x372.jpg 768w\" sizes=\"auto, (max-width: 831px) 100vw, 831px\" \/><\/a> <a href=\"https:\/\/justvape.nu\/wp-content\/uploads\/2023\/04\/VOOPOO_Argus_XT_Mod_Kit_18650_and_21700.jpg\"><img loading=\"lazy\" decoding=\"async\" class=\"alignnone size-full wp-image-583791\" src=\"https:\/\/justvape.nu\/wp-content\/uploads\/2023\/04\/VOOPOO_Argus_XT_Mod_Kit_18650_and_21700.jpg\" alt=\"\" width=\"831\" height=\"518\" title=\"\" srcset=\"https:\/\/justvape.nu\/wp-content\/uploads\/2023\/04\/VOOPOO_Argus_XT_Mod_Kit_18650_and_21700.jpg 831w, https:\/\/justvape.nu\/wp-content\/uploads\/2023\/04\/VOOPOO_Argus_XT_Mod_Kit_18650_and_21700-600x374.jpg 600w, https:\/\/justvape.nu\/wp-content\/uploads\/2023\/04\/VOOPOO_Argus_XT_Mod_Kit_18650_and_21700-64x40.jpg 64w, https:\/\/justvape.nu\/wp-content\/uploads\/2023\/04\/VOOPOO_Argus_XT_Mod_Kit_18650_and_21700-300x187.jpg 300w, https:\/\/justvape.nu\/wp-content\/uploads\/2023\/04\/VOOPOO_Argus_XT_Mod_Kit_18650_and_21700-768x479.jpg 768w\" sizes=\"auto, (max-width: 831px) 100vw, 831px\" \/><\/a><\/p>\n<p class=\"description-img-center\">\n<\/div>\n<\/div>\n<div class=\"shop-features \">\n<h2 class=\"shop-features-title \"><a href=\"https:\/\/justvape.nu\/wp-content\/uploads\/2018\/04\/Packing-List.png\"><img loading=\"lazy\" decoding=\"async\" class=\"alignnone size-full wp-image-18999\" src=\"https:\/\/justvape.nu\/wp-content\/uploads\/2018\/04\/Packing-List.png\" alt=\"\" width=\"950\" height=\"64\" title=\"\" srcset=\"https:\/\/justvape.nu\/wp-content\/uploads\/2018\/04\/Packing-List.png 950w, https:\/\/justvape.nu\/wp-content\/uploads\/2018\/04\/Packing-List-555x37.png 555w, https:\/\/justvape.nu\/wp-content\/uploads\/2018\/04\/Packing-List-64x4.png 64w, https:\/\/justvape.nu\/wp-content\/uploads\/2018\/04\/Packing-List-300x20.png 300w, https:\/\/justvape.nu\/wp-content\/uploads\/2018\/04\/Packing-List-768x52.png 768w\" sizes=\"auto, (max-width: 950px) 100vw, 950px\" \/><\/a><\/h2>\n<\/div>\n<p>1* VOOPOO Argus XT-enhet<br \/>\n1* VooPoo MAAT Tank<br \/>\n1* TPP-DM1 0,15\u03a9 spole<br \/>\n1* TPP-DM2 0.2\u03a9 spole<br \/>\n1* Silikon gummipaket<br \/>\n1* 18650 batteriadapter<br \/>\n1 * Type-C-kabel<br \/>\n1* Anv\u00e4ndare Anv\u00e4ndare<\/p>\n","protected":false},"excerpt":{"rendered":"<p>VOOPOO &#8211; ARGUS XT KIT<\/p>\n","protected":false},"featured_media":583811,"comment_status":"open","ping_status":"closed","template":"","meta":{"_acf_changed":false,"_uag_custom_page_level_css":"","site-sidebar-layout":"default","site-content-layout":"default","ast-site-content-layout":"default","site-content-style":"default","site-sidebar-style":"default","ast-global-header-display":"","ast-banner-title-visibility":"","ast-main-header-display":"","ast-hfb-above-header-display":"","ast-hfb-below-header-display":"","ast-hfb-mobile-header-display":"","site-post-title":"","ast-breadcrumbs-content":"","ast-featured-img":"","footer-sml-layout":"","ast-disable-related-posts":"","theme-transparent-header-meta":"default","adv-header-id-meta":"","stick-header-meta":"default","header-above-stick-meta":"","header-main-stick-meta":"","header-below-stick-meta":"","astra-migrate-meta-layouts":"default","ast-page-background-enabled":"default","ast-page-background-meta":{"desktop":{"background-color":"","background-image":"","background-repeat":"repeat","background-position":"center center","background-size":"auto","background-attachment":"scroll","background-type":"","background-media":"","overlay-type":"","overlay-color":"","overlay-opacity":"","overlay-gradient":""},"tablet":{"background-color":"","background-image":"","background-repeat":"repeat","background-position":"center center","background-size":"auto","background-attachment":"scroll","background-type":"","background-media":"","overlay-type":"","overlay-color":"","overlay-opacity":"","overlay-gradient":""},"mobile":{"background-color":"","background-image":"","background-repeat":"repeat","background-position":"center center","background-size":"auto","background-attachment":"scroll","background-type":"","background-media":"","overlay-type":"","overlay-color":"","overlay-opacity":"","overlay-gradient":""}},"ast-content-background-meta":{"desktop":{"background-color":"var(--ast-global-color-5)","background-image":"","background-repeat":"repeat","background-position":"center center","background-size":"auto","background-attachment":"scroll","background-type":"","background-media":"","overlay-type":"","overlay-color":"","overlay-opacity":"","overlay-gradient":""},"tablet":{"background-color":"var(--ast-global-color-5)","background-image":"","background-repeat":"repeat","background-position":"center center","background-size":"auto","background-attachment":"scroll","background-type":"","background-media":"","overlay-type":"","overlay-color":"","overlay-opacity":"","overlay-gradient":""},"mobile":{"background-color":"var(--ast-global-color-5)","background-image":"","background-repeat":"repeat","background-position":"center center","background-size":"auto","background-attachment":"scroll","background-type":"","background-media":"","overlay-type":"","overlay-color":"","overlay-opacity":"","overlay-gradient":""}}},"product_brand":[],"product_cat":[2074,2532,2533,2147,2534],"product_tag":[],"class_list":{"0":"post-584242","1":"product","2":"type-product","3":"status-publish","4":"has-post-thumbnail","6":"product_cat-e-cigaretter-sv","7":"product_cat-hardware-sv","8":"product_cat-shop-by-brand-sv","9":"product_cat-sub-ohm-satser","10":"product_cat-voopoo-sv","11":"desktop-align-center","12":"tablet-align-center","13":"mobile-align-center","14":"ast-product-gallery-layout-horizontal-slider","15":"ast-product-single-variable","16":"ast-product-tabs-layout-horizontal","18":"first","19":"instock","20":"sale","21":"taxable","22":"shipping-taxable","23":"purchasable","24":"product-type-variable"},"acf":[],"uagb_featured_image_src":{"full":["https:\/\/justvape.nu\/wp-content\/uploads\/2023\/04\/3cEBXSJ4.jpeg",600,600,false],"thumbnail":["https:\/\/justvape.nu\/wp-content\/uploads\/2023\/04\/3cEBXSJ4-150x150.jpeg",150,150,true],"medium":["https:\/\/justvape.nu\/wp-content\/uploads\/2023\/04\/3cEBXSJ4-300x300.jpeg",300,300,true],"medium_large":["https:\/\/justvape.nu\/wp-content\/uploads\/2023\/04\/3cEBXSJ4.jpeg",600,600,false],"large":["https:\/\/justvape.nu\/wp-content\/uploads\/2023\/04\/3cEBXSJ4.jpeg",600,600,false],"1536x1536":["https:\/\/justvape.nu\/wp-content\/uploads\/2023\/04\/3cEBXSJ4.jpeg",600,600,false],"2048x2048":["https:\/\/justvape.nu\/wp-content\/uploads\/2023\/04\/3cEBXSJ4.jpeg",600,600,false],"woocommerce_thumbnail":["https:\/\/justvape.nu\/wp-content\/uploads\/2023\/04\/3cEBXSJ4-300x300.jpeg",300,300,true],"woocommerce_single":["https:\/\/justvape.nu\/wp-content\/uploads\/2023\/04\/3cEBXSJ4.jpeg",600,600,false],"woocommerce_gallery_thumbnail":["https:\/\/justvape.nu\/wp-content\/uploads\/2023\/04\/3cEBXSJ4-100x100.jpeg",100,100,true],"dgwt-wcas-product-suggestion":["https:\/\/justvape.nu\/wp-content\/uploads\/2023\/04\/3cEBXSJ4-64x64.jpeg",64,64,true]},"uagb_author_info":{"display_name":"Kenneth Merkur","author_link":"https:\/\/justvape.nu\/sv\/author\/"},"uagb_comment_info":0,"uagb_excerpt":"VOOPOO - ARGUS XT KIT","_links":{"self":[{"href":"https:\/\/justvape.nu\/sv\/wp-json\/wp\/v2\/product\/584242","targetHints":{"allow":["GET"]}}],"collection":[{"href":"https:\/\/justvape.nu\/sv\/wp-json\/wp\/v2\/product"}],"about":[{"href":"https:\/\/justvape.nu\/sv\/wp-json\/wp\/v2\/types\/product"}],"replies":[{"embeddable":true,"href":"https:\/\/justvape.nu\/sv\/wp-json\/wp\/v2\/comments?post=584242"}],"wp:featuredmedia":[{"embeddable":true,"href":"https:\/\/justvape.nu\/sv\/wp-json\/wp\/v2\/media\/583811"}],"wp:attachment":[{"href":"https:\/\/justvape.nu\/sv\/wp-json\/wp\/v2\/media?parent=584242"}],"wp:term":[{"taxonomy":"product_brand","embeddable":true,"href":"https:\/\/justvape.nu\/sv\/wp-json\/wp\/v2\/product_brand?post=584242"},{"taxonomy":"product_cat","embeddable":true,"href":"https:\/\/justvape.nu\/sv\/wp-json\/wp\/v2\/product_cat?post=584242"},{"taxonomy":"product_tag","embeddable":true,"href":"https:\/\/justvape.nu\/sv\/wp-json\/wp\/v2\/product_tag?post=584242"}],"curies":[{"name":"wp","href":"https:\/\/api.w.org\/{rel}","templated":true}]}}