{"id":582065,"date":"2023-04-05T22:06:02","date_gmt":"2023-04-05T20:06:02","guid":{"rendered":"https:\/\/justvape.nu\/produkt\/smok-solus-g-box-kit\/"},"modified":"2024-02-05T11:15:24","modified_gmt":"2024-02-05T10:15:24","slug":"rok-solus-g-box-kit","status":"publish","type":"product","link":"https:\/\/justvape.nu\/sv\/produkt\/rok-solus-g-box-kit\/","title":{"rendered":"SMOK &#8211; SOLUS G-BOX KIT"},"content":{"rendered":"<h2>SMOK &#8211; SOLUS G-BOX KIT<\/h2>\n<p>Smok Solus G Box pod-vapekit \u00e4r perfekt f\u00f6r b\u00e5de nyb\u00f6rjare och erfarna r\u00f6kare. Det finns ett 700mAh-batteri inbyggt i detta kit som ger en maxeffekt p\u00e5 18W. Det h\u00e4r kitet inneh\u00e5ller en pod med en inbyggd n\u00e4tspole som \u00e4r utformad f\u00f6r att m\u00f6jligg\u00f6ra MTL-vapning (Mouth To Lung). Dessutom finns det en snabbladdningskabel f\u00f6r USB-C-kabel och ett praktiskt nyckelband f\u00f6r att du ska kunna anv\u00e4nda den n\u00e4r du \u00e4r ute och r\u00f6ker.<\/p>\n<p>Det h\u00e4r vape-kitet har inhalationsaktivering, s\u00e5 du beh\u00f6ver bara puffa p\u00e5 munstycket f\u00f6r att vape. Dessutom finns det inga knappar eller sk\u00e4rmar p\u00e5 det h\u00e4r kitet, vilket inneb\u00e4r att det inte heller finns n\u00e5gra knepiga menyer att navigera i eller inst\u00e4llningar att \u00e4ndra, utan du ansluter bara din pod och kitet \u00e4r redo att anv\u00e4ndas. Podden som ing\u00e5r i det h\u00e4r kitet har utformats f\u00f6r en vape som liknar en cigarett och skapar en liten m\u00e4ngd \u00e5nga.<\/p>\n<p>Solus G Box levereras komplett med en Smok Solus 2-pod som har en inbyggd n\u00e4tspole, som v\u00e4rms upp snabbare och f\u00f6rb\u00e4ttrar smakproduktionen. Den h\u00e4r enheten \u00e4r ocks\u00e5 kompatibel med Smok Solus ers\u00e4ttningskapslar. B\u00e5da typerna av pods har en gummipropp p\u00e5 sidan som kan tas bort f\u00f6r att avsl\u00f6ja en e-v\u00e4tskekontakt f\u00f6r enkel p\u00e5fyllning. Vi rekommenderar att du kombinerar det h\u00e4r kitet med e-v\u00e4tskor som har en 50\/50- eller h\u00f6g PG-koncentration.<\/p>\n<p><a href=\"https:\/\/justvape.nu\/wp-content\/uploads\/2018\/05\/Color-Schemes.png\"><img loading=\"lazy\" decoding=\"async\" class=\"alignnone size-full wp-image-19187\" src=\"https:\/\/justvape.nu\/wp-content\/uploads\/2018\/05\/Color-Schemes.png\" alt=\"\" width=\"950\" height=\"64\" title=\"\" srcset=\"https:\/\/justvape.nu\/wp-content\/uploads\/2018\/05\/Color-Schemes.png 950w, https:\/\/justvape.nu\/wp-content\/uploads\/2018\/05\/Color-Schemes-555x37.png 555w, https:\/\/justvape.nu\/wp-content\/uploads\/2018\/05\/Color-Schemes-64x4.png 64w, https:\/\/justvape.nu\/wp-content\/uploads\/2018\/05\/Color-Schemes-300x20.png 300w, https:\/\/justvape.nu\/wp-content\/uploads\/2018\/05\/Color-Schemes-768x52.png 768w\" sizes=\"auto, (max-width: 950px) 100vw, 950px\" \/><\/a><\/p>\n<p><a href=\"https:\/\/justvape.nu\/wp-content\/uploads\/2023\/04\/solus_g_box_kit_colourways.png\"><img loading=\"lazy\" decoding=\"async\" class=\"alignnone wp-image-581809\" src=\"https:\/\/justvape.nu\/wp-content\/uploads\/2023\/04\/solus_g_box_kit_colourways.png\" alt=\"\" width=\"801\" height=\"434\" title=\"\" srcset=\"https:\/\/justvape.nu\/wp-content\/uploads\/2023\/04\/solus_g_box_kit_colourways.png 685w, https:\/\/justvape.nu\/wp-content\/uploads\/2023\/04\/solus_g_box_kit_colourways-600x325.png 600w, https:\/\/justvape.nu\/wp-content\/uploads\/2023\/04\/solus_g_box_kit_colourways-64x35.png 64w, https:\/\/justvape.nu\/wp-content\/uploads\/2023\/04\/solus_g_box_kit_colourways-300x162.png 300w\" sizes=\"auto, (max-width: 801px) 100vw, 801px\" \/><\/a><\/p>\n<p><a href=\"https:\/\/justvape.nu\/wp-content\/uploads\/2018\/05\/Features.png\"><img loading=\"lazy\" decoding=\"async\" class=\"alignnone size-full wp-image-248459\" src=\"https:\/\/justvape.nu\/wp-content\/uploads\/2018\/05\/Features.png\" alt=\"\" width=\"950\" height=\"64\" title=\"\" srcset=\"https:\/\/justvape.nu\/wp-content\/uploads\/2018\/05\/Features.png 950w, https:\/\/justvape.nu\/wp-content\/uploads\/2018\/05\/Features-600x40.png 600w, https:\/\/justvape.nu\/wp-content\/uploads\/2018\/05\/Features-64x4.png 64w, https:\/\/justvape.nu\/wp-content\/uploads\/2018\/05\/Features-300x20.png 300w, https:\/\/justvape.nu\/wp-content\/uploads\/2018\/05\/Features-768x52.png 768w\" sizes=\"auto, (max-width: 950px) 100vw, 950px\" \/><\/a><\/p>\n<ul>\n<li>MTL Pod Kit<\/li>\n<li>Nyb\u00f6rjarv\u00e4nligt<\/li>\n<li>2ml p\u00e5fyllningsbara pods<\/li>\n<li>Andas in aktiverad<\/li>\n<li>Inbyggt 700mAh-batteri<\/li>\n<li>Kompakt uppbyggnad<\/li>\n<\/ul>\n<p><a href=\"https:\/\/justvape.nu\/wp-content\/uploads\/2023\/04\/SOLUS-G-BOX-1.jpg\"><img loading=\"lazy\" decoding=\"async\" class=\"alignnone wp-image-581817\" src=\"https:\/\/justvape.nu\/wp-content\/uploads\/2023\/04\/SOLUS-G-BOX-1.jpg\" alt=\"\" width=\"802\" height=\"450\" title=\"\" srcset=\"https:\/\/justvape.nu\/wp-content\/uploads\/2023\/04\/SOLUS-G-BOX-1.jpg 1200w, https:\/\/justvape.nu\/wp-content\/uploads\/2023\/04\/SOLUS-G-BOX-1-600x337.jpg 600w, https:\/\/justvape.nu\/wp-content\/uploads\/2023\/04\/SOLUS-G-BOX-1-64x36.jpg 64w, https:\/\/justvape.nu\/wp-content\/uploads\/2023\/04\/SOLUS-G-BOX-1-300x168.jpg 300w, https:\/\/justvape.nu\/wp-content\/uploads\/2023\/04\/SOLUS-G-BOX-1-1024x574.jpg 1024w, https:\/\/justvape.nu\/wp-content\/uploads\/2023\/04\/SOLUS-G-BOX-1-768x431.jpg 768w\" sizes=\"auto, (max-width: 802px) 100vw, 802px\" \/><\/a><\/p>\n<p><a href=\"https:\/\/justvape.nu\/wp-content\/uploads\/2018\/05\/Packing-List.png\"><img loading=\"lazy\" decoding=\"async\" class=\"alignnone size-full wp-image-248468\" src=\"https:\/\/justvape.nu\/wp-content\/uploads\/2018\/05\/Packing-List.png\" alt=\"\" width=\"950\" height=\"64\" title=\"\" srcset=\"https:\/\/justvape.nu\/wp-content\/uploads\/2018\/05\/Packing-List.png 950w, https:\/\/justvape.nu\/wp-content\/uploads\/2018\/05\/Packing-List-600x40.png 600w, https:\/\/justvape.nu\/wp-content\/uploads\/2018\/05\/Packing-List-64x4.png 64w, https:\/\/justvape.nu\/wp-content\/uploads\/2018\/05\/Packing-List-300x20.png 300w, https:\/\/justvape.nu\/wp-content\/uploads\/2018\/05\/Packing-List-768x52.png 768w\" sizes=\"auto, (max-width: 950px) 100vw, 950px\" \/><\/a><\/p>\n<ul>\n<li>Smok Solus G Box Vape Device<\/li>\n<li>0,9 Ohm Smok Solus 2 Pod<\/li>\n<li>USB-C laddningskabel<\/li>\n<li>Lanyard<\/li>\n<li>Anv\u00e4ndarmanual<\/li>\n<\/ul>\n","protected":false},"excerpt":{"rendered":"<p>SMOK &#8211; SOLUS G-BOX KIT<\/p>\n","protected":false},"featured_media":581839,"comment_status":"open","ping_status":"closed","template":"","meta":{"_acf_changed":false,"_uag_custom_page_level_css":"","site-sidebar-layout":"default","site-content-layout":"default","ast-site-content-layout":"default","site-content-style":"default","site-sidebar-style":"default","ast-global-header-display":"","ast-banner-title-visibility":"","ast-main-header-display":"","ast-hfb-above-header-display":"","ast-hfb-below-header-display":"","ast-hfb-mobile-header-display":"","site-post-title":"","ast-breadcrumbs-content":"","ast-featured-img":"","footer-sml-layout":"","ast-disable-related-posts":"","theme-transparent-header-meta":"default","adv-header-id-meta":"","stick-header-meta":"default","header-above-stick-meta":"","header-main-stick-meta":"","header-below-stick-meta":"","astra-migrate-meta-layouts":"default","ast-page-background-enabled":"default","ast-page-background-meta":{"desktop":{"background-color":"","background-image":"","background-repeat":"repeat","background-position":"center center","background-size":"auto","background-attachment":"scroll","background-type":"","background-media":"","overlay-type":"","overlay-color":"","overlay-opacity":"","overlay-gradient":""},"tablet":{"background-color":"","background-image":"","background-repeat":"repeat","background-position":"center center","background-size":"auto","background-attachment":"scroll","background-type":"","background-media":"","overlay-type":"","overlay-color":"","overlay-opacity":"","overlay-gradient":""},"mobile":{"background-color":"","background-image":"","background-repeat":"repeat","background-position":"center center","background-size":"auto","background-attachment":"scroll","background-type":"","background-media":"","overlay-type":"","overlay-color":"","overlay-opacity":"","overlay-gradient":""}},"ast-content-background-meta":{"desktop":{"background-color":"var(--ast-global-color-5)","background-image":"","background-repeat":"repeat","background-position":"center center","background-size":"auto","background-attachment":"scroll","background-type":"","background-media":"","overlay-type":"","overlay-color":"","overlay-opacity":"","overlay-gradient":""},"tablet":{"background-color":"var(--ast-global-color-5)","background-image":"","background-repeat":"repeat","background-position":"center center","background-size":"auto","background-attachment":"scroll","background-type":"","background-media":"","overlay-type":"","overlay-color":"","overlay-opacity":"","overlay-gradient":""},"mobile":{"background-color":"var(--ast-global-color-5)","background-image":"","background-repeat":"repeat","background-position":"center center","background-size":"auto","background-attachment":"scroll","background-type":"","background-media":"","overlay-type":"","overlay-color":"","overlay-opacity":"","overlay-gradient":""}}},"product_brand":[],"product_cat":[2074,2532,2084,2533,3371],"product_tag":[],"class_list":{"0":"post-582065","1":"product","2":"type-product","3":"status-publish","4":"has-post-thumbnail","6":"product_cat-e-cigaretter-sv","7":"product_cat-hardware-sv","8":"product_cat-nyborjarsatser-pods","9":"product_cat-shop-by-brand-sv","10":"product_cat-smok-sv","11":"desktop-align-center","12":"tablet-align-center","13":"mobile-align-center","14":"ast-product-gallery-layout-horizontal-slider","15":"ast-product-single-variable","16":"ast-product-tabs-layout-horizontal","18":"first","19":"instock","20":"sale","21":"taxable","22":"shipping-taxable","23":"purchasable","24":"product-type-variable"},"acf":[],"uagb_featured_image_src":{"full":["https:\/\/justvape.nu\/wp-content\/uploads\/2023\/04\/Mv-GYcwI.jpeg",600,600,false],"thumbnail":["https:\/\/justvape.nu\/wp-content\/uploads\/2023\/04\/Mv-GYcwI-150x150.jpeg",150,150,true],"medium":["https:\/\/justvape.nu\/wp-content\/uploads\/2023\/04\/Mv-GYcwI-300x300.jpeg",300,300,true],"medium_large":["https:\/\/justvape.nu\/wp-content\/uploads\/2023\/04\/Mv-GYcwI.jpeg",600,600,false],"large":["https:\/\/justvape.nu\/wp-content\/uploads\/2023\/04\/Mv-GYcwI.jpeg",600,600,false],"1536x1536":["https:\/\/justvape.nu\/wp-content\/uploads\/2023\/04\/Mv-GYcwI.jpeg",600,600,false],"2048x2048":["https:\/\/justvape.nu\/wp-content\/uploads\/2023\/04\/Mv-GYcwI.jpeg",600,600,false],"woocommerce_thumbnail":["https:\/\/justvape.nu\/wp-content\/uploads\/2023\/04\/Mv-GYcwI-300x300.jpeg",300,300,true],"woocommerce_single":["https:\/\/justvape.nu\/wp-content\/uploads\/2023\/04\/Mv-GYcwI.jpeg",600,600,false],"woocommerce_gallery_thumbnail":["https:\/\/justvape.nu\/wp-content\/uploads\/2023\/04\/Mv-GYcwI-100x100.jpeg",100,100,true],"dgwt-wcas-product-suggestion":["https:\/\/justvape.nu\/wp-content\/uploads\/2023\/04\/Mv-GYcwI-64x64.jpeg",64,64,true]},"uagb_author_info":{"display_name":"Kenneth Merkur","author_link":"https:\/\/justvape.nu\/sv\/author\/"},"uagb_comment_info":0,"uagb_excerpt":"SMOK - SOLUS G-BOX KIT","_links":{"self":[{"href":"https:\/\/justvape.nu\/sv\/wp-json\/wp\/v2\/product\/582065","targetHints":{"allow":["GET"]}}],"collection":[{"href":"https:\/\/justvape.nu\/sv\/wp-json\/wp\/v2\/product"}],"about":[{"href":"https:\/\/justvape.nu\/sv\/wp-json\/wp\/v2\/types\/product"}],"replies":[{"embeddable":true,"href":"https:\/\/justvape.nu\/sv\/wp-json\/wp\/v2\/comments?post=582065"}],"wp:featuredmedia":[{"embeddable":true,"href":"https:\/\/justvape.nu\/sv\/wp-json\/wp\/v2\/media\/581839"}],"wp:attachment":[{"href":"https:\/\/justvape.nu\/sv\/wp-json\/wp\/v2\/media?parent=582065"}],"wp:term":[{"taxonomy":"product_brand","embeddable":true,"href":"https:\/\/justvape.nu\/sv\/wp-json\/wp\/v2\/product_brand?post=582065"},{"taxonomy":"product_cat","embeddable":true,"href":"https:\/\/justvape.nu\/sv\/wp-json\/wp\/v2\/product_cat?post=582065"},{"taxonomy":"product_tag","embeddable":true,"href":"https:\/\/justvape.nu\/sv\/wp-json\/wp\/v2\/product_tag?post=582065"}],"curies":[{"name":"wp","href":"https:\/\/api.w.org\/{rel}","templated":true}]}}