{"id":577351,"date":"2023-03-22T10:19:57","date_gmt":"2023-03-22T09:19:57","guid":{"rendered":"https:\/\/justvape.nu\/produkt\/lost-vape-ursa-baby-pro-pod-kit\/"},"modified":"2024-02-05T11:15:27","modified_gmt":"2024-02-05T10:15:27","slug":"lost-vape-ursa-baby-pro-pod-kit","status":"publish","type":"product","link":"https:\/\/justvape.nu\/sv\/produkt\/lost-vape-ursa-baby-pro-pod-kit\/","title":{"rendered":"LOST VAPE &#8211; URSA BABY PRO POD KIT"},"content":{"rendered":"<h2>LOST VAPE &#8211; URSA BABY PRO POD KIT<\/h2>\n<p>Lost Vape Ursa Baby Pro-vapekit \u00e4r en kompakt och praktisk enhet som \u00e4r perfekt f\u00f6r anv\u00e4ndare som letar efter en enhet som \u00e4r l\u00e4tt att b\u00e4ra med sig. Den har ett inbyggt batteri med en kapacitet p\u00e5 900 mAh, vilket ger l\u00e5nga vaping-sessioner. Det finns ocks\u00e5 en maximal effekt p\u00e5 25 W, vilket g\u00f6r den idealisk f\u00f6r MTL (Mouth To Lung) eller RDTL (Restricted Direct To Lung).<\/p>\n<p>Tv\u00e5 pods ing\u00e5r i l\u00e5dan, en Ursa 0,6ohm-pod och en tom pod som kan anv\u00e4ndas med UB Mini Coils. Den levereras ocks\u00e5 med en UB Mini S1-spole. Med knappen ovanf\u00f6r displayen kan du \u00f6ka wattstyrkan f\u00f6r st\u00f6rre moln eller s\u00e4nka den f\u00f6r mindre \u00e5ngproduktion.<\/p>\n<p>Det \u00e4r enkelt att fylla p\u00e5 din Ursa Baby Pro-kit tack vare den sidofyllda Ursa Nano-podden. Allt du beh\u00f6ver g\u00f6ra \u00e4r att ta bort silikonproppen f\u00f6r att avsl\u00f6ja p\u00e5fyllningsporten och fylla p\u00e5 med din valda e-v\u00e4tska. F\u00f6r b\u00e4sta resultat f\u00f6resl\u00e5r vi att du anv\u00e4nder en e-v\u00e4tska med en 50\/50- eller h\u00f6g PG-koncentration f\u00f6r att f\u00e5 ut det mesta av ditt kit. Dessutom kan du st\u00e4lla in inandningen s\u00e5 att den k\u00e4nns tightare eller l\u00f6sare med den justerbara luftfl\u00f6desfunktionen. Med den h\u00e4r funktionen kan du anpassa din r\u00f6kupplevelse efter dina \u00f6nskem\u00e5l, oavsett om du f\u00f6redrar ett t\u00e4tare eller l\u00f6sare drag. P\u00e5 det hela taget \u00e4r Lost Vape Ursa Baby Pro-vapekit ett utm\u00e4rkt val f\u00f6r anv\u00e4ndare som letar efter en kompakt, bekv\u00e4m och anpassningsbar enhet.<\/p>\n<p><a href=\"https:\/\/justvape.nu\/wp-content\/uploads\/2018\/05\/Color-Schemes.png\"><img loading=\"lazy\" decoding=\"async\" class=\"alignnone size-full wp-image-19187\" src=\"https:\/\/justvape.nu\/wp-content\/uploads\/2018\/05\/Color-Schemes.png\" alt=\"\" width=\"950\" height=\"64\" title=\"\" srcset=\"https:\/\/justvape.nu\/wp-content\/uploads\/2018\/05\/Color-Schemes.png 950w, https:\/\/justvape.nu\/wp-content\/uploads\/2018\/05\/Color-Schemes-555x37.png 555w, https:\/\/justvape.nu\/wp-content\/uploads\/2018\/05\/Color-Schemes-64x4.png 64w, https:\/\/justvape.nu\/wp-content\/uploads\/2018\/05\/Color-Schemes-300x20.png 300w, https:\/\/justvape.nu\/wp-content\/uploads\/2018\/05\/Color-Schemes-768x52.png 768w\" sizes=\"auto, (max-width: 950px) 100vw, 950px\" \/><\/a><\/p>\n<p class=\"description-img-center\"><a href=\"https:\/\/justvape.nu\/wp-content\/uploads\/2023\/03\/Lost_Vape_Ursa_Baby_Pro_Kit_Colors.jpg\"><img loading=\"lazy\" decoding=\"async\" class=\"alignnone wp-image-577105\" src=\"https:\/\/justvape.nu\/wp-content\/uploads\/2023\/03\/Lost_Vape_Ursa_Baby_Pro_Kit_Colors.jpg\" alt=\"\" width=\"929\" height=\"611\" title=\"\" srcset=\"https:\/\/justvape.nu\/wp-content\/uploads\/2023\/03\/Lost_Vape_Ursa_Baby_Pro_Kit_Colors.jpg 800w, https:\/\/justvape.nu\/wp-content\/uploads\/2023\/03\/Lost_Vape_Ursa_Baby_Pro_Kit_Colors-600x395.jpg 600w, https:\/\/justvape.nu\/wp-content\/uploads\/2023\/03\/Lost_Vape_Ursa_Baby_Pro_Kit_Colors-64x42.jpg 64w, https:\/\/justvape.nu\/wp-content\/uploads\/2023\/03\/Lost_Vape_Ursa_Baby_Pro_Kit_Colors-300x197.jpg 300w, https:\/\/justvape.nu\/wp-content\/uploads\/2023\/03\/Lost_Vape_Ursa_Baby_Pro_Kit_Colors-768x505.jpg 768w\" sizes=\"auto, (max-width: 929px) 100vw, 929px\" \/><\/a><\/p>\n<div class=\"shop-features \">\n<h2 class=\"shop-features-title \"><a href=\"https:\/\/justvape.nu\/wp-content\/uploads\/2018\/05\/Specifications.png\"><img loading=\"lazy\" decoding=\"async\" class=\"alignnone size-full wp-image-248449\" src=\"https:\/\/justvape.nu\/wp-content\/uploads\/2018\/05\/Specifications.png\" alt=\"\" width=\"950\" height=\"64\" title=\"\" srcset=\"https:\/\/justvape.nu\/wp-content\/uploads\/2018\/05\/Specifications.png 950w, https:\/\/justvape.nu\/wp-content\/uploads\/2018\/05\/Specifications-600x40.png 600w, https:\/\/justvape.nu\/wp-content\/uploads\/2018\/05\/Specifications-64x4.png 64w, https:\/\/justvape.nu\/wp-content\/uploads\/2018\/05\/Specifications-300x20.png 300w, https:\/\/justvape.nu\/wp-content\/uploads\/2018\/05\/Specifications-768x52.png 768w\" sizes=\"auto, (max-width: 950px) 100vw, 950px\" \/><\/a><\/h2>\n<p>&nbsp;<\/p>\n<\/div>\n<p><strong class=\"description-little-title\">Ursa Baby Pro-parametrar:<\/strong><\/p>\n<table class=\"description-table\">\n<tbody>\n<tr>\n<td class=\"strong-title \">varum\u00e4rke<\/td>\n<td class=\"inline\">Lost Vape<\/td>\n<\/tr>\n<tr>\n<td class=\"strong-title \">produktnamn<\/td>\n<td class=\"inline\">Ursa Baby Pro-kit<\/td>\n<\/tr>\n<tr>\n<td class=\"strong-title \">Dimensionera<\/td>\n<td class=\"inline\">46,5*15,2*71,6 mm<\/td>\n<\/tr>\n<tr>\n<td class=\"strong-title \">Tank kapacitet<\/td>\n<td class=\"inline\">2 ml<\/td>\n<\/tr>\n<tr>\n<td class=\"strong-title \">Batteri<\/td>\n<td class=\"inline\">900mAh<\/td>\n<\/tr>\n<tr>\n<td class=\"strong-title \">Batterivolt<\/td>\n<td class=\"inline\">3,2V-4,2V<\/td>\n<\/tr>\n<tr>\n<td class=\"strong-title \">Effektomr\u00e5de<\/td>\n<td class=\"inline\">5-25W<\/td>\n<\/tr>\n<tr>\n<td class=\"strong-title \">Kroppsmaterial<\/td>\n<td class=\"inline\">Zink Alloy<\/td>\n<\/tr>\n<tr>\n<td class=\"strong-title \">Chip<\/td>\n<td class=\"inline\">Quest Chip<\/td>\n<\/tr>\n<tr>\n<td class=\"strong-title \">Utsp\u00e4nning<\/td>\n<td class=\"inline\">1.7V-3.9V<\/td>\n<\/tr>\n<tr>\n<td class=\"strong-title \">Visa<\/td>\n<td class=\"inline\">0,42 tums OLED-sk\u00e4rm<\/td>\n<\/tr>\n<tr>\n<td class=\"strong-title \">Laddning<\/td>\n<td class=\"inline\">Typ-C, 5V\/2A<\/td>\n<\/tr>\n<tr>\n<td class=\"strong-title \">Luftfl\u00f6de<\/td>\n<td class=\"inline\">L\u00e4tt\u00e5tkomlig luftfl\u00f6desventil<\/td>\n<\/tr>\n<tr>\n<td class=\"strong-title \">F\u00e4rg<\/td>\n<td class=\"inline\">Gunmetal Espresso, Classic Black, Marinbl\u00e5, Pearl White, Golden Knight, Silver Lust, Emerald Green, Frost Blue, Sakuka Pink<\/td>\n<\/tr>\n<\/tbody>\n<\/table>\n<div class=\"shop-features \">\n<h2 class=\"shop-features-title \"><a href=\"https:\/\/justvape.nu\/wp-content\/uploads\/2018\/05\/Features.png\"><img loading=\"lazy\" decoding=\"async\" class=\"alignnone size-full wp-image-248459\" src=\"https:\/\/justvape.nu\/wp-content\/uploads\/2018\/05\/Features.png\" alt=\"\" width=\"950\" height=\"64\" title=\"\" srcset=\"https:\/\/justvape.nu\/wp-content\/uploads\/2018\/05\/Features.png 950w, https:\/\/justvape.nu\/wp-content\/uploads\/2018\/05\/Features-600x40.png 600w, https:\/\/justvape.nu\/wp-content\/uploads\/2018\/05\/Features-64x4.png 64w, https:\/\/justvape.nu\/wp-content\/uploads\/2018\/05\/Features-300x20.png 300w, https:\/\/justvape.nu\/wp-content\/uploads\/2018\/05\/Features-768x52.png 768w\" sizes=\"auto, (max-width: 950px) 100vw, 950px\" \/><\/a><\/h2>\n<p>&nbsp;<\/p>\n<\/div>\n<p><strong class=\"description-little-title\">Lost Vape Ursa Baby Pro Detaljer:<\/strong><\/p>\n<ul>\n<li style=\"list-style-type: none;\">\n<ul>\n<li>1. Bergfast zinklegering, max 25W<\/li>\n<li>2. Med en uppgraderad Ursa-patron<\/li>\n<li>3. Kompatibel med salt\/fribas<\/li>\n<li>4. St\u00f6djer alla MTL f\u00f6r att l\u00f6sa MTL &amp; RL<\/li>\n<li>5. S\u00e4kerhetsskydd: Skydd: Kortslutning\/svagt batteri\/skydd mot \u00f6ver huvudet.<\/li>\n<\/ul>\n<\/li>\n<\/ul>\n<div class=\"img-show-more\">\n<div id=\"img_content_less\" class=\"img-content add-more\">\n<p class=\"description-img-center\"><a href=\"https:\/\/justvape.nu\/wp-content\/uploads\/2023\/03\/Lost_Vape_Ursa_Baby_Pro_Kit_25W.jpg\"><img loading=\"lazy\" decoding=\"async\" class=\"alignnone size-full wp-image-577114\" src=\"https:\/\/justvape.nu\/wp-content\/uploads\/2023\/03\/Lost_Vape_Ursa_Baby_Pro_Kit_25W.jpg\" alt=\"\" width=\"831\" height=\"374\" title=\"\" srcset=\"https:\/\/justvape.nu\/wp-content\/uploads\/2023\/03\/Lost_Vape_Ursa_Baby_Pro_Kit_25W.jpg 831w, https:\/\/justvape.nu\/wp-content\/uploads\/2023\/03\/Lost_Vape_Ursa_Baby_Pro_Kit_25W-600x270.jpg 600w, https:\/\/justvape.nu\/wp-content\/uploads\/2023\/03\/Lost_Vape_Ursa_Baby_Pro_Kit_25W-64x29.jpg 64w, https:\/\/justvape.nu\/wp-content\/uploads\/2023\/03\/Lost_Vape_Ursa_Baby_Pro_Kit_25W-300x135.jpg 300w, https:\/\/justvape.nu\/wp-content\/uploads\/2023\/03\/Lost_Vape_Ursa_Baby_Pro_Kit_25W-768x346.jpg 768w\" sizes=\"auto, (max-width: 831px) 100vw, 831px\" \/><\/a> <a href=\"https:\/\/justvape.nu\/wp-content\/uploads\/2023\/03\/Lost_Vape_Ursa_Baby_Pro_Kit_Airflow_Range.jpg\"><img loading=\"lazy\" decoding=\"async\" class=\"alignnone size-full wp-image-577123\" src=\"https:\/\/justvape.nu\/wp-content\/uploads\/2023\/03\/Lost_Vape_Ursa_Baby_Pro_Kit_Airflow_Range.jpg\" alt=\"\" width=\"831\" height=\"436\" title=\"\" srcset=\"https:\/\/justvape.nu\/wp-content\/uploads\/2023\/03\/Lost_Vape_Ursa_Baby_Pro_Kit_Airflow_Range.jpg 831w, https:\/\/justvape.nu\/wp-content\/uploads\/2023\/03\/Lost_Vape_Ursa_Baby_Pro_Kit_Airflow_Range-600x315.jpg 600w, https:\/\/justvape.nu\/wp-content\/uploads\/2023\/03\/Lost_Vape_Ursa_Baby_Pro_Kit_Airflow_Range-64x34.jpg 64w, https:\/\/justvape.nu\/wp-content\/uploads\/2023\/03\/Lost_Vape_Ursa_Baby_Pro_Kit_Airflow_Range-300x157.jpg 300w, https:\/\/justvape.nu\/wp-content\/uploads\/2023\/03\/Lost_Vape_Ursa_Baby_Pro_Kit_Airflow_Range-768x403.jpg 768w\" sizes=\"auto, (max-width: 831px) 100vw, 831px\" \/><\/a> <a href=\"https:\/\/justvape.nu\/wp-content\/uploads\/2023\/03\/Lost_Vape_Ursa_Baby_Pro_Kit_Cartridge.jpg\"><img loading=\"lazy\" decoding=\"async\" class=\"alignnone size-full wp-image-577132\" src=\"https:\/\/justvape.nu\/wp-content\/uploads\/2023\/03\/Lost_Vape_Ursa_Baby_Pro_Kit_Cartridge.jpg\" alt=\"\" width=\"831\" height=\"441\" title=\"\" srcset=\"https:\/\/justvape.nu\/wp-content\/uploads\/2023\/03\/Lost_Vape_Ursa_Baby_Pro_Kit_Cartridge.jpg 831w, https:\/\/justvape.nu\/wp-content\/uploads\/2023\/03\/Lost_Vape_Ursa_Baby_Pro_Kit_Cartridge-600x318.jpg 600w, https:\/\/justvape.nu\/wp-content\/uploads\/2023\/03\/Lost_Vape_Ursa_Baby_Pro_Kit_Cartridge-64x34.jpg 64w, https:\/\/justvape.nu\/wp-content\/uploads\/2023\/03\/Lost_Vape_Ursa_Baby_Pro_Kit_Cartridge-300x159.jpg 300w, https:\/\/justvape.nu\/wp-content\/uploads\/2023\/03\/Lost_Vape_Ursa_Baby_Pro_Kit_Cartridge-768x408.jpg 768w\" sizes=\"auto, (max-width: 831px) 100vw, 831px\" \/><\/a><\/p>\n<\/div>\n<\/div>\n<div class=\"shop-features \">\n<h2 class=\"shop-features-title \"><a href=\"https:\/\/justvape.nu\/wp-content\/uploads\/2018\/04\/Packing-List.png\"><img loading=\"lazy\" decoding=\"async\" class=\"alignnone size-full wp-image-18999\" src=\"https:\/\/justvape.nu\/wp-content\/uploads\/2018\/04\/Packing-List.png\" alt=\"\" width=\"950\" height=\"64\" title=\"\" srcset=\"https:\/\/justvape.nu\/wp-content\/uploads\/2018\/04\/Packing-List.png 950w, https:\/\/justvape.nu\/wp-content\/uploads\/2018\/04\/Packing-List-555x37.png 555w, https:\/\/justvape.nu\/wp-content\/uploads\/2018\/04\/Packing-List-64x4.png 64w, https:\/\/justvape.nu\/wp-content\/uploads\/2018\/04\/Packing-List-300x20.png 300w, https:\/\/justvape.nu\/wp-content\/uploads\/2018\/04\/Packing-List-768x52.png 768w\" sizes=\"auto, (max-width: 950px) 100vw, 950px\" \/><\/a><\/h2>\n<p>&nbsp;<\/p>\n<\/div>\n<p><strong class=\"description-little-title \">Paketet med Lost Vape Ursa Baby Pro Pod Kit levereras med:<\/strong><\/p>\n<p>1* Ursa Baby Pro Pod-enhet<br \/>\n1* Ursa Tom patron<br \/>\n1* 0.6ohm Ursa Cartridge<br \/>\n1* UB Mini S1 Coil 0.8ohm<br \/>\n1 * Type-C laddningskabel<br \/>\n1 * Nyckelband<br \/>\n1 * Anv\u00e4ndarmanual<br \/>\n1 * Garantikort<\/p>\n<p class=\"description-img-center \"><a href=\"https:\/\/justvape.nu\/wp-content\/uploads\/2023\/03\/Lost_Vape_Ursa_Baby_Pro_Kit_Package_List.jpg\"><img loading=\"lazy\" decoding=\"async\" class=\"alignnone size-full wp-image-577141\" src=\"https:\/\/justvape.nu\/wp-content\/uploads\/2023\/03\/Lost_Vape_Ursa_Baby_Pro_Kit_Package_List.jpg\" alt=\"\" width=\"831\" height=\"310\" title=\"\" srcset=\"https:\/\/justvape.nu\/wp-content\/uploads\/2023\/03\/Lost_Vape_Ursa_Baby_Pro_Kit_Package_List.jpg 831w, https:\/\/justvape.nu\/wp-content\/uploads\/2023\/03\/Lost_Vape_Ursa_Baby_Pro_Kit_Package_List-600x224.jpg 600w, https:\/\/justvape.nu\/wp-content\/uploads\/2023\/03\/Lost_Vape_Ursa_Baby_Pro_Kit_Package_List-64x24.jpg 64w, https:\/\/justvape.nu\/wp-content\/uploads\/2023\/03\/Lost_Vape_Ursa_Baby_Pro_Kit_Package_List-300x112.jpg 300w, https:\/\/justvape.nu\/wp-content\/uploads\/2023\/03\/Lost_Vape_Ursa_Baby_Pro_Kit_Package_List-768x286.jpg 768w\" sizes=\"auto, (max-width: 831px) 100vw, 831px\" \/><\/a><\/p>\n","protected":false},"excerpt":{"rendered":"<p>LOST VAPE &#8211; URSA BABY PRO POD KIT<\/p>\n","protected":false},"featured_media":577168,"comment_status":"open","ping_status":"closed","template":"","meta":{"_acf_changed":false,"_uag_custom_page_level_css":"","site-sidebar-layout":"default","site-content-layout":"default","ast-site-content-layout":"default","site-content-style":"default","site-sidebar-style":"default","ast-global-header-display":"","ast-banner-title-visibility":"","ast-main-header-display":"","ast-hfb-above-header-display":"","ast-hfb-below-header-display":"","ast-hfb-mobile-header-display":"","site-post-title":"","ast-breadcrumbs-content":"","ast-featured-img":"","footer-sml-layout":"","ast-disable-related-posts":"","theme-transparent-header-meta":"default","adv-header-id-meta":"","stick-header-meta":"default","header-above-stick-meta":"","header-main-stick-meta":"","header-below-stick-meta":"","astra-migrate-meta-layouts":"default","ast-page-background-enabled":"default","ast-page-background-meta":{"desktop":{"background-color":"","background-image":"","background-repeat":"repeat","background-position":"center center","background-size":"auto","background-attachment":"scroll","background-type":"","background-media":"","overlay-type":"","overlay-color":"","overlay-opacity":"","overlay-gradient":""},"tablet":{"background-color":"","background-image":"","background-repeat":"repeat","background-position":"center center","background-size":"auto","background-attachment":"scroll","background-type":"","background-media":"","overlay-type":"","overlay-color":"","overlay-opacity":"","overlay-gradient":""},"mobile":{"background-color":"","background-image":"","background-repeat":"repeat","background-position":"center center","background-size":"auto","background-attachment":"scroll","background-type":"","background-media":"","overlay-type":"","overlay-color":"","overlay-opacity":"","overlay-gradient":""}},"ast-content-background-meta":{"desktop":{"background-color":"var(--ast-global-color-5)","background-image":"","background-repeat":"repeat","background-position":"center center","background-size":"auto","background-attachment":"scroll","background-type":"","background-media":"","overlay-type":"","overlay-color":"","overlay-opacity":"","overlay-gradient":""},"tablet":{"background-color":"var(--ast-global-color-5)","background-image":"","background-repeat":"repeat","background-position":"center center","background-size":"auto","background-attachment":"scroll","background-type":"","background-media":"","overlay-type":"","overlay-color":"","overlay-opacity":"","overlay-gradient":""},"mobile":{"background-color":"var(--ast-global-color-5)","background-image":"","background-repeat":"repeat","background-position":"center center","background-size":"auto","background-attachment":"scroll","background-type":"","background-media":"","overlay-type":"","overlay-color":"","overlay-opacity":"","overlay-gradient":""}}},"product_brand":[],"product_cat":[2074,2532,4807,2084,2533],"product_tag":[],"class_list":{"0":"post-577351","1":"product","2":"type-product","3":"status-publish","4":"has-post-thumbnail","6":"product_cat-e-cigaretter-sv","7":"product_cat-hardware-sv","8":"product_cat-lost-vape-sv","9":"product_cat-nyborjarsatser-pods","10":"product_cat-shop-by-brand-sv","11":"desktop-align-center","12":"tablet-align-center","13":"mobile-align-center","14":"ast-product-gallery-layout-horizontal-slider","15":"ast-product-gallery-with-no-image","16":"ast-product-single-variable","17":"ast-product-tabs-layout-horizontal","19":"first","20":"instock","21":"sale","22":"taxable","23":"shipping-taxable","24":"purchasable","25":"product-type-variable"},"acf":[],"uagb_featured_image_src":{"full":["https:\/\/justvape.nu\/wp-content\/uploads\/2023\/03\/Lost-Vape-Ursa-Baby-Pro-Pod-Kit.jpg",840,840,false],"thumbnail":["https:\/\/justvape.nu\/wp-content\/uploads\/2023\/03\/Lost-Vape-Ursa-Baby-Pro-Pod-Kit-150x150.jpg",150,150,true],"medium":["https:\/\/justvape.nu\/wp-content\/uploads\/2023\/03\/Lost-Vape-Ursa-Baby-Pro-Pod-Kit-300x300.jpg",300,300,true],"medium_large":["https:\/\/justvape.nu\/wp-content\/uploads\/2023\/03\/Lost-Vape-Ursa-Baby-Pro-Pod-Kit-768x768.jpg",768,768,true],"large":["https:\/\/justvape.nu\/wp-content\/uploads\/2023\/03\/Lost-Vape-Ursa-Baby-Pro-Pod-Kit.jpg",840,840,false],"1536x1536":["https:\/\/justvape.nu\/wp-content\/uploads\/2023\/03\/Lost-Vape-Ursa-Baby-Pro-Pod-Kit.jpg",840,840,false],"2048x2048":["https:\/\/justvape.nu\/wp-content\/uploads\/2023\/03\/Lost-Vape-Ursa-Baby-Pro-Pod-Kit.jpg",840,840,false],"woocommerce_thumbnail":["https:\/\/justvape.nu\/wp-content\/uploads\/2023\/03\/Lost-Vape-Ursa-Baby-Pro-Pod-Kit-300x300.jpg",300,300,true],"woocommerce_single":["https:\/\/justvape.nu\/wp-content\/uploads\/2023\/03\/Lost-Vape-Ursa-Baby-Pro-Pod-Kit-600x600.jpg",600,600,true],"woocommerce_gallery_thumbnail":["https:\/\/justvape.nu\/wp-content\/uploads\/2023\/03\/Lost-Vape-Ursa-Baby-Pro-Pod-Kit-100x100.jpg",100,100,true],"dgwt-wcas-product-suggestion":["https:\/\/justvape.nu\/wp-content\/uploads\/2023\/03\/Lost-Vape-Ursa-Baby-Pro-Pod-Kit-64x64.jpg",64,64,true]},"uagb_author_info":{"display_name":"Kenneth Merkur","author_link":"https:\/\/justvape.nu\/sv\/author\/"},"uagb_comment_info":0,"uagb_excerpt":"LOST VAPE - URSA BABY PRO POD KIT","_links":{"self":[{"href":"https:\/\/justvape.nu\/sv\/wp-json\/wp\/v2\/product\/577351","targetHints":{"allow":["GET"]}}],"collection":[{"href":"https:\/\/justvape.nu\/sv\/wp-json\/wp\/v2\/product"}],"about":[{"href":"https:\/\/justvape.nu\/sv\/wp-json\/wp\/v2\/types\/product"}],"replies":[{"embeddable":true,"href":"https:\/\/justvape.nu\/sv\/wp-json\/wp\/v2\/comments?post=577351"}],"wp:featuredmedia":[{"embeddable":true,"href":"https:\/\/justvape.nu\/sv\/wp-json\/wp\/v2\/media\/577168"}],"wp:attachment":[{"href":"https:\/\/justvape.nu\/sv\/wp-json\/wp\/v2\/media?parent=577351"}],"wp:term":[{"taxonomy":"product_brand","embeddable":true,"href":"https:\/\/justvape.nu\/sv\/wp-json\/wp\/v2\/product_brand?post=577351"},{"taxonomy":"product_cat","embeddable":true,"href":"https:\/\/justvape.nu\/sv\/wp-json\/wp\/v2\/product_cat?post=577351"},{"taxonomy":"product_tag","embeddable":true,"href":"https:\/\/justvape.nu\/sv\/wp-json\/wp\/v2\/product_tag?post=577351"}],"curies":[{"name":"wp","href":"https:\/\/api.w.org\/{rel}","templated":true}]}}