{"id":571165,"date":"2023-02-20T13:56:06","date_gmt":"2023-02-20T12:56:06","guid":{"rendered":"https:\/\/justvape.nu\/produkt\/aspire-gotek-x-pod-system\/"},"modified":"2024-05-10T17:04:09","modified_gmt":"2024-05-10T15:04:09","slug":"aspire-gotek-x-pod-system","status":"publish","type":"product","link":"https:\/\/justvape.nu\/sv\/produkt\/aspire-gotek-x-pod-system\/","title":{"rendered":"ASPIRE &#8211; GOTEK X POD SYSTEM"},"content":{"rendered":"<h2>ASPIRE &#8211; GOTEK X POD SYSTEM<\/h2>\n<p>Aspire Gotek X-vapekit \u00e4r en kompakt pod-stil som \u00e4r perfekt f\u00f6r att anv\u00e4nda den n\u00e4r du \u00e4r p\u00e5 spr\u00e5ng. Den har ett inbyggt 650mAh-batteri och en l\u00e5g effekt p\u00e5 10-13W, vilket g\u00f6r den l\u00e4mplig f\u00f6r b\u00e5de MTL- och RDTL-br\u00e4nning. Kitet har ASP-chipsetet fr\u00e5n Aspire, som ger flera skyddsfunktioner, t.ex. skydd mot \u00f6verladdning och kortslutning. Den har ocks\u00e5 teknik f\u00f6r inhalationsaktivering, s\u00e5 du kan helt enkelt puffa p\u00e5 munstycket f\u00f6r att producera en diskret m\u00e4ngd \u00e5nga som k\u00e4nns som en cigarett. Kitet inneh\u00e5ller en h\u00e5llare f\u00f6r nyckelband f\u00f6r enkel \u00e5tkomst n\u00e4r du \u00e4r ute och reser. Gotek X-kitet levereras med p\u00e5fyllningsbara 2 ml-poddar, vilket ger dig m\u00f6jlighet att prova en m\u00e4ngd olika smaker och nikotinstyrkor. Pods kan enkelt fyllas p\u00e5 med hj\u00e4lp av en propp p\u00e5 sidan, och det justerbara luftfl\u00f6det g\u00f6r att du kan v\u00e4lja mellan en t\u00e4tare eller l\u00f6sare dragning. Den inbyggda spolen har ett motst\u00e5nd p\u00e5 0,8 ohm och fungerar b\u00e4st med e-v\u00e4tskor som har en PG-koncentration p\u00e5 50 % eller h\u00f6gre.<\/p>\n<p><a href=\"https:\/\/justvape.nu\/wp-content\/uploads\/2018\/05\/Color-Schemes.png\"><img loading=\"lazy\" decoding=\"async\" class=\"alignnone size-full wp-image-19187\" src=\"https:\/\/justvape.nu\/wp-content\/uploads\/2018\/05\/Color-Schemes.png\" alt=\"\" width=\"950\" height=\"64\" title=\"\" srcset=\"https:\/\/justvape.nu\/wp-content\/uploads\/2018\/05\/Color-Schemes.png 950w, https:\/\/justvape.nu\/wp-content\/uploads\/2018\/05\/Color-Schemes-555x37.png 555w, https:\/\/justvape.nu\/wp-content\/uploads\/2018\/05\/Color-Schemes-64x4.png 64w, https:\/\/justvape.nu\/wp-content\/uploads\/2018\/05\/Color-Schemes-300x20.png 300w, https:\/\/justvape.nu\/wp-content\/uploads\/2018\/05\/Color-Schemes-768x52.png 768w\" sizes=\"auto, (max-width: 950px) 100vw, 950px\" \/><\/a><\/p>\n<p class=\"description-img-center\"><a href=\"https:\/\/justvape.nu\/wp-content\/uploads\/2023\/02\/Aspire_GoTek_X_Pod_Kit_Colors.jpg\"><img loading=\"lazy\" decoding=\"async\" class=\"alignnone wp-image-571050\" src=\"https:\/\/justvape.nu\/wp-content\/uploads\/2023\/02\/Aspire_GoTek_X_Pod_Kit_Colors.jpg\" alt=\"\" width=\"900\" height=\"872\" title=\"\" srcset=\"https:\/\/justvape.nu\/wp-content\/uploads\/2023\/02\/Aspire_GoTek_X_Pod_Kit_Colors.jpg 700w, https:\/\/justvape.nu\/wp-content\/uploads\/2023\/02\/Aspire_GoTek_X_Pod_Kit_Colors-600x581.jpg 600w, https:\/\/justvape.nu\/wp-content\/uploads\/2023\/02\/Aspire_GoTek_X_Pod_Kit_Colors-64x62.jpg 64w, https:\/\/justvape.nu\/wp-content\/uploads\/2023\/02\/Aspire_GoTek_X_Pod_Kit_Colors-300x291.jpg 300w\" sizes=\"auto, (max-width: 900px) 100vw, 900px\" \/><\/a><\/p>\n<div class=\"shop-features \">\n<h2 class=\"shop-features-title \"><a href=\"https:\/\/justvape.nu\/wp-content\/uploads\/2018\/05\/Specifications.png\"><img loading=\"lazy\" decoding=\"async\" class=\"alignnone size-full wp-image-248449\" src=\"https:\/\/justvape.nu\/wp-content\/uploads\/2018\/05\/Specifications.png\" alt=\"\" width=\"950\" height=\"64\" title=\"\" srcset=\"https:\/\/justvape.nu\/wp-content\/uploads\/2018\/05\/Specifications.png 950w, https:\/\/justvape.nu\/wp-content\/uploads\/2018\/05\/Specifications-600x40.png 600w, https:\/\/justvape.nu\/wp-content\/uploads\/2018\/05\/Specifications-64x4.png 64w, https:\/\/justvape.nu\/wp-content\/uploads\/2018\/05\/Specifications-300x20.png 300w, https:\/\/justvape.nu\/wp-content\/uploads\/2018\/05\/Specifications-768x52.png 768w\" sizes=\"auto, (max-width: 950px) 100vw, 950px\" \/><\/a><\/h2>\n<\/div>\n<p><strong class=\"description-little-title\">Aspire GoTek X Parametrar:<\/strong><\/p>\n<table class=\"description-table\">\n<tbody>\n<tr>\n<td class=\"strong-title \">varum\u00e4rke<\/td>\n<td class=\"inline\">Aspire<\/td>\n<\/tr>\n<tr>\n<td class=\"strong-title \">produktnamn<\/td>\n<td class=\"inline\">GoTek X-kit<\/td>\n<\/tr>\n<tr>\n<td class=\"strong-title \">Storlek<\/td>\n<td class=\"inline\">81.5*47.6*19.8mm<\/td>\n<\/tr>\n<tr>\n<td class=\"strong-title \">Batterikapacitet<\/td>\n<td class=\"inline\">inbyggd 650mAh<\/td>\n<\/tr>\n<tr>\n<td class=\"strong-title \">Laddningsport<\/td>\n<td class=\"inline\">Typ-C<\/td>\n<\/tr>\n<tr>\n<td class=\"strong-title \">Typ av kapsel<\/td>\n<td class=\"inline\">P\u00e5fyllningsbar<\/td>\n<\/tr>\n<tr>\n<td class=\"strong-title \">Kapacitet kapacitet<\/td>\n<td class=\"inline\">2 ml (p\u00e5fyllningsbar kapsel)<\/td>\n<\/tr>\n<tr>\n<td class=\"strong-title \">Luftfl\u00f6de<\/td>\n<td class=\"inline\">Justerbart bottenluftfl\u00f6de<\/td>\n<\/tr>\n<tr>\n<td class=\"strong-title \">Fyllningstyp<\/td>\n<td class=\"inline\">Enkel sidofyllning (p\u00e5fyllningsbar pod)<\/td>\n<\/tr>\n<tr>\n<td class=\"strong-title \">Spole<\/td>\n<td class=\"inline\">Icke utbytbar 0.8ohm mesh spole<\/td>\n<\/tr>\n<tr>\n<td class=\"strong-title \">F\u00e4rg<\/td>\n<td class=\"inline\">Genomskinlig svart, genomskinlig b\u00e4rnsten, genomskinlig kunglig bl\u00e5, genomskinlig, genomskinlig rosa<\/td>\n<\/tr>\n<\/tbody>\n<\/table>\n<div class=\"shop-features \">\n<h2 class=\"shop-features-title \"><a href=\"https:\/\/justvape.nu\/wp-content\/uploads\/2018\/05\/Features.png\"><img loading=\"lazy\" decoding=\"async\" class=\"alignnone size-full wp-image-248459\" src=\"https:\/\/justvape.nu\/wp-content\/uploads\/2018\/05\/Features.png\" alt=\"\" width=\"950\" height=\"64\" title=\"\" srcset=\"https:\/\/justvape.nu\/wp-content\/uploads\/2018\/05\/Features.png 950w, https:\/\/justvape.nu\/wp-content\/uploads\/2018\/05\/Features-600x40.png 600w, https:\/\/justvape.nu\/wp-content\/uploads\/2018\/05\/Features-64x4.png 64w, https:\/\/justvape.nu\/wp-content\/uploads\/2018\/05\/Features-300x20.png 300w, https:\/\/justvape.nu\/wp-content\/uploads\/2018\/05\/Features-768x52.png 768w\" sizes=\"auto, (max-width: 950px) 100vw, 950px\" \/><\/a><\/h2>\n<\/div>\n<ul>\n<li style=\"list-style-type: none;\">\n<ul>\n<li>1. Exakt justering av luftfl\u00f6det<\/li>\n<li>2. Genomskinlig kropp<\/li>\n<li>3. Stor kapacitet f\u00f6r e-v\u00e4tskor p\u00e5 2 ml<\/li>\n<li>4. Enkel sidofyllning f\u00f6r Gotek-podden som kan fyllas p\u00e5<\/li>\n<li>5. 650mAh batterikapacitet<\/li>\n<li>6. System f\u00f6r dragning aktiverat system<\/li>\n<li>7. Typ-C laddningsport<\/li>\n<li>8. H\u00e5llare f\u00f6r nyckelband<\/li>\n<li>9. Magnetisk podanslutning<\/li>\n<li>10. S\u00e4kerhetsskydd: Skydd: Vaping \u00d6vertid\/Kortlutning\/Overhettning\/L\u00e5g sp\u00e4nning\/Overladdning\/Overladdning\/Overladdningsskydd.<\/li>\n<\/ul>\n<\/li>\n<\/ul>\n<div class=\"img-show-more\">\n<div id=\"img_content_less\" class=\"img-content add-more\">\n<p class=\"description-img-center\"><a href=\"https:\/\/justvape.nu\/wp-content\/uploads\/2023\/02\/Aspire_GoTek_X_Kit_650mAh_battery.jpg\"><img loading=\"lazy\" decoding=\"async\" class=\"alignnone size-full wp-image-571059\" src=\"https:\/\/justvape.nu\/wp-content\/uploads\/2023\/02\/Aspire_GoTek_X_Kit_650mAh_battery.jpg\" alt=\"\" width=\"831\" height=\"430\" title=\"\" srcset=\"https:\/\/justvape.nu\/wp-content\/uploads\/2023\/02\/Aspire_GoTek_X_Kit_650mAh_battery.jpg 831w, https:\/\/justvape.nu\/wp-content\/uploads\/2023\/02\/Aspire_GoTek_X_Kit_650mAh_battery-600x310.jpg 600w, https:\/\/justvape.nu\/wp-content\/uploads\/2023\/02\/Aspire_GoTek_X_Kit_650mAh_battery-64x33.jpg 64w, https:\/\/justvape.nu\/wp-content\/uploads\/2023\/02\/Aspire_GoTek_X_Kit_650mAh_battery-300x155.jpg 300w, https:\/\/justvape.nu\/wp-content\/uploads\/2023\/02\/Aspire_GoTek_X_Kit_650mAh_battery-768x397.jpg 768w\" sizes=\"auto, (max-width: 831px) 100vw, 831px\" \/><\/a> <a href=\"https:\/\/justvape.nu\/wp-content\/uploads\/2023\/02\/Aspire_GoTek_X_Kit_Airflow_Adjustment.jpg\"><img loading=\"lazy\" decoding=\"async\" class=\"alignnone size-full wp-image-571068\" src=\"https:\/\/justvape.nu\/wp-content\/uploads\/2023\/02\/Aspire_GoTek_X_Kit_Airflow_Adjustment.jpg\" alt=\"\" width=\"831\" height=\"346\" title=\"\" srcset=\"https:\/\/justvape.nu\/wp-content\/uploads\/2023\/02\/Aspire_GoTek_X_Kit_Airflow_Adjustment.jpg 831w, https:\/\/justvape.nu\/wp-content\/uploads\/2023\/02\/Aspire_GoTek_X_Kit_Airflow_Adjustment-600x250.jpg 600w, https:\/\/justvape.nu\/wp-content\/uploads\/2023\/02\/Aspire_GoTek_X_Kit_Airflow_Adjustment-64x27.jpg 64w, https:\/\/justvape.nu\/wp-content\/uploads\/2023\/02\/Aspire_GoTek_X_Kit_Airflow_Adjustment-300x125.jpg 300w, https:\/\/justvape.nu\/wp-content\/uploads\/2023\/02\/Aspire_GoTek_X_Kit_Airflow_Adjustment-768x320.jpg 768w\" sizes=\"auto, (max-width: 831px) 100vw, 831px\" \/><\/a> <a href=\"https:\/\/justvape.nu\/wp-content\/uploads\/2023\/02\/Aspire_GoTek_X_Kit_Colors_Available.jpg\"><img loading=\"lazy\" decoding=\"async\" class=\"alignnone size-full wp-image-571077\" src=\"https:\/\/justvape.nu\/wp-content\/uploads\/2023\/02\/Aspire_GoTek_X_Kit_Colors_Available.jpg\" alt=\"\" width=\"831\" height=\"421\" title=\"\" srcset=\"https:\/\/justvape.nu\/wp-content\/uploads\/2023\/02\/Aspire_GoTek_X_Kit_Colors_Available.jpg 831w, https:\/\/justvape.nu\/wp-content\/uploads\/2023\/02\/Aspire_GoTek_X_Kit_Colors_Available-600x304.jpg 600w, https:\/\/justvape.nu\/wp-content\/uploads\/2023\/02\/Aspire_GoTek_X_Kit_Colors_Available-64x32.jpg 64w, https:\/\/justvape.nu\/wp-content\/uploads\/2023\/02\/Aspire_GoTek_X_Kit_Colors_Available-300x152.jpg 300w, https:\/\/justvape.nu\/wp-content\/uploads\/2023\/02\/Aspire_GoTek_X_Kit_Colors_Available-768x389.jpg 768w\" sizes=\"auto, (max-width: 831px) 100vw, 831px\" \/><\/a><\/p>\n<\/div>\n<\/div>\n<div class=\"shop-features \">\n<h2 class=\"shop-features-title \"><a href=\"https:\/\/justvape.nu\/wp-content\/uploads\/2018\/05\/Packing-List.png\"><img loading=\"lazy\" decoding=\"async\" class=\"alignnone size-full wp-image-248468\" src=\"https:\/\/justvape.nu\/wp-content\/uploads\/2018\/05\/Packing-List.png\" alt=\"\" width=\"950\" height=\"64\" title=\"\" srcset=\"https:\/\/justvape.nu\/wp-content\/uploads\/2018\/05\/Packing-List.png 950w, https:\/\/justvape.nu\/wp-content\/uploads\/2018\/05\/Packing-List-600x40.png 600w, https:\/\/justvape.nu\/wp-content\/uploads\/2018\/05\/Packing-List-64x4.png 64w, https:\/\/justvape.nu\/wp-content\/uploads\/2018\/05\/Packing-List-300x20.png 300w, https:\/\/justvape.nu\/wp-content\/uploads\/2018\/05\/Packing-List-768x52.png 768w\" sizes=\"auto, (max-width: 950px) 100vw, 950px\" \/><\/a><\/h2>\n<\/div>\n<p><strong class=\"description-little-title \">Paketet med Aspire GoTek X Pod Kit levereras med:<\/strong><\/p>\n<p>1* Gotek X-enhet<br \/>\n1* Gotek Pod 0.8ohm (4.5ml, p\u00e5fyllningsbar)<br \/>\n1 * Type-C-kabel<br \/>\n1 * Anv\u00e4ndarmanual<\/p>\n","protected":false},"excerpt":{"rendered":"<p>ASPIRE &#8211; GOTEK X POD SYSTEM<\/p>\n","protected":false},"featured_media":571101,"comment_status":"open","ping_status":"closed","template":"","meta":{"_acf_changed":false,"_uag_custom_page_level_css":"","site-sidebar-layout":"default","site-content-layout":"default","ast-site-content-layout":"default","site-content-style":"default","site-sidebar-style":"default","ast-global-header-display":"","ast-banner-title-visibility":"","ast-main-header-display":"","ast-hfb-above-header-display":"","ast-hfb-below-header-display":"","ast-hfb-mobile-header-display":"","site-post-title":"","ast-breadcrumbs-content":"","ast-featured-img":"","footer-sml-layout":"","ast-disable-related-posts":"","theme-transparent-header-meta":"default","adv-header-id-meta":"","stick-header-meta":"default","header-above-stick-meta":"","header-main-stick-meta":"","header-below-stick-meta":"","astra-migrate-meta-layouts":"default","ast-page-background-enabled":"default","ast-page-background-meta":{"desktop":{"background-color":"","background-image":"","background-repeat":"repeat","background-position":"center center","background-size":"auto","background-attachment":"scroll","background-type":"","background-media":"","overlay-type":"","overlay-color":"","overlay-opacity":"","overlay-gradient":""},"tablet":{"background-color":"","background-image":"","background-repeat":"repeat","background-position":"center center","background-size":"auto","background-attachment":"scroll","background-type":"","background-media":"","overlay-type":"","overlay-color":"","overlay-opacity":"","overlay-gradient":""},"mobile":{"background-color":"","background-image":"","background-repeat":"repeat","background-position":"center center","background-size":"auto","background-attachment":"scroll","background-type":"","background-media":"","overlay-type":"","overlay-color":"","overlay-opacity":"","overlay-gradient":""}},"ast-content-background-meta":{"desktop":{"background-color":"var(--ast-global-color-5)","background-image":"","background-repeat":"repeat","background-position":"center center","background-size":"auto","background-attachment":"scroll","background-type":"","background-media":"","overlay-type":"","overlay-color":"","overlay-opacity":"","overlay-gradient":""},"tablet":{"background-color":"var(--ast-global-color-5)","background-image":"","background-repeat":"repeat","background-position":"center center","background-size":"auto","background-attachment":"scroll","background-type":"","background-media":"","overlay-type":"","overlay-color":"","overlay-opacity":"","overlay-gradient":""},"mobile":{"background-color":"var(--ast-global-color-5)","background-image":"","background-repeat":"repeat","background-position":"center center","background-size":"auto","background-attachment":"scroll","background-type":"","background-media":"","overlay-type":"","overlay-color":"","overlay-opacity":"","overlay-gradient":""}}},"product_brand":[],"product_cat":[2074,2532,2084,2533,3195],"product_tag":[],"class_list":{"0":"post-571165","1":"product","2":"type-product","3":"status-publish","4":"has-post-thumbnail","6":"product_cat-e-cigaretter-sv","7":"product_cat-hardware-sv","8":"product_cat-nyborjarsatser-pods","9":"product_cat-shop-by-brand-sv","10":"product_cat-strava","11":"desktop-align-center","12":"tablet-align-center","13":"mobile-align-center","14":"ast-product-gallery-layout-horizontal-slider","15":"ast-product-single-variable","16":"ast-product-tabs-layout-horizontal","18":"first","19":"instock","20":"sale","21":"taxable","22":"shipping-taxable","23":"purchasable","24":"product-type-variable"},"acf":[],"uagb_featured_image_src":{"full":["https:\/\/justvape.nu\/wp-content\/uploads\/2023\/02\/GoTek-X-Pod-Kits-cover.webp",512,512,false],"thumbnail":["https:\/\/justvape.nu\/wp-content\/uploads\/2023\/02\/GoTek-X-Pod-Kits-cover-150x150.webp",150,150,true],"medium":["https:\/\/justvape.nu\/wp-content\/uploads\/2023\/02\/GoTek-X-Pod-Kits-cover-300x300.webp",300,300,true],"medium_large":["https:\/\/justvape.nu\/wp-content\/uploads\/2023\/02\/GoTek-X-Pod-Kits-cover.webp",512,512,false],"large":["https:\/\/justvape.nu\/wp-content\/uploads\/2023\/02\/GoTek-X-Pod-Kits-cover.webp",512,512,false],"1536x1536":["https:\/\/justvape.nu\/wp-content\/uploads\/2023\/02\/GoTek-X-Pod-Kits-cover.webp",512,512,false],"2048x2048":["https:\/\/justvape.nu\/wp-content\/uploads\/2023\/02\/GoTek-X-Pod-Kits-cover.webp",512,512,false],"woocommerce_thumbnail":["https:\/\/justvape.nu\/wp-content\/uploads\/2023\/02\/GoTek-X-Pod-Kits-cover-300x300.webp",300,300,true],"woocommerce_single":["https:\/\/justvape.nu\/wp-content\/uploads\/2023\/02\/GoTek-X-Pod-Kits-cover.webp",512,512,false],"woocommerce_gallery_thumbnail":["https:\/\/justvape.nu\/wp-content\/uploads\/2023\/02\/GoTek-X-Pod-Kits-cover-100x100.webp",100,100,true],"dgwt-wcas-product-suggestion":["https:\/\/justvape.nu\/wp-content\/uploads\/2023\/02\/GoTek-X-Pod-Kits-cover-64x64.webp",64,64,true]},"uagb_author_info":{"display_name":"Kenneth Merkur","author_link":"https:\/\/justvape.nu\/sv\/author\/"},"uagb_comment_info":0,"uagb_excerpt":"ASPIRE - GOTEK X POD SYSTEM","_links":{"self":[{"href":"https:\/\/justvape.nu\/sv\/wp-json\/wp\/v2\/product\/571165","targetHints":{"allow":["GET"]}}],"collection":[{"href":"https:\/\/justvape.nu\/sv\/wp-json\/wp\/v2\/product"}],"about":[{"href":"https:\/\/justvape.nu\/sv\/wp-json\/wp\/v2\/types\/product"}],"replies":[{"embeddable":true,"href":"https:\/\/justvape.nu\/sv\/wp-json\/wp\/v2\/comments?post=571165"}],"wp:featuredmedia":[{"embeddable":true,"href":"https:\/\/justvape.nu\/sv\/wp-json\/wp\/v2\/media\/571101"}],"wp:attachment":[{"href":"https:\/\/justvape.nu\/sv\/wp-json\/wp\/v2\/media?parent=571165"}],"wp:term":[{"taxonomy":"product_brand","embeddable":true,"href":"https:\/\/justvape.nu\/sv\/wp-json\/wp\/v2\/product_brand?post=571165"},{"taxonomy":"product_cat","embeddable":true,"href":"https:\/\/justvape.nu\/sv\/wp-json\/wp\/v2\/product_cat?post=571165"},{"taxonomy":"product_tag","embeddable":true,"href":"https:\/\/justvape.nu\/sv\/wp-json\/wp\/v2\/product_tag?post=571165"}],"curies":[{"name":"wp","href":"https:\/\/api.w.org\/{rel}","templated":true}]}}