{"id":565450,"date":"2023-01-23T20:05:26","date_gmt":"2023-01-23T19:05:26","guid":{"rendered":"https:\/\/justvape.nu\/produkt\/uwell-crown-m-pod-kit\/"},"modified":"2025-06-29T09:31:12","modified_gmt":"2025-06-29T07:31:12","slug":"uwell-crown-m-pod-kit","status":"publish","type":"product","link":"https:\/\/justvape.nu\/sv\/produkt\/uwell-crown-m-pod-kit\/","title":{"rendered":"UWELL &#8211; CROWN M POD KIT"},"content":{"rendered":"<h2>UWELL &#8211; CROWN M POD KIT<\/h2>\n<p>Uwell Crown M Kit \u00e4r en vaping enhet som erbjuder en ny, f\u00f6rb\u00e4ttrad vaping upplevelse med sitt dubbla utg\u00e5ngsl\u00e4ge och dubbla spolteknik. Du kan v\u00e4xla mellan tv\u00e5 spolar f\u00f6r olika typer av r\u00f6kning &#8211; en 0,8 ohm spole f\u00f6r MTL (mouth-to-lung) och en 0,4 ohm spole f\u00f6r DTL (direct-to-lung).<\/p>\n<p>Enheten drivs av ett inbyggt batteri p\u00e5 1000 mAh och har ett typ-c laddningsgr\u00e4nssnitt f\u00f6r snabb laddning n\u00e4r den \u00e4r tom. Du kan ocks\u00e5 justera e-v\u00e4tskans smak med Uwells unika teknik f\u00f6r justering av smak och kontrollera luftfl\u00f6det med en justeringsventil. Enheten har ett rullhjul f\u00f6r att enkelt kunna justera effektstyrkan.<\/p>\n<p>Enheten \u00e4r tillverkad av PC- och PCTG-material och har m\u00e5tten 82,3 mm x 52,6 mm x 26,8 mm och en nettovikt p\u00e5 73,6 g. Den \u00e4r kompatibel med en 2 ml Uwell Crown M Pod och har en utg\u00e5ngseffekt p\u00e5 5 W &#8211; 35 W.<\/p>\n<p>De spolar som finns tillg\u00e4ngliga f\u00f6r Uwell Crown M Kit \u00e4r en FeCrAl Meshed-H 0,8 \u03a9 \/ 0,4 \u03a9 CROWN M Twin-coil (f\u00f6r MTL- och DTL-br\u00e4nning) och en FeCrAl Meshed-H 0,6 \u03a9 CROWN M Coil (f\u00f6r RDL eller begr\u00e4nsad direktlunga). Det rekommenderade effektomr\u00e5det f\u00f6r 0,8 \u03a9-spolen \u00e4r 15 W &#8211; 18 W, f\u00f6r 0,4 \u03a9-spolen \u00e4r det 30 W &#8211; 35 W och f\u00f6r 0,6 \u03a9-spolen \u00e4r det 20 W &#8211; 23 W.<\/p>\n<p><a href=\"https:\/\/justvape.nu\/wp-content\/uploads\/2018\/05\/Color-Schemes.png\"><img loading=\"lazy\" decoding=\"async\" class=\"alignnone size-full wp-image-19187\" src=\"https:\/\/justvape.nu\/wp-content\/uploads\/2018\/05\/Color-Schemes.png\" alt=\"\" width=\"950\" height=\"64\" title=\"\" srcset=\"https:\/\/justvape.nu\/wp-content\/uploads\/2018\/05\/Color-Schemes.png 950w, https:\/\/justvape.nu\/wp-content\/uploads\/2018\/05\/Color-Schemes-555x37.png 555w, https:\/\/justvape.nu\/wp-content\/uploads\/2018\/05\/Color-Schemes-64x4.png 64w, https:\/\/justvape.nu\/wp-content\/uploads\/2018\/05\/Color-Schemes-300x20.png 300w, https:\/\/justvape.nu\/wp-content\/uploads\/2018\/05\/Color-Schemes-768x52.png 768w\" sizes=\"auto, (max-width: 950px) 100vw, 950px\" \/><\/a><\/p>\n<p class=\"description-img-center\"><a href=\"https:\/\/justvape.nu\/wp-content\/uploads\/2023\/01\/Uwell_Crown_M_Pod_Mod_Kit_Colors.jpg\"><img loading=\"lazy\" decoding=\"async\" class=\"alignnone wp-image-565306\" src=\"https:\/\/justvape.nu\/wp-content\/uploads\/2023\/01\/Uwell_Crown_M_Pod_Mod_Kit_Colors.jpg\" alt=\"\" width=\"939\" height=\"365\" title=\"\" srcset=\"https:\/\/justvape.nu\/wp-content\/uploads\/2023\/01\/Uwell_Crown_M_Pod_Mod_Kit_Colors.jpg 800w, https:\/\/justvape.nu\/wp-content\/uploads\/2023\/01\/Uwell_Crown_M_Pod_Mod_Kit_Colors-600x233.jpg 600w, https:\/\/justvape.nu\/wp-content\/uploads\/2023\/01\/Uwell_Crown_M_Pod_Mod_Kit_Colors-64x25.jpg 64w, https:\/\/justvape.nu\/wp-content\/uploads\/2023\/01\/Uwell_Crown_M_Pod_Mod_Kit_Colors-300x117.jpg 300w, https:\/\/justvape.nu\/wp-content\/uploads\/2023\/01\/Uwell_Crown_M_Pod_Mod_Kit_Colors-768x299.jpg 768w\" sizes=\"auto, (max-width: 939px) 100vw, 939px\" \/><\/a><\/p>\n<div class=\"shop-features \">\n<h2 class=\"shop-features-title \"><a href=\"https:\/\/justvape.nu\/wp-content\/uploads\/2018\/05\/Specifications.png\"><img loading=\"lazy\" decoding=\"async\" class=\"alignnone size-full wp-image-248449\" src=\"https:\/\/justvape.nu\/wp-content\/uploads\/2018\/05\/Specifications.png\" alt=\"\" width=\"950\" height=\"64\" title=\"\" srcset=\"https:\/\/justvape.nu\/wp-content\/uploads\/2018\/05\/Specifications.png 950w, https:\/\/justvape.nu\/wp-content\/uploads\/2018\/05\/Specifications-600x40.png 600w, https:\/\/justvape.nu\/wp-content\/uploads\/2018\/05\/Specifications-64x4.png 64w, https:\/\/justvape.nu\/wp-content\/uploads\/2018\/05\/Specifications-300x20.png 300w, https:\/\/justvape.nu\/wp-content\/uploads\/2018\/05\/Specifications-768x52.png 768w\" sizes=\"auto, (max-width: 950px) 100vw, 950px\" \/><\/a><\/h2>\n<\/div>\n<p><strong class=\"description-little-title\">Uwell Crown M Vape Kit Parametrar:<\/strong><\/p>\n<table class=\"description-table\">\n<tbody>\n<tr>\n<td class=\"strong-title \">varum\u00e4rke<\/td>\n<td class=\"inline\">Uwell<\/td>\n<\/tr>\n<tr>\n<td class=\"strong-title \">produktnamn<\/td>\n<td class=\"inline\">Crown M-kit<\/td>\n<\/tr>\n<tr>\n<td class=\"strong-title \">Batteri<\/td>\n<td class=\"inline\">Inbyggt 1000mAh-batteri<\/td>\n<\/tr>\n<tr>\n<td class=\"strong-title \">Laddning<\/td>\n<td class=\"inline\">Typ-C laddning<\/td>\n<\/tr>\n<tr>\n<td class=\"strong-title \">Uteffekt<\/td>\n<td class=\"inline\">5W-35W<\/td>\n<\/tr>\n<tr>\n<td class=\"strong-title \">Kapacitet<\/td>\n<td class=\"inline\">2 ml<\/td>\n<\/tr>\n<tr>\n<td class=\"strong-title \">Fyllning<\/td>\n<td class=\"inline\">Toppfyllning<\/td>\n<\/tr>\n<tr>\n<td class=\"strong-title \">Luftfl\u00f6de<\/td>\n<td class=\"inline\">Justerbart luftfl\u00f6de<\/td>\n<\/tr>\n<tr>\n<td class=\"strong-title \">Specifikationer f\u00f6r spolar<\/td>\n<td class=\"inline\">FeCrAl Meshed-H 0.8\u03a9\/0.4\u03a9 CROWN M Twin-coil (MTL &amp; DTL)<br \/>\nRekommenderad effekt: 0,8\u03a9: 15W-18W, 0.4\u03a9: 30W-35W<br \/>\nFeCrAl Meshed-H 0.6 \u03a9 CROWN M Coil (RDL, rekommenderad effekt: 20W-23W)<\/td>\n<\/tr>\n<tr>\n<td class=\"strong-title \">Material<\/td>\n<td class=\"inline\">PC, PCTG<\/td>\n<\/tr>\n<tr>\n<td class=\"strong-title \">Produktstorlek<\/td>\n<td class=\"inline\">82,3*52,6*26,8 mm<\/td>\n<\/tr>\n<tr>\n<td class=\"strong-title \"><\/td>\n<td class=\"inline\"><\/td>\n<\/tr>\n<tr>\n<td class=\"strong-title \">F\u00e4rg<\/td>\n<td class=\"inline\">Orange, bl\u00e5tt, brunt, svart<\/td>\n<\/tr>\n<\/tbody>\n<\/table>\n<div class=\"shop-features \">\n<h2 class=\"shop-features-title \"><a href=\"https:\/\/justvape.nu\/wp-content\/uploads\/2018\/05\/Features.png\"><img loading=\"lazy\" decoding=\"async\" class=\"alignnone size-full wp-image-248459\" src=\"https:\/\/justvape.nu\/wp-content\/uploads\/2018\/05\/Features.png\" alt=\"\" width=\"950\" height=\"64\" title=\"\" srcset=\"https:\/\/justvape.nu\/wp-content\/uploads\/2018\/05\/Features.png 950w, https:\/\/justvape.nu\/wp-content\/uploads\/2018\/05\/Features-600x40.png 600w, https:\/\/justvape.nu\/wp-content\/uploads\/2018\/05\/Features-64x4.png 64w, https:\/\/justvape.nu\/wp-content\/uploads\/2018\/05\/Features-300x20.png 300w, https:\/\/justvape.nu\/wp-content\/uploads\/2018\/05\/Features-768x52.png 768w\" sizes=\"auto, (max-width: 950px) 100vw, 950px\" \/><\/a><\/h2>\n<\/div>\n<p><strong class=\"description-little-title\">Uwell Crown M Detaljer:<\/strong><\/p>\n<ul>\n<li style=\"list-style-type: none;\">\n<ul>\n<li>1. Drivs av ett inbyggt 1000mAh-batteri<\/li>\n<li>2. Dubbla utg\u00e5ngsl\u00e4gen f\u00f6r ditt alternativ<\/li>\n<li>3. Underh\u00e5llande hjul effektjustering<\/li>\n<li>4. Exakt ventil f\u00f6r justering av luftfl\u00f6det<\/li>\n<li>5. 2 ml kapacitet, enkel toppfyllning<\/li>\n<li>6. F\u00f6rb\u00e4ttrad bottenstruktur f\u00f6r kapslar<\/li>\n<li>7. Pro-FOCS teknik f\u00f6r justering av smak<\/li>\n<li>8. Oberoende kontrollerad Twin-Coil<\/li>\n<li>9. Passar f\u00f6r Meshed-H 0.8\u03a9\/0.4\u03a9 CROWN M Twin-coil (MTL &amp; DTL)<\/li>\n<li>10. Utrustad med en extra 0,6\u03a9 spole i paketet f\u00f6r RDL-avdunstning.<\/li>\n<li>11. Unik och genomskinlig design av det yttre fodralet<\/li>\n<\/ul>\n<\/li>\n<\/ul>\n<div class=\"img-show-more\">\n<div id=\"img_content_less\" class=\"img-content add-more\">\n<p class=\"description-img-center\"><a href=\"https:\/\/justvape.nu\/wp-content\/uploads\/2023\/01\/Uwell_Crown_M_Pod_Mod_Kit_Features.jpg\"><img loading=\"lazy\" decoding=\"async\" class=\"alignnone size-full wp-image-565315\" src=\"https:\/\/justvape.nu\/wp-content\/uploads\/2023\/01\/Uwell_Crown_M_Pod_Mod_Kit_Features.jpg\" alt=\"\" width=\"831\" height=\"377\" title=\"\" srcset=\"https:\/\/justvape.nu\/wp-content\/uploads\/2023\/01\/Uwell_Crown_M_Pod_Mod_Kit_Features.jpg 831w, https:\/\/justvape.nu\/wp-content\/uploads\/2023\/01\/Uwell_Crown_M_Pod_Mod_Kit_Features-600x272.jpg 600w, https:\/\/justvape.nu\/wp-content\/uploads\/2023\/01\/Uwell_Crown_M_Pod_Mod_Kit_Features-64x29.jpg 64w, https:\/\/justvape.nu\/wp-content\/uploads\/2023\/01\/Uwell_Crown_M_Pod_Mod_Kit_Features-300x136.jpg 300w, https:\/\/justvape.nu\/wp-content\/uploads\/2023\/01\/Uwell_Crown_M_Pod_Mod_Kit_Features-768x348.jpg 768w\" sizes=\"auto, (max-width: 831px) 100vw, 831px\" \/><\/a> <a href=\"https:\/\/justvape.nu\/wp-content\/uploads\/2023\/01\/Uwell_Crown_M_Pod_Mod_Kit_Full_Colors.jpg\"><img loading=\"lazy\" decoding=\"async\" class=\"alignnone size-full wp-image-565324\" src=\"https:\/\/justvape.nu\/wp-content\/uploads\/2023\/01\/Uwell_Crown_M_Pod_Mod_Kit_Full_Colors.jpg\" alt=\"\" width=\"831\" height=\"314\" title=\"\" srcset=\"https:\/\/justvape.nu\/wp-content\/uploads\/2023\/01\/Uwell_Crown_M_Pod_Mod_Kit_Full_Colors.jpg 831w, https:\/\/justvape.nu\/wp-content\/uploads\/2023\/01\/Uwell_Crown_M_Pod_Mod_Kit_Full_Colors-600x227.jpg 600w, https:\/\/justvape.nu\/wp-content\/uploads\/2023\/01\/Uwell_Crown_M_Pod_Mod_Kit_Full_Colors-64x24.jpg 64w, https:\/\/justvape.nu\/wp-content\/uploads\/2023\/01\/Uwell_Crown_M_Pod_Mod_Kit_Full_Colors-300x113.jpg 300w, https:\/\/justvape.nu\/wp-content\/uploads\/2023\/01\/Uwell_Crown_M_Pod_Mod_Kit_Full_Colors-768x290.jpg 768w\" sizes=\"auto, (max-width: 831px) 100vw, 831px\" \/><\/a><a href=\"https:\/\/justvape.nu\/wp-content\/uploads\/2023\/01\/Uwell_Crown_M_Pod_Mod_Kit_Short_Description.jpg\"><img loading=\"lazy\" decoding=\"async\" class=\"alignnone size-full wp-image-565333\" src=\"https:\/\/justvape.nu\/wp-content\/uploads\/2023\/01\/Uwell_Crown_M_Pod_Mod_Kit_Short_Description.jpg\" alt=\"\" width=\"831\" height=\"437\" title=\"\" srcset=\"https:\/\/justvape.nu\/wp-content\/uploads\/2023\/01\/Uwell_Crown_M_Pod_Mod_Kit_Short_Description.jpg 831w, https:\/\/justvape.nu\/wp-content\/uploads\/2023\/01\/Uwell_Crown_M_Pod_Mod_Kit_Short_Description-600x316.jpg 600w, https:\/\/justvape.nu\/wp-content\/uploads\/2023\/01\/Uwell_Crown_M_Pod_Mod_Kit_Short_Description-64x34.jpg 64w, https:\/\/justvape.nu\/wp-content\/uploads\/2023\/01\/Uwell_Crown_M_Pod_Mod_Kit_Short_Description-300x158.jpg 300w, https:\/\/justvape.nu\/wp-content\/uploads\/2023\/01\/Uwell_Crown_M_Pod_Mod_Kit_Short_Description-768x404.jpg 768w\" sizes=\"auto, (max-width: 831px) 100vw, 831px\" \/><\/a><\/p>\n<\/div>\n<\/div>\n<div class=\"shop-features \">\n<h2 class=\"shop-features-title \"><a href=\"https:\/\/justvape.nu\/wp-content\/uploads\/2018\/05\/Packing-List.png\"><img loading=\"lazy\" decoding=\"async\" class=\"alignnone size-full wp-image-248468\" src=\"https:\/\/justvape.nu\/wp-content\/uploads\/2018\/05\/Packing-List.png\" alt=\"\" width=\"950\" height=\"64\" title=\"\" srcset=\"https:\/\/justvape.nu\/wp-content\/uploads\/2018\/05\/Packing-List.png 950w, https:\/\/justvape.nu\/wp-content\/uploads\/2018\/05\/Packing-List-600x40.png 600w, https:\/\/justvape.nu\/wp-content\/uploads\/2018\/05\/Packing-List-64x4.png 64w, https:\/\/justvape.nu\/wp-content\/uploads\/2018\/05\/Packing-List-300x20.png 300w, https:\/\/justvape.nu\/wp-content\/uploads\/2018\/05\/Packing-List-768x52.png 768w\" sizes=\"auto, (max-width: 950px) 100vw, 950px\" \/><\/a><\/h2>\n<\/div>\n<p><strong class=\"description-little-title \">Paketet med Uwell Crown M Starter Kit inneh\u00e5ller:<\/strong><\/p>\n<p>1* Uwell Crown M-enhet<br \/>\n1* Uwell Crown M Tom patron<br \/>\n1* Meshed-H 0.8\u03a9\/0.4\u03a9 Crown M Twin-Coil (f\u00f6rinstallerad)<br \/>\n1* Meshed-H 0.6\u03a9 Crown M Coil<br \/>\n1 * Anv\u00e4ndarmanual<br \/>\n1 * Type-C laddningskabel<\/p>\n<p class=\"description-img-center \"><a href=\"https:\/\/justvape.nu\/wp-content\/uploads\/2023\/01\/Uwell_Crown_M_Pod_Mod_Kit_Package.jpg\"><img loading=\"lazy\" decoding=\"async\" class=\"alignnone size-full wp-image-565342\" src=\"https:\/\/justvape.nu\/wp-content\/uploads\/2023\/01\/Uwell_Crown_M_Pod_Mod_Kit_Package.jpg\" alt=\"\" width=\"831\" height=\"417\" title=\"\" srcset=\"https:\/\/justvape.nu\/wp-content\/uploads\/2023\/01\/Uwell_Crown_M_Pod_Mod_Kit_Package.jpg 831w, https:\/\/justvape.nu\/wp-content\/uploads\/2023\/01\/Uwell_Crown_M_Pod_Mod_Kit_Package-600x301.jpg 600w, https:\/\/justvape.nu\/wp-content\/uploads\/2023\/01\/Uwell_Crown_M_Pod_Mod_Kit_Package-64x32.jpg 64w, https:\/\/justvape.nu\/wp-content\/uploads\/2023\/01\/Uwell_Crown_M_Pod_Mod_Kit_Package-300x151.jpg 300w, https:\/\/justvape.nu\/wp-content\/uploads\/2023\/01\/Uwell_Crown_M_Pod_Mod_Kit_Package-768x385.jpg 768w\" sizes=\"auto, (max-width: 831px) 100vw, 831px\" \/><\/a><\/p>\n","protected":false},"excerpt":{"rendered":"<p>UWELL &#8211; CROWN M POD KIT<\/p>\n","protected":false},"featured_media":565379,"comment_status":"open","ping_status":"closed","template":"","meta":{"_acf_changed":false,"_uag_custom_page_level_css":"","site-sidebar-layout":"default","site-content-layout":"default","ast-site-content-layout":"default","site-content-style":"default","site-sidebar-style":"default","ast-global-header-display":"","ast-banner-title-visibility":"","ast-main-header-display":"","ast-hfb-above-header-display":"","ast-hfb-below-header-display":"","ast-hfb-mobile-header-display":"","site-post-title":"","ast-breadcrumbs-content":"","ast-featured-img":"","footer-sml-layout":"","ast-disable-related-posts":"","theme-transparent-header-meta":"default","adv-header-id-meta":"","stick-header-meta":"default","header-above-stick-meta":"","header-main-stick-meta":"","header-below-stick-meta":"","astra-migrate-meta-layouts":"default","ast-page-background-enabled":"default","ast-page-background-meta":{"desktop":{"background-color":"","background-image":"","background-repeat":"repeat","background-position":"center center","background-size":"auto","background-attachment":"scroll","background-type":"","background-media":"","overlay-type":"","overlay-color":"","overlay-opacity":"","overlay-gradient":""},"tablet":{"background-color":"","background-image":"","background-repeat":"repeat","background-position":"center center","background-size":"auto","background-attachment":"scroll","background-type":"","background-media":"","overlay-type":"","overlay-color":"","overlay-opacity":"","overlay-gradient":""},"mobile":{"background-color":"","background-image":"","background-repeat":"repeat","background-position":"center center","background-size":"auto","background-attachment":"scroll","background-type":"","background-media":"","overlay-type":"","overlay-color":"","overlay-opacity":"","overlay-gradient":""}},"ast-content-background-meta":{"desktop":{"background-color":"var(--ast-global-color-5)","background-image":"","background-repeat":"repeat","background-position":"center center","background-size":"auto","background-attachment":"scroll","background-type":"","background-media":"","overlay-type":"","overlay-color":"","overlay-opacity":"","overlay-gradient":""},"tablet":{"background-color":"var(--ast-global-color-5)","background-image":"","background-repeat":"repeat","background-position":"center center","background-size":"auto","background-attachment":"scroll","background-type":"","background-media":"","overlay-type":"","overlay-color":"","overlay-opacity":"","overlay-gradient":""},"mobile":{"background-color":"var(--ast-global-color-5)","background-image":"","background-repeat":"repeat","background-position":"center center","background-size":"auto","background-attachment":"scroll","background-type":"","background-media":"","overlay-type":"","overlay-color":"","overlay-opacity":"","overlay-gradient":""}}},"product_brand":[],"product_cat":[2074,4695,2532,2084,2533,3436],"product_tag":[],"class_list":{"0":"post-565450","1":"product","2":"type-product","3":"status-publish","4":"has-post-thumbnail","6":"product_cat-e-cigaretter-sv","7":"product_cat-featured-e-cigarettes-sv","8":"product_cat-hardware-sv","9":"product_cat-nyborjarsatser-pods","10":"product_cat-shop-by-brand-sv","11":"product_cat-uwell-sv","12":"desktop-align-center","13":"tablet-align-center","14":"mobile-align-center","15":"ast-product-gallery-layout-horizontal-slider","16":"ast-product-gallery-with-no-image","17":"ast-product-single-variable","18":"ast-product-tabs-layout-horizontal","20":"first","21":"instock","22":"sale","23":"taxable","24":"shipping-taxable","25":"purchasable","26":"product-type-variable"},"acf":[],"uagb_featured_image_src":{"full":["https:\/\/justvape.nu\/wp-content\/uploads\/2023\/01\/Uwell_Crown_M_Pod_Mod_Kit.webp",800,800,false],"thumbnail":["https:\/\/justvape.nu\/wp-content\/uploads\/2023\/01\/Uwell_Crown_M_Pod_Mod_Kit-150x150.webp",150,150,true],"medium":["https:\/\/justvape.nu\/wp-content\/uploads\/2023\/01\/Uwell_Crown_M_Pod_Mod_Kit-300x300.webp",300,300,true],"medium_large":["https:\/\/justvape.nu\/wp-content\/uploads\/2023\/01\/Uwell_Crown_M_Pod_Mod_Kit-768x768.webp",768,768,true],"large":["https:\/\/justvape.nu\/wp-content\/uploads\/2023\/01\/Uwell_Crown_M_Pod_Mod_Kit.webp",800,800,false],"1536x1536":["https:\/\/justvape.nu\/wp-content\/uploads\/2023\/01\/Uwell_Crown_M_Pod_Mod_Kit.webp",800,800,false],"2048x2048":["https:\/\/justvape.nu\/wp-content\/uploads\/2023\/01\/Uwell_Crown_M_Pod_Mod_Kit.webp",800,800,false],"woocommerce_thumbnail":["https:\/\/justvape.nu\/wp-content\/uploads\/2023\/01\/Uwell_Crown_M_Pod_Mod_Kit-300x300.webp",300,300,true],"woocommerce_single":["https:\/\/justvape.nu\/wp-content\/uploads\/2023\/01\/Uwell_Crown_M_Pod_Mod_Kit-600x600.webp",600,600,true],"woocommerce_gallery_thumbnail":["https:\/\/justvape.nu\/wp-content\/uploads\/2023\/01\/Uwell_Crown_M_Pod_Mod_Kit-100x100.webp",100,100,true],"dgwt-wcas-product-suggestion":["https:\/\/justvape.nu\/wp-content\/uploads\/2023\/01\/Uwell_Crown_M_Pod_Mod_Kit-64x64.webp",64,64,true]},"uagb_author_info":{"display_name":"Kenneth Merkur","author_link":"https:\/\/justvape.nu\/sv\/author\/"},"uagb_comment_info":0,"uagb_excerpt":"UWELL - CROWN M POD KIT","_links":{"self":[{"href":"https:\/\/justvape.nu\/sv\/wp-json\/wp\/v2\/product\/565450","targetHints":{"allow":["GET"]}}],"collection":[{"href":"https:\/\/justvape.nu\/sv\/wp-json\/wp\/v2\/product"}],"about":[{"href":"https:\/\/justvape.nu\/sv\/wp-json\/wp\/v2\/types\/product"}],"replies":[{"embeddable":true,"href":"https:\/\/justvape.nu\/sv\/wp-json\/wp\/v2\/comments?post=565450"}],"wp:featuredmedia":[{"embeddable":true,"href":"https:\/\/justvape.nu\/sv\/wp-json\/wp\/v2\/media\/565379"}],"wp:attachment":[{"href":"https:\/\/justvape.nu\/sv\/wp-json\/wp\/v2\/media?parent=565450"}],"wp:term":[{"taxonomy":"product_brand","embeddable":true,"href":"https:\/\/justvape.nu\/sv\/wp-json\/wp\/v2\/product_brand?post=565450"},{"taxonomy":"product_cat","embeddable":true,"href":"https:\/\/justvape.nu\/sv\/wp-json\/wp\/v2\/product_cat?post=565450"},{"taxonomy":"product_tag","embeddable":true,"href":"https:\/\/justvape.nu\/sv\/wp-json\/wp\/v2\/product_tag?post=565450"}],"curies":[{"name":"wp","href":"https:\/\/api.w.org\/{rel}","templated":true}]}}