{"id":555519,"date":"2022-12-12T14:15:52","date_gmt":"2022-12-12T13:15:52","guid":{"rendered":"https:\/\/justvape.nu\/produkt\/vaporesso-luxe-xr-vape-kit\/"},"modified":"2024-02-05T11:15:43","modified_gmt":"2024-02-05T10:15:43","slug":"vaporesso-luxe-xr-vape-kit-2","status":"publish","type":"product","link":"https:\/\/justvape.nu\/sv\/produkt\/vaporesso-luxe-xr-vape-kit-2\/","title":{"rendered":"VAPORESSO &#8211; LUXE XR VAPE KIT"},"content":{"rendered":"<h2>VAPORESSO &#8211; LUXE XR VAPE KIT<\/h2>\n<p>Vaporesso Luze XR Vape Pod Kit \u00e4r ett starkt sub ohm-alternativ som l\u00e4tt f\u00e5r plats i fickan. L\u00e5nga \u00e5ngsessioner mellan laddningarna st\u00f6ds av det interna batteriet p\u00e5 1500 mAh, och du kan v\u00e4lja din \u00f6nskade \u00e5ngniv\u00e5 tack vare den variabla effekten p\u00e5 5-40 W. Dessutom inneb\u00e4r det att kitet \u00e4r kompatibelt med MTL-slingor (Mouth To Lung) fr\u00e5n samma sortiment, ut\u00f6ver DTL- (Direct To Lung) och RDTL-slingor (Restricted Direct To Lung) som st\u00f6ds av de medf\u00f6ljande Luxe X-slingorna.<\/p>\n<p>Enheten aktiveras med en enda avfyrningsknapp, vilket eliminerar behovet av att klicka p\u00e5 flera knappar och utforska menypaneler. Den har ocks\u00e5 en intelligent processor som automatiskt v\u00e4ljer r\u00e4tt effekt f\u00f6r din spole baserat p\u00e5 dess motst\u00e5nd och den typ av spole som du har placerat. Du kan st\u00e4lla in effekten manuellt och hitta en vape som uppfyller dina \u00f6nskem\u00e5l om du gillar att experimentera.<\/p>\n<p>Luxe X-poddarna kombinerar en tankens kapacitet med en pods robusthet. P\u00e5fyllning \u00e4r enkel tack vare toppfyllning, och du beh\u00f6ver inte ens ta ut din pod ur kitet. Dessutom kan du v\u00e4lja mellan en t\u00e4tare eller l\u00f6sare dragning tack vare det justerbara luftfl\u00f6det. N\u00e4tet som \u00e4r inbyggt i varje utbytbar spole \u00f6kar smaken samtidigt som det resulterar i mindre avfall och en mer prisv\u00e4rd metod f\u00f6r att anv\u00e4nda ditt kit. B\u00e5de 0,4 Ohm och 0,8 Ohm skapar mer \u00e5nga n\u00e4r de anv\u00e4nds med e-v\u00e4tskor som har en VG-halt p\u00e5 minst 70 %.<\/p>\n<p><a href=\"https:\/\/justvape.nu\/wp-content\/uploads\/2018\/05\/Color-Schemes.png\"><img loading=\"lazy\" decoding=\"async\" class=\"alignnone size-full wp-image-19187\" src=\"https:\/\/justvape.nu\/wp-content\/uploads\/2018\/05\/Color-Schemes.png\" alt=\"\" width=\"950\" height=\"64\" title=\"\" srcset=\"https:\/\/justvape.nu\/wp-content\/uploads\/2018\/05\/Color-Schemes.png 950w, https:\/\/justvape.nu\/wp-content\/uploads\/2018\/05\/Color-Schemes-555x37.png 555w, https:\/\/justvape.nu\/wp-content\/uploads\/2018\/05\/Color-Schemes-64x4.png 64w, https:\/\/justvape.nu\/wp-content\/uploads\/2018\/05\/Color-Schemes-300x20.png 300w, https:\/\/justvape.nu\/wp-content\/uploads\/2018\/05\/Color-Schemes-768x52.png 768w\" sizes=\"auto, (max-width: 950px) 100vw, 950px\" \/><\/a><\/p>\n<p class=\"description-img-center\"><a href=\"https:\/\/justvape.nu\/wp-content\/uploads\/2022\/12\/Vaporesso_Luxe_XR_Kit_Colors.jpg\"><img loading=\"lazy\" decoding=\"async\" class=\"alignnone size-full wp-image-555223\" src=\"https:\/\/justvape.nu\/wp-content\/uploads\/2022\/12\/Vaporesso_Luxe_XR_Kit_Colors.jpg\" alt=\"\" width=\"831\" height=\"328\" title=\"\" srcset=\"https:\/\/justvape.nu\/wp-content\/uploads\/2022\/12\/Vaporesso_Luxe_XR_Kit_Colors.jpg 831w, https:\/\/justvape.nu\/wp-content\/uploads\/2022\/12\/Vaporesso_Luxe_XR_Kit_Colors-300x118.jpg 300w, https:\/\/justvape.nu\/wp-content\/uploads\/2022\/12\/Vaporesso_Luxe_XR_Kit_Colors-768x303.jpg 768w, https:\/\/justvape.nu\/wp-content\/uploads\/2022\/12\/Vaporesso_Luxe_XR_Kit_Colors-600x237.jpg 600w, https:\/\/justvape.nu\/wp-content\/uploads\/2022\/12\/Vaporesso_Luxe_XR_Kit_Colors-64x25.jpg 64w\" sizes=\"auto, (max-width: 831px) 100vw, 831px\" \/><\/a><\/p>\n<div class=\"shop-features \">\n<h2 class=\"shop-features-title \"><a href=\"https:\/\/justvape.nu\/wp-content\/uploads\/2018\/05\/Specifications.png\"><img loading=\"lazy\" decoding=\"async\" class=\"alignnone size-full wp-image-18993\" src=\"https:\/\/justvape.nu\/wp-content\/uploads\/2018\/05\/Specifications.png\" alt=\"\" width=\"950\" height=\"64\" title=\"\" srcset=\"https:\/\/justvape.nu\/wp-content\/uploads\/2018\/05\/Specifications.png 950w, https:\/\/justvape.nu\/wp-content\/uploads\/2018\/05\/Specifications-555x37.png 555w, https:\/\/justvape.nu\/wp-content\/uploads\/2018\/05\/Specifications-64x4.png 64w, https:\/\/justvape.nu\/wp-content\/uploads\/2018\/05\/Specifications-300x20.png 300w, https:\/\/justvape.nu\/wp-content\/uploads\/2018\/05\/Specifications-768x52.png 768w\" sizes=\"auto, (max-width: 950px) 100vw, 950px\" \/><\/a><\/h2>\n<\/div>\n<p><strong class=\"description-little-title\">Vaporesso Luxe XR Pod System Kit Parametrar:<\/strong><\/p>\n<table class=\"description-table\">\n<tbody>\n<tr>\n<td class=\"strong-title \">varum\u00e4rke<\/td>\n<td class=\"inline\">Vaporesso<\/td>\n<\/tr>\n<tr>\n<td class=\"strong-title \">produktnamn<\/td>\n<td class=\"inline\">Luxe XR-kit<\/td>\n<\/tr>\n<tr>\n<td class=\"strong-title \">Batteri<\/td>\n<td class=\"inline\">Inbyggt batteri p\u00e5 1500 mAh<\/td>\n<\/tr>\n<tr>\n<td class=\"strong-title \">Uteffekt<\/td>\n<td class=\"inline\">40W<\/td>\n<\/tr>\n<tr>\n<td class=\"strong-title \">Laddningsstr\u00f6m<\/td>\n<td class=\"inline\">DC 5V\/1,5A, Typ-C<\/td>\n<\/tr>\n<tr>\n<td class=\"strong-title \">Kapacitet kapacitet<\/td>\n<td class=\"inline\">2 ml (TPD)<\/td>\n<\/tr>\n<tr>\n<td class=\"strong-title \">Fyllning<\/td>\n<td class=\"inline\">Bottenfyllning<\/td>\n<\/tr>\n<tr>\n<td class=\"strong-title \">Coil Resistance<\/td>\n<td class=\"inline\">GTX 0.4\u03a9 Mesh Coil, GTX 0.8\u03a9 Mesh Coil<\/td>\n<\/tr>\n<tr>\n<td class=\"strong-title \">Passar f\u00f6r<\/td>\n<td class=\"inline\">Luxe X 0.4\u03a9\/0.8\u03a9 Pod, Luxe XR RDL\/MTL Pod, GTX 0.4\u03a9\/0.6\u03a9 Coil (passar f\u00f6r XR RDL Pod), GTX 0.8\u03a9\/1.2\u03a9 Coil (passar f\u00f6r XR MTL Pod)<\/td>\n<\/tr>\n<tr>\n<td class=\"strong-title \">Produktstorlek<\/td>\n<td class=\"inline\">98*31.5*21.6mm<\/td>\n<\/tr>\n<tr>\n<td class=\"strong-title \">F\u00f6rpackningsstorlek<\/td>\n<td class=\"inline\">126*98*38mm<\/td>\n<\/tr>\n<tr>\n<td class=\"strong-title \"><\/td>\n<td class=\"inline\"><\/td>\n<\/tr>\n<tr>\n<td class=\"strong-title \">F\u00e4rg<\/td>\n<td class=\"inline\">Galaxy Blue, Galaxy Red, Galaxy Purple, Gold, Black, Pink, Silver<\/td>\n<\/tr>\n<\/tbody>\n<\/table>\n<div class=\"shop-features \">\n<h2 class=\"shop-features-title \"><a href=\"https:\/\/justvape.nu\/wp-content\/uploads\/2018\/05\/Features.png\"><img loading=\"lazy\" decoding=\"async\" class=\"alignnone size-full wp-image-248458\" src=\"https:\/\/justvape.nu\/wp-content\/uploads\/2018\/05\/Features.png\" alt=\"\" width=\"950\" height=\"64\" title=\"\" srcset=\"https:\/\/justvape.nu\/wp-content\/uploads\/2018\/05\/Features.png 950w, https:\/\/justvape.nu\/wp-content\/uploads\/2018\/05\/Features-600x40.png 600w, https:\/\/justvape.nu\/wp-content\/uploads\/2018\/05\/Features-64x4.png 64w, https:\/\/justvape.nu\/wp-content\/uploads\/2018\/05\/Features-300x20.png 300w, https:\/\/justvape.nu\/wp-content\/uploads\/2018\/05\/Features-768x52.png 768w\" sizes=\"auto, (max-width: 950px) 100vw, 950px\" \/><\/a><\/h2>\n<\/div>\n<p><strong class=\"description-little-title\">Vaporesso Luxe XR Detaljer:<\/strong><\/p>\n<ul>\n<li style=\"list-style-type: none;\">\n<ul>\n<li>1. Inbyggt 1500mAh-batteri med 40W effekt<\/li>\n<li>2. COREX-v\u00e4rmeteknik f\u00f6r exakt smak<\/li>\n<li>3. Anv\u00e4nder AXON Chip med smart kontroll<\/li>\n<li>4. Slitstark\/smutsbest\u00e4ndig bel\u00e4ggning och PCTG-r\u00f6r.<\/li>\n<li>5. Automatisk l\u00e5sning av enheten efter att du tryckt p\u00e5 8S<\/li>\n<li>6. S\u00e4kert l\u00e4ge f\u00f6r att undvika oavsiktlig felavfyrning.<\/li>\n<li>7. Utformad med 3 LED-lampor f\u00f6r att visa<\/li>\n<li>8. Futuristisk design, kristall och solid kropp<\/li>\n<li>9. Anv\u00e4nder SSS l\u00e4ckages\u00e4ker teknik<\/li>\n<li>10. 2 ml e-juice kapacitet, enkel fyllning i botten.<\/li>\n<li>11. Passar f\u00f6r Luxe X 0.4\u03a9\/0.8\u03a9 Pod, Luxe XR RDL\/MTL Pod, GTX 0.4\u03a9\/0.6\u03a9 Coil (RDL), GTX 0.8\u03a9\/1.2\u03a9 Coil (MTL)<\/li>\n<\/ul>\n<\/li>\n<\/ul>\n<p class=\"description-img-center \"><a href=\"https:\/\/justvape.nu\/wp-content\/uploads\/2022\/12\/Vaporesso_Luxe_XR_Kit.jpg\"><img loading=\"lazy\" decoding=\"async\" class=\"alignnone size-full wp-image-555232\" src=\"https:\/\/justvape.nu\/wp-content\/uploads\/2022\/12\/Vaporesso_Luxe_XR_Kit.jpg\" alt=\"\" width=\"831\" height=\"416\" title=\"\" srcset=\"https:\/\/justvape.nu\/wp-content\/uploads\/2022\/12\/Vaporesso_Luxe_XR_Kit.jpg 831w, https:\/\/justvape.nu\/wp-content\/uploads\/2022\/12\/Vaporesso_Luxe_XR_Kit-300x150.jpg 300w, https:\/\/justvape.nu\/wp-content\/uploads\/2022\/12\/Vaporesso_Luxe_XR_Kit-768x384.jpg 768w, https:\/\/justvape.nu\/wp-content\/uploads\/2022\/12\/Vaporesso_Luxe_XR_Kit-600x300.jpg 600w, https:\/\/justvape.nu\/wp-content\/uploads\/2022\/12\/Vaporesso_Luxe_XR_Kit-64x32.jpg 64w\" sizes=\"auto, (max-width: 831px) 100vw, 831px\" \/><\/a><a href=\"https:\/\/justvape.nu\/wp-content\/uploads\/2022\/12\/Vaporesso_Luxe_XR_Kit_1500mAh_Battery.jpg\"><img loading=\"lazy\" decoding=\"async\" class=\"alignnone size-full wp-image-555241\" src=\"https:\/\/justvape.nu\/wp-content\/uploads\/2022\/12\/Vaporesso_Luxe_XR_Kit_1500mAh_Battery.jpg\" alt=\"\" width=\"831\" height=\"416\" title=\"\" srcset=\"https:\/\/justvape.nu\/wp-content\/uploads\/2022\/12\/Vaporesso_Luxe_XR_Kit_1500mAh_Battery.jpg 831w, https:\/\/justvape.nu\/wp-content\/uploads\/2022\/12\/Vaporesso_Luxe_XR_Kit_1500mAh_Battery-300x150.jpg 300w, https:\/\/justvape.nu\/wp-content\/uploads\/2022\/12\/Vaporesso_Luxe_XR_Kit_1500mAh_Battery-768x384.jpg 768w, https:\/\/justvape.nu\/wp-content\/uploads\/2022\/12\/Vaporesso_Luxe_XR_Kit_1500mAh_Battery-600x300.jpg 600w, https:\/\/justvape.nu\/wp-content\/uploads\/2022\/12\/Vaporesso_Luxe_XR_Kit_1500mAh_Battery-64x32.jpg 64w\" sizes=\"auto, (max-width: 831px) 100vw, 831px\" \/><\/a> <a href=\"https:\/\/justvape.nu\/wp-content\/uploads\/2022\/12\/Vaporesso_Luxe_XR_Kit_Auto_Lock.jpg\"><img loading=\"lazy\" decoding=\"async\" class=\"alignnone size-full wp-image-555250\" src=\"https:\/\/justvape.nu\/wp-content\/uploads\/2022\/12\/Vaporesso_Luxe_XR_Kit_Auto_Lock.jpg\" alt=\"\" width=\"831\" height=\"331\" title=\"\" srcset=\"https:\/\/justvape.nu\/wp-content\/uploads\/2022\/12\/Vaporesso_Luxe_XR_Kit_Auto_Lock.jpg 831w, https:\/\/justvape.nu\/wp-content\/uploads\/2022\/12\/Vaporesso_Luxe_XR_Kit_Auto_Lock-300x119.jpg 300w, https:\/\/justvape.nu\/wp-content\/uploads\/2022\/12\/Vaporesso_Luxe_XR_Kit_Auto_Lock-768x306.jpg 768w, https:\/\/justvape.nu\/wp-content\/uploads\/2022\/12\/Vaporesso_Luxe_XR_Kit_Auto_Lock-600x239.jpg 600w, https:\/\/justvape.nu\/wp-content\/uploads\/2022\/12\/Vaporesso_Luxe_XR_Kit_Auto_Lock-64x25.jpg 64w\" sizes=\"auto, (max-width: 831px) 100vw, 831px\" \/><\/a> <a href=\"https:\/\/justvape.nu\/wp-content\/uploads\/2022\/12\/Vaporesso_Luxe_XR_Kit_Coating.jpg\"><img loading=\"lazy\" decoding=\"async\" class=\"alignnone size-full wp-image-555259\" src=\"https:\/\/justvape.nu\/wp-content\/uploads\/2022\/12\/Vaporesso_Luxe_XR_Kit_Coating.jpg\" alt=\"\" width=\"831\" height=\"460\" title=\"\" srcset=\"https:\/\/justvape.nu\/wp-content\/uploads\/2022\/12\/Vaporesso_Luxe_XR_Kit_Coating.jpg 831w, https:\/\/justvape.nu\/wp-content\/uploads\/2022\/12\/Vaporesso_Luxe_XR_Kit_Coating-300x166.jpg 300w, https:\/\/justvape.nu\/wp-content\/uploads\/2022\/12\/Vaporesso_Luxe_XR_Kit_Coating-768x425.jpg 768w, https:\/\/justvape.nu\/wp-content\/uploads\/2022\/12\/Vaporesso_Luxe_XR_Kit_Coating-600x332.jpg 600w, https:\/\/justvape.nu\/wp-content\/uploads\/2022\/12\/Vaporesso_Luxe_XR_Kit_Coating-64x35.jpg 64w\" sizes=\"auto, (max-width: 831px) 100vw, 831px\" \/><\/a> <a href=\"https:\/\/justvape.nu\/wp-content\/uploads\/2022\/12\/Vaporesso_Luxe_XR_Kit_COREX_Heating_Tech.jpg\"><img loading=\"lazy\" decoding=\"async\" class=\"alignnone size-full wp-image-555268\" src=\"https:\/\/justvape.nu\/wp-content\/uploads\/2022\/12\/Vaporesso_Luxe_XR_Kit_COREX_Heating_Tech.jpg\" alt=\"\" width=\"831\" height=\"374\" title=\"\" srcset=\"https:\/\/justvape.nu\/wp-content\/uploads\/2022\/12\/Vaporesso_Luxe_XR_Kit_COREX_Heating_Tech.jpg 831w, https:\/\/justvape.nu\/wp-content\/uploads\/2022\/12\/Vaporesso_Luxe_XR_Kit_COREX_Heating_Tech-300x135.jpg 300w, https:\/\/justvape.nu\/wp-content\/uploads\/2022\/12\/Vaporesso_Luxe_XR_Kit_COREX_Heating_Tech-768x346.jpg 768w, https:\/\/justvape.nu\/wp-content\/uploads\/2022\/12\/Vaporesso_Luxe_XR_Kit_COREX_Heating_Tech-600x270.jpg 600w, https:\/\/justvape.nu\/wp-content\/uploads\/2022\/12\/Vaporesso_Luxe_XR_Kit_COREX_Heating_Tech-64x29.jpg 64w\" sizes=\"auto, (max-width: 831px) 100vw, 831px\" \/><\/a> <a href=\"https:\/\/justvape.nu\/wp-content\/uploads\/2022\/12\/Vaporesso_Luxe_XR_Kit_Features.jpg\"><img loading=\"lazy\" decoding=\"async\" class=\"alignnone size-full wp-image-555277\" src=\"https:\/\/justvape.nu\/wp-content\/uploads\/2022\/12\/Vaporesso_Luxe_XR_Kit_Features.jpg\" alt=\"\" width=\"831\" height=\"245\" title=\"\" srcset=\"https:\/\/justvape.nu\/wp-content\/uploads\/2022\/12\/Vaporesso_Luxe_XR_Kit_Features.jpg 831w, https:\/\/justvape.nu\/wp-content\/uploads\/2022\/12\/Vaporesso_Luxe_XR_Kit_Features-300x88.jpg 300w, https:\/\/justvape.nu\/wp-content\/uploads\/2022\/12\/Vaporesso_Luxe_XR_Kit_Features-768x226.jpg 768w, https:\/\/justvape.nu\/wp-content\/uploads\/2022\/12\/Vaporesso_Luxe_XR_Kit_Features-600x177.jpg 600w, https:\/\/justvape.nu\/wp-content\/uploads\/2022\/12\/Vaporesso_Luxe_XR_Kit_Features-64x19.jpg 64w\" sizes=\"auto, (max-width: 831px) 100vw, 831px\" \/><\/a> <a href=\"https:\/\/justvape.nu\/wp-content\/uploads\/2022\/12\/Vaporesso_Luxe_XR_Kit_Futuristic_Design.jpg\"><img loading=\"lazy\" decoding=\"async\" class=\"alignnone size-full wp-image-555286\" src=\"https:\/\/justvape.nu\/wp-content\/uploads\/2022\/12\/Vaporesso_Luxe_XR_Kit_Futuristic_Design.jpg\" alt=\"\" width=\"831\" height=\"464\" title=\"\" srcset=\"https:\/\/justvape.nu\/wp-content\/uploads\/2022\/12\/Vaporesso_Luxe_XR_Kit_Futuristic_Design.jpg 831w, https:\/\/justvape.nu\/wp-content\/uploads\/2022\/12\/Vaporesso_Luxe_XR_Kit_Futuristic_Design-300x168.jpg 300w, https:\/\/justvape.nu\/wp-content\/uploads\/2022\/12\/Vaporesso_Luxe_XR_Kit_Futuristic_Design-768x429.jpg 768w, https:\/\/justvape.nu\/wp-content\/uploads\/2022\/12\/Vaporesso_Luxe_XR_Kit_Futuristic_Design-600x335.jpg 600w, https:\/\/justvape.nu\/wp-content\/uploads\/2022\/12\/Vaporesso_Luxe_XR_Kit_Futuristic_Design-64x36.jpg 64w\" sizes=\"auto, (max-width: 831px) 100vw, 831px\" \/><\/a> <a href=\"https:\/\/justvape.nu\/wp-content\/uploads\/2022\/12\/Vaporesso_Luxe_XR_Kit_Part.jpg\"><img loading=\"lazy\" decoding=\"async\" class=\"alignnone size-full wp-image-555295\" src=\"https:\/\/justvape.nu\/wp-content\/uploads\/2022\/12\/Vaporesso_Luxe_XR_Kit_Part.jpg\" alt=\"\" width=\"831\" height=\"509\" title=\"\" srcset=\"https:\/\/justvape.nu\/wp-content\/uploads\/2022\/12\/Vaporesso_Luxe_XR_Kit_Part.jpg 831w, https:\/\/justvape.nu\/wp-content\/uploads\/2022\/12\/Vaporesso_Luxe_XR_Kit_Part-300x184.jpg 300w, https:\/\/justvape.nu\/wp-content\/uploads\/2022\/12\/Vaporesso_Luxe_XR_Kit_Part-768x470.jpg 768w, https:\/\/justvape.nu\/wp-content\/uploads\/2022\/12\/Vaporesso_Luxe_XR_Kit_Part-600x368.jpg 600w, https:\/\/justvape.nu\/wp-content\/uploads\/2022\/12\/Vaporesso_Luxe_XR_Kit_Part-64x39.jpg 64w\" sizes=\"auto, (max-width: 831px) 100vw, 831px\" \/><\/a>  <a href=\"https:\/\/justvape.nu\/wp-content\/uploads\/2022\/12\/Vaporesso_Luxe_XR_Kit_SSS_Leaking_Tech.jpg\"><img loading=\"lazy\" decoding=\"async\" class=\"alignnone size-full wp-image-555313\" src=\"https:\/\/justvape.nu\/wp-content\/uploads\/2022\/12\/Vaporesso_Luxe_XR_Kit_SSS_Leaking_Tech.jpg\" alt=\"\" width=\"831\" height=\"283\" title=\"\" srcset=\"https:\/\/justvape.nu\/wp-content\/uploads\/2022\/12\/Vaporesso_Luxe_XR_Kit_SSS_Leaking_Tech.jpg 831w, https:\/\/justvape.nu\/wp-content\/uploads\/2022\/12\/Vaporesso_Luxe_XR_Kit_SSS_Leaking_Tech-300x102.jpg 300w, https:\/\/justvape.nu\/wp-content\/uploads\/2022\/12\/Vaporesso_Luxe_XR_Kit_SSS_Leaking_Tech-768x262.jpg 768w, https:\/\/justvape.nu\/wp-content\/uploads\/2022\/12\/Vaporesso_Luxe_XR_Kit_SSS_Leaking_Tech-600x204.jpg 600w, https:\/\/justvape.nu\/wp-content\/uploads\/2022\/12\/Vaporesso_Luxe_XR_Kit_SSS_Leaking_Tech-64x22.jpg 64w\" sizes=\"auto, (max-width: 831px) 100vw, 831px\" \/><\/a> <a href=\"https:\/\/justvape.nu\/wp-content\/uploads\/2022\/12\/Vaporesso_Luxe_XR_Pod.jpg\"><img loading=\"lazy\" decoding=\"async\" class=\"alignnone size-full wp-image-555322\" src=\"https:\/\/justvape.nu\/wp-content\/uploads\/2022\/12\/Vaporesso_Luxe_XR_Pod.jpg\" alt=\"\" width=\"831\" height=\"288\" title=\"\" srcset=\"https:\/\/justvape.nu\/wp-content\/uploads\/2022\/12\/Vaporesso_Luxe_XR_Pod.jpg 831w, https:\/\/justvape.nu\/wp-content\/uploads\/2022\/12\/Vaporesso_Luxe_XR_Pod-300x104.jpg 300w, https:\/\/justvape.nu\/wp-content\/uploads\/2022\/12\/Vaporesso_Luxe_XR_Pod-768x266.jpg 768w, https:\/\/justvape.nu\/wp-content\/uploads\/2022\/12\/Vaporesso_Luxe_XR_Pod-600x208.jpg 600w, https:\/\/justvape.nu\/wp-content\/uploads\/2022\/12\/Vaporesso_Luxe_XR_Pod-64x22.jpg 64w\" sizes=\"auto, (max-width: 831px) 100vw, 831px\" \/><\/a><\/p>\n<div class=\"shop-features \">\n<h2 class=\"shop-features-title \"><a href=\"https:\/\/justvape.nu\/wp-content\/uploads\/2018\/05\/Packing-List.png\"><img loading=\"lazy\" decoding=\"async\" class=\"alignnone size-full wp-image-18995\" src=\"https:\/\/justvape.nu\/wp-content\/uploads\/2018\/05\/Packing-List.png\" alt=\"\" width=\"950\" height=\"64\" title=\"\" srcset=\"https:\/\/justvape.nu\/wp-content\/uploads\/2018\/05\/Packing-List.png 950w, https:\/\/justvape.nu\/wp-content\/uploads\/2018\/05\/Packing-List-555x37.png 555w, https:\/\/justvape.nu\/wp-content\/uploads\/2018\/05\/Packing-List-64x4.png 64w, https:\/\/justvape.nu\/wp-content\/uploads\/2018\/05\/Packing-List-300x20.png 300w, https:\/\/justvape.nu\/wp-content\/uploads\/2018\/05\/Packing-List-768x52.png 768w\" sizes=\"auto, (max-width: 950px) 100vw, 950px\" \/><\/a><\/h2>\n<\/div>\n<p><strong class=\"description-little-title \">Paketet med Vaporesso Luxe XR 40W Kit levereras med:<\/strong><\/p>\n<p>1* Vaporesso Luxe X-batteri<br \/>\n1* Vaporesso Luxe XR Pod (RDL)<br \/>\n1* Vaporesso Luxe XR Pod (MTL)<br \/>\n1* Vaporesso GTX 0.4\u03a9 Mesh Coil<br \/>\n1* Vaporesso GTX 0.8\u03a9 Mesh Coil<br \/>\n1 * Type-C-kabel<br \/>\n1* Bruksanvisning och garantikort<br \/>\n1* P\u00e5minnelsekort<\/p>\n","protected":false},"excerpt":{"rendered":"<p>VAPORESSO &#8211; LUXE XR VAPE KIT<\/p>\n","protected":false},"featured_media":555346,"comment_status":"open","ping_status":"closed","template":"","meta":{"_acf_changed":false,"_uag_custom_page_level_css":"","site-sidebar-layout":"default","site-content-layout":"default","ast-site-content-layout":"default","site-content-style":"default","site-sidebar-style":"default","ast-global-header-display":"","ast-banner-title-visibility":"","ast-main-header-display":"","ast-hfb-above-header-display":"","ast-hfb-below-header-display":"","ast-hfb-mobile-header-display":"","site-post-title":"","ast-breadcrumbs-content":"","ast-featured-img":"","footer-sml-layout":"","ast-disable-related-posts":"","theme-transparent-header-meta":"default","adv-header-id-meta":"","stick-header-meta":"default","header-above-stick-meta":"","header-main-stick-meta":"","header-below-stick-meta":"","astra-migrate-meta-layouts":"default","ast-page-background-enabled":"default","ast-page-background-meta":{"desktop":{"background-color":"","background-image":"","background-repeat":"repeat","background-position":"center center","background-size":"auto","background-attachment":"scroll","background-type":"","background-media":"","overlay-type":"","overlay-color":"","overlay-opacity":"","overlay-gradient":""},"tablet":{"background-color":"","background-image":"","background-repeat":"repeat","background-position":"center center","background-size":"auto","background-attachment":"scroll","background-type":"","background-media":"","overlay-type":"","overlay-color":"","overlay-opacity":"","overlay-gradient":""},"mobile":{"background-color":"","background-image":"","background-repeat":"repeat","background-position":"center center","background-size":"auto","background-attachment":"scroll","background-type":"","background-media":"","overlay-type":"","overlay-color":"","overlay-opacity":"","overlay-gradient":""}},"ast-content-background-meta":{"desktop":{"background-color":"var(--ast-global-color-5)","background-image":"","background-repeat":"repeat","background-position":"center center","background-size":"auto","background-attachment":"scroll","background-type":"","background-media":"","overlay-type":"","overlay-color":"","overlay-opacity":"","overlay-gradient":""},"tablet":{"background-color":"var(--ast-global-color-5)","background-image":"","background-repeat":"repeat","background-position":"center center","background-size":"auto","background-attachment":"scroll","background-type":"","background-media":"","overlay-type":"","overlay-color":"","overlay-opacity":"","overlay-gradient":""},"mobile":{"background-color":"var(--ast-global-color-5)","background-image":"","background-repeat":"repeat","background-position":"center center","background-size":"auto","background-attachment":"scroll","background-type":"","background-media":"","overlay-type":"","overlay-color":"","overlay-opacity":"","overlay-gradient":""}}},"product_brand":[],"product_cat":[2074,2532,2084,2533,4272],"product_tag":[],"class_list":{"0":"post-555519","1":"product","2":"type-product","3":"status-publish","4":"has-post-thumbnail","6":"product_cat-e-cigaretter-sv","7":"product_cat-hardware-sv","8":"product_cat-nyborjarsatser-pods","9":"product_cat-shop-by-brand-sv","10":"product_cat-vaporesso-sv-shop-by-brand-sv","11":"desktop-align-center","12":"tablet-align-center","13":"mobile-align-center","14":"ast-product-gallery-layout-horizontal-slider","15":"ast-product-gallery-with-no-image","16":"ast-product-single-variable","17":"ast-product-tabs-layout-horizontal","19":"first","20":"instock","21":"sale","22":"taxable","23":"shipping-taxable","24":"purchasable","25":"product-type-variable"},"acf":[],"uagb_featured_image_src":{"full":["https:\/\/justvape.nu\/wp-content\/uploads\/2022\/12\/VLXRK20220930_2048x.webp",800,800,false],"thumbnail":["https:\/\/justvape.nu\/wp-content\/uploads\/2022\/12\/VLXRK20220930_2048x-150x150.webp",150,150,true],"medium":["https:\/\/justvape.nu\/wp-content\/uploads\/2022\/12\/VLXRK20220930_2048x-300x300.webp",300,300,true],"medium_large":["https:\/\/justvape.nu\/wp-content\/uploads\/2022\/12\/VLXRK20220930_2048x-768x768.webp",768,768,true],"large":["https:\/\/justvape.nu\/wp-content\/uploads\/2022\/12\/VLXRK20220930_2048x.webp",800,800,false],"1536x1536":["https:\/\/justvape.nu\/wp-content\/uploads\/2022\/12\/VLXRK20220930_2048x.webp",800,800,false],"2048x2048":["https:\/\/justvape.nu\/wp-content\/uploads\/2022\/12\/VLXRK20220930_2048x.webp",800,800,false],"woocommerce_thumbnail":["https:\/\/justvape.nu\/wp-content\/uploads\/2022\/12\/VLXRK20220930_2048x-300x300.webp",300,300,true],"woocommerce_single":["https:\/\/justvape.nu\/wp-content\/uploads\/2022\/12\/VLXRK20220930_2048x-600x600.webp",600,600,true],"woocommerce_gallery_thumbnail":["https:\/\/justvape.nu\/wp-content\/uploads\/2022\/12\/VLXRK20220930_2048x-100x100.webp",100,100,true],"dgwt-wcas-product-suggestion":["https:\/\/justvape.nu\/wp-content\/uploads\/2022\/12\/VLXRK20220930_2048x-64x64.webp",64,64,true]},"uagb_author_info":{"display_name":"Kenneth Merkur","author_link":"https:\/\/justvape.nu\/sv\/author\/"},"uagb_comment_info":0,"uagb_excerpt":"VAPORESSO - LUXE XR VAPE KIT","_links":{"self":[{"href":"https:\/\/justvape.nu\/sv\/wp-json\/wp\/v2\/product\/555519","targetHints":{"allow":["GET"]}}],"collection":[{"href":"https:\/\/justvape.nu\/sv\/wp-json\/wp\/v2\/product"}],"about":[{"href":"https:\/\/justvape.nu\/sv\/wp-json\/wp\/v2\/types\/product"}],"replies":[{"embeddable":true,"href":"https:\/\/justvape.nu\/sv\/wp-json\/wp\/v2\/comments?post=555519"}],"wp:featuredmedia":[{"embeddable":true,"href":"https:\/\/justvape.nu\/sv\/wp-json\/wp\/v2\/media\/555346"}],"wp:attachment":[{"href":"https:\/\/justvape.nu\/sv\/wp-json\/wp\/v2\/media?parent=555519"}],"wp:term":[{"taxonomy":"product_brand","embeddable":true,"href":"https:\/\/justvape.nu\/sv\/wp-json\/wp\/v2\/product_brand?post=555519"},{"taxonomy":"product_cat","embeddable":true,"href":"https:\/\/justvape.nu\/sv\/wp-json\/wp\/v2\/product_cat?post=555519"},{"taxonomy":"product_tag","embeddable":true,"href":"https:\/\/justvape.nu\/sv\/wp-json\/wp\/v2\/product_tag?post=555519"}],"curies":[{"name":"wp","href":"https:\/\/api.w.org\/{rel}","templated":true}]}}