{"id":546090,"date":"2022-11-09T20:54:23","date_gmt":"2022-11-09T19:54:23","guid":{"rendered":"https:\/\/justvape.nu\/produkt\/voopoo-drag-e60-kit\/"},"modified":"2024-02-05T11:15:52","modified_gmt":"2024-02-05T10:15:52","slug":"voopoo-drag-e60-kit-2","status":"publish","type":"product","link":"https:\/\/justvape.nu\/sv\/produkt\/voopoo-drag-e60-kit-2\/","title":{"rendered":"VOOPOO &#8211; DRAG E60 KIT"},"content":{"rendered":"<h2>VOOPOO &#8211; DRAG E60 KIT<\/h2>\n<div class=\"description\">\n<p>Med en effekt p\u00e5 upp till 60 W \u00e4r den ett idealiskt alternativ f\u00f6r DTL (Direct To Lung), men den kan ocks\u00e5 anv\u00e4ndas f\u00f6r MTL (Mouth To Lung) och Restricted-DTL tack vare det breda utbudet av kompatibla PnP-spolar. Tillsammans med en 2 ml-podtank ing\u00e5r tv\u00e5 PnP-slingor f\u00f6r att du ska komma ig\u00e5ng. Det 2550mAh-batteri som finns i kitet har utvecklats f\u00f6r att ge mer f\u00f6rbr\u00e4nning mellan laddningarna.<\/p>\n<p>Det \u00e4r mycket enkelt att st\u00e4lla in ditt kit, tack vare Smart mode k\u00e4nner E60 omedelbart av vilken spole du har installerat i podden och v\u00e4ljer r\u00e4tt wattantal f\u00f6r dig. Det betyder att du kan fokusera p\u00e5 att f\u00f6rbr\u00e4nna utan att oroa dig f\u00f6r br\u00e4nda slingor. Om du \u00e4r p\u00e5 hum\u00f6r att anpassa dig kan du byta till RBA-l\u00e4get och v\u00e4lja en effektniv\u00e5 mellan 5-60W. Om batteriet b\u00f6rjar ta slut eller om du vet att du kommer att vara borta fr\u00e5n laddaren ett tag kan du f\u00f6rs\u00f6ka s\u00e4tta din vape p\u00e5 ECO-l\u00e4ge.<\/p>\n<p>PnP Pod 2 rymmer upp till 2 ml av din favorit e-v\u00e4tska och \u00e4r l\u00e4tt att underh\u00e5lla tack vare den enkla p\u00e5fyllningsdesignen. Ge droppspetsen en kvarts vridning f\u00f6r att avsl\u00f6ja p\u00e5fyllnings\u00f6ppningarna. Genom att vrida podden n\u00e4r den \u00e4r installerad kan du lossa eller dra \u00e5t luftfl\u00f6det f\u00f6r att f\u00e5 en inhalation som k\u00e4nns behaglig. De medf\u00f6ljande mesh-spolarna skapar en stor m\u00e4ngd \u00e5nga och ger en b\u00e4ttre smak.<\/p>\n<\/div>\n<div id=\"shopify-product-reviews\" data-id=\"6815034376294\"><a href=\"https:\/\/justvape.nu\/wp-content\/uploads\/2018\/05\/Color-Schemes.png\"><img loading=\"lazy\" decoding=\"async\" class=\"alignnone size-full wp-image-19187\" src=\"https:\/\/justvape.nu\/wp-content\/uploads\/2018\/05\/Color-Schemes.png\" alt=\"\" width=\"950\" height=\"64\" title=\"\" srcset=\"https:\/\/justvape.nu\/wp-content\/uploads\/2018\/05\/Color-Schemes.png 950w, https:\/\/justvape.nu\/wp-content\/uploads\/2018\/05\/Color-Schemes-555x37.png 555w, https:\/\/justvape.nu\/wp-content\/uploads\/2018\/05\/Color-Schemes-64x4.png 64w, https:\/\/justvape.nu\/wp-content\/uploads\/2018\/05\/Color-Schemes-300x20.png 300w, https:\/\/justvape.nu\/wp-content\/uploads\/2018\/05\/Color-Schemes-768x52.png 768w\" sizes=\"auto, (max-width: 950px) 100vw, 950px\" \/><\/a><\/div>\n<div data-id=\"6815034376294\">\n<p class=\"description-img-center\"><a href=\"https:\/\/justvape.nu\/wp-content\/uploads\/2022\/11\/VOOPOO_Drag_E60_Kit_Full_Colors.jpg\"><img loading=\"lazy\" decoding=\"async\" class=\"alignnone size-full wp-image-545936\" src=\"https:\/\/justvape.nu\/wp-content\/uploads\/2022\/11\/VOOPOO_Drag_E60_Kit_Full_Colors.jpg\" alt=\"\" width=\"831\" height=\"265\" title=\"\" srcset=\"https:\/\/justvape.nu\/wp-content\/uploads\/2022\/11\/VOOPOO_Drag_E60_Kit_Full_Colors.jpg 831w, https:\/\/justvape.nu\/wp-content\/uploads\/2022\/11\/VOOPOO_Drag_E60_Kit_Full_Colors-300x96.jpg 300w, https:\/\/justvape.nu\/wp-content\/uploads\/2022\/11\/VOOPOO_Drag_E60_Kit_Full_Colors-768x245.jpg 768w, https:\/\/justvape.nu\/wp-content\/uploads\/2022\/11\/VOOPOO_Drag_E60_Kit_Full_Colors-600x191.jpg 600w, https:\/\/justvape.nu\/wp-content\/uploads\/2022\/11\/VOOPOO_Drag_E60_Kit_Full_Colors-64x20.jpg 64w\" sizes=\"auto, (max-width: 831px) 100vw, 831px\" \/><\/a><\/p>\n<div class=\"shop-features \">\n<h2 class=\"shop-features-title \"><a href=\"https:\/\/justvape.nu\/wp-content\/uploads\/2018\/05\/Specifications.png\"><img loading=\"lazy\" decoding=\"async\" class=\"alignnone size-full wp-image-248449\" src=\"https:\/\/justvape.nu\/wp-content\/uploads\/2018\/05\/Specifications.png\" alt=\"\" width=\"950\" height=\"64\" title=\"\" srcset=\"https:\/\/justvape.nu\/wp-content\/uploads\/2018\/05\/Specifications.png 950w, https:\/\/justvape.nu\/wp-content\/uploads\/2018\/05\/Specifications-600x40.png 600w, https:\/\/justvape.nu\/wp-content\/uploads\/2018\/05\/Specifications-64x4.png 64w, https:\/\/justvape.nu\/wp-content\/uploads\/2018\/05\/Specifications-300x20.png 300w, https:\/\/justvape.nu\/wp-content\/uploads\/2018\/05\/Specifications-768x52.png 768w\" sizes=\"auto, (max-width: 950px) 100vw, 950px\" \/><\/a><\/h2>\n<\/div>\n<p><strong class=\"description-little-title\">VOOPOO Drag E60 Pod Mod Kit Parametrar:<\/strong><\/p>\n<table class=\"description-table\">\n<tbody>\n<tr>\n<td class=\"strong-title \">varum\u00e4rke<\/td>\n<td class=\"inline\">VOOPOO<\/td>\n<\/tr>\n<tr>\n<td class=\"strong-title \">produktnamn<\/td>\n<td class=\"inline\">Drag E60-kit<\/td>\n<\/tr>\n<tr>\n<td class=\"strong-title \">Storlek<\/td>\n<td class=\"inline\">94*24.9*46mm<\/td>\n<\/tr>\n<tr>\n<td class=\"strong-title \">Batteri<\/td>\n<td class=\"inline\">Inbyggt batteri p\u00e5 2550 mAh<\/td>\n<\/tr>\n<tr>\n<td class=\"strong-title \">Effektomr\u00e5de<\/td>\n<td class=\"inline\">5-60W<\/td>\n<\/tr>\n<tr>\n<td class=\"strong-title \">Insp\u00e4nning<\/td>\n<td class=\"inline\">3,2V-4,2V<\/td>\n<\/tr>\n<tr>\n<td class=\"strong-title \">Laddningssp\u00e4nning<\/td>\n<td class=\"inline\">5V\/2A<\/td>\n<\/tr>\n<tr>\n<td class=\"strong-title \">Laddning<\/td>\n<td class=\"inline\">Typ-C laddning<\/td>\n<\/tr>\n<tr>\n<td class=\"strong-title \">L\u00e4ge<\/td>\n<td class=\"inline\">Smart\/RBA\/ECO-l\u00e4ge<\/td>\n<\/tr>\n<tr>\n<td class=\"strong-title \">Motst\u00e5ndsintervall<\/td>\n<td class=\"inline\">0.1~3.0\u03a9<\/td>\n<\/tr>\n<tr>\n<td class=\"strong-title \">Kapacitet<\/td>\n<td class=\"inline\">2 ml (Standard Edition)<\/td>\n<\/tr>\n<tr>\n<td class=\"strong-title \">Fyllning<\/td>\n<td class=\"inline\">Toppfyllning<\/td>\n<\/tr>\n<tr>\n<td class=\"strong-title \">Passar f\u00f6r<\/td>\n<td class=\"inline\">PnP Pod II, alla PnP-spolar<\/td>\n<\/tr>\n<tr>\n<td class=\"strong-title \">F\u00e4rg<\/td>\n<td class=\"inline\">Guld, rosa, gr\u00e5tt, svart, kaffe, kolfiber<\/td>\n<\/tr>\n<\/tbody>\n<\/table>\n<div class=\"shop-features \">\n<h2 class=\"shop-features-title \"><a href=\"https:\/\/justvape.nu\/wp-content\/uploads\/2018\/05\/Features.png\"><img loading=\"lazy\" decoding=\"async\" class=\"alignnone size-full wp-image-18994\" src=\"https:\/\/justvape.nu\/wp-content\/uploads\/2018\/05\/Features.png\" alt=\"\" width=\"950\" height=\"64\" title=\"\" srcset=\"https:\/\/justvape.nu\/wp-content\/uploads\/2018\/05\/Features.png 950w, https:\/\/justvape.nu\/wp-content\/uploads\/2018\/05\/Features-555x37.png 555w, https:\/\/justvape.nu\/wp-content\/uploads\/2018\/05\/Features-64x4.png 64w, https:\/\/justvape.nu\/wp-content\/uploads\/2018\/05\/Features-300x20.png 300w, https:\/\/justvape.nu\/wp-content\/uploads\/2018\/05\/Features-768x52.png 768w\" sizes=\"auto, (max-width: 950px) 100vw, 950px\" \/><\/a><\/h2>\n<\/div>\n<p><strong class=\"description-little-title\">VOOPOO Drag E60 Detaljer:<\/strong><\/p>\n<ul>\n<li>1. Drivs av ett inbyggt 2550mAh-batteri och GENE.TT-chip.<\/li>\n<li>2. Smart\/RBA\/ECO-l\u00e4ge f\u00f6r att tillgodose dina olika behov.<\/li>\n<li>3. Passar f\u00f6r VOOPOO PnP Pod II och alla PnP Coil<\/li>\n<li>4. 2 ml e-juice kapacitet, enkelt toppfyllningssystem.<\/li>\n<li>5. Flera skydd f\u00f6r s\u00e4ker anv\u00e4ndning<\/li>\n<\/ul>\n<div class=\"shop-features \">\n<h2 class=\"shop-features-title \"><a href=\"https:\/\/justvape.nu\/wp-content\/uploads\/2018\/05\/Packing-List.png\"><img loading=\"lazy\" decoding=\"async\" class=\"alignnone size-full wp-image-248468\" src=\"https:\/\/justvape.nu\/wp-content\/uploads\/2018\/05\/Packing-List.png\" alt=\"\" width=\"950\" height=\"64\" title=\"\" srcset=\"https:\/\/justvape.nu\/wp-content\/uploads\/2018\/05\/Packing-List.png 950w, https:\/\/justvape.nu\/wp-content\/uploads\/2018\/05\/Packing-List-600x40.png 600w, https:\/\/justvape.nu\/wp-content\/uploads\/2018\/05\/Packing-List-64x4.png 64w, https:\/\/justvape.nu\/wp-content\/uploads\/2018\/05\/Packing-List-300x20.png 300w, https:\/\/justvape.nu\/wp-content\/uploads\/2018\/05\/Packing-List-768x52.png 768w\" sizes=\"auto, (max-width: 950px) 100vw, 950px\" \/><\/a><\/h2>\n<\/div>\n<p><strong class=\"description-little-title \">Paketet med VOOPOO Drag E60 Starter Kit inneh\u00e5ller:<\/strong><\/p>\n<p>1* VOOPOO Drag E60-enhet<br \/>\n1* VOOPOO PnP Pod II (2ml)<br \/>\n1* VOOPOO PnP-TW30 (0,3\u03a9) spole<br \/>\n1* VOOPOO PnP-TW20 (0,2\u03a9) spole<br \/>\n1 * Type-C-kabel<br \/>\n1 * Anv\u00e4ndarmanual<\/p>\n<div class=\"shop-features \"><\/div>\n<\/div>\n","protected":false},"excerpt":{"rendered":"<p>VOOPOO &#8211; DRAG E60 KIT<\/p>\n","protected":false},"featured_media":545926,"comment_status":"open","ping_status":"closed","template":"","meta":{"_acf_changed":false,"_uag_custom_page_level_css":"","site-sidebar-layout":"default","site-content-layout":"default","ast-site-content-layout":"default","site-content-style":"default","site-sidebar-style":"default","ast-global-header-display":"","ast-banner-title-visibility":"","ast-main-header-display":"","ast-hfb-above-header-display":"","ast-hfb-below-header-display":"","ast-hfb-mobile-header-display":"","site-post-title":"","ast-breadcrumbs-content":"","ast-featured-img":"","footer-sml-layout":"","ast-disable-related-posts":"","theme-transparent-header-meta":"default","adv-header-id-meta":"","stick-header-meta":"default","header-above-stick-meta":"","header-main-stick-meta":"","header-below-stick-meta":"","astra-migrate-meta-layouts":"default","ast-page-background-enabled":"default","ast-page-background-meta":{"desktop":{"background-color":"","background-image":"","background-repeat":"repeat","background-position":"center center","background-size":"auto","background-attachment":"scroll","background-type":"","background-media":"","overlay-type":"","overlay-color":"","overlay-opacity":"","overlay-gradient":""},"tablet":{"background-color":"","background-image":"","background-repeat":"repeat","background-position":"center center","background-size":"auto","background-attachment":"scroll","background-type":"","background-media":"","overlay-type":"","overlay-color":"","overlay-opacity":"","overlay-gradient":""},"mobile":{"background-color":"","background-image":"","background-repeat":"repeat","background-position":"center center","background-size":"auto","background-attachment":"scroll","background-type":"","background-media":"","overlay-type":"","overlay-color":"","overlay-opacity":"","overlay-gradient":""}},"ast-content-background-meta":{"desktop":{"background-color":"var(--ast-global-color-5)","background-image":"","background-repeat":"repeat","background-position":"center center","background-size":"auto","background-attachment":"scroll","background-type":"","background-media":"","overlay-type":"","overlay-color":"","overlay-opacity":"","overlay-gradient":""},"tablet":{"background-color":"var(--ast-global-color-5)","background-image":"","background-repeat":"repeat","background-position":"center center","background-size":"auto","background-attachment":"scroll","background-type":"","background-media":"","overlay-type":"","overlay-color":"","overlay-opacity":"","overlay-gradient":""},"mobile":{"background-color":"var(--ast-global-color-5)","background-image":"","background-repeat":"repeat","background-position":"center center","background-size":"auto","background-attachment":"scroll","background-type":"","background-media":"","overlay-type":"","overlay-color":"","overlay-opacity":"","overlay-gradient":""}}},"product_brand":[],"product_cat":[2532,2533,2534],"product_tag":[],"class_list":{"0":"post-546090","1":"product","2":"type-product","3":"status-publish","4":"has-post-thumbnail","6":"product_cat-hardware-sv","7":"product_cat-shop-by-brand-sv","8":"product_cat-voopoo-sv","9":"desktop-align-center","10":"tablet-align-center","11":"mobile-align-center","12":"ast-product-gallery-layout-horizontal-slider","13":"ast-product-gallery-with-no-image","14":"ast-product-single-variable","15":"ast-product-tabs-layout-horizontal","17":"first","18":"instock","19":"sale","20":"taxable","21":"shipping-taxable","22":"purchasable","23":"product-type-variable"},"acf":[],"uagb_featured_image_src":{"full":["https:\/\/justvape.nu\/wp-content\/uploads\/2022\/11\/VOOPOO-Drag-E60-Pod-Mod-Kit.jpg",800,800,false],"thumbnail":["https:\/\/justvape.nu\/wp-content\/uploads\/2022\/11\/VOOPOO-Drag-E60-Pod-Mod-Kit-150x150.jpg",150,150,true],"medium":["https:\/\/justvape.nu\/wp-content\/uploads\/2022\/11\/VOOPOO-Drag-E60-Pod-Mod-Kit-300x300.jpg",300,300,true],"medium_large":["https:\/\/justvape.nu\/wp-content\/uploads\/2022\/11\/VOOPOO-Drag-E60-Pod-Mod-Kit-768x768.jpg",768,768,true],"large":["https:\/\/justvape.nu\/wp-content\/uploads\/2022\/11\/VOOPOO-Drag-E60-Pod-Mod-Kit.jpg",800,800,false],"1536x1536":["https:\/\/justvape.nu\/wp-content\/uploads\/2022\/11\/VOOPOO-Drag-E60-Pod-Mod-Kit.jpg",800,800,false],"2048x2048":["https:\/\/justvape.nu\/wp-content\/uploads\/2022\/11\/VOOPOO-Drag-E60-Pod-Mod-Kit.jpg",800,800,false],"woocommerce_thumbnail":["https:\/\/justvape.nu\/wp-content\/uploads\/2022\/11\/VOOPOO-Drag-E60-Pod-Mod-Kit-300x300.jpg",300,300,true],"woocommerce_single":["https:\/\/justvape.nu\/wp-content\/uploads\/2022\/11\/VOOPOO-Drag-E60-Pod-Mod-Kit-600x600.jpg",600,600,true],"woocommerce_gallery_thumbnail":["https:\/\/justvape.nu\/wp-content\/uploads\/2022\/11\/VOOPOO-Drag-E60-Pod-Mod-Kit-100x100.jpg",100,100,true],"dgwt-wcas-product-suggestion":["https:\/\/justvape.nu\/wp-content\/uploads\/2022\/11\/VOOPOO-Drag-E60-Pod-Mod-Kit-64x64.jpg",64,64,true]},"uagb_author_info":{"display_name":"Kenneth Merkur","author_link":"https:\/\/justvape.nu\/sv\/author\/"},"uagb_comment_info":0,"uagb_excerpt":"VOOPOO - DRAG E60 KIT","_links":{"self":[{"href":"https:\/\/justvape.nu\/sv\/wp-json\/wp\/v2\/product\/546090","targetHints":{"allow":["GET"]}}],"collection":[{"href":"https:\/\/justvape.nu\/sv\/wp-json\/wp\/v2\/product"}],"about":[{"href":"https:\/\/justvape.nu\/sv\/wp-json\/wp\/v2\/types\/product"}],"replies":[{"embeddable":true,"href":"https:\/\/justvape.nu\/sv\/wp-json\/wp\/v2\/comments?post=546090"}],"wp:featuredmedia":[{"embeddable":true,"href":"https:\/\/justvape.nu\/sv\/wp-json\/wp\/v2\/media\/545926"}],"wp:attachment":[{"href":"https:\/\/justvape.nu\/sv\/wp-json\/wp\/v2\/media?parent=546090"}],"wp:term":[{"taxonomy":"product_brand","embeddable":true,"href":"https:\/\/justvape.nu\/sv\/wp-json\/wp\/v2\/product_brand?post=546090"},{"taxonomy":"product_cat","embeddable":true,"href":"https:\/\/justvape.nu\/sv\/wp-json\/wp\/v2\/product_cat?post=546090"},{"taxonomy":"product_tag","embeddable":true,"href":"https:\/\/justvape.nu\/sv\/wp-json\/wp\/v2\/product_tag?post=546090"}],"curies":[{"name":"wp","href":"https:\/\/api.w.org\/{rel}","templated":true}]}}