{"id":544059,"date":"2022-11-01T14:29:11","date_gmt":"2022-11-01T13:29:11","guid":{"rendered":"https:\/\/justvape.nu\/produkt\/uwell-crown-d-pod-mod\/"},"modified":"2024-08-25T05:07:42","modified_gmt":"2024-08-25T03:07:42","slug":"uwell-crown-d-pod-mod-2","status":"publish","type":"product","link":"https:\/\/justvape.nu\/sv\/produkt\/uwell-crown-d-pod-mod-2\/","title":{"rendered":"UWELL &#8211; CROWN D POD MOD"},"content":{"rendered":"<h2>UWELL &#8211; CROWN D POD MOD<\/h2>\n<p>Uwell Crown D Pod Mod \u00e4r den senaste i Uwell Crown-serien och erbjuder smakf\u00f6rb\u00e4ttrande teknik och ett urval av 5 olika f\u00f6rbr\u00e4nningsl\u00e4gen, fr\u00e5n bypass- och sp\u00e4nningsl\u00e4gen.<\/p>\n<p>Dess 1100 mAh-batteri med l\u00e4ngre livsl\u00e4ngd g\u00f6r den till den perfekta utmanaren f\u00f6r vaping on-the-go, eftersom de flesta kan f\u00f6rv\u00e4nta sig en hel dags vaping utan att beh\u00f6va ladda upp!<\/p>\n<p>Uwell Crown D-kitet har en smal och b\u00e4rbar design och \u00e4r perfekt f\u00f6r att du ska kunna anv\u00e4nda den n\u00e4r du \u00e4r p\u00e5 spr\u00e5ng utan att beh\u00f6va g\u00e5 miste om n\u00e5gra avancerade funktioner.<\/p>\n<p>Med en 2 ml-pod och ett toppfyllningssystem \u00e4r det enkelt och smutsfritt att fylla p\u00e5 e-v\u00e4tskan. Pods \u00e4r kompatibla med Uwell PA Coil Series, och dessa finns tillg\u00e4ngliga i antingen 0,3ohm eller 0,8ohm motst\u00e5nd, s\u00e5 oavsett om du \u00e4r en sub-ohm vaper eller f\u00f6redrar en mun-till-lung upplevelse, kan detta kit anpassas till b\u00e5da stilarna.<\/p>\n<p><img loading=\"lazy\" decoding=\"async\" class=\"alignnone size-full wp-image-383695\" src=\"https:\/\/justvape.nu\/wp-content\/uploads\/2021\/05\/Color-Scheme.png\" alt=\"\" width=\"950\" height=\"64\" title=\"\" srcset=\"https:\/\/justvape.nu\/wp-content\/uploads\/2021\/05\/Color-Scheme.png 950w, https:\/\/justvape.nu\/wp-content\/uploads\/2021\/05\/Color-Scheme-600x40.png 600w, https:\/\/justvape.nu\/wp-content\/uploads\/2021\/05\/Color-Scheme-64x4.png 64w, https:\/\/justvape.nu\/wp-content\/uploads\/2021\/05\/Color-Scheme-300x20.png 300w, https:\/\/justvape.nu\/wp-content\/uploads\/2021\/05\/Color-Scheme-768x52.png 768w\" sizes=\"auto, (max-width: 950px) 100vw, 950px\" \/><\/p>\n<p class=\"description-img-center\"><img decoding=\"async\" src=\"https:\/\/www.sourcemore.com\/media\/wysiwyg\/Uwell\/Uwell_Crown_D_Pod_Mod_Kit_Colors.jpg\" alt=\"Uwell Crown D Pod Mod Kit f\u00e4rger\" width=\"75%\" height=\"100%\" title=\"\"><\/p>\n<div class=\"shop-features \">\n<h2 class=\"shop-features-title \"><img loading=\"lazy\" decoding=\"async\" class=\"alignnone size-full wp-image-390997\" src=\"https:\/\/justvape.nu\/wp-content\/uploads\/2021\/06\/Specifications1.png\" alt=\"\" width=\"950\" height=\"64\" title=\"\" srcset=\"https:\/\/justvape.nu\/wp-content\/uploads\/2021\/06\/Specifications1.png 950w, https:\/\/justvape.nu\/wp-content\/uploads\/2021\/06\/Specifications1-600x40.png 600w, https:\/\/justvape.nu\/wp-content\/uploads\/2021\/06\/Specifications1-64x4.png 64w, https:\/\/justvape.nu\/wp-content\/uploads\/2021\/06\/Specifications1-300x20.png 300w, https:\/\/justvape.nu\/wp-content\/uploads\/2021\/06\/Specifications1-768x52.png 768w\" sizes=\"auto, (max-width: 950px) 100vw, 950px\" \/><\/h2>\n<\/div>\n<p><strong class=\"description-little-title\">Uwell Crown D Kit Parametrar:<\/strong><\/p>\n<table class=\"description-table\">\n<tbody>\n<tr>\n<td class=\"strong-title \">varum\u00e4rke<\/td>\n<td class=\"inline\">Uwell<\/td>\n<\/tr>\n<tr>\n<td class=\"strong-title \">produktnamn<\/td>\n<td class=\"inline\">Crown D Pod Mod Kit<\/td>\n<\/tr>\n<tr>\n<td class=\"strong-title \">Material<\/td>\n<td class=\"inline\">Aluminiumlegering, PCTG<\/td>\n<\/tr>\n<tr>\n<td class=\"strong-title \">M\u00e5tt<\/td>\n<td class=\"inline\">106*28*18.5mm<\/td>\n<\/tr>\n<tr>\n<td class=\"strong-title \">Kapacitet f\u00f6r e-v\u00e4tska<\/td>\n<td class=\"inline\">2 ml<\/td>\n<\/tr>\n<tr>\n<td class=\"strong-title \">Utg\u00e5ngsomr\u00e5de<\/td>\n<td class=\"inline\">5-35W<\/td>\n<\/tr>\n<tr>\n<td class=\"strong-title \">Batterikapacitet<\/td>\n<td class=\"inline\">1100mAh<\/td>\n<\/tr>\n<tr>\n<td class=\"strong-title \">Spolespecifikation<\/td>\n<td class=\"inline\">FeCrAI Meshed 0.3ohm Uwell PA Coil: 25W-35W(F\u00f6rinstallerad, DTL)<br \/>\nFeCrAI Meshed 0.8ohm Uwell PA Coil: 15W-18W(Spare, RDL+MTL)<\/td>\n<\/tr>\n<tr>\n<td class=\"strong-title \">Fyllningstyp<\/td>\n<td class=\"inline\">Toppfyllning<\/td>\n<\/tr>\n<tr>\n<td class=\"strong-title \">Utg\u00e5ngsl\u00e4gen<\/td>\n<td class=\"inline\">POW, VOLT, KURVOR, BYPASS, ANPASSA<\/td>\n<\/tr>\n<tr>\n<td class=\"strong-title \">Sk\u00e4rm<\/td>\n<td class=\"inline\">0,96 tums TFT-display<\/td>\n<\/tr>\n<tr>\n<td class=\"strong-title \">Luftfl\u00f6de<\/td>\n<td class=\"inline\">Justering av luftfl\u00f6det p\u00e5 sidan<\/td>\n<\/tr>\n<tr>\n<td class=\"strong-title \">F\u00e4rg<\/td>\n<td class=\"inline\">R\u00f6tt, gr\u00e5tt, gr\u00f6nt, bl\u00e5tt, lila, svart<\/td>\n<\/tr>\n<\/tbody>\n<\/table>\n<div class=\"shop-features \">\n<h2><img loading=\"lazy\" decoding=\"async\" class=\"alignnone size-full wp-image-543490\" style=\"font-weight: inherit;\" src=\"https:\/\/justvape.nu\/wp-content\/uploads\/2022\/11\/Uwell_Crown_D_Kit_Specifications.jpg\" alt=\"\" width=\"831\" height=\"507\" title=\"\" srcset=\"https:\/\/justvape.nu\/wp-content\/uploads\/2022\/11\/Uwell_Crown_D_Kit_Specifications.jpg 831w, https:\/\/justvape.nu\/wp-content\/uploads\/2022\/11\/Uwell_Crown_D_Kit_Specifications-300x183.jpg 300w, https:\/\/justvape.nu\/wp-content\/uploads\/2022\/11\/Uwell_Crown_D_Kit_Specifications-768x469.jpg 768w, https:\/\/justvape.nu\/wp-content\/uploads\/2022\/11\/Uwell_Crown_D_Kit_Specifications-600x366.jpg 600w, https:\/\/justvape.nu\/wp-content\/uploads\/2022\/11\/Uwell_Crown_D_Kit_Specifications-64x39.jpg 64w\" sizes=\"auto, (max-width: 831px) 100vw, 831px\" \/><\/h2>\n<h2 class=\"shop-features-title \"><img loading=\"lazy\" decoding=\"async\" class=\"alignnone size-full wp-image-248459\" src=\"https:\/\/justvape.nu\/wp-content\/uploads\/2018\/05\/Features.png\" alt=\"\" width=\"950\" height=\"64\" title=\"\" srcset=\"https:\/\/justvape.nu\/wp-content\/uploads\/2018\/05\/Features.png 950w, https:\/\/justvape.nu\/wp-content\/uploads\/2018\/05\/Features-600x40.png 600w, https:\/\/justvape.nu\/wp-content\/uploads\/2018\/05\/Features-64x4.png 64w, https:\/\/justvape.nu\/wp-content\/uploads\/2018\/05\/Features-300x20.png 300w, https:\/\/justvape.nu\/wp-content\/uploads\/2018\/05\/Features-768x52.png 768w\" sizes=\"auto, (max-width: 950px) 100vw, 950px\" \/><\/h2>\n<\/div>\n<p><strong class=\"description-little-title\">Uwell Crown D Detaljer:<\/strong><\/p>\n<ul>\n<li style=\"list-style-type: none;\">\n<ul>\n<li>1. 5 utmatningsl\u00e4gen: POW, VOLT, KURVOR, BYPASS, ANPASSA<\/li>\n<li>2. Enskilda parameterinst\u00e4llningar<\/li>\n<li>3. Stegl\u00f6s justering av effekt<\/li>\n<li>4. 1100mAh stor batterikapacitet<\/li>\n<li>5. 0,96 tums TFT-display<\/li>\n<li>6. Automatisk dragning och dubbelt t\u00e4ndsystem med knappeldning<\/li>\n<li>7. Bekv\u00e4mt toppfyllningssystem<\/li>\n<li>8. Stark magnetisk pod-anslutning<\/li>\n<li>9. Pro-FOCS teknik f\u00f6r justering av smak<\/li>\n<li>10. Bekv\u00e4m justering av luftfl\u00f6det p\u00e5 sidan<\/li>\n<\/ul>\n<\/li>\n<\/ul>\n<p><img loading=\"lazy\" decoding=\"async\" class=\"alignnone size-full wp-image-543472\" src=\"https:\/\/justvape.nu\/wp-content\/uploads\/2022\/11\/Uwell_Crown_D_Kit_Features.jpg\" alt=\"\" width=\"831\" height=\"421\" title=\"\" srcset=\"https:\/\/justvape.nu\/wp-content\/uploads\/2022\/11\/Uwell_Crown_D_Kit_Features.jpg 831w, https:\/\/justvape.nu\/wp-content\/uploads\/2022\/11\/Uwell_Crown_D_Kit_Features-300x152.jpg 300w, https:\/\/justvape.nu\/wp-content\/uploads\/2022\/11\/Uwell_Crown_D_Kit_Features-768x389.jpg 768w, https:\/\/justvape.nu\/wp-content\/uploads\/2022\/11\/Uwell_Crown_D_Kit_Features-600x304.jpg 600w, https:\/\/justvape.nu\/wp-content\/uploads\/2022\/11\/Uwell_Crown_D_Kit_Features-64x32.jpg 64w\" sizes=\"auto, (max-width: 831px) 100vw, 831px\" \/><img loading=\"lazy\" decoding=\"async\" class=\"alignnone size-full wp-image-543481\" style=\"font-style: inherit; font-weight: inherit;\" src=\"https:\/\/justvape.nu\/wp-content\/uploads\/2022\/11\/Uwell_Crown_D_Kit_Structure.jpg\" alt=\"\" width=\"831\" height=\"486\" title=\"\" srcset=\"https:\/\/justvape.nu\/wp-content\/uploads\/2022\/11\/Uwell_Crown_D_Kit_Structure.jpg 831w, https:\/\/justvape.nu\/wp-content\/uploads\/2022\/11\/Uwell_Crown_D_Kit_Structure-300x175.jpg 300w, https:\/\/justvape.nu\/wp-content\/uploads\/2022\/11\/Uwell_Crown_D_Kit_Structure-768x449.jpg 768w, https:\/\/justvape.nu\/wp-content\/uploads\/2022\/11\/Uwell_Crown_D_Kit_Structure-600x351.jpg 600w, https:\/\/justvape.nu\/wp-content\/uploads\/2022\/11\/Uwell_Crown_D_Kit_Structure-64x37.jpg 64w\" sizes=\"auto, (max-width: 831px) 100vw, 831px\" \/> <span style=\"font-size: 16px;\"> <\/span><img loading=\"lazy\" decoding=\"async\" class=\"alignnone size-full wp-image-543499\" style=\"font-style: inherit; font-weight: inherit;\" src=\"https:\/\/justvape.nu\/wp-content\/uploads\/2022\/11\/Uwell_Crown_D_Kit_Dual_Ignition_Ways.jpg\" alt=\"\" width=\"831\" height=\"442\" title=\"\" srcset=\"https:\/\/justvape.nu\/wp-content\/uploads\/2022\/11\/Uwell_Crown_D_Kit_Dual_Ignition_Ways.jpg 831w, https:\/\/justvape.nu\/wp-content\/uploads\/2022\/11\/Uwell_Crown_D_Kit_Dual_Ignition_Ways-300x160.jpg 300w, https:\/\/justvape.nu\/wp-content\/uploads\/2022\/11\/Uwell_Crown_D_Kit_Dual_Ignition_Ways-768x408.jpg 768w, https:\/\/justvape.nu\/wp-content\/uploads\/2022\/11\/Uwell_Crown_D_Kit_Dual_Ignition_Ways-600x319.jpg 600w, https:\/\/justvape.nu\/wp-content\/uploads\/2022\/11\/Uwell_Crown_D_Kit_Dual_Ignition_Ways-64x34.jpg 64w\" sizes=\"auto, (max-width: 831px) 100vw, 831px\" \/> <img loading=\"lazy\" decoding=\"async\" class=\"alignnone size-full wp-image-543508\" style=\"font-style: inherit; font-weight: inherit;\" src=\"https:\/\/justvape.nu\/wp-content\/uploads\/2022\/11\/Uwell_Crown_D_Kit_Advanced_Settings.jpg\" alt=\"\" width=\"831\" height=\"454\" title=\"\" srcset=\"https:\/\/justvape.nu\/wp-content\/uploads\/2022\/11\/Uwell_Crown_D_Kit_Advanced_Settings.jpg 831w, https:\/\/justvape.nu\/wp-content\/uploads\/2022\/11\/Uwell_Crown_D_Kit_Advanced_Settings-300x164.jpg 300w, https:\/\/justvape.nu\/wp-content\/uploads\/2022\/11\/Uwell_Crown_D_Kit_Advanced_Settings-768x420.jpg 768w, https:\/\/justvape.nu\/wp-content\/uploads\/2022\/11\/Uwell_Crown_D_Kit_Advanced_Settings-600x328.jpg 600w, https:\/\/justvape.nu\/wp-content\/uploads\/2022\/11\/Uwell_Crown_D_Kit_Advanced_Settings-64x35.jpg 64w\" sizes=\"auto, (max-width: 831px) 100vw, 831px\" \/> <img loading=\"lazy\" decoding=\"async\" class=\"alignnone size-full wp-image-543517\" style=\"font-style: inherit; font-weight: inherit;\" src=\"https:\/\/justvape.nu\/wp-content\/uploads\/2022\/11\/Uwell_Crown_D_Kit_Screen.jpg\" alt=\"\" width=\"831\" height=\"485\" title=\"\" srcset=\"https:\/\/justvape.nu\/wp-content\/uploads\/2022\/11\/Uwell_Crown_D_Kit_Screen.jpg 831w, https:\/\/justvape.nu\/wp-content\/uploads\/2022\/11\/Uwell_Crown_D_Kit_Screen-300x175.jpg 300w, https:\/\/justvape.nu\/wp-content\/uploads\/2022\/11\/Uwell_Crown_D_Kit_Screen-768x448.jpg 768w, https:\/\/justvape.nu\/wp-content\/uploads\/2022\/11\/Uwell_Crown_D_Kit_Screen-600x350.jpg 600w, https:\/\/justvape.nu\/wp-content\/uploads\/2022\/11\/Uwell_Crown_D_Kit_Screen-64x37.jpg 64w\" sizes=\"auto, (max-width: 831px) 100vw, 831px\" \/> <img loading=\"lazy\" decoding=\"async\" class=\"alignnone size-full wp-image-543526\" style=\"font-style: inherit; font-weight: inherit;\" src=\"https:\/\/justvape.nu\/wp-content\/uploads\/2022\/11\/Uwell_Crown_D_Kit_Meshed_Coils.jpg\" alt=\"\" width=\"831\" height=\"475\" title=\"\" srcset=\"https:\/\/justvape.nu\/wp-content\/uploads\/2022\/11\/Uwell_Crown_D_Kit_Meshed_Coils.jpg 831w, https:\/\/justvape.nu\/wp-content\/uploads\/2022\/11\/Uwell_Crown_D_Kit_Meshed_Coils-300x171.jpg 300w, https:\/\/justvape.nu\/wp-content\/uploads\/2022\/11\/Uwell_Crown_D_Kit_Meshed_Coils-768x439.jpg 768w, https:\/\/justvape.nu\/wp-content\/uploads\/2022\/11\/Uwell_Crown_D_Kit_Meshed_Coils-600x343.jpg 600w, https:\/\/justvape.nu\/wp-content\/uploads\/2022\/11\/Uwell_Crown_D_Kit_Meshed_Coils-64x37.jpg 64w\" sizes=\"auto, (max-width: 831px) 100vw, 831px\" \/> <img loading=\"lazy\" decoding=\"async\" class=\"alignnone size-full wp-image-543535\" style=\"font-style: inherit; font-weight: inherit;\" src=\"https:\/\/justvape.nu\/wp-content\/uploads\/2022\/11\/Uwell_Crown_D_Kit_Battery_Capacity.jpg\" alt=\"\" width=\"831\" height=\"416\" title=\"\" srcset=\"https:\/\/justvape.nu\/wp-content\/uploads\/2022\/11\/Uwell_Crown_D_Kit_Battery_Capacity.jpg 831w, https:\/\/justvape.nu\/wp-content\/uploads\/2022\/11\/Uwell_Crown_D_Kit_Battery_Capacity-300x150.jpg 300w, https:\/\/justvape.nu\/wp-content\/uploads\/2022\/11\/Uwell_Crown_D_Kit_Battery_Capacity-768x384.jpg 768w, https:\/\/justvape.nu\/wp-content\/uploads\/2022\/11\/Uwell_Crown_D_Kit_Battery_Capacity-600x300.jpg 600w, https:\/\/justvape.nu\/wp-content\/uploads\/2022\/11\/Uwell_Crown_D_Kit_Battery_Capacity-64x32.jpg 64w\" sizes=\"auto, (max-width: 831px) 100vw, 831px\" \/> <img loading=\"lazy\" decoding=\"async\" class=\"alignnone size-full wp-image-543544\" style=\"font-style: inherit; font-weight: inherit;\" src=\"https:\/\/justvape.nu\/wp-content\/uploads\/2022\/11\/Uwell_Crown_D_Kit_Airflow_Adjustment.jpg\" alt=\"\" width=\"831\" height=\"410\" title=\"\" srcset=\"https:\/\/justvape.nu\/wp-content\/uploads\/2022\/11\/Uwell_Crown_D_Kit_Airflow_Adjustment.jpg 831w, https:\/\/justvape.nu\/wp-content\/uploads\/2022\/11\/Uwell_Crown_D_Kit_Airflow_Adjustment-300x148.jpg 300w, https:\/\/justvape.nu\/wp-content\/uploads\/2022\/11\/Uwell_Crown_D_Kit_Airflow_Adjustment-768x379.jpg 768w, https:\/\/justvape.nu\/wp-content\/uploads\/2022\/11\/Uwell_Crown_D_Kit_Airflow_Adjustment-600x296.jpg 600w, https:\/\/justvape.nu\/wp-content\/uploads\/2022\/11\/Uwell_Crown_D_Kit_Airflow_Adjustment-64x32.jpg 64w\" sizes=\"auto, (max-width: 831px) 100vw, 831px\" \/> <img loading=\"lazy\" decoding=\"async\" class=\"alignnone size-full wp-image-543553\" style=\"font-style: inherit; font-weight: inherit;\" src=\"https:\/\/justvape.nu\/wp-content\/uploads\/2022\/11\/Uwell_Crown_D_Kit_Power_Adjustment.jpg\" alt=\"\" width=\"831\" height=\"451\" title=\"\" srcset=\"https:\/\/justvape.nu\/wp-content\/uploads\/2022\/11\/Uwell_Crown_D_Kit_Power_Adjustment.jpg 831w, https:\/\/justvape.nu\/wp-content\/uploads\/2022\/11\/Uwell_Crown_D_Kit_Power_Adjustment-300x163.jpg 300w, https:\/\/justvape.nu\/wp-content\/uploads\/2022\/11\/Uwell_Crown_D_Kit_Power_Adjustment-768x417.jpg 768w, https:\/\/justvape.nu\/wp-content\/uploads\/2022\/11\/Uwell_Crown_D_Kit_Power_Adjustment-600x326.jpg 600w, https:\/\/justvape.nu\/wp-content\/uploads\/2022\/11\/Uwell_Crown_D_Kit_Power_Adjustment-64x35.jpg 64w\" sizes=\"auto, (max-width: 831px) 100vw, 831px\" \/> <img loading=\"lazy\" decoding=\"async\" class=\"alignnone size-full wp-image-543562\" style=\"font-style: inherit; font-weight: inherit;\" src=\"https:\/\/justvape.nu\/wp-content\/uploads\/2022\/11\/Uwell_Crown_D_Kit_Setting.jpg\" alt=\"\" width=\"831\" height=\"399\" title=\"\" srcset=\"https:\/\/justvape.nu\/wp-content\/uploads\/2022\/11\/Uwell_Crown_D_Kit_Setting.jpg 831w, https:\/\/justvape.nu\/wp-content\/uploads\/2022\/11\/Uwell_Crown_D_Kit_Setting-300x144.jpg 300w, https:\/\/justvape.nu\/wp-content\/uploads\/2022\/11\/Uwell_Crown_D_Kit_Setting-768x369.jpg 768w, https:\/\/justvape.nu\/wp-content\/uploads\/2022\/11\/Uwell_Crown_D_Kit_Setting-600x288.jpg 600w, https:\/\/justvape.nu\/wp-content\/uploads\/2022\/11\/Uwell_Crown_D_Kit_Setting-64x31.jpg 64w\" sizes=\"auto, (max-width: 831px) 100vw, 831px\" \/> <img loading=\"lazy\" decoding=\"async\" class=\"alignnone size-full wp-image-543571\" style=\"font-style: inherit; font-weight: inherit;\" src=\"https:\/\/justvape.nu\/wp-content\/uploads\/2022\/11\/Uwell_Crown_D_Kit_5_Output_Modes.jpg\" alt=\"\" width=\"831\" height=\"473\" title=\"\" srcset=\"https:\/\/justvape.nu\/wp-content\/uploads\/2022\/11\/Uwell_Crown_D_Kit_5_Output_Modes.jpg 831w, https:\/\/justvape.nu\/wp-content\/uploads\/2022\/11\/Uwell_Crown_D_Kit_5_Output_Modes-300x171.jpg 300w, https:\/\/justvape.nu\/wp-content\/uploads\/2022\/11\/Uwell_Crown_D_Kit_5_Output_Modes-768x437.jpg 768w, https:\/\/justvape.nu\/wp-content\/uploads\/2022\/11\/Uwell_Crown_D_Kit_5_Output_Modes-600x342.jpg 600w, https:\/\/justvape.nu\/wp-content\/uploads\/2022\/11\/Uwell_Crown_D_Kit_5_Output_Modes-64x36.jpg 64w\" sizes=\"auto, (max-width: 831px) 100vw, 831px\" \/> <img loading=\"lazy\" decoding=\"async\" class=\"alignnone size-full wp-image-543580\" style=\"font-style: inherit; font-weight: inherit;\" src=\"https:\/\/justvape.nu\/wp-content\/uploads\/2022\/11\/Uwell_Crown_D_Kit_Powerful.jpg\" alt=\"\" width=\"831\" height=\"425\" title=\"\" srcset=\"https:\/\/justvape.nu\/wp-content\/uploads\/2022\/11\/Uwell_Crown_D_Kit_Powerful.jpg 831w, https:\/\/justvape.nu\/wp-content\/uploads\/2022\/11\/Uwell_Crown_D_Kit_Powerful-300x153.jpg 300w, https:\/\/justvape.nu\/wp-content\/uploads\/2022\/11\/Uwell_Crown_D_Kit_Powerful-768x393.jpg 768w, https:\/\/justvape.nu\/wp-content\/uploads\/2022\/11\/Uwell_Crown_D_Kit_Powerful-600x307.jpg 600w, https:\/\/justvape.nu\/wp-content\/uploads\/2022\/11\/Uwell_Crown_D_Kit_Powerful-64x33.jpg 64w\" sizes=\"auto, (max-width: 831px) 100vw, 831px\" \/><\/p>\n<div class=\"shop-features \">\n<h2 class=\"shop-features-title \"><img loading=\"lazy\" decoding=\"async\" class=\"alignnone size-full wp-image-229154\" src=\"https:\/\/justvape.nu\/wp-content\/uploads\/2018\/04\/Packing-List.png\" alt=\"\" width=\"950\" height=\"64\" title=\"\" srcset=\"https:\/\/justvape.nu\/wp-content\/uploads\/2018\/04\/Packing-List.png 950w, https:\/\/justvape.nu\/wp-content\/uploads\/2018\/04\/Packing-List-600x40.png 600w, https:\/\/justvape.nu\/wp-content\/uploads\/2018\/04\/Packing-List-64x4.png 64w, https:\/\/justvape.nu\/wp-content\/uploads\/2018\/04\/Packing-List-300x20.png 300w, https:\/\/justvape.nu\/wp-content\/uploads\/2018\/04\/Packing-List-768x52.png 768w\" sizes=\"auto, (max-width: 950px) 100vw, 950px\" \/><\/h2>\n<\/div>\n<p><strong class=\"description-little-title \">Paketet med Crown D Pod Mod Kit levereras med:<\/strong><\/p>\n<p>1* Crow D-enhet<br \/>\n1* Crow D tom patron<br \/>\n1* Uwell PA Coil 0.3ohm M Coil (f\u00f6rinstallerad, DTL)<br \/>\n1* Uwell PA Coil 0.8ohm M Coil (reservdel, RDL+MTL)<br \/>\n1 * Type-C laddningskabel<br \/>\n1 * Anv\u00e4ndarmanual<\/p>\n<p class=\"description-img-center \"><img loading=\"lazy\" decoding=\"async\" class=\"alignnone size-full wp-image-543454\" src=\"https:\/\/justvape.nu\/wp-content\/uploads\/2022\/11\/Uwell_Crown_D_Kit_Package_List.jpg\" alt=\"\" width=\"831\" height=\"325\" title=\"\" srcset=\"https:\/\/justvape.nu\/wp-content\/uploads\/2022\/11\/Uwell_Crown_D_Kit_Package_List.jpg 831w, https:\/\/justvape.nu\/wp-content\/uploads\/2022\/11\/Uwell_Crown_D_Kit_Package_List-300x117.jpg 300w, https:\/\/justvape.nu\/wp-content\/uploads\/2022\/11\/Uwell_Crown_D_Kit_Package_List-768x300.jpg 768w, https:\/\/justvape.nu\/wp-content\/uploads\/2022\/11\/Uwell_Crown_D_Kit_Package_List-600x235.jpg 600w, https:\/\/justvape.nu\/wp-content\/uploads\/2022\/11\/Uwell_Crown_D_Kit_Package_List-64x25.jpg 64w\" sizes=\"auto, (max-width: 831px) 100vw, 831px\" \/><\/p>\n<div class=\"ast-oembed-container \" style=\"height: 100%;\"><iframe loading=\"lazy\" title=\"Crown D Pod Mod by Uwell!\" width=\"500\" height=\"281\" src=\"https:\/\/www.youtube.com\/embed\/Akmp8gvFEBs?feature=oembed\" frameborder=\"0\" allow=\"accelerometer; autoplay; clipboard-write; encrypted-media; gyroscope; picture-in-picture; web-share\" referrerpolicy=\"strict-origin-when-cross-origin\" allowfullscreen><\/iframe><\/div>\n","protected":false},"excerpt":{"rendered":"<p>UWELL &#8211; CROWN D POD MOD<\/p>\n","protected":false},"featured_media":543451,"comment_status":"open","ping_status":"closed","template":"","meta":{"_acf_changed":false,"_uag_custom_page_level_css":"","site-sidebar-layout":"default","site-content-layout":"default","ast-site-content-layout":"default","site-content-style":"default","site-sidebar-style":"default","ast-global-header-display":"","ast-banner-title-visibility":"","ast-main-header-display":"","ast-hfb-above-header-display":"","ast-hfb-below-header-display":"","ast-hfb-mobile-header-display":"","site-post-title":"","ast-breadcrumbs-content":"","ast-featured-img":"","footer-sml-layout":"","ast-disable-related-posts":"","theme-transparent-header-meta":"default","adv-header-id-meta":"","stick-header-meta":"default","header-above-stick-meta":"","header-main-stick-meta":"","header-below-stick-meta":"","astra-migrate-meta-layouts":"default","ast-page-background-enabled":"default","ast-page-background-meta":{"desktop":{"background-color":"","background-image":"","background-repeat":"repeat","background-position":"center center","background-size":"auto","background-attachment":"scroll","background-type":"","background-media":"","overlay-type":"","overlay-color":"","overlay-opacity":"","overlay-gradient":""},"tablet":{"background-color":"","background-image":"","background-repeat":"repeat","background-position":"center center","background-size":"auto","background-attachment":"scroll","background-type":"","background-media":"","overlay-type":"","overlay-color":"","overlay-opacity":"","overlay-gradient":""},"mobile":{"background-color":"","background-image":"","background-repeat":"repeat","background-position":"center center","background-size":"auto","background-attachment":"scroll","background-type":"","background-media":"","overlay-type":"","overlay-color":"","overlay-opacity":"","overlay-gradient":""}},"ast-content-background-meta":{"desktop":{"background-color":"var(--ast-global-color-5)","background-image":"","background-repeat":"repeat","background-position":"center center","background-size":"auto","background-attachment":"scroll","background-type":"","background-media":"","overlay-type":"","overlay-color":"","overlay-opacity":"","overlay-gradient":""},"tablet":{"background-color":"var(--ast-global-color-5)","background-image":"","background-repeat":"repeat","background-position":"center center","background-size":"auto","background-attachment":"scroll","background-type":"","background-media":"","overlay-type":"","overlay-color":"","overlay-opacity":"","overlay-gradient":""},"mobile":{"background-color":"var(--ast-global-color-5)","background-image":"","background-repeat":"repeat","background-position":"center center","background-size":"auto","background-attachment":"scroll","background-type":"","background-media":"","overlay-type":"","overlay-color":"","overlay-opacity":"","overlay-gradient":""}}},"product_brand":[],"product_cat":[2074,2532,2084,2533,3436],"product_tag":[],"class_list":{"0":"post-544059","1":"product","2":"type-product","3":"status-publish","4":"has-post-thumbnail","6":"product_cat-e-cigaretter-sv","7":"product_cat-hardware-sv","8":"product_cat-nyborjarsatser-pods","9":"product_cat-shop-by-brand-sv","10":"product_cat-uwell-sv","11":"desktop-align-center","12":"tablet-align-center","13":"mobile-align-center","14":"ast-product-gallery-layout-horizontal-slider","15":"ast-product-gallery-with-no-image","16":"ast-product-single-variable","17":"ast-product-tabs-layout-horizontal","19":"first","20":"instock","21":"sale","22":"featured","23":"taxable","24":"shipping-taxable","25":"purchasable","26":"product-type-variable"},"acf":[],"uagb_featured_image_src":{"full":["https:\/\/justvape.nu\/wp-content\/uploads\/2022\/11\/group-uwell-crown-d-pod-mod-kit.webp",500,500,false],"thumbnail":["https:\/\/justvape.nu\/wp-content\/uploads\/2022\/11\/group-uwell-crown-d-pod-mod-kit-150x150.webp",150,150,true],"medium":["https:\/\/justvape.nu\/wp-content\/uploads\/2022\/11\/group-uwell-crown-d-pod-mod-kit-300x300.webp",300,300,true],"medium_large":["https:\/\/justvape.nu\/wp-content\/uploads\/2022\/11\/group-uwell-crown-d-pod-mod-kit.webp",500,500,false],"large":["https:\/\/justvape.nu\/wp-content\/uploads\/2022\/11\/group-uwell-crown-d-pod-mod-kit.webp",500,500,false],"1536x1536":["https:\/\/justvape.nu\/wp-content\/uploads\/2022\/11\/group-uwell-crown-d-pod-mod-kit.webp",500,500,false],"2048x2048":["https:\/\/justvape.nu\/wp-content\/uploads\/2022\/11\/group-uwell-crown-d-pod-mod-kit.webp",500,500,false],"woocommerce_thumbnail":["https:\/\/justvape.nu\/wp-content\/uploads\/2022\/11\/group-uwell-crown-d-pod-mod-kit-300x300.webp",300,300,true],"woocommerce_single":["https:\/\/justvape.nu\/wp-content\/uploads\/2022\/11\/group-uwell-crown-d-pod-mod-kit.webp",500,500,false],"woocommerce_gallery_thumbnail":["https:\/\/justvape.nu\/wp-content\/uploads\/2022\/11\/group-uwell-crown-d-pod-mod-kit-100x100.webp",100,100,true],"dgwt-wcas-product-suggestion":["https:\/\/justvape.nu\/wp-content\/uploads\/2022\/11\/group-uwell-crown-d-pod-mod-kit-64x64.webp",64,64,true]},"uagb_author_info":{"display_name":"JustVape.nu","author_link":"https:\/\/justvape.nu\/sv\/author\/"},"uagb_comment_info":0,"uagb_excerpt":"UWELL - CROWN D POD MOD","_links":{"self":[{"href":"https:\/\/justvape.nu\/sv\/wp-json\/wp\/v2\/product\/544059","targetHints":{"allow":["GET"]}}],"collection":[{"href":"https:\/\/justvape.nu\/sv\/wp-json\/wp\/v2\/product"}],"about":[{"href":"https:\/\/justvape.nu\/sv\/wp-json\/wp\/v2\/types\/product"}],"replies":[{"embeddable":true,"href":"https:\/\/justvape.nu\/sv\/wp-json\/wp\/v2\/comments?post=544059"}],"wp:featuredmedia":[{"embeddable":true,"href":"https:\/\/justvape.nu\/sv\/wp-json\/wp\/v2\/media\/543451"}],"wp:attachment":[{"href":"https:\/\/justvape.nu\/sv\/wp-json\/wp\/v2\/media?parent=544059"}],"wp:term":[{"taxonomy":"product_brand","embeddable":true,"href":"https:\/\/justvape.nu\/sv\/wp-json\/wp\/v2\/product_brand?post=544059"},{"taxonomy":"product_cat","embeddable":true,"href":"https:\/\/justvape.nu\/sv\/wp-json\/wp\/v2\/product_cat?post=544059"},{"taxonomy":"product_tag","embeddable":true,"href":"https:\/\/justvape.nu\/sv\/wp-json\/wp\/v2\/product_tag?post=544059"}],"curies":[{"name":"wp","href":"https:\/\/api.w.org\/{rel}","templated":true}]}}