{"id":538779,"date":"2022-10-06T17:38:59","date_gmt":"2022-10-06T15:38:59","guid":{"rendered":"https:\/\/justvape.nu\/produkt\/lost-vape-ursa-nano-pro-pod-kit\/"},"modified":"2024-12-26T02:56:19","modified_gmt":"2024-12-26T01:56:19","slug":"lost-vape-ursa-nano-pro-pod-kit-2","status":"publish","type":"product","link":"https:\/\/justvape.nu\/sv\/produkt\/lost-vape-ursa-nano-pro-pod-kit-2\/","title":{"rendered":"LOST VAPE &#8211; URSA NANO PRO POD KIT"},"content":{"rendered":"<h2>F\u00d6RLORAD VAPE &#8211; URSA NANO PRO POD KIT<\/h2>\n<p>Lost Vape Ursa Nano Pro Pod System Kit har ett integrerat 900mAh-batteri, Quest Chipset och kan anv\u00e4nda utbytbara eller integrerade spolpoddar. Lost Vape URSA Nano Pro \u00e4r utformad f\u00f6r b\u00e5de nyb\u00f6rjare och avancerade anv\u00e4ndare och kan anv\u00e4nda UB Coils i en 2mL p\u00e5fyllningsbar pod f\u00f6r dem som gillar utbytbara spolar eller en 0,6ohm integrerad spolpod f\u00f6r att leverera enast\u00e5ende smak och \u00e5nga fr\u00e5n din favorit e-juice, sidofylld bakom en silikonpropp. Ursa Nano Pro Pod Kit drivs av Quest-chipsetet och anv\u00e4nder ett internt 900mAh-batteri f\u00f6r att fungera under hela dagen, med en effekt p\u00e5 mellan 5-25W med l\u00e4tthet. Lost Vape Ursa Nano Pro \u00e4r utrustad med en justerbar luftfl\u00f6deskontroll och \u00e4r ett m\u00e5ngsidigt podsystem som beh\u00f6vs i din samling.<\/p>\n<p><img loading=\"lazy\" decoding=\"async\" class=\"alignnone size-full wp-image-383695\" src=\"https:\/\/justvape.nu\/wp-content\/uploads\/2021\/05\/Color-Scheme.png\" alt=\"\" width=\"950\" height=\"64\" title=\"\" srcset=\"https:\/\/justvape.nu\/wp-content\/uploads\/2021\/05\/Color-Scheme.png 950w, https:\/\/justvape.nu\/wp-content\/uploads\/2021\/05\/Color-Scheme-600x40.png 600w, https:\/\/justvape.nu\/wp-content\/uploads\/2021\/05\/Color-Scheme-64x4.png 64w, https:\/\/justvape.nu\/wp-content\/uploads\/2021\/05\/Color-Scheme-300x20.png 300w, https:\/\/justvape.nu\/wp-content\/uploads\/2021\/05\/Color-Scheme-768x52.png 768w\" sizes=\"auto, (max-width: 950px) 100vw, 950px\" \/><\/p>\n<p><img loading=\"lazy\" decoding=\"async\" class=\"alignnone wp-image-538682\" src=\"https:\/\/justvape.nu\/wp-content\/uploads\/2022\/10\/P30A_13.jpg\" alt=\"\" width=\"940\" height=\"490\" title=\"\" srcset=\"https:\/\/justvape.nu\/wp-content\/uploads\/2022\/10\/P30A_13.jpg 1920w, https:\/\/justvape.nu\/wp-content\/uploads\/2022\/10\/P30A_13-300x156.jpg 300w, https:\/\/justvape.nu\/wp-content\/uploads\/2022\/10\/P30A_13-1024x533.jpg 1024w, https:\/\/justvape.nu\/wp-content\/uploads\/2022\/10\/P30A_13-768x400.jpg 768w, https:\/\/justvape.nu\/wp-content\/uploads\/2022\/10\/P30A_13-1536x800.jpg 1536w, https:\/\/justvape.nu\/wp-content\/uploads\/2022\/10\/P30A_13-600x313.jpg 600w, https:\/\/justvape.nu\/wp-content\/uploads\/2022\/10\/P30A_13-64x33.jpg 64w\" sizes=\"auto, (max-width: 940px) 100vw, 940px\" \/> <img loading=\"lazy\" decoding=\"async\" class=\"alignnone wp-image-538691\" src=\"https:\/\/justvape.nu\/wp-content\/uploads\/2022\/10\/P30A_11.jpg\" alt=\"\" width=\"940\" height=\"490\" title=\"\" srcset=\"https:\/\/justvape.nu\/wp-content\/uploads\/2022\/10\/P30A_11.jpg 1920w, https:\/\/justvape.nu\/wp-content\/uploads\/2022\/10\/P30A_11-300x156.jpg 300w, https:\/\/justvape.nu\/wp-content\/uploads\/2022\/10\/P30A_11-1024x533.jpg 1024w, https:\/\/justvape.nu\/wp-content\/uploads\/2022\/10\/P30A_11-768x400.jpg 768w, https:\/\/justvape.nu\/wp-content\/uploads\/2022\/10\/P30A_11-1536x800.jpg 1536w, https:\/\/justvape.nu\/wp-content\/uploads\/2022\/10\/P30A_11-600x313.jpg 600w, https:\/\/justvape.nu\/wp-content\/uploads\/2022\/10\/P30A_11-64x33.jpg 64w\" sizes=\"auto, (max-width: 940px) 100vw, 940px\" \/> <img loading=\"lazy\" decoding=\"async\" class=\"alignnone wp-image-538700\" src=\"https:\/\/justvape.nu\/wp-content\/uploads\/2022\/10\/P30A_12.jpg\" alt=\"\" width=\"939\" height=\"491\" title=\"\" srcset=\"https:\/\/justvape.nu\/wp-content\/uploads\/2022\/10\/P30A_12.jpg 1920w, https:\/\/justvape.nu\/wp-content\/uploads\/2022\/10\/P30A_12-300x157.jpg 300w, https:\/\/justvape.nu\/wp-content\/uploads\/2022\/10\/P30A_12-1024x535.jpg 1024w, https:\/\/justvape.nu\/wp-content\/uploads\/2022\/10\/P30A_12-768x402.jpg 768w, https:\/\/justvape.nu\/wp-content\/uploads\/2022\/10\/P30A_12-1536x803.jpg 1536w, https:\/\/justvape.nu\/wp-content\/uploads\/2022\/10\/P30A_12-600x314.jpg 600w, https:\/\/justvape.nu\/wp-content\/uploads\/2022\/10\/P30A_12-64x33.jpg 64w\" sizes=\"auto, (max-width: 939px) 100vw, 939px\" \/><\/p>\n<p><img loading=\"lazy\" decoding=\"async\" class=\"alignnone size-full wp-image-248459\" src=\"https:\/\/justvape.nu\/wp-content\/uploads\/2018\/05\/Features.png\" alt=\"\" width=\"950\" height=\"64\" title=\"\" srcset=\"https:\/\/justvape.nu\/wp-content\/uploads\/2018\/05\/Features.png 950w, https:\/\/justvape.nu\/wp-content\/uploads\/2018\/05\/Features-600x40.png 600w, https:\/\/justvape.nu\/wp-content\/uploads\/2018\/05\/Features-64x4.png 64w, https:\/\/justvape.nu\/wp-content\/uploads\/2018\/05\/Features-300x20.png 300w, https:\/\/justvape.nu\/wp-content\/uploads\/2018\/05\/Features-768x52.png 768w\" sizes=\"auto, (max-width: 950px) 100vw, 950px\" \/><br \/>\nLost Vape QUEST Chip<br \/>\nM\u00e5tt: M\u00e5tt: 94,4 mm x 24 mm x 14 mm<br \/>\nBatteri: Internt 900 mAh<br \/>\nEffektomr\u00e5de: 9-25W<br \/>\nSp\u00e4nningsomr\u00e5de: 1.7-3.9V<br \/>\nChassi av aluminiumlegering<br \/>\nIntuitiv avfyrningsknapp<br \/>\n0,42\u2033 OLED-sk\u00e4rm<br \/>\nDedikerad luftfl\u00f6desomkopplare<br \/>\n2mL Pod kapacitet &#8211; utbytbar och integrerad<br \/>\nSystem f\u00f6r sidofyllning &#8211; silikonf\u00f6rsedd<br \/>\nIntegrerad 0.6ohm Coil Pod<br \/>\n0,8ohm UB Mini S1 spole<br \/>\nTryck p\u00e5 Fit Coil Installation<br \/>\nMagnetisk anslutning<br \/>\nKortslutningsskydd<br \/>\nSkydd f\u00f6r svagt batteri<br \/>\n\u00d6verhettningsskydd<br \/>\nLaddningshastighet: 2A<br \/>\nLaddning: Type-C-port<\/p>\n<p><img loading=\"lazy\" decoding=\"async\" class=\"alignnone size-full wp-image-229154\" src=\"https:\/\/justvape.nu\/wp-content\/uploads\/2018\/04\/Packing-List.png\" alt=\"\" width=\"950\" height=\"64\" title=\"\" srcset=\"https:\/\/justvape.nu\/wp-content\/uploads\/2018\/04\/Packing-List.png 950w, https:\/\/justvape.nu\/wp-content\/uploads\/2018\/04\/Packing-List-600x40.png 600w, https:\/\/justvape.nu\/wp-content\/uploads\/2018\/04\/Packing-List-64x4.png 64w, https:\/\/justvape.nu\/wp-content\/uploads\/2018\/04\/Packing-List-300x20.png 300w, https:\/\/justvape.nu\/wp-content\/uploads\/2018\/04\/Packing-List-768x52.png 768w\" sizes=\"auto, (max-width: 950px) 100vw, 950px\" \/><br \/>\n1 URSA Nano Pro Pod-system<br \/>\n1 URSA Empty Pod<br \/>\n1 0,6ohm URSA patron<br \/>\n1 0,8ohm UB Mini S1 spolar<br \/>\n1 Type-C laddningskabel<br \/>\n1 garantikort<br \/>\n1 Anv\u00e4ndarmanual<br \/>\n1 nyckelband<br \/>\n1 O-ring<\/p>\n","protected":false},"excerpt":{"rendered":"<p>LOST VAPE &#8211; URSA NANO PRO POD KIT<\/p>\n","protected":false},"featured_media":538680,"comment_status":"open","ping_status":"closed","template":"","meta":{"_acf_changed":false,"_uag_custom_page_level_css":"","site-sidebar-layout":"default","site-content-layout":"default","ast-site-content-layout":"default","site-content-style":"default","site-sidebar-style":"default","ast-global-header-display":"","ast-banner-title-visibility":"","ast-main-header-display":"","ast-hfb-above-header-display":"","ast-hfb-below-header-display":"","ast-hfb-mobile-header-display":"","site-post-title":"","ast-breadcrumbs-content":"","ast-featured-img":"","footer-sml-layout":"","ast-disable-related-posts":"","theme-transparent-header-meta":"default","adv-header-id-meta":"","stick-header-meta":"default","header-above-stick-meta":"","header-main-stick-meta":"","header-below-stick-meta":"","astra-migrate-meta-layouts":"default","ast-page-background-enabled":"default","ast-page-background-meta":{"desktop":{"background-color":"","background-image":"","background-repeat":"repeat","background-position":"center center","background-size":"auto","background-attachment":"scroll","background-type":"","background-media":"","overlay-type":"","overlay-color":"","overlay-opacity":"","overlay-gradient":""},"tablet":{"background-color":"","background-image":"","background-repeat":"repeat","background-position":"center center","background-size":"auto","background-attachment":"scroll","background-type":"","background-media":"","overlay-type":"","overlay-color":"","overlay-opacity":"","overlay-gradient":""},"mobile":{"background-color":"","background-image":"","background-repeat":"repeat","background-position":"center center","background-size":"auto","background-attachment":"scroll","background-type":"","background-media":"","overlay-type":"","overlay-color":"","overlay-opacity":"","overlay-gradient":""}},"ast-content-background-meta":{"desktop":{"background-color":"var(--ast-global-color-5)","background-image":"","background-repeat":"repeat","background-position":"center center","background-size":"auto","background-attachment":"scroll","background-type":"","background-media":"","overlay-type":"","overlay-color":"","overlay-opacity":"","overlay-gradient":""},"tablet":{"background-color":"var(--ast-global-color-5)","background-image":"","background-repeat":"repeat","background-position":"center center","background-size":"auto","background-attachment":"scroll","background-type":"","background-media":"","overlay-type":"","overlay-color":"","overlay-opacity":"","overlay-gradient":""},"mobile":{"background-color":"var(--ast-global-color-5)","background-image":"","background-repeat":"repeat","background-position":"center center","background-size":"auto","background-attachment":"scroll","background-type":"","background-media":"","overlay-type":"","overlay-color":"","overlay-opacity":"","overlay-gradient":""}}},"product_brand":[],"product_cat":[2074,4695,2532,4807,2084,2533],"product_tag":[],"class_list":{"0":"post-538779","1":"product","2":"type-product","3":"status-publish","4":"has-post-thumbnail","6":"product_cat-e-cigaretter-sv","7":"product_cat-featured-e-cigarettes-sv","8":"product_cat-hardware-sv","9":"product_cat-lost-vape-sv","10":"product_cat-nyborjarsatser-pods","11":"product_cat-shop-by-brand-sv","12":"desktop-align-center","13":"tablet-align-center","14":"mobile-align-center","15":"ast-product-gallery-layout-horizontal-slider","16":"ast-product-single-variable","17":"ast-product-tabs-layout-horizontal","19":"first","20":"instock","21":"sale","22":"featured","23":"taxable","24":"shipping-taxable","25":"purchasable","26":"product-type-variable"},"acf":[],"uagb_featured_image_src":{"full":["https:\/\/justvape.nu\/wp-content\/uploads\/2022\/10\/ursa-nano-pro-razem.jpg",1500,1500,false],"thumbnail":["https:\/\/justvape.nu\/wp-content\/uploads\/2022\/10\/ursa-nano-pro-razem-150x150.jpg",150,150,true],"medium":["https:\/\/justvape.nu\/wp-content\/uploads\/2022\/10\/ursa-nano-pro-razem-300x300.jpg",300,300,true],"medium_large":["https:\/\/justvape.nu\/wp-content\/uploads\/2022\/10\/ursa-nano-pro-razem-768x768.jpg",768,768,true],"large":["https:\/\/justvape.nu\/wp-content\/uploads\/2022\/10\/ursa-nano-pro-razem-1024x1024.jpg",1024,1024,true],"1536x1536":["https:\/\/justvape.nu\/wp-content\/uploads\/2022\/10\/ursa-nano-pro-razem.jpg",1500,1500,false],"2048x2048":["https:\/\/justvape.nu\/wp-content\/uploads\/2022\/10\/ursa-nano-pro-razem.jpg",1500,1500,false],"woocommerce_thumbnail":["https:\/\/justvape.nu\/wp-content\/uploads\/2022\/10\/ursa-nano-pro-razem-300x300.jpg",300,300,true],"woocommerce_single":["https:\/\/justvape.nu\/wp-content\/uploads\/2022\/10\/ursa-nano-pro-razem-600x600.jpg",600,600,true],"woocommerce_gallery_thumbnail":["https:\/\/justvape.nu\/wp-content\/uploads\/2022\/10\/ursa-nano-pro-razem-100x100.jpg",100,100,true],"dgwt-wcas-product-suggestion":["https:\/\/justvape.nu\/wp-content\/uploads\/2022\/10\/ursa-nano-pro-razem-64x64.jpg",64,64,true]},"uagb_author_info":{"display_name":"JustVape.nu","author_link":"https:\/\/justvape.nu\/sv\/author\/"},"uagb_comment_info":0,"uagb_excerpt":"LOST VAPE - URSA NANO PRO POD KIT","_links":{"self":[{"href":"https:\/\/justvape.nu\/sv\/wp-json\/wp\/v2\/product\/538779","targetHints":{"allow":["GET"]}}],"collection":[{"href":"https:\/\/justvape.nu\/sv\/wp-json\/wp\/v2\/product"}],"about":[{"href":"https:\/\/justvape.nu\/sv\/wp-json\/wp\/v2\/types\/product"}],"replies":[{"embeddable":true,"href":"https:\/\/justvape.nu\/sv\/wp-json\/wp\/v2\/comments?post=538779"}],"wp:featuredmedia":[{"embeddable":true,"href":"https:\/\/justvape.nu\/sv\/wp-json\/wp\/v2\/media\/538680"}],"wp:attachment":[{"href":"https:\/\/justvape.nu\/sv\/wp-json\/wp\/v2\/media?parent=538779"}],"wp:term":[{"taxonomy":"product_brand","embeddable":true,"href":"https:\/\/justvape.nu\/sv\/wp-json\/wp\/v2\/product_brand?post=538779"},{"taxonomy":"product_cat","embeddable":true,"href":"https:\/\/justvape.nu\/sv\/wp-json\/wp\/v2\/product_cat?post=538779"},{"taxonomy":"product_tag","embeddable":true,"href":"https:\/\/justvape.nu\/sv\/wp-json\/wp\/v2\/product_tag?post=538779"}],"curies":[{"name":"wp","href":"https:\/\/api.w.org\/{rel}","templated":true}]}}