{"id":534994,"date":"2022-09-19T13:37:07","date_gmt":"2022-09-19T11:37:07","guid":{"rendered":"https:\/\/justvape.nu\/produkt\/uwell-caliburn-x-ersattningspatroner\/"},"modified":"2024-02-05T11:15:56","modified_gmt":"2024-02-05T10:15:56","slug":"uwell-caliburn-x-replacement-cartridge","status":"publish","type":"product","link":"https:\/\/justvape.nu\/sv\/produkt\/uwell-caliburn-x-replacement-cartridge\/","title":{"rendered":"UWELL &#8211; CALIBURN X ERS\u00c4TTNINGSPATRONER"},"content":{"rendered":"<h2>UWELL &#8211; CALIBURN X ERS\u00c4TTNINGSPATRON 2ST<\/h2>\n<p>Ers\u00e4ttningspatroner avsedda f\u00f6r Caliburn X Pod-systemet.<\/p>\n<p>Tom ers\u00e4ttningskapsel f\u00f6r Caliburn X med en progressiv luftfl\u00f6desjustering f\u00f6r att erbjuda MTL- och RDTL-br\u00e4nning. Kompatibel med Caliburn G-spolar inklusive den nya 1,20ohm G2-spolen.<\/p>\n<p>Packlista:<\/p>\n<p>2 x UWELL &#8211; CALIBURN X REPLACEMENT CARTRIDGES 2ml eller 3ml<\/p>\n","protected":false},"excerpt":{"rendered":"<p>UWELL &#8211; CALIBURN X ERS\u00c4TTNINGSPATRONER<\/p>\n","protected":false},"featured_media":534593,"comment_status":"open","ping_status":"closed","template":"","meta":{"_acf_changed":false,"_uag_custom_page_level_css":"","site-sidebar-layout":"default","site-content-layout":"default","ast-site-content-layout":"default","site-content-style":"default","site-sidebar-style":"default","ast-global-header-display":"","ast-banner-title-visibility":"","ast-main-header-display":"","ast-hfb-above-header-display":"","ast-hfb-below-header-display":"","ast-hfb-mobile-header-display":"","site-post-title":"","ast-breadcrumbs-content":"","ast-featured-img":"","footer-sml-layout":"","ast-disable-related-posts":"","theme-transparent-header-meta":"default","adv-header-id-meta":"","stick-header-meta":"default","header-above-stick-meta":"","header-main-stick-meta":"","header-below-stick-meta":"","astra-migrate-meta-layouts":"default","ast-page-background-enabled":"default","ast-page-background-meta":{"desktop":{"background-color":"","background-image":"","background-repeat":"repeat","background-position":"center center","background-size":"auto","background-attachment":"scroll","background-type":"","background-media":"","overlay-type":"","overlay-color":"","overlay-opacity":"","overlay-gradient":""},"tablet":{"background-color":"","background-image":"","background-repeat":"repeat","background-position":"center center","background-size":"auto","background-attachment":"scroll","background-type":"","background-media":"","overlay-type":"","overlay-color":"","overlay-opacity":"","overlay-gradient":""},"mobile":{"background-color":"","background-image":"","background-repeat":"repeat","background-position":"center center","background-size":"auto","background-attachment":"scroll","background-type":"","background-media":"","overlay-type":"","overlay-color":"","overlay-opacity":"","overlay-gradient":""}},"ast-content-background-meta":{"desktop":{"background-color":"var(--ast-global-color-5)","background-image":"","background-repeat":"repeat","background-position":"center center","background-size":"auto","background-attachment":"scroll","background-type":"","background-media":"","overlay-type":"","overlay-color":"","overlay-opacity":"","overlay-gradient":""},"tablet":{"background-color":"var(--ast-global-color-5)","background-image":"","background-repeat":"repeat","background-position":"center center","background-size":"auto","background-attachment":"scroll","background-type":"","background-media":"","overlay-type":"","overlay-color":"","overlay-opacity":"","overlay-gradient":""},"mobile":{"background-color":"var(--ast-global-color-5)","background-image":"","background-repeat":"repeat","background-position":"center center","background-size":"auto","background-attachment":"scroll","background-type":"","background-media":"","overlay-type":"","overlay-color":"","overlay-opacity":"","overlay-gradient":""}}},"product_brand":[],"product_cat":[2064,1984],"product_tag":[],"class_list":{"0":"post-534994","1":"product","2":"type-product","3":"status-publish","4":"has-post-thumbnail","6":"product_cat-spolar-pods","7":"product_cat-tankar-spolar","8":"desktop-align-center","9":"tablet-align-center","10":"mobile-align-center","11":"ast-product-gallery-layout-horizontal-slider","12":"ast-product-gallery-with-no-image","13":"ast-product-single-variable","14":"ast-product-tabs-layout-horizontal","16":"first","17":"instock","18":"sale","19":"taxable","20":"shipping-taxable","21":"purchasable","22":"product-type-variable"},"acf":[],"uagb_featured_image_src":{"full":["https:\/\/justvape.nu\/wp-content\/uploads\/2022\/09\/uwell-caliburn-g-replacement-pods-x-2-pack-39042-p.jpg",1000,1000,false],"thumbnail":["https:\/\/justvape.nu\/wp-content\/uploads\/2022\/09\/uwell-caliburn-g-replacement-pods-x-2-pack-39042-p-150x150.jpg",150,150,true],"medium":["https:\/\/justvape.nu\/wp-content\/uploads\/2022\/09\/uwell-caliburn-g-replacement-pods-x-2-pack-39042-p-300x300.jpg",300,300,true],"medium_large":["https:\/\/justvape.nu\/wp-content\/uploads\/2022\/09\/uwell-caliburn-g-replacement-pods-x-2-pack-39042-p-768x768.jpg",768,768,true],"large":["https:\/\/justvape.nu\/wp-content\/uploads\/2022\/09\/uwell-caliburn-g-replacement-pods-x-2-pack-39042-p.jpg",1000,1000,false],"1536x1536":["https:\/\/justvape.nu\/wp-content\/uploads\/2022\/09\/uwell-caliburn-g-replacement-pods-x-2-pack-39042-p.jpg",1000,1000,false],"2048x2048":["https:\/\/justvape.nu\/wp-content\/uploads\/2022\/09\/uwell-caliburn-g-replacement-pods-x-2-pack-39042-p.jpg",1000,1000,false],"woocommerce_thumbnail":["https:\/\/justvape.nu\/wp-content\/uploads\/2022\/09\/uwell-caliburn-g-replacement-pods-x-2-pack-39042-p-300x300.jpg",300,300,true],"woocommerce_single":["https:\/\/justvape.nu\/wp-content\/uploads\/2022\/09\/uwell-caliburn-g-replacement-pods-x-2-pack-39042-p-600x600.jpg",600,600,true],"woocommerce_gallery_thumbnail":["https:\/\/justvape.nu\/wp-content\/uploads\/2022\/09\/uwell-caliburn-g-replacement-pods-x-2-pack-39042-p-100x100.jpg",100,100,true],"dgwt-wcas-product-suggestion":["https:\/\/justvape.nu\/wp-content\/uploads\/2022\/09\/uwell-caliburn-g-replacement-pods-x-2-pack-39042-p-64x64.jpg",64,64,true]},"uagb_author_info":{"display_name":"JustVape.nu","author_link":"https:\/\/justvape.nu\/sv\/author\/"},"uagb_comment_info":0,"uagb_excerpt":"UWELL - CALIBURN X ERS\u00c4TTNINGSPATRONER","_links":{"self":[{"href":"https:\/\/justvape.nu\/sv\/wp-json\/wp\/v2\/product\/534994","targetHints":{"allow":["GET"]}}],"collection":[{"href":"https:\/\/justvape.nu\/sv\/wp-json\/wp\/v2\/product"}],"about":[{"href":"https:\/\/justvape.nu\/sv\/wp-json\/wp\/v2\/types\/product"}],"replies":[{"embeddable":true,"href":"https:\/\/justvape.nu\/sv\/wp-json\/wp\/v2\/comments?post=534994"}],"wp:featuredmedia":[{"embeddable":true,"href":"https:\/\/justvape.nu\/sv\/wp-json\/wp\/v2\/media\/534593"}],"wp:attachment":[{"href":"https:\/\/justvape.nu\/sv\/wp-json\/wp\/v2\/media?parent=534994"}],"wp:term":[{"taxonomy":"product_brand","embeddable":true,"href":"https:\/\/justvape.nu\/sv\/wp-json\/wp\/v2\/product_brand?post=534994"},{"taxonomy":"product_cat","embeddable":true,"href":"https:\/\/justvape.nu\/sv\/wp-json\/wp\/v2\/product_cat?post=534994"},{"taxonomy":"product_tag","embeddable":true,"href":"https:\/\/justvape.nu\/sv\/wp-json\/wp\/v2\/product_tag?post=534994"}],"curies":[{"name":"wp","href":"https:\/\/api.w.org\/{rel}","templated":true}]}}