{"id":456662,"date":"2022-08-25T12:59:32","date_gmt":"2022-08-25T10:59:32","guid":{"rendered":"https:\/\/justvape.nu\/produkt\/horizon-aquila-ersattningsglas-5ml\/"},"modified":"2026-03-30T20:13:04","modified_gmt":"2026-03-30T18:13:04","slug":"horisont-aquila-ersattning-glas-5ml","status":"publish","type":"product","link":"https:\/\/justvape.nu\/sv\/produkt\/horisont-aquila-ersattning-glas-5ml\/","title":{"rendered":"HORIZONTECH &#8211; AQUILA REPLACEMENT GLASS 5ML"},"content":{"rendered":"<h2>HORIZONTECH &#8211; AQUILA REPLACEMENT GLASS 5ML<\/h2>\n<p>Denna Aquila Replacement Glass Tank Tube \u00e4r en \u00e4kta ers\u00e4ttningsr\u00f6r och passar till HorizonTech Aquila Tank.<\/p>\n<p><strong>F\u00f6rpackning:<\/strong><\/p>\n<p>1 x HORIZON &#8211; AQUILA REPLACEMENT GLASS 5ML<\/p>\n<p><strong>OBS:<\/strong> Det st\u00e5r 2ml p\u00e5 l\u00e5dan men det \u00e4r 5ml.<\/p>\n","protected":false},"excerpt":{"rendered":"<p>HORIZONTECH &#8211; AQUILA REPLACEMENT GLASS 5ML<\/p>\n","protected":false},"featured_media":456522,"comment_status":"open","ping_status":"closed","template":"","meta":{"_acf_changed":false,"_uag_custom_page_level_css":"","site-sidebar-layout":"default","site-content-layout":"default","ast-site-content-layout":"default","site-content-style":"default","site-sidebar-style":"default","ast-global-header-display":"","ast-banner-title-visibility":"","ast-main-header-display":"","ast-hfb-above-header-display":"","ast-hfb-below-header-display":"","ast-hfb-mobile-header-display":"","site-post-title":"","ast-breadcrumbs-content":"","ast-featured-img":"","footer-sml-layout":"","ast-disable-related-posts":"","theme-transparent-header-meta":"default","adv-header-id-meta":"","stick-header-meta":"default","header-above-stick-meta":"","header-main-stick-meta":"","header-below-stick-meta":"","astra-migrate-meta-layouts":"default","ast-page-background-enabled":"default","ast-page-background-meta":{"desktop":{"background-color":"","background-image":"","background-repeat":"repeat","background-position":"center center","background-size":"auto","background-attachment":"scroll","background-type":"","background-media":"","overlay-type":"","overlay-color":"","overlay-opacity":"","overlay-gradient":""},"tablet":{"background-color":"","background-image":"","background-repeat":"repeat","background-position":"center center","background-size":"auto","background-attachment":"scroll","background-type":"","background-media":"","overlay-type":"","overlay-color":"","overlay-opacity":"","overlay-gradient":""},"mobile":{"background-color":"","background-image":"","background-repeat":"repeat","background-position":"center center","background-size":"auto","background-attachment":"scroll","background-type":"","background-media":"","overlay-type":"","overlay-color":"","overlay-opacity":"","overlay-gradient":""}},"ast-content-background-meta":{"desktop":{"background-color":"var(--ast-global-color-5)","background-image":"","background-repeat":"repeat","background-position":"center center","background-size":"auto","background-attachment":"scroll","background-type":"","background-media":"","overlay-type":"","overlay-color":"","overlay-opacity":"","overlay-gradient":""},"tablet":{"background-color":"var(--ast-global-color-5)","background-image":"","background-repeat":"repeat","background-position":"center center","background-size":"auto","background-attachment":"scroll","background-type":"","background-media":"","overlay-type":"","overlay-color":"","overlay-opacity":"","overlay-gradient":""},"mobile":{"background-color":"var(--ast-global-color-5)","background-image":"","background-repeat":"repeat","background-position":"center center","background-size":"auto","background-attachment":"scroll","background-type":"","background-media":"","overlay-type":"","overlay-color":"","overlay-opacity":"","overlay-gradient":""}}},"product_brand":[],"product_cat":[1974,2024,1984],"product_tag":[],"class_list":{"0":"post-456662","1":"product","2":"type-product","3":"status-publish","4":"has-post-thumbnail","6":"product_cat-erbjudanden","7":"product_cat-glas-adaptrar","8":"product_cat-tankar-spolar","9":"desktop-align-center","10":"tablet-align-center","11":"mobile-align-center","12":"ast-product-gallery-layout-horizontal-slider","13":"ast-product-gallery-with-no-image","14":"ast-product-tabs-layout-horizontal","16":"first","17":"instock","18":"sale","19":"taxable","20":"shipping-taxable","21":"purchasable","22":"product-type-simple"},"acf":[],"uagb_featured_image_src":{"full":["https:\/\/justvape.nu\/wp-content\/uploads\/2022\/08\/replacement-glass-horizon-aquila-tank.webp",500,500,false],"thumbnail":["https:\/\/justvape.nu\/wp-content\/uploads\/2022\/08\/replacement-glass-horizon-aquila-tank-150x150.webp",150,150,true],"medium":["https:\/\/justvape.nu\/wp-content\/uploads\/2022\/08\/replacement-glass-horizon-aquila-tank-300x300.webp",300,300,true],"medium_large":["https:\/\/justvape.nu\/wp-content\/uploads\/2022\/08\/replacement-glass-horizon-aquila-tank.webp",500,500,false],"large":["https:\/\/justvape.nu\/wp-content\/uploads\/2022\/08\/replacement-glass-horizon-aquila-tank.webp",500,500,false],"1536x1536":["https:\/\/justvape.nu\/wp-content\/uploads\/2022\/08\/replacement-glass-horizon-aquila-tank.webp",500,500,false],"2048x2048":["https:\/\/justvape.nu\/wp-content\/uploads\/2022\/08\/replacement-glass-horizon-aquila-tank.webp",500,500,false],"woocommerce_thumbnail":["https:\/\/justvape.nu\/wp-content\/uploads\/2022\/08\/replacement-glass-horizon-aquila-tank-300x300.webp",300,300,true],"woocommerce_single":["https:\/\/justvape.nu\/wp-content\/uploads\/2022\/08\/replacement-glass-horizon-aquila-tank.webp",500,500,false],"woocommerce_gallery_thumbnail":["https:\/\/justvape.nu\/wp-content\/uploads\/2022\/08\/replacement-glass-horizon-aquila-tank-100x100.webp",100,100,true],"dgwt-wcas-product-suggestion":["https:\/\/justvape.nu\/wp-content\/uploads\/2022\/08\/replacement-glass-horizon-aquila-tank-64x64.webp",64,64,true]},"uagb_author_info":{"display_name":"JustVape.nu","author_link":"https:\/\/justvape.nu\/sv\/author\/"},"uagb_comment_info":0,"uagb_excerpt":"HORIZONTECH - AQUILA REPLACEMENT GLASS 5ML","_links":{"self":[{"href":"https:\/\/justvape.nu\/sv\/wp-json\/wp\/v2\/product\/456662","targetHints":{"allow":["GET"]}}],"collection":[{"href":"https:\/\/justvape.nu\/sv\/wp-json\/wp\/v2\/product"}],"about":[{"href":"https:\/\/justvape.nu\/sv\/wp-json\/wp\/v2\/types\/product"}],"replies":[{"embeddable":true,"href":"https:\/\/justvape.nu\/sv\/wp-json\/wp\/v2\/comments?post=456662"}],"wp:featuredmedia":[{"embeddable":true,"href":"https:\/\/justvape.nu\/sv\/wp-json\/wp\/v2\/media\/456522"}],"wp:attachment":[{"href":"https:\/\/justvape.nu\/sv\/wp-json\/wp\/v2\/media?parent=456662"}],"wp:term":[{"taxonomy":"product_brand","embeddable":true,"href":"https:\/\/justvape.nu\/sv\/wp-json\/wp\/v2\/product_brand?post=456662"},{"taxonomy":"product_cat","embeddable":true,"href":"https:\/\/justvape.nu\/sv\/wp-json\/wp\/v2\/product_cat?post=456662"},{"taxonomy":"product_tag","embeddable":true,"href":"https:\/\/justvape.nu\/sv\/wp-json\/wp\/v2\/product_tag?post=456662"}],"curies":[{"name":"wp","href":"https:\/\/api.w.org\/{rel}","templated":true}]}}