{"id":453525,"date":"2022-08-01T20:33:20","date_gmt":"2022-08-01T18:33:20","guid":{"rendered":"https:\/\/justvape.nu\/produkt\/geekvape-b60-boost-2-vape-kit\/"},"modified":"2025-07-23T12:24:06","modified_gmt":"2025-07-23T10:24:06","slug":"geekvape-b60-boost-2-vapekit","status":"publish","type":"product","link":"https:\/\/justvape.nu\/sv\/produkt\/geekvape-b60-boost-2-vapekit\/","title":{"rendered":"GEEKVAPE &#8211; B60 (BOOST 2) VAPE KIT"},"content":{"rendered":"<h2>GEEKVAPE &#8211; B60 (BOOST 2) VAPE KIT<\/h2>\n<p>Geekvape B60 Aegis Boost 2 \u00e4r en kompakt enhet med ett kraftfullt inbyggt 2000 mAh-batteri som g\u00f6r att du kan anv\u00e4nda den l\u00e4ngre. Med en effekt p\u00e5 5 &#8211; 60W \u00e4r detta kit perfekt f\u00f6r att skapa en DTL-inhalation (Direct To Lung). IP68-klassificeringen och konstruktionen i zinklegering inneb\u00e4r att den t\u00e5l vatten och damm, s\u00e5 det \u00e4r mindre troligt att den p\u00e5verkas av milj\u00f6faktorer.<\/p>\n<p>Enheten har en enda avfyrningsknapp, tv\u00e5 justeringsknappar och en i\u00f6gonfallande 0,96-tums b\u00f6jd LED-sk\u00e4rm f\u00f6r enkel navigering. AS Chip erbjuder f\u00f6rdelar som snabb uppstarttid. Med variabelt wattl\u00e4ge som standard har du kontroll \u00f6ver hur mycket \u00e5nga ditt kit skapar. Smart-l\u00e4get k\u00e4nner dock av vilken spole som har satts in och st\u00e4ller in den idealiska wattstyrkan f\u00f6r dig. \u00c5 andra sidan ger Boost-l\u00e4get den mest kraftfulla vape som \u00e4r m\u00f6jlig f\u00f6r en intensiv inhalation.<br \/>\nDet \u00e4r enkelt att fylla p\u00e5 B60 och tack vare dess toppfyllningsdesign kan du helt enkelt skruva av locket p\u00e5 tanken f\u00f6r att hitta p\u00e5fyllnings\u00f6ppningen. Du kan v\u00e4lja mellan 0,2 Ohm och 0,6 Ohm-spolar, men vi f\u00f6resl\u00e5r att du anv\u00e4nder Geekvape Aegis Boost 2 med h\u00f6g VG-v\u00e4tskor oavsett vilket spolar du v\u00e4ljer.<br \/>\n<img loading=\"lazy\" decoding=\"async\" class=\"alignnone size-full wp-image-383695\" src=\"https:\/\/justvape.nu\/wp-content\/uploads\/2021\/05\/Color-Scheme.png\" alt=\"\" width=\"950\" height=\"64\" title=\"\" srcset=\"https:\/\/justvape.nu\/wp-content\/uploads\/2021\/05\/Color-Scheme.png 950w, https:\/\/justvape.nu\/wp-content\/uploads\/2021\/05\/Color-Scheme-600x40.png 600w, https:\/\/justvape.nu\/wp-content\/uploads\/2021\/05\/Color-Scheme-64x4.png 64w, https:\/\/justvape.nu\/wp-content\/uploads\/2021\/05\/Color-Scheme-300x20.png 300w, https:\/\/justvape.nu\/wp-content\/uploads\/2021\/05\/Color-Scheme-768x52.png 768w\" sizes=\"auto, (max-width: 950px) 100vw, 950px\" \/><\/p>\n<p class=\"description-img-center\"><img loading=\"lazy\" decoding=\"async\" class=\"alignnone size-full wp-image-452574\" src=\"https:\/\/justvape.nu\/wp-content\/uploads\/2022\/08\/GeekVape_B60_Pod_Mod_Kit_Full_Color.jpg\" alt=\"\" width=\"800\" height=\"286\" title=\"\" srcset=\"https:\/\/justvape.nu\/wp-content\/uploads\/2022\/08\/GeekVape_B60_Pod_Mod_Kit_Full_Color.jpg 800w, https:\/\/justvape.nu\/wp-content\/uploads\/2022\/08\/GeekVape_B60_Pod_Mod_Kit_Full_Color-300x107.jpg 300w, https:\/\/justvape.nu\/wp-content\/uploads\/2022\/08\/GeekVape_B60_Pod_Mod_Kit_Full_Color-768x275.jpg 768w, https:\/\/justvape.nu\/wp-content\/uploads\/2022\/08\/GeekVape_B60_Pod_Mod_Kit_Full_Color-600x215.jpg 600w, https:\/\/justvape.nu\/wp-content\/uploads\/2022\/08\/GeekVape_B60_Pod_Mod_Kit_Full_Color-64x23.jpg 64w\" sizes=\"auto, (max-width: 800px) 100vw, 800px\" \/><\/p>\n<div class=\"shop-features \">\n<h2 class=\"shop-features-title \"><img loading=\"lazy\" decoding=\"async\" class=\"alignnone size-full wp-image-390997\" src=\"https:\/\/justvape.nu\/wp-content\/uploads\/2021\/06\/Specifications1.png\" alt=\"\" width=\"950\" height=\"64\" title=\"\" srcset=\"https:\/\/justvape.nu\/wp-content\/uploads\/2021\/06\/Specifications1.png 950w, https:\/\/justvape.nu\/wp-content\/uploads\/2021\/06\/Specifications1-600x40.png 600w, https:\/\/justvape.nu\/wp-content\/uploads\/2021\/06\/Specifications1-64x4.png 64w, https:\/\/justvape.nu\/wp-content\/uploads\/2021\/06\/Specifications1-300x20.png 300w, https:\/\/justvape.nu\/wp-content\/uploads\/2021\/06\/Specifications1-768x52.png 768w\" sizes=\"auto, (max-width: 950px) 100vw, 950px\" \/><\/h2>\n<\/div>\n<p><strong class=\"description-little-title\">GeekVape B60 60W Kit Parametrar:<\/strong><\/p>\n<table class=\"description-table\">\n<tbody>\n<tr>\n<td class=\"strong-title \">varum\u00e4rke<\/td>\n<td class=\"inline\">GeekVape<\/td>\n<\/tr>\n<tr>\n<td class=\"strong-title \">produktnamn<\/td>\n<td class=\"inline\">B60 (Aegis Boost 2) kit<\/td>\n<\/tr>\n<tr>\n<td class=\"strong-title \">Batterikapacitet<\/td>\n<td class=\"inline\">Inbyggt batteri p\u00e5 2000 mAh<\/td>\n<\/tr>\n<tr>\n<td class=\"strong-title \">Uteffekt<\/td>\n<td class=\"inline\">5W-60W<\/td>\n<\/tr>\n<tr>\n<td class=\"strong-title \">Max utstr\u00f6m<\/td>\n<td class=\"inline\">20A<\/td>\n<\/tr>\n<tr>\n<td class=\"strong-title \">Max utg\u00e5ngssp\u00e4nning<\/td>\n<td class=\"inline\">7.5V<\/td>\n<\/tr>\n<tr>\n<td class=\"strong-title \">Laddning<\/td>\n<td class=\"inline\">Typ-C laddning<\/td>\n<\/tr>\n<tr>\n<td class=\"strong-title \">Sk\u00e4rm<\/td>\n<td class=\"inline\">0,96 tum TFT f\u00e4rgsk\u00e4rm<\/td>\n<\/tr>\n<tr>\n<td class=\"strong-title \">Kapacitet<\/td>\n<td class=\"inline\">2 ml<\/td>\n<\/tr>\n<tr>\n<td class=\"strong-title \">Luftfl\u00f6de<\/td>\n<td class=\"inline\">Toppluftfl\u00f6de<\/td>\n<\/tr>\n<tr>\n<td class=\"strong-title \">Passar f\u00f6r<\/td>\n<td class=\"inline\">Geekvape B60 (Aegis Boost 2) Tom Pod Cartridge, GeekVape B Series Coil<\/td>\n<\/tr>\n<tr>\n<td class=\"strong-title \">F\u00e4rg<\/td>\n<td class=\"inline\">Bl\u00e5tt r\u00f6tt, silver, flaskgr\u00f6nt, gyllene r\u00f6tt, svart, mintbl\u00e5tt, regnb\u00e5ge<\/td>\n<\/tr>\n<\/tbody>\n<\/table>\n<div class=\"shop-features \">\n<h2 class=\"shop-features-title \"><img loading=\"lazy\" decoding=\"async\" class=\"alignnone size-full wp-image-18994\" src=\"https:\/\/justvape.nu\/wp-content\/uploads\/2018\/05\/Features.png\" alt=\"\" width=\"950\" height=\"64\" title=\"\" srcset=\"https:\/\/justvape.nu\/wp-content\/uploads\/2018\/05\/Features.png 950w, https:\/\/justvape.nu\/wp-content\/uploads\/2018\/05\/Features-555x37.png 555w, https:\/\/justvape.nu\/wp-content\/uploads\/2018\/05\/Features-64x4.png 64w, https:\/\/justvape.nu\/wp-content\/uploads\/2018\/05\/Features-300x20.png 300w, https:\/\/justvape.nu\/wp-content\/uploads\/2018\/05\/Features-768x52.png 768w\" sizes=\"auto, (max-width: 950px) 100vw, 950px\" \/><\/h2>\n<\/div>\n<p><strong class=\"description-little-title\">GeekVape B60 Detaljer:<\/strong><\/p>\n<ul>\n<li style=\"list-style-type: none;\">\n<ul>\n<li>1. Ny boost med ny tri-proof-teknik<\/li>\n<li>2. 2000mAh inbyggt batteri med 60W stabil effekt<\/li>\n<li>3. Stabil utg\u00e5ngsbuck-boost-teknik f\u00f6r konsekvent smak<\/li>\n<li>4. 0,96-tums b\u00f6jd LED-sk\u00e4rm och helt nytt anv\u00e4ndargr\u00e4nssnitt<\/li>\n<li>5. AS-chip 3.0 med intelligenta arbetsl\u00e4gen<\/li>\n<li>6. Boost\/smart-l\u00e4ge f\u00f6r att automatiskt v\u00e4lja maximal effekt f\u00f6r maximala moln.<\/li>\n<li>7. Har vatten- och dammt\u00e5lighet enligt IP68 och st\u00f6tt\u00e5lighet p\u00e5 h\u00f6gre niv\u00e5.<\/li>\n<li>8. Utrustad med ett skyddsl\u00e5s f\u00f6r oavsiktlig tryckning, s\u00e4ker att b\u00e4ra.<\/li>\n<li>9. 5 ml kapacitet, toppluftfl\u00f6de och l\u00e4ckages\u00e4ker patron.<\/li>\n<li>10. Passar f\u00f6r B60 (Aegis Boost 2) Empty Pod och alla B Series Coils<\/li>\n<\/ul>\n<\/li>\n<\/ul>\n<p><img loading=\"lazy\" decoding=\"async\" class=\"alignnone size-full wp-image-452585\" src=\"https:\/\/justvape.nu\/wp-content\/uploads\/2022\/08\/GeekVape_B60_Pod_Mod_Kit.jpg\" alt=\"\" width=\"831\" height=\"389\" title=\"\" srcset=\"https:\/\/justvape.nu\/wp-content\/uploads\/2022\/08\/GeekVape_B60_Pod_Mod_Kit.jpg 831w, https:\/\/justvape.nu\/wp-content\/uploads\/2022\/08\/GeekVape_B60_Pod_Mod_Kit-300x140.jpg 300w, https:\/\/justvape.nu\/wp-content\/uploads\/2022\/08\/GeekVape_B60_Pod_Mod_Kit-768x360.jpg 768w, https:\/\/justvape.nu\/wp-content\/uploads\/2022\/08\/GeekVape_B60_Pod_Mod_Kit-600x281.jpg 600w, https:\/\/justvape.nu\/wp-content\/uploads\/2022\/08\/GeekVape_B60_Pod_Mod_Kit-64x30.jpg 64w\" sizes=\"auto, (max-width: 831px) 100vw, 831px\" \/> <img loading=\"lazy\" decoding=\"async\" class=\"alignnone size-full wp-image-452595\" src=\"https:\/\/justvape.nu\/wp-content\/uploads\/2022\/08\/GeekVape_B60_Pod_Mod_Kit_IP68_Rating.jpg\" alt=\"\" width=\"831\" height=\"414\" title=\"\" srcset=\"https:\/\/justvape.nu\/wp-content\/uploads\/2022\/08\/GeekVape_B60_Pod_Mod_Kit_IP68_Rating.jpg 831w, https:\/\/justvape.nu\/wp-content\/uploads\/2022\/08\/GeekVape_B60_Pod_Mod_Kit_IP68_Rating-300x149.jpg 300w, https:\/\/justvape.nu\/wp-content\/uploads\/2022\/08\/GeekVape_B60_Pod_Mod_Kit_IP68_Rating-768x383.jpg 768w, https:\/\/justvape.nu\/wp-content\/uploads\/2022\/08\/GeekVape_B60_Pod_Mod_Kit_IP68_Rating-600x299.jpg 600w, https:\/\/justvape.nu\/wp-content\/uploads\/2022\/08\/GeekVape_B60_Pod_Mod_Kit_IP68_Rating-64x32.jpg 64w\" sizes=\"auto, (max-width: 831px) 100vw, 831px\" \/> <img loading=\"lazy\" decoding=\"async\" class=\"alignnone size-full wp-image-452605\" src=\"https:\/\/justvape.nu\/wp-content\/uploads\/2022\/08\/GeekVape_B60_Pod_Mod_Kit_Boosting.jpg\" alt=\"\" width=\"831\" height=\"431\" title=\"\" srcset=\"https:\/\/justvape.nu\/wp-content\/uploads\/2022\/08\/GeekVape_B60_Pod_Mod_Kit_Boosting.jpg 831w, https:\/\/justvape.nu\/wp-content\/uploads\/2022\/08\/GeekVape_B60_Pod_Mod_Kit_Boosting-300x156.jpg 300w, https:\/\/justvape.nu\/wp-content\/uploads\/2022\/08\/GeekVape_B60_Pod_Mod_Kit_Boosting-768x398.jpg 768w, https:\/\/justvape.nu\/wp-content\/uploads\/2022\/08\/GeekVape_B60_Pod_Mod_Kit_Boosting-600x311.jpg 600w, https:\/\/justvape.nu\/wp-content\/uploads\/2022\/08\/GeekVape_B60_Pod_Mod_Kit_Boosting-64x33.jpg 64w\" sizes=\"auto, (max-width: 831px) 100vw, 831px\" \/> <img loading=\"lazy\" decoding=\"async\" class=\"alignnone size-full wp-image-452615\" src=\"https:\/\/justvape.nu\/wp-content\/uploads\/2022\/08\/GeekVape_B60_Pod_Mod_Kit_Features.jpg\" alt=\"\" width=\"831\" height=\"329\" title=\"\" srcset=\"https:\/\/justvape.nu\/wp-content\/uploads\/2022\/08\/GeekVape_B60_Pod_Mod_Kit_Features.jpg 831w, https:\/\/justvape.nu\/wp-content\/uploads\/2022\/08\/GeekVape_B60_Pod_Mod_Kit_Features-300x119.jpg 300w, https:\/\/justvape.nu\/wp-content\/uploads\/2022\/08\/GeekVape_B60_Pod_Mod_Kit_Features-768x304.jpg 768w, https:\/\/justvape.nu\/wp-content\/uploads\/2022\/08\/GeekVape_B60_Pod_Mod_Kit_Features-600x238.jpg 600w, https:\/\/justvape.nu\/wp-content\/uploads\/2022\/08\/GeekVape_B60_Pod_Mod_Kit_Features-64x25.jpg 64w\" sizes=\"auto, (max-width: 831px) 100vw, 831px\" \/> <img loading=\"lazy\" decoding=\"async\" class=\"alignnone size-full wp-image-452625\" src=\"https:\/\/justvape.nu\/wp-content\/uploads\/2022\/08\/GeekVape_B60_Pod_Mod_Kit_Safe_Lock.jpg\" alt=\"\" width=\"831\" height=\"429\" title=\"\" srcset=\"https:\/\/justvape.nu\/wp-content\/uploads\/2022\/08\/GeekVape_B60_Pod_Mod_Kit_Safe_Lock.jpg 831w, https:\/\/justvape.nu\/wp-content\/uploads\/2022\/08\/GeekVape_B60_Pod_Mod_Kit_Safe_Lock-300x155.jpg 300w, https:\/\/justvape.nu\/wp-content\/uploads\/2022\/08\/GeekVape_B60_Pod_Mod_Kit_Safe_Lock-768x396.jpg 768w, https:\/\/justvape.nu\/wp-content\/uploads\/2022\/08\/GeekVape_B60_Pod_Mod_Kit_Safe_Lock-600x310.jpg 600w, https:\/\/justvape.nu\/wp-content\/uploads\/2022\/08\/GeekVape_B60_Pod_Mod_Kit_Safe_Lock-64x33.jpg 64w\" sizes=\"auto, (max-width: 831px) 100vw, 831px\" \/> <img loading=\"lazy\" decoding=\"async\" class=\"alignnone size-full wp-image-452635\" src=\"https:\/\/justvape.nu\/wp-content\/uploads\/2022\/08\/GeekVape_B60_Kit_AS_Chip.jpg\" alt=\"\" width=\"831\" height=\"366\" title=\"\" srcset=\"https:\/\/justvape.nu\/wp-content\/uploads\/2022\/08\/GeekVape_B60_Kit_AS_Chip.jpg 831w, https:\/\/justvape.nu\/wp-content\/uploads\/2022\/08\/GeekVape_B60_Kit_AS_Chip-300x132.jpg 300w, https:\/\/justvape.nu\/wp-content\/uploads\/2022\/08\/GeekVape_B60_Kit_AS_Chip-768x338.jpg 768w, https:\/\/justvape.nu\/wp-content\/uploads\/2022\/08\/GeekVape_B60_Kit_AS_Chip-600x264.jpg 600w, https:\/\/justvape.nu\/wp-content\/uploads\/2022\/08\/GeekVape_B60_Kit_AS_Chip-64x28.jpg 64w\" sizes=\"auto, (max-width: 831px) 100vw, 831px\" \/> <img loading=\"lazy\" decoding=\"async\" class=\"alignnone size-full wp-image-452645\" src=\"https:\/\/justvape.nu\/wp-content\/uploads\/2022\/08\/GeekVape_B60_Pod_Mod_Kit_Screen.jpg\" alt=\"\" width=\"831\" height=\"406\" title=\"\" srcset=\"https:\/\/justvape.nu\/wp-content\/uploads\/2022\/08\/GeekVape_B60_Pod_Mod_Kit_Screen.jpg 831w, https:\/\/justvape.nu\/wp-content\/uploads\/2022\/08\/GeekVape_B60_Pod_Mod_Kit_Screen-300x147.jpg 300w, https:\/\/justvape.nu\/wp-content\/uploads\/2022\/08\/GeekVape_B60_Pod_Mod_Kit_Screen-768x375.jpg 768w, https:\/\/justvape.nu\/wp-content\/uploads\/2022\/08\/GeekVape_B60_Pod_Mod_Kit_Screen-600x293.jpg 600w, https:\/\/justvape.nu\/wp-content\/uploads\/2022\/08\/GeekVape_B60_Pod_Mod_Kit_Screen-64x31.jpg 64w\" sizes=\"auto, (max-width: 831px) 100vw, 831px\" \/> <img loading=\"lazy\" decoding=\"async\" class=\"alignnone size-full wp-image-452655\" src=\"https:\/\/justvape.nu\/wp-content\/uploads\/2022\/08\/GeekVape_B60_Pod_Mod_Kit_Leakproof.jpg\" alt=\"\" width=\"831\" height=\"326\" title=\"\" srcset=\"https:\/\/justvape.nu\/wp-content\/uploads\/2022\/08\/GeekVape_B60_Pod_Mod_Kit_Leakproof.jpg 831w, https:\/\/justvape.nu\/wp-content\/uploads\/2022\/08\/GeekVape_B60_Pod_Mod_Kit_Leakproof-300x118.jpg 300w, https:\/\/justvape.nu\/wp-content\/uploads\/2022\/08\/GeekVape_B60_Pod_Mod_Kit_Leakproof-768x301.jpg 768w, https:\/\/justvape.nu\/wp-content\/uploads\/2022\/08\/GeekVape_B60_Pod_Mod_Kit_Leakproof-600x235.jpg 600w, https:\/\/justvape.nu\/wp-content\/uploads\/2022\/08\/GeekVape_B60_Pod_Mod_Kit_Leakproof-64x25.jpg 64w\" sizes=\"auto, (max-width: 831px) 100vw, 831px\" \/> <img loading=\"lazy\" decoding=\"async\" class=\"alignnone size-full wp-image-452665\" src=\"https:\/\/justvape.nu\/wp-content\/uploads\/2022\/08\/GeekVape_B60_Pod_Mod_Kit_Battery.jpg\" alt=\"\" width=\"831\" height=\"435\" title=\"\" srcset=\"https:\/\/justvape.nu\/wp-content\/uploads\/2022\/08\/GeekVape_B60_Pod_Mod_Kit_Battery.jpg 831w, https:\/\/justvape.nu\/wp-content\/uploads\/2022\/08\/GeekVape_B60_Pod_Mod_Kit_Battery-300x157.jpg 300w, https:\/\/justvape.nu\/wp-content\/uploads\/2022\/08\/GeekVape_B60_Pod_Mod_Kit_Battery-768x402.jpg 768w, https:\/\/justvape.nu\/wp-content\/uploads\/2022\/08\/GeekVape_B60_Pod_Mod_Kit_Battery-600x314.jpg 600w, https:\/\/justvape.nu\/wp-content\/uploads\/2022\/08\/GeekVape_B60_Pod_Mod_Kit_Battery-64x34.jpg 64w\" sizes=\"auto, (max-width: 831px) 100vw, 831px\" \/><\/p>\n<div class=\"shop-features \">\n<h2 class=\"shop-features-title \"><img loading=\"lazy\" decoding=\"async\" class=\"alignnone size-full wp-image-229154\" src=\"https:\/\/justvape.nu\/wp-content\/uploads\/2018\/04\/Packing-List.png\" alt=\"\" width=\"950\" height=\"64\" title=\"\" srcset=\"https:\/\/justvape.nu\/wp-content\/uploads\/2018\/04\/Packing-List.png 950w, https:\/\/justvape.nu\/wp-content\/uploads\/2018\/04\/Packing-List-600x40.png 600w, https:\/\/justvape.nu\/wp-content\/uploads\/2018\/04\/Packing-List-64x4.png 64w, https:\/\/justvape.nu\/wp-content\/uploads\/2018\/04\/Packing-List-300x20.png 300w, https:\/\/justvape.nu\/wp-content\/uploads\/2018\/04\/Packing-List-768x52.png 768w\" sizes=\"auto, (max-width: 950px) 100vw, 950px\" \/><\/h2>\n<\/div>\n<p><strong class=\"description-little-title \">Paketet med GeekVape Aegis Boost 2 Kit levereras med:<\/strong><\/p>\n<p>1* GeekVape B60 (Aegis Boost 2) Mod<br \/>\n1* GeekVape B60 (Aegis Boost 2) Pod (2ml)<br \/>\n2* GeekVape B Series Coil (f\u00f6rinstallerad: 0.2\u03a9, 50-58W, reservspole: 0.6\u03a9 15-25W)<br \/>\n1* spolverktyg<br \/>\n1 * USB Type-C-kabel<\/p>\n<p>&nbsp;<\/p>\n","protected":false},"excerpt":{"rendered":"<p>GEEKVAPE &#8211; B60 (BOOST 2) VAPE KIT<\/p>\n","protected":false},"featured_media":664921,"comment_status":"open","ping_status":"closed","template":"","meta":{"_acf_changed":false,"_uag_custom_page_level_css":"","site-sidebar-layout":"default","site-content-layout":"default","ast-site-content-layout":"default","site-content-style":"default","site-sidebar-style":"default","ast-global-header-display":"","ast-banner-title-visibility":"","ast-main-header-display":"","ast-hfb-above-header-display":"","ast-hfb-below-header-display":"","ast-hfb-mobile-header-display":"","site-post-title":"","ast-breadcrumbs-content":"","ast-featured-img":"","footer-sml-layout":"","ast-disable-related-posts":"","theme-transparent-header-meta":"default","adv-header-id-meta":"","stick-header-meta":"default","header-above-stick-meta":"","header-main-stick-meta":"","header-below-stick-meta":"","astra-migrate-meta-layouts":"default","ast-page-background-enabled":"default","ast-page-background-meta":{"desktop":{"background-color":"","background-image":"","background-repeat":"repeat","background-position":"center center","background-size":"auto","background-attachment":"scroll","background-type":"","background-media":"","overlay-type":"","overlay-color":"","overlay-opacity":"","overlay-gradient":""},"tablet":{"background-color":"","background-image":"","background-repeat":"repeat","background-position":"center center","background-size":"auto","background-attachment":"scroll","background-type":"","background-media":"","overlay-type":"","overlay-color":"","overlay-opacity":"","overlay-gradient":""},"mobile":{"background-color":"","background-image":"","background-repeat":"repeat","background-position":"center center","background-size":"auto","background-attachment":"scroll","background-type":"","background-media":"","overlay-type":"","overlay-color":"","overlay-opacity":"","overlay-gradient":""}},"ast-content-background-meta":{"desktop":{"background-color":"var(--ast-global-color-5)","background-image":"","background-repeat":"repeat","background-position":"center center","background-size":"auto","background-attachment":"scroll","background-type":"","background-media":"","overlay-type":"","overlay-color":"","overlay-opacity":"","overlay-gradient":""},"tablet":{"background-color":"var(--ast-global-color-5)","background-image":"","background-repeat":"repeat","background-position":"center center","background-size":"auto","background-attachment":"scroll","background-type":"","background-media":"","overlay-type":"","overlay-color":"","overlay-opacity":"","overlay-gradient":""},"mobile":{"background-color":"var(--ast-global-color-5)","background-image":"","background-repeat":"repeat","background-position":"center center","background-size":"auto","background-attachment":"scroll","background-type":"","background-media":"","overlay-type":"","overlay-color":"","overlay-opacity":"","overlay-gradient":""}}},"product_brand":[],"product_cat":[2074,4695,3246,2532,2084,2533],"product_tag":[],"class_list":{"0":"post-453525","1":"product","2":"type-product","3":"status-publish","4":"has-post-thumbnail","6":"product_cat-e-cigaretter-sv","7":"product_cat-featured-e-cigarettes-sv","8":"product_cat-geekvape-sv-2","9":"product_cat-hardware-sv","10":"product_cat-nyborjarsatser-pods","11":"product_cat-shop-by-brand-sv","12":"desktop-align-center","13":"tablet-align-center","14":"mobile-align-center","15":"ast-product-gallery-layout-horizontal-slider","16":"ast-product-gallery-with-no-image","17":"ast-product-single-variable","18":"ast-product-tabs-layout-horizontal","20":"first","21":"instock","22":"sale","23":"featured","24":"taxable","25":"shipping-taxable","26":"purchasable","27":"product-type-variable"},"acf":[],"uagb_featured_image_src":{"full":["https:\/\/justvape.nu\/wp-content\/uploads\/2022\/08\/GeekVape_B60_AegisBoost2__GROUP_2048x2048_db0ffffa-ca57-4830-8347-2b02fb214ed4.webp",2048,2048,false],"thumbnail":["https:\/\/justvape.nu\/wp-content\/uploads\/2022\/08\/GeekVape_B60_AegisBoost2__GROUP_2048x2048_db0ffffa-ca57-4830-8347-2b02fb214ed4-150x150.webp",150,150,true],"medium":["https:\/\/justvape.nu\/wp-content\/uploads\/2022\/08\/GeekVape_B60_AegisBoost2__GROUP_2048x2048_db0ffffa-ca57-4830-8347-2b02fb214ed4-300x300.webp",300,300,true],"medium_large":["https:\/\/justvape.nu\/wp-content\/uploads\/2022\/08\/GeekVape_B60_AegisBoost2__GROUP_2048x2048_db0ffffa-ca57-4830-8347-2b02fb214ed4-768x768.webp",768,768,true],"large":["https:\/\/justvape.nu\/wp-content\/uploads\/2022\/08\/GeekVape_B60_AegisBoost2__GROUP_2048x2048_db0ffffa-ca57-4830-8347-2b02fb214ed4-1024x1024.webp",1024,1024,true],"1536x1536":["https:\/\/justvape.nu\/wp-content\/uploads\/2022\/08\/GeekVape_B60_AegisBoost2__GROUP_2048x2048_db0ffffa-ca57-4830-8347-2b02fb214ed4-1536x1536.webp",1536,1536,true],"2048x2048":["https:\/\/justvape.nu\/wp-content\/uploads\/2022\/08\/GeekVape_B60_AegisBoost2__GROUP_2048x2048_db0ffffa-ca57-4830-8347-2b02fb214ed4.webp",2048,2048,false],"woocommerce_thumbnail":["https:\/\/justvape.nu\/wp-content\/uploads\/2022\/08\/GeekVape_B60_AegisBoost2__GROUP_2048x2048_db0ffffa-ca57-4830-8347-2b02fb214ed4-300x300.webp",300,300,true],"woocommerce_single":["https:\/\/justvape.nu\/wp-content\/uploads\/2022\/08\/GeekVape_B60_AegisBoost2__GROUP_2048x2048_db0ffffa-ca57-4830-8347-2b02fb214ed4-600x600.webp",600,600,true],"woocommerce_gallery_thumbnail":["https:\/\/justvape.nu\/wp-content\/uploads\/2022\/08\/GeekVape_B60_AegisBoost2__GROUP_2048x2048_db0ffffa-ca57-4830-8347-2b02fb214ed4-100x100.webp",100,100,true],"dgwt-wcas-product-suggestion":["https:\/\/justvape.nu\/wp-content\/uploads\/2022\/08\/GeekVape_B60_AegisBoost2__GROUP_2048x2048_db0ffffa-ca57-4830-8347-2b02fb214ed4-64x64.webp",64,64,true]},"uagb_author_info":{"display_name":"JustVape.nu","author_link":"https:\/\/justvape.nu\/sv\/author\/"},"uagb_comment_info":0,"uagb_excerpt":"GEEKVAPE - B60 (BOOST 2) VAPE KIT","_links":{"self":[{"href":"https:\/\/justvape.nu\/sv\/wp-json\/wp\/v2\/product\/453525","targetHints":{"allow":["GET"]}}],"collection":[{"href":"https:\/\/justvape.nu\/sv\/wp-json\/wp\/v2\/product"}],"about":[{"href":"https:\/\/justvape.nu\/sv\/wp-json\/wp\/v2\/types\/product"}],"replies":[{"embeddable":true,"href":"https:\/\/justvape.nu\/sv\/wp-json\/wp\/v2\/comments?post=453525"}],"wp:featuredmedia":[{"embeddable":true,"href":"https:\/\/justvape.nu\/sv\/wp-json\/wp\/v2\/media\/664921"}],"wp:attachment":[{"href":"https:\/\/justvape.nu\/sv\/wp-json\/wp\/v2\/media?parent=453525"}],"wp:term":[{"taxonomy":"product_brand","embeddable":true,"href":"https:\/\/justvape.nu\/sv\/wp-json\/wp\/v2\/product_brand?post=453525"},{"taxonomy":"product_cat","embeddable":true,"href":"https:\/\/justvape.nu\/sv\/wp-json\/wp\/v2\/product_cat?post=453525"},{"taxonomy":"product_tag","embeddable":true,"href":"https:\/\/justvape.nu\/sv\/wp-json\/wp\/v2\/product_tag?post=453525"}],"curies":[{"name":"wp","href":"https:\/\/api.w.org\/{rel}","templated":true}]}}