{"id":453238,"date":"2022-08-01T22:26:40","date_gmt":"2022-08-01T20:26:40","guid":{"rendered":"https:\/\/justvape.nu\/produkt\/uwell-caliburn-a2s-pod-system\/"},"modified":"2024-02-05T11:16:00","modified_gmt":"2024-02-05T10:16:00","slug":"uwell-caliburn-a2s-pod-system-2","status":"publish","type":"product","link":"https:\/\/justvape.nu\/sv\/produkt\/uwell-caliburn-a2s-pod-system-2\/","title":{"rendered":"UWELL &#8211; CALIBURN A2S POD SYSTEM"},"content":{"rendered":"<h2>UWELL &#8211; CALIBURN A2S PODSYSTEM &#8211; A2 HAR F\u00c5TT NYTT OCH F\u00d6RB\u00c4TTRAT<\/h2>\n<p>Uwell Caliburn A2S podkit \u00e4r snyggt och elegant. Det h\u00e4r \u00e4r ett bra val av kit f\u00f6r mindre erfarna anv\u00e4ndare eftersom det \u00e4r l\u00e4tt att anv\u00e4nda och ger en MTL-vape (Mouth To Lung). Med ett inbyggt batteri p\u00e5 520 mAh kan du anv\u00e4nda den l\u00e4ngre tid mellan tv\u00e5 laddningar. Varje kit inneh\u00e5ller tv\u00e5 Caliburn A2-poddar p\u00e5 1,2 Ohm, som har en inbyggd n\u00e4tspole som ger b\u00e4ttre smak.<\/p>\n<p>Tack vare kitets knappl\u00f6sa design och inhalationsaktivering kan du anv\u00e4nda munstycket genom att puffa p\u00e5 munstycket. Det h\u00e4r kitet anv\u00e4nder ocks\u00e5 en fast effekt f\u00f6r att ge en j\u00e4mn smak och \u00e5ngproduktion fr\u00e5n f\u00f6rsta till sista puff. Det finns ett litet f\u00f6nster p\u00e5 det h\u00e4r kitet ocks\u00e5, s\u00e5 att du b\u00e4ttre kan se hur mycket e-v\u00e4tska som finns kvar i tanken.<\/p>\n<p>Caliburn A2-poddarna p\u00e5 1,2 Ohm som ing\u00e5r i det h\u00e4r kitet ger snabba p\u00e5fyllningar och mindre kladd. Det h\u00e4r kitet har en p\u00e5fyllningsport p\u00e5 sidan som enkelt kan tas bort f\u00f6r att fylla p\u00e5 podden med dina favorit e-v\u00e4tskor. Spolen \u00e4r inbyggd i denna pod, vilket inneb\u00e4r att du inte heller beh\u00f6ver byta spole, n\u00e4r den \u00e4r slut kan du byta ut den mot en ny. Vi rekommenderar att du kombinerar dessa pods med 50\/50- och h\u00f6g PG-v\u00e4tskor.<\/p>\n<p><strong>Observera: Detta kit s\u00e4ljs inte med en USB-C-laddningskabel och s\u00e4ljs separat.<\/strong><\/p>\n<p><img loading=\"lazy\" decoding=\"async\" class=\"alignnone size-full wp-image-383695\" src=\"https:\/\/justvape.nu\/wp-content\/uploads\/2021\/05\/Color-Scheme.png\" alt=\"\" width=\"950\" height=\"64\" title=\"\" srcset=\"https:\/\/justvape.nu\/wp-content\/uploads\/2021\/05\/Color-Scheme.png 950w, https:\/\/justvape.nu\/wp-content\/uploads\/2021\/05\/Color-Scheme-600x40.png 600w, https:\/\/justvape.nu\/wp-content\/uploads\/2021\/05\/Color-Scheme-64x4.png 64w, https:\/\/justvape.nu\/wp-content\/uploads\/2021\/05\/Color-Scheme-300x20.png 300w, https:\/\/justvape.nu\/wp-content\/uploads\/2021\/05\/Color-Scheme-768x52.png 768w\" sizes=\"auto, (max-width: 950px) 100vw, 950px\" \/><\/p>\n<p><img loading=\"lazy\" decoding=\"async\" class=\"alignnone size-full wp-image-452937\" src=\"https:\/\/justvape.nu\/wp-content\/uploads\/2022\/08\/Uwell-CALIBURN-A2S-Pod-System-Kit_500x.jpg\" alt=\"\" width=\"757\" height=\"319\" title=\"\" srcset=\"https:\/\/justvape.nu\/wp-content\/uploads\/2022\/08\/Uwell-CALIBURN-A2S-Pod-System-Kit_500x.jpg 757w, https:\/\/justvape.nu\/wp-content\/uploads\/2022\/08\/Uwell-CALIBURN-A2S-Pod-System-Kit_500x-300x126.jpg 300w, https:\/\/justvape.nu\/wp-content\/uploads\/2022\/08\/Uwell-CALIBURN-A2S-Pod-System-Kit_500x-600x253.jpg 600w, https:\/\/justvape.nu\/wp-content\/uploads\/2022\/08\/Uwell-CALIBURN-A2S-Pod-System-Kit_500x-64x27.jpg 64w\" sizes=\"auto, (max-width: 757px) 100vw, 757px\" \/><\/p>\n<p><img loading=\"lazy\" decoding=\"async\" class=\"alignnone size-full wp-image-229154\" src=\"https:\/\/justvape.nu\/wp-content\/uploads\/2018\/04\/Packing-List.png\" alt=\"\" width=\"950\" height=\"64\" title=\"\" srcset=\"https:\/\/justvape.nu\/wp-content\/uploads\/2018\/04\/Packing-List.png 950w, https:\/\/justvape.nu\/wp-content\/uploads\/2018\/04\/Packing-List-600x40.png 600w, https:\/\/justvape.nu\/wp-content\/uploads\/2018\/04\/Packing-List-64x4.png 64w, https:\/\/justvape.nu\/wp-content\/uploads\/2018\/04\/Packing-List-300x20.png 300w, https:\/\/justvape.nu\/wp-content\/uploads\/2018\/04\/Packing-List-768x52.png 768w\" sizes=\"auto, (max-width: 950px) 100vw, 950px\" \/><\/p>\n<ul>\n<li>Caliburn A2S-enhet<\/li>\n<li>2 x 1,2 Ohm Uwell Caliburn A2 Side Refilling Pod och med 1,2 Ohm Uwell Caliburn A2S Side Refilling Pod<\/li>\n<li>Anv\u00e4ndarmanual<\/li>\n<\/ul>\n","protected":false},"excerpt":{"rendered":"<p>UWELL &#8211; CALIBURN A2S POD SYSTEM<\/p>\n","protected":false},"featured_media":452956,"comment_status":"open","ping_status":"closed","template":"","meta":{"_acf_changed":false,"_uag_custom_page_level_css":"","site-sidebar-layout":"default","site-content-layout":"default","ast-site-content-layout":"default","site-content-style":"default","site-sidebar-style":"default","ast-global-header-display":"","ast-banner-title-visibility":"","ast-main-header-display":"","ast-hfb-above-header-display":"","ast-hfb-below-header-display":"","ast-hfb-mobile-header-display":"","site-post-title":"","ast-breadcrumbs-content":"","ast-featured-img":"","footer-sml-layout":"","ast-disable-related-posts":"","theme-transparent-header-meta":"default","adv-header-id-meta":"","stick-header-meta":"default","header-above-stick-meta":"","header-main-stick-meta":"","header-below-stick-meta":"","astra-migrate-meta-layouts":"default","ast-page-background-enabled":"default","ast-page-background-meta":{"desktop":{"background-color":"","background-image":"","background-repeat":"repeat","background-position":"center center","background-size":"auto","background-attachment":"scroll","background-type":"","background-media":"","overlay-type":"","overlay-color":"","overlay-opacity":"","overlay-gradient":""},"tablet":{"background-color":"","background-image":"","background-repeat":"repeat","background-position":"center center","background-size":"auto","background-attachment":"scroll","background-type":"","background-media":"","overlay-type":"","overlay-color":"","overlay-opacity":"","overlay-gradient":""},"mobile":{"background-color":"","background-image":"","background-repeat":"repeat","background-position":"center center","background-size":"auto","background-attachment":"scroll","background-type":"","background-media":"","overlay-type":"","overlay-color":"","overlay-opacity":"","overlay-gradient":""}},"ast-content-background-meta":{"desktop":{"background-color":"var(--ast-global-color-5)","background-image":"","background-repeat":"repeat","background-position":"center center","background-size":"auto","background-attachment":"scroll","background-type":"","background-media":"","overlay-type":"","overlay-color":"","overlay-opacity":"","overlay-gradient":""},"tablet":{"background-color":"var(--ast-global-color-5)","background-image":"","background-repeat":"repeat","background-position":"center center","background-size":"auto","background-attachment":"scroll","background-type":"","background-media":"","overlay-type":"","overlay-color":"","overlay-opacity":"","overlay-gradient":""},"mobile":{"background-color":"var(--ast-global-color-5)","background-image":"","background-repeat":"repeat","background-position":"center center","background-size":"auto","background-attachment":"scroll","background-type":"","background-media":"","overlay-type":"","overlay-color":"","overlay-opacity":"","overlay-gradient":""}}},"product_brand":[],"product_cat":[2074,1974,4695,2532,2084,2533,3436],"product_tag":[],"class_list":{"0":"post-453238","1":"product","2":"type-product","3":"status-publish","4":"has-post-thumbnail","6":"product_cat-e-cigaretter-sv","7":"product_cat-erbjudanden","8":"product_cat-featured-e-cigarettes-sv","9":"product_cat-hardware-sv","10":"product_cat-nyborjarsatser-pods","11":"product_cat-shop-by-brand-sv","12":"product_cat-uwell-sv","13":"desktop-align-center","14":"tablet-align-center","15":"mobile-align-center","16":"ast-product-gallery-layout-horizontal-slider","17":"ast-product-gallery-with-no-image","18":"ast-product-single-variable","19":"ast-product-tabs-layout-horizontal","21":"first","22":"instock","23":"sale","24":"featured","25":"taxable","26":"shipping-taxable","27":"purchasable","28":"product-type-variable"},"acf":[],"uagb_featured_image_src":{"full":["https:\/\/justvape.nu\/wp-content\/uploads\/2022\/08\/uwell-caliburn-a2s-pod-kit-e-zigaretten-set.jpg",600,600,false],"thumbnail":["https:\/\/justvape.nu\/wp-content\/uploads\/2022\/08\/uwell-caliburn-a2s-pod-kit-e-zigaretten-set-150x150.jpg",150,150,true],"medium":["https:\/\/justvape.nu\/wp-content\/uploads\/2022\/08\/uwell-caliburn-a2s-pod-kit-e-zigaretten-set-300x300.jpg",300,300,true],"medium_large":["https:\/\/justvape.nu\/wp-content\/uploads\/2022\/08\/uwell-caliburn-a2s-pod-kit-e-zigaretten-set.jpg",600,600,false],"large":["https:\/\/justvape.nu\/wp-content\/uploads\/2022\/08\/uwell-caliburn-a2s-pod-kit-e-zigaretten-set.jpg",600,600,false],"1536x1536":["https:\/\/justvape.nu\/wp-content\/uploads\/2022\/08\/uwell-caliburn-a2s-pod-kit-e-zigaretten-set.jpg",600,600,false],"2048x2048":["https:\/\/justvape.nu\/wp-content\/uploads\/2022\/08\/uwell-caliburn-a2s-pod-kit-e-zigaretten-set.jpg",600,600,false],"woocommerce_thumbnail":["https:\/\/justvape.nu\/wp-content\/uploads\/2022\/08\/uwell-caliburn-a2s-pod-kit-e-zigaretten-set-300x300.jpg",300,300,true],"woocommerce_single":["https:\/\/justvape.nu\/wp-content\/uploads\/2022\/08\/uwell-caliburn-a2s-pod-kit-e-zigaretten-set.jpg",600,600,false],"woocommerce_gallery_thumbnail":["https:\/\/justvape.nu\/wp-content\/uploads\/2022\/08\/uwell-caliburn-a2s-pod-kit-e-zigaretten-set-100x100.jpg",100,100,true],"dgwt-wcas-product-suggestion":["https:\/\/justvape.nu\/wp-content\/uploads\/2022\/08\/uwell-caliburn-a2s-pod-kit-e-zigaretten-set-64x64.jpg",64,64,true]},"uagb_author_info":{"display_name":"JustVape.nu","author_link":"https:\/\/justvape.nu\/sv\/author\/"},"uagb_comment_info":0,"uagb_excerpt":"UWELL - CALIBURN A2S POD SYSTEM","_links":{"self":[{"href":"https:\/\/justvape.nu\/sv\/wp-json\/wp\/v2\/product\/453238","targetHints":{"allow":["GET"]}}],"collection":[{"href":"https:\/\/justvape.nu\/sv\/wp-json\/wp\/v2\/product"}],"about":[{"href":"https:\/\/justvape.nu\/sv\/wp-json\/wp\/v2\/types\/product"}],"replies":[{"embeddable":true,"href":"https:\/\/justvape.nu\/sv\/wp-json\/wp\/v2\/comments?post=453238"}],"wp:featuredmedia":[{"embeddable":true,"href":"https:\/\/justvape.nu\/sv\/wp-json\/wp\/v2\/media\/452956"}],"wp:attachment":[{"href":"https:\/\/justvape.nu\/sv\/wp-json\/wp\/v2\/media?parent=453238"}],"wp:term":[{"taxonomy":"product_brand","embeddable":true,"href":"https:\/\/justvape.nu\/sv\/wp-json\/wp\/v2\/product_brand?post=453238"},{"taxonomy":"product_cat","embeddable":true,"href":"https:\/\/justvape.nu\/sv\/wp-json\/wp\/v2\/product_cat?post=453238"},{"taxonomy":"product_tag","embeddable":true,"href":"https:\/\/justvape.nu\/sv\/wp-json\/wp\/v2\/product_tag?post=453238"}],"curies":[{"name":"wp","href":"https:\/\/api.w.org\/{rel}","templated":true}]}}