{"id":450166,"date":"2022-07-19T11:36:56","date_gmt":"2022-07-19T09:36:56","guid":{"rendered":"https:\/\/justvape.nu\/produkt\/aspire-riil-x-pod\/"},"modified":"2022-11-25T15:46:57","modified_gmt":"2022-11-25T14:46:57","slug":"aspire-riil-x-pod-2","status":"publish","type":"product","link":"https:\/\/justvape.nu\/sv\/produkt\/aspire-riil-x-pod-2\/","title":{"rendered":"ASPIRE &#8211; RIIL X POD"},"content":{"rendered":"<h2>ASPIRE &#8211; RIIL X POD<\/h2>\n<p>Aspire RiiL X ers\u00e4ttningskapsel har en kapacitet p\u00e5 2 ml e-v\u00e4tska och har utformats speciellt f\u00f6r anv\u00e4ndning med Aspire RiiL X-vapekit. De st\u00f6der MTL-\u00e5ngdrift (Mouth To Lung) f\u00f6r en mer diskret m\u00e4ngd \u00e5nga som ger samma k\u00e4nsla som en cigarett, vilket kan vara till stor hj\u00e4lp f\u00f6r dem som byter fr\u00e5n r\u00f6kning till r\u00f6kning. Reglaget f\u00f6r luftfl\u00f6deskontrollen g\u00f6r det ocks\u00e5 m\u00f6jligt att andas in i RDTL-stil (Restricted Direct to Lung), s\u00e5 du har \u00e4nnu fler alternativ.<\/p>\n<p><strong>Funktioner:<\/strong><\/p>\n<ul>\n<li>2ml p\u00e5fyllningsbara pods<\/li>\n<li>MTL &amp; RDTL Vaping<\/li>\n<li>Sidofyllning<\/li>\n<li>Kompatibel med Mesh Coils<\/li>\n<\/ul>\n<p>Kapslarna har en kapacitet p\u00e5 2 ml och det \u00e4r enkelt att fylla p\u00e5 dem tack vare sidofyllningsfunktionen. Spolen med 0,6 ohm kommer att skapa n\u00e5got st\u00f6rre moln \u00e4n versionen med 1,0 ohm, men b\u00e5da \u00e4r fr\u00e5n Aspire AF-sortimentet och \u00e4r utformade f\u00f6r att producera diskreta m\u00e4ngder \u00e5nga. Vi rekommenderar att du kombinerar spolarna med 50 % PG-v\u00e4tskor eller h\u00f6gre f\u00f6r b\u00e4sta resultat. Du f\u00e5r ocks\u00e5 en fylligare smak tack vare att n\u00e4tspolen v\u00e4rmer upp e-v\u00e4tskan snabbare. Det justerbara luftfl\u00f6det g\u00f6r att du kan st\u00e4lla in en tightare eller l\u00f6sare k\u00e4nsla n\u00e4r du andas in.<\/p>\n<p><strong>Inneh\u00e5ller<\/strong><\/p>\n<ul>\n<li>1 x Aspire RiiL X Pod<\/li>\n<\/ul>\n","protected":false},"excerpt":{"rendered":"<p>ASPIRE &#8211; RIIL X POD<\/p>\n","protected":false},"featured_media":449778,"comment_status":"open","ping_status":"closed","template":"","meta":{"_acf_changed":false,"_uag_custom_page_level_css":"","site-sidebar-layout":"default","site-content-layout":"default","ast-site-content-layout":"default","site-content-style":"default","site-sidebar-style":"default","ast-global-header-display":"","ast-banner-title-visibility":"","ast-main-header-display":"","ast-hfb-above-header-display":"","ast-hfb-below-header-display":"","ast-hfb-mobile-header-display":"","site-post-title":"","ast-breadcrumbs-content":"","ast-featured-img":"","footer-sml-layout":"","ast-disable-related-posts":"","theme-transparent-header-meta":"default","adv-header-id-meta":"","stick-header-meta":"default","header-above-stick-meta":"","header-main-stick-meta":"","header-below-stick-meta":"","astra-migrate-meta-layouts":"default","ast-page-background-enabled":"default","ast-page-background-meta":{"desktop":{"background-color":"","background-image":"","background-repeat":"repeat","background-position":"center center","background-size":"auto","background-attachment":"scroll","background-type":"","background-media":"","overlay-type":"","overlay-color":"","overlay-opacity":"","overlay-gradient":""},"tablet":{"background-color":"","background-image":"","background-repeat":"repeat","background-position":"center center","background-size":"auto","background-attachment":"scroll","background-type":"","background-media":"","overlay-type":"","overlay-color":"","overlay-opacity":"","overlay-gradient":""},"mobile":{"background-color":"","background-image":"","background-repeat":"repeat","background-position":"center center","background-size":"auto","background-attachment":"scroll","background-type":"","background-media":"","overlay-type":"","overlay-color":"","overlay-opacity":"","overlay-gradient":""}},"ast-content-background-meta":{"desktop":{"background-color":"var(--ast-global-color-5)","background-image":"","background-repeat":"repeat","background-position":"center center","background-size":"auto","background-attachment":"scroll","background-type":"","background-media":"","overlay-type":"","overlay-color":"","overlay-opacity":"","overlay-gradient":""},"tablet":{"background-color":"var(--ast-global-color-5)","background-image":"","background-repeat":"repeat","background-position":"center center","background-size":"auto","background-attachment":"scroll","background-type":"","background-media":"","overlay-type":"","overlay-color":"","overlay-opacity":"","overlay-gradient":""},"mobile":{"background-color":"var(--ast-global-color-5)","background-image":"","background-repeat":"repeat","background-position":"center center","background-size":"auto","background-attachment":"scroll","background-type":"","background-media":"","overlay-type":"","overlay-color":"","overlay-opacity":"","overlay-gradient":""}}},"product_brand":[],"product_cat":[2064,1984],"product_tag":[],"class_list":{"0":"post-450166","1":"product","2":"type-product","3":"status-publish","4":"has-post-thumbnail","6":"product_cat-spolar-pods","7":"product_cat-tankar-spolar","8":"desktop-align-center","9":"tablet-align-center","10":"mobile-align-center","11":"ast-product-gallery-layout-horizontal-slider","12":"ast-product-gallery-with-no-image","13":"ast-product-tabs-layout-horizontal","15":"first","16":"instock","17":"sale","18":"taxable","19":"shipping-taxable","20":"purchasable","21":"product-type-simple"},"acf":[],"uagb_featured_image_src":{"full":["https:\/\/justvape.nu\/wp-content\/uploads\/2022\/07\/Riil-X-Replacement-Pod.webp",700,700,false],"thumbnail":["https:\/\/justvape.nu\/wp-content\/uploads\/2022\/07\/Riil-X-Replacement-Pod-150x150.webp",150,150,true],"medium":["https:\/\/justvape.nu\/wp-content\/uploads\/2022\/07\/Riil-X-Replacement-Pod-300x300.webp",300,300,true],"medium_large":["https:\/\/justvape.nu\/wp-content\/uploads\/2022\/07\/Riil-X-Replacement-Pod.webp",700,700,false],"large":["https:\/\/justvape.nu\/wp-content\/uploads\/2022\/07\/Riil-X-Replacement-Pod.webp",700,700,false],"1536x1536":["https:\/\/justvape.nu\/wp-content\/uploads\/2022\/07\/Riil-X-Replacement-Pod.webp",700,700,false],"2048x2048":["https:\/\/justvape.nu\/wp-content\/uploads\/2022\/07\/Riil-X-Replacement-Pod.webp",700,700,false],"woocommerce_thumbnail":["https:\/\/justvape.nu\/wp-content\/uploads\/2022\/07\/Riil-X-Replacement-Pod-300x300.webp",300,300,true],"woocommerce_single":["https:\/\/justvape.nu\/wp-content\/uploads\/2022\/07\/Riil-X-Replacement-Pod-600x600.webp",600,600,true],"woocommerce_gallery_thumbnail":["https:\/\/justvape.nu\/wp-content\/uploads\/2022\/07\/Riil-X-Replacement-Pod-100x100.webp",100,100,true],"dgwt-wcas-product-suggestion":["https:\/\/justvape.nu\/wp-content\/uploads\/2022\/07\/Riil-X-Replacement-Pod-64x64.webp",64,64,true]},"uagb_author_info":{"display_name":"JustVape.nu","author_link":"https:\/\/justvape.nu\/sv\/author\/"},"uagb_comment_info":0,"uagb_excerpt":"ASPIRE - RIIL X POD","_links":{"self":[{"href":"https:\/\/justvape.nu\/sv\/wp-json\/wp\/v2\/product\/450166","targetHints":{"allow":["GET"]}}],"collection":[{"href":"https:\/\/justvape.nu\/sv\/wp-json\/wp\/v2\/product"}],"about":[{"href":"https:\/\/justvape.nu\/sv\/wp-json\/wp\/v2\/types\/product"}],"replies":[{"embeddable":true,"href":"https:\/\/justvape.nu\/sv\/wp-json\/wp\/v2\/comments?post=450166"}],"wp:featuredmedia":[{"embeddable":true,"href":"https:\/\/justvape.nu\/sv\/wp-json\/wp\/v2\/media\/449778"}],"wp:attachment":[{"href":"https:\/\/justvape.nu\/sv\/wp-json\/wp\/v2\/media?parent=450166"}],"wp:term":[{"taxonomy":"product_brand","embeddable":true,"href":"https:\/\/justvape.nu\/sv\/wp-json\/wp\/v2\/product_brand?post=450166"},{"taxonomy":"product_cat","embeddable":true,"href":"https:\/\/justvape.nu\/sv\/wp-json\/wp\/v2\/product_cat?post=450166"},{"taxonomy":"product_tag","embeddable":true,"href":"https:\/\/justvape.nu\/sv\/wp-json\/wp\/v2\/product_tag?post=450166"}],"curies":[{"name":"wp","href":"https:\/\/api.w.org\/{rel}","templated":true}]}}