{"id":447143,"date":"2022-07-03T11:59:16","date_gmt":"2022-07-03T09:59:16","guid":{"rendered":"https:\/\/justvape.nu\/produkt\/innokin-go-z-tank\/"},"modified":"2025-08-15T20:31:46","modified_gmt":"2025-08-15T18:31:46","slug":"innokin-go-z-tank-2","status":"publish","type":"product","link":"https:\/\/justvape.nu\/sv\/produkt\/innokin-go-z-tank-2\/","title":{"rendered":"INNOKIN &#8211; GO Z TANK"},"content":{"rendered":"<h2>INNOKIN &#8211; GO Z TANK<\/h2>\n<p>Innokin GO Z Tank \u00e4r bekv\u00e4mt utformad f\u00f6r att leverera en MTL-vape av h\u00f6g kvalitet. Den \u00e4r utformad f\u00f6r att anv\u00e4ndas tillsammans med Innokin GO Z-pennan och skruvas fast p\u00e5 toppen av batteriet. P\u00e5fyllningssystemet ger ett enkelt och smutsfritt s\u00e4tt att fylla p\u00e5 tanken med e-v\u00e4tskor. Du beh\u00f6ver bara skjuta upp toppen f\u00f6r att se inloppet f\u00f6r e-v\u00e4tska. Pressa spetsen p\u00e5 e-v\u00e4tskeflaskan genom silikonf\u00f6rseglingen och fyll p\u00e5. Detta ger ett extra skydd mot l\u00e4ckage. Systemet med toppfyllning inneb\u00e4r ocks\u00e5 att den inte beh\u00f6ver tas bort fr\u00e5n satsen n\u00e4r du fyller p\u00e5 vapev\u00e4tska. Luftfl\u00f6det kan justeras genom att vrida p\u00e5 ringen i botten av tanken f\u00f6r att \u00f6ka eller minska luftintagets storlek. De exakta lufth\u00e5len ger en begr\u00e4nsad dragning som passar f\u00f6r MTL-bruk. Dessutom ger Innokin Z-spolen p\u00e5 1,6ohm fantastisk smak fr\u00e5n 50\/50 e-v\u00e4tskor och nik-salter.<\/p>\n<p><img loading=\"lazy\" decoding=\"async\" class=\"alignnone size-full wp-image-446973\" src=\"https:\/\/justvape.nu\/wp-content\/uploads\/2022\/07\/Innokin-GO-Z-2ml-%CE%91%CF%84%CE%BC%CE%BF%CF%80%CE%BF%CE%B9%CE%B7%CF%84%CE%AE%CF%82-banner-10.jpg\" alt=\"\" width=\"950\" height=\"384\" title=\"\"><\/p>\n<h3>KITENS INNEH\u00c5LL<\/h3>\n<ul>\n<li>1 x Innokin GO Z Tank<\/li>\n<li>1 x Innokin Z spole<\/li>\n<\/ul>\n","protected":false},"excerpt":{"rendered":"<p>INNOKIN &#8211; GO Z TANK<\/p>\n","protected":false},"featured_media":446992,"comment_status":"open","ping_status":"closed","template":"","meta":{"_acf_changed":false,"_uag_custom_page_level_css":"","site-sidebar-layout":"default","site-content-layout":"default","ast-site-content-layout":"default","site-content-style":"default","site-sidebar-style":"default","ast-global-header-display":"","ast-banner-title-visibility":"","ast-main-header-display":"","ast-hfb-above-header-display":"","ast-hfb-below-header-display":"","ast-hfb-mobile-header-display":"","site-post-title":"","ast-breadcrumbs-content":"","ast-featured-img":"","footer-sml-layout":"","ast-disable-related-posts":"","theme-transparent-header-meta":"default","adv-header-id-meta":"","stick-header-meta":"default","header-above-stick-meta":"","header-main-stick-meta":"","header-below-stick-meta":"","astra-migrate-meta-layouts":"default","ast-page-background-enabled":"default","ast-page-background-meta":{"desktop":{"background-color":"","background-image":"","background-repeat":"repeat","background-position":"center center","background-size":"auto","background-attachment":"scroll","background-type":"","background-media":"","overlay-type":"","overlay-color":"","overlay-opacity":"","overlay-gradient":""},"tablet":{"background-color":"","background-image":"","background-repeat":"repeat","background-position":"center center","background-size":"auto","background-attachment":"scroll","background-type":"","background-media":"","overlay-type":"","overlay-color":"","overlay-opacity":"","overlay-gradient":""},"mobile":{"background-color":"","background-image":"","background-repeat":"repeat","background-position":"center center","background-size":"auto","background-attachment":"scroll","background-type":"","background-media":"","overlay-type":"","overlay-color":"","overlay-opacity":"","overlay-gradient":""}},"ast-content-background-meta":{"desktop":{"background-color":"var(--ast-global-color-5)","background-image":"","background-repeat":"repeat","background-position":"center center","background-size":"auto","background-attachment":"scroll","background-type":"","background-media":"","overlay-type":"","overlay-color":"","overlay-opacity":"","overlay-gradient":""},"tablet":{"background-color":"var(--ast-global-color-5)","background-image":"","background-repeat":"repeat","background-position":"center center","background-size":"auto","background-attachment":"scroll","background-type":"","background-media":"","overlay-type":"","overlay-color":"","overlay-opacity":"","overlay-gradient":""},"mobile":{"background-color":"var(--ast-global-color-5)","background-image":"","background-repeat":"repeat","background-position":"center center","background-size":"auto","background-attachment":"scroll","background-type":"","background-media":"","overlay-type":"","overlay-color":"","overlay-opacity":"","overlay-gradient":""}}},"product_brand":[],"product_cat":[2532,2544,2533,2044,1984],"product_tag":[],"class_list":{"0":"post-447143","1":"product","2":"type-product","3":"status-publish","4":"has-post-thumbnail","6":"product_cat-hardware-sv","7":"product_cat-innokin-sv","8":"product_cat-shop-by-brand-sv","9":"product_cat-tankar","10":"product_cat-tankar-spolar","11":"desktop-align-center","12":"tablet-align-center","13":"mobile-align-center","14":"ast-product-gallery-layout-horizontal-slider","15":"ast-product-gallery-with-no-image","16":"ast-product-single-variable","17":"ast-product-tabs-layout-horizontal","19":"first","20":"instock","21":"sale","22":"taxable","23":"shipping-taxable","24":"purchasable","25":"product-type-variable"},"acf":[],"uagb_featured_image_src":{"full":["https:\/\/justvape.nu\/wp-content\/uploads\/2022\/07\/innokin-go-z-atomizer-2ml-vb030242-786x786-1.jpg",786,786,false],"thumbnail":["https:\/\/justvape.nu\/wp-content\/uploads\/2022\/07\/innokin-go-z-atomizer-2ml-vb030242-786x786-1-150x150.jpg",150,150,true],"medium":["https:\/\/justvape.nu\/wp-content\/uploads\/2022\/07\/innokin-go-z-atomizer-2ml-vb030242-786x786-1-300x300.jpg",300,300,true],"medium_large":["https:\/\/justvape.nu\/wp-content\/uploads\/2022\/07\/innokin-go-z-atomizer-2ml-vb030242-786x786-1-768x768.jpg",768,768,true],"large":["https:\/\/justvape.nu\/wp-content\/uploads\/2022\/07\/innokin-go-z-atomizer-2ml-vb030242-786x786-1.jpg",786,786,false],"1536x1536":["https:\/\/justvape.nu\/wp-content\/uploads\/2022\/07\/innokin-go-z-atomizer-2ml-vb030242-786x786-1.jpg",786,786,false],"2048x2048":["https:\/\/justvape.nu\/wp-content\/uploads\/2022\/07\/innokin-go-z-atomizer-2ml-vb030242-786x786-1.jpg",786,786,false],"woocommerce_thumbnail":["https:\/\/justvape.nu\/wp-content\/uploads\/2022\/07\/innokin-go-z-atomizer-2ml-vb030242-786x786-1-300x300.jpg",300,300,true],"woocommerce_single":["https:\/\/justvape.nu\/wp-content\/uploads\/2022\/07\/innokin-go-z-atomizer-2ml-vb030242-786x786-1-600x600.jpg",600,600,true],"woocommerce_gallery_thumbnail":["https:\/\/justvape.nu\/wp-content\/uploads\/2022\/07\/innokin-go-z-atomizer-2ml-vb030242-786x786-1-100x100.jpg",100,100,true],"dgwt-wcas-product-suggestion":["https:\/\/justvape.nu\/wp-content\/uploads\/2022\/07\/innokin-go-z-atomizer-2ml-vb030242-786x786-1-64x64.jpg",64,64,true]},"uagb_author_info":{"display_name":"JustVape.nu","author_link":"https:\/\/justvape.nu\/sv\/author\/"},"uagb_comment_info":0,"uagb_excerpt":"INNOKIN - GO Z TANK","_links":{"self":[{"href":"https:\/\/justvape.nu\/sv\/wp-json\/wp\/v2\/product\/447143","targetHints":{"allow":["GET"]}}],"collection":[{"href":"https:\/\/justvape.nu\/sv\/wp-json\/wp\/v2\/product"}],"about":[{"href":"https:\/\/justvape.nu\/sv\/wp-json\/wp\/v2\/types\/product"}],"replies":[{"embeddable":true,"href":"https:\/\/justvape.nu\/sv\/wp-json\/wp\/v2\/comments?post=447143"}],"wp:featuredmedia":[{"embeddable":true,"href":"https:\/\/justvape.nu\/sv\/wp-json\/wp\/v2\/media\/446992"}],"wp:attachment":[{"href":"https:\/\/justvape.nu\/sv\/wp-json\/wp\/v2\/media?parent=447143"}],"wp:term":[{"taxonomy":"product_brand","embeddable":true,"href":"https:\/\/justvape.nu\/sv\/wp-json\/wp\/v2\/product_brand?post=447143"},{"taxonomy":"product_cat","embeddable":true,"href":"https:\/\/justvape.nu\/sv\/wp-json\/wp\/v2\/product_cat?post=447143"},{"taxonomy":"product_tag","embeddable":true,"href":"https:\/\/justvape.nu\/sv\/wp-json\/wp\/v2\/product_tag?post=447143"}],"curies":[{"name":"wp","href":"https:\/\/api.w.org\/{rel}","templated":true}]}}