{"id":446555,"date":"2022-07-02T17:09:12","date_gmt":"2022-07-02T15:09:12","guid":{"rendered":"https:\/\/justvape.nu\/produkt\/uwell-caliburn-gk2-vape-kit\/"},"modified":"2024-09-29T16:26:41","modified_gmt":"2024-09-29T14:26:41","slug":"uwell-caliburn-gk2-vapekit","status":"publish","type":"product","link":"https:\/\/justvape.nu\/sv\/produkt\/uwell-caliburn-gk2-vapekit\/","title":{"rendered":"UWELL &#8211; CALIBURN GK2 VAPE KIT"},"content":{"rendered":"<h2>UWELL &#8211; CALIBURN GK2 VAPE KIT<\/h2>\n<p>Det nya Caliburn GK2 Pod Style Vape Kit fr\u00e5n Uwell har utformats av experter och \u00e4r ett l\u00e4ttanv\u00e4nt vape kit som ger exceptionell prestanda. GK2 \u00e4r Uwells nyaste h\u00e5rdvara och med sin kompakta, fickv\u00e4nliga storlek och i\u00f6gonfallande design \u00e4r den h\u00e4r vaping-enheten perfekt f\u00f6r nya vapers och de som \u00e4r p\u00e5 spr\u00e5ng.<\/p>\n<p>Caliburn GK2 har en pod med en kapacitet p\u00e5 2 ml och \u00e4r idealisk f\u00f6r anv\u00e4ndning med E-v\u00e4tskor med h\u00f6g PG- eller nikotinsalt. Podden rymmer antingen en 0,8ohm eller 1,2ohm Caliburn G mesh coil som g\u00f6r att du kan skr\u00e4ddarsy din \u00e5ngstil mellan mun till lunga och sub-ohm.<br \/>\nUwell har designat GK2 med f\u00f6renklad f\u00f6rbr\u00e4nning i \u00e5tanke och pod-kitet har ett drag-aktiverat inhalationssystem. Caliburn G2-ers\u00e4ttningspoddarna \u00e4r otroligt l\u00e4tta att fylla p\u00e5, vilket g\u00f6r livet exceptionellt enkelt n\u00e4r du anv\u00e4nder det h\u00e4r snygga vape-kitet.<\/p>\n<p><img loading=\"lazy\" decoding=\"async\" class=\"alignnone size-full wp-image-383695\" src=\"https:\/\/justvape.nu\/wp-content\/uploads\/2021\/05\/Color-Scheme.png\" alt=\"\" width=\"950\" height=\"64\" title=\"\" srcset=\"https:\/\/justvape.nu\/wp-content\/uploads\/2021\/05\/Color-Scheme.png 950w, https:\/\/justvape.nu\/wp-content\/uploads\/2021\/05\/Color-Scheme-600x40.png 600w, https:\/\/justvape.nu\/wp-content\/uploads\/2021\/05\/Color-Scheme-64x4.png 64w, https:\/\/justvape.nu\/wp-content\/uploads\/2021\/05\/Color-Scheme-300x20.png 300w, https:\/\/justvape.nu\/wp-content\/uploads\/2021\/05\/Color-Scheme-768x52.png 768w\" sizes=\"auto, (max-width: 950px) 100vw, 950px\" \/><\/p>\n<p class=\"description-img-center\"><img loading=\"lazy\" decoding=\"async\" class=\"alignnone size-full wp-image-446364\" src=\"https:\/\/justvape.nu\/wp-content\/uploads\/2022\/07\/Uwell_Caliburn_GK2_Kit_Colors.jpg\" alt=\"\" width=\"800\" height=\"314\" title=\"\" srcset=\"https:\/\/justvape.nu\/wp-content\/uploads\/2022\/07\/Uwell_Caliburn_GK2_Kit_Colors.jpg 800w, https:\/\/justvape.nu\/wp-content\/uploads\/2022\/07\/Uwell_Caliburn_GK2_Kit_Colors-300x118.jpg 300w, https:\/\/justvape.nu\/wp-content\/uploads\/2022\/07\/Uwell_Caliburn_GK2_Kit_Colors-768x301.jpg 768w, https:\/\/justvape.nu\/wp-content\/uploads\/2022\/07\/Uwell_Caliburn_GK2_Kit_Colors-600x236.jpg 600w, https:\/\/justvape.nu\/wp-content\/uploads\/2022\/07\/Uwell_Caliburn_GK2_Kit_Colors-64x25.jpg 64w\" sizes=\"auto, (max-width: 800px) 100vw, 800px\" \/><\/p>\n<div class=\"shop-features \">\n<h2 class=\"shop-features-title \"><img loading=\"lazy\" decoding=\"async\" class=\"alignnone size-full wp-image-390997\" src=\"https:\/\/justvape.nu\/wp-content\/uploads\/2021\/06\/Specifications1.png\" alt=\"\" width=\"950\" height=\"64\" title=\"\" srcset=\"https:\/\/justvape.nu\/wp-content\/uploads\/2021\/06\/Specifications1.png 950w, https:\/\/justvape.nu\/wp-content\/uploads\/2021\/06\/Specifications1-600x40.png 600w, https:\/\/justvape.nu\/wp-content\/uploads\/2021\/06\/Specifications1-64x4.png 64w, https:\/\/justvape.nu\/wp-content\/uploads\/2021\/06\/Specifications1-300x20.png 300w, https:\/\/justvape.nu\/wp-content\/uploads\/2021\/06\/Specifications1-768x52.png 768w\" sizes=\"auto, (max-width: 950px) 100vw, 950px\" \/><\/h2>\n<\/div>\n<p><strong class=\"description-little-title\">Caliburn GK2 Parametrar:<\/strong><\/p>\n<table class=\"description-table\">\n<tbody>\n<tr>\n<td class=\"strong-title \">varum\u00e4rke<\/td>\n<td class=\"inline\">Uwell<\/td>\n<\/tr>\n<tr>\n<td class=\"strong-title \">produktnamn<\/td>\n<td class=\"inline\">Caliburn GK2 Pod System Kit<\/td>\n<\/tr>\n<tr>\n<td class=\"strong-title \">M\u00e5tt<\/td>\n<td class=\"inline\">72.2mm*46.6mm*16.3mm<\/td>\n<\/tr>\n<tr>\n<td class=\"strong-title \">Material<\/td>\n<td class=\"inline\">PA, PC+ABS, silikatglas<\/td>\n<\/tr>\n<tr>\n<td class=\"strong-title \">Batterikapacitet<\/td>\n<td class=\"inline\">Inbyggt batteri p\u00e5 690 mAh<\/td>\n<\/tr>\n<tr>\n<td class=\"strong-title \">Laddningstyp<\/td>\n<td class=\"inline\">Typ-C laddning<\/td>\n<\/tr>\n<tr>\n<td class=\"strong-title \">Produktion<\/td>\n<td class=\"inline\">18W<\/td>\n<\/tr>\n<tr>\n<td class=\"strong-title \">Luftfl\u00f6de<\/td>\n<td class=\"inline\">Justerbart luftfl\u00f6de<\/td>\n<\/tr>\n<tr>\n<td class=\"strong-title \">E-juice kapacitet<\/td>\n<td class=\"inline\">2 ml<\/td>\n<\/tr>\n<tr>\n<td class=\"strong-title \">Fyllningstyp<\/td>\n<td class=\"inline\">Toppfyllning<\/td>\n<\/tr>\n<tr>\n<td class=\"strong-title \">Passar f\u00f6r<\/td>\n<td class=\"inline\">Uwell Caliburn G 0.8\u03a9 Mesh\/1.0\u03a9 Coil och G2 1.2\u03a9 Mesh Coil, Caliburn G2 Pod Cartridge<\/td>\n<\/tr>\n<tr>\n<td class=\"strong-title \">F\u00e4rg<\/td>\n<td class=\"inline\">Aurora Green, Ribbon Red, Ocean Flame, Matte Black<\/td>\n<\/tr>\n<\/tbody>\n<\/table>\n<div class=\"shop-features \">\n<h2 class=\"shop-features-title \"><img loading=\"lazy\" decoding=\"async\" class=\"alignnone size-full wp-image-248459\" src=\"https:\/\/justvape.nu\/wp-content\/uploads\/2018\/05\/Features.png\" alt=\"\" width=\"950\" height=\"64\" title=\"\" srcset=\"https:\/\/justvape.nu\/wp-content\/uploads\/2018\/05\/Features.png 950w, https:\/\/justvape.nu\/wp-content\/uploads\/2018\/05\/Features-600x40.png 600w, https:\/\/justvape.nu\/wp-content\/uploads\/2018\/05\/Features-64x4.png 64w, https:\/\/justvape.nu\/wp-content\/uploads\/2018\/05\/Features-300x20.png 300w, https:\/\/justvape.nu\/wp-content\/uploads\/2018\/05\/Features-768x52.png 768w\" sizes=\"auto, (max-width: 950px) 100vw, 950px\" \/><\/h2>\n<\/div>\n<p><strong class=\"description-little-title\">Uwell Caliburn GK2 Detaljer:<\/strong><\/p>\n<ul>\n<li style=\"list-style-type: none;\">\n<ul>\n<li>1. En uppgraderad version av KOKO PRIME-serien.<\/li>\n<li>2. Bl\u00e4ndande ljus och cyberpunk-design<\/li>\n<li>3. L\u00e4tt, bekv\u00e4m att greppa och l\u00e4tt att b\u00e4ra.<\/li>\n<li>4. Olika f\u00e4rger f\u00f6r att visa olika effektniv\u00e5er och arbetstillst\u00e5nd.<\/li>\n<li>5. Inbyggt batteri p\u00e5 690 mAh, 18 W, Typ-C-laddning<\/li>\n<li>6. 2 ml e-juice kapacitet, enkelt toppfyllningssystem.<\/li>\n<li>7. Genomskinligt f\u00f6nster, l\u00e4tt att kontrollera<\/li>\n<li>8. Uwell pro-focs smak justering tech<\/li>\n<li>9. Utformad med exakt justering av luftfl\u00f6det<\/li>\n<li>10. Passar f\u00f6r Caliburn G 0.8\u03a9\/1.0\u03a9 Coil och G2 1.2\u03a9 Mesh Coil<\/li>\n<li>11. Passar f\u00f6r Caliburn G2 Pod Cartridge<\/li>\n<\/ul>\n<\/li>\n<\/ul>\n<p class=\"description-img-center \"><img loading=\"lazy\" decoding=\"async\" class=\"alignnone size-full wp-image-446385\" src=\"https:\/\/justvape.nu\/wp-content\/uploads\/2022\/07\/Uwell_Caliburn_GK2_Pod_Kit_Short_Feature.jpg\" alt=\"\" width=\"831\" height=\"372\" title=\"\" srcset=\"https:\/\/justvape.nu\/wp-content\/uploads\/2022\/07\/Uwell_Caliburn_GK2_Pod_Kit_Short_Feature.jpg 831w, https:\/\/justvape.nu\/wp-content\/uploads\/2022\/07\/Uwell_Caliburn_GK2_Pod_Kit_Short_Feature-300x134.jpg 300w, https:\/\/justvape.nu\/wp-content\/uploads\/2022\/07\/Uwell_Caliburn_GK2_Pod_Kit_Short_Feature-768x344.jpg 768w, https:\/\/justvape.nu\/wp-content\/uploads\/2022\/07\/Uwell_Caliburn_GK2_Pod_Kit_Short_Feature-600x269.jpg 600w, https:\/\/justvape.nu\/wp-content\/uploads\/2022\/07\/Uwell_Caliburn_GK2_Pod_Kit_Short_Feature-64x29.jpg 64w\" sizes=\"auto, (max-width: 831px) 100vw, 831px\" \/> <img loading=\"lazy\" decoding=\"async\" class=\"alignnone size-full wp-image-446395\" src=\"https:\/\/justvape.nu\/wp-content\/uploads\/2022\/07\/Uwell_Caliburn_GK2_Pod_Kit_Features.jpg\" alt=\"\" width=\"831\" height=\"346\" title=\"\" srcset=\"https:\/\/justvape.nu\/wp-content\/uploads\/2022\/07\/Uwell_Caliburn_GK2_Pod_Kit_Features.jpg 831w, https:\/\/justvape.nu\/wp-content\/uploads\/2022\/07\/Uwell_Caliburn_GK2_Pod_Kit_Features-300x125.jpg 300w, https:\/\/justvape.nu\/wp-content\/uploads\/2022\/07\/Uwell_Caliburn_GK2_Pod_Kit_Features-768x320.jpg 768w, https:\/\/justvape.nu\/wp-content\/uploads\/2022\/07\/Uwell_Caliburn_GK2_Pod_Kit_Features-600x250.jpg 600w, https:\/\/justvape.nu\/wp-content\/uploads\/2022\/07\/Uwell_Caliburn_GK2_Pod_Kit_Features-64x27.jpg 64w\" sizes=\"auto, (max-width: 831px) 100vw, 831px\" \/> <img loading=\"lazy\" decoding=\"async\" class=\"alignnone size-full wp-image-446405\" src=\"https:\/\/justvape.nu\/wp-content\/uploads\/2022\/07\/Uwell_Caliburn_GK2_Pod_Kit_Specification.jpg\" alt=\"\" width=\"831\" height=\"380\" title=\"\" srcset=\"https:\/\/justvape.nu\/wp-content\/uploads\/2022\/07\/Uwell_Caliburn_GK2_Pod_Kit_Specification.jpg 831w, https:\/\/justvape.nu\/wp-content\/uploads\/2022\/07\/Uwell_Caliburn_GK2_Pod_Kit_Specification-300x137.jpg 300w, https:\/\/justvape.nu\/wp-content\/uploads\/2022\/07\/Uwell_Caliburn_GK2_Pod_Kit_Specification-768x351.jpg 768w, https:\/\/justvape.nu\/wp-content\/uploads\/2022\/07\/Uwell_Caliburn_GK2_Pod_Kit_Specification-600x274.jpg 600w, https:\/\/justvape.nu\/wp-content\/uploads\/2022\/07\/Uwell_Caliburn_GK2_Pod_Kit_Specification-64x29.jpg 64w\" sizes=\"auto, (max-width: 831px) 100vw, 831px\" \/> <img loading=\"lazy\" decoding=\"async\" class=\"alignnone size-full wp-image-446415\" src=\"https:\/\/justvape.nu\/wp-content\/uploads\/2022\/07\/Uwell_Caliburn_GK2_Pod_Kit_Lightweight.jpg\" alt=\"\" width=\"831\" height=\"438\" title=\"\" srcset=\"https:\/\/justvape.nu\/wp-content\/uploads\/2022\/07\/Uwell_Caliburn_GK2_Pod_Kit_Lightweight.jpg 831w, https:\/\/justvape.nu\/wp-content\/uploads\/2022\/07\/Uwell_Caliburn_GK2_Pod_Kit_Lightweight-300x158.jpg 300w, https:\/\/justvape.nu\/wp-content\/uploads\/2022\/07\/Uwell_Caliburn_GK2_Pod_Kit_Lightweight-768x405.jpg 768w, https:\/\/justvape.nu\/wp-content\/uploads\/2022\/07\/Uwell_Caliburn_GK2_Pod_Kit_Lightweight-600x316.jpg 600w, https:\/\/justvape.nu\/wp-content\/uploads\/2022\/07\/Uwell_Caliburn_GK2_Pod_Kit_Lightweight-64x34.jpg 64w\" sizes=\"auto, (max-width: 831px) 100vw, 831px\" \/> <img loading=\"lazy\" decoding=\"async\" class=\"alignnone size-full wp-image-446425\" src=\"https:\/\/justvape.nu\/wp-content\/uploads\/2022\/07\/Uwell_Caliburn_GK2_Pod_Kit_Transparent_Windows.jpg\" alt=\"\" width=\"831\" height=\"424\" title=\"\" srcset=\"https:\/\/justvape.nu\/wp-content\/uploads\/2022\/07\/Uwell_Caliburn_GK2_Pod_Kit_Transparent_Windows.jpg 831w, https:\/\/justvape.nu\/wp-content\/uploads\/2022\/07\/Uwell_Caliburn_GK2_Pod_Kit_Transparent_Windows-300x153.jpg 300w, https:\/\/justvape.nu\/wp-content\/uploads\/2022\/07\/Uwell_Caliburn_GK2_Pod_Kit_Transparent_Windows-768x392.jpg 768w, https:\/\/justvape.nu\/wp-content\/uploads\/2022\/07\/Uwell_Caliburn_GK2_Pod_Kit_Transparent_Windows-600x306.jpg 600w, https:\/\/justvape.nu\/wp-content\/uploads\/2022\/07\/Uwell_Caliburn_GK2_Pod_Kit_Transparent_Windows-64x33.jpg 64w\" sizes=\"auto, (max-width: 831px) 100vw, 831px\" \/> <img loading=\"lazy\" decoding=\"async\" class=\"alignnone size-full wp-image-446435\" src=\"https:\/\/justvape.nu\/wp-content\/uploads\/2022\/07\/Uwell_Caliburn_GK2_Pod_Kit_Top_Filling.jpg\" alt=\"\" width=\"831\" height=\"438\" title=\"\" srcset=\"https:\/\/justvape.nu\/wp-content\/uploads\/2022\/07\/Uwell_Caliburn_GK2_Pod_Kit_Top_Filling.jpg 831w, https:\/\/justvape.nu\/wp-content\/uploads\/2022\/07\/Uwell_Caliburn_GK2_Pod_Kit_Top_Filling-300x158.jpg 300w, https:\/\/justvape.nu\/wp-content\/uploads\/2022\/07\/Uwell_Caliburn_GK2_Pod_Kit_Top_Filling-768x405.jpg 768w, https:\/\/justvape.nu\/wp-content\/uploads\/2022\/07\/Uwell_Caliburn_GK2_Pod_Kit_Top_Filling-600x316.jpg 600w, https:\/\/justvape.nu\/wp-content\/uploads\/2022\/07\/Uwell_Caliburn_GK2_Pod_Kit_Top_Filling-64x34.jpg 64w\" sizes=\"auto, (max-width: 831px) 100vw, 831px\" \/> <img loading=\"lazy\" decoding=\"async\" class=\"alignnone size-full wp-image-446445\" src=\"https:\/\/justvape.nu\/wp-content\/uploads\/2022\/07\/Uwell_Caliburn_GK2_Pod_Kit_Precise_Airflow.jpg\" alt=\"\" width=\"831\" height=\"378\" title=\"\" srcset=\"https:\/\/justvape.nu\/wp-content\/uploads\/2022\/07\/Uwell_Caliburn_GK2_Pod_Kit_Precise_Airflow.jpg 831w, https:\/\/justvape.nu\/wp-content\/uploads\/2022\/07\/Uwell_Caliburn_GK2_Pod_Kit_Precise_Airflow-300x136.jpg 300w, https:\/\/justvape.nu\/wp-content\/uploads\/2022\/07\/Uwell_Caliburn_GK2_Pod_Kit_Precise_Airflow-768x349.jpg 768w, https:\/\/justvape.nu\/wp-content\/uploads\/2022\/07\/Uwell_Caliburn_GK2_Pod_Kit_Precise_Airflow-600x273.jpg 600w, https:\/\/justvape.nu\/wp-content\/uploads\/2022\/07\/Uwell_Caliburn_GK2_Pod_Kit_Precise_Airflow-64x29.jpg 64w\" sizes=\"auto, (max-width: 831px) 100vw, 831px\" \/> <img loading=\"lazy\" decoding=\"async\" class=\"alignnone size-full wp-image-446455\" src=\"https:\/\/justvape.nu\/wp-content\/uploads\/2022\/07\/Uwell_Caliburn_GK2_Pod_Kit_Compatible.jpg\" alt=\"\" width=\"831\" height=\"437\" title=\"\" srcset=\"https:\/\/justvape.nu\/wp-content\/uploads\/2022\/07\/Uwell_Caliburn_GK2_Pod_Kit_Compatible.jpg 831w, https:\/\/justvape.nu\/wp-content\/uploads\/2022\/07\/Uwell_Caliburn_GK2_Pod_Kit_Compatible-300x158.jpg 300w, https:\/\/justvape.nu\/wp-content\/uploads\/2022\/07\/Uwell_Caliburn_GK2_Pod_Kit_Compatible-768x404.jpg 768w, https:\/\/justvape.nu\/wp-content\/uploads\/2022\/07\/Uwell_Caliburn_GK2_Pod_Kit_Compatible-600x316.jpg 600w, https:\/\/justvape.nu\/wp-content\/uploads\/2022\/07\/Uwell_Caliburn_GK2_Pod_Kit_Compatible-64x34.jpg 64w\" sizes=\"auto, (max-width: 831px) 100vw, 831px\" \/> <img loading=\"lazy\" decoding=\"async\" class=\"alignnone size-full wp-image-446465\" src=\"https:\/\/justvape.nu\/wp-content\/uploads\/2022\/07\/Uwell_Caliburn_GK2_Pod_Kit_Interactive_Vaping.jpg\" alt=\"\" width=\"831\" height=\"393\" title=\"\" srcset=\"https:\/\/justvape.nu\/wp-content\/uploads\/2022\/07\/Uwell_Caliburn_GK2_Pod_Kit_Interactive_Vaping.jpg 831w, https:\/\/justvape.nu\/wp-content\/uploads\/2022\/07\/Uwell_Caliburn_GK2_Pod_Kit_Interactive_Vaping-300x142.jpg 300w, https:\/\/justvape.nu\/wp-content\/uploads\/2022\/07\/Uwell_Caliburn_GK2_Pod_Kit_Interactive_Vaping-768x363.jpg 768w, https:\/\/justvape.nu\/wp-content\/uploads\/2022\/07\/Uwell_Caliburn_GK2_Pod_Kit_Interactive_Vaping-600x284.jpg 600w, https:\/\/justvape.nu\/wp-content\/uploads\/2022\/07\/Uwell_Caliburn_GK2_Pod_Kit_Interactive_Vaping-64x30.jpg 64w\" sizes=\"auto, (max-width: 831px) 100vw, 831px\" \/> <img loading=\"lazy\" decoding=\"async\" class=\"alignnone size-full wp-image-446475\" src=\"https:\/\/justvape.nu\/wp-content\/uploads\/2022\/07\/Uwell_Caliburn_GK2_Pod_Kit_Dazzling_Design.jpg\" alt=\"\" width=\"831\" height=\"538\" title=\"\" srcset=\"https:\/\/justvape.nu\/wp-content\/uploads\/2022\/07\/Uwell_Caliburn_GK2_Pod_Kit_Dazzling_Design.jpg 831w, https:\/\/justvape.nu\/wp-content\/uploads\/2022\/07\/Uwell_Caliburn_GK2_Pod_Kit_Dazzling_Design-300x194.jpg 300w, https:\/\/justvape.nu\/wp-content\/uploads\/2022\/07\/Uwell_Caliburn_GK2_Pod_Kit_Dazzling_Design-768x497.jpg 768w, https:\/\/justvape.nu\/wp-content\/uploads\/2022\/07\/Uwell_Caliburn_GK2_Pod_Kit_Dazzling_Design-600x388.jpg 600w, https:\/\/justvape.nu\/wp-content\/uploads\/2022\/07\/Uwell_Caliburn_GK2_Pod_Kit_Dazzling_Design-64x41.jpg 64w\" sizes=\"auto, (max-width: 831px) 100vw, 831px\" \/> <img loading=\"lazy\" decoding=\"async\" class=\"alignnone size-full wp-image-446485\" src=\"https:\/\/justvape.nu\/wp-content\/uploads\/2022\/07\/Uwell_Caliburn_GK2_Pod_Kit_Short_Description.jpg\" alt=\"\" width=\"831\" height=\"399\" title=\"\" srcset=\"https:\/\/justvape.nu\/wp-content\/uploads\/2022\/07\/Uwell_Caliburn_GK2_Pod_Kit_Short_Description.jpg 831w, https:\/\/justvape.nu\/wp-content\/uploads\/2022\/07\/Uwell_Caliburn_GK2_Pod_Kit_Short_Description-300x144.jpg 300w, https:\/\/justvape.nu\/wp-content\/uploads\/2022\/07\/Uwell_Caliburn_GK2_Pod_Kit_Short_Description-768x369.jpg 768w, https:\/\/justvape.nu\/wp-content\/uploads\/2022\/07\/Uwell_Caliburn_GK2_Pod_Kit_Short_Description-600x288.jpg 600w, https:\/\/justvape.nu\/wp-content\/uploads\/2022\/07\/Uwell_Caliburn_GK2_Pod_Kit_Short_Description-64x31.jpg 64w\" sizes=\"auto, (max-width: 831px) 100vw, 831px\" \/> <img loading=\"lazy\" decoding=\"async\" class=\"alignnone size-full wp-image-446495\" src=\"https:\/\/justvape.nu\/wp-content\/uploads\/2022\/07\/Uwell_Caliburn_GK2_Pod_Kit_Parts.jpg\" alt=\"\" width=\"831\" height=\"412\" title=\"\" srcset=\"https:\/\/justvape.nu\/wp-content\/uploads\/2022\/07\/Uwell_Caliburn_GK2_Pod_Kit_Parts.jpg 831w, https:\/\/justvape.nu\/wp-content\/uploads\/2022\/07\/Uwell_Caliburn_GK2_Pod_Kit_Parts-300x149.jpg 300w, https:\/\/justvape.nu\/wp-content\/uploads\/2022\/07\/Uwell_Caliburn_GK2_Pod_Kit_Parts-768x381.jpg 768w, https:\/\/justvape.nu\/wp-content\/uploads\/2022\/07\/Uwell_Caliburn_GK2_Pod_Kit_Parts-600x297.jpg 600w, https:\/\/justvape.nu\/wp-content\/uploads\/2022\/07\/Uwell_Caliburn_GK2_Pod_Kit_Parts-64x32.jpg 64w\" sizes=\"auto, (max-width: 831px) 100vw, 831px\" \/><\/p>\n<div class=\"shop-features \">\n<h2 class=\"shop-features-title \">PAKET INNEH\u00c5LL<\/h2>\n<\/div>\n<p><strong class=\"description-little-title \">Paketet Caliburn GK2 Pod Kit levereras med:<\/strong><\/p>\n<p>1* Uwell Caliburn GK2 Pod System Kit<br \/>\n1* UN2 Meshed-H 1.2\u03a9 Caliburn G2 Coil (f\u00f6rinstallerad)<br \/>\n1* UN2 Meshed-H 0.8\u03a9 Caliburn G Coil (reserv)<br \/>\n1 * Type-C laddningskabel<br \/>\n1 * Nyckelband<br \/>\n1 * Anv\u00e4ndarmanual<\/p>\n<p class=\"description-img-center \"><img loading=\"lazy\" decoding=\"async\" class=\"alignnone size-full wp-image-446374\" src=\"https:\/\/justvape.nu\/wp-content\/uploads\/2022\/07\/Uwell_Caliburn_GK2_Pod_Kit_Package.jpg\" alt=\"\" width=\"831\" height=\"402\" title=\"\" srcset=\"https:\/\/justvape.nu\/wp-content\/uploads\/2022\/07\/Uwell_Caliburn_GK2_Pod_Kit_Package.jpg 831w, https:\/\/justvape.nu\/wp-content\/uploads\/2022\/07\/Uwell_Caliburn_GK2_Pod_Kit_Package-300x145.jpg 300w, https:\/\/justvape.nu\/wp-content\/uploads\/2022\/07\/Uwell_Caliburn_GK2_Pod_Kit_Package-768x372.jpg 768w, https:\/\/justvape.nu\/wp-content\/uploads\/2022\/07\/Uwell_Caliburn_GK2_Pod_Kit_Package-600x290.jpg 600w, https:\/\/justvape.nu\/wp-content\/uploads\/2022\/07\/Uwell_Caliburn_GK2_Pod_Kit_Package-64x31.jpg 64w\" sizes=\"auto, (max-width: 831px) 100vw, 831px\" \/><\/p>\n<p>&nbsp;<\/p>\n<p>&nbsp;<\/p>\n","protected":false},"excerpt":{"rendered":"<p>UWELL &#8211; CALIBURN GK2 VAPE KIT<\/p>\n","protected":false},"featured_media":446514,"comment_status":"open","ping_status":"closed","template":"","meta":{"_acf_changed":false,"_uag_custom_page_level_css":"","site-sidebar-layout":"default","site-content-layout":"default","ast-site-content-layout":"default","site-content-style":"default","site-sidebar-style":"default","ast-global-header-display":"","ast-banner-title-visibility":"","ast-main-header-display":"","ast-hfb-above-header-display":"","ast-hfb-below-header-display":"","ast-hfb-mobile-header-display":"","site-post-title":"","ast-breadcrumbs-content":"","ast-featured-img":"","footer-sml-layout":"","ast-disable-related-posts":"","theme-transparent-header-meta":"default","adv-header-id-meta":"","stick-header-meta":"default","header-above-stick-meta":"","header-main-stick-meta":"","header-below-stick-meta":"","astra-migrate-meta-layouts":"default","ast-page-background-enabled":"default","ast-page-background-meta":{"desktop":{"background-color":"","background-image":"","background-repeat":"repeat","background-position":"center center","background-size":"auto","background-attachment":"scroll","background-type":"","background-media":"","overlay-type":"","overlay-color":"","overlay-opacity":"","overlay-gradient":""},"tablet":{"background-color":"","background-image":"","background-repeat":"repeat","background-position":"center center","background-size":"auto","background-attachment":"scroll","background-type":"","background-media":"","overlay-type":"","overlay-color":"","overlay-opacity":"","overlay-gradient":""},"mobile":{"background-color":"","background-image":"","background-repeat":"repeat","background-position":"center center","background-size":"auto","background-attachment":"scroll","background-type":"","background-media":"","overlay-type":"","overlay-color":"","overlay-opacity":"","overlay-gradient":""}},"ast-content-background-meta":{"desktop":{"background-color":"var(--ast-global-color-5)","background-image":"","background-repeat":"repeat","background-position":"center center","background-size":"auto","background-attachment":"scroll","background-type":"","background-media":"","overlay-type":"","overlay-color":"","overlay-opacity":"","overlay-gradient":""},"tablet":{"background-color":"var(--ast-global-color-5)","background-image":"","background-repeat":"repeat","background-position":"center center","background-size":"auto","background-attachment":"scroll","background-type":"","background-media":"","overlay-type":"","overlay-color":"","overlay-opacity":"","overlay-gradient":""},"mobile":{"background-color":"var(--ast-global-color-5)","background-image":"","background-repeat":"repeat","background-position":"center center","background-size":"auto","background-attachment":"scroll","background-type":"","background-media":"","overlay-type":"","overlay-color":"","overlay-opacity":"","overlay-gradient":""}}},"product_brand":[],"product_cat":[2074,4695,2532,2084,2533,3436],"product_tag":[],"class_list":{"0":"post-446555","1":"product","2":"type-product","3":"status-publish","4":"has-post-thumbnail","6":"product_cat-e-cigaretter-sv","7":"product_cat-featured-e-cigarettes-sv","8":"product_cat-hardware-sv","9":"product_cat-nyborjarsatser-pods","10":"product_cat-shop-by-brand-sv","11":"product_cat-uwell-sv","12":"desktop-align-center","13":"tablet-align-center","14":"mobile-align-center","15":"ast-product-gallery-layout-horizontal-slider","16":"ast-product-gallery-with-no-image","17":"ast-product-single-variable","18":"ast-product-tabs-layout-horizontal","20":"first","21":"instock","22":"sale","23":"taxable","24":"shipping-taxable","25":"purchasable","26":"product-type-variable"},"acf":[],"uagb_featured_image_src":{"full":["https:\/\/justvape.nu\/wp-content\/uploads\/2022\/07\/Uwell-Caliburn-GK2-elektromos-cigaretta-pod-cimkep.jpg",800,800,false],"thumbnail":["https:\/\/justvape.nu\/wp-content\/uploads\/2022\/07\/Uwell-Caliburn-GK2-elektromos-cigaretta-pod-cimkep-150x150.jpg",150,150,true],"medium":["https:\/\/justvape.nu\/wp-content\/uploads\/2022\/07\/Uwell-Caliburn-GK2-elektromos-cigaretta-pod-cimkep-300x300.jpg",300,300,true],"medium_large":["https:\/\/justvape.nu\/wp-content\/uploads\/2022\/07\/Uwell-Caliburn-GK2-elektromos-cigaretta-pod-cimkep-768x768.jpg",768,768,true],"large":["https:\/\/justvape.nu\/wp-content\/uploads\/2022\/07\/Uwell-Caliburn-GK2-elektromos-cigaretta-pod-cimkep.jpg",800,800,false],"1536x1536":["https:\/\/justvape.nu\/wp-content\/uploads\/2022\/07\/Uwell-Caliburn-GK2-elektromos-cigaretta-pod-cimkep.jpg",800,800,false],"2048x2048":["https:\/\/justvape.nu\/wp-content\/uploads\/2022\/07\/Uwell-Caliburn-GK2-elektromos-cigaretta-pod-cimkep.jpg",800,800,false],"woocommerce_thumbnail":["https:\/\/justvape.nu\/wp-content\/uploads\/2022\/07\/Uwell-Caliburn-GK2-elektromos-cigaretta-pod-cimkep-300x300.jpg",300,300,true],"woocommerce_single":["https:\/\/justvape.nu\/wp-content\/uploads\/2022\/07\/Uwell-Caliburn-GK2-elektromos-cigaretta-pod-cimkep-600x600.jpg",600,600,true],"woocommerce_gallery_thumbnail":["https:\/\/justvape.nu\/wp-content\/uploads\/2022\/07\/Uwell-Caliburn-GK2-elektromos-cigaretta-pod-cimkep-100x100.jpg",100,100,true],"dgwt-wcas-product-suggestion":["https:\/\/justvape.nu\/wp-content\/uploads\/2022\/07\/Uwell-Caliburn-GK2-elektromos-cigaretta-pod-cimkep-64x64.jpg",64,64,true]},"uagb_author_info":{"display_name":"JustVape.nu","author_link":"https:\/\/justvape.nu\/sv\/author\/"},"uagb_comment_info":0,"uagb_excerpt":"UWELL - CALIBURN GK2 VAPE KIT","_links":{"self":[{"href":"https:\/\/justvape.nu\/sv\/wp-json\/wp\/v2\/product\/446555","targetHints":{"allow":["GET"]}}],"collection":[{"href":"https:\/\/justvape.nu\/sv\/wp-json\/wp\/v2\/product"}],"about":[{"href":"https:\/\/justvape.nu\/sv\/wp-json\/wp\/v2\/types\/product"}],"replies":[{"embeddable":true,"href":"https:\/\/justvape.nu\/sv\/wp-json\/wp\/v2\/comments?post=446555"}],"wp:featuredmedia":[{"embeddable":true,"href":"https:\/\/justvape.nu\/sv\/wp-json\/wp\/v2\/media\/446514"}],"wp:attachment":[{"href":"https:\/\/justvape.nu\/sv\/wp-json\/wp\/v2\/media?parent=446555"}],"wp:term":[{"taxonomy":"product_brand","embeddable":true,"href":"https:\/\/justvape.nu\/sv\/wp-json\/wp\/v2\/product_brand?post=446555"},{"taxonomy":"product_cat","embeddable":true,"href":"https:\/\/justvape.nu\/sv\/wp-json\/wp\/v2\/product_cat?post=446555"},{"taxonomy":"product_tag","embeddable":true,"href":"https:\/\/justvape.nu\/sv\/wp-json\/wp\/v2\/product_tag?post=446555"}],"curies":[{"name":"wp","href":"https:\/\/api.w.org\/{rel}","templated":true}]}}