{"id":445242,"date":"2022-06-28T12:32:22","date_gmt":"2022-06-28T10:32:22","guid":{"rendered":"https:\/\/justvape.nu\/produkt\/aspire-flexus-stik-replacement-pod\/"},"modified":"2022-07-18T20:28:33","modified_gmt":"2022-07-18T18:28:33","slug":"aspire-flexus-stik-replacement-pod-2","status":"publish","type":"product","link":"https:\/\/justvape.nu\/sv\/produkt\/aspire-flexus-stik-replacement-pod-2\/","title":{"rendered":"ASPIRE &#8211; FLEXUS STIK REPLACEMENT POD"},"content":{"rendered":"<h2>ASPIRE &#8211; FLEXUS STIK REPLACEMENT POD<\/h2>\n<p>Aspire Flexus Stik Replacement Pod \u00e4r endast avsedd f\u00f6r anv\u00e4ndning med Aspire Flexus Stik Pod-enheten. Denna pod har ett installationssystem f\u00f6r presspassade spolar och en silikonpropp f\u00f6r sidofyllning &#8211; detta \u00e4r bara tv\u00e5 av de m\u00e5nga funktioner som g\u00f6r denna pod l\u00e4tt att anv\u00e4nda och bekv\u00e4m f\u00f6r r\u00f6kning p\u00e5 spr\u00e5ng.<\/p>\n<table class=\"description-table\">\n<tbody>\n<tr>\n<td class=\"strong-title \">varum\u00e4rke<\/td>\n<td class=\"inline\">Aspire<\/td>\n<\/tr>\n<tr>\n<td class=\"strong-title \">produktnamn<\/td>\n<td class=\"inline\">Flexus Stik Pod<\/td>\n<\/tr>\n<tr>\n<td class=\"strong-title \">Material<\/td>\n<td class=\"inline\">PCTG<\/td>\n<\/tr>\n<tr>\n<td class=\"strong-title \">Kapacitet<\/td>\n<td class=\"inline\">3ml<\/td>\n<\/tr>\n<tr>\n<td class=\"strong-title \">Fyllning<\/td>\n<td class=\"inline\">Bottenfyllning<\/td>\n<\/tr>\n<tr>\n<td class=\"strong-title \">Luftfl\u00f6de<\/td>\n<td class=\"inline\">Justerbart bottenluftfl\u00f6de<\/td>\n<\/tr>\n<tr>\n<td class=\"strong-title \">Passar f\u00f6r<\/td>\n<td class=\"inline\">Aspire Flexus Stik Kit, AF Mesh 0.6\u03a9\/1.0\u03a9 Coil och AF 0.6\u03a9 Coil<\/td>\n<\/tr>\n<tr>\n<td class=\"strong-title \">Kvantitet<\/td>\n<td class=\"inline\">1 st\/f\u00f6rpackning<\/td>\n<\/tr>\n<\/tbody>\n<\/table>\n<p><strong>Paket inneh\u00e5ll:<\/strong><br \/>\n1 x Aspire Flexus Stik ers\u00e4ttningskapsel<\/p>\n","protected":false},"excerpt":{"rendered":"<p>ASPIRE &#8211; FLEXUS STIK REPLACEMENT POD<\/p>\n","protected":false},"featured_media":444818,"comment_status":"open","ping_status":"closed","template":"","meta":{"_acf_changed":false,"_uag_custom_page_level_css":"","site-sidebar-layout":"default","site-content-layout":"default","ast-site-content-layout":"default","site-content-style":"default","site-sidebar-style":"default","ast-global-header-display":"","ast-banner-title-visibility":"","ast-main-header-display":"","ast-hfb-above-header-display":"","ast-hfb-below-header-display":"","ast-hfb-mobile-header-display":"","site-post-title":"","ast-breadcrumbs-content":"","ast-featured-img":"","footer-sml-layout":"","ast-disable-related-posts":"","theme-transparent-header-meta":"default","adv-header-id-meta":"","stick-header-meta":"default","header-above-stick-meta":"","header-main-stick-meta":"","header-below-stick-meta":"","astra-migrate-meta-layouts":"default","ast-page-background-enabled":"default","ast-page-background-meta":{"desktop":{"background-color":"","background-image":"","background-repeat":"repeat","background-position":"center center","background-size":"auto","background-attachment":"scroll","background-type":"","background-media":"","overlay-type":"","overlay-color":"","overlay-opacity":"","overlay-gradient":""},"tablet":{"background-color":"","background-image":"","background-repeat":"repeat","background-position":"center center","background-size":"auto","background-attachment":"scroll","background-type":"","background-media":"","overlay-type":"","overlay-color":"","overlay-opacity":"","overlay-gradient":""},"mobile":{"background-color":"","background-image":"","background-repeat":"repeat","background-position":"center center","background-size":"auto","background-attachment":"scroll","background-type":"","background-media":"","overlay-type":"","overlay-color":"","overlay-opacity":"","overlay-gradient":""}},"ast-content-background-meta":{"desktop":{"background-color":"var(--ast-global-color-5)","background-image":"","background-repeat":"repeat","background-position":"center center","background-size":"auto","background-attachment":"scroll","background-type":"","background-media":"","overlay-type":"","overlay-color":"","overlay-opacity":"","overlay-gradient":""},"tablet":{"background-color":"var(--ast-global-color-5)","background-image":"","background-repeat":"repeat","background-position":"center center","background-size":"auto","background-attachment":"scroll","background-type":"","background-media":"","overlay-type":"","overlay-color":"","overlay-opacity":"","overlay-gradient":""},"mobile":{"background-color":"var(--ast-global-color-5)","background-image":"","background-repeat":"repeat","background-position":"center center","background-size":"auto","background-attachment":"scroll","background-type":"","background-media":"","overlay-type":"","overlay-color":"","overlay-opacity":"","overlay-gradient":""}}},"product_brand":[],"product_cat":[2064,1984],"product_tag":[],"class_list":{"0":"post-445242","1":"product","2":"type-product","3":"status-publish","4":"has-post-thumbnail","6":"product_cat-spolar-pods","7":"product_cat-tankar-spolar","8":"desktop-align-center","9":"tablet-align-center","10":"mobile-align-center","11":"ast-product-gallery-layout-horizontal-slider","12":"ast-product-gallery-with-no-image","13":"ast-product-tabs-layout-horizontal","15":"first","16":"instock","17":"sale","18":"taxable","19":"shipping-taxable","20":"purchasable","21":"product-type-simple"},"acf":[],"uagb_featured_image_src":{"full":["https:\/\/justvape.nu\/wp-content\/uploads\/2022\/06\/0005502_aspire-flexus-stick-replacement-pod-3ml_600.png",600,600,false],"thumbnail":["https:\/\/justvape.nu\/wp-content\/uploads\/2022\/06\/0005502_aspire-flexus-stick-replacement-pod-3ml_600-150x150.png",150,150,true],"medium":["https:\/\/justvape.nu\/wp-content\/uploads\/2022\/06\/0005502_aspire-flexus-stick-replacement-pod-3ml_600-300x300.png",300,300,true],"medium_large":["https:\/\/justvape.nu\/wp-content\/uploads\/2022\/06\/0005502_aspire-flexus-stick-replacement-pod-3ml_600.png",600,600,false],"large":["https:\/\/justvape.nu\/wp-content\/uploads\/2022\/06\/0005502_aspire-flexus-stick-replacement-pod-3ml_600.png",600,600,false],"1536x1536":["https:\/\/justvape.nu\/wp-content\/uploads\/2022\/06\/0005502_aspire-flexus-stick-replacement-pod-3ml_600.png",600,600,false],"2048x2048":["https:\/\/justvape.nu\/wp-content\/uploads\/2022\/06\/0005502_aspire-flexus-stick-replacement-pod-3ml_600.png",600,600,false],"woocommerce_thumbnail":["https:\/\/justvape.nu\/wp-content\/uploads\/2022\/06\/0005502_aspire-flexus-stick-replacement-pod-3ml_600-300x300.png",300,300,true],"woocommerce_single":["https:\/\/justvape.nu\/wp-content\/uploads\/2022\/06\/0005502_aspire-flexus-stick-replacement-pod-3ml_600.png",600,600,false],"woocommerce_gallery_thumbnail":["https:\/\/justvape.nu\/wp-content\/uploads\/2022\/06\/0005502_aspire-flexus-stick-replacement-pod-3ml_600-100x100.png",100,100,true],"dgwt-wcas-product-suggestion":["https:\/\/justvape.nu\/wp-content\/uploads\/2022\/06\/0005502_aspire-flexus-stick-replacement-pod-3ml_600-64x64.png",64,64,true]},"uagb_author_info":{"display_name":"JustVape.nu","author_link":"https:\/\/justvape.nu\/sv\/author\/"},"uagb_comment_info":0,"uagb_excerpt":"ASPIRE - FLEXUS STIK REPLACEMENT POD","_links":{"self":[{"href":"https:\/\/justvape.nu\/sv\/wp-json\/wp\/v2\/product\/445242","targetHints":{"allow":["GET"]}}],"collection":[{"href":"https:\/\/justvape.nu\/sv\/wp-json\/wp\/v2\/product"}],"about":[{"href":"https:\/\/justvape.nu\/sv\/wp-json\/wp\/v2\/types\/product"}],"replies":[{"embeddable":true,"href":"https:\/\/justvape.nu\/sv\/wp-json\/wp\/v2\/comments?post=445242"}],"wp:featuredmedia":[{"embeddable":true,"href":"https:\/\/justvape.nu\/sv\/wp-json\/wp\/v2\/media\/444818"}],"wp:attachment":[{"href":"https:\/\/justvape.nu\/sv\/wp-json\/wp\/v2\/media?parent=445242"}],"wp:term":[{"taxonomy":"product_brand","embeddable":true,"href":"https:\/\/justvape.nu\/sv\/wp-json\/wp\/v2\/product_brand?post=445242"},{"taxonomy":"product_cat","embeddable":true,"href":"https:\/\/justvape.nu\/sv\/wp-json\/wp\/v2\/product_cat?post=445242"},{"taxonomy":"product_tag","embeddable":true,"href":"https:\/\/justvape.nu\/sv\/wp-json\/wp\/v2\/product_tag?post=445242"}],"curies":[{"name":"wp","href":"https:\/\/api.w.org\/{rel}","templated":true}]}}