{"id":445226,"date":"2022-06-27T23:35:26","date_gmt":"2022-06-27T21:35:26","guid":{"rendered":"https:\/\/justvape.nu\/produkt\/voopoo-argus-pod-kit\/"},"modified":"2024-02-05T11:16:07","modified_gmt":"2024-02-05T10:16:07","slug":"voopoo-argus-pod-kit-2","status":"publish","type":"product","link":"https:\/\/justvape.nu\/sv\/produkt\/voopoo-argus-pod-kit-2\/","title":{"rendered":"VOOPOO &#8211; ARGUS POD KIT"},"content":{"rendered":"<h2>VOOPOO &#8211; ARGUS POD KIT<\/h2>\n<p>Argus Pods raffinerade zinklegering och l\u00e4dermaterial ger en bekv\u00e4m och ergonomisk handk\u00e4nsla samtidigt som den \u00e4r kompakt och h\u00e5llbar, perfekt f\u00f6r daglig anv\u00e4ndning. Voopoo har \u00e5terg\u00e5tt till ritbordet med den utbytbara kapseln med det nyformade munstycket som \u00e4r utformat f\u00f6r att passa perfekt p\u00e5 dina l\u00e4ppar f\u00f6r en \u00e4nnu b\u00e4ttre f\u00f6rbr\u00e4nningsupplevelse.<\/p>\n<p>Efter tusentals tester har VooPoo exakt utformat det mest l\u00e4mpliga luftfl\u00f6det. Luftintaget med 4 h\u00e5l \u00f6kar luftfl\u00f6det och luftfl\u00f6desbuffertrummet garanterar en j\u00e4mn och konsekvent vape och smak genomg\u00e5ende. Argus Pod drivs av GENE.AI 1.2-chipsetet som exakt ger en effekt p\u00e5 20w samtidigt som den registrerar och tillhandah\u00e5ller all n\u00f6dv\u00e4ndig data p\u00e5 den 0,69-tums OLED-sk\u00e4rmen, t.ex. batterikapacitet i realtid, puffar, f\u00f6rbr\u00e4nningstid, spolmotst\u00e5nd och watt.<\/p>\n<p>Argus-poddarna har en stark magnetisk anslutning f\u00f6r att s\u00e4kerst\u00e4lla perfekt anslutning hela tiden samtidigt som det \u00e4r l\u00e4tt att ta bort och s\u00e4tta in podden fr\u00e5n enheten.Till skillnad fr\u00e5n m\u00e5nga enheter p\u00e5 marknaden idag har VooPoo skapat en f\u00f6renklad full view-patron som g\u00f6r det l\u00e4ttare att se v\u00e4tskeniv\u00e5n utan att beh\u00f6va ta bort podden n\u00e4r v\u00e4tskan \u00e4r l\u00e5g, ta bara bort podden, v\u00e4nd upp och ner p\u00e5 den och fyll p\u00e5 via sidofyllningsspj\u00e4llet.<\/p>\n<p><img loading=\"lazy\" decoding=\"async\" class=\"alignnone size-full wp-image-383695\" src=\"https:\/\/justvape.nu\/wp-content\/uploads\/2021\/05\/Color-Scheme.png\" alt=\"\" width=\"950\" height=\"64\" title=\"\" srcset=\"https:\/\/justvape.nu\/wp-content\/uploads\/2021\/05\/Color-Scheme.png 950w, https:\/\/justvape.nu\/wp-content\/uploads\/2021\/05\/Color-Scheme-600x40.png 600w, https:\/\/justvape.nu\/wp-content\/uploads\/2021\/05\/Color-Scheme-64x4.png 64w, https:\/\/justvape.nu\/wp-content\/uploads\/2021\/05\/Color-Scheme-300x20.png 300w, https:\/\/justvape.nu\/wp-content\/uploads\/2021\/05\/Color-Scheme-768x52.png 768w\" sizes=\"auto, (max-width: 950px) 100vw, 950px\" \/><\/p>\n<p class=\"description-img-center\"><img loading=\"lazy\" decoding=\"async\" class=\"alignnone size-full wp-image-444722\" src=\"https:\/\/justvape.nu\/wp-content\/uploads\/2022\/06\/VOOPOO_Argus_Pod_Kit_Colors.jpg\" alt=\"\" width=\"831\" height=\"323\" title=\"\" srcset=\"https:\/\/justvape.nu\/wp-content\/uploads\/2022\/06\/VOOPOO_Argus_Pod_Kit_Colors.jpg 831w, https:\/\/justvape.nu\/wp-content\/uploads\/2022\/06\/VOOPOO_Argus_Pod_Kit_Colors-300x117.jpg 300w, https:\/\/justvape.nu\/wp-content\/uploads\/2022\/06\/VOOPOO_Argus_Pod_Kit_Colors-768x299.jpg 768w, https:\/\/justvape.nu\/wp-content\/uploads\/2022\/06\/VOOPOO_Argus_Pod_Kit_Colors-600x233.jpg 600w, https:\/\/justvape.nu\/wp-content\/uploads\/2022\/06\/VOOPOO_Argus_Pod_Kit_Colors-64x25.jpg 64w\" sizes=\"auto, (max-width: 831px) 100vw, 831px\" \/><\/p>\n<div class=\"shop-features \">\n<h2 class=\"shop-features-title \"><img loading=\"lazy\" decoding=\"async\" class=\"alignnone size-full wp-image-390997\" src=\"https:\/\/justvape.nu\/wp-content\/uploads\/2021\/06\/Specifications1.png\" alt=\"\" width=\"950\" height=\"64\" title=\"\" srcset=\"https:\/\/justvape.nu\/wp-content\/uploads\/2021\/06\/Specifications1.png 950w, https:\/\/justvape.nu\/wp-content\/uploads\/2021\/06\/Specifications1-600x40.png 600w, https:\/\/justvape.nu\/wp-content\/uploads\/2021\/06\/Specifications1-64x4.png 64w, https:\/\/justvape.nu\/wp-content\/uploads\/2021\/06\/Specifications1-300x20.png 300w, https:\/\/justvape.nu\/wp-content\/uploads\/2021\/06\/Specifications1-768x52.png 768w\" sizes=\"auto, (max-width: 950px) 100vw, 950px\" \/><\/h2>\n<\/div>\n<p><strong class=\"description-little-title\">VOOPOO Argus Pod Parametrar:<\/strong><\/p>\n<table class=\"description-table\">\n<tbody>\n<tr>\n<td class=\"strong-title \">varum\u00e4rke<\/td>\n<td class=\"inline\">VOOPOO<\/td>\n<\/tr>\n<tr>\n<td class=\"strong-title \">produktnamn<\/td>\n<td class=\"inline\">Argus Pod Kit<\/td>\n<\/tr>\n<tr>\n<td class=\"strong-title \">Kapacitet kapacitet<\/td>\n<td class=\"inline\">2.0ml<\/td>\n<\/tr>\n<tr>\n<td class=\"strong-title \">Pod Material<\/td>\n<td class=\"inline\">PCTG<\/td>\n<\/tr>\n<tr>\n<td class=\"strong-title \">Pod motst\u00e5nd<\/td>\n<td class=\"inline\">0,7ohm\/1,2ohm<\/td>\n<\/tr>\n<tr>\n<td class=\"strong-title \">Rekommenderad e-v\u00e4tska<\/td>\n<td class=\"inline\">Nikotin\u226450mg<\/td>\n<\/tr>\n<tr>\n<td class=\"strong-title \">Material f\u00f6r anordningen<\/td>\n<td class=\"inline\">Zinklegering + l\u00e4der\/PC<\/td>\n<\/tr>\n<tr>\n<td class=\"strong-title \">Uteffekt<\/td>\n<td class=\"inline\">5-20W<\/td>\n<\/tr>\n<tr>\n<td class=\"strong-title \">Utsp\u00e4nning<\/td>\n<td class=\"inline\">3,2V-4,2V<\/td>\n<\/tr>\n<tr>\n<td class=\"strong-title \">Enhetens motst\u00e5nd<\/td>\n<td class=\"inline\">0,5-3,0ohm<\/td>\n<\/tr>\n<tr>\n<td class=\"strong-title \">Batterikapacitet<\/td>\n<td class=\"inline\">800mAh inbyggt batteri<\/td>\n<\/tr>\n<tr>\n<td class=\"strong-title \">Sk\u00e4rm<\/td>\n<td class=\"inline\">0,69 tums OLED-sk\u00e4rm<\/td>\n<\/tr>\n<tr>\n<td class=\"strong-title \">F\u00e4rg<\/td>\n<td class=\"inline\">Kolfiber, svart, gr\u00e5tt, brunt, r\u00f6tt, himmelsbl\u00e5tt, svart, gr\u00e5tt, brunt, r\u00f6tt<\/td>\n<\/tr>\n<\/tbody>\n<\/table>\n<p><img loading=\"lazy\" decoding=\"async\" class=\"alignnone size-full wp-image-229154\" src=\"https:\/\/justvape.nu\/wp-content\/uploads\/2018\/04\/Packing-List.png\" alt=\"\" width=\"950\" height=\"64\" title=\"\" srcset=\"https:\/\/justvape.nu\/wp-content\/uploads\/2018\/04\/Packing-List.png 950w, https:\/\/justvape.nu\/wp-content\/uploads\/2018\/04\/Packing-List-600x40.png 600w, https:\/\/justvape.nu\/wp-content\/uploads\/2018\/04\/Packing-List-64x4.png 64w, https:\/\/justvape.nu\/wp-content\/uploads\/2018\/04\/Packing-List-300x20.png 300w, https:\/\/justvape.nu\/wp-content\/uploads\/2018\/04\/Packing-List-768x52.png 768w\" sizes=\"auto, (max-width: 950px) 100vw, 950px\" \/><\/p>\n<p>1* Argus Pod-enhet<br \/>\n1* Argus Pod Cartridge 0.7ohm (sidofyllning)<br \/>\n1* Argus Pod Cartridge 1.2ohm (sidofyllning)<br \/>\n1 * Anv\u00e4ndarmanual<br \/>\n1 * Type-C-kabel<\/p>\n","protected":false},"excerpt":{"rendered":"<p>VOOPOO &#8211; ARGUS POD KIT<\/p>\n","protected":false},"featured_media":444741,"comment_status":"open","ping_status":"closed","template":"","meta":{"_acf_changed":false,"_uag_custom_page_level_css":"","site-sidebar-layout":"default","site-content-layout":"default","ast-site-content-layout":"default","site-content-style":"default","site-sidebar-style":"default","ast-global-header-display":"","ast-banner-title-visibility":"","ast-main-header-display":"","ast-hfb-above-header-display":"","ast-hfb-below-header-display":"","ast-hfb-mobile-header-display":"","site-post-title":"","ast-breadcrumbs-content":"","ast-featured-img":"","footer-sml-layout":"","ast-disable-related-posts":"","theme-transparent-header-meta":"default","adv-header-id-meta":"","stick-header-meta":"default","header-above-stick-meta":"","header-main-stick-meta":"","header-below-stick-meta":"","astra-migrate-meta-layouts":"default","ast-page-background-enabled":"default","ast-page-background-meta":{"desktop":{"background-color":"","background-image":"","background-repeat":"repeat","background-position":"center center","background-size":"auto","background-attachment":"scroll","background-type":"","background-media":"","overlay-type":"","overlay-color":"","overlay-opacity":"","overlay-gradient":""},"tablet":{"background-color":"","background-image":"","background-repeat":"repeat","background-position":"center center","background-size":"auto","background-attachment":"scroll","background-type":"","background-media":"","overlay-type":"","overlay-color":"","overlay-opacity":"","overlay-gradient":""},"mobile":{"background-color":"","background-image":"","background-repeat":"repeat","background-position":"center center","background-size":"auto","background-attachment":"scroll","background-type":"","background-media":"","overlay-type":"","overlay-color":"","overlay-opacity":"","overlay-gradient":""}},"ast-content-background-meta":{"desktop":{"background-color":"var(--ast-global-color-5)","background-image":"","background-repeat":"repeat","background-position":"center center","background-size":"auto","background-attachment":"scroll","background-type":"","background-media":"","overlay-type":"","overlay-color":"","overlay-opacity":"","overlay-gradient":""},"tablet":{"background-color":"var(--ast-global-color-5)","background-image":"","background-repeat":"repeat","background-position":"center center","background-size":"auto","background-attachment":"scroll","background-type":"","background-media":"","overlay-type":"","overlay-color":"","overlay-opacity":"","overlay-gradient":""},"mobile":{"background-color":"var(--ast-global-color-5)","background-image":"","background-repeat":"repeat","background-position":"center center","background-size":"auto","background-attachment":"scroll","background-type":"","background-media":"","overlay-type":"","overlay-color":"","overlay-opacity":"","overlay-gradient":""}}},"product_brand":[],"product_cat":[2074,2532,2084,2533,2534],"product_tag":[],"class_list":{"0":"post-445226","1":"product","2":"type-product","3":"status-publish","4":"has-post-thumbnail","6":"product_cat-e-cigaretter-sv","7":"product_cat-hardware-sv","8":"product_cat-nyborjarsatser-pods","9":"product_cat-shop-by-brand-sv","10":"product_cat-voopoo-sv","11":"desktop-align-center","12":"tablet-align-center","13":"mobile-align-center","14":"ast-product-gallery-layout-horizontal-slider","15":"ast-product-gallery-with-no-image","16":"ast-product-single-variable","17":"ast-product-tabs-layout-horizontal","19":"first","20":"instock","21":"sale","22":"taxable","23":"shipping-taxable","24":"purchasable","25":"product-type-variable"},"acf":[],"uagb_featured_image_src":{"full":["https:\/\/justvape.nu\/wp-content\/uploads\/2022\/06\/voopoo-argus-pod-colours.jpg",700,700,false],"thumbnail":["https:\/\/justvape.nu\/wp-content\/uploads\/2022\/06\/voopoo-argus-pod-colours-150x150.jpg",150,150,true],"medium":["https:\/\/justvape.nu\/wp-content\/uploads\/2022\/06\/voopoo-argus-pod-colours-300x300.jpg",300,300,true],"medium_large":["https:\/\/justvape.nu\/wp-content\/uploads\/2022\/06\/voopoo-argus-pod-colours.jpg",700,700,false],"large":["https:\/\/justvape.nu\/wp-content\/uploads\/2022\/06\/voopoo-argus-pod-colours.jpg",700,700,false],"1536x1536":["https:\/\/justvape.nu\/wp-content\/uploads\/2022\/06\/voopoo-argus-pod-colours.jpg",700,700,false],"2048x2048":["https:\/\/justvape.nu\/wp-content\/uploads\/2022\/06\/voopoo-argus-pod-colours.jpg",700,700,false],"woocommerce_thumbnail":["https:\/\/justvape.nu\/wp-content\/uploads\/2022\/06\/voopoo-argus-pod-colours-300x300.jpg",300,300,true],"woocommerce_single":["https:\/\/justvape.nu\/wp-content\/uploads\/2022\/06\/voopoo-argus-pod-colours-600x600.jpg",600,600,true],"woocommerce_gallery_thumbnail":["https:\/\/justvape.nu\/wp-content\/uploads\/2022\/06\/voopoo-argus-pod-colours-100x100.jpg",100,100,true],"dgwt-wcas-product-suggestion":["https:\/\/justvape.nu\/wp-content\/uploads\/2022\/06\/voopoo-argus-pod-colours-64x64.jpg",64,64,true]},"uagb_author_info":{"display_name":"JustVape.nu","author_link":"https:\/\/justvape.nu\/sv\/author\/"},"uagb_comment_info":0,"uagb_excerpt":"VOOPOO - ARGUS POD KIT","_links":{"self":[{"href":"https:\/\/justvape.nu\/sv\/wp-json\/wp\/v2\/product\/445226","targetHints":{"allow":["GET"]}}],"collection":[{"href":"https:\/\/justvape.nu\/sv\/wp-json\/wp\/v2\/product"}],"about":[{"href":"https:\/\/justvape.nu\/sv\/wp-json\/wp\/v2\/types\/product"}],"replies":[{"embeddable":true,"href":"https:\/\/justvape.nu\/sv\/wp-json\/wp\/v2\/comments?post=445226"}],"wp:featuredmedia":[{"embeddable":true,"href":"https:\/\/justvape.nu\/sv\/wp-json\/wp\/v2\/media\/444741"}],"wp:attachment":[{"href":"https:\/\/justvape.nu\/sv\/wp-json\/wp\/v2\/media?parent=445226"}],"wp:term":[{"taxonomy":"product_brand","embeddable":true,"href":"https:\/\/justvape.nu\/sv\/wp-json\/wp\/v2\/product_brand?post=445226"},{"taxonomy":"product_cat","embeddable":true,"href":"https:\/\/justvape.nu\/sv\/wp-json\/wp\/v2\/product_cat?post=445226"},{"taxonomy":"product_tag","embeddable":true,"href":"https:\/\/justvape.nu\/sv\/wp-json\/wp\/v2\/product_tag?post=445226"}],"curies":[{"name":"wp","href":"https:\/\/api.w.org\/{rel}","templated":true}]}}