{"id":445072,"date":"2022-06-27T22:58:45","date_gmt":"2022-06-27T20:58:45","guid":{"rendered":"https:\/\/justvape.nu\/produkt\/lost-vape-ursa-baby-pod-kit\/"},"modified":"2024-02-05T11:16:07","modified_gmt":"2024-02-05T10:16:07","slug":"lost-vape-ursa-baby-pod-kit-2","status":"publish","type":"product","link":"https:\/\/justvape.nu\/sv\/produkt\/lost-vape-ursa-baby-pod-kit-2\/","title":{"rendered":"LOST VAPE &#8211; URSA BABY POD KIT"},"content":{"rendered":"<h2>LOST VAPE &#8211; URSA BABY POD KIT<\/h2>\n<p>Ursa Baby podkit anv\u00e4nder Quest-chipset, \u00e4r kompatibelt med Ursa Nano pods och har en modern transparent fasaddesign, samma som Ursa Nano, vilket ger ett perfekt och l\u00f6st MTL-drag. Med den drag-aktiverade och unika luftfl\u00f6desomkopplingsfunktionen \u00e4r det bara att andas in p\u00e5 munstycket f\u00f6r att vape! B\u00e4r den med nyckelbandet runt halsen som ett oumb\u00e4rligt stilfullt f\u00f6rem\u00e5l och k\u00e4nn hur lysande och l\u00e4tt den \u00e4r!<\/p>\n<p>Fascinerad av den tydliga fasaddesignen med \u00e4ven en matchande batterihusdesign kan du se alla inre delar i Ursa Baby-poddsatsen, som ser charmig och mirakul\u00f6s ut. Imponerad av kraften hos den anspr\u00e5ksl\u00f6sa Ursa Baby, l\u00e5ngt bortom vad du f\u00f6rv\u00e4ntar dig, kan du l\u00e4tt smaka p\u00e5 den smak som poppar, den mjuka \u00e5ngan och den restriktiva lunghiten fr\u00e5n den.<\/p>\n<p>Ursa Baby pod kit kommer automatiskt att uppt\u00e4cka spolmotst\u00e5ndet i podden och reglera produktionen beroende p\u00e5 spolmotst\u00e5ndet, luftfl\u00f6det styrs via reglaget som g\u00f6r att du kan finjustera luftfl\u00f6det perfekt efter dina \u00f6nskem\u00e5l f\u00f6r antingen en MTL- eller RDL-vape.<\/p>\n<p><img loading=\"lazy\" decoding=\"async\" class=\"alignnone size-full wp-image-383695\" src=\"https:\/\/justvape.nu\/wp-content\/uploads\/2021\/05\/Color-Scheme.png\" alt=\"\" width=\"950\" height=\"64\" title=\"\" srcset=\"https:\/\/justvape.nu\/wp-content\/uploads\/2021\/05\/Color-Scheme.png 950w, https:\/\/justvape.nu\/wp-content\/uploads\/2021\/05\/Color-Scheme-600x40.png 600w, https:\/\/justvape.nu\/wp-content\/uploads\/2021\/05\/Color-Scheme-64x4.png 64w, https:\/\/justvape.nu\/wp-content\/uploads\/2021\/05\/Color-Scheme-300x20.png 300w, https:\/\/justvape.nu\/wp-content\/uploads\/2021\/05\/Color-Scheme-768x52.png 768w\" sizes=\"auto, (max-width: 950px) 100vw, 950px\" \/><\/p>\n<p><img loading=\"lazy\" decoding=\"async\" class=\"alignnone size-full wp-image-444648\" src=\"https:\/\/justvape.nu\/wp-content\/uploads\/2022\/06\/Lost_Vape_Ursa_Baby_Pod_Kit_Colors.jpg\" alt=\"\" width=\"831\" height=\"213\" title=\"\" srcset=\"https:\/\/justvape.nu\/wp-content\/uploads\/2022\/06\/Lost_Vape_Ursa_Baby_Pod_Kit_Colors.jpg 831w, https:\/\/justvape.nu\/wp-content\/uploads\/2022\/06\/Lost_Vape_Ursa_Baby_Pod_Kit_Colors-300x77.jpg 300w, https:\/\/justvape.nu\/wp-content\/uploads\/2022\/06\/Lost_Vape_Ursa_Baby_Pod_Kit_Colors-768x197.jpg 768w, https:\/\/justvape.nu\/wp-content\/uploads\/2022\/06\/Lost_Vape_Ursa_Baby_Pod_Kit_Colors-600x154.jpg 600w, https:\/\/justvape.nu\/wp-content\/uploads\/2022\/06\/Lost_Vape_Ursa_Baby_Pod_Kit_Colors-64x16.jpg 64w\" sizes=\"auto, (max-width: 831px) 100vw, 831px\" \/><\/p>\n<p><img loading=\"lazy\" decoding=\"async\" class=\"alignnone size-full wp-image-390997\" src=\"https:\/\/justvape.nu\/wp-content\/uploads\/2021\/06\/Specifications1.png\" alt=\"\" width=\"950\" height=\"64\" title=\"\" srcset=\"https:\/\/justvape.nu\/wp-content\/uploads\/2021\/06\/Specifications1.png 950w, https:\/\/justvape.nu\/wp-content\/uploads\/2021\/06\/Specifications1-600x40.png 600w, https:\/\/justvape.nu\/wp-content\/uploads\/2021\/06\/Specifications1-64x4.png 64w, https:\/\/justvape.nu\/wp-content\/uploads\/2021\/06\/Specifications1-300x20.png 300w, https:\/\/justvape.nu\/wp-content\/uploads\/2021\/06\/Specifications1-768x52.png 768w\" sizes=\"auto, (max-width: 950px) 100vw, 950px\" \/><\/p>\n<table class=\"description-table\">\n<tbody>\n<tr>\n<td class=\"strong-title \">varum\u00e4rke<\/td>\n<td class=\"inline\">Lost Vape<\/td>\n<\/tr>\n<tr>\n<td class=\"strong-title \">produktnamn<\/td>\n<td class=\"inline\">Ursa Baby Pod Kit<\/td>\n<\/tr>\n<tr>\n<td class=\"strong-title \">Dimensionera<\/td>\n<td class=\"inline\">47*16*68.5mm<\/td>\n<\/tr>\n<tr>\n<td class=\"strong-title \">Tank kapacitet<\/td>\n<td class=\"inline\">2 ml<\/td>\n<\/tr>\n<tr>\n<td class=\"strong-title \">Batterikapacitet<\/td>\n<td class=\"inline\">800mAh inbyggt batteri<\/td>\n<\/tr>\n<tr>\n<td class=\"strong-title \">Batterivolt<\/td>\n<td class=\"inline\">3.0V-4.2V<\/td>\n<\/tr>\n<tr>\n<td class=\"strong-title \">Effektomr\u00e5de<\/td>\n<td class=\"inline\">9-18W<\/td>\n<\/tr>\n<tr>\n<td class=\"strong-title \">Utg\u00e5ngsstr\u00f6m<\/td>\n<td class=\"inline\">2,5A-5,0A<\/td>\n<\/tr>\n<tr>\n<td class=\"strong-title \">Kroppsmaterial<\/td>\n<td class=\"inline\">Transparent PC<\/td>\n<\/tr>\n<tr>\n<td class=\"strong-title \">F\u00e4rg<\/td>\n<td class=\"inline\">Red Clear, Full Clear, Black Clear, Amber Clear, Blue Clear, Purple Clear<\/td>\n<\/tr>\n<\/tbody>\n<\/table>\n<div class=\"shop-features \">\n<h2 class=\"shop-features-title \"><img loading=\"lazy\" decoding=\"async\" class=\"alignnone size-full wp-image-248459\" src=\"https:\/\/justvape.nu\/wp-content\/uploads\/2018\/05\/Features.png\" alt=\"\" width=\"950\" height=\"64\" title=\"\" srcset=\"https:\/\/justvape.nu\/wp-content\/uploads\/2018\/05\/Features.png 950w, https:\/\/justvape.nu\/wp-content\/uploads\/2018\/05\/Features-600x40.png 600w, https:\/\/justvape.nu\/wp-content\/uploads\/2018\/05\/Features-64x4.png 64w, https:\/\/justvape.nu\/wp-content\/uploads\/2018\/05\/Features-300x20.png 300w, https:\/\/justvape.nu\/wp-content\/uploads\/2018\/05\/Features-768x52.png 768w\" sizes=\"auto, (max-width: 950px) 100vw, 950px\" \/><\/h2>\n<\/div>\n<p><strong class=\"description-little-title\">Ursa Baby Detaljer:<\/strong><\/p>\n<ul>\n<li>1. 800mAh inbyggt batteri<\/li>\n<li>2. 2,5 ml kapacitet, l\u00e4ckages\u00e4ker design<\/li>\n<li>3. Justerbart luftfl\u00f6de<\/li>\n<li>4. Typ-C snabbladdning<\/li>\n<li>5. Kompatibel med Ursa Nano Pod<\/li>\n<li>6. Erbjuder perfekt och l\u00f6st MTL-utdrag<\/li>\n<li>7. Visuellt tilltalande snygg<\/li>\n<li>8. Automatisk detektering av spolmotst\u00e5ndet<\/li>\n<li>9. Max 18W utg\u00e5ng<\/li>\n<li>10. Smart laddningsindikation<\/li>\n<li>11. Ett snyggt nyckelband ing\u00e5r i paketet.<\/li>\n<li>12. Smidig magnetanslutning<\/li>\n<li>13. Flera skydd: Skydd: Flera skydd: kortslutning\/svagt batteri\/\u00f6verhettning\/10S \u00f6vertidsskydd.<\/li>\n<\/ul>\n<p><img loading=\"lazy\" decoding=\"async\" class=\"alignnone size-full wp-image-229154\" src=\"https:\/\/justvape.nu\/wp-content\/uploads\/2018\/04\/Packing-List.png\" alt=\"\" width=\"950\" height=\"64\" title=\"\" srcset=\"https:\/\/justvape.nu\/wp-content\/uploads\/2018\/04\/Packing-List.png 950w, https:\/\/justvape.nu\/wp-content\/uploads\/2018\/04\/Packing-List-600x40.png 600w, https:\/\/justvape.nu\/wp-content\/uploads\/2018\/04\/Packing-List-64x4.png 64w, https:\/\/justvape.nu\/wp-content\/uploads\/2018\/04\/Packing-List-300x20.png 300w, https:\/\/justvape.nu\/wp-content\/uploads\/2018\/04\/Packing-List-768x52.png 768w\" sizes=\"auto, (max-width: 950px) 100vw, 950px\" \/><\/p>\n<p>1* Ursa Baby Pod-enhet<br \/>\n1* 0.8ohm Ursa Nano Pod 2ml<br \/>\n1 * Type-C laddningskabel<br \/>\n1 * Nyckelband<br \/>\n1 * Anv\u00e4ndarmanual<br \/>\n1 * Garantikort<\/p>\n","protected":false},"excerpt":{"rendered":"<p>LOST VAPE &#8211; URSA BABY POD KIT<\/p>\n","protected":false},"featured_media":444667,"comment_status":"open","ping_status":"closed","template":"","meta":{"_acf_changed":false,"_uag_custom_page_level_css":"","site-sidebar-layout":"default","site-content-layout":"default","ast-site-content-layout":"default","site-content-style":"default","site-sidebar-style":"default","ast-global-header-display":"","ast-banner-title-visibility":"","ast-main-header-display":"","ast-hfb-above-header-display":"","ast-hfb-below-header-display":"","ast-hfb-mobile-header-display":"","site-post-title":"","ast-breadcrumbs-content":"","ast-featured-img":"","footer-sml-layout":"","ast-disable-related-posts":"","theme-transparent-header-meta":"default","adv-header-id-meta":"","stick-header-meta":"default","header-above-stick-meta":"","header-main-stick-meta":"","header-below-stick-meta":"","astra-migrate-meta-layouts":"default","ast-page-background-enabled":"default","ast-page-background-meta":{"desktop":{"background-color":"","background-image":"","background-repeat":"repeat","background-position":"center center","background-size":"auto","background-attachment":"scroll","background-type":"","background-media":"","overlay-type":"","overlay-color":"","overlay-opacity":"","overlay-gradient":""},"tablet":{"background-color":"","background-image":"","background-repeat":"repeat","background-position":"center center","background-size":"auto","background-attachment":"scroll","background-type":"","background-media":"","overlay-type":"","overlay-color":"","overlay-opacity":"","overlay-gradient":""},"mobile":{"background-color":"","background-image":"","background-repeat":"repeat","background-position":"center center","background-size":"auto","background-attachment":"scroll","background-type":"","background-media":"","overlay-type":"","overlay-color":"","overlay-opacity":"","overlay-gradient":""}},"ast-content-background-meta":{"desktop":{"background-color":"var(--ast-global-color-5)","background-image":"","background-repeat":"repeat","background-position":"center center","background-size":"auto","background-attachment":"scroll","background-type":"","background-media":"","overlay-type":"","overlay-color":"","overlay-opacity":"","overlay-gradient":""},"tablet":{"background-color":"var(--ast-global-color-5)","background-image":"","background-repeat":"repeat","background-position":"center center","background-size":"auto","background-attachment":"scroll","background-type":"","background-media":"","overlay-type":"","overlay-color":"","overlay-opacity":"","overlay-gradient":""},"mobile":{"background-color":"var(--ast-global-color-5)","background-image":"","background-repeat":"repeat","background-position":"center center","background-size":"auto","background-attachment":"scroll","background-type":"","background-media":"","overlay-type":"","overlay-color":"","overlay-opacity":"","overlay-gradient":""}}},"product_brand":[],"product_cat":[2074,2532,4807,2084,2533],"product_tag":[],"class_list":{"0":"post-445072","1":"product","2":"type-product","3":"status-publish","4":"has-post-thumbnail","6":"product_cat-e-cigaretter-sv","7":"product_cat-hardware-sv","8":"product_cat-lost-vape-sv","9":"product_cat-nyborjarsatser-pods","10":"product_cat-shop-by-brand-sv","11":"desktop-align-center","12":"tablet-align-center","13":"mobile-align-center","14":"ast-product-gallery-layout-horizontal-slider","15":"ast-product-gallery-with-no-image","16":"ast-product-single-variable","17":"ast-product-tabs-layout-horizontal","19":"first","20":"instock","21":"sale","22":"taxable","23":"shipping-taxable","24":"purchasable","25":"product-type-variable"},"acf":[],"uagb_featured_image_src":{"full":["https:\/\/justvape.nu\/wp-content\/uploads\/2022\/06\/Untitled-3-2__13666.webp",500,500,false],"thumbnail":["https:\/\/justvape.nu\/wp-content\/uploads\/2022\/06\/Untitled-3-2__13666-150x150.webp",150,150,true],"medium":["https:\/\/justvape.nu\/wp-content\/uploads\/2022\/06\/Untitled-3-2__13666-300x300.webp",300,300,true],"medium_large":["https:\/\/justvape.nu\/wp-content\/uploads\/2022\/06\/Untitled-3-2__13666.webp",500,500,false],"large":["https:\/\/justvape.nu\/wp-content\/uploads\/2022\/06\/Untitled-3-2__13666.webp",500,500,false],"1536x1536":["https:\/\/justvape.nu\/wp-content\/uploads\/2022\/06\/Untitled-3-2__13666.webp",500,500,false],"2048x2048":["https:\/\/justvape.nu\/wp-content\/uploads\/2022\/06\/Untitled-3-2__13666.webp",500,500,false],"woocommerce_thumbnail":["https:\/\/justvape.nu\/wp-content\/uploads\/2022\/06\/Untitled-3-2__13666-300x300.webp",300,300,true],"woocommerce_single":["https:\/\/justvape.nu\/wp-content\/uploads\/2022\/06\/Untitled-3-2__13666.webp",500,500,false],"woocommerce_gallery_thumbnail":["https:\/\/justvape.nu\/wp-content\/uploads\/2022\/06\/Untitled-3-2__13666-100x100.webp",100,100,true],"dgwt-wcas-product-suggestion":["https:\/\/justvape.nu\/wp-content\/uploads\/2022\/06\/Untitled-3-2__13666-64x64.webp",64,64,true]},"uagb_author_info":{"display_name":"JustVape.nu","author_link":"https:\/\/justvape.nu\/sv\/author\/"},"uagb_comment_info":0,"uagb_excerpt":"LOST VAPE - URSA BABY POD KIT","_links":{"self":[{"href":"https:\/\/justvape.nu\/sv\/wp-json\/wp\/v2\/product\/445072","targetHints":{"allow":["GET"]}}],"collection":[{"href":"https:\/\/justvape.nu\/sv\/wp-json\/wp\/v2\/product"}],"about":[{"href":"https:\/\/justvape.nu\/sv\/wp-json\/wp\/v2\/types\/product"}],"replies":[{"embeddable":true,"href":"https:\/\/justvape.nu\/sv\/wp-json\/wp\/v2\/comments?post=445072"}],"wp:featuredmedia":[{"embeddable":true,"href":"https:\/\/justvape.nu\/sv\/wp-json\/wp\/v2\/media\/444667"}],"wp:attachment":[{"href":"https:\/\/justvape.nu\/sv\/wp-json\/wp\/v2\/media?parent=445072"}],"wp:term":[{"taxonomy":"product_brand","embeddable":true,"href":"https:\/\/justvape.nu\/sv\/wp-json\/wp\/v2\/product_brand?post=445072"},{"taxonomy":"product_cat","embeddable":true,"href":"https:\/\/justvape.nu\/sv\/wp-json\/wp\/v2\/product_cat?post=445072"},{"taxonomy":"product_tag","embeddable":true,"href":"https:\/\/justvape.nu\/sv\/wp-json\/wp\/v2\/product_tag?post=445072"}],"curies":[{"name":"wp","href":"https:\/\/api.w.org\/{rel}","templated":true}]}}