{"id":431120,"date":"2022-04-12T11:40:10","date_gmt":"2022-04-12T09:40:10","guid":{"rendered":"https:\/\/justvape.nu\/produkt\/uwell-popreel-n1-pods\/"},"modified":"2024-02-05T11:16:10","modified_gmt":"2024-02-05T10:16:10","slug":"uwell-popreel-n1-skida","status":"publish","type":"product","link":"https:\/\/justvape.nu\/sv\/produkt\/uwell-popreel-n1-skida\/","title":{"rendered":"UWELL POPREEL N1\/ YEARN NEAT 2 REPLACEMENT PODS"},"content":{"rendered":"<h2>UWELL POPREEL N1\/ YEARN NEAT 2 REPLACEMENT PODS<\/h2>\n<p>Popreel-ers\u00e4ttningskapslarna fr\u00e5n Uwell kommer med Uwell Pro-FOCS smaktestningsteknik f\u00f6r att s\u00e4kerst\u00e4lla perfekt smak vid varje bloss, 1,2 ohm Pods \u00e4r vad som kommer som standard med Popreel Pod-systemet medan 0,8 ohm \u00e4r vad som kommer med Neat 2 pod-satsen , kommer b\u00e5da poddarna att fungera med b\u00e5da enheterna.<br \/>\nEn magnetisk bas m\u00f6jligg\u00f6r ett snabbt och enkelt byte av kapseln och har sidofyllning f\u00f6r att g\u00f6ra fyllningen \u00e4nnu enklare.<\/p>\n<p><strong class=\"description-little-title\">Uwell Popreel N1 patronparametrar:<\/strong><\/p>\n<table class=\"description-table\">\n<tbody>\n<tr>\n<td class=\"strong-title \">varum\u00e4rke<\/td>\n<td class=\"inline\">Uwell<\/td>\n<\/tr>\n<tr>\n<td class=\"strong-title \">produktnamn<\/td>\n<td class=\"inline\">Popreel N1 Pod-kassett<\/td>\n<\/tr>\n<tr>\n<td class=\"strong-title \">Kapacitet<\/td>\n<td class=\"inline\">2 ml<\/td>\n<\/tr>\n<tr>\n<td class=\"strong-title \">Fyllning<\/td>\n<td class=\"inline\">Sidofyllning<\/td>\n<\/tr>\n<tr>\n<td class=\"strong-title \">Coil Type<\/td>\n<td class=\"inline\">FeCrAI UN2 Meshed-H 1,2\u03a9 Spole<\/td>\n<\/tr>\n<tr>\n<td class=\"strong-title \">Passar f\u00f6r<\/td>\n<td class=\"inline\">Uwell Popreel N1 Pod System Kit<\/td>\n<\/tr>\n<tr>\n<td class=\"strong-title \">Kvantitet<\/td>\n<td class=\"inline\">2 st\/f\u00f6rpackning<\/td>\n<\/tr>\n<\/tbody>\n<\/table>\n<p><strong class=\"description-little-title \">Paketet med Popreel N1 Pod kommer med:<\/strong><\/p>\n<p>1* Uwell Popreel N1 Pod Cartridge 2st\/f\u00f6rp<\/p>\n","protected":false},"excerpt":{"rendered":"<p>UWELL POPREEL N1\/ YEARN NEAT 2 REPLACEMENT PODS<\/p>\n","protected":false},"featured_media":431093,"comment_status":"open","ping_status":"closed","template":"","meta":{"_acf_changed":false,"_uag_custom_page_level_css":"","site-sidebar-layout":"default","site-content-layout":"default","ast-site-content-layout":"default","site-content-style":"default","site-sidebar-style":"default","ast-global-header-display":"","ast-banner-title-visibility":"","ast-main-header-display":"","ast-hfb-above-header-display":"","ast-hfb-below-header-display":"","ast-hfb-mobile-header-display":"","site-post-title":"","ast-breadcrumbs-content":"","ast-featured-img":"","footer-sml-layout":"","ast-disable-related-posts":"","theme-transparent-header-meta":"default","adv-header-id-meta":"","stick-header-meta":"default","header-above-stick-meta":"","header-main-stick-meta":"","header-below-stick-meta":"","astra-migrate-meta-layouts":"default","ast-page-background-enabled":"default","ast-page-background-meta":{"desktop":{"background-color":"","background-image":"","background-repeat":"repeat","background-position":"center center","background-size":"auto","background-attachment":"scroll","background-type":"","background-media":"","overlay-type":"","overlay-color":"","overlay-opacity":"","overlay-gradient":""},"tablet":{"background-color":"","background-image":"","background-repeat":"repeat","background-position":"center center","background-size":"auto","background-attachment":"scroll","background-type":"","background-media":"","overlay-type":"","overlay-color":"","overlay-opacity":"","overlay-gradient":""},"mobile":{"background-color":"","background-image":"","background-repeat":"repeat","background-position":"center center","background-size":"auto","background-attachment":"scroll","background-type":"","background-media":"","overlay-type":"","overlay-color":"","overlay-opacity":"","overlay-gradient":""}},"ast-content-background-meta":{"desktop":{"background-color":"var(--ast-global-color-5)","background-image":"","background-repeat":"repeat","background-position":"center center","background-size":"auto","background-attachment":"scroll","background-type":"","background-media":"","overlay-type":"","overlay-color":"","overlay-opacity":"","overlay-gradient":""},"tablet":{"background-color":"var(--ast-global-color-5)","background-image":"","background-repeat":"repeat","background-position":"center center","background-size":"auto","background-attachment":"scroll","background-type":"","background-media":"","overlay-type":"","overlay-color":"","overlay-opacity":"","overlay-gradient":""},"mobile":{"background-color":"var(--ast-global-color-5)","background-image":"","background-repeat":"repeat","background-position":"center center","background-size":"auto","background-attachment":"scroll","background-type":"","background-media":"","overlay-type":"","overlay-color":"","overlay-opacity":"","overlay-gradient":""}}},"product_brand":[],"product_cat":[2064,1984],"product_tag":[],"class_list":{"0":"post-431120","1":"product","2":"type-product","3":"status-publish","4":"has-post-thumbnail","6":"product_cat-spolar-pods","7":"product_cat-tankar-spolar","8":"desktop-align-center","9":"tablet-align-center","10":"mobile-align-center","11":"ast-product-gallery-layout-horizontal-slider","12":"ast-product-gallery-with-no-image","13":"ast-product-single-variable","14":"ast-product-tabs-layout-horizontal","16":"first","17":"instock","18":"sale","19":"taxable","20":"shipping-taxable","21":"purchasable","22":"product-type-variable"},"acf":[],"uagb_featured_image_src":{"full":["https:\/\/justvape.nu\/wp-content\/uploads\/2022\/04\/authentic-uwell-popreel-n1-replacement-pod-cartridge-2ml-un2-meshed-h-12ohm-coil-2-pcs-1.jpg",800,800,false],"thumbnail":["https:\/\/justvape.nu\/wp-content\/uploads\/2022\/04\/authentic-uwell-popreel-n1-replacement-pod-cartridge-2ml-un2-meshed-h-12ohm-coil-2-pcs-1-150x150.jpg",150,150,true],"medium":["https:\/\/justvape.nu\/wp-content\/uploads\/2022\/04\/authentic-uwell-popreel-n1-replacement-pod-cartridge-2ml-un2-meshed-h-12ohm-coil-2-pcs-1-300x300.jpg",300,300,true],"medium_large":["https:\/\/justvape.nu\/wp-content\/uploads\/2022\/04\/authentic-uwell-popreel-n1-replacement-pod-cartridge-2ml-un2-meshed-h-12ohm-coil-2-pcs-1-768x768.jpg",768,768,true],"large":["https:\/\/justvape.nu\/wp-content\/uploads\/2022\/04\/authentic-uwell-popreel-n1-replacement-pod-cartridge-2ml-un2-meshed-h-12ohm-coil-2-pcs-1.jpg",800,800,false],"1536x1536":["https:\/\/justvape.nu\/wp-content\/uploads\/2022\/04\/authentic-uwell-popreel-n1-replacement-pod-cartridge-2ml-un2-meshed-h-12ohm-coil-2-pcs-1.jpg",800,800,false],"2048x2048":["https:\/\/justvape.nu\/wp-content\/uploads\/2022\/04\/authentic-uwell-popreel-n1-replacement-pod-cartridge-2ml-un2-meshed-h-12ohm-coil-2-pcs-1.jpg",800,800,false],"woocommerce_thumbnail":["https:\/\/justvape.nu\/wp-content\/uploads\/2022\/04\/authentic-uwell-popreel-n1-replacement-pod-cartridge-2ml-un2-meshed-h-12ohm-coil-2-pcs-1-300x300.jpg",300,300,true],"woocommerce_single":["https:\/\/justvape.nu\/wp-content\/uploads\/2022\/04\/authentic-uwell-popreel-n1-replacement-pod-cartridge-2ml-un2-meshed-h-12ohm-coil-2-pcs-1-600x600.jpg",600,600,true],"woocommerce_gallery_thumbnail":["https:\/\/justvape.nu\/wp-content\/uploads\/2022\/04\/authentic-uwell-popreel-n1-replacement-pod-cartridge-2ml-un2-meshed-h-12ohm-coil-2-pcs-1-100x100.jpg",100,100,true],"dgwt-wcas-product-suggestion":["https:\/\/justvape.nu\/wp-content\/uploads\/2022\/04\/authentic-uwell-popreel-n1-replacement-pod-cartridge-2ml-un2-meshed-h-12ohm-coil-2-pcs-1-64x64.jpg",64,64,true]},"uagb_author_info":{"display_name":"JustVape.nu","author_link":"https:\/\/justvape.nu\/sv\/author\/"},"uagb_comment_info":0,"uagb_excerpt":"UWELL POPREEL N1\/ YEARN NEAT 2 REPLACEMENT PODS","_links":{"self":[{"href":"https:\/\/justvape.nu\/sv\/wp-json\/wp\/v2\/product\/431120","targetHints":{"allow":["GET"]}}],"collection":[{"href":"https:\/\/justvape.nu\/sv\/wp-json\/wp\/v2\/product"}],"about":[{"href":"https:\/\/justvape.nu\/sv\/wp-json\/wp\/v2\/types\/product"}],"replies":[{"embeddable":true,"href":"https:\/\/justvape.nu\/sv\/wp-json\/wp\/v2\/comments?post=431120"}],"wp:featuredmedia":[{"embeddable":true,"href":"https:\/\/justvape.nu\/sv\/wp-json\/wp\/v2\/media\/431093"}],"wp:attachment":[{"href":"https:\/\/justvape.nu\/sv\/wp-json\/wp\/v2\/media?parent=431120"}],"wp:term":[{"taxonomy":"product_brand","embeddable":true,"href":"https:\/\/justvape.nu\/sv\/wp-json\/wp\/v2\/product_brand?post=431120"},{"taxonomy":"product_cat","embeddable":true,"href":"https:\/\/justvape.nu\/sv\/wp-json\/wp\/v2\/product_cat?post=431120"},{"taxonomy":"product_tag","embeddable":true,"href":"https:\/\/justvape.nu\/sv\/wp-json\/wp\/v2\/product_tag?post=431120"}],"curies":[{"name":"wp","href":"https:\/\/api.w.org\/{rel}","templated":true}]}}