{"id":427571,"date":"2022-03-21T12:41:51","date_gmt":"2022-03-21T11:41:51","guid":{"rendered":"https:\/\/justvape.nu\/?post_type=product&#038;p=427571"},"modified":"2024-12-25T19:03:04","modified_gmt":"2024-12-25T18:03:04","slug":"hellvape-fat-rabbit-solo-rta-glass-4-5ml","status":"publish","type":"product","link":"https:\/\/justvape.nu\/sv\/produkt\/hellvape-fat-rabbit-solo-rta-glass-4-5ml\/","title":{"rendered":"HELLVAPE &#8211; FAT RABBIT SOLO RTA GLASS 5.5ML"},"content":{"rendered":"<h2>HELLVAPE &#8211; FAT RABBIT SOLO RTA GLASS 5.5ML<\/h2>\n<p>Denna produkt \u00e4r ett ers\u00e4ttningsglas speciellt designat f\u00f6r anv\u00e4ndning med Fat Rabbit Solo RTA och \u00e4r inte designat f\u00f6r anv\u00e4ndning med n\u00e5gon annan enhet.<\/p>\n<p><strong>F\u00f6rpackning:<\/strong><\/p>\n<p>1 x HELLVAPE &#8211; FAT RABBIT SOLO RTA GLASS 5,5ML<\/p>\n","protected":false},"excerpt":{"rendered":"<p>HELLVAPE &#8211; FAT RABBIT SOLO RTA GLASS 5.5ML<\/p>\n","protected":false},"featured_media":437614,"comment_status":"open","ping_status":"closed","template":"","meta":{"_acf_changed":false,"_uag_custom_page_level_css":"","site-sidebar-layout":"default","site-content-layout":"default","ast-site-content-layout":"default","site-content-style":"default","site-sidebar-style":"default","ast-global-header-display":"","ast-banner-title-visibility":"","ast-main-header-display":"","ast-hfb-above-header-display":"","ast-hfb-below-header-display":"","ast-hfb-mobile-header-display":"","site-post-title":"","ast-breadcrumbs-content":"","ast-featured-img":"","footer-sml-layout":"","ast-disable-related-posts":"","theme-transparent-header-meta":"default","adv-header-id-meta":"","stick-header-meta":"default","header-above-stick-meta":"","header-main-stick-meta":"","header-below-stick-meta":"","astra-migrate-meta-layouts":"default","ast-page-background-enabled":"default","ast-page-background-meta":{"desktop":{"background-color":"","background-image":"","background-repeat":"repeat","background-position":"center center","background-size":"auto","background-attachment":"scroll","background-type":"","background-media":"","overlay-type":"","overlay-color":"","overlay-opacity":"","overlay-gradient":""},"tablet":{"background-color":"","background-image":"","background-repeat":"repeat","background-position":"center center","background-size":"auto","background-attachment":"scroll","background-type":"","background-media":"","overlay-type":"","overlay-color":"","overlay-opacity":"","overlay-gradient":""},"mobile":{"background-color":"","background-image":"","background-repeat":"repeat","background-position":"center center","background-size":"auto","background-attachment":"scroll","background-type":"","background-media":"","overlay-type":"","overlay-color":"","overlay-opacity":"","overlay-gradient":""}},"ast-content-background-meta":{"desktop":{"background-color":"var(--ast-global-color-5)","background-image":"","background-repeat":"repeat","background-position":"center center","background-size":"auto","background-attachment":"scroll","background-type":"","background-media":"","overlay-type":"","overlay-color":"","overlay-opacity":"","overlay-gradient":""},"tablet":{"background-color":"var(--ast-global-color-5)","background-image":"","background-repeat":"repeat","background-position":"center center","background-size":"auto","background-attachment":"scroll","background-type":"","background-media":"","overlay-type":"","overlay-color":"","overlay-opacity":"","overlay-gradient":""},"mobile":{"background-color":"var(--ast-global-color-5)","background-image":"","background-repeat":"repeat","background-position":"center center","background-size":"auto","background-attachment":"scroll","background-type":"","background-media":"","overlay-type":"","overlay-color":"","overlay-opacity":"","overlay-gradient":""}}},"product_brand":[],"product_cat":[2024,1984],"product_tag":[],"class_list":{"0":"post-427571","1":"product","2":"type-product","3":"status-publish","4":"has-post-thumbnail","6":"product_cat-glas-adaptrar","7":"product_cat-tankar-spolar","8":"desktop-align-center","9":"tablet-align-center","10":"mobile-align-center","11":"ast-product-gallery-layout-horizontal-slider","12":"ast-product-gallery-with-no-image","13":"ast-product-tabs-layout-horizontal","15":"first","16":"instock","17":"sale","18":"taxable","19":"shipping-taxable","20":"purchasable","21":"product-type-simple"},"acf":[],"uagb_featured_image_src":{"full":["https:\/\/justvape.nu\/wp-content\/uploads\/2022\/03\/m-pro-2-glas-bubble_4798_0_4980_0.jpg",600,599,false],"thumbnail":["https:\/\/justvape.nu\/wp-content\/uploads\/2022\/03\/m-pro-2-glas-bubble_4798_0_4980_0-150x150.jpg",150,150,true],"medium":["https:\/\/justvape.nu\/wp-content\/uploads\/2022\/03\/m-pro-2-glas-bubble_4798_0_4980_0-300x300.jpg",300,300,true],"medium_large":["https:\/\/justvape.nu\/wp-content\/uploads\/2022\/03\/m-pro-2-glas-bubble_4798_0_4980_0.jpg",600,599,false],"large":["https:\/\/justvape.nu\/wp-content\/uploads\/2022\/03\/m-pro-2-glas-bubble_4798_0_4980_0.jpg",600,599,false],"1536x1536":["https:\/\/justvape.nu\/wp-content\/uploads\/2022\/03\/m-pro-2-glas-bubble_4798_0_4980_0.jpg",600,599,false],"2048x2048":["https:\/\/justvape.nu\/wp-content\/uploads\/2022\/03\/m-pro-2-glas-bubble_4798_0_4980_0.jpg",600,599,false],"woocommerce_thumbnail":["https:\/\/justvape.nu\/wp-content\/uploads\/2022\/03\/m-pro-2-glas-bubble_4798_0_4980_0-300x300.jpg",300,300,true],"woocommerce_single":["https:\/\/justvape.nu\/wp-content\/uploads\/2022\/03\/m-pro-2-glas-bubble_4798_0_4980_0.jpg",600,599,false],"woocommerce_gallery_thumbnail":["https:\/\/justvape.nu\/wp-content\/uploads\/2022\/03\/m-pro-2-glas-bubble_4798_0_4980_0-100x100.jpg",100,100,true],"dgwt-wcas-product-suggestion":["https:\/\/justvape.nu\/wp-content\/uploads\/2022\/03\/m-pro-2-glas-bubble_4798_0_4980_0-64x64.jpg",64,64,true]},"uagb_author_info":{"display_name":"JustVape.nu","author_link":"https:\/\/justvape.nu\/sv\/author\/"},"uagb_comment_info":0,"uagb_excerpt":"HELLVAPE - FAT RABBIT SOLO RTA GLASS 5.5ML","_links":{"self":[{"href":"https:\/\/justvape.nu\/sv\/wp-json\/wp\/v2\/product\/427571","targetHints":{"allow":["GET"]}}],"collection":[{"href":"https:\/\/justvape.nu\/sv\/wp-json\/wp\/v2\/product"}],"about":[{"href":"https:\/\/justvape.nu\/sv\/wp-json\/wp\/v2\/types\/product"}],"replies":[{"embeddable":true,"href":"https:\/\/justvape.nu\/sv\/wp-json\/wp\/v2\/comments?post=427571"}],"wp:featuredmedia":[{"embeddable":true,"href":"https:\/\/justvape.nu\/sv\/wp-json\/wp\/v2\/media\/437614"}],"wp:attachment":[{"href":"https:\/\/justvape.nu\/sv\/wp-json\/wp\/v2\/media?parent=427571"}],"wp:term":[{"taxonomy":"product_brand","embeddable":true,"href":"https:\/\/justvape.nu\/sv\/wp-json\/wp\/v2\/product_brand?post=427571"},{"taxonomy":"product_cat","embeddable":true,"href":"https:\/\/justvape.nu\/sv\/wp-json\/wp\/v2\/product_cat?post=427571"},{"taxonomy":"product_tag","embeddable":true,"href":"https:\/\/justvape.nu\/sv\/wp-json\/wp\/v2\/product_tag?post=427571"}],"curies":[{"name":"wp","href":"https:\/\/api.w.org\/{rel}","templated":true}]}}