{"id":416274,"date":"2021-12-29T15:21:00","date_gmt":"2021-12-29T14:21:00","guid":{"rendered":"https:\/\/justvape.nu\/produkt\/horizontech-durandal-replacement-pod\/"},"modified":"2021-12-29T18:25:03","modified_gmt":"2021-12-29T17:25:03","slug":"horizontech-durandal-ersattnings-pod","status":"publish","type":"product","link":"https:\/\/justvape.nu\/sv\/produkt\/horizontech-durandal-ersattnings-pod\/","title":{"rendered":"Horizontech &#8211; Durandal Replacement Pod"},"content":{"rendered":"<h2>Horizontech &#8211; Durandal Replacement Pod<\/h2>\n<p>En enda, tom ers\u00e4ttningsdosa f\u00f6r Durandal Kit fr\u00e5n HorizonTech. Durandal Pod har en kapacitet p\u00e5 4 ml e-v\u00e4tska och har toppfyllning och toppluftfl\u00f6deskontroll f\u00f6r att undvika l\u00e4ckage. Den \u00e4r kompatibel med Durandal Mesh Coils, som finns i olika resistanser f\u00f6r att matcha dina behov.<\/p>\n<h2>PARAMETRAR:<\/h2>\n<ul>\n<li>E-Juice Kapacitet: 4mL<\/li>\n<li>Pod Material: PCTG<\/li>\n<li>Fyllningstyp: Top-Fill<\/li>\n<li>Laddning: Typ-C<\/li>\n<li><strong>Spolar ing\u00e5r ej.<\/strong><\/li>\n<\/ul>\n","protected":false},"excerpt":{"rendered":"<p>Horizontech &#8211; Durandal Replacement Pod<\/p>\n","protected":false},"featured_media":415745,"comment_status":"open","ping_status":"closed","template":"","meta":{"_acf_changed":false,"_uag_custom_page_level_css":"","site-sidebar-layout":"default","site-content-layout":"default","ast-site-content-layout":"default","site-content-style":"default","site-sidebar-style":"default","ast-global-header-display":"","ast-banner-title-visibility":"","ast-main-header-display":"","ast-hfb-above-header-display":"","ast-hfb-below-header-display":"","ast-hfb-mobile-header-display":"","site-post-title":"","ast-breadcrumbs-content":"","ast-featured-img":"","footer-sml-layout":"","ast-disable-related-posts":"","theme-transparent-header-meta":"default","adv-header-id-meta":"","stick-header-meta":"default","header-above-stick-meta":"","header-main-stick-meta":"","header-below-stick-meta":"","astra-migrate-meta-layouts":"default","ast-page-background-enabled":"default","ast-page-background-meta":{"desktop":{"background-color":"","background-image":"","background-repeat":"repeat","background-position":"center center","background-size":"auto","background-attachment":"scroll","background-type":"","background-media":"","overlay-type":"","overlay-color":"","overlay-opacity":"","overlay-gradient":""},"tablet":{"background-color":"","background-image":"","background-repeat":"repeat","background-position":"center center","background-size":"auto","background-attachment":"scroll","background-type":"","background-media":"","overlay-type":"","overlay-color":"","overlay-opacity":"","overlay-gradient":""},"mobile":{"background-color":"","background-image":"","background-repeat":"repeat","background-position":"center center","background-size":"auto","background-attachment":"scroll","background-type":"","background-media":"","overlay-type":"","overlay-color":"","overlay-opacity":"","overlay-gradient":""}},"ast-content-background-meta":{"desktop":{"background-color":"var(--ast-global-color-5)","background-image":"","background-repeat":"repeat","background-position":"center center","background-size":"auto","background-attachment":"scroll","background-type":"","background-media":"","overlay-type":"","overlay-color":"","overlay-opacity":"","overlay-gradient":""},"tablet":{"background-color":"var(--ast-global-color-5)","background-image":"","background-repeat":"repeat","background-position":"center center","background-size":"auto","background-attachment":"scroll","background-type":"","background-media":"","overlay-type":"","overlay-color":"","overlay-opacity":"","overlay-gradient":""},"mobile":{"background-color":"var(--ast-global-color-5)","background-image":"","background-repeat":"repeat","background-position":"center center","background-size":"auto","background-attachment":"scroll","background-type":"","background-media":"","overlay-type":"","overlay-color":"","overlay-opacity":"","overlay-gradient":""}}},"product_brand":[],"product_cat":[1974,2064,1984],"product_tag":[],"class_list":{"0":"post-416274","1":"product","2":"type-product","3":"status-publish","4":"has-post-thumbnail","6":"product_cat-erbjudanden","7":"product_cat-spolar-pods","8":"product_cat-tankar-spolar","9":"desktop-align-center","10":"tablet-align-center","11":"mobile-align-center","12":"ast-product-gallery-layout-horizontal-slider","13":"ast-product-gallery-with-no-image","14":"ast-product-tabs-layout-horizontal","16":"first","17":"instock","18":"sale","19":"taxable","20":"shipping-taxable","21":"purchasable","22":"product-type-simple"},"acf":[],"uagb_featured_image_src":{"full":["https:\/\/justvape.nu\/wp-content\/uploads\/2021\/12\/authentic-horizontech-durandal-replacement-pod-cartridge-40ml-1-pc.jpg",800,800,false],"thumbnail":["https:\/\/justvape.nu\/wp-content\/uploads\/2021\/12\/authentic-horizontech-durandal-replacement-pod-cartridge-40ml-1-pc-150x150.jpg",150,150,true],"medium":["https:\/\/justvape.nu\/wp-content\/uploads\/2021\/12\/authentic-horizontech-durandal-replacement-pod-cartridge-40ml-1-pc-300x300.jpg",300,300,true],"medium_large":["https:\/\/justvape.nu\/wp-content\/uploads\/2021\/12\/authentic-horizontech-durandal-replacement-pod-cartridge-40ml-1-pc-768x768.jpg",768,768,true],"large":["https:\/\/justvape.nu\/wp-content\/uploads\/2021\/12\/authentic-horizontech-durandal-replacement-pod-cartridge-40ml-1-pc.jpg",800,800,false],"1536x1536":["https:\/\/justvape.nu\/wp-content\/uploads\/2021\/12\/authentic-horizontech-durandal-replacement-pod-cartridge-40ml-1-pc.jpg",800,800,false],"2048x2048":["https:\/\/justvape.nu\/wp-content\/uploads\/2021\/12\/authentic-horizontech-durandal-replacement-pod-cartridge-40ml-1-pc.jpg",800,800,false],"woocommerce_thumbnail":["https:\/\/justvape.nu\/wp-content\/uploads\/2021\/12\/authentic-horizontech-durandal-replacement-pod-cartridge-40ml-1-pc-300x300.jpg",300,300,true],"woocommerce_single":["https:\/\/justvape.nu\/wp-content\/uploads\/2021\/12\/authentic-horizontech-durandal-replacement-pod-cartridge-40ml-1-pc-600x600.jpg",600,600,true],"woocommerce_gallery_thumbnail":["https:\/\/justvape.nu\/wp-content\/uploads\/2021\/12\/authentic-horizontech-durandal-replacement-pod-cartridge-40ml-1-pc-100x100.jpg",100,100,true],"dgwt-wcas-product-suggestion":["https:\/\/justvape.nu\/wp-content\/uploads\/2021\/12\/authentic-horizontech-durandal-replacement-pod-cartridge-40ml-1-pc-64x64.jpg",64,64,true]},"uagb_author_info":{"display_name":"JustVape.nu","author_link":"https:\/\/justvape.nu\/sv\/author\/"},"uagb_comment_info":0,"uagb_excerpt":"Horizontech - Durandal Replacement Pod","_links":{"self":[{"href":"https:\/\/justvape.nu\/sv\/wp-json\/wp\/v2\/product\/416274","targetHints":{"allow":["GET"]}}],"collection":[{"href":"https:\/\/justvape.nu\/sv\/wp-json\/wp\/v2\/product"}],"about":[{"href":"https:\/\/justvape.nu\/sv\/wp-json\/wp\/v2\/types\/product"}],"replies":[{"embeddable":true,"href":"https:\/\/justvape.nu\/sv\/wp-json\/wp\/v2\/comments?post=416274"}],"wp:featuredmedia":[{"embeddable":true,"href":"https:\/\/justvape.nu\/sv\/wp-json\/wp\/v2\/media\/415745"}],"wp:attachment":[{"href":"https:\/\/justvape.nu\/sv\/wp-json\/wp\/v2\/media?parent=416274"}],"wp:term":[{"taxonomy":"product_brand","embeddable":true,"href":"https:\/\/justvape.nu\/sv\/wp-json\/wp\/v2\/product_brand?post=416274"},{"taxonomy":"product_cat","embeddable":true,"href":"https:\/\/justvape.nu\/sv\/wp-json\/wp\/v2\/product_cat?post=416274"},{"taxonomy":"product_tag","embeddable":true,"href":"https:\/\/justvape.nu\/sv\/wp-json\/wp\/v2\/product_tag?post=416274"}],"curies":[{"name":"wp","href":"https:\/\/api.w.org\/{rel}","templated":true}]}}