{"id":412807,"date":"2021-12-05T16:34:23","date_gmt":"2021-12-05T15:34:23","guid":{"rendered":"https:\/\/justvape.nu\/produkt\/aspire-flexus-q-pod-cartridge\/"},"modified":"2023-06-11T00:30:23","modified_gmt":"2023-06-10T22:30:23","slug":"aspire-flexus-q-pod-cartridge-2","status":"publish","type":"product","link":"https:\/\/justvape.nu\/sv\/produkt\/aspire-flexus-q-pod-cartridge-2\/","title":{"rendered":"Aspire &#8211; Flexus Q Pod Cartridge"},"content":{"rendered":"<h2>Aspire &#8211; Flexus Q Pod Cartridge<\/h2>\n<div class=\"description\">\n<p>Aspire Flexus Q pod \u00e4r den l\u00e4ttanv\u00e4nda ers\u00e4ttningen som passar ditt Flexus Q vape-kit. Den kan rymma upp till 2 ml e-v\u00e4tska och eftersom den \u00e4r kompatibel med de tv\u00e5 spolarna fr\u00e5n Aspire Flexus-serien kommer du att uppleva en MTL (Mouth To Lung) vapingstil. B\u00e5da spolarna s\u00e4ljs separat och efterliknar inandningen av en cigarett, vilket skapar en mer diskret m\u00e4ngd \u00e5nga.<\/p>\n<p><strong>Funktioner:<\/strong><\/p>\n<ul>\n<li>P\u00e5fyllningsbar 2ml pod<\/li>\n<li>MTL Vaping<\/li>\n<li>Aspire Flexus Coil kompatibel<\/li>\n<li>Sidofyllning<\/li>\n<li>St\u00f6der 50\/50 &amp; High PG E-Liquid<\/li>\n<\/ul>\n<p>F\u00f6r att fylla p\u00e5 din Flexus Q pod, ta helt enkelt bort silikonpluggen fr\u00e5n sidan och du kommer att kunna fylla med upp till 2 ml e-v\u00e4tska. 0,6 Ohm-spolen skapar lite mer \u00e5nga \u00e4n 1,0 Ohm-versionen, men b\u00e5da kommer att ge en f\u00f6rb\u00e4ttrad smak tack vare sin mesh-konstruktion. F\u00f6r b\u00e4sta resultat rekommenderar vi att du anv\u00e4nder en e-v\u00e4tska med 50\/50 eller h\u00f6g PG-koncentration oavsett vilken spole du v\u00e4ljer.<\/p>\n<\/div>\n<div id=\"shopify-product-reviews\" data-id=\"6665109471334\"><\/div>\n","protected":false},"excerpt":{"rendered":"<p>Aspire &#8211; Flexus Q Pod Cartridge<\/p>\n","protected":false},"featured_media":411770,"comment_status":"open","ping_status":"closed","template":"","meta":{"_acf_changed":false,"_uag_custom_page_level_css":"","site-sidebar-layout":"default","site-content-layout":"default","ast-site-content-layout":"default","site-content-style":"default","site-sidebar-style":"default","ast-global-header-display":"","ast-banner-title-visibility":"","ast-main-header-display":"","ast-hfb-above-header-display":"","ast-hfb-below-header-display":"","ast-hfb-mobile-header-display":"","site-post-title":"","ast-breadcrumbs-content":"","ast-featured-img":"","footer-sml-layout":"","ast-disable-related-posts":"","theme-transparent-header-meta":"default","adv-header-id-meta":"","stick-header-meta":"default","header-above-stick-meta":"","header-main-stick-meta":"","header-below-stick-meta":"","astra-migrate-meta-layouts":"default","ast-page-background-enabled":"default","ast-page-background-meta":{"desktop":{"background-color":"","background-image":"","background-repeat":"repeat","background-position":"center center","background-size":"auto","background-attachment":"scroll","background-type":"","background-media":"","overlay-type":"","overlay-color":"","overlay-opacity":"","overlay-gradient":""},"tablet":{"background-color":"","background-image":"","background-repeat":"repeat","background-position":"center center","background-size":"auto","background-attachment":"scroll","background-type":"","background-media":"","overlay-type":"","overlay-color":"","overlay-opacity":"","overlay-gradient":""},"mobile":{"background-color":"","background-image":"","background-repeat":"repeat","background-position":"center center","background-size":"auto","background-attachment":"scroll","background-type":"","background-media":"","overlay-type":"","overlay-color":"","overlay-opacity":"","overlay-gradient":""}},"ast-content-background-meta":{"desktop":{"background-color":"var(--ast-global-color-5)","background-image":"","background-repeat":"repeat","background-position":"center center","background-size":"auto","background-attachment":"scroll","background-type":"","background-media":"","overlay-type":"","overlay-color":"","overlay-opacity":"","overlay-gradient":""},"tablet":{"background-color":"var(--ast-global-color-5)","background-image":"","background-repeat":"repeat","background-position":"center center","background-size":"auto","background-attachment":"scroll","background-type":"","background-media":"","overlay-type":"","overlay-color":"","overlay-opacity":"","overlay-gradient":""},"mobile":{"background-color":"var(--ast-global-color-5)","background-image":"","background-repeat":"repeat","background-position":"center center","background-size":"auto","background-attachment":"scroll","background-type":"","background-media":"","overlay-type":"","overlay-color":"","overlay-opacity":"","overlay-gradient":""}}},"product_brand":[],"product_cat":[2064,1984],"product_tag":[],"class_list":{"0":"post-412807","1":"product","2":"type-product","3":"status-publish","4":"has-post-thumbnail","6":"product_cat-spolar-pods","7":"product_cat-tankar-spolar","8":"desktop-align-center","9":"tablet-align-center","10":"mobile-align-center","11":"ast-product-gallery-layout-horizontal-slider","12":"ast-product-gallery-with-no-image","13":"ast-product-tabs-layout-horizontal","15":"first","16":"instock","17":"sale","18":"taxable","19":"shipping-taxable","20":"purchasable","21":"product-type-simple"},"acf":[],"uagb_featured_image_src":{"full":["https:\/\/justvape.nu\/wp-content\/uploads\/2021\/12\/0001_1_2_1024x.jpg",800,800,false],"thumbnail":["https:\/\/justvape.nu\/wp-content\/uploads\/2021\/12\/0001_1_2_1024x-150x150.jpg",150,150,true],"medium":["https:\/\/justvape.nu\/wp-content\/uploads\/2021\/12\/0001_1_2_1024x-300x300.jpg",300,300,true],"medium_large":["https:\/\/justvape.nu\/wp-content\/uploads\/2021\/12\/0001_1_2_1024x-768x768.jpg",768,768,true],"large":["https:\/\/justvape.nu\/wp-content\/uploads\/2021\/12\/0001_1_2_1024x.jpg",800,800,false],"1536x1536":["https:\/\/justvape.nu\/wp-content\/uploads\/2021\/12\/0001_1_2_1024x.jpg",800,800,false],"2048x2048":["https:\/\/justvape.nu\/wp-content\/uploads\/2021\/12\/0001_1_2_1024x.jpg",800,800,false],"woocommerce_thumbnail":["https:\/\/justvape.nu\/wp-content\/uploads\/2021\/12\/0001_1_2_1024x-300x300.jpg",300,300,true],"woocommerce_single":["https:\/\/justvape.nu\/wp-content\/uploads\/2021\/12\/0001_1_2_1024x-600x600.jpg",600,600,true],"woocommerce_gallery_thumbnail":["https:\/\/justvape.nu\/wp-content\/uploads\/2021\/12\/0001_1_2_1024x-100x100.jpg",100,100,true],"dgwt-wcas-product-suggestion":["https:\/\/justvape.nu\/wp-content\/uploads\/2021\/12\/0001_1_2_1024x-64x64.jpg",64,64,true]},"uagb_author_info":{"display_name":"JustVape.nu","author_link":"https:\/\/justvape.nu\/sv\/author\/"},"uagb_comment_info":0,"uagb_excerpt":"Aspire - Flexus Q Pod Cartridge","_links":{"self":[{"href":"https:\/\/justvape.nu\/sv\/wp-json\/wp\/v2\/product\/412807","targetHints":{"allow":["GET"]}}],"collection":[{"href":"https:\/\/justvape.nu\/sv\/wp-json\/wp\/v2\/product"}],"about":[{"href":"https:\/\/justvape.nu\/sv\/wp-json\/wp\/v2\/types\/product"}],"replies":[{"embeddable":true,"href":"https:\/\/justvape.nu\/sv\/wp-json\/wp\/v2\/comments?post=412807"}],"wp:featuredmedia":[{"embeddable":true,"href":"https:\/\/justvape.nu\/sv\/wp-json\/wp\/v2\/media\/411770"}],"wp:attachment":[{"href":"https:\/\/justvape.nu\/sv\/wp-json\/wp\/v2\/media?parent=412807"}],"wp:term":[{"taxonomy":"product_brand","embeddable":true,"href":"https:\/\/justvape.nu\/sv\/wp-json\/wp\/v2\/product_brand?post=412807"},{"taxonomy":"product_cat","embeddable":true,"href":"https:\/\/justvape.nu\/sv\/wp-json\/wp\/v2\/product_cat?post=412807"},{"taxonomy":"product_tag","embeddable":true,"href":"https:\/\/justvape.nu\/sv\/wp-json\/wp\/v2\/product_tag?post=412807"}],"curies":[{"name":"wp","href":"https:\/\/api.w.org\/{rel}","templated":true}]}}